{"id":14752,"date":"2024-09-20T08:45:57","date_gmt":"2024-09-20T08:45:57","guid":{"rendered":"https:\/\/travelshelper.com\/staging\/?page_id=14752"},"modified":"2026-03-11T18:13:30","modified_gmt":"2026-03-11T18:13:30","slug":"trablus","status":"publish","type":"page","link":"https:\/\/travelshelper.com\/tr\/destinations\/asia\/lebanon\/tripoli\/","title":{"rendered":"Trablus"},"content":{"rendered":"<p>Trablus, Beyrut&#039;un seksen bir kilometre kuzeyinde, do\u011fu Akdeniz&#039;e bakan kayal\u0131k bir burunda yer al\u0131r. L\u00fcbnan&#039;\u0131n ikinci b\u00fcy\u00fck \u015fehri ve Kuzey Valili\u011fi&#039;nin ba\u015fkenti olarak \u00fclkenin en kuzeydeki liman\u0131n\u0131 i\u015faret eder. Y\u00fczy\u0131llar boyunca imparatorluklar\u0131n ve inan\u00e7lar\u0131n kav\u015fa\u011f\u0131 olarak hizmet etmi\u015f, kentsel dokusu Fenikeli denizcilere, Yunan yerle\u015fimcilere, Ha\u00e7l\u0131 \u015f\u00f6valyelerine, Meml\u00fck valilerine ve Osmanl\u0131 y\u00f6neticilerine tan\u0131kl\u0131k etmi\u015ftir. Her medeniyet, ard\u0131\u015f\u0131k katmanlarda ta\u015f ve hikayeyi i\u00e7 i\u00e7e ge\u00e7irerek hem sil\u00fcetini hem de toplumsal hatlar\u0131n\u0131 \u015fekillendirmi\u015ftir.<\/p>\n\n\n\n<p>Kaydedilen en eski isim olan Athar, M\u00d6 14. y\u00fczy\u0131la ait Fenike y\u0131ll\u0131klar\u0131nda g\u00f6r\u00fcn\u00fcr. Bunu takip eden Yunan s\u00f6m\u00fcrgeciler, ona Tripolis ad\u0131n\u0131 verdiler -kelimenin tam anlam\u0131yla &#034;\u00fc\u00e7 \u015fehir&#034;- ve buradan modern Arap\u00e7a \u1e6car\u0101bulus geldi. Arap d\u00fcnyas\u0131nda, onu Libyal\u0131 isim babas\u0131ndan ay\u0131rt etmek i\u00e7in &#034;Levant&#039;\u0131n&#034; anlam\u0131na gelen ash-Sh\u0101m nitelemesini kazand\u0131. Ha\u00e7l\u0131 y\u00f6netimi alt\u0131nda, Raymond de Saint-Gilles, 1102&#039;de ilk kaleyi in\u015fa etti ve ona Mont P\u00e8lerin ad\u0131n\u0131 verdi. Kale 1289&#039;da yand\u0131 ve Emir Essendemir Kurgi d\u00f6neminde 1307-08&#039;de yeniden in\u015fa edildi. Kanuni Sultan S\u00fcleyman taraf\u0131ndan yaz\u0131lan devasa kap\u0131s\u0131, daha sonraki Osmanl\u0131 restorasyonuna tan\u0131kl\u0131k ediyor; Vali Mustafa A\u011fa Barbar y\u00f6netiminde 19. y\u00fczy\u0131l\u0131n ba\u015flar\u0131nda yap\u0131lan bir ba\u015fka sefer, surlar\u0131n\u0131 ve odalar\u0131n\u0131 g\u00fc\u00e7lendirdi.<\/p>\n\n\n\n<p>Trablus&#039;un Eski \u015eehri, Meml\u00fck yenileyicilerinin izlerini koruyor. Ku\u015fatma makinelerini cayd\u0131rmak i\u00e7in daralan sokaklar; tonozlu k\u00f6pr\u00fcler y\u00fcksek duvarl\u0131 sokaklar\u0131 kapl\u0131yor; gizli mazgal delikleri bir zamanlar n\u00f6bet\u00e7ileri bar\u0131nd\u0131r\u0131yordu. Dolamba\u00e7l\u0131 sokaklar\u0131n etraf\u0131nda pazarlar ve kervansaraylar, bir zamanlar Halep veya \u015eam&#039;a giden t\u00fcccarlara ev sahipli\u011fi yapan hanlar bulunuyor. Bu sokaklar\u0131n i\u00e7inde zanaatkarlar as\u0131rlard\u0131r devam eden ticaretlerini s\u00fcrd\u00fcr\u00fcyorlar: sabun \u00fcreticileri zeytinya\u011f\u0131n\u0131 sert somunlara bast\u0131r\u0131yor; bak\u0131rc\u0131lar tepsi \u00e7eki\u00e7liyor; marangozlar kakmal\u0131 kutular oyuyor. \u00d6l\u00e7\u00fcl\u00fc ezan sesleri ve Maruni ve Ortodoks kiliselerinin \u00e7anlar\u0131yla birlikte yerel bir u\u011fultu duyuluyor.<\/p>\n\n\n\n<p>Meml\u00fck d\u00f6neminin dini mimarisi de varl\u0131\u011f\u0131n\u0131 s\u00fcrd\u00fcr\u00fcyor. Mansouri Ulu Camii, bir dizi kentsel hamam ve yak\u0131ndaki Medrese al-Uthmaniyya, d\u00f6nemin i\u015flev ve s\u00fcsleme etkile\u015fimini g\u00f6steriyor. Be\u015f hamam ayakta kalm\u0131\u015f: Abed, Izz El-Din, Hajeb, Cedid ve sonuncusu 1333&#039;te B\u00fcy\u00fck Cami yak\u0131n\u0131nda vali Nur El-Din taraf\u0131ndan kurulan An-Nouri. \u0130bn Battuta 1355&#039;te ziyaret etti\u011finde, su kanall\u0131 bah\u00e7elerin ortas\u0131nda &#034;g\u00fczel hamamlar&#034; oldu\u011funu belirtmi\u015f; bu tan\u0131m, bu serin, kubbeli odalarda hala yank\u0131lan\u0131yor.<\/p>\n\n\n\n<p>Eski \u015eehir&#039;den k\u0131sa bir y\u00fcr\u00fcy\u00fc\u015f mesafesinde, Sultan II. Abd\u00fclhamid&#039;in saltanat\u0131n\u0131n otuzuncu y\u0131l d\u00f6n\u00fcm\u00fcn\u00fc kutlamak i\u00e7in 1906&#039;da in\u015fa edilen Al-Tell meydan\u0131 ve Saat Kulesi yer al\u0131r. Osmanl\u0131 saray\u0131 taraf\u0131ndan hediye edilen bu yap\u0131n\u0131n d\u00f6rt y\u00fcz\u00fc, 1992&#039;deki yenilemeyle mekanizmalar\u0131 restore edildikten sonra hala zaman\u0131 g\u00f6steriyor. Yak\u0131nlarda, d\u00f6rt belirgin \u00e7a\u011fdan etkilenen kumta\u015f\u0131 duvarlar\u0131yla Kale n\u00f6bet tutuyor.<\/p>\n\n\n\n<p>A\u00e7\u0131k denizde, d\u00f6rtl\u00fc adac\u0131k -Palmiye Adalar\u0131- bir do\u011fa rezervi olu\u015fturur. Yerel olarak Tav\u015fan Adas\u0131 olarak bilinen en b\u00fcy\u00fc\u011f\u00fc yakla\u015f\u0131k yirmi hektarl\u0131k bir alan\u0131 kaplar. Frans\u0131z Mandas\u0131 alt\u0131nda getirilen Avrupa tav\u015fanlar\u0131 bir zamanlar kumlar\u0131nda otlad\u0131; bug\u00fcn nesli t\u00fckenmekte olan caretta caretta kaplumba\u011falar\u0131na, nadir ke\u015fi\u015f foklar\u0131na ve g\u00f6\u00e7men ku\u015flara s\u0131\u011f\u0131nak sunmaktad\u0131r. 1973&#039;teki kaz\u0131lar, k\u0131y\u0131 \u015feridindeki ye\u015filli\u011fi y\u00fczy\u0131llard\u0131r var olan insan varl\u0131\u011f\u0131na ba\u011flayan Ha\u00e7l\u0131 d\u00f6nemi konutlar\u0131n\u0131 ortaya \u00e7\u0131kard\u0131. UNESCO, 1992&#039;de adalar\u0131 koruma alt\u0131na ald\u0131 ve hem vah\u015fi ya\u015fam\u0131 hem de miras\u0131 korumak i\u00e7in yang\u0131nlar\u0131 veya kamp yapmay\u0131 yasaklad\u0131.<\/p>\n\n\n\n<p>Tav\u015fan Adas\u0131&#039;n\u0131n \u00f6tesinde, bir zamanlar Osmanl\u0131 y\u00f6netimi alt\u0131nda Adel ve Khiereddine Abdulwahab&#039;a tersane olarak kiralanm\u0131\u015f ve hala denizcilik m\u00fcteahhitlerine hizmet veren Bakar Adalar\u0131 yer al\u0131r. Bat\u0131da, Ramkin Adas\u0131 dik kire\u00e7ta\u015f\u0131 kayal\u0131klar\u0131yla desteklenen geni\u015f, kumlu bir plaj sunar. Bu adalar birlikte, Trablus&#039;un liman b\u00f6lgesi El Mina&#039;y\u0131 \u00e7er\u00e7eveler ve bu b\u00f6lge, biti\u015fik bir k\u0131y\u0131 yerle\u015fim birimi olu\u015fturmak i\u00e7in uygun \u015fehirle birle\u015fir.<\/p>\n\n\n\n<p>\u015eehrin demografik yap\u0131s\u0131 L\u00fcbnan&#039;\u0131n daha geni\u015f mozai\u011fini yans\u0131t\u0131yor. 2014&#039;te kay\u0131tl\u0131 se\u00e7menlerin &#039;sinden fazlas\u0131 M\u00fcsl\u00fcmand\u0131 ve bunlar\u0131n yakla\u015f\u0131k &#039;si S\u00fcnni, %8,7&#039;si ise Alevi olarak tan\u0131mlan\u0131yordu; Hristiyanlar ise sadece %7&#039;nin biraz \u00fczerindeydi. Bug\u00fcn, Hristiyanlar (Rum Ortodoks, Maruni, Melkit, S\u00fcryani ve Ermeni) kentsel n\u00fcfusun %5&#039;inden az\u0131n\u0131 olu\u015fturuyor. Bab al-Tabbaneh gibi S\u00fcnni mahalleleri, Alevi \u00e7o\u011funluklu Jabal Mohsen&#039;e tehlikeli bir \u015fekilde yak\u0131n ve kom\u015fu Suriye&#039;deki \u00e7at\u0131\u015fmalar benzer ba\u011fl\u0131l\u0131klar\u0131 \u00e7ekti\u011finden 2011&#039;den beri gerginlikler tekrar tekrar alevlendi. Bu \u00e7at\u0131\u015fmalar Trablus&#039;un istikrar\u0131n\u0131 baltalad\u0131 ve uzun s\u00fcredir zengin t\u00fcccarlar ile dezavantajl\u0131 mahalleler aras\u0131nda b\u00f6l\u00fcnm\u00fc\u015f bir \u015fehirde ekonomik zorluklar\u0131 art\u0131rd\u0131.<\/p>\n\n\n\n<p>Trablus&#039;un iklimi a\u015f\u0131r\u0131l\u0131klar\u0131 yumu\u015fat\u0131r. K\u0131\u015f ya\u011fmurlar\u0131 Aral\u0131k ve Mart aylar\u0131 aras\u0131nda d\u00fc\u015ferken, yazlar kurak kal\u0131r. Yak\u0131ndaki deniz ak\u0131nt\u0131s\u0131, i\u00e7 vadilere k\u0131yasla k\u0131\u015f d\u00fc\u015f\u00fcklerini yakla\u015f\u0131k on santigrat derece kadar yumu\u015fat\u0131r; yaz\u0131n, k\u0131y\u0131 esintileri s\u0131cakl\u0131klar\u0131 yakla\u015f\u0131k yedi derece d\u00fc\u015f\u00fcr\u00fcr. Kar ya\u011f\u0131\u015f\u0131 \u015fehri en fazla on y\u0131lda bir s\u00fcsleyebilir, ancak k\u0131\u015f dolu f\u0131rt\u0131nalar\u0131 bir miktar d\u00fczenli olarak meydana gelir.<\/p>\n\n\n\n<p>\u015eehir i\u00e7inde, dini \u00e7e\u015fitlilik mimari bir ifade bulur. Mansouri Camii ve orta\u00e7a\u011f hamamlar\u0131n\u0131n \u00f6tesinde, \u00e7e\u015fitli eski d\u00f6nemlere ait iki d\u00fczine cami bulunur: Taynal Camii, Arghoun Shah ve Al-Attar gibi Meml\u00fck yap\u0131lar\u0131; Abou Bakr Al-Siddeeq ve Al-Rahma gibi Osmanl\u0131 vak\u0131flar\u0131; ve eski \u015fehrin kenar\u0131ndaki g\u00f6rkemli Omar Ibn El-Khattab. Hristiyan simgeleri aras\u0131nda Saint Michael Katedrali (Maruni), St Elie (Yunan Ortodoks), St Ephrem (S\u00fcryani Ortodoks), St Francis (Roma Katolik), St Georges (Melkit), Saint Hokekalousd (Ermeni Ortodoks), Our Lady of the Annunciation (Melkit) ve Trablus Ulusal Evanjelik Kilisesi bulunur.<\/p>\n\n\n\n<p>Modern bir m\u00fcdahale olan Rachid Karami Uluslararas\u0131 Fuar Alan\u0131, \u015fehrin g\u00fcney yakla\u015f\u0131m\u0131nda duruyor. 1962&#039;de Brezilyal\u0131 mimar Oscar Niemeyer taraf\u0131ndan bir d\u00fcnya fuar\u0131 i\u00e7in tasarlanan in\u015faat, L\u00fcbnan&#039;daki i\u00e7 sava\u015f\u0131n ba\u015flamas\u0131yla 1975&#039;te durduruldu. Yakla\u015f\u0131k 75 hektarl\u0131k bir alanda on be\u015f iskelet, tamamlanmam\u0131\u015f yap\u0131 kald\u0131, kavisli \u00e7at\u0131lar\u0131 ve pilotileri zamanda donmu\u015f \u00fctopik bir vizyona i\u015faret ediyor. \u0130dari atalet ve ara s\u0131ra ya\u015fanan huzursuzluk, ihmalden y\u0131k\u0131lan bir otelle \u00e7evrili alan\u0131 b\u00fcy\u00fck \u00f6l\u00e7\u00fcde kullan\u0131lmaz hale getirdi. UNESCO, 2023&#039;te kompleksi hem D\u00fcnya Miras\u0131 Listesi&#039;ne hem de Tehlike Alt\u0131ndaki D\u00fcnya Miras\u0131 Listesi&#039;ne kaydetti ve k\u00fclt\u00fcrel de\u011ferini ve g\u00fcvencesiz durumunu kabul etti.<\/p>\n\n\n\n<p>Trablus&#039;a ula\u015f\u0131m geleneksel rotalar\u0131 takip eder. Beyrut&#039;un Charles Helou istasyonundan ziyaret\u00e7iler, genellikle &#034;Trablos Express&#034; olarak adland\u0131r\u0131lan Arap\u00e7a etiketli bir otob\u00fcse binebilir veya \u00fccreti d\u00f6rt yolcunun maliyetine e\u015fit olan bir taksiyi payla\u015fabilirler. Minib\u00fcsler Cola ve Daoura istasyonlar\u0131ndan \u00e7al\u0131\u015f\u0131r; merkezi Trablus&#039;ta, payla\u015f\u0131ml\u0131 servis taksileri yolcu ba\u015f\u0131na 1.000 LL \u00fccret al\u0131r ve daha uzun rotalar i\u00e7in 2.000 LL&#039;ye \u00e7\u0131kar. Liman esas olarak y\u00fck ta\u015f\u0131mac\u0131l\u0131\u011f\u0131 yapar, ancak Med Star L\u00fcbnan&#039;\u0131n tek tarifeli yolcu feribotunu i\u015fletmektedir.<\/p>\n\n\n\n<p>Trablus&#039;un Eski \u015eehir pazar\u0131, L\u00fcbnan&#039;\u0131n mutfak ve el sanatlar\u0131 miras\u0131n\u0131n odak noktas\u0131 olmaya devam ediyor. Pazar sabahlar\u0131, Beyrut&#039;tan gelen gruplar yap\u0131\u015fkan maamoul ve knafeh&#039;in cazibesine kap\u0131larak Hallab&#039;\u0131n pastanelerine ak\u0131n ediyor. Bir\u00e7ok sat\u0131c\u0131 Hallab ismiyle ticaret yapsa da, Rafaat Hallab (kurulu\u015f tarihi 1881) ve Abdel Rahman Al Hallab, ilk kez Trablus tatl\u0131lar\u0131n\u0131 rafine eden 19. y\u00fczy\u0131l \u015fekerlemecisine kesintisiz bir soya\u011fac\u0131 s\u00fcrd\u00fcr\u00fcyor.<\/p>\n\n\n\n<p>Ekonomik e\u015fitsizlik ve d\u00fczensiz huzursuzluklarla i\u015faretlenmi\u015f bir manzarada, Trablus mimari katmanlar\u0131n ve insan \u00e7abas\u0131n\u0131n bir deposu olarak varl\u0131\u011f\u0131n\u0131 s\u00fcrd\u00fcr\u00fcyor. Dar sokaklar\u0131 ve gizli avlular\u0131, ayn\u0131 anda hem dayan\u0131kl\u0131 hem de istikrars\u0131z bir \u015fehri \u015fekillendiren denizcilerin, t\u00fcccarlar\u0131n ve y\u00f6neticilerin izlerini g\u00f6steriyor. Burada, antik ta\u015flar ve modern kal\u0131nt\u0131lar ge\u00e7mi\u015f ve \u015fimdiki zaman aras\u0131nda s\u00fcrekli bir sohbeti \u00e7a\u011fr\u0131\u015ft\u0131r\u0131yor ve orada kalanlar\u0131 her kemer ve soka\u011fa yaz\u0131lm\u0131\u015f hikayeleri ke\u015ffetmeye davet ediyor.<\/p>","protected":false},"excerpt":{"rendered":"<p>L\u00fcbnan&#039;\u0131n ikinci b\u00fcy\u00fck kentsel merkezi olan Trablus, Beyrut&#039;un 81 kilometre kuzeyinde yer al\u0131r ve yakla\u015f\u0131k 730.000 ki\u015filik bir n\u00fcfusa sahiptir. Do\u011fu Akdeniz&#039;e t\u00fcnemi\u015f ve L\u00fcbnan&#039;\u0131n en kuzeydeki liman\u0131 olarak faaliyet g\u00f6steren bu enerjik \u015fehir, Trablus B\u00f6lgesi ve Kuzey Valili\u011fi&#039;nin merkezidir. \u015eehrin k\u00fclt\u00fcrel \u00e7e\u015fitlili\u011fini art\u0131ran Maruniler ve Ermeniler de dahil olmak \u00fczere Alevilerin ve \u00e7e\u015fitli Hristiyan mezheplerinin k\u00fc\u00e7\u00fck n\u00fcfuslar\u0131n\u0131 tamamlayan \u015fehrin demografik yap\u0131s\u0131 \u00e7o\u011funlukla S\u00fcnni M\u00fcsl\u00fcmanlardan olu\u015fmaktad\u0131r.<\/p>","protected":false},"author":1,"featured_media":2828,"parent":14746,"menu_order":0,"comment_status":"closed","ping_status":"closed","template":"elementor_theme","meta":{"_eb_attr":"","footnotes":""},"class_list":["post-14752","page","type-page","status-publish","has-post-thumbnail"],"_links":{"self":[{"href":"https:\/\/travelshelper.com\/tr\/wp-json\/wp\/v2\/pages\/14752","targetHints":{"allow":["GET"]}}],"collection":[{"href":"https:\/\/travelshelper.com\/tr\/wp-json\/wp\/v2\/pages"}],"about":[{"href":"https:\/\/travelshelper.com\/tr\/wp-json\/wp\/v2\/types\/page"}],"author":[{"embeddable":true,"href":"https:\/\/travelshelper.com\/tr\/wp-json\/wp\/v2\/users\/1"}],"replies":[{"embeddable":true,"href":"https:\/\/travelshelper.com\/tr\/wp-json\/wp\/v2\/comments?post=14752"}],"version-history":[{"count":0,"href":"https:\/\/travelshelper.com\/tr\/wp-json\/wp\/v2\/pages\/14752\/revisions"}],"up":[{"embeddable":true,"href":"https:\/\/travelshelper.com\/tr\/wp-json\/wp\/v2\/pages\/14746"}],"wp:featuredmedia":[{"embeddable":true,"href":"https:\/\/travelshelper.com\/tr\/wp-json\/wp\/v2\/media\/2828"}],"wp:attachment":[{"href":"https:\/\/travelshelper.com\/tr\/wp-json\/wp\/v2\/media?parent=14752"}],"curies":[{"name":"wp","href":"https:\/\/api.w.org\/{rel}","templated":true}]}}