{"id":14746,"date":"2024-09-20T08:40:01","date_gmt":"2024-09-20T08:40:01","guid":{"rendered":"https:\/\/travelshelper.com\/staging\/?page_id=14746"},"modified":"2026-03-11T18:14:02","modified_gmt":"2026-03-11T18:14:02","slug":"lubnan","status":"publish","type":"page","link":"https:\/\/travelshelper.com\/tr\/destinations\/asia\/lebanon\/","title":{"rendered":"L\u00fcbnan"},"content":{"rendered":"<p>L\u00fcbnan, Akdeniz&#039;in do\u011fu k\u0131y\u0131s\u0131nda, kire\u00e7ta\u015f\u0131 s\u0131rtlar\u0131n\u0131n dar bir k\u0131y\u0131 ovas\u0131ndan aniden y\u00fckseldi\u011fi ve i\u00e7 kesimlerde bereketli Bekaa Vadisi&#039;ne ve \u00f6tesinde Anti-L\u00fcbnan s\u0131rada\u011flar\u0131na yol verdi\u011fi ince bir kara \u015feridini i\u015fgal eder. Sadece on bin kilometrekareden biraz fazla bir alan\u0131 kaplayan L\u00fcbnan, kuzeyde ve do\u011fuda Suriye, g\u00fcneyde \u0130srail ve bat\u0131da Akdeniz ile s\u0131n\u0131r payla\u015fmaktad\u0131r. S\u0131n\u0131rlar\u0131 i\u00e7inde be\u015f milyondan biraz fazla insan ya\u015famaktad\u0131r ve bu insanlar \u00e7o\u011funlukla ba\u015fkent ve \u00fclkenin ba\u015fl\u0131ca liman\u0131 olan Beyrut&#039;ta ve \u00e7evresinde yo\u011funla\u015fmaktad\u0131r.<\/p>\n\n\n\n<p>\u0130nsan varl\u0131\u011f\u0131 en az M\u00d6 5000&#039;e kadar uzan\u0131r. M\u00d6 3. biny\u0131ldan M\u00d6 1. biny\u0131l\u0131n ortalar\u0131na kadar k\u0131y\u0131 \u015fehirleri, t\u00fcccarlar\u0131 ve gemi yap\u0131mc\u0131lar\u0131 Akdeniz boyunca koloniler kuran Fenike&#039;nin \u00e7ekirde\u011fini olu\u015fturdu. M\u00d6 64&#039;te Roma y\u00f6netimi yeni yollar, tiyatrolar ve tap\u0131naklar getirdi. MS 7. y\u00fczy\u0131lda kontrol ard\u0131\u015f\u0131k \u0130slam halifeliklerine kaym\u0131\u015ft\u0131; sonraki y\u00fczy\u0131llarda Ha\u00e7l\u0131 devletlerinin yerini Eyyubiler ve ard\u0131ndan Meml\u00fckler ald\u0131. Osmanl\u0131 y\u00f6netimi on be\u015finci y\u00fczy\u0131l\u0131n ba\u015flar\u0131nda tutundu, ancak Sultan I. Abd\u00fclmecid d\u00f6neminde on dokuzuncu y\u00fczy\u0131l\u0131n ortalar\u0131ndaki Tanzimat reformlar\u0131, Maruni H\u0131ristiyanlar\u0131 korumak i\u00e7in tasarlanm\u0131\u015f yar\u0131 \u00f6zerk bir b\u00f6lge olan L\u00fcbnan Mutasarr\u0131fl\u0131\u011f\u0131&#039;n\u0131 yaratt\u0131.<\/p>\n\n\n\n<p>Birinci D\u00fcnya Sava\u015f\u0131&#039;ndan sonra Osmanl\u0131 g\u00fcc\u00fcn\u00fcn \u00e7\u00f6k\u00fc\u015f\u00fc L\u00fcbnan&#039;\u0131 Frans\u0131z mandas\u0131 alt\u0131na soktu. 1920&#039;de s\u0131n\u0131rlar\u0131 Bekaa Vadisi&#039;ni de i\u00e7erecek \u015fekilde do\u011fuya do\u011fru geni\u015fleyen B\u00fcy\u00fck L\u00fcbnan ortaya \u00e7\u0131kt\u0131. Ba\u011f\u0131ms\u0131zl\u0131k, 1943&#039;te, siyasi g\u00f6revlerin dini ba\u011fl\u0131l\u0131\u011fa g\u00f6re atand\u0131\u011f\u0131 bir anayasa ile geldi; bu sistem Hristiyan, M\u00fcsl\u00fcman ve D\u00fcrzi topluluklar\u0131n\u0131 dengelemeyi ama\u00e7l\u0131yordu. Mezhepsel gerginliklerin i\u00e7 sava\u015fa d\u00f6n\u00fc\u015ft\u00fc\u011f\u00fc 1975&#039;e kadar bar\u0131\u015f sa\u011fland\u0131. \u00c7at\u0131\u015fmalar 1990&#039;a kadar devam etti; bu s\u00fcre zarf\u0131nda Suriye g\u00fc\u00e7leri m\u00fcdahale etti (1976-2005) ve \u0130srail sald\u0131r\u0131lar\u0131 g\u00fcneyde devam etti. \u0130srail ile \u00e7at\u0131\u015fma aral\u0131klarla yeniden ba\u015flad\u0131 ve birka\u00e7 i\u015fgalle sonu\u00e7land\u0131; en son \u00e7at\u0131\u015fma Ekim 2023&#039;te ba\u015flad\u0131 ve hala \u00e7\u00f6z\u00fcms\u00fcz.<\/p>\n\n\n\n<p>Topo\u011frafya L\u00fcbnan&#039;\u0131 d\u00f6rt belirgin b\u00f6lgeye ay\u0131r\u0131r. Deniz tortular\u0131 ve nehir al\u00fcvyonundan olu\u015fan dar bir k\u0131y\u0131 ovas\u0131, Suriye s\u0131n\u0131r\u0131na yak\u0131n bir yerde geni\u015fler ve \u0130srail s\u0131n\u0131r\u0131nda kayal\u0131k burunlara do\u011fru daral\u0131r. \u0130\u00e7 kesimlerde, Qurnat as Sawda&#039;da \u00fc\u00e7 bin metreden fazla y\u00fckselen kire\u00e7ta\u015f\u0131 ve kumta\u015f\u0131 zirveleri olan L\u00fcbnan s\u0131rada\u011flar\u0131, dik ge\u00e7itlerle oyulmu\u015f ve her k\u0131\u015f karla \u00f6rt\u00fcl\u00fc olarak k\u0131y\u0131ya paralel uzan\u0131r. Daha do\u011fuda, Bekaa Vadisi, Do\u011fu Afrika&#039;ya uzanan bir yar\u0131kta yer al\u0131r. Derin topraklar\u0131 \u00fcz\u00fcm ba\u011flar\u0131n\u0131 ve meyve bah\u00e7elerini destekler. Vadinin \u00f6tesinde, yama\u00e7lar\u0131 tart\u0131\u015fmal\u0131 \u015eeba \u00c7iftlikleri&#039;ni a\u015fan Hermon Da\u011f\u0131&#039;nda doru\u011fa ula\u015fan Anti-L\u00fcbnan masifi y\u00fckselir.<\/p>\n\n\n\n<p>L\u00fcbnan&#039;\u0131n nehirleri k\u0131sa ve seyr\u00fcsefer i\u00e7in elveri\u015fli de\u011fildir. On \u00fc\u00e7 tanesi bat\u0131 da\u011flar\u0131ndan y\u00fckselir ve bat\u0131ya do\u011fru denize do\u011fru akar; Litani en uzun olan\u0131d\u0131r ve bat\u0131ya do\u011fru k\u0131vr\u0131lmadan \u00f6nce Bekaa&#039;dan kuzeye do\u011fru akar. Mevsimsel seller her k\u0131\u015f yataklar\u0131n\u0131 doldururken, kaynaklar ve sulama kanallar\u0131 yaz\u0131n kurak aylar\u0131nda tar\u0131m\u0131 destekler.<\/p>\n\n\n\n<p>\u0130klim rak\u0131ma g\u00f6re de\u011fi\u015fir. K\u0131y\u0131 b\u00f6lgeleri en \u00e7ok ya\u011f\u0131\u015f\u0131 Kas\u0131m ve Mart aylar\u0131 aras\u0131nda al\u0131r, k\u0131\u015flar serin ve yazlar nemlidir. Bin metrenin \u00fczerinde, k\u0131\u015f s\u0131cakl\u0131klar\u0131 donma noktas\u0131n\u0131n alt\u0131na d\u00fc\u015fer ve yo\u011fun kar ya\u011f\u0131\u015f\u0131 May\u0131s ay\u0131na kadar devam edebilir. \u015eubat 2025&#039;te F\u0131rt\u0131na Adam ad\u0131 verilen bir kutup hava sistemi, \u00fc\u00e7 y\u00fcz metre kadar d\u00fc\u015f\u00fck rak\u0131mlara kar ve da\u011flarda rekor d\u00fc\u015f\u00fck s\u0131cakl\u0131klar getirdi.<\/p>\n\n\n\n<p>\u0130dari olarak, dokuz valilik yirmi be\u015f il\u00e7eye ve \u00e7ok say\u0131da belediyeye b\u00f6l\u00fcnm\u00fc\u015ft\u00fcr. L\u00fcbnan&#039;\u0131n ekonomik \u00e7er\u00e7evesi laissez-faire prensiplerine dayanmaktad\u0131r. \u00c7o\u011fu i\u015flem ABD dolar\u0131 kullan\u0131r. Sermaye ak\u0131\u015f\u0131 k\u0131s\u0131tlama olmaks\u0131z\u0131n s\u0131n\u0131rlar\u0131 a\u015far. 1994&#039;te kurulan ve 2001 tarihli 360 say\u0131l\u0131 Yat\u0131r\u0131m Yasas\u0131 ile g\u00fc\u00e7lendirilen L\u00fcbnan Yat\u0131r\u0131m Geli\u015ftirme Otoritesi, teknoloji, tar\u0131msal i\u015fletme ve yenilenebilir enerjiye do\u011frudan yabanc\u0131 yat\u0131r\u0131m\u0131 te\u015fvik eder.<\/p>\n\n\n\n<p>Ancak son y\u0131llarda ekonomi \u00e7\u00f6kt\u00fc. 2018&#039;den 2023&#039;e GSY\u0130H y\u00fczde k\u0131rk oran\u0131nda darald\u0131. L\u00fcbnan poundu, dolara kar\u015f\u0131 de\u011ferinin y\u00fczde doksan be\u015fini kaybetti. Enflasyon y\u00fczde iki y\u00fcz\u00fcn \u00fczerine \u00e7\u0131kt\u0131. Yirmi be\u015f y\u0131ld\u0131r ilk kez resmi d\u00f6viz kuru terk edildi. Bankalar gayri resmi sermaye kontrolleri uygulad\u0131. 2023 itibar\u0131yla her d\u00f6rt L\u00fcbnanl\u0131dan \u00fc\u00e7\u00fc yoksulluk s\u0131n\u0131r\u0131n\u0131n alt\u0131nda ya\u015f\u0131yordu. D\u00fcnya Bankas\u0131 bu gerilemeyi on dokuzuncu y\u00fczy\u0131ldan bu yana en ciddi gerilemelerden biri olarak derecelendiriyor. K\u00f6kleri, kamu a\u00e7\u0131klar\u0131n\u0131 finanse etmek i\u00e7in y\u00fcksek faizle dolar bor\u00e7 alan merkez bankas\u0131n\u0131n uzun s\u00fcredir devam eden bir finansman plan\u0131nda yatmaktad\u0131r. Mevduat b\u00fcy\u00fcmesi yava\u015flad\u0131\u011f\u0131nda sistem \u00e7\u00f6kt\u00fc ve 2020&#039;de temerr\u00fcde ve ayn\u0131 y\u0131l Beyrut&#039;ta liman patlamas\u0131na neden oldu.<\/p>\n\n\n\n<p>Bu krizden \u00f6nce, Osmanl\u0131 d\u00f6neminden 1960&#039;lara kadar L\u00fcbnan b\u00f6lgesel bir bankac\u0131l\u0131k merkezi ve da\u011f\u0131t\u0131m merkezi olarak geli\u015fti. G\u0131da i\u015fleme, tekstil, m\u00fccevher ve hal\u0131 ticareti artan bir ya\u015fam standard\u0131n\u0131 s\u00fcrd\u00fcrd\u00fc. Sava\u015f sonras\u0131 yeniden yap\u0131lanma ekonomiyi hizmetler etraf\u0131nda yeniden \u015fekillendirdi; bankac\u0131l\u0131k, gayrimenkul ve turizm art\u0131k i\u015f g\u00fcc\u00fcn\u00fcn \u00fc\u00e7te ikisini istihdam ediyor ve GSY\u0130H&#039;n\u0131n benzer bir pay\u0131n\u0131 olu\u015fturuyor. Yayg\u0131n bir diasporadan gelen para transferleri 2008&#039;de ulusal gelirin yakla\u015f\u0131k be\u015fte birine katk\u0131da bulundu. Bu a\u011flar, L\u00fcbnan topluluklar\u0131n\u0131n perakende ma\u011fazalar\u0131ndan in\u015faata kadar firmalar\u0131 i\u015fletti\u011fi Afrika, Amerika ve Avustralya&#039;ya kadar uzan\u0131yor.<\/p>\n\n\n\n<p>Turizm bir zamanlar GSY\u0130H&#039;n\u0131n onda birini sa\u011fl\u0131yordu. 2009&#039;daki zirvesinde, gelenler 1,8 milyonu a\u015ft\u0131; Beyrut, uluslararas\u0131 bir gazete taraf\u0131ndan d\u00fcnyan\u0131n en iyi destinasyonu se\u00e7ildi. On y\u0131l sonra, kom\u015fu Suriye&#039;deki b\u00f6lgesel \u00e7eki\u015fme, ziyaret\u00e7i say\u0131lar\u0131nda &#039;lik bir d\u00fc\u015f\u00fc\u015fe neden oldu. May\u0131s 2025&#039;te Birle\u015fik Arap Emirlikleri, uzun s\u00fcredir devam eden seyahat yasa\u011f\u0131n\u0131 kald\u0131rarak canlanma umutlar\u0131n\u0131 yeniledi.<\/p>\n\n\n\n<p>L\u00fcbnan&#039;\u0131n n\u00fcfus demografisi hassas olmaya devam ediyor. Hristiyanlar\u0131n hafif bir \u00e7o\u011funluk olu\u015fturdu\u011fu 1932&#039;den beri n\u00fcfus say\u0131m\u0131 yap\u0131lmad\u0131. 2021 tahminleri, Suriye ve Filistin&#039;den gelen yakla\u015f\u0131k bir milyon m\u00fclteci dahil olmak \u00fczere toplam sakinleri 5,6 milyon olarak g\u00f6steriyor. L\u00fcbnan uyruklular\u0131n say\u0131s\u0131 yakla\u015f\u0131k 4,7 milyon. Dini \u00e7e\u015fitlilik b\u00f6lgedeki en y\u00fcksek seviyelerde yer al\u0131yor. D\u00f6rt M\u00fcsl\u00fcman mezhebi, on iki Hristiyan kilisesi, D\u00fcrzi ve k\u00fc\u00e7\u00fck bir Yahudi toplulu\u011fu resmen tan\u0131n\u0131yor. Son \u00e7al\u0131\u015fmalar, M\u00fcsl\u00fcmanlar\u0131n (D\u00fcrziler dahil) vatanda\u015flar\u0131n yakla\u015f\u0131k \u00fc\u00e7te ikisini ve Hristiyanlar\u0131n \u00fc\u00e7te birini olu\u015fturdu\u011funu g\u00f6steriyor. Anket verileri, gen\u00e7 nesiller aras\u0131nda dini uygulamalarda m\u00fctevaz\u0131 bir d\u00fc\u015f\u00fc\u015fe i\u015faret ediyor.<\/p>\n\n\n\n<p>Dil bu \u00e7o\u011fulculu\u011fu yans\u0131t\u0131r. Arap\u00e7a resmi dil olarak hizmet eder, Modern Standart Arap\u00e7a bas\u0131l\u0131 medya ve resmi adresler i\u00e7in ayr\u0131lm\u0131\u015ft\u0131r. G\u00fcnl\u00fck ya\u015famda g\u00fcnl\u00fck L\u00fcbnan Arap\u00e7as\u0131 hakimdir. Frans\u0131zca yasal stat\u00fcs\u00fcn\u00fc korur ve i\u015f ve e\u011fitimde g\u00f6r\u00fcn\u00fcr; L\u00fcbnanl\u0131lar\u0131n yakla\u015f\u0131k y\u00fczde k\u0131rk\u0131 frankofon olarak tan\u0131mlanmaktad\u0131r. \u0130ngilizce bilim ve ticarette zemin kazanm\u0131\u015ft\u0131r ve her iki Avrupa dili de bir\u00e7ok kentli gen\u00e7 aras\u0131nda Arap\u00e7an\u0131n yerini alm\u0131\u015ft\u0131r. Ermenice, Yunanca ve Asurca dilleri bu topluluklar aras\u0131nda varl\u0131\u011f\u0131n\u0131 s\u00fcrd\u00fcrmektedir.<\/p>\n\n\n\n<p>K\u00fclt\u00fcrel ya\u015fam, Fenike k\u00f6kenlerinin, Roma miras\u0131n\u0131n, Arap miras\u0131n\u0131n ve Osmanl\u0131 ve Frans\u0131z y\u00f6netiminin izlerini ta\u015f\u0131r. M\u00fczik, modal formlar\u0131 Bat\u0131 enstr\u00fcmanlar\u0131yla harmanlar. Edebiyat, sava\u015f, s\u00fcrg\u00fcn ve kimlikle y\u00fczle\u015fir. Dini ve sek\u00fcler festivaller, yerel gelenekleri ve diasporik kutlamalar\u0131 yans\u0131t\u0131r. L\u00fcbnanl\u0131 \u015fefler, d\u00fcnya \u00e7ap\u0131nda yakla\u015f\u0131k on bin restoran i\u015fletiyor ve kibbe (k\u0131y\u0131lm\u0131\u015f kuzu eti ve k\u0131r\u0131k bu\u011fday kar\u0131\u015f\u0131m\u0131) ve maydanoz, domates ve bulgur salatas\u0131 olan tabbouleh gibi yemekler ile meze soslar\u0131nda b\u00f6lgesel varyasyonlar sunuyor.<\/p>\n\n\n\n<p>\u015eehirler belirgin profiller sunar. Beyrut, Osmanl\u0131 d\u00f6nemi cephelerini modern cam kulelerle birle\u015ftirerek, kafelerin kald\u0131r\u0131mlara ta\u015ft\u0131\u011f\u0131 ve gece hayat\u0131n\u0131n hem kapal\u0131 kul\u00fcplerde hem de sahil barlar\u0131nda nabz\u0131n\u0131n att\u0131\u011f\u0131 mahallelerin bir mozai\u011fini olu\u015fturur. Hala Meml\u00fck mimarisi ve Ha\u00e7l\u0131 kalesini ta\u015f\u0131yan Trablus, i\u00e7 sava\u015f\u0131n kal\u0131c\u0131 izlerini g\u00f6sterir ve g\u00f6receli bir yoksulluk i\u00e7inde \u00e7\u00fcr\u00fcr. Sidon, kervansaray\u0131n\u0131, orta\u00e7a\u011f \u00e7ar\u015f\u0131lar\u0131n\u0131 ve k\u0131y\u0131 gezinti yerlerini korur. Sur, geni\u015f plajlar\u0131nda Fenike ve Roma kal\u0131nt\u0131lar\u0131 ta\u015f\u0131r. Byblos, canl\u0131 pazarlarla \u00e7evrili kalesi ve antik liman\u0131yla d\u00fcnyan\u0131n en eski s\u00fcrekli yerle\u015fim yerlerinden biri olma iddias\u0131n\u0131 ortaya koyar.<\/p>\n\n\n\n<p>Ziyaret\u00e7iler \u00e7o\u011funlukla Orta Do\u011fu Havayollar\u0131 ve \u00e7e\u015fitli b\u00f6lgesel ve Avrupa ta\u015f\u0131y\u0131c\u0131lar\u0131 taraf\u0131ndan ba\u011flanan Beyrut Uluslararas\u0131 Havaalan\u0131&#039;ndan hava yoluyla gelirler. Otob\u00fcsler ve taksiler \u015eam ve di\u011fer Suriye \u015fehirlerini birbirine ba\u011flar. Haftada iki kez bir feribot Trablus&#039;u T\u00fcrkiye&#039;ye ba\u011flar. L\u00fcbnan i\u00e7inde, arabalar engebeli yollarda en verimli ula\u015f\u0131m arac\u0131 olmaya devam ediyor; kiralama \u00fccretleri pazarl\u0131k gerektiriyor, gayri resmi minib\u00fcsler gibi \u00e7al\u0131\u015fan &#034;hizmet&#034; taksilerindeki \u00fccretler de \u00f6yle. Uber, internet eri\u015fimi olanlar i\u00e7in Beyrut&#039;ta faaliyet g\u00f6steriyor ve otoyollar da\u011flar\u0131 ve ovalar\u0131 ikiye b\u00f6l\u00fcyor, ancak \u00e7ukurlar ve d\u00fczensiz s\u00fcr\u00fc\u015f dikkatli olmay\u0131 gerektiriyor.<\/p>\n\n\n\n<p>Toplumsal gelenekler ya\u015fl\u0131lara sayg\u0131, dolayl\u0131 ileti\u015fim ve misafirperverli\u011fi vurgular. Giyim kurallar\u0131 de\u011fi\u015fir: m\u00fctevaz\u0131 k\u0131yafetler dini mekanlara ve muhafazakar b\u00f6lgelere uygundur; \u015fehir merkezleri daha Bat\u0131l\u0131 tarzlara izin verir. Ziyaret\u00e7iler s\u0131n\u0131rlara yak\u0131n hassas siyasi konulardaki tart\u0131\u015fmalardan ka\u00e7\u0131nmal\u0131 ve parmakla i\u015faret etmek gibi kaba kabul edilen hareketlerden ka\u00e7\u0131nmal\u0131d\u0131r. Milislerin etkisi alt\u0131ndaki g\u00fcney b\u00f6lgeleri ek riskler sunar; Kuzey Bekaa&#039;daki Arsal, sporadik ka\u00e7\u0131rma olaylar\u0131na tan\u0131k olmu\u015ftur ve tavsiye edilmez.<\/p>\n\n\n\n<p>Hac\u0131lar, bilginler ve turistler L\u00fcbnan&#039;da medeniyetlerin ve iklimlerin katmanlar\u0131n\u0131 bulabilirler: deniz seviyesinde zeytinlikler, ilkbaharda karla kapl\u0131 zirveler ve asmalar\u0131n bir as\u0131r \u00f6nce bilinmeyen \u015faraplar \u00fcretti\u011fi vadiler. Kompakt co\u011frafya z\u0131tl\u0131klar\u0131 yo\u011funla\u015ft\u0131r\u0131r - k\u0131y\u0131 ve da\u011f, zenginlik ve zorluk, gelenek ve yenilik - her biri \u00e7at\u0131\u015fma ve ekonomik \u00e7\u00f6k\u00fc\u015fe ra\u011fmen varl\u0131\u011f\u0131n\u0131 s\u00fcrd\u00fcren bir toplumu \u015fekillendirir. Tarihlerin ve manzaralar\u0131n bu birle\u015fmesinde L\u00fcbnan, bask\u0131 alt\u0131nda adaptasyonun ve do\u011fu Akdeniz&#039;deki insan topluluklar\u0131n\u0131n devaml\u0131l\u0131\u011f\u0131n\u0131n bir kan\u0131t\u0131 olarak varl\u0131\u011f\u0131n\u0131 s\u00fcrd\u00fcrmektedir.<\/p>","protected":false},"excerpt":{"rendered":"<p>Bat\u0131 Asya&#039;n\u0131n Levant b\u00f6lgesinde bulunan L\u00fcbnan, 10.452 kilometrekarelik s\u0131n\u0131rl\u0131 alan\u0131nda be\u015f milyonu a\u015fan bir n\u00fcfusa sahiptir. Kuzeyde ve do\u011fuda Suriye, g\u00fcneyde \u0130srail ve bat\u0131da Akdeniz ile s\u0131n\u0131rlar\u0131 olan bu k\u00fc\u00e7\u00fck ama k\u00fclt\u00fcrel a\u00e7\u0131dan zengin \u00fclke, kas\u0131tl\u0131 olarak Akdeniz Havzas\u0131 ile Arap hinterlandlar\u0131n\u0131n birle\u015fti\u011fi noktada yer almaktad\u0131r. K\u0131br\u0131s&#039;\u0131n yak\u0131nl\u0131\u011f\u0131 -L\u00fcbnan k\u0131y\u0131s\u0131na sadece k\u0131sa bir mesafe- b\u00f6lgedeki hayati konumunu daha da vurgulamaktad\u0131r.<\/p>","protected":false},"author":1,"featured_media":3645,"parent":24063,"menu_order":0,"comment_status":"closed","ping_status":"closed","template":"elementor_theme","meta":{"_eb_attr":"","footnotes":""},"class_list":["post-14746","page","type-page","status-publish","has-post-thumbnail"],"_links":{"self":[{"href":"https:\/\/travelshelper.com\/tr\/wp-json\/wp\/v2\/pages\/14746","targetHints":{"allow":["GET"]}}],"collection":[{"href":"https:\/\/travelshelper.com\/tr\/wp-json\/wp\/v2\/pages"}],"about":[{"href":"https:\/\/travelshelper.com\/tr\/wp-json\/wp\/v2\/types\/page"}],"author":[{"embeddable":true,"href":"https:\/\/travelshelper.com\/tr\/wp-json\/wp\/v2\/users\/1"}],"replies":[{"embeddable":true,"href":"https:\/\/travelshelper.com\/tr\/wp-json\/wp\/v2\/comments?post=14746"}],"version-history":[{"count":0,"href":"https:\/\/travelshelper.com\/tr\/wp-json\/wp\/v2\/pages\/14746\/revisions"}],"up":[{"embeddable":true,"href":"https:\/\/travelshelper.com\/tr\/wp-json\/wp\/v2\/pages\/24063"}],"wp:featuredmedia":[{"embeddable":true,"href":"https:\/\/travelshelper.com\/tr\/wp-json\/wp\/v2\/media\/3645"}],"wp:attachment":[{"href":"https:\/\/travelshelper.com\/tr\/wp-json\/wp\/v2\/media?parent=14746"}],"curies":[{"name":"wp","href":"https:\/\/api.w.org\/{rel}","templated":true}]}}