{"id":14734,"date":"2024-09-19T23:45:08","date_gmt":"2024-09-19T23:45:08","guid":{"rendered":"https:\/\/travelshelper.com\/staging\/?page_id=14734"},"modified":"2026-03-11T18:28:10","modified_gmt":"2026-03-11T18:28:10","slug":"maldivler","status":"publish","type":"page","link":"https:\/\/travelshelper.com\/tr\/destinations\/asia\/maldives\/","title":{"rendered":"Maldivler"},"content":{"rendered":"<p>Maldivler Cumhuriyeti, Hindistan ve Sri Lanka&#039;n\u0131n yakla\u015f\u0131k 750 kilometre g\u00fcneybat\u0131s\u0131nda, Orta Hint Okyanusu&#039;nda ince bir mercan olu\u015fumu yay\u0131l\u0131m\u0131 i\u015fgal eder. Kuru topra\u011f\u0131 yaln\u0131zca 298 kilometrekarelik bir alan\u0131 kaplamas\u0131na ra\u011fmen (bu onu Asya&#039;n\u0131n en k\u00fc\u00e7\u00fck \u00fclkesi yapar), tak\u0131madalar yakla\u015f\u0131k 90.000 kilometrekarelik bir deniz alan\u0131na yay\u0131l\u0131r. Bu geni\u015flikte, kuzeyde Ihavandhippolhu Atol\u00fc&#039;nden (8\u00b0 K enleminin hemen g\u00fcneyinde) 1\u00b0 G&#039;de Addu Atol\u00fc&#039;ne kadar uzanan, 26 atolden olu\u015fan \u00e7ift zincir halinde d\u00fczenlenmi\u015f 1.192 mercan adas\u0131 bulunur. Maldivler&#039;in su alt\u0131ndaki temeli, canl\u0131 resifler ve kum setlerinden olu\u015fan bir d\u00fcnyay\u0131 desteklemek i\u00e7in derin okyanus taban\u0131ndan keskin bir \u015fekilde y\u00fckselen yakla\u015f\u0131k 1.000 kilometre uzunlu\u011funda bir denizalt\u0131 s\u0131rt\u0131d\u0131r.<\/p>\n\n\n\n<p>Co\u011frafi olarak, adalar deniz seviyesinden sadece 1,5 metrelik ortalama bir y\u00fckseklikte yer al\u0131r ve hi\u00e7bir do\u011fal nokta 2,4 metreden daha y\u00fckse\u011fe \u00e7\u0131kmaz, bu da Maldivler&#039;i d\u00fcnyan\u0131n en al\u00e7ak \u00fclkesi yapar. Bir\u00e7ok yerle\u015fim b\u00f6lgesinde, arazi \u0131slah\u0131 ve in\u015faat y\u00fczey seviyelerini birka\u00e7 metre y\u00fckseltmi\u015ftir; ancak adalar\u0131n y\u00fczde 80&#039;inden fazlas\u0131, f\u0131rt\u0131na dalgalar\u0131na ve okyanuslar\u0131n durdurulamaz y\u00fckseli\u015fine kar\u015f\u0131 savunmas\u0131z, ince mercan ve kum \u015feritlerinden biraz daha fazlas\u0131 olmaya devam etmektedir. G\u00fcneydeki iki do\u011fal kanal, gemilerin do\u011fu ve bat\u0131 Hint Okyanusu aras\u0131nda ge\u00e7mesine izin verir, ancak \u00e7o\u011fu gemi i\u00e7in atoller neredeyse s\u00fcrekli bir bariyer olu\u015fturur.<\/p>\n\n\n\n<p>Bu toprak par\u00e7alar\u0131ndaki insan varl\u0131\u011f\u0131 en az 2500 y\u0131l \u00f6ncesine dayansa da, yaz\u0131l\u0131 kay\u0131tlar MS 947&#039;de Arap denizcilerle ba\u015flar. On ikinci y\u00fczy\u0131lda \u0130slam&#039;\u0131n etkisi yerli inan\u00e7lar\u0131 yeniden \u015fekillendirdi ve adalar servetlerini Arabistan, \u0130ran ve daha do\u011fudaki t\u00fcccarlara ba\u011flayan bir sultanl\u0131k alt\u0131nda birle\u015fti. Mal\u00e9 - &#034;Kral\u0131n Adas\u0131&#034; - ard\u0131\u015f\u0131k hanedanlar\u0131n merkezi olarak ortaya \u00e7\u0131kt\u0131, kompakt ayak izi bug\u00fcn h\u00fck\u00fcmet bakanl\u0131klar\u0131n\u0131, camileri ve \u00fclkenin yar\u0131m milyon vatanda\u015f\u0131n\u0131n yakla\u015f\u0131k \u00fc\u00e7te birini bar\u0131nd\u0131r\u0131yor.<\/p>\n\n\n\n<p>On alt\u0131nc\u0131 y\u00fczy\u0131ldaki Avrupa istilalar\u0131 g\u00fc\u00e7 dengesini kademeli olarak de\u011fi\u015ftirdi ve 1887&#039;de Maldivler \u0130ngiliz himayesi alt\u0131na girdi. 1965&#039;te tam egemenli\u011fini geri kazand\u0131; iki y\u0131l sonra sultanl\u0131k ba\u015fkanl\u0131k cumhuriyetine ve se\u00e7ilmi\u015f bir yasama organ\u0131na (Halk Meclisi) yerini b\u0131rakt\u0131. Sonraki on y\u0131llarda tart\u0131\u015fmal\u0131 siyasi reformlar, ara s\u0131ra huzursuzluklar ve demokratik kurumlar\u0131 g\u00fc\u00e7lendirme \u00e7abalar\u0131 g\u00f6r\u00fcld\u00fc. Maldivler uluslararas\u0131 alanda G\u00fcney Asya B\u00f6lgesel \u0130\u015fbirli\u011fi Derne\u011fi&#039;nin kurulmas\u0131na yard\u0131mc\u0131 oldu; Birle\u015fmi\u015f Milletler, \u0130slam \u0130\u015fbirli\u011fi Te\u015fkilat\u0131, Ba\u011flant\u0131s\u0131zlar Hareketi ve 2020&#039;den beri bir kez daha Milletler Toplulu\u011fu&#039;nda \u00fcyeli\u011fi bulunmaktad\u0131r. Ayr\u0131ca \u015eanghay \u0130\u015fbirli\u011fi \u00d6rg\u00fct\u00fc ile diyalog stat\u00fcs\u00fcn\u00fc s\u00fcrd\u00fcrmektedir.<\/p>\n\n\n\n<p>\u00dclkenin ekonomisi bir zamanlar neredeyse tamamen bal\u0131k\u00e7\u0131l\u0131\u011fa ve deniz kabu\u011fu ihracat\u0131na dayan\u0131yordu; erken d\u00f6nem t\u00fcccarlar\u0131n\u0131n &#034;Para Adalar\u0131&#034;. 1970&#039;lerden itibaren, kas\u0131tl\u0131 bir de\u011fi\u015fim tak\u0131madalar\u0131 turizme a\u00e7t\u0131, ithalat kotalar\u0131n\u0131 kald\u0131rd\u0131 ve \u00f6zel sekt\u00f6r geli\u015fimini memnuniyetle kar\u015f\u0131lad\u0131. \u0130ki m\u00fctevaz\u0131 tatil k\u00f6y\u00fc -Bandos Adas\u0131 ve Kurumba- 1972&#039;de a\u00e7\u0131ld\u0131; 2008&#039;e gelindi\u011finde 89&#039;dan fazla tesis 600.000&#039;den fazla ziyaret\u00e7iyi a\u011f\u0131rlad\u0131, her geli\u015f art\u0131k GSY\u0130H&#039;n\u0131n yakla\u015f\u0131k &#039;ini ve d\u00f6viz gelirlerinin &#039;\u0131ndan fazlas\u0131n\u0131 olu\u015fturan bir sekt\u00f6r\u00fc besledi. 2019&#039;da turist say\u0131s\u0131 1,7 milyonu ge\u00e7ti.<\/p>\n\n\n\n<p>Bal\u0131k\u00e7\u0131l\u0131k hayati \u00f6neme sahip olmaya devam ediyor. 1974&#039;te geleneksel dhoni&#039;nin mekanizasyonu ve 1977&#039;de Felivaru&#039;da bir bal\u0131k konserveleme tesisinin a\u00e7\u0131lmas\u0131, end\u00fcstrinin modernle\u015fmesine yard\u0131mc\u0131 oldu. 2010&#039;a gelindi\u011finde bal\u0131k\u00e7\u0131l\u0131k GSY\u0130H&#039;n\u0131n y\u00fczde 15&#039;inden fazlas\u0131na katk\u0131da bulundu ve i\u015f g\u00fcc\u00fcn\u00fcn neredeyse \u00fc\u00e7te birini istihdam etti. Ton bal\u0131\u011f\u0131 ve ilgili \u00fcr\u00fcnlerin ihracat\u0131, atollerdeki ge\u00e7im kaynaklar\u0131n\u0131 desteklemeye devam ediyor.<\/p>\n\n\n\n<p>Ki\u015fi ba\u015f\u0131na d\u00fc\u015fen gelir \u00e7o\u011fu G\u00fcney Asya \u00fclkesinden daha y\u00fcksektir ve D\u00fcnya Bankas\u0131 Maldivler&#039;i \u00fcst-orta gelir olarak s\u0131n\u0131fland\u0131r\u0131r. \u0130nsani Geli\u015fim Endeksi, e\u011fitim, sa\u011fl\u0131k ve altyap\u0131daki geli\u015fmeleri yans\u0131tarak onu &#034;y\u00fcksek&#034; olarak derecelendirir; ancak e\u015fitsiz n\u00fcfus yo\u011funlu\u011fu ve kara k\u00fctlesinin k\u0131r\u0131lganl\u0131\u011f\u0131 kal\u0131c\u0131 zorluklar yarat\u0131r.<\/p>\n\n\n\n<p>\u0130klim, Maldivler ya\u015fam\u0131n\u0131n her y\u00f6n\u00fcn\u00fc \u015fekillendirir. Ekvatorun yak\u0131n\u0131nda bulunan adalar, iki ana mevsimle tropikal bir muson deseni ya\u015far. Aral\u0131k&#039;tan Nisan&#039;a kadar kuzeydo\u011fu musonu nispeten sakin, kuru hava getirir; Haziran&#039;dan Kas\u0131m&#039;a kadar g\u00fcneybat\u0131 musonu nem, ya\u011fmur ve periyodik f\u0131rt\u0131nalar getirir. Y\u0131ll\u0131k ya\u011f\u0131\u015f kuzeyde yakla\u015f\u0131k 2,5 metreden g\u00fcneyde yakla\u015f\u0131k 3,8 metreye kadar de\u011fi\u015fir. S\u0131cakl\u0131klar s\u00fcrekli y\u00fcksektir, g\u00fcnl\u00fck ortalama en y\u00fcksek s\u0131cakl\u0131k 31,5 \u00b0C ve en d\u00fc\u015f\u00fck s\u0131cakl\u0131k 26,4 \u00b0C&#039;dir.<\/p>\n\n\n\n<p>\u0130klim k\u00fcresel bir endi\u015fe konusu haline gelmeden \u00e7ok \u00f6nce, Maldiv liderleri yakla\u015fan bir tehdidi fark ettiler. 1988&#039;de yetkililer y\u00fckselen denizlerin \u00fc\u00e7 on y\u0131l i\u00e7inde \u00fclkeyi yutabilece\u011fi konusunda uyard\u0131. H\u00fck\u00fcmetleraras\u0131 \u0130klim De\u011fi\u015fikli\u011fi Paneli daha sonra 2100 y\u0131l\u0131na kadar deniz seviyesinin 59 santimetreye kadar y\u00fckselece\u011fini tahmin etti; uzmanlar bunun bir\u00e7ok aday\u0131 ya\u015fanmaz hale getirmeye yetece\u011fi konusunda uyard\u0131. 2009&#039;da Ba\u015fkan Mohamed Nasheed tehlikeyi dramatize etmek i\u00e7in bir su alt\u0131 kabine toplant\u0131s\u0131 d\u00fczenledi. 2012&#039;de yapt\u0131\u011f\u0131 &#034;\u00fclkem yedi y\u0131l i\u00e7inde su alt\u0131nda kalacak&#034; uyar\u0131s\u0131 emisyon azalt\u0131mlar\u0131n\u0131n aciliyetini vurgulad\u0131.<\/p>\n\n\n\n<p>Daha yak\u0131n tarihli ara\u015ft\u0131rmalar ihtiyatl\u0131 bir iyimserlik \u00f6l\u00e7\u00fcs\u00fc sunuyor: Plymouth \u00dcniversitesi&#039;ndeki \u00e7al\u0131\u015fmalar, deniz duvarlar\u0131 ve k\u0131y\u0131 z\u0131rhlar\u0131n\u0131n bu s\u00fcreci engellememesi ko\u015fuluyla, do\u011fal tortu ta\u015f\u0131nmas\u0131n\u0131n ada y\u00fcksekliklerini y\u00fckseltebilece\u011fini \u00f6ne s\u00fcr\u00fcyor. Yine de, g\u00fc\u00e7lendirilmi\u015f k\u0131y\u0131 \u015feritlerinden yurtd\u0131\u015f\u0131nda potansiyel arazi sat\u0131n al\u0131mlar\u0131na kadar uzanan adaptasyon stratejileri kritik olmaya devam ediyor, \u00e7\u00fcnk\u00fc tak\u0131madalar\u0131n hayatta kalmas\u0131, yurti\u00e7inde ve yurtd\u0131\u015f\u0131nda koordineli eyleme ba\u011fl\u0131.<\/p>\n\n\n\n<p>Dalgalar\u0131n alt\u0131nda, Maldivler gezegendeki en zengin deniz \u00e7e\u015fitlili\u011fini s\u00fcrd\u00fcr\u00fcyor. Mercan resifleri 187 farkl\u0131 t\u00fcre ev sahipli\u011fi yaparken, resif kenarlar\u0131 resif k\u00f6pekbal\u0131klar\u0131ndan papa\u011fan bal\u0131klar\u0131na ve ikonik kambur balinalar\u0131na kadar 1.100&#039;den fazla bal\u0131k \u00e7e\u015fidiyle dolu. Kaplumba\u011falar, yunuslar ve balinalar daha derin sularda dola\u015f\u0131yor; yumu\u015fak\u00e7alar, kabuklular ve derisidikenliler resifin kuytu k\u00f6\u015felerinde ya\u015f\u0131yor. Deniz biyologlar\u0131, ak\u0131nt\u0131lar, bal\u0131k\u00e7\u0131l\u0131k bask\u0131lar\u0131 ve koruma \u00f6nlemlerinden etkilenen hem kuzey-g\u00fcney e\u011fimi boyunca hem de kom\u015fu atoller aras\u0131nda biyolojik \u00e7e\u015fitlilikteki de\u011fi\u015fiklikleri not ediyor. Baa Atol\u00fc, 2011&#039;de UNESCO Biyosfer Rezervi stat\u00fcs\u00fcn\u00fc alarak turizmi ekolojik y\u00f6netimle dengeleme \u00e7abalar\u0131na \u00f6rnek oldu.<\/p>\n\n\n\n<p>Karada, k\u00fclt\u00fcrel manzara y\u00fczy\u0131llard\u0131r s\u00fcren deniz al\u0131\u015fveri\u015fini yans\u0131t\u0131r. Dhivehin halk\u0131 (Orta Do\u011fu, Avustronezya ve Afrika k\u00f6kenlerine sahip bir Hint-Aryan grubu) binlerce y\u0131ld\u0131r Dhivehi konu\u015fmaktad\u0131r. Yaz\u0131lar\u0131 erken yerli alfabelerden g\u00fcn\u00fcm\u00fcz\u00fcn Arap\u00e7adan etkilenen sa\u011fdan sola bir sistem olan Thaana&#039;ya evrilmi\u015ftir. \u0130ngilizce art\u0131k okullarda \u00f6\u011fretilen ve ticarette yayg\u0131n olarak kullan\u0131lan pratik bir lingua franca olarak hizmet vermektedir; Arap\u00e7a dini e\u011fitimin merkezinde kalmaya devam etmektedir.<\/p>\n\n\n\n<p>\u0130slam, 2008 anayasas\u0131nda yer almaktad\u0131r: t\u00fcm vatanda\u015flar S\u00fcnni M\u00fcsl\u00fcmanlar olmal\u0131d\u0131r, ancak az\u0131nl\u0131k inan\u00e7lar\u0131 ve vatanda\u015f olmayanlar\u0131n \u00f6zel ibadetleri ho\u015fg\u00f6r\u00fcyle kar\u015f\u0131lanmaktad\u0131r. Tarihi Sufi gelenekleri, yirminci y\u00fczy\u0131l\u0131n sonlar\u0131na kadar devam eden senkretik bir inan\u00e7 uygulamas\u0131n\u0131n i\u015faretleri olan eski camilere biti\u015fik mezarlar \u015feklinde varl\u0131\u011f\u0131n\u0131 s\u00fcrd\u00fcrmektedir. G\u00fcn\u00fcm\u00fczde, Hristiyan taraftarlar n\u00fcfusun y\u00fczde birinden daha az say\u0131dad\u0131r, \u0130slami kimlik ise toplumsal normlar\u0131 ve yasal yap\u0131lar\u0131 \u015fekillendirmektedir.<\/p>\n\n\n\n<p>\u0130dari olarak cumhuriyet, topraklar\u0131n\u0131 21 birime b\u00f6ler: 17 atol ve d\u00f6rt \u015fehir. Her atol hem geleneksel bir Dhivehi ismi ta\u015f\u0131r\u2014genellikle yerel olmayanlar i\u00e7in kullan\u0131\u015fs\u0131zd\u0131r\u2014hem de Dhivehi alfabesinden al\u0131nm\u0131\u015f daha basit bir harf kodu (\u00f6rne\u011fin, Maalhosmadulu Dhekunuburi i\u00e7in \u201cBaa\u201d). Bu kodlar resmi isimlerle kar\u0131\u015ft\u0131r\u0131ld\u0131\u011f\u0131nda bazen kar\u0131\u015f\u0131kl\u0131k ya\u015fan\u0131r. Yerel y\u00f6netim, hem atol hem de ada d\u00fczeyinde se\u00e7ilmi\u015f konseylere dayan\u0131r ve \u00fcniter devlet i\u00e7inde bir \u00f6zy\u00f6netim \u00f6l\u00e7\u00fcs\u00fc sa\u011flar.<\/p>\n\n\n\n<p>Adalardaki ya\u015fam gelgitler, musonlar ve g\u00fcne\u015fin belirledi\u011fi ritimleri takip eder. Adalar aras\u0131 seyahat, i\u00e7 hat u\u00e7u\u015flar\u0131na, deniz u\u00e7aklar\u0131na, s\u00fcrat teknelerine ve sayg\u0131de\u011fer dhoni&#039;ye dayan\u0131r. Mal\u00e9&#039;ye biti\u015fik Hulhul\u00e9 Adas\u0131&#039;ndaki Velana Uluslararas\u0131 Havaalan\u0131, Hindistan, K\u00f6rfez, G\u00fcneydo\u011fu Asya ve Avrupa&#039;daki \u00f6nemli merkezlere ba\u011flan\u0131r; en g\u00fcneydeki Gan Havaalan\u0131, Milano&#039;ya haftal\u0131k seferler d\u00fczenler. Trans Maldivian Airways ve Manta Air taraf\u0131ndan i\u015fletilen iki deniz u\u00e7a\u011f\u0131 filosu, tatil k\u00f6ylerini do\u011frudan ba\u015fkente ba\u011flarken, feribotlar ve kargo gemileri yerel topluluklara hizmet verir.<\/p>\n\n\n\n<p>Para birimi, 100 laari&#039;ye b\u00f6l\u00fcnm\u00fc\u015f Maldiv rufiyaas\u0131&#039;d\u0131r (MVR). De\u011ferler 1 laari madeni paradan 1 000 rufiyaa polimer banknotuna kadar uzan\u0131r. D\u00f6viz kuru, ABD dolar\u0131 ba\u015f\u0131na 15 MVR civar\u0131nda band\u0131nda dalgalansa da, tatil k\u00f6yleri neredeyse t\u00fcm mal ve hizmetleri sert para birimiyle fiyatland\u0131r\u0131r. N\u00fcfuslu adalarda, yerel d\u00fckkanlar rufiyaa kabul eder ve k\u00fc\u00e7\u00fck de\u011ferdeki madeni paralar pratik hediyelik e\u015fyalard\u0131r.<\/p>\n\n\n\n<p>Tatil k\u00f6y\u00fcn\u00fcn duvarlar\u0131n\u0131n \u00f6tesinde bir dal\u0131\u015f arayan ziyaret\u00e7iler i\u00e7in, yerle\u015fimli adalardaki misafirhaneler art\u0131k gecelik 25-40 avroya, evde pi\u015firilmi\u015f bal\u0131k k\u00f6rileri ve toplumsal ya\u015fam\u0131 g\u00f6zlemleme \u015fans\u0131 e\u015fli\u011finde odalar sunuyor. Bu t\u00fcr konaklamalar, \u0130slami geleneklere uygun m\u00fctevaz\u0131 giyim ve sayg\u0131l\u0131 davran\u0131\u015f gerektirir; alkol yok, muhafazakar k\u0131yafetler ve sakin davran\u0131\u015flar. Daha uzak atollerde, resmi olmayan ev konaklamalar\u0131, Mal\u00e9&#039;deki yerel ki\u015filer arac\u0131l\u0131\u011f\u0131yla ayarland\u0131\u011f\u0131nda 15 avro kadar d\u00fc\u015f\u00fck bir fiyata mal olabilir.<\/p>\n\n\n\n<p>Turizm sekt\u00f6r\u00fcn\u00fcn kendisi \u00fc\u00e7 geni\u015f kategoriden olu\u015fur. Dal\u0131\u015f odakl\u0131 m\u00fclkler, genellikle asgari kara tabanl\u0131 olanaklarla su alt\u0131 merakl\u0131lar\u0131na hitap eder; aile odakl\u0131 tatil k\u00f6yleri, restoranlar, \u00e7ocuk merkezleri, sporlar gibi \u00e7e\u015fitli olanaklar sunar ve Mal\u00e9 yak\u0131nlar\u0131ndaki adalar\u0131 i\u015fgal eder; l\u00fcks inziva yerleri balay\u0131 \u00e7iftlerini ve \u00fcst d\u00fczey gezginleri hedef al\u0131r, su \u00fcst\u00fc villalar, \u00f6zel yemek ve uluslararas\u0131 tasar\u0131mc\u0131lar taraf\u0131ndan yap\u0131lm\u0131\u015f i\u00e7 mekanlar sunar. Su \u00fcst\u00fc bungalovlar Maldiv misafirperverli\u011finin sembol\u00fc olmaya devam ediyor, ancak konuklar bu se\u00e7ene\u011fi se\u00e7meden \u00f6nce pratikli\u011fi (gizlilik, hizmetlere yak\u0131nl\u0131k ve gelgit dalgalanmalar\u0131) tartmal\u0131d\u0131r.<\/p>\n\n\n\n<p>\u0130ster mercan \u015fnorkelinin merce\u011finden, ister Mal\u00e9&#039;nin B\u00fcy\u00fck Cuma Camii&#039;nin sakin tela\u015f\u0131ndan deneyimlensin, Maldivler z\u0131tl\u0131klar\u0131n bir incelemesini sunar: geni\u015f deniz alan\u0131 ve k\u00fc\u00e7\u00fck kara k\u00fctlesi; kadim gelenekler ve modern y\u00f6netim; yabanc\u0131 dolarlara ekonomik ba\u011f\u0131ml\u0131l\u0131k ve k\u00f6kl\u00fc bal\u0131k\u00e7\u0131l\u0131k gelenekleri; ve hepsinden \u00f6nemlisi, k\u00fcresel iklim zorlu\u011fuyla e\u015fanlaml\u0131 hale gelen o kadar savunmas\u0131z bir manzara. Burada, her kum tanesi bir uyum, ba\u011flant\u0131 ve deniz ile g\u00f6ky\u00fcz\u00fc aras\u0131nda dengelenmi\u015f bir ulusu koruman\u0131n acil \u00e7al\u0131\u015fmas\u0131 hikayesini anlat\u0131r.<\/p>","protected":false},"excerpt":{"rendered":"<p>Maldivler, resmen Maldivler Cumhuriyeti olarak an\u0131l\u0131r, Hint Okyanusu&#039;nun i\u00e7inde G\u00fcney Asya&#039;da bulunan bir ulus ve tak\u0131mada devletidir ve 2022 n\u00fcfus say\u0131m\u0131na g\u00f6re 515.132 n\u00fcfusa sahiptir. Maldivler, Sri Lanka ve Hindistan&#039;\u0131n g\u00fcneybat\u0131s\u0131nda, Asya anakaras\u0131na yakla\u015f\u0131k 750 kilometre uzakl\u0131kta yer almaktad\u0131r. Bu ulus, kuzeydeki Ihavandhippolhu Atol\u00fc&#039;nden g\u00fcneydeki Addu Atol\u00fc&#039;ne kadar ekvator boyunca uzanan bir dizi 26 atolden olu\u015fmaktad\u0131r.<\/p>","protected":false},"author":1,"featured_media":4261,"parent":24063,"menu_order":0,"comment_status":"closed","ping_status":"closed","template":"elementor_theme","meta":{"_eb_attr":"","footnotes":""},"class_list":["post-14734","page","type-page","status-publish","has-post-thumbnail"],"_links":{"self":[{"href":"https:\/\/travelshelper.com\/tr\/wp-json\/wp\/v2\/pages\/14734","targetHints":{"allow":["GET"]}}],"collection":[{"href":"https:\/\/travelshelper.com\/tr\/wp-json\/wp\/v2\/pages"}],"about":[{"href":"https:\/\/travelshelper.com\/tr\/wp-json\/wp\/v2\/types\/page"}],"author":[{"embeddable":true,"href":"https:\/\/travelshelper.com\/tr\/wp-json\/wp\/v2\/users\/1"}],"replies":[{"embeddable":true,"href":"https:\/\/travelshelper.com\/tr\/wp-json\/wp\/v2\/comments?post=14734"}],"version-history":[{"count":0,"href":"https:\/\/travelshelper.com\/tr\/wp-json\/wp\/v2\/pages\/14734\/revisions"}],"up":[{"embeddable":true,"href":"https:\/\/travelshelper.com\/tr\/wp-json\/wp\/v2\/pages\/24063"}],"wp:featuredmedia":[{"embeddable":true,"href":"https:\/\/travelshelper.com\/tr\/wp-json\/wp\/v2\/media\/4261"}],"wp:attachment":[{"href":"https:\/\/travelshelper.com\/tr\/wp-json\/wp\/v2\/media?parent=14734"}],"curies":[{"name":"wp","href":"https:\/\/api.w.org\/{rel}","templated":true}]}}