{"id":14728,"date":"2024-09-19T23:40:30","date_gmt":"2024-09-19T23:40:30","guid":{"rendered":"https:\/\/travelshelper.com\/staging\/?page_id=14728"},"modified":"2026-03-11T18:35:30","modified_gmt":"2026-03-11T18:35:30","slug":"malakka-sehri","status":"publish","type":"page","link":"https:\/\/travelshelper.com\/tr\/destinations\/asia\/malaysia\/malacca-city\/","title":{"rendered":"Malakka \u015eehri"},"content":{"rendered":"<p>Malaycada Bandaraya Melaka veya Kota Melaka olarak bilinen Malakka \u015eehri, ad\u0131n\u0131 ta\u015f\u0131yan nehrin her iki yakas\u0131nda, Malakka Bo\u011faz\u0131&#039;na d\u00f6k\u00fcld\u00fc\u011f\u00fc noktan\u0131n yak\u0131n\u0131nda ince bir arazi par\u00e7as\u0131 kaplar. Bu kritik deniz yolundaki en eski kentsel merkez olarak, \u015fehrin katmanl\u0131 tarihi her tu\u011fla ve parke ta\u015f\u0131nda yank\u0131lan\u0131r. Sokaklar\u0131, bir Sumatra prensinin ka\u00e7\u0131\u015f\u0131n\u0131, Asya&#039;n\u0131n en \u00f6nemli deniz arterinin kontrol\u00fc i\u00e7in \u00e7at\u0131\u015fan rakip imparatorluklar\u0131 ve alt\u0131 y\u00fczy\u0131ldan uzun bir s\u00fcredir limanlar\u0131ndan ge\u00e7en say\u0131s\u0131z ruhu (t\u00fcccarlar, hac\u0131lar, askerler) f\u0131s\u0131ldar.<\/p>\n\n\n\n<p>Srivijaya&#039;n\u0131n Majapahit g\u00fc\u00e7lerinin elinde y\u0131k\u0131lmas\u0131ndan ka\u00e7an Parameswara, Malakka Sultanl\u0131\u011f\u0131&#039;n\u0131n temelini att\u0131\u011f\u0131 andan itibaren bu yerle\u015fim dikkat \u00e7ekti. Sultan \u0130skender \u015eah ve haleflerinin y\u00f6netimi alt\u0131nda, baharat, tekstil, de\u011ferli metaller ve porselen ta\u015f\u0131yan ticaret gemileri burada g\u00fcvenli bir liman buldu. \u00c7in gemileri ve Arap dhow&#039;lar\u0131, G\u00fcney Asya gemileri ve Cava prahu&#039;lar\u0131 liman\u0131nda birle\u015ferek b\u00f6lgede benzeri olmayan kozmopolit bir ortam olu\u015fturdu. Sultanl\u0131\u011f\u0131n yasal kodu ve idari sistemi zamanla tak\u0131madalardaki Malay toplumlar\u0131n\u0131 etkileyecek, saray\u0131 ise incelik ve \u00f6\u011frenmeyle e\u015fanlaml\u0131 hale gelecekti.<\/p>\n\n\n\n<p>Bu alt\u0131n \u00e7a\u011f, Portekiz g\u00fc\u00e7lerinin \u015fehrin kalesini ele ge\u00e7irdi\u011fi 1511&#039;de sona erdi. Bu kalenin m\u00fctevaz\u0131 bir kal\u0131nt\u0131s\u0131 olan Porta de Santiago, ta\u015flar\u0131 yosunla kapl\u0131 bir \u015fekilde nehir k\u0131y\u0131s\u0131n\u0131n \u00fczerinde tek ba\u015f\u0131na bir n\u00f6bet\u00e7i olarak hala duruyor. Sonraki on y\u0131llarda Malakka, kom\u015fu sultanl\u0131klar\u0131n h\u0131rslar\u0131 ile Avrupal\u0131 \u200b\u200bs\u00f6m\u00fcrgecilerin tasar\u0131mlar\u0131 aras\u0131nda gidip geldi. Aceh&#039;in 17. y\u00fczy\u0131l\u0131n ba\u015flar\u0131ndaki sald\u0131r\u0131lar\u0131, Johor&#039;un y\u00f6neticileri Hollanda Do\u011fu Hindistan \u015eirketi ile ittifak halinde \u015fehri 1641&#039;de ele ge\u00e7irirken bile Portekiz y\u00f6netimini zay\u0131flatt\u0131. \u0130\u00e7 anla\u015fmazl\u0131klar Johor-Riau imparatorlu\u011funu ayr\u0131 Malay ve Bugis liderli\u011findeki siyasi yap\u0131lara b\u00f6ld\u00fc\u011f\u00fcnde, Hollanda etkisinden endi\u015fe duyan \u0130ngilizler devreye girdi. B\u00f6lgesel meselelerdeki elleri, anla\u015fmalar ve asker konu\u015fland\u0131rmalar\u0131 yoluyla b\u00fcy\u00fcd\u00fc ve Malakka&#039;n\u0131n Penang ve Singapur ile birlikte Bo\u011faz Yerle\u015fimleri&#039;ne dahil edilmesiyle sonu\u00e7land\u0131.<\/p>\n\n\n\n<p>\u0130ngiliz y\u00f6netimi alt\u0131nda \u015fehrin sokaklar\u0131 s\u00f6m\u00fcrge \u00e7ekirde\u011finin \u00f6tesine geni\u015fledi, \u00c7in d\u00fckkanlar\u0131n\u0131, Hint tap\u0131naklar\u0131n\u0131 ve camilerini katmanl\u0131 sadakatler ve i\u00e7 i\u00e7e ge\u00e7mi\u015f topluluklar manzaras\u0131nda bir araya getirdi. Ancak modernle\u015fme e\u015fitsiz bir \u015fekilde geldi; g\u00f6rkemli Viktorya d\u00f6nemi yap\u0131lar\u0131 atl\u0131 \u00fc\u00e7 tekerlekli arabalarla yol alan\u0131n\u0131 payla\u015f\u0131yordu ve geleneksel kampung (k\u00f6y) evleri yeni federal yollara biti\u015fikti. 1942&#039;den 1945&#039;e kadar s\u00fcren Japon i\u015fgali zorluklar getirdi: bir\u00e7ok sakin Burma&#039;da \u00d6l\u00fcm Demiryolu olarak bilinecek olan yerde zorunlu \u00e7al\u0131\u015fma i\u00e7in s\u0131n\u0131r d\u0131\u015f\u0131 edildi. Kurtulu\u015f \u0130ngiliz etkisini geri getirdi ve Malakka, Malezya&#039;n\u0131n 1963&#039;te kurulmas\u0131na kadar eyalet ba\u015fkenti stat\u00fcs\u00fcn\u00fc yeniden kazand\u0131.<\/p>\n\n\n\n<p>2008&#039;de UNESCO taraf\u0131ndan tan\u0131nmas\u0131, Penang&#039;daki George Town ile birlikte Malakka&#039;n\u0131n ya\u015fayan miras\u0131n\u0131 do\u011frulad\u0131. Bug\u00fcn, St. Paul Tepesi ve Hollanda Meydan\u0131&#039;nda merkezlenen tarihi \u00e7ekirde\u011fi, yaln\u0131zca bir an\u0131t koleksiyonu olarak de\u011fil, ayn\u0131 zamanda g\u00fcnl\u00fck hayat\u0131n imparatorlu\u011fun kal\u0131nt\u0131lar\u0131 aras\u0131nda ortaya \u00e7\u0131kt\u0131\u011f\u0131 bir b\u00f6lge olarak korunmaktad\u0131r. Bir zamanlar Hollanda belediye binas\u0131 olan Stadthuys, Tarih ve Etnografya M\u00fczeleri&#039;ne ev sahipli\u011fi yapmaktad\u0131r; Christ Church&#039;\u00fcn k\u0131z\u0131l cephesi hala Trafalgar Caddesi&#039;ni g\u00f6zetlemektedir. Bukit Cina&#039;n\u0131n yama\u00e7lar\u0131nda, G\u00fcneydo\u011fu Asya&#039;n\u0131n en b\u00fcy\u00fck \u00c7in mezarl\u0131klar\u0131ndan biri yer almaktad\u0131r ve mezar ta\u015flar\u0131 \u00fc\u00e7 as\u0131rdan fazla s\u00fcren s\u00fcrekli g\u00f6m\u00fcy\u00fc i\u015faret etmektedir.<\/p>\n\n\n\n<p>\u00c7a\u011fda\u015f Malakka, UNESCO b\u00f6lgesinden daha geni\u015f bir alan\u0131 kaplamaktad\u0131r. G\u00fcneydeki arazi \u0131slah projeleri, \u015fehrin in\u015fa edilmi\u015f alan\u0131n\u0131 iki kat\u0131na \u00e7\u0131kararak yeni k\u0131y\u0131 \u015feridi gezinti yerleri ve y\u00fcksek katl\u0131 yap\u0131lar yaratm\u0131\u015ft\u0131r. \u0130\u00e7 kesimlerde hafif\u00e7e dalgalanan d\u00fcz arazi, Kuala Lumpur&#039;dan karayoluyla yakla\u015f\u0131k 152 kilometre uzanan kentsel bir ayak izini desteklemektedir. Bir zamanlar ticaretin can damar\u0131 olan Malakka Nehri, art\u0131k kemerli k\u00f6pr\u00fclerin alt\u0131ndan ak\u015fam yeme\u011fi turlar\u0131 d\u00fczenleyerek, batik giysili teknelerin restore edilmi\u015f depolar\u0131n yan\u0131ndan ge\u00e7erken ge\u00e7mi\u015fi ve bug\u00fcn\u00fc birbirine ba\u011flamaktad\u0131r.<\/p>\n\n\n\n<p>Tropikal ya\u011fmur orman\u0131 iklimine tabi olan \u015fehir, ger\u00e7ek bir kurak mevsim veya so\u011fuk bir d\u00f6nem bilmez. Ya\u011f\u0131\u015f her ay 100 mm&#039;yi a\u015far, ancak yar\u0131madan\u0131n y\u0131ll\u0131k 2.500 mm ortalamas\u0131n\u0131n biraz alt\u0131nda kal\u0131r. Nem y\u0131l boyunca &#039;in \u00fczerinde seyreder, hava frangipani ve deniz spreyi kokusuyla yo\u011funla\u015f\u0131r. Bu tutarl\u0131l\u0131k, ziyaret\u00e7ilerin kesintisiz bir \u015fekilde ke\u015ffetmelerine olanak tan\u0131r, ancak \u00f6\u011fleden sonra ge\u00e7 saatlerde aniden bast\u0131ran sa\u011fanak ya\u011f\u0131\u015flar s\u0131kl\u0131kla g\u00f6r\u00fcl\u00fcr.<\/p>\n\n\n\n<p>Malakka \u015eehri demografik olarak miras topluluklar\u0131n\u0131n bir goblenidir. 2010 n\u00fcfus say\u0131m\u0131na g\u00f6re, yakla\u015f\u0131k yar\u0131m milyon sakini \u00e7o\u011funlu\u011fu Malaylardan, \u00f6nemli bir \u00c7inli az\u0131nl\u0131ktan, \u00f6nemli say\u0131da Hintli ve Avrasyal\u0131 topluluktan ve k\u00fc\u00e7\u00fck g\u00f6\u00e7men gruplar\u0131ndan olu\u015fuyordu. Y\u00fczy\u0131llar boyunca yap\u0131lan karma evlilikler, her biri kreol dillerini ve melez gelenekleri s\u00fcrd\u00fcren Peranakan (Baba Nyonya), Chitty ve Kristang halklar\u0131n\u0131n ortaya \u00e7\u0131kmas\u0131na neden oldu. Camiler, tap\u0131naklar ve kiliseler omuz omuza duruyor: \u0130slam, Budizm, Hinduizm, Hristiyanl\u0131k ve \u00c7in halk dinleri, birden fazla ibadethanenin &#034;Harmony Caddesi&#034;nde bulu\u015ftu\u011fu mahallelerde bir arada var oluyor.<\/p>\n\n\n\n<p>Ekonomik olarak, turizm \u015fehrin omurgas\u0131n\u0131 olu\u015fturur. Y\u0131l be y\u0131l, uluslararas\u0131 konferanslar Malakka Uluslararas\u0131 Ticaret Merkezi&#039;nin salonlar\u0131n\u0131 doldururken, Jonker Walk boyunca rehberli y\u00fcr\u00fcy\u00fc\u015fler hafta sonlar\u0131n\u0131 canland\u0131r\u0131r. Little India&#039;n\u0131n baharat d\u00fckkanlar\u0131, Portekiz Yerle\u015fimi&#039;nin mavi-beyaz fayanslarla s\u00fcslenmi\u015f ah\u015fap bungalovlar\u0131 ve Denizcilik M\u00fczesi&#039;nin Flor de la Mar&#039;\u0131n sad\u0131k kopyas\u0131 merakl\u0131 gezginleri cezbeder. \u015eehir, k\u00fcresel de\u011fi\u015fimdeki atalar\u0131ndan kalma rol\u00fcne bir g\u00f6nderme olarak \u00c7in&#039;in \u00f6nerdi\u011fi Deniz \u0130pek Yolu \u00fczerinde yer al\u0131r. Yeni bir Hang Tuah Ticaret Merkezi i\u00e7in h\u0131rslar, eski \u015fehrin kalbinde ticaret, e\u011fitim ve misafirperverli\u011fin daha fazla b\u00fct\u00fcnle\u015fmesini vaat ediyor.<\/p>\n\n\n\n<p>Malakka&#039;da hareket g\u00fcnl\u00fck olandan al\u0131\u015f\u0131lmad\u0131k olana kadar de\u011fi\u015fir. Federal rotalar Kuzey-G\u00fcney Ekspres Yolu&#039;na akar; Malakka Sentral \u015fehirleraras\u0131 otob\u00fcs ve taksi ba\u011flant\u0131lar\u0131n\u0131 merkezile\u015ftirir. Y\u00f6netici taksileri \u015fehri Singapur&#039;a ba\u011flarken, yerel \u00fc\u00e7 tekerlekli bisikletler Hollanda Meydan\u0131 \u00e7evresinde nostaljik yolculuklar sunar. Bir zamanlar sava\u015f zaman\u0131nda par\u00e7alanan raylar, Seremban&#039;a giden bir KTM servisi ve y\u0131llar s\u00fcren aradan sonra 2017&#039;de yeniden ba\u015flat\u0131lan Malakka Monoray&#039;\u0131 \u015feklinde geri d\u00f6nd\u00fc. Sumatra&#039;daki Dumai&#039;ye s\u0131k\u0131\u015ft\u0131r\u0131lm\u0131\u015f do\u011fal gazl\u0131 tramvay ve bir bo\u011faz k\u00f6pr\u00fcs\u00fc i\u00e7in planlar periyodik olarak ortaya \u00e7\u0131kt\u0131, ancak yaln\u0131zca nehir gezisi ve bir monoray g\u00fcvenilir demirba\u015flar olarak kald\u0131.<\/p>\n\n\n\n<p>K\u00fclt\u00fcrel d\u00f6n\u00fcm noktalar\u0131 Avrupa mahallesinin \u00f6tesine uzan\u0131r. Malezya&#039;n\u0131n en eski \u00c7in tap\u0131na\u011f\u0131 olan Cheng Hoon Teng, oyma ah\u015fap cephesinde hala rit\u00fceller ger\u00e7ekle\u015ftirir. Sri Poyatha Vinayagar Moorthi Tap\u0131na\u011f\u0131 ve Kampung Kling Camii kesi\u015fen bir inan\u00e7 koridorunu \u00e7er\u00e7eveler. K\u0131sa bir yoku\u015f yukar\u0131 yol, Portekiz ve Hollanda mezar ta\u015flar\u0131n\u0131n yosunlu duvarlar\u0131n alt\u0131nda bulan\u0131kla\u015ft\u0131\u011f\u0131 Saint Paul Kilisesi kal\u0131nt\u0131lar\u0131na \u00e7\u0131kar. M\u00fczeler Jalan Kota&#039;y\u0131 s\u0131ralar: Malay ve \u0130slam D\u00fcnyas\u0131 M\u00fczesi, Pul M\u00fczesi ve Melaka Sultanl\u0131\u011f\u0131 Saray M\u00fczesi (Sultan Mansur \u015eah&#039;\u0131n ah\u015fap saray\u0131n\u0131n 1985&#039;te yeniden in\u015fas\u0131) \u015fehrin hikayeli ge\u00e7mi\u015fine anlat\u0131sal derinlik sunar.<\/p>\n\n\n\n<p>Malakka&#039;n\u0131n hi\u00e7bir portresi, yemekleri olmadan tamamlanm\u0131\u015f say\u0131lmaz. Peranakan mutfaklar\u0131, fermente fasulye sosunda pi\u015firilen zengin k\u00fcmes hayvanlar\u0131 olan ayam pongteh ve ac\u0131 bir tropikal yemi\u015f etraf\u0131nda yap\u0131lan bir yemek olan ayam buah keluak \u00fcretir. Sokak sat\u0131c\u0131lar\u0131, Hainanese tavuklu pilav\u0131n\u0131 m\u00fckemmel k\u00fcrelere d\u00f6n\u00fc\u015ft\u00fcr\u00fcr, her bir ping pong topu b\u00fcy\u00fckl\u00fc\u011f\u00fcndeki tane, ince bir \u015fekilde baharatland\u0131r\u0131lm\u0131\u015f tavuk suyu i\u00e7in bir kapt\u0131r. Satay celup tezgahlar\u0131, m\u00fc\u015fterileri ikramlar\u0131n\u0131 kaynayan bir f\u0131st\u0131k sosu kazan\u0131na bat\u0131rmaya davet eden deniz \u00fcr\u00fcnleri ve sebzelerden olu\u015fan \u015fi\u015fleri ge\u00e7it t\u00f6renine \u00e7\u0131kar\u0131r; baharat ve kahkaha dolu ortak bir ziyafet. Portekiz Yerle\u015fiminde, aileler \u015feytan k\u00f6rileri ve deniz \u00fcr\u00fcnleri tabaklar\u0131 \u00fczerinde toplan\u0131r, Christ\u00e3o kreolleri 16. y\u00fczy\u0131lda gelenleri hat\u0131rlat\u0131r.<\/p>\n\n\n\n<p>Y\u00fczy\u0131llar s\u00fcren \u00e7alkant\u0131 ve yenilenme boyunca Malakka \u015eehri b\u00f6lgesel tarihin bir aynas\u0131 olarak varl\u0131\u011f\u0131n\u0131 s\u00fcrd\u00fcr\u00fcyor. Sokaklar\u0131 ve simge yap\u0131lar\u0131 imparatorlu\u011fa ve al\u0131\u015fveri\u015fe, \u00e7at\u0131\u015fmaya ve i\u015fbirli\u011fine tan\u0131kl\u0131k ediyor. Ancak bu b\u00fcy\u00fck anlat\u0131lar\u0131n \u00f6tesinde g\u00fcnl\u00fck ya\u015fam\u0131n ritimleri yat\u0131yor: \u015fafak vakti ezan sesi, bir klan evinde Mahjong ta\u015flar\u0131n\u0131n t\u0131k\u0131rt\u0131s\u0131, Jonker Walk&#039;\u0131n gece pazar\u0131n\u0131n karnaval\u0131. Burada, \u015fimdiki zaman ge\u00e7mi\u015ften ayr\u0131lamaz ve her k\u00f6\u015fe dikkatli bir okuyucuyu bekleyen bir hikaye bar\u0131nd\u0131r\u0131r. Malakka&#039;da zaman nehir gibi hareket eder\u2014istikrarl\u0131, derin ve her zaman denize do\u011fru.<\/p>","protected":false},"excerpt":{"rendered":"<p>2019&#039;da n\u00fcfusu 579.000 olan Malakka \u015eehri, Melaka Tengah B\u00f6lgesi&#039;nde bulunan Malezya Malakka eyaletinin ba\u015fkenti olarak hizmet vermektedir. Malakka Bo\u011faz\u0131&#039;ndaki en eski Malezya \u015fehridir ve Malakka Sultanl\u0131\u011f\u0131 d\u00f6neminde m\u00fcreffeh bir ticaret merkezi olarak \u00fcn kazanm\u0131\u015ft\u0131r. \u015eehrin ba\u015flang\u0131c\u0131, Majapahit nedeniyle Srivijaya&#039;n\u0131n \u00e7\u00f6k\u00fc\u015f\u00fcnden sonra Malay Yar\u0131madas\u0131&#039;na s\u0131\u011f\u0131nan bir Sumatra h\u00fck\u00fcmdar\u0131 olan Parameswara&#039;ya kadar uzanmaktad\u0131r. Onun liderli\u011finde, Orta Do\u011fu, G\u00fcney Asya ve Do\u011fu Asya&#039;dan t\u00fcccarlar\u0131n yan\u0131 s\u0131ra Asya ticaret yollar\u0131n\u0131 kontrol etmeyi ama\u00e7layan Portekizlileri de \u00e7eken Malakka Sultanl\u0131\u011f\u0131 kuruldu.<\/p>","protected":false},"author":1,"featured_media":2797,"parent":14710,"menu_order":0,"comment_status":"closed","ping_status":"closed","template":"elementor_theme","meta":{"_eb_attr":"","footnotes":""},"class_list":["post-14728","page","type-page","status-publish","has-post-thumbnail"],"_links":{"self":[{"href":"https:\/\/travelshelper.com\/tr\/wp-json\/wp\/v2\/pages\/14728","targetHints":{"allow":["GET"]}}],"collection":[{"href":"https:\/\/travelshelper.com\/tr\/wp-json\/wp\/v2\/pages"}],"about":[{"href":"https:\/\/travelshelper.com\/tr\/wp-json\/wp\/v2\/types\/page"}],"author":[{"embeddable":true,"href":"https:\/\/travelshelper.com\/tr\/wp-json\/wp\/v2\/users\/1"}],"replies":[{"embeddable":true,"href":"https:\/\/travelshelper.com\/tr\/wp-json\/wp\/v2\/comments?post=14728"}],"version-history":[{"count":0,"href":"https:\/\/travelshelper.com\/tr\/wp-json\/wp\/v2\/pages\/14728\/revisions"}],"up":[{"embeddable":true,"href":"https:\/\/travelshelper.com\/tr\/wp-json\/wp\/v2\/pages\/14710"}],"wp:featuredmedia":[{"embeddable":true,"href":"https:\/\/travelshelper.com\/tr\/wp-json\/wp\/v2\/media\/2797"}],"wp:attachment":[{"href":"https:\/\/travelshelper.com\/tr\/wp-json\/wp\/v2\/media?parent=14728"}],"curies":[{"name":"wp","href":"https:\/\/api.w.org\/{rel}","templated":true}]}}