{"id":14637,"date":"2024-09-19T21:47:03","date_gmt":"2024-09-19T21:47:03","guid":{"rendered":"https:\/\/travelshelper.com\/staging\/?page_id=14637"},"modified":"2026-03-11T22:25:22","modified_gmt":"2026-03-11T22:25:22","slug":"erivan","status":"publish","type":"page","link":"https:\/\/travelshelper.com\/tr\/destinations\/europe\/armenia\/yerevan\/","title":{"rendered":"Erivan"},"content":{"rendered":"<p>Erivan bug\u00fcn neredeyse \u00fc\u00e7 bin y\u0131l \u00f6ncesine uzanan bir s\u00fcreklili\u011fin hem koruyucusu hem de yararlan\u0131c\u0131s\u0131 olarak duruyor. M\u00d6 782&#039;de Kral Argishti I taraf\u0131ndan kurulan bir Urartu kalesi olan Erebuni&#039;deki ilk enkarnasyonundan bu yana \u015fehir, imparatorluklar\u0131n de\u011fi\u015fen talihlerine, halklar\u0131n gelgitlerine ve sakinlerinin yeniden in\u015fa etme ve uyum sa\u011flama konusundaki \u0131srarc\u0131 iradesine tan\u0131kl\u0131k etti. Ermeni Yaylas\u0131&#039;n\u0131n bir platosunda yer alan \u015fehir, Ararat Ovas\u0131&#039;n\u0131n bat\u0131 ucunu i\u015fgal ediyor, \u00fcst k\u0131s\u0131mlar\u0131 \u00fc\u00e7 taraf\u0131 da\u011flarla \u00e7evrili ve Hrazdan Nehri&#039;nin dik ge\u00e7idine iniyor. Modern haliyle Erivan, Ermenistan&#039;\u0131n idari kalbi, k\u00fclt\u00fcrel potas\u0131 ve end\u00fcstriyel motoru olarak hizmet ediyor; ancak her d\u00f6n\u00fc\u015fte ge\u00e7mi\u015fin kal\u0131nt\u0131lar\u0131 kentsel dokuya dokunmu\u015f durumda.<\/p>\n<p>G\u00fcn\u00fcm\u00fcz merkezinin yakla\u015f\u0131k sekiz kilometre g\u00fcneydo\u011fusundaki kayal\u0131k bir tepenin \u00fczerine t\u00fcnemi\u015f olan Erebuni kalesi, askeri bir kaleden daha fazlas\u0131 olarak d\u00fc\u015f\u00fcn\u00fclm\u00fc\u015ft\u00fc. \u00c7a\u011fda\u015f yaz\u0131tlar ve arkeolojik kan\u0131tlar, Argishti I&#039;in hem y\u00f6netim hem de ibadet yeri \u00f6ng\u00f6rd\u00fc\u011f\u00fcn\u00fc ortaya koyuyor; teokratik rit\u00fcelin ve kraliyet t\u00f6reninin birle\u015fti\u011fi bir yer. G\u00f6rkemli duvarlar\u0131na ve t\u00f6ren salonlar\u0131na ra\u011fmen, Urartu ba\u015fkenti uzun s\u00fcre \u00fcst\u00fcnl\u00fc\u011f\u00fcn\u00fc koruyamad\u0131. Sonraki Ermeni krall\u0131klar\u0131 ortaya \u00e7\u0131kt\u0131k\u00e7a, yeni iktidar merkezleri Erebuni&#039;yi g\u00f6lgede b\u0131rakt\u0131 ve yerle\u015fim, orta\u00e7a\u011f d\u00f6nemi \u00f6nemini neredeyse tamamen ortadan kald\u0131rana kadar azald\u0131.<\/p>\n<p>On yedinci y\u00fczy\u0131l\u0131n ba\u015flar\u0131nda Erivan&#039;\u0131n talihi dibe vurmu\u015ftu. 1603-1605 y\u0131llar\u0131ndaki B\u00fcy\u00fck Surgun s\u0131ras\u0131nda, \u0130ran&#039;\u0131n Safevi y\u00f6neticileri y\u00fcz binlerce Ermeni&#039;yi zorla s\u00fcrg\u00fcn ederek \u015fehri b\u00fcy\u00fck \u00f6l\u00e7\u00fcde \u0131ss\u0131z b\u0131rakt\u0131. 1679&#039;daki y\u0131k\u0131c\u0131 bir deprem daha sonra kasaban\u0131n geri kalan\u0131n\u0131 parampar\u00e7a etti ve m\u00fctevaz\u0131 konut koleksiyonunu moloza d\u00f6n\u00fc\u015ft\u00fcrd\u00fc. Yeniden yap\u0131lanma b\u00fcy\u00fck \u00f6l\u00e7\u00fcde k\u00fc\u00e7\u00fclt\u00fclm\u00fc\u015f bir \u00f6l\u00e7ekte ger\u00e7ekle\u015fti ve yeniden in\u015fa edilen kasaba, o d\u00f6nemden kalma baz\u0131 sokak hatlar\u0131n\u0131 alarak bug\u00fcnk\u00fc halini ald\u0131.<\/p>\n<p>1828&#039;de T\u00fcrkmen\u00e7ay Antla\u015fmas\u0131&#039;n\u0131n imzalanmas\u0131 Erivan&#039;\u0131 Rus \u0130mparatorlu\u011fu&#039;na dahil etti. \u00c7arl\u0131k y\u00f6netimi alt\u0131nda, \u0130ran ve Osmanl\u0131 topraklar\u0131na da\u011f\u0131lm\u0131\u015f olan Ermeniler geri gelmeye ba\u015flad\u0131. Yeni bir yerle\u015fimci dalgas\u0131, Erivan&#039;\u0131 ta\u015fral\u0131 bir geri kalm\u0131\u015fl\u0131ktan b\u00f6lgesel bir merkeze d\u00f6n\u00fc\u015ft\u00fcren bir canlanmaya ivme kazand\u0131rd\u0131. 1918&#039;de Birinci Ermenistan Cumhuriyeti \u015fekillendi\u011finde, o zamana kadar binlerce Ermeni soyk\u0131r\u0131m\u0131ndan kurtulan ki\u015fiye ev sahipli\u011fi yapan Erivan, Ermeni tarihinde on d\u00f6rd\u00fcnc\u00fc ve Ararat Ovas\u0131&#039;nda yedinci ulusal ba\u015fkent ilan edildi.<\/p>\n<p>Sovyet d\u00f6nemi daha sonra h\u0131zl\u0131 bir d\u00f6n\u00fc\u015f\u00fcm d\u00f6nemini ba\u015flatt\u0131. Birka\u00e7 on y\u0131l boyunca Erivan n\u00fcfus ve h\u0131rs bak\u0131m\u0131ndan b\u00fcy\u00fcd\u00fc. Ulusal motiflerle a\u015f\u0131lanm\u0131\u015f, \u00f6l\u00e7\u00fcl\u00fc bir neoklasik \u00fcslupla yap\u0131lm\u0131\u015f geni\u015f bulvarlar ve an\u0131tsal kamu binalar\u0131, ah\u015fap ev s\u0131ralar\u0131n\u0131n yerini ald\u0131. Sovyet y\u00f6netimi sona erdi\u011finde Erivan, Ermenistan&#039;\u0131n k\u00fclt\u00fcrel ve end\u00fcstriyel merkezi rol\u00fcn\u00fc sa\u011flamla\u015ft\u0131rm\u0131\u015ft\u0131.<\/p>\n<p>1990&#039;lar\u0131n ba\u015f\u0131ndaki ekonomik \u00e7alkant\u0131 bir g\u00f6\u00e7\u00fc tetikledi. 1989 ile 2003 y\u0131llar\u0131 aras\u0131nda \u015fehrin n\u00fcfusu yakla\u015f\u0131k 1,25 milyondan yakla\u015f\u0131k 1,09 milyona d\u00fc\u015ft\u00fc. Geride kalanlar ise \u00e7\u00f6kmekte olan altyap\u0131 ve ekonomik durgunlukla kar\u015f\u0131 kar\u015f\u0131ya kald\u0131. Yine de y\u00fczy\u0131l\u0131n ba\u015f\u0131 bir canlanmay\u0131 i\u015faret etti. Konut, ula\u015f\u0131m ve kamusal alanlara yap\u0131lan yenilenen yat\u0131r\u0131mlar ufuk \u00e7izgisini ve sokak hayat\u0131n\u0131 de\u011fi\u015ftirdi. Sovyet y\u0131llar\u0131nda nadir bulunan kafeler, butikler ve yaya gezinti yerleri, yeniden canland\u0131r\u0131lan Cumhuriyet Meydan\u0131, yeni d\u00f6\u015fenen Northern Avenue ve yemye\u015fil Cascade kompleksi boyunca mantar gibi \u00e7o\u011fald\u0131. 2011 y\u0131l\u0131na gelindi\u011finde \u015fehrin n\u00fcfusu bir milyonu ge\u00e7ti ve 2022 y\u0131l\u0131na gelindi\u011finde yakla\u015f\u0131k 1.086.677 ki\u015fiye ula\u015ft\u0131.<\/p>\n<p>Derin edebi ve akademik geleneklerinin tan\u0131nmas\u0131 nedeniyle UNESCO, Erivan&#039;\u0131 2012 D\u00fcnya Kitap Ba\u015fkenti olarak belirledi. Eurocities \u00fcyeli\u011fi, Ermeni ba\u015fkentini Avrupa belediye i\u015f birli\u011fi a\u011f\u0131n\u0131n i\u00e7ine daha da yerle\u015ftirdi. Ancak bu h\u0131zl\u0131 kentsel yenilemenin ele\u015ftirmenleri de oldu: tarihi Rus d\u00f6nemi ve yirminci y\u00fczy\u0131l\u0131n ba\u015flar\u0131ndan kalma yap\u0131lar\u0131n y\u0131k\u0131lmas\u0131 bazen eski sakinlerini evsiz b\u0131rakt\u0131 ve miras koruma konusundaki tart\u0131\u015fmalar belediye planlama oturumlar\u0131nda yank\u0131lanmaya devam ediyor.<\/p>\n<p>Erivan&#039;\u0131n rak\u0131m\u0131 Hrazdan k\u0131y\u0131lar\u0131nda deniz seviyesinden 865 metreden kuzeydo\u011fu y\u00fcksekliklerinde 1.390 metreye kadar de\u011fi\u015fir ve bu da onu n\u00fcfusu bir milyonu a\u015fan d\u00fcnyan\u0131n en y\u00fcksek elli \u015fehri aras\u0131na sokar. Yar\u0131 kurak, karasal bir bozk\u0131r iklimi y\u0131l\u0131n ritmini y\u00f6netir. Yazlar kavurucu derecede kurudur ve A\u011fustos ay\u0131nda g\u00fcnd\u00fcz termometreleri ara s\u0131ra 40 \u00b0C&#039;yi a\u015far; 12 Temmuz 2018&#039;de k\u0131r\u0131lan 43,7 \u00b0C&#039;lik rekor hala Ermeni meteoroloji y\u0131ll\u0131klar\u0131ndaki en y\u00fcksekler aras\u0131ndad\u0131r. K\u0131\u015flar k\u0131sa olsa da s\u0131cakl\u0131k -15 \u00b0C veya daha d\u00fc\u015f\u00fck seviyelere d\u00fc\u015febilir ve kar ya\u011f\u0131\u015f\u0131 \u015fehrin parklar\u0131n\u0131 \u00f6rter. Y\u0131ll\u0131k ya\u011f\u0131\u015f miktar\u0131 sadece 318 milimetredir ve a\u00e7\u0131k g\u00f6ky\u00fcz\u00fc her y\u0131l yakla\u015f\u0131k 2.700 saat g\u00fcne\u015f \u0131\u015f\u0131\u011f\u0131 sa\u011flar.<\/p>\n<p>\u0130dari olarak Erivan, Ermenistan&#039;\u0131n eyaletlerinden (marzer) farkl\u0131d\u0131r. Kuzeyde ve do\u011fuda Kotayk Eyaleti, g\u00fcneyde ve g\u00fcneybat\u0131da Ararat Eyaleti, bat\u0131da Armavir Eyaleti ve kuzeybat\u0131da Aragatsotn Eyaleti ile biti\u015fik \u00f6zel bir stat\u00fcye sahiptir. Belediye s\u0131n\u0131rlar\u0131 i\u00e7inde her biri kendine \u00f6zg\u00fc karaktere ve kamusal alanlara sahip on iki il\u00e7e bulunmaktad\u0131r.<\/p>\n<p>Yo\u011funlu\u011funa ra\u011fmen (yakla\u015f\u0131k 4.900 apartman binas\u0131, yakla\u015f\u0131k 65.000 sokak lambas\u0131 ve 1.080 kilometreden fazla yol) \u015fehir \u00f6nemli ye\u015fil alanlar\u0131 koruyor. Erebuni B\u00f6lgesi&#039;ndeki Lyon Park\u0131, M\u00d6 sekizinci y\u00fczy\u0131lda kalenin yan\u0131nda kurulan ve yapay olarak sulanan en eski bah\u00e7e alan\u0131n\u0131 kapl\u0131yor. Merkeze yak\u0131n olan \u0130ngiliz Park\u0131 ve Mare\u015fal Baghramyan Bulvar\u0131 boyunca uzanan A\u015f\u0131klar Park\u0131, on sekizinci ve on dokuzuncu y\u00fczy\u0131llara tarihleniyor. 1935&#039;te a\u00e7\u0131lan Erivan Botanik Bah\u00e7esi ve 1950&#039;lerin Zafer Park\u0131 geni\u015f bir ye\u015fillik sunarken, Opera Tiyatrosu Park\u0131&#039;n\u0131n Ku\u011fu G\u00f6l\u00fc k\u0131\u015f\u0131n e\u011flence ama\u00e7l\u0131 paten yapma imk\u00e2n\u0131 sunuyor. Her b\u00f6lgenin etraf\u0131ndaki mahalle bah\u00e7eleri (Ajapnyak&#039;taki Buenos Aires Park\u0131, Shengavit&#039;teki Komitas Park\u0131, Nor Nork&#039;taki Fridtjof Nansen Park\u0131 ve di\u011ferleri) yerel sakinlere hizmet ediyor. 1967 y\u0131l\u0131nda kent, Hrazdan&#039;\u0131n eski nehir yata\u011f\u0131nda yapay bir rezervuar olu\u015fturdu; Erivan G\u00f6l\u00fc&#039;n\u00fcn 0,65 kilometrekarelik yans\u0131t\u0131c\u0131 y\u00fczeyi art\u0131k rekreasyonel gezinti yollar\u0131n\u0131n demirba\u015f\u0131 olarak kullan\u0131l\u0131yor.<\/p>\n<p>Erebuni Kalesi, Urartu kap\u0131s\u0131 ve ta\u015f yaz\u0131tlar\u0131 bronz ve demir zamanlar\u0131n\u0131 \u00e7a\u011fr\u0131\u015ft\u0131ran \u015fehrin k\u00f6kenlerine dair bir mihenk ta\u015f\u0131 olmaya devam ediyor. 1264 y\u0131l\u0131nda in\u015fa edilen Katoghike Kilisesi, daha b\u00fcy\u00fck bir bazilikan\u0131n par\u00e7as\u0131 olarak varl\u0131\u011f\u0131n\u0131 s\u00fcrd\u00fcr\u00fcyor, sade ta\u015f nefi Sovyet d\u00f6nemi Cumhuriyet Meydan\u0131&#039;n\u0131n geni\u015f kemerlerine z\u0131t bir tevazu sunuyor. \u015eehrin do\u011fu ucunda, 2001 y\u0131l\u0131nda kutsanan Ayd\u0131nlat\u0131c\u0131 Aziz Gregory Katedrali, d\u00fcnyan\u0131n en b\u00fcy\u00fck Ermeni katedrali olarak h\u00fck\u00fcm s\u00fcr\u00fcyor, beyaz t\u00fcf cephesi Ermeni Hristiyanl\u0131\u011f\u0131n\u0131n 1.700 y\u0131ll\u0131k kemerinin bir kan\u0131t\u0131.<\/p>\n<p>Yak\u0131nlarda, Tsitsernakaberd An\u0131t kompleksi 1915 soyk\u0131r\u0131m\u0131n\u0131n an\u0131s\u0131n\u0131 koruyor. \u00dc\u00e7l\u00fc granit levhalar\u0131 ve ebedi alevi, foto\u011fraflar\u0131n ve kurtulanlar\u0131n tan\u0131kl\u0131klar\u0131n\u0131n ulusu yeniden \u015fekillendiren olaylara tan\u0131kl\u0131k etti\u011fi Ermeni Soyk\u0131r\u0131m\u0131 M\u00fczesi&#039;nin biti\u015fi\u011finde duruyor. Mashtots Caddesi&#039;ndeki Matenadaran k\u00fct\u00fcphanesi, yakla\u015f\u0131k 17.000 el yazmas\u0131na ev sahipli\u011fi yap\u0131yor; Ermeni, Yunan ve Orta Do\u011fu harflerinin evrimini anlatan ayd\u0131nlatmalar ve kenar notlar\u0131. Cumhuriyet Meydan\u0131&#039;ndaki binay\u0131 payla\u015fan Ulusal Galeri ve Tarih M\u00fczesi, Erivan&#039;\u0131n Avrasya k\u00fclt\u00fcr\u00fcn\u00fcn kav\u015fa\u011f\u0131 rol\u00fcn\u00fc yans\u0131tan hem yerel hem de Avrupa sanat eserlerini sergiliyor.<\/p>\n<p>Bilimsel merak, uzmanla\u015fm\u0131\u015f kurumlarda kendini g\u00f6sterir: Erebuni Rezervi yar\u0131 \u00e7\u00f6l bozk\u0131rlar\u0131n\u0131 ve endemik bitki \u00f6rt\u00fcs\u00fcn\u00fc korur; K\u00fc\u00e7\u00fck Einstein Etkile\u015fimli Bilim M\u00fczesi, \u00e7ocuklar\u0131 uygulamal\u0131 sergilerle me\u015fgul eder; Uzay M\u00fczesi ve ileti\u015fim ve t\u0131p m\u00fczeleri teknolojik geli\u015fmeleri kaydeder.<\/p>\n<p>Fetih ve s\u00fcrg\u00fcn d\u00f6nemleri boyunca Ermeni Apostolik Hristiyanl\u0131\u011f\u0131 varl\u0131\u011f\u0131n\u0131 s\u00fcrd\u00fcrd\u00fc. Surp Sarkis Katedrali&#039;nde bulunan Araratian Papal\u0131k Piskoposlu\u011fu, d\u00fcnyan\u0131n en eski piskoposluklar\u0131 aras\u0131nda yer al\u0131r. G\u00fcn\u00fcm\u00fczde \u015fehirde, her biri rit\u00fcel ve topluluk yeri olan on yedi aktif kilise ve d\u00f6rt \u015fapel bulunmaktad\u0131r. Klasik Ermenice veya Grabar, ayin kullan\u0131m\u0131nda varl\u0131\u011f\u0131n\u0131 s\u00fcrd\u00fcr\u00fcrken, en az\u0131ndan on \u00fc\u00e7\u00fcnc\u00fc y\u00fczy\u0131ldan beri \u015fekillenen yerel Erivan leh\u00e7esi, Rus\u00e7a ve Fars\u00e7a \u00f6d\u00fcn\u00e7 kelimeler ta\u015f\u0131r ve en yayg\u0131n Do\u011fu Ermenicesi \u00e7e\u015fidi olmaya devam eder.<\/p>\n<p>Demografik olarak Erivan, orta\u00e7a\u011f Ermeni \u00e7o\u011funlu\u011fundan 19. y\u00fczy\u0131lda kar\u0131\u015f\u0131k bir M\u00fcsl\u00fcman ve Ermeni n\u00fcfusuna ve 20. y\u00fczy\u0131l\u0131n sonlar\u0131nda tekrar ezici bir Ermeni karakterine d\u00f6n\u00fc\u015ft\u00fc. Osmanl\u0131 s\u00fcrg\u00fcnleri, Rus geri g\u00f6ndermeleri ve soyk\u0131r\u0131m d\u00f6neminin trajik g\u00f6\u00e7leri, kentsel mozai\u011fi silinmez bir \u015fekilde de\u011fi\u015ftiren geri d\u00f6n\u00fc\u015f ve yeniden yerle\u015fim dalgalar\u0131 olu\u015fturdu.<\/p>\n<p>Eski ta\u015f \u015fapeller -Avan&#039;daki Tanr\u0131&#039;n\u0131n Kutsal Annesi \u015fapeli, Tsiranavor Kilisesi- orta\u00e7a\u011f kulelerinin molozlar\u0131 aras\u0131nda kuzey banliy\u00f6lerinde varl\u0131\u011f\u0131n\u0131 s\u00fcrd\u00fcr\u00fcyor. Hrazdan boyunca, on yedinci y\u00fczy\u0131ldan kalma k\u0131rm\u0131z\u0131 bir k\u00f6pr\u00fc hem y\u0131k\u0131mdan hem de yeniden in\u015fadan bahsediyor. Sovyet d\u00f6nemleri, Zafer Park\u0131&#039;n\u0131n \u00e7ok yukar\u0131s\u0131ndaki Ana Ermenistan heykelinde ve Opera Tiyatrosu ile Moskova Sinemas\u0131&#039;n\u0131n Sovyet tarz\u0131 cephelerinde an\u0131l\u0131yor. Daha yak\u0131n tarihli i\u015faretler aras\u0131nda Garegin Nzhdeh an\u0131t\u0131 (2016) ve \u00fccretsiz konserlerin ve heykelsi enstalasyonlar\u0131n yaya omurgas\u0131n\u0131 canland\u0131rd\u0131\u011f\u0131 Cafesjian Merkezi&#039;nin sanatla dolu basamakl\u0131 teraslar\u0131 yer al\u0131yor.<\/p>\n<p>\u015eehrin bat\u0131s\u0131nda on iki kilometre uzakl\u0131ktaki Zvartnots Uluslararas\u0131 Havaalan\u0131 ticari u\u00e7u\u015flara hizmet verirken, biti\u015fikteki Erebuni Havaalan\u0131 askeri ve \u00f6zel havac\u0131l\u0131k hizmetleri veriyor. \u015eehir i\u00e7inde ula\u015f\u0131m belediye troleyb\u00fcsleri, \u015fehir i\u00e7i otob\u00fcsleri ve \u00f6zel olarak i\u015fletilen mar\u015frutka minib\u00fcslerinden olu\u015fan bir karma\u015fa. Mar\u015frutkalar yolcu yolculuklar\u0131n\u0131n yar\u0131s\u0131ndan fazlas\u0131n\u0131 olu\u015fturmas\u0131na ra\u011fmen, birle\u015fik biletlemenin olmamas\u0131 ve de\u011fi\u015fken standartlar d\u00fczenleyicileri zorluyor. Karen Demirchyan&#039;\u0131n ad\u0131n\u0131 ta\u015f\u0131yan Erivan Metrosu, 1981&#039;den beri ba\u015fkente hizmet veriyor ve on istasyonu boyunca g\u00fcnl\u00fck yakla\u015f\u0131k 60.000 yolcu ta\u015f\u0131yor. Uzun mesafeli demir yolu ba\u011flant\u0131lar\u0131 \u00e7o\u011funlukla Tiflis&#039;e ve Ermenistan&#039;a gidiyor; T\u00fcrkiye ve Azerbaycan&#039;a giden rotalar kapal\u0131 kalmaya devam ediyor.<\/p>\n<p>Bir zamanlar Sovyet sonras\u0131 \u00e7\u00f6k\u00fc\u015fle darbe alan end\u00fcstri, kimyasallar, metalurji, makine, tekstil ve g\u0131da i\u015fleme alanlar\u0131nda g\u00fc\u00e7l\u00fc y\u00f6nlerini koruyor. Ermenistan&#039;\u0131n end\u00fcstriyel \u00fcretiminin yakla\u015f\u0131k &#039;i Erivan&#039;dan geliyor. Turizm art\u0131k \u00fcretimi destekliyor: l\u00fcks oteller\u2014Marriott, Hyatt, Radisson Blu\u2014ve Dalma Garden Mall, Erivan Mall ve Rossia Mall gibi yeni al\u0131\u015fveri\u015f merkezleri uluslararas\u0131 ziyaret\u00e7ilere hitap ediyor. Cumhuriyet Meydan\u0131&#039;n\u0131n dans eden \u00e7e\u015fmeleri ve A\u011fr\u0131 Da\u011f\u0131&#039;n\u0131n panoramik manzaras\u0131 her y\u0131l binlerce ki\u015fiyi cezbediyor.<\/p>\n<p>Merkezde, mimar Alexander Tamanian&#039;\u0131n e\u015fmerkezli plan\u0131 olan Kentron, Kuzey Caddesi&#039;nin cam cepheleri ve kafeleriyle birle\u015fen Cumhuriyet Meydan\u0131 ve Opera b\u00f6lgesini kucakl\u0131yor. Kuzeyde, Barekamutyun&#039;un kapal\u0131 \u00e7ar\u015f\u0131s\u0131 y\u00fczy\u0131llard\u0131r s\u00fcren ticareti hat\u0131rlat\u0131yor. Halk aras\u0131nda An\u0131t olarak bilinen alan, basamakl\u0131 basamaklar ve Sovyet zafer an\u0131t\u0131n\u0131n etraf\u0131nda y\u00fckseliyor. Daha uzakta, Erebuni&#039;nin antik kal\u0131nt\u0131lar\u0131 banliy\u00f6 trenlerinin g\u00f6lgeleri alt\u0131nda uzan\u0131rken, Banglade\u015f lakapl\u0131 b\u00f6lge (\u00e7ekirdekten uzakl\u0131\u011f\u0131 nedeniyle bu \u015fekilde adland\u0131r\u0131l\u0131r) \u015fehrin en b\u00fcy\u00fck a\u00e7\u0131k hava pazar\u0131na ev sahipli\u011fi yap\u0131yor. Erivan&#039;\u0131n son Sovyet d\u00f6nemi konut uzant\u0131s\u0131 olan Nor Nork, gezginleri Garni ve Geghard tap\u0131naklar\u0131na y\u00f6nlendiriyor.<\/p>\n<p>Y\u0131k\u0131l\u0131p yeniden in\u015fa edilmi\u015f, hakk\u0131nda \u015fark\u0131lar s\u00f6ylenmi\u015f ve yas tutulmu\u015f bir \u015fehirde, Erivan bug\u00fcn sessiz bir g\u00fcven yay\u0131yor. Antik \u00e7a\u011f\u0131n a\u011f\u0131rl\u0131\u011f\u0131n\u0131, yenilenmenin acil s\u00f6ylemiyle dengeliyor. Herhangi bir bahar sabah\u0131, yeni dikilmi\u015f \u00e7\u0131nar a\u011fa\u00e7lar\u0131n\u0131n alt\u0131nda, on yedinci y\u00fczy\u0131l ta\u015flar\u0131n\u0131n yan\u0131nda y\u00fcr\u00fcyebilir, Fars\u00e7a kal\u0131nt\u0131larla s\u00fcslenmi\u015f g\u00fcnl\u00fck ifadeleri duyabilir ve sisin aras\u0131ndan A\u011fr\u0131&#039;n\u0131n ikiz zirvelerini g\u00f6rebilirsiniz. Sokaklar\u0131nda y\u00fcr\u00fcyenler haf\u0131za katmanlar\u0131yla etkile\u015fime girer: her bulvar ve bah\u00e7e yolu, her kilise ve \u00e7e\u015fme, aralar\u0131nda Urartu rahipleri, Rus m\u00fchendisleri, Sovyet \u015fairleri ve bu \u015fehrin s\u00fcrekli geli\u015fen hikayesini \u015fekillendirmeye devam eden g\u00fcn\u00fcm\u00fcz vatanda\u015flar\u0131 olmak \u00fczere say\u0131s\u0131z ya\u015fam\u0131n izini ta\u015f\u0131r.<\/p>","protected":false},"excerpt":{"rendered":"<p>Ermenistan&#039;\u0131n ba\u015fkenti ve en b\u00fcy\u00fck \u015fehri olan Hrazdan Nehri k\u0131y\u0131s\u0131nda yer alan Erivan, 2022 itibar\u0131yla 1.092.800 n\u00fcfusa sahip olup, \u00fclke toplam\u0131n\u0131n &#039;inden fazlas\u0131n\u0131 olu\u015fturmaktad\u0131r. D\u00fcnyan\u0131n en eski s\u00fcrekli yerle\u015fimli \u015fehirlerinden biri olan bu antik \u015fehir, insan dayan\u0131kl\u0131l\u0131\u011f\u0131n\u0131n ve k\u00fclt\u00fcrel s\u00fcreklili\u011fin kan\u0131t\u0131d\u0131r. Binlerce y\u0131ld\u0131r Erivan&#039;\u0131n Ararat Ovas\u0131&#039;n\u0131n bat\u0131 ucundaki stratejik konumu Ermeni tarihine, k\u00fclt\u00fcr\u00fcne ve ekonomisine hakim olmu\u015ftur.<\/p>","protected":false},"author":1,"featured_media":3901,"parent":14631,"menu_order":0,"comment_status":"closed","ping_status":"closed","template":"elementor_theme","meta":{"_eb_attr":"","footnotes":""},"class_list":["post-14637","page","type-page","status-publish","has-post-thumbnail"],"_links":{"self":[{"href":"https:\/\/travelshelper.com\/tr\/wp-json\/wp\/v2\/pages\/14637","targetHints":{"allow":["GET"]}}],"collection":[{"href":"https:\/\/travelshelper.com\/tr\/wp-json\/wp\/v2\/pages"}],"about":[{"href":"https:\/\/travelshelper.com\/tr\/wp-json\/wp\/v2\/types\/page"}],"author":[{"embeddable":true,"href":"https:\/\/travelshelper.com\/tr\/wp-json\/wp\/v2\/users\/1"}],"replies":[{"embeddable":true,"href":"https:\/\/travelshelper.com\/tr\/wp-json\/wp\/v2\/comments?post=14637"}],"version-history":[{"count":0,"href":"https:\/\/travelshelper.com\/tr\/wp-json\/wp\/v2\/pages\/14637\/revisions"}],"up":[{"embeddable":true,"href":"https:\/\/travelshelper.com\/tr\/wp-json\/wp\/v2\/pages\/14631"}],"wp:featuredmedia":[{"embeddable":true,"href":"https:\/\/travelshelper.com\/tr\/wp-json\/wp\/v2\/media\/3901"}],"wp:attachment":[{"href":"https:\/\/travelshelper.com\/tr\/wp-json\/wp\/v2\/media?parent=14637"}],"curies":[{"name":"wp","href":"https:\/\/api.w.org\/{rel}","templated":true}]}}