{"id":14631,"date":"2024-09-19T21:40:05","date_gmt":"2024-09-19T21:40:05","guid":{"rendered":"https:\/\/travelshelper.com\/staging\/?page_id=14631"},"modified":"2026-03-11T21:52:53","modified_gmt":"2026-03-11T21:52:53","slug":"ermenistan","status":"publish","type":"page","link":"https:\/\/travelshelper.com\/tr\/destinations\/europe\/armenia\/","title":{"rendered":"Ermenistan"},"content":{"rendered":"<p>Ermenistan, k\u0131talar\u0131n kav\u015fa\u011f\u0131nda m\u00fctevaz\u0131 bir yayla arazisi i\u015fgal eder ve burada eski imparatorluklar\u0131n hatlar\u0131 hala g\u00fcnl\u00fck ya\u015fam\u0131 \u015fekillendirir. Bat\u0131 Asya&#039;n\u0131n Ermeni Yaylalar\u0131&#039;nda yer alan ve s\u0131kl\u0131kla G\u00fcney Kafkasya \u00fclkeleri aras\u0131nda say\u0131lan Ermenistan, bat\u0131da T\u00fcrkiye, kuzeyde G\u00fcrcistan, do\u011fuda Azerbaycan ve g\u00fcneyde \u0130ran ile Azerbaycan&#039;\u0131n Nah\u00e7\u0131van eksklav\u0131na biti\u015fiktir. Ba\u015fkenti ve ba\u015fl\u0131ca finans merkezi olan Erivan, Hrazdan Nehri \u00fczerinde yer al\u0131r ve hem modern bir metropol hem de binlerce y\u0131ll\u0131k geleneklerin koruyucusu olarak durmaktad\u0131r.<\/p>\n<p>Ermeni kimli\u011finin k\u00f6keni, bir zamanlar Hayasa-Azzi, Shupria ve Nairi konfederasyonlar\u0131n\u0131n ya\u015fad\u0131\u011f\u0131 b\u00f6lge olan Ermeni Yaylalar\u0131&#039;n\u0131n hacimli y\u0131ll\u0131klar\u0131nda yatmaktad\u0131r. M\u00d6 alt\u0131nc\u0131 y\u00fczy\u0131la gelindi\u011finde, kendisi de Hint-Avrupa ailesinin bir kolu olan Proto-Ermeni&#039;nin eski bir bi\u00e7imi yerel dillere i\u015flemi\u015fti. M\u00d6 860&#039;ta Urartu, ilk konsolide Ermeni devleti olarak ortaya \u00e7\u0131kt\u0131. H\u0131rslar\u0131 azald\u0131 ve M\u00d6 alt\u0131nc\u0131 y\u00fczy\u0131lda Ahameni\u015f satrapl\u0131k y\u00f6netimine boyun e\u011fdi. Yine de M\u00d6 birinci y\u00fczy\u0131lda, II. Tigranes d\u00f6neminde, Karadeniz&#039;den Mezopotamya&#039;ya uzanan bir Ermeni krall\u0131\u011f\u0131 zirveye ula\u015ft\u0131. K\u0131sa bir y\u00fczy\u0131l sonra, MS 301&#039;de Ermenistan, Hristiyanl\u0131\u011f\u0131 resmi inanc\u0131 olarak onaylayan ilk devlet olarak tarihe ge\u00e7ti; bu eylem, Ermeni Apostolik Kilisesi&#039;ne d\u00fcnyan\u0131n en eski ulusal kilisesi olma ayr\u0131cal\u0131\u011f\u0131n\u0131 kazand\u0131rd\u0131.<\/p>\n<p>Sonraki y\u00fczy\u0131llarda Ermenistan, Bizans ve Sasani Persleri aras\u0131nda b\u00f6l\u00fcnd\u00fc, her g\u00fc\u00e7 kendi idari bi\u00e7imlerini dayatt\u0131. Dokuzuncu y\u00fczy\u0131l, 1045&#039;e kadar bir Ermeni krall\u0131\u011f\u0131n\u0131 yeniden kuran Bagratuni hanedan\u0131 alt\u0131nda ge\u00e7ici bir canlanma getirdi. Gerileme izledi, ancak on birinci y\u00fczy\u0131lda Ermeni soylular, do\u011fu Akdeniz&#039;deki Kilikya&#039;da bir deniz prensli\u011fi kurmu\u015ftu. Bu siyasi yap\u0131, Anadolu Osmanl\u0131 egemenli\u011fine girerken bile Ermeni yasal ve dini kurumlar\u0131n\u0131 koruyarak on d\u00f6rd\u00fcnc\u00fc y\u00fczy\u0131la kadar varl\u0131\u011f\u0131n\u0131 s\u00fcrd\u00fcrd\u00fc.<\/p>\n<p>On alt\u0131nc\u0131 y\u00fczy\u0131lda Osmanl\u0131 ve Pers egemenli\u011finin y\u00fckseli\u015fiyle Ermeni anavatan\u0131, ard\u0131\u015f\u0131k sava\u015flarda sembolik olarak takas edilen do\u011fu ve bat\u0131 yar\u0131mlar\u0131na b\u00f6l\u00fcnd\u00fc. On dokuzuncu y\u00fczy\u0131la gelindi\u011finde, Rusya Do\u011fu Ermenistan&#039;\u0131 emmi\u015fken, Bat\u0131 Ermenistan Osmanl\u0131 egemenli\u011fi alt\u0131nda kald\u0131. Birinci D\u00fcnya Sava\u015f\u0131, Osmanl\u0131 g\u00fc\u00e7lerinin 1,5 milyona kadar Ermeni&#039;yi sistematik imhaya tabi tutmas\u0131yla y\u0131k\u0131ma yol a\u00e7t\u0131. Rus Devrimi&#039;nin k\u0131\u015fk\u0131rtt\u0131\u011f\u0131 karga\u015fada, Ermenistan 1918&#039;de k\u0131sa bir s\u00fcre cumhuriyet olarak ortaya \u00e7\u0131kt\u0131, ancak 1920&#039;de Sovyetler Birli\u011fi taraf\u0131ndan yutuldu. 1991&#039;deki Sovyetler da\u011f\u0131l\u0131ncaya kadar Ermeni Sovyet Sosyalist Cumhuriyeti olarak kalacakt\u0131 ve ard\u0131ndan \u015fimdiki Ermenistan Cumhuriyeti egemenli\u011fini geri ald\u0131.<\/p>\n<p>Co\u011frafya \u00fclkenin her k\u00f6\u015fesinde kendini g\u00f6sterir. Yakla\u015f\u0131k 29.743 kilometrekarelik alan\u0131 kaplayan Ermenistan, ezici bir \u015fekilde da\u011fl\u0131kt\u0131r; y\u00fczeyinin y\u00fczde seksen be\u015finden fazlas\u0131 1.000 metrenin \u00fczerindedir. H\u0131zl\u0131 akan nehirler derin ge\u00e7itleri yarar, toprak nadiren 390 metrenin alt\u0131na iner. Aragats Da\u011f\u0131 deniz seviyesinden 4.090 metre y\u00fcksektedir, \u015fimdi T\u00fcrkiye s\u0131n\u0131rlar\u0131 i\u00e7inde olan efsanevi A\u011fr\u0131 Da\u011f\u0131 ise 5.137 metre y\u00fcksekliktedir ve Ermeni armas\u0131nda g\u00fc\u00e7l\u00fc bir amblem olarak varl\u0131\u011f\u0131n\u0131 s\u00fcrd\u00fcrmektedir. \u0130ki ana ekob\u00f6lge\u2014Kafkas karma ormanlar\u0131 ve Do\u011fu Anadolu da\u011fl\u0131k bozk\u0131rlar\u0131\u2014zengin biyolojik \u00e7e\u015fitlili\u011fe ev sahipli\u011fi yapmaktad\u0131r.<\/p>\n<p>\u0130klim rak\u0131m\u0131 yans\u0131t\u0131r. Yazlar s\u0131cak, kuru ve g\u00fcne\u015flidir, d\u00fc\u015f\u00fck nem ve vadilere do\u011fru akan ak\u015fam da\u011f esintileriyle yumu\u015fat\u0131l\u0131r. K\u0131sa baharlar, yapraklar\u0131n ate\u015fli tonlarda olgunla\u015ft\u0131\u011f\u0131 uzun sonbaharlara yol a\u00e7ar. K\u0131\u015flar bol kar ve -10 \u00b0C&#039;ye d\u00fc\u015fen s\u0131cakl\u0131klar getirir ve merakl\u0131lar\u0131 Erivan&#039;dan sadece yar\u0131m saat uzakl\u0131ktaki Tsaghkadzor yama\u00e7lar\u0131na davet eder. D\u00fcnyan\u0131n en y\u00fcksek ikinci b\u00fcy\u00fck g\u00f6l\u00fc olan 1.900 metre y\u00fckseklikteki Sevan G\u00f6l\u00fc k\u0131\u015f\u0131n donar ancak daha s\u0131cak aylarda rekreasyon ve bal\u0131k\u00e7\u0131l\u0131k i\u00e7in bir yer olarak hizmet eder.<\/p>\n<p>\u0130dari olarak Ermenistan, her biri ulusal h\u00fck\u00fcmet taraf\u0131ndan atanan bir vali taraf\u0131ndan denetlenen on ile ayr\u0131l\u0131r. Erivan, do\u011frudan se\u00e7ilmi\u015f bir belediye ba\u015fkan\u0131 ve on iki yar\u0131 \u00f6zerk il\u00e7e ile ayr\u0131 durur. \u0130ller, k\u0131rk dokuzu kentsel ve sekiz y\u00fcz altm\u0131\u015f alt\u0131s\u0131 k\u0131rsal olmak \u00fczere dokuz y\u00fcz on be\u015ften olu\u015fan kendi kendini y\u00f6neten topluluklara ayr\u0131l\u0131r. Bu belediye birimleri, hem kasabalar\u0131 hem de k\u00f6yleri kapsar ve d\u00f6n\u00fc\u015f\u00fcml\u00fc olarak yo\u011fun yerle\u015fimleri ve izole edilmi\u015f k\u00f6yleri besleyen bir araziyi yans\u0131t\u0131r.<\/p>\n<p>Modern ekonomi, geni\u015f bir diasporan\u0131n para transferleriyle desteklenen bir end\u00fcstri ve mineral \u00e7\u0131karma kar\u0131\u015f\u0131m\u0131na dayanmaktad\u0131r. 1991&#039;den \u00f6nce, Ermenistan&#039;\u0131n Sovyet d\u00f6nemi ekonomisi makine, elektronik, i\u015flenmi\u015f g\u0131da ve tekstil \u00fcreten end\u00fcstriyel odakl\u0131yd\u0131. Ba\u011f\u0131ms\u0131zl\u0131ktan sonra, tar\u0131m\u0131n istihdamdaki pay\u0131, 2000&#039;lerin ortalar\u0131nda GSY\u0130H&#039;n\u0131n yakla\u015f\u0131k y\u00fczde yirmisinde sabitlenmeden \u00f6nce, g\u0131da g\u00fcvenli\u011fi zorunluluklar\u0131 taraf\u0131ndan y\u00f6nlendirilerek y\u00fczde k\u0131rka y\u00fckseldi. G\u00fcn\u00fcm\u00fczde, genellikle yurtd\u0131\u015f\u0131nda ya\u015fayan Ermeniler arac\u0131l\u0131\u011f\u0131yla y\u00f6nlendirilen yabanc\u0131 yat\u0131r\u0131m, altyap\u0131, teknoloji ve turizm geli\u015fiminde kritik bir rol oynamaktad\u0131r.<\/p>\n<p>Demografik olarak, Ermenistan 2025 itibar\u0131yla yakla\u015f\u0131k 3.081.100 n\u00fcfusa sahiptir ve bu da onu eski Sovyet cumhuriyetleri aras\u0131nda en yo\u011fun n\u00fcfusa sahip olanlardan biri yapar. G\u00f6\u00e7 1990&#039;larda artt\u0131 ancak o zamandan beri azald\u0131 ve 2012&#039;den itibaren m\u00fctevaz\u0131 bir n\u00fcfus art\u0131\u015f\u0131 g\u00f6zlemlendi. S\u0131n\u0131rlar\u0131n\u0131n \u00f6tesinde, sekiz milyon oldu\u011fu tahmin edilen geni\u015f bir diaspora Rusya, Fransa, Amerika Birle\u015fik Devletleri, \u0130ran, L\u00fcbnan ve ba\u015fka yerlerde geli\u015fiyor. T\u00fcrkiye&#039;de, \u00f6zellikle \u0130stanbul \u00e7evresinde tarihi topluluklar varl\u0131\u011f\u0131n\u0131 s\u00fcrd\u00fcr\u00fcyor ve k\u00fc\u00e7\u00fck Ermeni yerle\u015fimleri Kud\u00fcs&#039;\u00fcn Eski Kenti&#039;nde ve Venedik yak\u0131nlar\u0131ndaki San Lazzaro adas\u0131nda varl\u0131\u011f\u0131n\u0131 s\u00fcrd\u00fcr\u00fcyor; Mechitarist manast\u0131r\u0131 y\u00fczy\u0131llard\u0131r s\u00fcren bilgi birikimini koruyor.<\/p>\n<p>Etnik Ermeniler n\u00fcfusun ,1&#039;ini olu\u015fturur. Ezidiler yakla\u015f\u0131k %1,1 ile en b\u00fcy\u00fck az\u0131nl\u0131\u011f\u0131 olu\u015ftururken, Ruslar yakla\u015f\u0131k %0,5&#039;lik bir paya sahiptir. Di\u011fer gruplar - Asuriler, Yunanl\u0131lar, G\u00fcrc\u00fcler, K\u00fcrtler, Yahudiler ve daha fazlas\u0131 - mozai\u011fe katk\u0131da bulunur. Da\u011fl\u0131k Karaba\u011f \u00e7at\u0131\u015fmas\u0131na kadar, Azerbaycanl\u0131lar bir zamanlar \u00f6nemli bir az\u0131nl\u0131kt\u0131, ancak neredeyse hepsi 1990&#039;da ayr\u0131ld\u0131. Tersine, Azerbaycan&#039;dan gelen Ermeni m\u00fclteci dalgalar\u0131 \u00fclkenin g\u00f6receli homojenli\u011fine katk\u0131da bulunmu\u015ftur.<\/p>\n<p>MS 405 civar\u0131nda Mesrop\u200c Mashtots taraf\u0131ndan icat edilen bir alfabeyle yaz\u0131lan Ermenice dili, tek resmi dil olmaya devam ediyor. Otuz dokuz harfi (aslen otuz alt\u0131, sonradan \u00fc\u00e7\u00fc eklenmi\u015f) on alt\u0131 y\u00fczy\u0131la yay\u0131lan edebi bir gelene\u011fin alt\u0131n\u0131 \u00e7iziyor. Rus\u00e7a, Sovyet y\u00f6netimi alt\u0131ndaki on y\u0131llar\u0131 yans\u0131tan yayg\u0131n olarak konu\u015fulan ikinci bir dil olarak varl\u0131\u011f\u0131n\u0131 s\u00fcrd\u00fcr\u00fcrken, \u0130ngilizce okullarda ve kent merkezlerinde yer edindi.<\/p>\n<p>Din, her k\u00f6y ve kasabaya damgas\u0131n\u0131 vurur. Ermenilerin y\u00fczde doksan \u00fc\u00e7\u00fcnden fazlas\u0131 Ermeni Apostolik Kilisesi&#039;ne ba\u011fl\u0131d\u0131r. MS birinci y\u00fczy\u0131lda Havariler Thaddaeus ve Bartholomew&#039;un misyonlar\u0131na dayanan bu kilise, Do\u011fu Ortodoks cemaatine aittir. Be\u015finci y\u00fczy\u0131la ait nefiyle Etchmiadzin&#039;deki Katolikosluk merkezi, d\u00fcnyan\u0131n en eski katedrallerinden biri olarak ayakta durmaktad\u0131r. Hem Ermeni hem de Latin Katolik cemaatleri, Protestan topluluklar\u0131, Rus k\u00f6kenli Malakan gruplar\u0131 ve Erivan ve Sevan&#039;da yo\u011funla\u015fm\u0131\u015f k\u00fc\u00e7\u00fck bir Yahudi toplulu\u011fu gibi varl\u0131klar\u0131n\u0131 s\u00fcrd\u00fcrmektedir.<\/p>\n<p>Yezidilik, 2019&#039;da Quba M\u00ear\u00ea D\u00eewan\u00ea tap\u0131na\u011f\u0131n\u0131n a\u00e7\u0131ld\u0131\u011f\u0131 ve kadim rit\u00fcellerin canland\u0131r\u0131ld\u0131\u011f\u0131 bat\u0131 yayla k\u00f6ylerinde varl\u0131\u011f\u0131n\u0131 s\u00fcrd\u00fcr\u00fcyor. Bu dini ak\u0131mlar, Ermeni Apostolik Kilisesi&#039;ni tan\u0131rken herkes i\u00e7in ibadet \u00f6zg\u00fcrl\u00fc\u011f\u00fcn\u00fc savunan bir anayasa alt\u0131nda bir arada var oluyor.<\/p>\n<p>Ermeni mimarisi sismik zorunluluklar\u0131n izlerini ta\u015f\u0131r. Kal\u0131n ta\u015f duvarlar ve al\u00e7ak profiller sars\u0131nt\u0131lara kar\u015f\u0131 koruma sa\u011flarken, bol miktarda yerel t\u00fcf ve bazalt kal\u0131c\u0131 ayr\u0131cal\u0131kl\u0131 binalar sunar. Antik \u00e7a\u011flardan kalma \u00e7ok az ah\u015fap yap\u0131 kalm\u0131\u015f olsa da, Ani ve di\u011ferlerinin orta\u00e7a\u011f ba\u015fkentleri kaybolmu\u015f yerle\u015fimlerin ana hatlar\u0131n\u0131 yans\u0131t\u0131r. Her vadide, kiliseler ve manast\u0131rlar\u2014Geghard u\u00e7urumlara oyulmu\u015f, Garni&#039;nin simetrik s\u00fctunlar\u0131, Noravank&#039;\u0131n \u00f6zenle oyulmu\u015f kap\u0131lar\u0131\u2014faydac\u0131 zanaat ve kutsal \u00f6zlemin bir f\u00fczyonundan bahseder.<\/p>\n<p>Mutfak, do\u011fu ve bat\u0131n\u0131n birle\u015fmesini yans\u0131t\u0131r. Tarifler, yo\u011fun baharatlamadan ziyade malzeme kalitesini \u00f6d\u00fcllendirir. Taze otlar, baklagiller, kuruyemi\u015fler ve kay\u0131s\u0131 gibi meyveler (Ermenistan&#039;\u0131n ulusal meyvesi) yemeklere lezzet katarken, \u00fcz\u00fcm asmalar\u0131n\u0131n yapraklar\u0131 veya lahana, baharatl\u0131 dolgular i\u00e7in kap g\u00f6revi g\u00f6r\u00fcr. Bereketin simgesi olan nar, hem tariflere hem de ikonografiye n\u00fcfuz eder. Ha\u00e7kar \u015feklindeki ekmek, ek\u015fi erikle zenginle\u015ftirilmi\u015f g\u00fcve\u00e7ler ve tand\u0131r f\u0131r\u0131nlar\u0131nda pi\u015firilen hafif pideler, da\u011f derelerinden gelen alabal\u0131k veya Sevan G\u00f6l\u00fc&#039;nden gelen kerevit e\u015fli\u011finde g\u00fcnl\u00fck yeme\u011fi tan\u0131mlar.<\/p>\n<p>Turistler Ermenistan&#039;da b\u00f6lgesel \u00e7e\u015fitlilik a\u00e7\u0131s\u0131ndan zengin bir yer bulurlar. Erivan ve dini merkez Etchmiadzin&#039;in demirledi\u011fi Orta Ermenistan, Geghard Manast\u0131r\u0131 ve Khor Virap arkeolojik rezervine ev sahipli\u011fi yapar ve her ikisi de mirasla i\u00e7g\u00fcd\u00fcsel kar\u015f\u0131la\u015fmalar sunar. Y\u00fcksek rak\u0131ml\u0131 bir g\u00f6l\u00fcn etraf\u0131na yay\u0131lm\u0131\u015f olan Sevan G\u00f6l\u00fc b\u00f6lgesi, yerel restoranlar\u0131n tatl\u0131 su bal\u0131klar\u0131nda uzmanla\u015ft\u0131\u011f\u0131 eski ha\u00e7l\u0131 mezarl\u0131klar\u0131 ve yaz plajlar\u0131n\u0131 ortaya \u00e7\u0131kar\u0131r. G\u00fcrcistan ile \u00e7evrili kuzey eyaletleri, yaln\u0131zca dar patikalarla eri\u015filebilen tenha manast\u0131rlara ev sahipli\u011fi yapar ve geli\u015fen mutfak sahnesi Alp cazibesini \u00e7a\u011fr\u0131\u015ft\u0131ran ormanl\u0131k bir tatil yeri olan Dilijan&#039;a ev sahipli\u011fi yapar. G\u00fcneyde, Vorotan ve Amaghu ge\u00e7itleri Tatev ve Noravank Manast\u0131rlar\u0131&#039;na ev sahipli\u011fi yaparken, Selim&#039;deki harap kervansaray ve Hin Khndzoresk&#039;in u\u00e7urum k\u00f6yleri bir zamanlar hareketli bir \u0130pek Yolu i\u00e7 b\u00f6lgesine i\u015faret eder.<\/p>\n<p>Kentsel merkezler aras\u0131nda Erivan, ara s\u0131ra ya\u015fanan k\u00fc\u00e7\u00fck h\u0131rs\u0131zl\u0131klara ra\u011fmen, geni\u015f caddeleri ve alacakaranl\u0131ktan sonraki rahat g\u00fcvenli\u011fiyle \u00f6ne \u00e7\u0131k\u0131yor. 1988 depreminden zarar g\u00f6ren Gyumri, k\u00fclt\u00fcrel bir canlanma ya\u015f\u0131yor; \u00fc\u00e7\u00fcnc\u00fc b\u00fcy\u00fck \u015fehir olan Vanadzor, sakin Sovyet d\u00f6nemi d\u00fczenlerini koruyor; ve kapl\u0131ca kasabas\u0131 Jermuk, ziyaret\u00e7ileri s\u0131cak mineral kaynaklar\u0131na \u00e7ekiyor. Kayak asans\u00f6rleri ve bak\u0131ml\u0131 pistleriyle Tsaghkadzor, \u00fclkenin ba\u015fl\u0131ca k\u0131\u015f sporlar\u0131 destinasyonu olmaya devam ediyor.<\/p>\n<p>Seyahat edenler g\u00fcnl\u00fck i\u015flemler i\u00e7in dram (AMD) kullan\u0131rlar. Madeni paralar 10 ila 500 dram aras\u0131nda de\u011fi\u015fir; banknotlar 100.000 dram&#039;a kadar uzan\u0131r. Dolar, euro veya ruble i\u00e7in d\u00f6viz bozdurma i\u015flemi genellikle komisyonsuz olarak basittir; b\u00fcy\u00fck a\u011flar\u0131n ATM&#039;leri kentsel alanlara da\u011f\u0131lm\u0131\u015ft\u0131r, ancak Erivan d\u0131\u015f\u0131nda nakit genellikle vazge\u00e7ilmezdir.<\/p>\n<p>Ermenistan&#039;da g\u00fcvenlik dikkat \u00e7ekicidir. Yerliler misafirperverli\u011fe de\u011fer verir ve Erivan ve \u00f6tesindeki y\u00fcr\u00fcy\u00fc\u015f yollar\u0131 karanl\u0131kta bile g\u00fcvenli hissettirir. Ruhsats\u0131z taksi \u015fof\u00f6rlerine kar\u015f\u0131 dikkatli olunmas\u0131 \u00f6nerilir; \u00f6nceden bir \u00fccret \u00fczerinde anla\u015fmak veya resmi uygulamalar\u0131 kullanmak anla\u015fmazl\u0131klar\u0131 \u00f6nleyebilir. 2018&#039;deki kadife devriminden bu yana turistleri etkileyen k\u00fc\u00e7\u00fck yolsuzluklar azald\u0131. Yoldan ge\u00e7enlerin bak\u0131\u015flar\u0131 genellikle d\u00fc\u015fmanl\u0131ktan ziyade merak\u0131 yans\u0131t\u0131r ve a\u00e7\u0131k \u0131rk\u00e7\u0131l\u0131k nadirdir. Yine de LGBT ziyaret\u00e7iler dikkatli olmal\u0131d\u0131r \u00e7\u00fcnk\u00fc sosyal kabul s\u0131n\u0131rl\u0131 kalmaya devam ediyor ve e\u015fcinsel birliktelikler yerel olarak tan\u0131nm\u0131yor.<\/p>\n<p>Yerel geleneklere sayg\u0131 g\u00f6stermek her konaklamay\u0131 zenginle\u015ftirir. Kad\u0131nlar i\u00e7in m\u00fctevaz\u0131 k\u0131yafetler ve ba\u015f\u00f6rt\u00fcleri kilise ziyaretlerine uygundur; erkekler i\u00e7eride \u015fapkalar\u0131n\u0131 \u00e7\u0131kar\u0131r. Bir manast\u0131r \u015fapelinde mum yakmak iste\u011fe ba\u011fl\u0131 bir sayg\u0131 ifadesidir. Ermenilerle tarih veya k\u00fclt\u00fcr hakk\u0131nda sohbet etmek ger\u00e7ek bir ilgiyle kar\u015f\u0131lan\u0131r, ancak al\u0131\u015f\u0131lm\u0131\u015f k\u00fc\u00e7\u00fck sohbetler olmadan aniden i\u015fe giri\u015fmek ani g\u00f6r\u00fcnebilir. Toplu ta\u015f\u0131mada ya\u015fl\u0131lara sayg\u0131 g\u00f6sterilmesi beklenir ve misafirperverlik ilkesi ev sahiplerini konuklar\u0131n rahat\u0131n\u0131 sa\u011flamaya davet eder; daha fazla yiyecek veya i\u00e7ecek vermeyi reddetmek Ermeni nezaketini s\u0131nayabilir.<\/p>\n<p>\u00c7ifte vatanda\u015flar i\u00e7in, \u00e7oklu vatanda\u015fl\u0131k hakk\u0131 y\u00fck\u00fcml\u00fcl\u00fcklerle birlikte var olur: On sekiz ila yirmi yedi ya\u015flar\u0131ndaki Ermeni erkekler, di\u011fer pasaportlara bak\u0131lmaks\u0131z\u0131n askerlik hizmetini yerine getirmelidir. Bu t\u00fcr g\u00f6revlerden ka\u00e7\u0131nmak yasal cezalar ta\u015f\u0131r. Azerbaycan ile uzun s\u00fcredir devam eden \u00e7at\u0131\u015fma, ara s\u0131ra \u00e7at\u0131\u015fmalar\u0131n devam etti\u011fi ve Rus bar\u0131\u015f g\u00fc\u00e7lerinin La\u00e7in koridorunu izledi\u011fi s\u0131n\u0131r b\u00f6lgelerine yak\u0131n yerlerde dikkatli olunmas\u0131n\u0131 tavsiye ediyor.<\/p>\n<p>Ermenistan, hem medeniyetlerin ya\u015fayan bir kroni\u011fi hem de yirmi birinci y\u00fczy\u0131lda yolunu \u00e7izen bir ulus olarak duruyor. Tepeleri ve yaylalar\u0131 g\u00f6\u00e7ebelerin, ha\u00e7l\u0131lar\u0131n ve t\u00fcccarlar\u0131n ayak izlerini takip ediyor. Ta\u015f duvarlar\u0131n\u0131n dokusunda, \u015fapellerindeki dualarda ve \u00f6zenle haz\u0131rlanm\u0131\u015f yemeklerinin tad\u0131nda, \u00fclke kendini g\u00f6rkemli bildirilerle de\u011fil, hem kayb\u0131 hem de yenilenmeyi bilen bir halk\u0131n sessiz dayan\u0131kl\u0131l\u0131\u011f\u0131yla ortaya koyuyor. Ritmini benimseyenler i\u00e7in Ermenistan, tarihin g\u00fcn\u00fcm\u00fcze ula\u015fmas\u0131n\u0131n yal\u0131n, etkileyici bir anlat\u0131m\u0131n\u0131 sunuyor.<\/p>","protected":false},"excerpt":{"rendered":"<p>Bat\u0131 Asya&#039;n\u0131n Ermeni Yaylas\u0131&#039;nda denize k\u0131y\u0131s\u0131 olmayan Ermenistan, Avrupa ve Asya&#039;n\u0131n birle\u015fti\u011fi noktada stratejik bir konuma sahiptir. Ermenistan, G\u00fcney Kafkasya&#039;da k\u00fc\u00e7\u00fck ama \u00f6nemli bir \u00fclkedir ve n\u00fcfusu yakla\u015f\u0131k 2,9 milyondur. \u00dclke n\u00fcfusunun neredeyse \u00fc\u00e7te biri Erivan&#039;da ya\u015farken, \u00fclkenin ba\u015fkenti ve en b\u00fcy\u00fck \u015fehri, k\u00fclt\u00fcr ve i\u015f i\u00e7in enerjik bir merkez g\u00f6revi g\u00f6rmektedir.<\/p>","protected":false},"author":1,"featured_media":3821,"parent":24078,"menu_order":0,"comment_status":"closed","ping_status":"closed","template":"elementor_theme","meta":{"_eb_attr":"","footnotes":""},"class_list":["post-14631","page","type-page","status-publish","has-post-thumbnail"],"_links":{"self":[{"href":"https:\/\/travelshelper.com\/tr\/wp-json\/wp\/v2\/pages\/14631","targetHints":{"allow":["GET"]}}],"collection":[{"href":"https:\/\/travelshelper.com\/tr\/wp-json\/wp\/v2\/pages"}],"about":[{"href":"https:\/\/travelshelper.com\/tr\/wp-json\/wp\/v2\/types\/page"}],"author":[{"embeddable":true,"href":"https:\/\/travelshelper.com\/tr\/wp-json\/wp\/v2\/users\/1"}],"replies":[{"embeddable":true,"href":"https:\/\/travelshelper.com\/tr\/wp-json\/wp\/v2\/comments?post=14631"}],"version-history":[{"count":0,"href":"https:\/\/travelshelper.com\/tr\/wp-json\/wp\/v2\/pages\/14631\/revisions"}],"up":[{"embeddable":true,"href":"https:\/\/travelshelper.com\/tr\/wp-json\/wp\/v2\/pages\/24078"}],"wp:featuredmedia":[{"embeddable":true,"href":"https:\/\/travelshelper.com\/tr\/wp-json\/wp\/v2\/media\/3821"}],"wp:attachment":[{"href":"https:\/\/travelshelper.com\/tr\/wp-json\/wp\/v2\/media?parent=14631"}],"curies":[{"name":"wp","href":"https:\/\/api.w.org\/{rel}","templated":true}]}}