{"id":14616,"date":"2024-09-19T21:24:23","date_gmt":"2024-09-19T21:24:23","guid":{"rendered":"https:\/\/travelshelper.com\/staging\/?page_id=14616"},"modified":"2026-03-11T22:25:06","modified_gmt":"2026-03-11T22:25:06","slug":"belarus","status":"publish","type":"page","link":"https:\/\/travelshelper.com\/tr\/destinations\/europe\/belarus\/","title":{"rendered":"Beyaz Rusya"},"content":{"rendered":"<p>Belarus, resmen Belarus Cumhuriyeti olarak adland\u0131r\u0131l\u0131r ve Do\u011fu Avrupa&#039;n\u0131n merkezi bir konumundad\u0131r. 207.600 kilometrekarelik bir alan\u0131 kaplayan \u00fclke, 51\u00b0 ve 57\u00b0 K enlemleri ile 23\u00b0 ve 33\u00b0 D boylamlar\u0131 aras\u0131nda yer al\u0131r ve do\u011fuda ve kuzeydo\u011fuda Rusya, g\u00fcneyde Ukrayna, bat\u0131da Polonya ve kuzeybat\u0131da Litvanya ve Letonya ile s\u0131n\u0131rlar\u0131 payla\u015f\u0131r. Yakla\u015f\u0131k 9,1 milyon n\u00fcfusa sahip olan cumhuriyet, alt\u0131 idari b\u00f6lgeye ayr\u0131lm\u0131\u015ft\u0131r ve ba\u015fkenti Minsk, \u00f6zel stat\u00fcyle ayr\u0131 bir yerde durmaktad\u0131r. Geni\u015f batakl\u0131klar ve geni\u015f ormanl\u0131k alanlarla karakterize edilen bu nispeten d\u00fcz b\u00f6lge, hem sade hem de sessizce \u00e7e\u015fitli bir manzara sunar.<\/p>\n<p>Dzyarzhynskaya Hara&#039;da deniz seviyesinden en fazla 345 metre y\u00fckselen ve Neman Nehri&#039;nin en al\u00e7ak k\u0131y\u0131s\u0131nda 90 metreye kadar d\u00fc\u015fen Belarus&#039;un r\u00f6lyefi yumu\u015fakt\u0131r. Hemiboreal iklimi, ortalama Ocak minimumlar\u0131n\u0131n Brest civar\u0131nda g\u00fcneybat\u0131da -4 \u00b0C&#039;den Vitebsk yak\u0131nlar\u0131nda kuzeydo\u011fuda -8 \u00b0C&#039;ye kadar de\u011fi\u015fti\u011fi k\u0131\u015flar getirirken, yazlar ortalama 18 \u00b0C ile serin ve nemli kal\u0131r. Y\u0131ll\u0131k ya\u011f\u0131\u015f miktar\u0131 550 ile 700 milimetre aras\u0131nda dalgalan\u0131r ve k\u0131tasal ve denizel rejimler aras\u0131nda ge\u00e7i\u015f konumunu yans\u0131t\u0131r. Yo\u011fun bir akarsu a\u011f\u0131 ve yakla\u015f\u0131k 11.000 g\u00f6l, karalar\u0131 ak\u0131\u015flar\u0131yla Balt\u0131k ve Karadeniz&#039;e ba\u011flayan \u00fc\u00e7 ana nehri -Neman, Pripyat ve Dinyeper- tamamlar.<\/p>\n<p>Belarus&#039;un yakla\u015f\u0131k y\u00fczde k\u0131rk \u00fc\u00e7\u00fc 2020&#039;de orman \u00f6rt\u00fcs\u00fc alt\u0131nda kalacak ve bu oran 1990&#039;daki yakla\u015f\u0131k y\u00fczde otuz yediden bir art\u0131\u015f. 8,8 milyon hektar ormanl\u0131k alan\u0131n yakla\u015f\u0131k 6,6 milyon hektar\u0131 do\u011fal olarak yenilenirken, 2,2 milyon hektar\u0131 k\u00f6kenlerini planl\u0131 a\u011fa\u00e7land\u0131rmaya bor\u00e7ludur. Belki y\u00fczde ikisi gibi k\u00fc\u00e7\u00fck bir k\u0131s\u0131m birincil orman\u0131n ay\u0131rt edici \u00f6zelliklerini korurken, t\u00fcm ormanlar\u0131n yakla\u015f\u0131k y\u00fczde on alt\u0131s\u0131 resmen korunan b\u00f6lgeler i\u00e7inde yer almaktad\u0131r. Bu a\u011fa\u00e7sal bolluk, \u00f6zellikle turba yataklar\u0131n\u0131n hem ekolojik bir \u00f6zellik hem de i\u015fletilebilir bir kaynak temsil etti\u011fi Polesie b\u00f6lgesinde batakl\u0131k ovalar\u0131yla birlikte var olmaktad\u0131r.<\/p>\n<p>Belarus topraklar\u0131n\u0131n alt\u0131nda, daha bol mineral kaynaklar\u0131n\u0131n yan\u0131 s\u0131ra m\u00fctevaz\u0131 miktarda petrol ve do\u011fal gaz bar\u0131nd\u0131rmaktad\u0131r: granit, dolomit, marn, tebe\u015fir, kum, \u00e7ak\u0131l ve kil. Yine de 1986 \u00c7ernobil felaketinin miras\u0131 burada devam ediyor: Ukrayna&#039;n\u0131n hasarl\u0131 reakt\u00f6r\u00fcnden \u00e7\u0131kan radyoaktif serpintinin yakla\u015f\u0131k y\u00fczde yetmi\u015fi Belarus topraklar\u0131na yerle\u015ferek, topraklar\u0131n\u0131n tahmini be\u015fte birini, \u00f6zellikle g\u00fcneydo\u011fusunu kirletti. Birle\u015fmi\u015f Milletler ve m\u00fcttefik kurulu\u015flar taraf\u0131ndan y\u00f6netilen uluslararas\u0131 \u00e7abalar, sezyum-137&#039;nin toprak konsantrasyonlar\u0131n\u0131 tar\u0131msal m\u00fcdahaleler yoluyla azaltmaya \u00e7al\u0131\u015ft\u0131 - bunlar\u0131n aras\u0131nda kolza tohumu yeti\u015ftiricili\u011fi ve ba\u011flay\u0131c\u0131 maddelerin uygulanmas\u0131 vard\u0131 - ormanc\u0131l\u0131k ve arazi y\u00f6netimi uzun vadeli radyasyon k\u0131s\u0131tlamalar\u0131na uyum sa\u011fl\u0131yordu.<\/p>\n<p>Belarus&#039;un modern s\u0131n\u0131rlar\u0131 b\u00fcy\u00fck \u00f6l\u00e7\u00fcde yirminci y\u00fczy\u0131lda \u015fekillendi. On sekizinci y\u00fczy\u0131l\u0131n sonlar\u0131nda Polonya-Litvanya Birli\u011fi&#039;nin \u00e7\u00f6k\u00fc\u015f\u00fcn\u00fcn ard\u0131ndan, topraklar Rus \u0130mparatorlu\u011fu taraf\u0131ndan ele ge\u00e7irildi. Rus Devrimi&#039;nin karga\u015fas\u0131ndan sonra, bir dizi k\u0131sa \u00f6m\u00fcrl\u00fc devlet kontrol i\u00e7in yar\u0131\u015ft\u0131 ve 1919&#039;da Beyaz Rusya Sovyet Sosyalist Cumhuriyeti&#039;nin kurulmas\u0131yla sonu\u00e7land\u0131. Polonya-Sovyet Sava\u015f\u0131 (1918-1921) bu topraklar\u0131n neredeyse yar\u0131s\u0131n\u0131 Polonya&#039;ya b\u0131rakt\u0131, ancak Sovyetlerin 1939&#039;da do\u011fu Polonya&#039;y\u0131 i\u015fgal etmesi bu kay\u0131plar\u0131n \u00e7o\u011funu tersine \u00e7evirdi. Nihai s\u0131n\u0131rlamalar, Sovyet idari uygulamalar\u0131 Belarus&#039;un alt\u0131 b\u00f6lgesini ve Minsk&#039;in \u00f6zel stat\u00fcs\u00fcn\u00fc sa\u011flamla\u015ft\u0131rd\u0131k\u00e7a, \u0130kinci D\u00fcnya Sava\u015f\u0131&#039;n\u0131n ard\u0131ndan belirginle\u015fti.<\/p>\n<p>\u0130kinci D\u00fcnya Sava\u015f\u0131 Belarus&#039;un toplumunda ve ekonomisinde y\u0131k\u0131ma yol a\u00e7t\u0131: askeri operasyonlar ve i\u015fgal, vatanda\u015flar\u0131n\u0131n neredeyse d\u00f6rtte birinin hayat\u0131na mal oldu ve end\u00fcstriyel ve tar\u0131msal kapasitesinin yar\u0131s\u0131n\u0131 yok etti. Bu y\u0131k\u0131m\u0131n ortas\u0131nda, Nazi kar\u015f\u0131t\u0131 kararl\u0131l\u0131kla birle\u015fmi\u015f ve kompozisyonu dikkate de\u011fer derecede \u00e7e\u015fitli olan, sava\u015f sonras\u0131 siyaseti on y\u0131llarca \u015fekillendiren diren\u00e7li bir partizan hareketi ortaya \u00e7\u0131kt\u0131. 1945&#039;te, Sovyetler Birli\u011fi&#039;nin yan\u0131 s\u0131ra Birle\u015fmi\u015f Milletler&#039;in kurucu \u00fcyesi olarak, Beyaz Rusya SSC, merkezi planlama ve kolektifle\u015ftirme taraf\u0131ndan y\u00f6nlendirilen bir tar\u0131msal hinterlanddan end\u00fcstriyel bir cumhuriyete do\u011fru h\u0131zl\u0131 bir d\u00f6n\u00fc\u015f\u00fcme giri\u015fti.<\/p>\n<p>De\u011fi\u015fim r\u00fczgarlar\u0131 Do\u011fu Avrupa&#039;y\u0131 kas\u0131p kavururken, Belarus&#039;un en y\u00fcksek Sovyeti 27 Temmuz 1990&#039;da egemenli\u011fini ilan etti. Bir y\u0131l i\u00e7inde, Sovyetler Birli\u011fi&#039;nin da\u011f\u0131lmas\u0131 25 A\u011fustos 1991&#039;de tam ba\u011f\u0131ms\u0131zl\u0131k getirdi. \u00dc\u00e7 y\u0131l sonra yeni bir anayasa geldi ve 1994&#039;te Alexander Luka\u015fenko \u00fclkenin ba\u011f\u0131ms\u0131zl\u0131\u011f\u0131ndan bu yana tek serbest oylamayla cumhurba\u015fkan\u0131 se\u00e7ildi. \u015eu anda otuz y\u0131la yakla\u015fan g\u00f6rev s\u00fcresi, kapsaml\u0131 devlet m\u00fclkiyetinin korunmas\u0131n\u0131, ba\u011f\u0131ms\u0131z medya ve sivil toplumun bast\u0131r\u0131lmas\u0131n\u0131 ve g\u00fcc\u00fcn son derece merkezi bir y\u00fcr\u00fctme i\u00e7inde toplanmas\u0131n\u0131 denetledi. Bas\u0131n ve toplanma \u00f6zg\u00fcrl\u00fckleri Avrupa&#039;daki en k\u0131s\u0131tlay\u0131c\u0131 \u00f6zg\u00fcrl\u00fckler aras\u0131nda yer al\u0131yor ve idam cezas\u0131 y\u00fcr\u00fcrl\u00fckte kalmaya devam ediyor.<\/p>\n<p>Belarus, uluslararas\u0131 ba\u011fl\u0131l\u0131klar a\u011f\u0131n\u0131 s\u00fcrd\u00fcr\u00fcyor: Birle\u015fmi\u015f Milletler, Ba\u011f\u0131ms\u0131z Devletler Toplulu\u011fu, Toplu G\u00fcvenlik Antla\u015fmas\u0131 \u00d6rg\u00fct\u00fc ve Avrasya Ekonomik Birli\u011fi&#039;ne \u00fcye ve Avrupa G\u00fcvenlik ve \u0130\u015fbirli\u011fi Te\u015fkilat\u0131 ve Ba\u011flant\u0131s\u0131zlar Hareketi&#039;ne kat\u0131l\u0131yor. Avrupa Birli\u011fi ile ikili bir ili\u015fki devam ediyor, ancak kat\u0131l\u0131m hi\u00e7bir zaman talep edilmedi. 1993&#039;te Avrupa Konseyi&#039;ne kat\u0131lma \u00e7abalar\u0131 se\u00e7im usuls\u00fczl\u00fckleri ve insan haklar\u0131 endi\u015feleri nedeniyle reddedildi ve Belarus&#039;un Rusya&#039;n\u0131n Ukrayna&#039;y\u0131 i\u015fgalini kolayla\u015ft\u0131rma rol\u00fcn\u00fcn ard\u0131ndan, bu organla s\u0131n\u0131rl\u0131 etkile\u015fimi 2022&#039;de tamamen sona erdi.<\/p>\n<p>Ekonomik olarak, Belarus Birle\u015fmi\u015f Milletler \u0130nsani Geli\u015fme Endeksi&#039;nde altm\u0131\u015f\u0131nc\u0131 s\u0131rada yer al\u0131yor ve geli\u015fmekte olan bir \u00fclke stat\u00fcs\u00fcne ra\u011fmen \u00e7ok y\u00fcksek insani geli\u015fmeyi g\u00f6steriyor. 2019&#039;da imalat GSY\u0130H&#039;n\u0131n yakla\u015f\u0131k y\u00fczde otuz birine katk\u0131da bulundu ve i\u015fg\u00fcc\u00fcn\u00fcn yakla\u015f\u0131k y\u00fczde otuz be\u015fini istihdam etti, ancak b\u00fcy\u00fcmesi daha geni\u015f ekonominin gerisinde kald\u0131. Tar\u0131m, ba\u015fl\u0131ca \u00e7\u0131kt\u0131lar aras\u0131nda patates ve s\u0131\u011f\u0131r olmak \u00fczere k\u0131rsal ge\u00e7im kaynaklar\u0131n\u0131 s\u00fcrd\u00fcr\u00fcyor. S\u0131n\u0131rl\u0131 piyasa reformlar\u0131 ve uluslararas\u0131 ticaret m\u00fctevaz\u0131 ekonomik \u00e7e\u015fitlili\u011fi desteklerken bile b\u00fcy\u00fck i\u015fletmeler \u00fczerindeki devlet kontrol\u00fc devam ediyor.<\/p>\n<p>Para tarihi istikrars\u0131zl\u0131k d\u00f6nemleriyle i\u015faretlenmi\u015ftir. Belarus rublesi, Sovyet para biriminin yerini almak \u00fczere May\u0131s 1992&#039;de piyasaya s\u00fcr\u00fcld\u00fc ve iki kez yeniden adland\u0131r\u0131ld\u0131: ilki 2000&#039;de ve ikincisi Temmuz 2016&#039;da, 10.000 eski ruble bir yeni rubleye (BYN) d\u00f6n\u00fc\u015ft\u00fc\u011f\u00fcnde. May\u0131s 2011&#039;deki ciddi bir deval\u00fcasyon - para biriminin tek bir g\u00fcnde ABD dolar\u0131 kar\u015f\u0131s\u0131nda de\u011ferinin yakla\u015f\u0131k y\u00fczde elli alt\u0131s\u0131n\u0131 kaybetmesi - Uluslararas\u0131 Para Fonu&#039;nun kurtarma talebine yol a\u00e7t\u0131. Ekim 2022&#039;de g\u0131da enflasyonunu dizginlemek i\u00e7in duyurulan dondurma da dahil olmak \u00fczere fiyat kontrolleri d\u00f6nemleri, h\u00fck\u00fcmetin m\u00fcdahaleci duru\u015funu g\u00f6stermektedir. Ocak 2023&#039;te, mevzuat &#034;dost\u00e7a olmayan&#034; kabul edilen uluslardan gelen fikri m\u00fclkiyetin yetkisiz kullan\u0131m\u0131n\u0131 yasalla\u015ft\u0131rd\u0131.<\/p>\n<p>Bankac\u0131l\u0131k sekt\u00f6r\u00fc iki kademeden olu\u015fur: En \u00fcstte Belarus Cumhuriyeti Ulusal Bankas\u0131 ve onun alt\u0131nda yirmi be\u015f ticari kurum. Para politikas\u0131, kredi tahsisi ve d\u00f6viz kuru y\u00f6netimi, ekonominin genelindeki daha geni\u015f devlet m\u00fcdahalesi \u00f6r\u00fcnt\u00fcs\u00fcn\u00fc yans\u0131tan s\u0131k\u0131 h\u00fck\u00fcmet denetimi alt\u0131nda kalmaya devam ediyor.<\/p>\n<p>Belarus&#039;un yakla\u015f\u0131k 9,41 milyonluk n\u00fcfusu (2019 n\u00fcfus say\u0131m\u0131) yakla\u015f\u0131k ,9 ile a\u011f\u0131rl\u0131kl\u0131 olarak Belarusludur. Rus, Polonyal\u0131 ve Ukraynal\u0131 az\u0131nl\u0131klar s\u0131ras\u0131yla %7,5, %3,1 ve %1,7&#039;dir. Kilometrekare ba\u015f\u0131na ortalama elli ki\u015fiye yak\u0131n bir yo\u011funlukla n\u00fcfusun yakla\u015f\u0131k &#039;i kentsel alanlarda ya\u015famaktad\u0131r. Yakla\u015f\u0131k iki milyon sakine ev sahipli\u011fi yapan Minsk, siyasi, k\u00fclt\u00fcrel ve ekonomik \u00e7ekirdek olarak durmaktad\u0131r; di\u011fer ba\u015fl\u0131ca \u015fehirler aras\u0131nda Gomel (481.000), Mogilev (365.100), Vitebsk (342.400), Grodno (314.800) ve Brest (298.300) yer almaktad\u0131r.<\/p>\n<p>Do\u011fal n\u00fcfus azalmas\u0131 net g\u00f6\u00e7le marjinal olarak telafi edilmi\u015ftir. 2007&#039;de Belarus, kad\u0131n ba\u015f\u0131na 1,22 \u00e7ocuk do\u011furganl\u0131k oran\u0131yla desteklenen %0,41&#039;lik negatif bir b\u00fcy\u00fcme oran\u0131 ya\u015fam\u0131\u015ft\u0131r; bu, yenileme seviyesinin olduk\u00e7a alt\u0131ndad\u0131r. Yakla\u015f\u0131k binde +0,38 olan net g\u00f6\u00e7, b\u00f6lgenin di\u011fer yerlerinde g\u00f6zlemlenen d\u0131\u015f ak\u0131\u015flarla tezat olu\u015fturmaktad\u0131r. Demografik profil daha ya\u015fl\u0131d\u0131r: 2015&#039;te, yakla\u015f\u0131k y\u00fczde on d\u00f6rt ki\u015fi altm\u0131\u015f be\u015f veya daha b\u00fcy\u00fck ya\u015ftayd\u0131 ve otuz d\u00f6rt olan ortanca ya\u015f\u0131n y\u00fczy\u0131l\u0131n ortas\u0131na kadar altm\u0131\u015f\u0131n \u00fczerine \u00e7\u0131kmas\u0131 tahmin edilmektedir. Ya\u015fam beklentisi ortalamas\u0131 72,15 y\u0131ld\u0131r; kad\u0131nlar i\u00e7in 78,1 ve erkekler i\u00e7in 66,5&#039;tir ve okuryazarl\u0131k on be\u015f ya\u015f ve \u00fczeri ki\u015filer aras\u0131nda y\u00fczde doksan dokuzu a\u015fmaktad\u0131r.<\/p>\n<p>Dini ba\u011fl\u0131l\u0131k, n\u00fcfusun yakla\u015f\u0131k y\u00fczde k\u0131rk sekizinin ba\u011fl\u0131 oldu\u011fu Do\u011fu Ortodokslu\u011funun bask\u0131nl\u0131\u011f\u0131n\u0131 yans\u0131t\u0131r. 2011 n\u00fcfus say\u0131m\u0131 verileri, y\u00fczde elli dokuzunun dini bir kimli\u011fi destekledi\u011fini g\u00f6stermektedir: bunlardan yakla\u015f\u0131k y\u00fczde seksen ikisi Rus Ortodoks Kilisesi&#039;nin Belarus Eksarhl\u0131\u011f\u0131 ile ayn\u0131 \u00e7izgidedir, daha k\u00fc\u00e7\u00fck Ortodoks organlar\u0131 ve Belarus Otosefal Ortodoks Kilisesi de mevcuttur. Roma Katolikleri yakla\u015f\u0131k y\u00fczde 7,1&#039;i temsil eder - \u00e7o\u011funlukla bat\u0131 b\u00f6lgelerinde - Protestan mezhepleri, Yunan Katolikleri, Yahudiler, M\u00fcsl\u00fcmanlar ve neo-pagan gruplar geri kalan\u0131 olu\u015fturur. Belaruslular\u0131n yakla\u015f\u0131k y\u00fczde k\u0131rk biri kendilerini dinsiz olarak tan\u0131mlamaktad\u0131r.<\/p>\n<p>\u0130ki dil resmi stat\u00fcye sahiptir: Belarus\u00e7a ve Rus\u00e7a. 2009 n\u00fcfus say\u0131m\u0131nda, kat\u0131l\u0131mc\u0131lar\u0131n y\u00fczde elli \u00fc\u00e7\u00fc ana dilinin Belarus\u00e7a oldu\u011funu iddia ederken, y\u00fczde k\u0131rk biri Rus\u00e7a oldu\u011funu belirtti. Yine de Rus\u00e7a, Belarus\u00e7a i\u00e7in y\u00fczde yirmi \u00fc\u00e7e k\u0131yasla hanelerin yakla\u015f\u0131k y\u00fczde yetmi\u015finde g\u00fcnl\u00fck konu\u015fmaya hakimdir. 1990&#039;lar\u0131n ortalar\u0131ndan bu yana, kentsel e\u011fitim Rus\u00e7a e\u011fitime do\u011fru kaym\u0131\u015f ve Belarus\u00e7a dilindeki edebiyat\u0131n y\u0131ll\u0131k \u00e7\u0131kt\u0131s\u0131 belirgin \u015fekilde d\u00fc\u015fm\u00fc\u015ft\u00fcr.<\/p>\n<p>Belarus, UNESCO D\u00fcnya Miras\u0131 Alanlar\u0131&#039;n\u0131n d\u00f6rtl\u00fcs\u00fcn\u00fc korumaktad\u0131r. Mir Kalesi Kompleksi ve Nesvizh Kalesi&#039;nin konut-savunma toplulu\u011fu, ge\u00e7 orta\u00e7a\u011f mimarisine ve aristokrat planlamas\u0131na \u00f6rnek te\u015fkil etmektedir. Ulus\u00f6tesi Struve Jeodezi Ark\u0131, on dokuzuncu y\u00fczy\u0131l jeodezi \u00e7abalar\u0131n\u0131 anmakta ve on \u00fclkedeki ara\u015ft\u0131rma noktalar\u0131n\u0131 i\u015faretlemektedir. Son olarak, Belarus taraf\u0131nda Belovezhskaya Pushcha olarak bilinen Bia\u0142owie\u017ca Orman\u0131&#039;n\u0131n ilkel su\u015flar\u0131, ilkel me\u015fe ve \u00e7amlar aras\u0131nda Avrupa bizonlar\u0131na ev sahipli\u011fi yaparak, sanayi \u00f6ncesi Avrupa&#039;n\u0131n canl\u0131 bir g\u00f6r\u00fcnt\u00fcs\u00fcn\u00fc sunmaktad\u0131r.<\/p>\n<p>Bu d\u00f6n\u00fcm noktalar\u0131n\u0131n \u00f6tesinde, ziyaret\u00e7iler \u0130kinci D\u00fcnya Sava\u015f\u0131 s\u0131ras\u0131nda veya sava\u015f sonras\u0131 planlamada yok olan daha zengin bir mimari ge\u00e7mi\u015fin izleriyle kar\u015f\u0131la\u015f\u0131rlar. Sava\u015f zaman\u0131ndaki y\u0131k\u0131m\u0131ndan sonra tamamen yeniden in\u015fa edilen Minsk, art\u0131k an\u0131tsal sosyalist-ger\u00e7ek\u00e7i yap\u0131lar\u0131 \u00e7a\u011fda\u015f kafeler, m\u00fczeler ve k\u00fclt\u00fcrel mekanlarla harmanlamaktad\u0131r. Ba\u011f\u0131ms\u0131zl\u0131k Meydan\u0131, eski KGB karargah\u0131 ve Ulusal Devlet M\u00fczesi ile \u00e7er\u00e7evelenmi\u015f \u015fehrin toplumsal ya\u015fam\u0131na demir atar; yak\u0131ndaki Zaslavsky Yahudi An\u0131t\u0131, kay\u0131p topluluklar\u0131 anmaktad\u0131r.<\/p>\n<p>Bat\u0131 s\u0131n\u0131r\u0131ndaki Brest&#039;te, 19. y\u00fczy\u0131ldan kalma kale, Barbarossa Harekat\u0131 alt\u0131ndaki Sovyet direni\u015finin an\u0131t\u0131 olarak duruyor. On dokuzuncu y\u00fczy\u0131l\u0131n k\u0131rsal el sanatlar\u0131na bir g\u00f6z atmak i\u00e7in gezginler, ah\u015fap ve sazdan yap\u0131lm\u0131\u015f yap\u0131lar\u0131n \u00e7\u00f6mlek\u00e7ilik, marangozluk, f\u0131r\u0131nc\u0131l\u0131k ve el sanatlar\u0131 g\u00f6sterilerine ev sahipli\u011fi yapt\u0131\u011f\u0131 Dudutki A\u00e7\u0131k Hava M\u00fczesi&#039;ne gidebilirler. Do\u011fal inzivalar i\u00e7in Pripyat Rezervi ve Braslau G\u00f6lleri b\u00f6lgesi sulak alanlar, adalar ve ormanl\u0131k k\u0131y\u0131lar sunar. D\u00f6rt milli park\u2014Belovezhskaya Pushcha, Pripyatsky, Braslav G\u00f6lleri ve Osipovichsky\u2014yaban hayat\u0131 i\u00e7in \u00e7e\u015fitli ya\u015fam alanlar\u0131 ve sessiz ke\u015fif f\u0131rsatlar\u0131 sunar.<\/p>\n<p>G\u00fcvenlik hususlar\u0131 s\u0131k\u0131 bir \u015fekilde denetlenen bir devletinkilere benzer. Ziyaret\u00e7ilere kar\u015f\u0131 k\u00fc\u00e7\u00fck su\u00e7lar nadirdir, ancak doland\u0131r\u0131c\u0131l\u0131k ve siber su\u00e7lar meydana geldi\u011finden finansal i\u015flemlerde dikkatli olmak \u00f6nerilir. Yetkililer yayg\u0131n g\u00f6zetimi s\u00fcrd\u00fcr\u00fcyor: otel odalar\u0131, ileti\u015fimler ve ki\u015fisel e\u015fyalar incelemeye tabi olabilir. Askeri, h\u00fck\u00fcmet veya s\u0131n\u0131r tesislerinin foto\u011fraflanmas\u0131 resmi k\u0131namaya yol a\u00e7abilir. Kamuya a\u00e7\u0131k alanda sarho\u015fluk ve k\u00fcf\u00fcr kullan\u0131m\u0131 para cezas\u0131 veya g\u00f6zalt\u0131na neden olabilir.<\/p>\n<p>Siyasi toplant\u0131lar ani bast\u0131r\u0131lma riskiyle kar\u015f\u0131 kar\u015f\u0131yad\u0131r; muhalefet cezaland\u0131r\u0131l\u0131r ve ifade \u00f6zg\u00fcrl\u00fc\u011f\u00fc ciddi \u015fekilde k\u0131s\u0131tlan\u0131r. Protestocular genellikle diasporan\u0131n ve muhalefetin sembol\u00fc olan 1918-1995&#039;in tarihi beyaz-k\u0131rm\u0131z\u0131-beyaz bayra\u011f\u0131n\u0131 ta\u015f\u0131rlar; kamusal alanda g\u00f6r\u00fcnmesi tutuklanma riskinin artt\u0131\u011f\u0131n\u0131 g\u00f6sterir. Alk\u0131\u015f gibi zarars\u0131z jestler bile rejim ele\u015ftirmenleri taraf\u0131ndan benimsendi\u011fi i\u00e7in istenmeyen ilgi \u00e7ekebilir. Yabanc\u0131 gazeteciler, \u00f6zellikle Polonya k\u00f6kenli olanlar, giri\u015f reddi, g\u00f6zalt\u0131na al\u0131nma ve sorgulama ya\u015fad\u0131lar.<\/p>\n<p>LGBT ziyaret\u00e7ilere y\u00f6nelik tutumlar muhafazakar kalmaya devam ediyor. Mevzuat art\u0131k r\u0131zaya dayal\u0131 e\u015fcinsel ili\u015fkileri su\u00e7 saymasa da, toplumsal kabul s\u0131n\u0131rl\u0131d\u0131r\u2014\u00f6zellikle eski nesiller aras\u0131nda\u2014ve kamusal sevgi g\u00f6sterileri \u00f6nerilmemektedir. S\u00fcr\u00fc\u015f ko\u015fullar\u0131 ana otoyollarda kullan\u0131\u015fl\u0131dan k\u0131\u015f\u0131n tehlikeliye kadar de\u011fi\u015fmektedir: \u00e7ukurlar, seyrek ayd\u0131nlatma, \u00f6ng\u00f6r\u00fclemeyen yaya davran\u0131\u015flar\u0131 ve trafik d\u00fczenlemelerine ara s\u0131ra sayg\u0131s\u0131zl\u0131k, hepsi dikkatli olmay\u0131 gerektirir.<\/p>\n<p>Sa\u011fl\u0131k hizmeti Bat\u0131 standartlar\u0131n\u0131n gerisinde kal\u0131yor. Tesisler genellikle modern ekipmandan yoksun ve dil engelleri Rus\u00e7a veya Belarus\u00e7a konu\u015fmayanlar i\u00e7in zorluklar\u0131 art\u0131r\u0131yor. Ambulans m\u00fcdahale s\u00fcreleri otuz dakikay\u0131 a\u015fabiliyor ve bu da t\u0131bbi tahliyeyi geli\u015fmi\u015f bak\u0131ma giden en g\u00fcvenilir yol haline getiriyor. T\u00fcberk\u00fcloz giderek artan zorluklar yarat\u0131yor ve musluk suyu do\u011frudan t\u00fcketim i\u00e7in g\u00fcvenli de\u011fil; \u015fi\u015felenmi\u015f su \u015fiddetle tavsiye ediliyor. G\u0131da maddeleri hem bakteriyel hem de radyolojik incelemeden ge\u00e7iyor, ancak \u00c7ernobil reakt\u00f6r\u00fcnden elli kilometre uzakl\u0131ktaki kaynaklardan elde edilen \u00fcr\u00fcnler yasakl\u0131 kalmaya devam ediyor.<\/p>\n<p>Belarus&#039;taki g\u00f6rg\u00fc kurallar\u0131 daha \u00e7ekingen bir k\u00fclt\u00fcr\u00fc yans\u0131t\u0131r. Belaruslular, yabanc\u0131lara g\u00fcl\u00fcmsemenin samimiyetsizlik veya alayc\u0131l\u0131k olarak yorumlanabilece\u011fi kamusal alanda ketumlu\u011fa de\u011fer verirler. \u0130lk kar\u015f\u0131la\u015fmalar genellikle co\u015fkulu bir s\u0131cakl\u0131k yerine \u00f6zl\u00fc cevaplar ortaya \u00e7\u0131kar\u0131r; g\u00fcven ve a\u00e7\u0131kl\u0131k yava\u015f yava\u015f geli\u015fir. Centilmenlik geleneksel kal\u0131r: erkekler genellikle kad\u0131nlara pratik yard\u0131m teklif eder ve kad\u0131nlar da bu nezaketleri bekler. \u00d6zellikle Ba\u015fkan Luka\u015fenko veya Sovyet miraslar\u0131 ile ilgili siyasi s\u00f6ylemlerden ka\u00e7\u0131nmak en iyisidir, \u00e7\u00fcnk\u00fc bu t\u00fcr konular huzursuzlu\u011fa veya resmi misillemelere neden olabilir.<\/p>\n<p>Belarus&#039;un sessiz k\u00f6ylerinde ve modern kent merkezlerinde, tarihi kopu\u015f ve k\u00fclt\u00fcrel devaml\u0131l\u0131\u011f\u0131n etkile\u015fimi hem zorlay\u0131c\u0131 hem de sessizce zorlay\u0131c\u0131 bir \u00e7evreyi \u015fekillendiriyor. Ge\u00e7mi\u015finin \u00e7o\u011fu sava\u015f zaman\u0131 \u015fiddeti ve tekd\u00fcze yeniden yap\u0131lanma yoluyla kaybolmu\u015f olsa da, izleri bozulmu\u015f ormanlarda, kalelerin duvarlar\u0131nda ve g\u00fcnl\u00fck ya\u015fam\u0131n stoac\u0131 ritimlerinde varl\u0131\u011f\u0131n\u0131 s\u00fcrd\u00fcr\u00fcyor. Y\u00fczeysel izlenimlerin \u00f6tesine bakmaya istekli olanlar i\u00e7in Belarus, halk\u0131n\u0131n cilas\u0131z ger\u00e7eklikleri ve s\u00fcrekli, e\u011fer k\u0131s\u0131tlanm\u0131\u015fsa, d\u00f6n\u00fc\u015f\u00fcm i\u00e7inde olan bir topra\u011f\u0131n ince g\u00fczelli\u011fiyle i\u015faretlenmi\u015f bir dayan\u0131kl\u0131l\u0131k ve s\u00fcreklilik deneyimi sunuyor.<\/p>","protected":false},"excerpt":{"rendered":"<p>Yakla\u015f\u0131k 9,1 milyonluk tahmini n\u00fcfusuyla Belarus\u2014resmi olarak Belarus Cumhuriyeti olarak bilinir\u2014Do\u011fu Avrupa&#039;da denize k\u0131y\u0131s\u0131 olmayan bir \u00fclkedir. Belarus&#039;un stratejik konumu\u2014Avrupa ve Asya&#039;n\u0131n birle\u015fti\u011fi nokta\u2014tarihsel geli\u015fimini, k\u00fclt\u00fcrel kimli\u011fini ve jeopolitik \u00f6nemini etkilemi\u015ftir. Kara k\u00fctlesi bak\u0131m\u0131ndan Avrupa&#039;da 13. s\u0131rada yer alan \u00fclke, 207.600 kilometrekarelik (80.200 mil kare) bir alana sahiptir. Belarus&#039;un her yerinde do\u011fu ve kuzeydo\u011fuda Rusya, g\u00fcneyde Ukrayna, bat\u0131da Polonya, kuzeybat\u0131da Litvanya ve Letonya bulunur. \u00dclkenin geli\u015fimi ve \u00e7evre \u00fclkelerle olan tarihi etkile\u015fimleri co\u011frafi konumundan b\u00fcy\u00fck \u00f6l\u00e7\u00fcde etkilenmi\u015ftir.<\/p>","protected":false},"author":1,"featured_media":2825,"parent":24078,"menu_order":0,"comment_status":"closed","ping_status":"closed","template":"elementor_theme","meta":{"_eb_attr":"","footnotes":""},"class_list":["post-14616","page","type-page","status-publish","has-post-thumbnail"],"_links":{"self":[{"href":"https:\/\/travelshelper.com\/tr\/wp-json\/wp\/v2\/pages\/14616","targetHints":{"allow":["GET"]}}],"collection":[{"href":"https:\/\/travelshelper.com\/tr\/wp-json\/wp\/v2\/pages"}],"about":[{"href":"https:\/\/travelshelper.com\/tr\/wp-json\/wp\/v2\/types\/page"}],"author":[{"embeddable":true,"href":"https:\/\/travelshelper.com\/tr\/wp-json\/wp\/v2\/users\/1"}],"replies":[{"embeddable":true,"href":"https:\/\/travelshelper.com\/tr\/wp-json\/wp\/v2\/comments?post=14616"}],"version-history":[{"count":0,"href":"https:\/\/travelshelper.com\/tr\/wp-json\/wp\/v2\/pages\/14616\/revisions"}],"up":[{"embeddable":true,"href":"https:\/\/travelshelper.com\/tr\/wp-json\/wp\/v2\/pages\/24078"}],"wp:featuredmedia":[{"embeddable":true,"href":"https:\/\/travelshelper.com\/tr\/wp-json\/wp\/v2\/media\/2825"}],"wp:attachment":[{"href":"https:\/\/travelshelper.com\/tr\/wp-json\/wp\/v2\/media?parent=14616"}],"curies":[{"name":"wp","href":"https:\/\/api.w.org\/{rel}","templated":true}]}}