{"id":14607,"date":"2024-09-19T21:19:09","date_gmt":"2024-09-19T21:19:09","guid":{"rendered":"https:\/\/travelshelper.com\/staging\/?page_id=14607"},"modified":"2026-03-11T22:24:11","modified_gmt":"2026-03-11T22:24:11","slug":"anvers","status":"publish","type":"page","link":"https:\/\/travelshelper.com\/tr\/destinations\/europe\/belgium\/antwerp\/","title":{"rendered":"Anvers"},"content":{"rendered":"<p>Flamanlar\u0131n ayn\u0131 ad\u0131 ta\u015f\u0131yan eyaletinin ba\u015fkenti olan Antwerp, hem bir ticaret yolu hem de k\u00fclt\u00fcrel katmanlar\u0131n bir tuvali olarak kendini sunar. Scheldt Nehri&#039;nin geni\u015f e\u011frisi boyunca uzanan -ismi Hollandaca &#034;aan de werpe&#034; veya nehrin tortular\u0131n\u0131n &#034;at\u0131ld\u0131\u011f\u0131 yer&#034; kelimesinden gelir- bu liman \u015fehri uzun zamand\u0131r Avrupa ticaretinin, sanat\u0131n\u0131n ve kimli\u011finin de\u011fi\u015fen gelgitlerine tan\u0131kl\u0131k etmektedir. Belediye s\u0131n\u0131rlar\u0131 i\u00e7inde yar\u0131m milyondan biraz fazla ve metropol alan\u0131nda 1,2 milyondan fazla n\u00fcfusu olan Antwerp, Bel\u00e7ika&#039;n\u0131n ikinci b\u00fcy\u00fck kentsel y\u0131\u011f\u0131lmas\u0131 olarak s\u0131ralan\u0131r. Ancak ger\u00e7ek \u00f6l\u00e7\u00fcs\u00fc ham rakamlardan \u00e7ok tarihinin yo\u011funlu\u011funda ve g\u00fcn\u00fcm\u00fcz\u00fcn eklektizminde yatmaktad\u0131r.<\/p>\n<p>16. y\u00fczy\u0131ldan itibaren, Antwerp&#039;in serveti Kuzey Denizi, i\u00e7 Flanders ve Avrupa ve Asya&#039;n\u0131n daha geni\u015f k\u0131talar\u0131 aras\u0131nda seyahat eden t\u00fcccarlar i\u00e7in bir ba\u011flant\u0131 noktas\u0131 olarak konumunun g\u00fcc\u00fcne dayan\u0131yordu. 1531&#039;de d\u00fcnyan\u0131n emtia borsas\u0131na adanm\u0131\u015f ilk binas\u0131 olarak in\u015fa edilen Borsa, bir noktada A\u015fa\u011f\u0131 \u00dclkeler&#039;deki di\u011ferlerinin hepsini g\u00f6lgede b\u0131rakan hareketli bir ekonominin kan\u0131t\u0131 olarak duruyordu. 1585 ku\u015fatmas\u0131, \u0130spanyol kuvvetlerinin \u015fehrin teslim olmas\u0131n\u0131 zorlamas\u0131yla a\u011f\u0131r bir darbe vurdu; ticaret ve yetenek kuzeye Amsterdam&#039;a kayd\u0131 ve Antwerp&#039;in \u00fcst\u00fcnl\u00fc\u011f\u00fc iki y\u00fczy\u0131l boyunca azald\u0131. Yeniden canlanma ancak 19. y\u00fczy\u0131lda, end\u00fcstriyel geni\u015fleme ve yeni demir yolu hatlar\u0131n\u0131n geli\u015fiyle ekonomik alevini yeniden yakt\u0131\u011f\u0131nda ba\u015flad\u0131. 20. y\u00fczy\u0131la gelindi\u011finde, Antwerp Liman\u0131 Avrupa&#039;n\u0131n en b\u00fcy\u00fck limanlar\u0131 aras\u0131nda yeniden ortaya \u00e7\u0131kt\u0131 (verim a\u00e7\u0131s\u0131ndan Rotterdam&#039;dan sonra ikinci s\u0131radayd\u0131) ve mallar, enerji ve \u00f6zellikle elmaslar i\u00e7in k\u00fcresel bir merkez olma rol\u00fcn\u00fc yeniden \u00fcstlendi.<\/p>\n<p>Elmas t\u00fcccarlar\u0131, merkez tren istasyonunun bat\u0131s\u0131ndaki labirent gibi sokaklarda b\u00f6lgelerini kurarak, Antwerp&#039;i d\u00fcnya elmas ticaretinin temel ta\u015f\u0131 haline getirdiler. T\u00fcm ham ta\u015flar\u0131n y\u00fczde 85&#039;i borsalar\u0131ndan ge\u00e7erken bile, Antwerp&#039;in elmas toplulu\u011fu y\u00fczy\u0131llar\u0131n izlerini ta\u015f\u0131yor: 16. y\u00fczy\u0131lda kurulan loncalar bug\u00fcn hala profesyonel uygulamalar\u0131 \u015fekillendiriyor, II. D\u00fcnya Sava\u015f\u0131 sonras\u0131 d\u00f6nemde ise Hasidik Yahudi toplulu\u011fu kesme ve ticarette \u00f6nc\u00fc bir rol \u00fcstlendi. Hintli, L\u00fcbnanl\u0131 Maruni ve Ermeni t\u00fcccarlar art\u0131k Antwerp D\u00fcnya Elmas Merkezi gibi kurumlar arac\u0131l\u0131\u011f\u0131yla geleneksel ailelerle birlikte i\u015f birli\u011fi yap\u0131yor. Bu katmanl\u0131 tarih, b\u00f6lgeye benzersiz bir a\u011f\u0131rl\u0131k kazand\u0131r\u0131yor; elmaslar hem ekonomik bir motor hem de Antwerp&#039;in kal\u0131c\u0131 k\u00fcresel eri\u015fiminin bir simgesi olmaya devam ediyor.<\/p>\n<p>Yine de Antwerp&#039;i yaln\u0131zca ticaret prizmas\u0131ndan alg\u0131lamak, ge\u00e7mi\u015fini ve bug\u00fcn\u00fcn\u00fc yan yana ta\u015f\u0131yan bir \u015fehri g\u00f6zden ka\u00e7\u0131rmak olurdu. Grote Markt etraf\u0131ndaki kompakt \u00e7ekirdek, efsanelerin ve etimolojilerin kollar\u0131n\u0131 ta\u015f\u0131r: stilize edilmi\u015f bir el - &#034;Hand werpen&#034;e bir selam, bir su\u00e7lunun elinin Scheldt&#039;e efsanevi \u015fekilde at\u0131lmas\u0131 - ve ta\u015f siperleri nehir k\u0131y\u0131s\u0131n\u0131 \u00e7er\u00e7eveleyen Het Steen olarak bilinen orta\u00e7a\u011f kalesi. Meydan\u0131n etraf\u0131nda k\u00fcmelenen 16. y\u00fczy\u0131l lonca evleri, t\u00fcccar s\u0131n\u0131f\u0131n\u0131n refah\u0131n\u0131 \u00f6rneklendirirken, onlardan birka\u00e7 ad\u0131m \u00f6tede modern cepheler y\u00fckseliyor: Zaha Hadid&#039;in neoklasik bir kabu\u011fun \u00fczerine a\u015f\u0131lanm\u0131\u015f Liman Evi&#039;nin keskin camlar\u0131; \u00fc\u00e7gen ve sade Provicial H\u00fck\u00fcmet Binas\u0131; ve k\u0131rm\u0131z\u0131 kumta\u015f\u0131 katmanlar\u0131 Antwerp&#039;in liman miras\u0131na katmanl\u0131 bir sayg\u0131 duru\u015funda t\u0131rmanan MAS.<\/p>\n<p>Bu \u00e7ekirde\u011fin \u00f6tesinde, mahalleler stilistik manzaralar halinde ortaya \u00e7\u0131kar. Dar sokaklar ve \u015fehir evlerinin bulundu\u011fu bir b\u00f6lge olan Zurenborg, Art Nouveau fantezilerini an\u0131msatan cephelere sahiptir: kavisli ta\u015f i\u015f\u00e7ili\u011fi, vitray mozaikler, karma\u015f\u0131k demir korkuluklar. Ayr\u0131ca, Le Corbusier&#039;in 1926 tarihli konut deneyi olan ve \u015fu anda UNESCO listesinde yer alan Maison Guiette de burada yer al\u0131r; beyaz badanal\u0131 geometrisi, yan taraftaki \u00e7i\u00e7eksi co\u015fkuyla tezat olu\u015fturur. \u015eehrin do\u011fu s\u0131n\u0131r\u0131nda, Boulevard d&#039;Anvers, Richard Rogers&#039;\u0131n Adalet Saray\u0131&#039;n\u0131n y\u00fckselen kubbesinin alt\u0131ndan ge\u00e7er; bu, modern bir dille konu\u015furken ayn\u0131 zamanda kentsel onuru koruyan, cam ve \u00e7elikten yap\u0131lm\u0131\u015f, sonradan eklenen bir yap\u0131d\u0131r.<\/p>\n<p>E\u011fer mimari \u015fehrin evrimle\u015fen \u00f6z-kavray\u0131\u015f\u0131n\u0131 \u00e7iziyorsa, o zaman ye\u015fil alanlar\u0131 Antwerp&#039;in karakterinin ba\u015fka bir boyutunu ortaya koyar. Bir zamanlar nakliye sahas\u0131 olan Park Spoor Noord, \u015fimdi kaykayc\u0131lar ve sanat enstalasyonlar\u0131n\u0131n alt\u0131nda piknik yapan ailelerle dolup ta\u015f\u0131yor; Deurne&#039;deki Rivierenhof, ba\u015flang\u0131\u00e7ta i\u015f\u00e7i s\u0131n\u0131f\u0131na hizmet etmek i\u00e7in d\u00fczenlenmi\u015f doksan hektarl\u0131k resmi bah\u00e7eler ve k\u0131vr\u0131ml\u0131 patikalara yay\u0131l\u0131yor. Den Brandt, Vogelenzang ve Middelheim Park&#039;\u0131n\u0131 i\u00e7eren Nachtgalen Park, d\u00f6rt y\u00fczden fazla a\u00e7\u0131k hava heykeliyle noktalanan sessiz orman a\u00e7\u0131kl\u0131klar\u0131 sunarken, bir zamanlar Antwerp&#039;in soylular\u0131n\u0131n k\u0131r evi olan biti\u015fikteki kale, g\u00f6letler ve gezinti yollar\u0131yla \u00e7evrilidir. Daha incelikli bir merak i\u00e7in, Scheldt&#039;in alt\u0131ndaki Voetgangerstunnel&#039;\u0131 arayabilirsiniz: orijinal ah\u015fap y\u00fcr\u00fcyen merdivenleri ve s\u0131rl\u0131 seramik y\u00fczeyleriyle, tarihi merkezi Sol Yaka&#039;ya g\u00fcnl\u00fck s\u00fcreklili\u011fin nazik bir u\u011fultusuyla ba\u011flayan bir Art Deco yaya ge\u00e7idi.<\/p>\n<p>Antwerp&#039;in k\u00fclt\u00fcrel kurumlar\u0131 da ayn\u0131 derecede \u00e7e\u015fitlidir. Royal Museum of Fine Arts, 14. y\u00fczy\u0131ldan 20. y\u00fczy\u0131la kadar Flaman resminin eserlerini bar\u0131nd\u0131r\u0131r; yak\u0131nlarda, Rubens&#039;in eski evi ve st\u00fcdyosu (\u015fimdi Rubenshuis), \u015fehrin imaj\u0131n\u0131 \u015fekillendiren barok vizyonlara sahip bir ustan\u0131n at\u00f6lyesini muhafaza eder. Nehrin kuzey basama\u011f\u0131nda, Red Star Line M\u00fczesi, Antwerp&#039;in r\u0131ht\u0131mlar\u0131ndan Atlantik&#039;in \u00f6tesindeki yeni hayatlara iki milyondan fazla ruhu ta\u015f\u0131yan g\u00f6\u00e7\u00fc haritaland\u0131r\u0131rken, Plantin-Moretus M\u00fczesi, matbaan\u0131n Reformasyon&#039;un ve bilginin yay\u0131lmas\u0131n\u0131n arac\u0131 olarak i\u00e7g\u00f6r\u00fcler sunar. \u00c7a\u011fda\u015f sesler, film, foto\u011fraf ve enstalasyonun zaman\u0131m\u0131z\u0131n ak\u0131mlar\u0131n\u0131 sorgulad\u0131\u011f\u0131 Museum of Contemporary Art (M HKA) ve Fotomuseum&#039;da bir sahne bulur.<\/p>\n<p>Yine de m\u00fczeler kapand\u0131\u011f\u0131nda \u015fehir sessiz kalm\u0131yor. Eski merkeze, Mechelseplein&#039;a ve Dageraadplaats&#039;a serpi\u015ftirilmi\u015f bir kafe ve barlar tak\u0131m\u0131\u2014ya da yerel tabirle &#034;barlar&#034;), musluktaki biralar kadar \u00e7e\u015fitli bir m\u00fc\u015fteri kitlesi topluyor. Galeriler, restoranlar ve gece ge\u00e7 saatlere kadar a\u00e7\u0131k kafelerle dolu geni\u015f bulvarlar\u0131 olan Het Zuid, sabah\u0131n erken saatlerine kadar nab\u0131z gibi at\u0131yor; r\u0131ht\u0131mlarda, Eilandje&#039;nin sahil teraslar\u0131 MAS&#039;\u0131n k\u0131z\u0131l duvarlar\u0131na bak\u0131yor. Karanl\u0131k k\u00f6\u015felerdeki kul\u00fcpler, Cinderella&#039;s Ballroom&#039;un alt\u0131n \u00e7a\u011flar\u0131n\u0131 hat\u0131rlat\u0131yor ve elektronik ritimlerle ve f\u0131s\u0131ldanan vaatlerle u\u011fulduyor. G\u00fcvenli olduklar\u0131 y\u00f6n\u00fcndeki \u00fcne ra\u011fmen, baz\u0131 mahalleler\u2014\u00f6zellikle De Coninckplein, Borgerhout ve Seefhoek civar\u0131nda\u2014g\u00fcn bat\u0131m\u0131ndan sonra dikkatli olmay\u0131 hak ediyor. Yine de g\u00fcn \u0131\u015f\u0131\u011f\u0131na kavu\u015fan bu ayn\u0131 b\u00f6lgeler, Anvers&#039;in dayan\u0131kl\u0131l\u0131\u011f\u0131n\u0131 yans\u0131tan sokak sanat\u0131n\u0131, yerel pazarlar\u0131 ve aile i\u015fletmesi lokantalar\u0131 ortaya \u00e7\u0131kar\u0131yor.<\/p>\n<p>Antwerp&#039;te ve \u00e7evresinde hareket, tarihi bir merkez ve modern bir d\u00fc\u011f\u00fcm noktas\u0131 olarak ikili kimli\u011fini yans\u0131t\u0131r. Baz\u0131lar\u0131 i\u00e7in &#034;demiryolu katedrali&#034; olan Antwerp Merkez \u0130stasyonu, s\u0131radan bir son durak de\u011fildir; G\u00fczel Sanatlar cephesi, 2007&#039;de tamamlanan, y\u00fcksek h\u0131zl\u0131 Thalys ve Eurostar hizmetlerinin \u015fehrin alt\u0131ndan ge\u00e7ip g\u00fcneye do\u011fru \u00e7\u0131karak Br\u00fcksel, Londra, Paris ve Amsterdam&#039;a ba\u011fland\u0131\u011f\u0131 \u00e7ok katmanl\u0131 bir istasyon kompleksini gizler. Y\u00fck trenleri, Avrupa&#039;n\u0131n ikinci b\u00fcy\u00fck s\u0131n\u0131fland\u0131rma sahas\u0131 olan Antwerpen-Noord&#039;dan ge\u00e7erken, \u015fehir tramvaylar\u0131 (on d\u00f6rt hat y\u00fczey rotas\u0131 ve premetro t\u00fcnelleri) bir merkezin kollar\u0131 gibi Franklin Rooseveltplaats&#039;tan yay\u0131l\u0131r. Alt\u0131 \u015feritli bir baypas olan The Ring, merkezi \u00e7evreler, b\u00f6l\u00fcmleri art\u0131k onlarca y\u0131ll\u0131k trafikle ayr\u0131lm\u0131\u015f mahalleleri yeniden birbirine ba\u011flamak i\u00e7in ye\u015fil kapaklar\u0131n alt\u0131nda \u00f6rt\u00fclmek \u00fczere planlanm\u0131\u015ft\u0131r.<\/p>\n<p>Su yoluyla, Scheldt \u015fehrin can damar\u0131 olmaya devam ediyor. Limandaki petrol rafinerilerine ve petrokimya tesislerine giden kargo y\u00fck gemileri (\u00f6l\u00e7ek olarak sadece Houston&#039;\u0131n k\u00fcmesinden sonra ikinci s\u0131rada) gelgit nehrinde seyrederken, Waterbus Kruibeke&#039;den Lillo&#039;ya banliy\u00f6 ve turist rotalar\u0131 d\u00fczenliyor. \u0130\u00e7 kesimlerde, Deurne&#039;deki Antwerp Uluslararas\u0131 Havaalan\u0131 i\u015f jetlerine ve mevsimlik charter&#039;lara hizmet veriyor, tek pisti art\u0131k \u0130spanya, \u0130talya ve Fas&#039;a tarifeli ba\u011flant\u0131lar sa\u011fl\u0131yor; k\u0131rk be\u015f kilometre g\u00fcneydeki Br\u00fcksel Havaalan\u0131, Diabolo hatt\u0131ndaki do\u011frudan demir yolu arac\u0131l\u0131\u011f\u0131yla k\u00fcresel kap\u0131 sa\u011fl\u0131yor.<\/p>\n<p>Bu a\u011flar boyunca, insanlar belirgin bir ethos&#039;a sayg\u0131 g\u00f6sterirler: m\u00fctevaz\u0131 zevke d\u00fc\u015fk\u00fcnl\u00fck ve \u00f6l\u00e7\u00fcl\u00fc bir tempo. Antwerp sakinlerinin kendilerine verdi\u011fi isimle Sinjoren (\u0130spanyol soylular\u0131n\u0131n &#034;se\u00f1or&#034; unvan\u0131ndan sonra) kafe sandalyelerinde ne\u015feyi kucaklar, zamans\u0131z meyhanelerde deniz \u00fcr\u00fcnleriyle vakit ge\u00e7irir, t\u00fcm sakinlerin yar\u0131s\u0131ndan fazlas\u0131n\u0131n k\u00f6keninin Bel\u00e7ika k\u00f6kenli olmas\u0131n\u0131n \u00f6tesinde oldu\u011fu bir \u015fehirde dil konusunda tart\u0131\u015f\u0131rlar. Frans\u0131zca ve Felemenk\u00e7e konu\u015fanlar aras\u0131nda gerginlikler ortaya \u00e7\u0131kabilir; ancak \u00e7o\u011funluk, Antwerp&#039;in kimli\u011finin orta\u00e7a\u011f t\u00fcccarlar\u0131ndan modern g\u00f6\u00e7menlere kadar her zaman yeni gelenlere ev sahipli\u011fi yapt\u0131\u011f\u0131n\u0131 ak\u0131llar\u0131nda tutarak iki dilli sokaklarda kolayca ilerler.<\/p>\n<p>Antwerp&#039;teki mevsimler okyanus g\u00f6ky\u00fcz\u00fcn\u00fcn alt\u0131nda yava\u015f\u00e7a de\u011fi\u015fir. K\u0131\u015flar d\u00f6rt santigrat derece civar\u0131nda seyreder, yazlar on dokuz santigrat derecenin \u00fczerinde zirve yapar ve ya\u011fmur hafif ama \u0131srarl\u0131 bir \u015fekilde ya\u011far\u2014tu\u011fla ve \u00e7eli\u011fe, ta\u015f ve cama e\u015flik eder, hayat a\u00e7\u0131k meydanlarda ve dar sokaklarda geli\u015fir. Botanik Bah\u00e7esi&#039;nin bah\u00e7elerinde veya Stadspark&#039;taki resmi yataklarda, d\u00fcnyan\u0131n d\u00f6rt bir yan\u0131ndan gelen bitkiler geli\u015fir ve ziyaret\u00e7ilere Antwerp&#039;in uzun zamand\u0131r sadece ticaret i\u00e7in de\u011fil, fikirler ve bilgi yeti\u015ftirme i\u00e7in de bir kav\u015fak noktas\u0131 oldu\u011funu hat\u0131rlat\u0131r.<\/p>\n<p>Bu, yaralar\u0131n\u0131 gizlemeyen veya tekd\u00fczelik numaras\u0131 yapmayan bir \u015fehir. D\u00fcnya sava\u015flar\u0131nda bombalanan, ku\u015fatmalarla bo\u011fu\u015fan, ekonomik ini\u015f \u00e7\u0131k\u0131\u015flarla noktalanan Antwerp, hikayelerinin birikimiyle geli\u015fir. Her katedral kulesi, her lonca binas\u0131, m\u00fczeye veya bara d\u00f6n\u00fc\u015ft\u00fcr\u00fclm\u00fc\u015f her depo, s\u00fcreklilik ve yenilenme aras\u0131ndaki gerilime tan\u0131kl\u0131k eder. Ne bozulmam\u0131\u015f koruma ne de ba\u015f d\u00f6nd\u00fcr\u00fcc\u00fc yenilik arayan bir gezgin i\u00e7in Antwerp her ikisinin de vuru\u015flar\u0131n\u0131 sunar: ayr\u0131nt\u0131l\u0131 olarak \u00e7izilmi\u015f, haf\u0131zada canl\u0131 ve de\u011fi\u015fime a\u00e7\u0131k bir kentsel portre. Her \u015feyden \u00f6nce ne bir kal\u0131nt\u0131 ne de bir vaattir, ya\u015fayan bir yerdir: Nehrin kap\u0131lar\u0131na kum ta\u015f\u0131d\u0131\u011f\u0131, elmaslar\u0131, hayalleri ve i\u00e7inden ge\u00e7enlerin ayak izlerini ta\u015f\u0131d\u0131\u011f\u0131 bir yer.<\/p>","protected":false},"excerpt":{"rendered":"<p>536.079 n\u00fcfusa ev sahipli\u011fi yapan Antwerp Eyaletinin ba\u015fkenti olan Antwerp, Bel\u00e7ika&#039;n\u0131n en kalabal\u0131k belediyesidir. Flaman B\u00f6lgesi&#039;nde bulunan bu \u015fehrin karma\u015f\u0131k bir ge\u00e7mi\u015fi, k\u00fclt\u00fcrel miras\u0131 ve \u00e7a\u011flar boyunca karakterini \u015fekillendiren ekonomik de\u011feri vard\u0131r. Antwerp&#039;in Scheldt Nehri boyunca stratejik konumu onu ticaret ve end\u00fcstri i\u00e7in hayati bir merkez haline getirmi\u015f ve b\u00f6ylece onu modern enerjiyi tarihi mirasla birle\u015ftiren d\u00fcnya \u00e7ap\u0131nda bir \u015fehre d\u00f6n\u00fc\u015ft\u00fcrm\u00fc\u015ft\u00fcr.<\/p>","protected":false},"author":1,"featured_media":2796,"parent":14562,"menu_order":0,"comment_status":"closed","ping_status":"closed","template":"elementor_theme","meta":{"_eb_attr":"","footnotes":""},"class_list":["post-14607","page","type-page","status-publish","has-post-thumbnail"],"_links":{"self":[{"href":"https:\/\/travelshelper.com\/tr\/wp-json\/wp\/v2\/pages\/14607","targetHints":{"allow":["GET"]}}],"collection":[{"href":"https:\/\/travelshelper.com\/tr\/wp-json\/wp\/v2\/pages"}],"about":[{"href":"https:\/\/travelshelper.com\/tr\/wp-json\/wp\/v2\/types\/page"}],"author":[{"embeddable":true,"href":"https:\/\/travelshelper.com\/tr\/wp-json\/wp\/v2\/users\/1"}],"replies":[{"embeddable":true,"href":"https:\/\/travelshelper.com\/tr\/wp-json\/wp\/v2\/comments?post=14607"}],"version-history":[{"count":0,"href":"https:\/\/travelshelper.com\/tr\/wp-json\/wp\/v2\/pages\/14607\/revisions"}],"up":[{"embeddable":true,"href":"https:\/\/travelshelper.com\/tr\/wp-json\/wp\/v2\/pages\/14562"}],"wp:featuredmedia":[{"embeddable":true,"href":"https:\/\/travelshelper.com\/tr\/wp-json\/wp\/v2\/media\/2796"}],"wp:attachment":[{"href":"https:\/\/travelshelper.com\/tr\/wp-json\/wp\/v2\/media?parent=14607"}],"curies":[{"name":"wp","href":"https:\/\/api.w.org\/{rel}","templated":true}]}}