{"id":14562,"date":"2024-09-19T19:30:23","date_gmt":"2024-09-19T19:30:23","guid":{"rendered":"https:\/\/travelshelper.com\/staging\/?page_id=14562"},"modified":"2026-03-11T22:24:33","modified_gmt":"2026-03-11T22:24:33","slug":"belcika","status":"publish","type":"page","link":"https:\/\/travelshelper.com\/tr\/destinations\/europe\/belgium\/","title":{"rendered":"Bel\u00e7ika"},"content":{"rendered":"<p>Bel\u00e7ika, Avrupa&#039;n\u0131n kuzeybat\u0131 ucunda ince bir \u015ferit halinde uzan\u0131r. Otuz bin kilometrekarelik bir alan\u0131 kaplayan Bel\u00e7ika, Kuzey Denizi ile Ardenler&#039;in engebeli yaylalar\u0131 aras\u0131nda s\u0131k\u0131\u015f\u0131r ve Hollanda, Almanya, L\u00fcksemburg ve Fransa ile s\u0131n\u0131rlar\u0131 \u00e7izer. Y\u00fczeyi Maryland veya Galler&#039;in boyutunu pek a\u015fmasa da, hikayesi Bat\u0131 Avrupa tarihinin kalbinde ortaya \u00e7\u0131kar; tarlalar\u0131 Roma lejyonlar\u0131na ve orta\u00e7a\u011f t\u00fcccarlar\u0131na ev sahipli\u011fi yapm\u0131\u015ft\u0131r; sokaklar\u0131 imparatorluklar\u0131n y\u00fckseli\u015fine ve d\u00fc\u015f\u00fc\u015f\u00fcne tan\u0131kl\u0131k etmi\u015ftir; h\u00fck\u00fcmet odalar\u0131 art\u0131k Avrupa Birli\u011fi&#039;nin i\u015flerini \u015fekillendirmektedir. Bu makale, hem engebeli hatlar\u0131n\u0131 hem de rafine ayr\u0131nt\u0131lar\u0131n\u0131 kucaklayan bir Bel\u00e7ika portresi sunmaktad\u0131r: karma\u015f\u0131kl\u0131\u011f\u0131 dikkatli bir ilgiyi \u00f6d\u00fcllendiren bir \u00fclke.<\/p>\n<p>Bel\u00e7ika&#039;n\u0131n arazisi do\u011fal olarak \u00fc\u00e7 b\u00f6lgeye ayr\u0131l\u0131r. Kuzeyde, kum tepecikleri ve geri kazan\u0131lm\u0131\u015f polderlerden olu\u015fan bir k\u0131y\u0131 ovas\u0131, Kuzey Denizi&#039;nin huzursuz gelgitleriyle bulu\u015fur. Ortaya do\u011fru, kanallar ve zikzaklar \u00e7izen nehirlerle \u00e7aprazlanm\u0131\u015f, hafif\u00e7e y\u00fckselen bir plato, verimli tarlalar ve pazar kasabalar\u0131 ta\u015f\u0131r. G\u00fcneydo\u011fuda, ormanl\u0131k tepeleri, kayal\u0131k ge\u00e7itleri ve da\u011f\u0131n\u0131k k\u00f6yleriyle Ardennes, engebeli bir kar\u015f\u0131 nokta olu\u015fturur. Burada Signal de Botrange, \u00fclkenin en y\u00fcksek noktas\u0131 olan 694 metrede High Fens&#039;i ta\u00e7land\u0131r\u0131r.<\/p>\n<p>\u0130klim, y\u00fckseklikten \u00e7ok enlem konturlar\u0131n\u0131 takip eder. Bat\u0131 ovalar\u0131, ya\u011f\u0131\u015f\u0131n y\u0131l boyunca e\u015fit \u015fekilde da\u011f\u0131ld\u0131\u011f\u0131 \u0131l\u0131man k\u0131\u015flar ve serin yazlar g\u00f6r\u00fcr. Ardenler, hala deniz etkisinde olsa da, daha serin s\u0131cakl\u0131klara ve biraz daha fazla ya\u011f\u0131\u015fa do\u011fru e\u011filim g\u00f6sterir ve me\u015fe ve kay\u0131n ormanlar\u0131n\u0131 besler. Bel\u00e7ika genelinde, Ocak ay\u0131ndaki ortalama d\u00fc\u015f\u00fck s\u0131cakl\u0131klar 3 \u00b0C civar\u0131nda seyrederken, Temmuz ay\u0131ndaki y\u00fcksek s\u0131cakl\u0131klar 18 \u00b0C civar\u0131nda sabitlenir. Ya\u011f\u0131\u015f, daha kurak d\u00f6nemlerde ayda yakla\u015f\u0131k 54 milimetreden yaz f\u0131rt\u0131nalar\u0131 ge\u00e7ti\u011finde yakla\u015f\u0131k 80 milimetreye kadar de\u011fi\u015fir.<\/p>\n<p>Bu b\u00f6lgenin en erken kay\u0131tl\u0131 sakinleri, Julius Caesar&#039;\u0131n M\u00d6 1. y\u00fczy\u0131lda ad\u0131n\u0131 verdi\u011fi bir kabile toplulu\u011fu olan Belgae&#039;lerdi. Topraklar\u0131 k\u0131sa s\u00fcrede Roma taraf\u0131ndan emildi; Augustus&#039;tan Hadrian&#039;a kadar imparatorlar d\u00f6neminde Belgica, lejyonlar i\u00e7in asker ve imparatorluk i\u00e7in tah\u0131l sa\u011flad\u0131. Roma&#039;n\u0131n d\u00fc\u015f\u00fc\u015f\u00fcyle \u200b\u200bb\u00f6lge, Karolenj d\u00fcnyas\u0131nda bir kav\u015fak haline geldi ve ard\u0131ndan Kutsal Roma \u0130mparatorlu\u011fu alt\u0131nda par\u00e7aland\u0131. Ge\u00e7 Orta \u00c7a\u011f&#039;da Burgonya topraklar\u0131n\u0131n bir par\u00e7as\u0131 olarak geli\u015fti, \u015fehirleri -Brugge, Gent, Ypres- kuma\u015f, ticaret ve bankac\u0131l\u0131kla geli\u015fti.<\/p>\n<p>On alt\u0131nc\u0131 y\u00fczy\u0131lda Habsburglar hak iddia etti: \u00f6nce \u0130spanya, sonra Avusturya, devrimci Frans\u0131z ordular\u0131 1794&#039;te eyaletleri ilhak edene kadar egemenliklerini s\u00fcrd\u00fcrd\u00fcler. Napolyon&#039;un yenilgisinden sonra, 1815 Viyana Kongresi g\u00fcney eyaletlerini yeni Hollanda Krall\u0131\u011f\u0131&#039;na katt\u0131. Ancak g\u00fcney ve kuzey, huzursuz ortaklar oldu\u011funu kan\u0131tlad\u0131; 1830&#039;da Bel\u00e7ikal\u0131 devrimciler ba\u011f\u0131ms\u0131zl\u0131klar\u0131n\u0131 ilan ettiler. Yeni kurulan krall\u0131k anayasal bir monar\u015fi benimsedi ve h\u0131zla sanayile\u015fmeyi benimsedi, demir fabrikalar\u0131n\u0131 ve tekstil fabrikalar\u0131n\u0131 makinele\u015ftiren k\u0131ta Avrupas\u0131&#039;n\u0131n ilk par\u00e7as\u0131 oldu.<\/p>\n<p>S\u00f6m\u00fcrge d\u00f6nemi izledi. 1880&#039;lerde Kral II. Leopold, Kongo \u00d6zg\u00fcr Devleti&#039;ni ki\u015fisel m\u00fclk\u00fc olarak kurdu; suistimaller nedeniyle olu\u015fan uluslararas\u0131 \u00f6fke, 1908&#039;de devlet kontrol\u00fcne yol a\u00e7t\u0131. Bel\u00e7ika ayr\u0131ca Ruanda-Urundi&#039;yi y\u00f6netti. Yirminci y\u00fczy\u0131l\u0131n ortalar\u0131nda bu Afrika topraklar\u0131 ba\u011f\u0131ms\u0131zl\u0131\u011fa kavu\u015ftu ve Bel\u00e7ika&#039;n\u0131n Frans\u0131zca konu\u015fan Afrika ile modern ili\u015fkisini \u015fekillendirdi.<\/p>\n<p>\u0130ki d\u00fcnya sava\u015f\u0131 \u00fclkenin &#034;Avrupa&#039;n\u0131n sava\u015f alan\u0131&#034; olarak \u00fcn\u00fcn\u00fc peki\u015ftirdi. 1914&#039;te Alman birlikleri Bel\u00e7ika&#039;dan Paris&#039;e do\u011fru ilerledi ve 1940&#039;ta benzer bir sald\u0131r\u0131 Fransa&#039;n\u0131n d\u00fc\u015f\u00fc\u015f\u00fcn\u00fc m\u00fch\u00fcrledi. On binlerce Bel\u00e7ikal\u0131 asker ve sivil ac\u0131 \u00e7ekti ve \u00f6ld\u00fc. Bug\u00fcn, \u00f6zellikle Ypres ve Li\u00e8ge civar\u0131ndaki say\u0131s\u0131z mezarl\u0131k ve an\u0131t bu mirasa tan\u0131kl\u0131k ediyor.<\/p>\n<p>Modern Bel\u00e7ika, al\u0131\u015f\u0131lmad\u0131k derecede karma\u015f\u0131k bir federal sisteme sahip parlamenter anayasal bir monar\u015fidir. Topraklar\u0131 \u00fc\u00e7 B\u00f6lgeye ayr\u0131l\u0131r: Kuzeyde Flamanlar, g\u00fcneyde Valonya ve merkezde Br\u00fcksel Ba\u015fkent B\u00f6lgesi. Her b\u00f6lge kendi topraklar\u0131n\u0131 y\u00f6netir ve ekonomik politika, ula\u015f\u0131m ve \u00e7evre \u00fczerinde yetkiler verir. Bunlar\u0131n \u00fczerinde k\u00fclt\u00fcrel i\u015fleri, e\u011fitimi ve dil kullan\u0131m\u0131n\u0131 y\u00f6neten \u00fc\u00e7 Topluluk vard\u0131r: Flaman, Frans\u0131zca ve Almanca konu\u015fan.<\/p>\n<p>Bu karma\u015f\u0131kl\u0131k Bel\u00e7ika&#039;n\u0131n dil haritas\u0131n\u0131 yans\u0131tmaktad\u0131r. 11,8 milyonluk n\u00fcfusunun yakla\u015f\u0131k y\u00fczde altm\u0131\u015f\u0131, \u00e7o\u011funlukla Flamanlar&#039;da olmak \u00fczere yerel olarak Flaman olarak bilinen Felemenk\u00e7e konu\u015fmaktad\u0131r. Y\u00fczde k\u0131rk, Valonya&#039;da ve yakla\u015f\u0131k y\u00fczde seksen be\u015fi Br\u00fcksel&#039;de yo\u011funla\u015fm\u0131\u015f Frans\u0131zca konu\u015fmaktad\u0131r. Do\u011fu Valonya&#039;da yakla\u015f\u0131k yetmi\u015f bin ki\u015filik k\u00fc\u00e7\u00fck bir Almanca konu\u015fan topluluk ya\u015famaktad\u0131r. Siyasi gerginlikler uzun zamand\u0131r e\u015fitsiz ekonomik kalk\u0131nmadan kaynaklanmaktad\u0131r - Flamanlar yirminci y\u00fczy\u0131l\u0131n sonlar\u0131ndan bu yana h\u0131zla ilerlerken, Valonya&#039;n\u0131n a\u011f\u0131r sanayisi zay\u0131flam\u0131\u015ft\u0131r - bu nedenle bug\u00fcn dil yasalar\u0131 ve \u00f6zerklik tart\u0131\u015fmalar\u0131 alt\u0131 ayr\u0131 h\u00fck\u00fcmette devam etmektedir.<\/p>\n<p>Br\u00fcksel ikili bir rol oynar. Bel\u00e7ika&#039;n\u0131n resmi ba\u015fkenti olarak federal parlamentoya ve kraliyet saray\u0131na ev sahipli\u011fi yapar; uluslararas\u0131 bir merkez olarak Avrupa Birli\u011fi&#039;nin ba\u015fl\u0131ca kurumlar\u0131na (Komisyon, Konsey ve Parlamento&#039;nun bir koltu\u011fu) ve NATO&#039;nun genel merkezine ev sahipli\u011fi yapar. Cam duvarl\u0131 ofisleri ve toplant\u0131 odalar\u0131 bulunan Avrupa Mahallesi, lonca evlerinin ve Gotik belediye binas\u0131n\u0131n UNESCO D\u00fcnya Miras\u0131 listesinde yer alan bir meydan\u0131 \u00e7er\u00e7eveledi\u011fi Grand-Place&#039;deki orta\u00e7a\u011f \u00e7ekirde\u011finden k\u0131sa bir tramvay yolculu\u011fu mesafesindedir.<\/p>\n<p>Bel\u00e7ika&#039;n\u0131n yo\u011funlu\u011fu (kilometrekare ba\u015f\u0131na 380&#039;den fazla ki\u015fi) her \u00f6l\u00e7ekte kentsel alanlar \u00fcretir. Br\u00fcksel, on dokuz belediyesinde yakla\u015f\u0131k 1,25 milyonluk n\u00fcfusuyla \u00f6nde gelir; Anvers yar\u0131m milyonla onu takip eder ve Gent 270.000 ile hemen arkas\u0131ndan gelir. Bruges ve Charleroi s\u0131ras\u0131yla yakla\u015f\u0131k 120.000 ve 200.000 ki\u015fiye ev sahipli\u011fi yapar; Li\u00e8ge ve Namur ise yakla\u015f\u0131k 200.000 ki\u015fiye ev sahipli\u011fi yapar.<\/p>\n<p>Her \u015fehir kendine \u00f6zg\u00fc bir karakter sunar. Antwerp&#039;te kuleler ve t\u00fcccar salonlar\u0131 on alt\u0131nc\u0131 y\u00fczy\u0131ldaki alt\u0131n \u00e7a\u011f\u0131n\u0131 hat\u0131rlat\u0131r, ancak \u015fehir \u00e7a\u011fda\u015f tasar\u0131m ve elmas ticaretiyle nab\u0131z gibi atar. Gent, kanallar\u0131 \u00fcniversite hayat\u0131yla harmanlar, orta\u00e7a\u011f \u00e7an kulesi \u00f6\u011frencilerin alacakaranl\u0131kta teraslar\u0131 \u00e7evreledi\u011fi sokaklar\u0131 g\u00f6zetir. Bruges, k\u00fc\u00e7\u00fck bir kasaban\u0131n sessizli\u011fini korur, ta\u015f k\u00f6pr\u00fcleri ve manast\u0131r avlular\u0131 on d\u00f6rd\u00fcnc\u00fc y\u00fczy\u0131ldan beri de\u011fi\u015fmemi\u015f gibi g\u00f6r\u00fcn\u00fcr, hatta otob\u00fcsler \u00f6\u011flen vakti turistleri sessiz sokaklar\u0131na getirir.<\/p>\n<p>Leuven&#039;in sil\u00fceti, Avrupa&#039;n\u0131n en eski Katolik \u00fcniversitelerinden birine ev sahipli\u011fi yapan Statiestraat&#039;\u0131n \u00fczerinde y\u00fckselir. Burada, s\u00fcsl\u00fc \u00fcniversite k\u00fct\u00fcphanesi, \u00f6\u011frencilerin yerel biralarla \u00e7al\u0131\u015fmalar\u0131na kadeh kald\u0131rd\u0131klar\u0131 bira kafelerinin kar\u015f\u0131s\u0131nda yer al\u0131r. Valonya&#039;da, Charleroi k\u00f6m\u00fcr madencili\u011finin ve \u00e7eli\u011fin izlerini ta\u015f\u0131r; sert at\u00f6lyeleri art\u0131k yarat\u0131c\u0131 end\u00fcstrilere yol a\u00e7arken, Li\u00e8ge, Meuse boyunca daha rahat bir nehir kenar\u0131 kentselli\u011fi sunar. Hainaut&#039;un ba\u015fkenti Mons, orta\u00e7a\u011f kalbini korur ve UNESCO listesindeki bir \u00e7an kulesine ev sahipli\u011fi yaparken, Namur&#039;un kalesi Sambre ve Meuse nehirlerinin birle\u015fti\u011fi noktaya h\u00fckmeder.<\/p>\n<p>Kent merkezinin \u00f6tesinde, kendi seslerine sahip daha k\u00fc\u00e7\u00fck destinasyonlar yer al\u0131r. Mechelen&#039;in katedral meydan\u0131 \u00e7ocukluk hac yolculuklar\u0131n\u0131 hat\u0131rlat\u0131r; Dinant, Meuse&#039;nin \u00fczerindeki bir u\u00e7urumda yer al\u0131r, sar\u0131 kalesi ve saksafon miras\u0131 Adolphe Sax&#039;\u0131 kutlar; Spa&#039;n\u0131n kaynaklar\u0131\u2014bir zamanlar \u00c7ar B\u00fcy\u00fck Petro taraf\u0131ndan de\u011ferli g\u00f6r\u00fclm\u00fc\u015ft\u00fcr\u2014hala sa\u011fl\u0131k arayanlar\u0131 cezbeder; Ypres ve k\u00f6yleri, beyaz ha\u00e7lar\u0131n hendekleriyle yaralanm\u0131\u015f tarlalarda yer al\u0131r.<\/p>\n<p>Bel\u00e7ika&#039;n\u0131n ekonomisi d\u00fcnyan\u0131n en a\u00e7\u0131k ve ihracat odakl\u0131 ekonomileri aras\u0131nda yer almaktad\u0131r. Limanlar\u0131 -Anvers, Zeebrugge ve Gent- Orta Avrupa&#039;y\u0131 k\u00fcresel pazarlarla birle\u015ftirir. Ba\u015fl\u0131ca ithalatlar\u0131 makine, kimyasallar, ham elmaslar ve g\u0131da maddeleridir; ihracatlar\u0131 da bunlar\u0131 yans\u0131t\u0131r ve makine ve kimyasallar geli\u015fmi\u015f metal \u00fcr\u00fcnleri ve rafine elmaslar\u0131n yan\u0131nda \u00f6nde gelir. 1922&#039;de kurulan Bel\u00e7ika-L\u00fcksemburg Ekonomik Birli\u011fi, iki k\u00fc\u00e7\u00fck devleti tek bir g\u00fcmr\u00fck ve para birimi alan\u0131nda birle\u015ftirir; AB \u00fcyeli\u011fi ise tek pazara eri\u015fimi g\u00fc\u00e7lendirir.<\/p>\n<p>Bel\u00e7ika s\u0131n\u0131rlar\u0131 i\u00e7inde iki ekonomi bir arada var oluyor. Bir zamanlar tekstil k\u00f6kleri olan k\u0131rsal Flaman, teknoloji, ila\u00e7 ve hizmetler i\u00e7in bir merkez haline geldi ve ki\u015fi ba\u015f\u0131na d\u00fc\u015fen servet Avrupa&#039;n\u0131n en y\u00fcksekleri aras\u0131nda yer al\u0131yor. Tarihsel olarak k\u00f6m\u00fcr ve \u00e7eli\u011fe ba\u011f\u0131ml\u0131 olan Valonya, bu end\u00fcstriler 1945&#039;ten sonra geriledi\u011finde zorland\u0131; yenilik ve turizm cepleri ortaya \u00e7\u0131km\u0131\u015f olsa da, oradaki i\u015fsizlik belirgin \u015fekilde daha y\u00fcksek olmaya devam ediyor. Bu u\u00e7urum siyasi tart\u0131\u015fmalar\u0131 k\u00f6r\u00fckl\u00fcyor: Mali transferler ve yat\u0131r\u0131mlar konusunda Kuzey-G\u00fcney ayr\u0131l\u0131klar\u0131 federal m\u00fczakereleri \u015fekillendirmeye devam ediyor.<\/p>\n<p>Ula\u015f\u0131m altyap\u0131s\u0131 bir g\u00fc\u00e7 olmaya devam ediyor. Otoyollar, demiryollar\u0131 ve i\u00e7 su yollar\u0131ndan olu\u015fan bir a\u011f b\u00fcy\u00fck \u015fehirleri birbirine ba\u011fl\u0131yor. Br\u00fcksel-G\u00fcney istasyonu Paris, Amsterdam ve K\u00f6ln&#039;e uluslararas\u0131 trenler sunuyor; yerel y\u00fcksek h\u0131zl\u0131 servisler Lille ve Frankfurt&#039;a hizmet veriyor. Br\u00fcksel, Charleroi ve Anvers&#039;teki havaalanlar\u0131 \u00fclkeyi hava yoluyla birbirine ba\u011fl\u0131yor. Bisiklete binmek de Gent ve Leuven gibi \u015fehirlerde ra\u011fbet g\u00f6r\u00fcyor; burada \u00f6zel \u015feritler tarihi sokaklar\u0131n aras\u0131ndan ge\u00e7iyor.<\/p>\n<p>1 Ocak 2024&#039;te Bel\u00e7ika&#039;n\u0131n n\u00fcfus siciline g\u00f6re yakla\u015f\u0131k 11.763.650 ki\u015fi vard\u0131. Anvers ili yo\u011funlukta \u00f6nde; L\u00fcksemburg ili en az kalabal\u0131k. Flanders yakla\u015f\u0131k 6,8 milyon ki\u015fiye ev sahipli\u011fi yap\u0131yor; Valonya 3,7 milyon; Br\u00fcksel 1,25 milyon. Bu rakamlar Flanders&#039;da yakla\u015f\u0131k , Valonya&#039;da ve Br\u00fcksel&#039;de &#039;e denk geliyor.<\/p>\n<p>Dil kimli\u011fi \u015fekillendirir. Hollandaca ve Frans\u0131zca \u00fclke \u00e7ap\u0131nda resmi stat\u00fc iddia ederken, Bel\u00e7ika anayasas\u0131 her b\u00f6lgenin bask\u0131n dilinde e\u011fitim ve y\u00f6netime izin verir. Almanca do\u011fuda resmi stat\u00fcye sahiptir. Leh\u00e7eler hala varl\u0131\u011f\u0131n\u0131 s\u00fcrd\u00fcr\u00fcyor: K\u00f6ylerde Flaman leh\u00e7eleri g\u00f6r\u00fcl\u00fcr; bir zamanlar yayg\u0131n olan Valonca art\u0131k \u00e7o\u011funlukla ya\u015fl\u0131lar aras\u0131nda varl\u0131\u011f\u0131n\u0131 s\u00fcrd\u00fcr\u00fcyor. Br\u00fcksel&#039;de frankofonlar\u0131n, Hollandaca konu\u015fanlar\u0131n ve Avrupa, Afrika ve Asya&#039;dan gelen g\u00f6\u00e7menlerin kar\u0131\u015f\u0131m\u0131 daha fazla karma\u015f\u0131kl\u0131k yarat\u0131yor. Hi\u00e7bir n\u00fcfus say\u0131m\u0131 ana dilleri takip etmiyor, bu y\u00fczden tahminler ebeveyn dili, okul e\u011fitimi ve ikinci dil kullan\u0131m\u0131 gibi kriterlere dayan\u0131yor.<\/p>\n<p>Bel\u00e7ika&#039;n\u0131n anayasas\u0131 din \u00f6zg\u00fcrl\u00fc\u011f\u00fcn\u00fc g\u00fcvence alt\u0131na al\u0131r ve \u00fc\u00e7 inan\u00e7 resmi olarak tan\u0131n\u0131r: Hristiyanl\u0131k, \u0130slam ve Yahudilik. Katoliklik, \u00f6zellikle Flamanlar&#039;da tarihsel olarak bask\u0131n olmu\u015ftur, ancak haftal\u0131k kilise kat\u0131l\u0131m\u0131 art\u0131k y\u00fczde be\u015f civar\u0131nda seyrediyor. Kat\u0131l\u0131m\u0131n d\u00fc\u015fmesine ra\u011fmen dini festivaller ve hac yolculuklar\u0131 devam ediyor ve Tournai&#039;deki katedral veya Onze-Lieve-Vrouw-van-Banneux&#039;a giden yol hala inananlar\u0131 \u00e7ekiyor. \u0130slam ve Yahudilik, hem toplum merkezleri hem de camiler veya sinagoglar bulunduruyor, ancak taraftarlar bazen \u00f6nyarg\u0131yla kar\u015f\u0131la\u015f\u0131yor, \u00f6zellikle de kent merkezlerinin d\u0131\u015f\u0131nda. Bel\u00e7ika yasas\u0131 ibadet \u00f6zg\u00fcrl\u00fc\u011f\u00fcn\u00fc korur; 112 numaral\u0131 acil durum hatt\u0131 polis, itfaiye ve t\u0131bbi taleplere yan\u0131t veriyor.<\/p>\n<p>Sanat, Bel\u00e7ika topraklar\u0131nda uzun zamand\u0131r geli\u015fiyor. Rogier van der Weyden ve Jan van Eyck&#039;in panellerinden Ren\u00e9 Magritte&#039;in yal\u0131n modernizmine kadar, Bel\u00e7ikal\u0131 ressamlar Avrupa k\u00fclt\u00fcr\u00fcn\u00fc \u015fekillendirdi. G\u00fcn\u00fcm\u00fczde, Br\u00fcksel&#039;deki Kraliyet G\u00fczel Sanatlar M\u00fczeleri ve Antwerp&#039;teki G\u00fczel Sanatlar M\u00fczesi ulusal hazinelere ev sahipli\u011fi yap\u0131yor; Br\u00fcksel&#039;deki Magritte M\u00fczesi s\u00fcrrealist miraslar\u0131 ara\u015ft\u0131r\u0131yor. G\u00f6rsel sanatlar\u0131n \u00f6tesinde, m\u00fczeler Bois-du-Luc&#039;taki k\u00f6m\u00fcr madencili\u011fini, Verviers&#039;teki tekstil dokumac\u0131l\u0131\u011f\u0131n\u0131 ve Ypres&#039;teki In Flanders Fields M\u00fczesi&#039;ndeki sava\u015f\u0131n deh\u015fetini kaydediyor.<\/p>\n<p>Bel\u00e7ika&#039;n\u0131n k\u00fclt\u00fcrel ya\u015fam\u0131 k\u0131smen federal yap\u0131s\u0131n\u0131 yans\u0131t\u0131r; Valonya ve Flamanlar sanat fonlar\u0131n\u0131 ayr\u0131 ayr\u0131 y\u00f6netir. Alt\u0131 iki dilli \u00fcniversite bir zamanlar vard\u0131; \u015fimdi sadece askeri ve denizcilik akademileri dil s\u0131n\u0131rlar\u0131n\u0131 a\u015f\u0131yor. Festivaller\u2014Gent Jazz, Tomorrowland, Les Ardentes\u2014uluslararas\u0131 kalabal\u0131klar\u0131 \u00e7ekerken, edebiyat \u00f6d\u00fclleri ve film etkinlikleri yerel yetenekleri \u00f6ne \u00e7\u0131kar\u0131r. Diller, dinler ve tarihler, engeller devam etse bile zengin bir mozaikte birle\u015fir.<\/p>\n<p>Bel\u00e7ika&#039;n\u0131n bira, \u00e7ikolata ve pastalar konusundaki \u00fcn\u00fc hak edilmi\u015ftir. 1.100&#039;den fazla bira \u00e7e\u015fidi manast\u0131r mahzenlerinden ve mikro bira fabrikalar\u0131ndan gelmektedir. Her biri belirli bir manast\u0131r kadehine ba\u011fl\u0131 olan Trappist biralar\u0131, manast\u0131r gelene\u011fini modern zevke ba\u011flar ve Westvleteren Manast\u0131r\u0131&#039;n\u0131n biras\u0131 genellikle d\u00fcnya s\u0131ralamas\u0131nda zirveye \u00e7\u0131kar. Merkezi Leuven&#039;de bulunan Anheuser-Busch InBev, hacim bak\u0131m\u0131ndan d\u00fcnyan\u0131n en b\u00fcy\u00fck bira \u00fcreticisi olmaya devam etmektedir.<\/p>\n<p>\u00c7ikolata evleri\u2014Neuhaus, Godiva, C\u00f4te d&#039;Or, Leonidas\u2014\u015fehir bulvarlar\u0131n\u0131 s\u0131ralar, pencerelerinde metalik tonlarda f\u0131r\u00e7alanm\u0131\u015f pralinler sergilenir. El yap\u0131m\u0131 \u00e7ikolatac\u0131lar, tek k\u00f6kenli kakaoyu deniz tuzu veya \u00e7i\u00e7eklerle e\u015fle\u015ftirerek daha k\u00fc\u00e7\u00fck partili, \u00e7ekirdekten \u00e7ikolataya kreasyonlar sunar.<\/p>\n<p>Tuzlu yemekler basit olandan ayr\u0131nt\u0131l\u0131 olana kadar de\u011fi\u015fir. Steak-frites ve moules-frites ulusal simgelerdir: et suyunda buharda pi\u015firilmi\u015f yumu\u015fak midyeler ve \u00e7\u0131t\u0131r patatesler. S\u0131\u011f\u0131r eti, bira ve hardaldan olu\u015fan bir g\u00fcve\u00e7 olan Flaman karbonat\u0131 k\u0131\u015f ak\u015famlar\u0131n\u0131 \u0131s\u0131t\u0131r; kremal\u0131 bir bal\u0131k veya tavuk \u00e7orbas\u0131 olan waterzooi daha so\u011fuk g\u00fcnlerde rahatlat\u0131c\u0131d\u0131r. Hindiba grateni, be\u015famel sosla yumu\u015fat\u0131lm\u0131\u015f cesur bir ac\u0131l\u0131\u011fa ula\u015f\u0131rken, nehir y\u0131lan bal\u0131klar\u0131 ye\u015fil ot sosunda y\u00fczer. Tar\u00e7\u0131n ve zencefille baharatland\u0131r\u0131lm\u0131\u015f speculoos bisk\u00fcvileri sonbahar festivallerinde ortaya \u00e7\u0131kar ve waffle&#039;lar sadakatleri b\u00f6ler: Br\u00fcksel tarz\u0131 hafif ve dikd\u00f6rtgen, Li\u00e8ge tarz\u0131 yo\u011fun ve karamelle kapl\u0131.<\/p>\n<p>Bel\u00e7ika, Avrupa standartlar\u0131na g\u00f6re g\u00fcvenli bir destinasyon olmaya devam ediyor. \u015eiddet su\u00e7lar\u0131 nadirdir, ancak turist merkezlerinde yankesicilik ve \u00e7anta kapma olaylar\u0131 ya\u015fanmaktad\u0131r. Kalabal\u0131kta e\u015fyalara dikkat etmek, yetersiz ayd\u0131nlat\u0131lm\u0131\u015f sokaklardan uzak durmak gibi temel \u00f6nlemler \u00e7o\u011fu gezgin i\u00e7in yeterlidir. K\u0131rsal alanlar daha az \u0131rksal veya dini taciz olay\u0131na ev sahipli\u011fi yapar, ancak \u00f6nyarg\u0131lar, \u00f6zellikle de g\u00f6r\u00fcn\u00fcr az\u0131nl\u0131klara kar\u015f\u0131 ortaya \u00e7\u0131kabilir. LGBTQ ziyaret\u00e7iler, Br\u00fcksel, Anvers ve Gent&#039;te ho\u015fg\u00f6r\u00fcl\u00fc yerle\u015fim yerleri bulacaklard\u0131r, hatta m\u00fcnferit ho\u015fg\u00f6r\u00fcs\u00fczl\u00fck eylemleri ya\u015fanabilir. Uyu\u015fturucu yasalar\u0131, k\u00fc\u00e7\u00fck miktarda esrar bulundurmak i\u00e7in para cezas\u0131na izin verir; kamusal sarho\u015fluk 2010&#039;lar\u0131n ba\u015f\u0131ndan beri azald\u0131, ancak bazen geceleri \u015fehir merkezlerini rahats\u0131z ediyor.<\/p>\n<p>Bel\u00e7ika&#039;n\u0131n hikayesi katmanlardan olu\u015fur: jeolojik, dilbilimsel, politik ve k\u00fclt\u00fcrel. D\u00fcz tarlalar\u0131 ve ormanl\u0131k tepeleri orta\u00e7a\u011f \u00e7an kulelerine ve y\u00fcksek teknoloji laboratuvarlar\u0131na ev sahipli\u011fi yapar. Vatanda\u015flar\u0131 birden fazla dilde konu\u015fur; h\u00fck\u00fcmetleri birden fazla meclis aras\u0131nda g\u00fc\u00e7 pazarl\u0131\u011f\u0131 yapar. Grand-Place&#039;de sadece bir \u00f6\u011fleden sonras\u0131n\u0131 ge\u00e7iren bir ziyaret\u00e7i g\u00fczelli\u011fi g\u00f6rebilir, ancak yaln\u0131zca Ardennes&#039;i bisikletle ge\u00e7en, bir Flaman kafesini bir Valon brasserie&#039;siyle kar\u015f\u0131la\u015ft\u0131ran ve Ypres&#039;teki sava\u015f mezarl\u0131klar\u0131n\u0131 izleyenler konturlar\u0131n\u0131n ne kadar derin oldu\u011funu hissedebilir.<\/p>\n<p>Bu dar illerde Avrupa&#039;n\u0131n ge\u00e7mi\u015fi ve bug\u00fcn\u00fc birle\u015fiyor. Her \u015fehir, her k\u00f6y bir b\u00f6l\u00fcm sunuyor: Karolenj saraylar\u0131ndan g\u00fcn\u00fcm\u00fcz\u00fcn Avrupa kurumlar\u0131na; Leuven k\u00fct\u00fcphanesinin fresklerle kapl\u0131 duvarlar\u0131ndan Atomium&#039;un modern \u00e7izgilerine. Karma\u015f\u0131kl\u0131\u011f\u0131 kucaklayan Bel\u00e7ika, politik, dilsel, co\u011frafi olarak, ne basmakal\u0131p s\u00f6zlerde ne de kolay basitle\u015ftirmelerde yatan bir insan hikayesini ortaya koyuyor. Burada zaman ge\u00e7irmek, yak\u0131ndan bakmak, hem yara izlerine hem de bir\u00e7ok yolun merkezindeki bir \u00fclkeyi \u015fekillendiren zanaata tan\u0131k olmak demektir.<\/p>","protected":false},"excerpt":{"rendered":"<p>30.689 kilometrekarelik (11.849 mil kare) bir alana sahip olan Kuzeybat\u0131 Avrupa&#039;daki Bel\u00e7ika&#039;n\u0131n n\u00fcfusu 11,7 milyondan fazlad\u0131r. Kilometrekare ba\u015f\u0131na 383 ki\u015filik (mil kare ba\u015f\u0131na 990) kayda de\u011fer bir yo\u011funlukla Bel\u00e7ika, d\u00fcnyada en yo\u011fun n\u00fcfusa sahip 22. \u00fclke ve Avrupa&#039;da alt\u0131nc\u0131 s\u0131rada yer almaktad\u0131r. \u00dclkenin Bat\u0131 Avrupa&#039;n\u0131n kesi\u015fti\u011fi noktadaki stratejik konumu, politik karma\u015f\u0131kl\u0131\u011f\u0131n\u0131, tarihi evrimini ve k\u00fclt\u00fcrel \u00e7e\u015fitlili\u011fini b\u00fcy\u00fck \u00f6l\u00e7\u00fcde etkilemi\u015ftir.<\/p>","protected":false},"author":1,"featured_media":4167,"parent":24078,"menu_order":0,"comment_status":"closed","ping_status":"closed","template":"elementor_theme","meta":{"_eb_attr":"","footnotes":""},"class_list":["post-14562","page","type-page","status-publish","has-post-thumbnail"],"_links":{"self":[{"href":"https:\/\/travelshelper.com\/tr\/wp-json\/wp\/v2\/pages\/14562","targetHints":{"allow":["GET"]}}],"collection":[{"href":"https:\/\/travelshelper.com\/tr\/wp-json\/wp\/v2\/pages"}],"about":[{"href":"https:\/\/travelshelper.com\/tr\/wp-json\/wp\/v2\/types\/page"}],"author":[{"embeddable":true,"href":"https:\/\/travelshelper.com\/tr\/wp-json\/wp\/v2\/users\/1"}],"replies":[{"embeddable":true,"href":"https:\/\/travelshelper.com\/tr\/wp-json\/wp\/v2\/comments?post=14562"}],"version-history":[{"count":0,"href":"https:\/\/travelshelper.com\/tr\/wp-json\/wp\/v2\/pages\/14562\/revisions"}],"up":[{"embeddable":true,"href":"https:\/\/travelshelper.com\/tr\/wp-json\/wp\/v2\/pages\/24078"}],"wp:featuredmedia":[{"embeddable":true,"href":"https:\/\/travelshelper.com\/tr\/wp-json\/wp\/v2\/media\/4167"}],"wp:attachment":[{"href":"https:\/\/travelshelper.com\/tr\/wp-json\/wp\/v2\/media?parent=14562"}],"curies":[{"name":"wp","href":"https:\/\/api.w.org\/{rel}","templated":true}]}}