{"id":14509,"date":"2024-09-19T16:33:51","date_gmt":"2024-09-19T16:33:51","guid":{"rendered":"https:\/\/travelshelper.com\/staging\/?page_id=14509"},"modified":"2026-03-11T22:29:27","modified_gmt":"2026-03-11T22:29:27","slug":"jahorina","status":"publish","type":"page","link":"https:\/\/travelshelper.com\/tr\/destinations\/europe\/bosnia-and-herzegovina\/jahorina\/","title":{"rendered":"Jahorina"},"content":{"rendered":"<p>Nestled at the confluence of three municipalities\u2014Pale and Trnovo in the Republika Srpska entity, and Trnovo in the Federation of Bosnia and Herzegovina\u2014lies Jahorina, a mountain of quiet grandeur in the eastern reaches of Bosnia and Herzegovina. Part of the rugged Dinaric Alps, Jahorina stands as a silent sentinel east of Mount Trebevi\u0107. Its highest summit, known as Ogorjelica, reaches an altitude of 1,916 metres. In the company of Sarajevo\u2019s mountainous guardians, Ogorjelica is second only to Bjela\u0161nica, which rises to 2,067 metres. Though its outline is austere against the skyline, the slopes of Jahorina have, over more than a century, evolved from sparsely frequented highland pastures into a locus of alpine sport and communal memory.<\/p>\n<p>The mountain\u2019s physical character is shaped by a limestone backbone, its slopes carved by millennia of frost and melt. Above 1,300 metres, dense stands of beech and spruce give way to rocky outcrops and subalpine grasses. These woods shelter a modest fauna\u2014chamois, roe deer and, on occasion, the distant echo of a wolf\u2019s call. Winters cloak the slopes in a blanket of snow that endures, on average, for 175 days annually, from early October until late May. In February, natural accumulations often measure more than a metre, lending a sense of permanence to the season\u2019s liveliest pursuits.<\/p>\n<p>Jahorina&#039;da kayak yapma kay\u0131tlar\u0131, Avusturya-Macaristan y\u00f6netiminin yaylalar\u0131 haritaland\u0131rd\u0131\u011f\u0131 ve yerel merakl\u0131lar taraf\u0131ndan yap\u0131lan ilk deneme ini\u015flerini kaydetti\u011fi 19. y\u00fczy\u0131l\u0131n sonlar\u0131na kadar uzan\u0131yor. \u0130ki nesil sonra, 1923&#039;te, organize turist faaliyetleri, bir kayak merkezinin resmi olarak olu\u015fturulmas\u0131yla k\u00f6k sald\u0131. Sava\u015flar aras\u0131 y\u0131llarda, m\u00fctevaz\u0131 bir da\u011f evi ziyaret\u00e7ilere hizmet verirken, daha dik yama\u00e7larda kayak atlama yerleri ortaya \u00e7\u0131kt\u0131. 1937&#039;ye gelindi\u011finde, Jahorina, hem yeni spora olan ilginin artt\u0131\u011f\u0131n\u0131 hem de da\u011f\u0131n b\u00f6lgesel bir k\u0131\u015f sporu merkezi olarak potansiyelini g\u00f6steren bir toplant\u0131 olan ilk Yugoslav kayak rallisine ev sahipli\u011fi yapm\u0131\u015ft\u0131.<\/p>\n<p>\u0130kinci D\u00fcnya Sava\u015f\u0131&#039;n\u0131n ard\u0131ndan Jahorina&#039;ya yeniden ilgi g\u00f6sterildi. 1955&#039;te da\u011f, be\u015f y\u0131l sonra Fransa&#039;n\u0131n Chamonix kentinde toplanacak olan resmi K\u0131\u015f \u00dcniversite Oyunlar\u0131&#039;n\u0131n \u00f6nc\u00fcs\u00fc olan &#034;Uluslararas\u0131 \u00d6\u011frenciler K\u0131\u015f Haftas\u0131&#034;n\u0131 a\u011f\u0131rlad\u0131. Bu etkinlik yerel altyap\u0131y\u0131 g\u00fc\u00e7lendirdi ve daha da g\u00f6rkemli bir sahne i\u00e7in tohumlar\u0131 ekti.<\/p>\n<p>Bu a\u015fama, Saraybosna&#039;n\u0131n On D\u00f6rd\u00fcnc\u00fc K\u0131\u015f Olimpiyatlar\u0131&#039;na ev sahipli\u011fi yapmas\u0131yla \u015eubat 1984&#039;te geldi. Jahorina, kad\u0131nlar alp disiplini kayak etkinliklerine ev sahipli\u011fi yapmak \u00fczere se\u00e7ildi. O ay\u0131n 8&#039;inden 19&#039;una kadar, pistler d\u00fcnyan\u0131n en iyi kayak\u00e7\u0131lar\u0131n\u0131n yeni haz\u0131rlanm\u0131\u015f pistlerde \u00e7izgilerini \u00e7izmesine tan\u0131k oldu. Olimpik rol\u00fcn\u00fcn tan\u0131nmas\u0131 i\u00e7in, tesis daha sonra hem ulusal hem de uluslararas\u0131 devrelerdeki stat\u00fcs\u00fcn\u00fc vurgulayan bir unvan olan &#034;Jahorina Olimpiyat Merkezi&#034; olarak adland\u0131r\u0131ld\u0131.<\/p>\n<p>Sonraki on y\u0131llarda, tesis Bosna k\u0131\u015f turizminin vazge\u00e7ilmezi olmaya devam etti, ancak altyap\u0131s\u0131 eskidi. 2012&#039;de ba\u015flayan bir dizi yat\u0131r\u0131m, da\u011f\u0131n telesiyej tesislerini modernize etmeyi ama\u00e7lad\u0131. Alt\u0131 y\u0131ll\u0131k bir s\u00fcre boyunca, operat\u00f6rler eski sistemleri Leitner Group taraf\u0131ndan sa\u011flanan sekiz yeni telesiyejle de\u011fi\u015ftirdiler. Bu kurulumlar kapasiteyi iyile\u015ftirdi ve bekleme s\u00fcrelerini azaltt\u0131, daha fazla iyile\u015ftirmenin yolunu a\u00e7t\u0131.<\/p>\n<p>2017&#039;ye gelindi\u011finde, dikkatler kar g\u00fcvenilirli\u011fine \u00e7evrildi. Zirvenin yak\u0131n\u0131nda konumlanan b\u00fcy\u00fck bir yapay g\u00f6lden beslenen yama\u00e7lara kapsaml\u0131 bir kar yapma a\u011f\u0131 d\u00f6\u015fendi. Aral\u0131k 2018&#039;de, tesis yeni sistemi etkinle\u015ftirerek, do\u011fal kar ya\u011f\u0131\u015f\u0131 fark etmeksizin her pistin makineyle \u00fcretilen karla tamamen kaplanabilmesini sa\u011flad\u0131. Bu geli\u015fme yaln\u0131zca sezonu uzatmakla kalmad\u0131, ayn\u0131 zamanda hizmet alan\u0131 genelinde kar kalitesi standard\u0131n\u0131 da y\u00fckseltti.<\/p>\n<p>Bug\u00fcn, Jahorina Olimpiyat Merkezi Bosna-Hersek&#039;in en b\u00fcy\u00fck ve en \u00e7ok ziyaret edilen kayak merkezi olarak duruyor. 2018&#039;de 185.000&#039;den fazla ziyaret\u00e7i asans\u00f6rlerinden ge\u00e7ti; bu, 1980&#039;lerin alt\u0131n \u00e7a\u011f\u0131ndan beri g\u00f6r\u00fclmemi\u015f bir zirve. Alp disiplini kayak ve snowboard&#039;un \u00f6tesinde, da\u011f k\u0131\u015f aylar\u0131nda y\u00fcr\u00fcy\u00fc\u015f\u00e7\u00fcleri ve k\u0131zak merakl\u0131lar\u0131n\u0131 cezbediyor. Kros ve nordik kayak parkurlar\u0131 a\u011f\u0131 ormanlar\u0131n aras\u0131ndan ge\u00e7erken, Poljice pistindeki projekt\u00f6rler hafif \u0131\u015f\u0131kland\u0131rma alt\u0131nda gece ini\u015flerine izin veriyor.<\/p>\n<p>\u015eubat 2019&#039;da Jahorina, Avrupa Gen\u00e7lik Olimpiyat K\u0131\u015f Festivali&#039;nin mekanlar\u0131ndan biri olarak hizmet vererek tekrar uluslararas\u0131 bir rol \u00fcstlendi. K\u0131tan\u0131n d\u00f6rt bir yan\u0131ndan gen\u00e7 sporcular, da\u011f\u0131n Olimpik miras\u0131n\u0131 yans\u0131tan kayak etkinliklerinde yar\u0131\u015ft\u0131 ve Avrupa k\u0131\u015f sporlar\u0131 haritas\u0131ndaki yerini yeniden teyit etti.<\/p>\n<p>Tesisin y\u00fckseklikleri 1.300 metrelik bir tabandan 1.890 metrelik zirve asans\u00f6r istasyonuna kadar de\u011fi\u015fmektedir. Yirmi be\u015f kilometreden fazla i\u015faretli kayak pisti her yetene\u011fe hitap etmektedir, ancak baz\u0131 kaynaklar ba\u011flant\u0131 pistleri dahil edildi\u011finde k\u0131rk yedi kilometreye kadar \u00e7\u0131kabilece\u011fini belirtmektedir. En uzun s\u00fcrekli ini\u015f \u00fc\u00e7 kilometreye kadar uzanmakta olup orta seviye kayak\u00e7\u0131lar i\u00e7in s\u00fcrekli e\u011fim sunmaktad\u0131r. \u0130ki gondol, be\u015f telesiyej ve d\u00f6rt drag tow&#039;dan olu\u015fan on alt\u0131 asans\u00f6r, daha k\u00fc\u00e7\u00fck y\u00fczey asans\u00f6rleriyle desteklenerek yoku\u015f yukar\u0131 trafi\u011fin ak\u0131\u015f\u0131n\u0131 s\u00fcrd\u00fcrmektedir.<\/p>\n<p>Eri\u015filebilirlik, Jahorina&#039;n\u0131n en g\u00fc\u00e7l\u00fc varl\u0131klar\u0131 aras\u0131ndad\u0131r. Pale kasabas\u0131ndan on be\u015f kilometre ve Saraybosna&#039;n\u0131n yirmi be\u015f kilometre do\u011fusunda bulunan da\u011f, Bosna&#039;n\u0131n ba\u015fl\u0131ca ula\u015f\u0131m arterlerine kolayca ula\u015f\u0131labilecek bir mesafededir. Otuz kilometre bat\u0131da bulunan Saraybosna Uluslararas\u0131 Havaalan\u0131, tesisi Avrupa&#039;daki destinasyonlara ba\u011flamaktad\u0131r. Belgrad, Zagreb, Novi Sad, Split, Podgorica ve Ljubljana gibi b\u00f6lgesel ba\u015fkentlerden gelen gezginler, da\u011fa alt\u0131 saatten k\u0131sa bir s\u00fcrede karayoluyla ula\u015fabilir ve bu da Jahorina&#039;y\u0131 k\u0131tadaki en ula\u015f\u0131labilir y\u00fcksek irtifa destinasyonlar\u0131ndan biri haline getirir.<\/p>\n<p>Konaklama birimleri telesiyej tabanlar\u0131n\u0131n yak\u0131n\u0131nda k\u00fcmelenmi\u015ftir, ah\u015fap cepheleri ve e\u011fimli \u00e7at\u0131lar\u0131 bir da\u011f k\u00f6y\u00fcn\u00fcn hissini korur. Bu yak\u0131nl\u0131k kayak\u00e7\u0131lar\u0131n odalar\u0131ndan do\u011frudan telesiyeje giden karla kapl\u0131 yollara ad\u0131m atmalar\u0131n\u0131 sa\u011flar. \u0130\u00e7 mekanlar, d\u0131\u015far\u0131daki so\u011fu\u011fu dengelemek i\u00e7in do\u011fal s\u0131cakl\u0131\u011f\u0131 tercih eder: ah\u015fap kiri\u015fler, d\u00fc\u015f\u00fck ayd\u0131nlatma ve \u015f\u00f6mineler.<\/p>\n<p>Kayak sezonu genellikle Aral\u0131k&#039;tan Nisan&#039;a kadar s\u00fcrer. Do\u011fal kar ya\u011f\u0131\u015f\u0131 c\u00f6mert olsa da, 1.890 metre y\u00fcksekli\u011fe kadar arazinin \u00e7o\u011funu kaplasa da, pistlerin yakla\u015f\u0131k y\u00fczde k\u0131rk\u0131 yapay sistemle desteklenebilir. Bu denge, daha hafif ya\u011f\u0131\u015fl\u0131 mevsimlerde bile bir miktar g\u00fcvenilirlik sa\u011flar.<\/p>\n<p>Yeni ba\u015flayanlar, tatil yerinin taban\u0131n\u0131n yak\u0131n\u0131nda, yumu\u015fak e\u011fimler ve kolay eri\u015fim sunan bir kre\u015f yamac\u0131n\u0131n bulundu\u011fu davetkar bir arazi bulurlar. K\u00f6y\u00fcn \u00fczerindeki mavi pist k\u00fcmesi, ilerlemeyi te\u015fvik eden geni\u015f, affedici pistler sunar. Daha y\u00fcksek rak\u0131mlarda, kayak yap\u0131labilir s\u0131rtlar daha \u00e7e\u015fitli araziler sunar: a\u00e7\u0131k zirveler geni\u015f manzaralar sunarken, orman \u00f6rt\u00fcs\u00fcn\u00fcn alt\u0131ndaki alt k\u0131s\u0131mlar r\u00fczgardan ve s\u00fcr\u00fcklenen kardan biraz koruma sa\u011flar.<\/p>\n<p>Yemek se\u00e7enekleri yerel ve b\u00f6lgesel etkilerin bir kar\u0131\u015f\u0131m\u0131n\u0131 yans\u0131t\u0131r. Da\u011f g\u00fcve\u00e7leri ve \u0131zgaralar\u0131 aras\u0131nda ziyaret\u00e7iler hem Alp gelene\u011fine hem de Osmanl\u0131 miras\u0131na selam veren yemeklerle kar\u015f\u0131la\u015f\u0131rlar. Mangalda pi\u015firilmi\u015f etler doyurucu \u00e7orbalar\u0131n yan\u0131nda yer al\u0131r ve tatl\u0131lar T\u00fcrk motiflerinden esinlenir - \u015furup veya balla \u0131slat\u0131lm\u0131\u015f gevrek hamur i\u015fleri.<\/p>\n<p>Da\u011f\u0131n tepesindeki Olympic Bar, kayak alan\u0131n\u0131n \u00fczerinde bir tepede yer al\u0131r. Tavandan tabana pencereleri, engebeli zirvelerin ve engebeli orman\u0131n panoramik manzaralar\u0131n\u0131 \u00e7er\u00e7eveler. Burada kayak\u00e7\u0131lar, tekrar inmeden \u00f6nce kahve, hafif yemekler veya dinlenmek i\u00e7in dururlar. Telesiyejlere daha yak\u0131n olan Rajska Vrata, odun ate\u015fiyle ta\u00e7land\u0131r\u0131lm\u0131\u015f rustik bir i\u00e7 mekan sunar. Atmosfer, m\u00fc\u015fterilerin ko\u015fular aras\u0131nda s\u0131cakl\u0131k ve hikayeler payla\u015fmak i\u00e7in bir araya geldi\u011fi eski av kul\u00fcbelerini \u00e7a\u011fr\u0131\u015ft\u0131r\u0131r.<\/p>\n<p>Slopeside Caf\u00e9 Peggy, k\u0131\u015f g\u00fcne\u015fini yakalayan geni\u015f bir terasa sahiptir. So\u011fuk g\u00fcnlerde, konuklar, Balkan yar\u0131madas\u0131na \u00f6zg\u00fc k\u00fc\u00e7\u00fck, baharatl\u0131 et sosisleri olan \u0107evapi tabaklar\u0131n\u0131n tad\u0131n\u0131 \u00e7\u0131kararak, a\u00e7\u0131k bir \u015f\u00f6minenin yan\u0131nda s\u0131cak \u015farap yudumlamak i\u00e7in i\u00e7eriye \u00e7ekilirler. Bu mekanlar, tarz olarak \u00e7e\u015fitlilik g\u00f6sterse de, samimiyete ve b\u00f6lgesel lezzete adanm\u0131\u015fl\u0131klar\u0131n\u0131 payla\u015f\u0131rlar.<\/p>\n<p>\u00d6\u011fleden sonra \u0131\u015f\u0131\u011f\u0131 azald\u0131k\u00e7a, da\u011f daha sakin bir tona b\u00fcr\u00fcn\u00fcyor. Otel barlar\u0131 apr\u00e8s-ski&#039;nin birincil mekan\u0131 haline geliyor, i\u00e7ecek listeleri Avrupa&#039;n\u0131n en uygun fiyatl\u0131lar\u0131 aras\u0131nda. Olympic Bar, oda\u011f\u0131n\u0131 i\u00e7eceklerden sosyal toplant\u0131lara kayd\u0131r\u0131yor ve uzun uzun manzaray\u0131 izlemek i\u00e7in teras\u0131n yak\u0131n\u0131na masalar \u00e7ekiliyor. Haftada birka\u00e7 ak\u015fam gruplar\u0131n sahne ald\u0131\u011f\u0131 Termag Oteli&#039;nin yak\u0131n\u0131nda bulunan Koliba Bar&#039;da genellikle canl\u0131 m\u00fczik oluyor. Yaln\u0131zl\u0131k arayanlar i\u00e7in, Kinder Jaje Jahorina kafe-pub, pistin hemen \u00fczerinde huzurlu bir inziva sunuyor; s\u0131cak bir i\u00e7ecek i\u00e7ip ya\u011fan kar\u0131 izleyebilece\u011finiz bir yer.<\/p>\n<p>Jahorina, tarihinin ak\u0131\u015f\u0131nda uluslararas\u0131 \u00f6neme sahip anlar\u0131 yerel ya\u015fam\u0131n istikrarl\u0131 ritimleriyle dengelemi\u015ftir. Yama\u00e7lar\u0131 Avusturya-Macaristan ormanc\u0131lar\u0131n\u0131n ilk kayaklar\u0131n\u0131, ilk ralli yar\u0131\u015fmac\u0131lar\u0131n\u0131n co\u015fkusunu, Olimpiyat \u015fampiyonlar\u0131n\u0131n hassasiyetini ve acemi ailelerin kahkahalar\u0131n\u0131 do\u011furmu\u015ftur. Altyap\u0131 geli\u015febilir ve kalabal\u0131klar artabilir, ancak da\u011f\u0131n ger\u00e7ek miras\u0131 kaya, kar ve toplumun etkile\u015fiminde yatar; hem do\u011fal d\u00fcnyaya hem de i\u00e7inde ya\u015famaya \u00e7al\u0131\u015fan insan ruhuna kal\u0131c\u0131 bir tan\u0131kl\u0131kt\u0131r.<\/p>","protected":false},"excerpt":{"rendered":"<p>Bosna-Hersek&#039;te \u00f6nemli bir da\u011f olan Jahorina, Balkan b\u00f6lgesinin do\u011fal g\u00fczelli\u011fini ve co\u011frafi \u00f6nemini \u00f6rneklemektedir. Jahorina, Bosna-Hersek Federasyonu&#039;nda Trnovo&#039;da ve S\u0131rp Cumhuriyeti&#039;ndeki Pale ve Trnovo belediyelerinin \u00fc\u00e7 noktas\u0131nda yer almaktad\u0131r. Mevsimsel olarak de\u011fi\u015fen n\u00fcfus, turistik bir cazibe merkezi olarak pop\u00fclerli\u011fini yans\u0131tmaktad\u0131r. Da\u011f\u0131n \u00f6nemi, b\u00fcy\u00fck y\u00fcksekli\u011fiyle vurgulanmaktad\u0131r; en y\u00fcksek tepe olan Ogorjelica, deniz seviyesinden 1.516 metre (6.286 fit) y\u00fcksekliktedir. 2.067 metre (6.286 fit) y\u00fckseklikteki Bjela\u0161nica&#039;n\u0131n ard\u0131ndan Jahorina, 1.516 metre (6.286 fit) y\u00fcksekli\u011fiyle Saraybosna&#039;ya yak\u0131n ikinci en y\u00fcksek tepedir.<\/p>","protected":false},"author":1,"featured_media":3883,"parent":14500,"menu_order":0,"comment_status":"closed","ping_status":"closed","template":"elementor_theme","meta":{"_eb_attr":"","footnotes":""},"class_list":["post-14509","page","type-page","status-publish","has-post-thumbnail"],"_links":{"self":[{"href":"https:\/\/travelshelper.com\/tr\/wp-json\/wp\/v2\/pages\/14509","targetHints":{"allow":["GET"]}}],"collection":[{"href":"https:\/\/travelshelper.com\/tr\/wp-json\/wp\/v2\/pages"}],"about":[{"href":"https:\/\/travelshelper.com\/tr\/wp-json\/wp\/v2\/types\/page"}],"author":[{"embeddable":true,"href":"https:\/\/travelshelper.com\/tr\/wp-json\/wp\/v2\/users\/1"}],"replies":[{"embeddable":true,"href":"https:\/\/travelshelper.com\/tr\/wp-json\/wp\/v2\/comments?post=14509"}],"version-history":[{"count":0,"href":"https:\/\/travelshelper.com\/tr\/wp-json\/wp\/v2\/pages\/14509\/revisions"}],"up":[{"embeddable":true,"href":"https:\/\/travelshelper.com\/tr\/wp-json\/wp\/v2\/pages\/14500"}],"wp:featuredmedia":[{"embeddable":true,"href":"https:\/\/travelshelper.com\/tr\/wp-json\/wp\/v2\/media\/3883"}],"wp:attachment":[{"href":"https:\/\/travelshelper.com\/tr\/wp-json\/wp\/v2\/media?parent=14509"}],"curies":[{"name":"wp","href":"https:\/\/api.w.org\/{rel}","templated":true}]}}