{"id":14490,"date":"2024-09-19T16:11:29","date_gmt":"2024-09-19T16:11:29","guid":{"rendered":"https:\/\/travelshelper.com\/staging\/?page_id=14490"},"modified":"2026-03-11T22:47:50","modified_gmt":"2026-03-11T22:47:50","slug":"dubrovnik","status":"publish","type":"page","link":"https:\/\/travelshelper.com\/tr\/destinations\/europe\/croatia\/dubrovnik\/","title":{"rendered":"Dubrovnik"},"content":{"rendered":"<p>Dubrovnik, H\u0131rvatistan&#039;\u0131n Dalma\u00e7ya k\u0131y\u0131lar\u0131n\u0131n g\u00fcney ucunda, antik surlar\u0131 Adriyatik&#039;in kobalt geni\u015fli\u011fine bakmaktad\u0131r. Uzun zamand\u0131r Akdeniz&#039;in en \u00f6nemli destinasyonlar\u0131ndan biri olarak tan\u0131nan \u015fehir, s\u0131ras\u0131yla bir deniz antreposu, ba\u011f\u0131ms\u0131z bir cumhuriyet ve modern zamanlarda hem bir UNESCO D\u00fcnya Miras\u0131 Alan\u0131 hem de kitle turizminin merkezi olarak hizmet vermi\u015ftir. 2021&#039;de Dubrovnik belediyesinin n\u00fcfusu 41.562 idi ve yine de 2023&#039;te her sakine yakla\u015f\u0131k 27,4 ziyaret\u00e7i a\u011f\u0131rlama ayr\u0131cal\u0131\u011f\u0131na sahipti; bu oran hem kal\u0131c\u0131 cazibesini hem de a\u015f\u0131r\u0131 turizmin bask\u0131lar\u0131n\u0131 vurgulamaktad\u0131r.<\/p>\n<p>\u015eehrin k\u00f6kenleri, y\u0131k\u0131lm\u0131\u015f Roma yerle\u015fim yeri Epidaurum&#039;dan gelen m\u00fcltecilerin Ragusa olarak bilinen yeni bir topluluk kurdu\u011fu yedinci y\u00fczy\u0131la kadar uzan\u0131yor. Ba\u015flang\u0131\u00e7ta Bizans himayesinde ve daha sonra Venedik etkisine maruz kalan Ragusa, on d\u00f6rd\u00fcnc\u00fc ve on dokuzuncu y\u00fczy\u0131llar aras\u0131nda Ragusa Cumhuriyeti&#039;ne d\u00f6n\u00fc\u015ft\u00fc. Deniz ticareti cumhuriyetin ekonomik omurgas\u0131n\u0131 olu\u015fturuyordu ve Venedik&#039;le zenginlik ve diplomatik incelikte rekabet etmesini sa\u011fl\u0131yordu; on be\u015finci ve on alt\u0131nc\u0131 y\u00fczy\u0131llarda Ragusa&#039;n\u0131n filosu Akdeniz sular\u0131nda tuz, y\u00fcn ve zeytinya\u011f\u0131 kargolar\u0131yla dola\u015f\u0131yordu. Ayn\u0131 zamanda \u015fehir, H\u0131rvat edebiyat\u0131n\u0131n be\u015fi\u011fi olarak ortaya \u00e7\u0131kt\u0131: Ivan Vidali\u0107 gibi \u015fairler onu &#034;H\u0131rvat \u015fehirlerinin tac\u0131&#034; olarak \u00f6vd\u00fc ve oyun yazarlar\u0131 ve akademisyenler onun himayesinde geli\u015fti.<\/p>\n<p>6 Nisan 1667&#039;de, g\u00fc\u00e7l\u00fc bir deprem orta\u00e7a\u011f \u00e7ekirde\u011finin \u00e7o\u011funu yerle bir etti\u011finde, bu m\u00fcreffeh cumhuriyet neredeyse tamamen y\u0131k\u0131ma u\u011frad\u0131. Tedbirli bir ekonomiyle y\u00fcr\u00fct\u00fclen restorasyon \u00e7al\u0131\u015fmalar\u0131, \u00f6zellikle Eski Kent&#039;in kalbindeki geni\u015f, do\u011fu-bat\u0131 ana caddesi olan Placa (ayn\u0131 zamanda Stradun olarak da bilinir) boyunca olmak \u00fczere, bug\u00fcn de varl\u0131\u011f\u0131n\u0131 s\u00fcrd\u00fcren tekd\u00fcze Barok g\u00f6r\u00fcn\u00fcm\u00fcn\u00fc olu\u015fturdu. Y\u00fczy\u0131llarca s\u00fcren yaya trafi\u011fiyle a\u015f\u0131nm\u0131\u015f p\u00fcr\u00fczs\u00fcz kire\u00e7 ta\u015f\u0131 d\u00f6\u015femesi, bat\u0131 giri\u015findeki Pile Kap\u0131s\u0131&#039;ndan ba\u015flayarak Barok k\u0131yafetleriyle yeniden do\u011fan Gotik ve R\u00f6nesans saraylar\u0131n\u0131n yan\u0131ndan ge\u00e7er. T\u00fcccar tezgahlar\u0131, aile i\u015fletmesi kafeler ve &#034;diz benzeri&#034; kap\u0131lar\u0131n al\u00e7ak kemerleri, zorunluluk ve dayan\u0131kl\u0131l\u0131k taraf\u0131ndan \u015fekillendirilmi\u015f bir sokak manzaras\u0131n\u0131 ifade eder.<\/p>\n<p>Napolyon birlikleri 1806&#039;da Dubrovnik&#039;i i\u015fgal etti, Ragusa Cumhuriyeti&#039;ni ortadan kald\u0131rd\u0131 ve topraklar\u0131n\u0131 \u00f6nce \u0130talya Krall\u0131\u011f\u0131&#039;na, sonra da \u0130lirya Eyaletleri&#039;ne dahil etti. Daha sonra, 19. y\u00fczy\u0131lda \u015fehir Avusturya \u0130mparatorlu\u011fu&#039;nun Dalma\u00e7ya Krall\u0131\u011f\u0131&#039;n\u0131n s\u0131n\u0131rlar\u0131 i\u00e7inde kald\u0131 ve daha sonra 1918&#039;de kuruldu\u011funda Yugoslavya Krall\u0131\u011f\u0131&#039;na dahil oldu. 1929&#039;da Zeta Banovina&#039;n\u0131n ve daha sonra H\u0131rvatistan Banovina&#039;s\u0131n\u0131n bir par\u00e7as\u0131 oldu. II. D\u00fcnya Sava\u015f\u0131&#039;nda Dubrovnik, Tito&#039;nun Yugoslavyas\u0131&#039;ndaki H\u0131rvatistan Sosyalist Cumhuriyeti&#039;ne yeniden entegre edilmeden \u00f6nce Mihver Devletleri&#039;ne ba\u011fl\u0131 Ba\u011f\u0131ms\u0131z H\u0131rvatistan Devleti&#039;ne dahil edildi.<\/p>\n<p>1991&#039;in sonlar\u0131nda, H\u0131rvatistan ba\u011f\u0131ms\u0131zl\u0131\u011f\u0131n\u0131 ilan ederken, Dubrovnik Yugoslav Halk Ordusu taraf\u0131ndan yedi ay s\u00fcren bir ku\u015fatmaya maruz kald\u0131. Top at\u0131\u015flar\u0131, surlar\u0131na ve sivil an\u0131tlar\u0131na \u00f6nemli hasar verdi. 1990&#039;lar boyunca ve yeni milenyumun ilk y\u0131llar\u0131nda, UNESCO standartlar\u0131n\u0131n rehberli\u011finde yap\u0131lan \u00f6zenli restorasyonlar, Eski \u015eehri canland\u0131rd\u0131. Bu \u00e7abalar, sadece harap olmu\u015f duvarlar\u0131 onarmakla kalmad\u0131, ayn\u0131 zamanda Dubrovnik&#039;in k\u00fclt\u00fcrel canl\u0131l\u0131\u011f\u0131n\u0131 yeniden tesis ederek, onu uluslararas\u0131 film ve televizyon yap\u0131mlar\u0131 i\u00e7in pop\u00fcler bir sahneye d\u00f6n\u00fc\u015ft\u00fcrd\u00fc.<\/p>\n<p>Bug\u00fcn\u00fcn ziyaret\u00e7ileri yo\u011fun z\u0131tl\u0131klar\u0131n oldu\u011fu bir \u015fehirle kar\u015f\u0131la\u015f\u0131yor: \u00e7evresi yakla\u015f\u0131k iki kilometre olan orta\u00e7a\u011f surlar\u0131, kara taraf\u0131nda d\u00f6rt ila alt\u0131 metre kal\u0131nl\u0131\u011f\u0131nda ancak deniz taraf\u0131nda ince kuleler ve kuleler, kompakt Eski Kent&#039;i sar\u0131yor. Surlar, R\u00f6nesans mimar\u0131 Juraj Dalmatinac&#039;a atfedilen Minceta Kalesi&#039;ni; Michelozzo taraf\u0131ndan tasarlanan denize bakan Bokar Kalesi&#039;ni; ve \u015fu anda Denizcilik M\u00fczesi&#039;ne ve bir akvaryuma ev sahipli\u011fi yapan \u00fc\u00e7gen St John Kalesi&#039;ni i\u00e7eriyor. Y\u00fcr\u00fcy\u00fc\u015f\u00e7\u00fcler Pile Kap\u0131s\u0131&#039;ndan ba\u015flayabilir, yaz ortas\u0131 kalabal\u0131\u011f\u0131ndan ka\u00e7\u0131nmak i\u00e7in \u015fafak vakti veya alacakaranl\u0131kta surlara t\u0131rmanabilir ve Adriyatik ufkunda par\u0131ldayan k\u0131rm\u0131z\u0131 kiremitli \u00e7at\u0131lar\u0131 seyredebilirler.<\/p>\n<p>Duvarlar\u0131n i\u00e7inde, belediye an\u0131tlar\u0131 y\u00fczy\u0131llard\u0131r s\u00fcregelen toplumsal kimli\u011fe i\u015faret eder. Pile Kap\u0131s\u0131&#039;n\u0131n yan taraf\u0131na yerle\u015ftirilmi\u015f olan B\u00fcy\u00fck Onofrio \u00c7e\u015fmesi, bir zamanlar Onofrio della Cava&#039;n\u0131n 1438 su kemerinin ucunda duruyordu; on alt\u0131 oymal\u0131 maskaronu hala tatl\u0131 su f\u0131\u015fk\u0131rt\u0131yor. Daha k\u00fc\u00e7\u00fck bir benzeri, 1667 \u00f6ncesi formunu koruyan ve bug\u00fcn \u015fehir ar\u015fivlerini bar\u0131nd\u0131ran Gotik-R\u00f6nesans Sponza Saray\u0131&#039;n\u0131n yan\u0131ndaki Lu\u017ea Meydan\u0131&#039;nda yoldan ge\u00e7enleri kar\u015f\u0131l\u0131yor. Yak\u0131nlarda, Rekt\u00f6r Saray\u0131, Ragusa Cumhuriyeti d\u00f6neminde \u015fehrin y\u00f6netimine tan\u0131kl\u0131k eden s\u00fcsl\u00fc bir merdiven ve manast\u0131r sergiliyor.<\/p>\n<p>\u015eehrin dini yap\u0131lar\u0131 \u00e7e\u015fitli miras\u0131n\u0131 yans\u0131t\u0131r. Placa&#039;daki Fransisken Manast\u0131r\u0131, Romanesk bir manast\u0131r\u0131, Avrupa&#039;n\u0131n \u00fc\u00e7\u00fcnc\u00fc en eski eczanesini (1317&#039;den beri faaliyette) ve 30.000 ciltlik bir k\u00fct\u00fcphaneyi korur. Kar\u015f\u0131s\u0131nda, Barok St Blaise Kilisesi, her 3 \u015eubat&#039;ta Dubrovnik&#039;in koruyucu azizini ayin, alay ve belediye \u015fenlikleriyle onurland\u0131r\u0131r. 1667 depreminden sonra yeniden in\u015fa edilen Meryem Ana&#039;n\u0131n G\u00f6\u011fe Kabul\u00fc&#039;ne adanm\u0131\u015f katedral, St Blaise&#039;in kal\u0131nt\u0131lar\u0131n\u0131 korur ve azizin bayram g\u00fcn\u00fcnde kullan\u0131lan 138 kutsal emanetten olu\u015fan bir hazineyi destekler. Di\u011fer dini yerler aras\u0131nda, Roma&#039;n\u0131n \u0130spanyol Merdivenleri&#039;nden modellenmi\u015f geni\u015f bir merdivenle yakla\u015f\u0131lan St Ignatius Cizvit Kilisesi; bir sanat m\u00fczesine ev sahipli\u011fi yapan kale benzeri Dominik Manast\u0131r\u0131; ve Avrupa&#039;n\u0131n hala hizmet veren en eski sinagoglar\u0131ndan biri olan k\u00fc\u00e7\u00fck ama zengin bir \u015fekilde donat\u0131lm\u0131\u015f orta\u00e7a\u011f sinagogu yer al\u0131r.<\/p>\n<p>K\u00fclt\u00fcrel kurumlar kutsal alanlar\u0131n \u00f6tesine uzan\u0131r. 1492&#039;den \u00f6nce kurulan Arboretum Trsteno, d\u00fcnyan\u0131n en eski halka a\u00e7\u0131k botanik bah\u00e7esi olmaya devam ediyor. Eski Liman&#039;dan feribotla on iki dakika uzakl\u0131ktaki ormanl\u0131k bir adac\u0131k olan Lokrum adas\u0131, on \u00fc\u00e7\u00fcnc\u00fc y\u00fczy\u0131ldan kalma bir Benediktin manast\u0131r\u0131n\u0131n, bir botanik bah\u00e7esinin ve Aslan Y\u00fcrekli Richard&#039;\u0131n 1192&#039;deki gemi kazas\u0131ndan sonra ona ev sahipli\u011fi yapt\u0131\u011f\u0131 s\u00f6ylenen bir kalenin kal\u0131nt\u0131lar\u0131n\u0131 ta\u015f\u0131yor. Avrupal\u0131 \u200b\u200bm\u00fclteciler uzun zamand\u0131r burada s\u0131\u011f\u0131nma ar\u0131yorlar: 1544&#039;te Portekizli Conversos&#039;lar\u0131 ta\u015f\u0131yan bir gemi Dubrovnik&#039;in r\u0131ht\u0131mlar\u0131na yana\u015farak \u015fehrin t\u00fcccar s\u0131n\u0131f\u0131n\u0131 ve entelekt\u00fcel \u00e7evresini zenginle\u015ftirdi. 1929&#039;da George Bernard Shaw, Dubrovnik&#039;i &#034;yery\u00fcz\u00fcndeki cennet&#034; olarak tan\u0131mlad\u0131; bu duygu kraliyet, devlet adamlar\u0131 ve son y\u0131llarda surlar\u0131 kurgusal bir ba\u015fkente d\u00f6n\u00fc\u015ft\u00fcren b\u00fcy\u00fck bir televizyon dizisinin yap\u0131mc\u0131lar\u0131 taraf\u0131ndan da yank\u0131land\u0131.<\/p>\n<p>Festivaller ve iklim \u015fehrin ritmini \u015fekillendirir. Her yaz k\u0131rk be\u015f g\u00fcn boyunca Dubrovnik Yaz Festivali meydanlarda ve saraylarda oyunlar, konserler ve sokak performanslar\u0131 sahneler. Etkinlik 2007&#039;de Kalite dal\u0131nda Alt\u0131n Uluslararas\u0131 Kupa kazand\u0131. \u0130klimsel olarak Dubrovnik K\u00f6ppen Csa b\u00f6lgesinde yer al\u0131r: yazlar s\u0131cak ve nispeten kurakt\u0131r, Temmuz ve A\u011fustos aylar\u0131ndaki en y\u00fcksek s\u0131cakl\u0131klar 28 \u00b0C (82 \u00b0F) civar\u0131ndad\u0131r ve geceleri 23 \u00b0C (73 \u00b0F) civar\u0131ndad\u0131r, k\u0131\u015flar ise \u0131l\u0131kt\u0131r ve nadiren g\u00fcnd\u00fcz s\u0131cakl\u0131klar\u0131 13 \u00b0C&#039;nin (55 \u00b0F) alt\u0131na d\u00fc\u015fer. Yerel bora r\u00fczgar\u0131 Ekim&#039;den Nisan&#039;a kadar so\u011fuk r\u00fczgarlar getirir ve g\u00f6k g\u00fcr\u00fclt\u00fcl\u00fc f\u0131rt\u0131nalar yaz\u0131n s\u0131cakl\u0131\u011f\u0131n\u0131 bozabilir. 1961&#039;den bu yana termometre 7 A\u011fustos 2012&#039;de 38,4 \u00b0C&#039;ye (101,1 \u00b0F) ula\u015ft\u0131 ve 14 Ocak 1968&#039;de -7,0 \u00b0C&#039;ye (19,4 \u00b0F) d\u00fc\u015ft\u00fc.<\/p>\n<p>Dalma\u00e7ya k\u0131y\u0131s\u0131 boyunca e\u011flence birka\u00e7 plaja kadar uzan\u0131r. Plo\u010de Kap\u0131s\u0131&#039;n\u0131n hemen d\u0131\u015f\u0131nda, Banje Plaj\u0131&#039;n\u0131n halka a\u00e7\u0131k b\u00f6l\u00fcm\u00fc, hepsi \u015fehir surlar\u0131n\u0131n bak\u0131\u015flar\u0131 alt\u0131nda, \u00e7ak\u0131ll\u0131 alanlar, \u015fezlonglar ve voleybol veya su topu i\u00e7in sahalar sunar. Daha bat\u0131da, Lapad Yar\u0131madas\u0131, \u00e7am a\u011fa\u00e7lar\u0131yla g\u00f6lgelenmi\u015f gezinti yollar\u0131yla ba\u011flanm\u0131\u015f ve k\u00fc\u00e7\u00fck beton iskelelerle noktalanm\u0131\u015f kumlu k\u0131vr\u0131mlara ev sahipli\u011fi yapar; \u00f6zel g\u00fcne\u015flenme noktalar\u0131 ve denize inen merdivenler sa\u011flayan Tito d\u00f6nemi kal\u0131nt\u0131lar\u0131. K\u0131sa bir k\u0131y\u0131 yolu, g\u00fcn\u00fcn av\u0131n\u0131n suyun yan\u0131nda bekledi\u011fi yerel bir bal\u0131k restoran\u0131na \u00e7\u0131kar.<\/p>\n<p>Kamuoyundaki tan\u0131n\u0131rl\u0131\u011f\u0131na ra\u011fmen, Dubrovnik a\u015f\u0131r\u0131 turizmle bo\u011fu\u015fuyor. 2018&#039;de belediye yetkilileri, yolcu gemisi seferlerini d\u00fczenlemek i\u00e7in \u00f6nlemler ald\u0131 ve 2023&#039;te sokak g\u00fcr\u00fclt\u00fcs\u00fcn\u00fc azaltmak i\u00e7in Eski Kent&#039;te tekerlekli bagajlar\u0131 yasaklad\u0131. Stradun&#039;daki bar teraslar\u0131, mahalle sakinli\u011fini korumak i\u00e7in ge\u00e7ici olarak kapat\u0131ld\u0131. Yine de \u015fehir, hem ekonomiyi hem de ya\u015fam kalitesini s\u00fcrd\u00fcrmeyi ama\u00e7layarak miras korumay\u0131 ziyaret\u00e7i eri\u015fimiyle dengelemeye devam ediyor.<\/p>\n<p>\u015eehir surlar\u0131 i\u00e7indeki m\u00fczeler Dubrovnik&#039;in \u00e7ok y\u00f6nl\u00fc hikayesine pencereler sunar. Do\u011fa Tarihi M\u00fczesi, y\u00fcz y\u0131ll\u0131k taksidermi \u00f6rneklerini sergiler; on alt\u0131nc\u0131 y\u00fczy\u0131ldan kalma bir ambarda bulunan Etnografya M\u00fczesi, halk kost\u00fcmlerini ve eserlerini toplar; ve Sigurata Manast\u0131r M\u00fczesi, dini ve sivil kal\u0131nt\u0131lar\u0131 korur. Sanat merakl\u0131lar\u0131, modernist ressam Vlaho Bukovac&#039;\u0131n eserleri i\u00e7in Cavtat&#039;taki Bukovac Evi&#039;ni ziyaret edebilirken, War Photo Limited&#039;daki foto\u011fraf sergileri \u00e7at\u0131\u015fma ve haf\u0131za temalar\u0131yla y\u00fczle\u015fir. Sponza Saray\u0131 M\u00fczesi, devlet ar\u015fivlerini korur; Rekt\u00f6r Saray\u0131 M\u00fczesi, d\u00f6nem mobilyalar\u0131n\u0131 sergiler; ve St John&#039;s Kalesi&#039;ndeki Denizcilik M\u00fczesi, cumhuriyetin denizcilik ba\u015far\u0131lar\u0131n\u0131 kaydeder.<\/p>\n<p>Her ziyaret\u00e7i y\u00fczy\u0131llard\u0131r ayak izleriyle cilalanm\u0131\u015f ta\u015f sokaklarla kar\u015f\u0131la\u015f\u0131r. P\u00fcr\u00fczs\u00fcz kire\u00e7 ta\u015f\u0131, \u00f6zellikle nemli ko\u015fullarda ayak alt\u0131nda tehlikeli olabilir. Geceleri, \u00e7o\u011fu on dokuzuncu y\u00fczy\u0131l tasar\u0131m\u0131 olan fenerler ana caddeleri ayd\u0131nlat\u0131r, ancak daha k\u00fc\u00e7\u00fck sokaklar g\u00f6lgede kalabilir ve gezginlere dikkatli olmalar\u0131 gerekti\u011fini hat\u0131rlatabilir. Cep\u00e7ilik nadirdir ancak duyulmam\u0131\u015f de\u011fildir; ki\u015fisel g\u00fcvenli\u011fi sa\u011flamak i\u00e7in genel dikkat yeterlidir.<\/p>\n<p>Gastronomik olarak \u015fehir, yenilikten \u00e7ok k\u0131y\u0131 gelene\u011fini yans\u0131t\u0131yor. Yerel deniz \u00fcr\u00fcnleri (uskumru, kalamar, Adriyatik karidesi) yava\u015f pi\u015firilmi\u015f dana g\u00fcveci pa\u0161ticada ve domuz etiyle ha\u015flanm\u0131\u015f lahana ve sebzelerin bir kar\u0131\u015f\u0131m\u0131 olan zelena menestra gibi et yemekleriyle masalar\u0131 payla\u015f\u0131yor. Tatl\u0131 olarak, karamel aromal\u0131 rozata hafif bir tatl\u0131l\u0131k sunuyor. Restoranlar Eski Kent s\u0131n\u0131rlar\u0131 i\u00e7inde k\u00fcmeleniyor, y\u00fcksek kiralar\u0131 artan fiyatlara d\u00f6n\u00fc\u015f\u00fcyor; Kas\u0131m-Mart durgunlu\u011funda, bir\u00e7ok l\u00fcks i\u015fletme kapan\u0131yor ve pazarl\u0131klar\u0131n indirimli fiyatlar getirebilece\u011fi se\u00e7kin lokantalar kal\u0131yor. \u0130ngilizce men\u00fcler ve \u00e7evrimi\u00e7i rezervasyon sistemleri uluslararas\u0131 m\u00fc\u015fterilere hitap ediyor.<\/p>\n<p>Dubrovnik&#039;in yirmi kilometre g\u00fcneydo\u011fuda \u010cilipi&#039;de bulunan uluslararas\u0131 havaalan\u0131na ula\u015f\u0131m, \u015fehrin ana otob\u00fcs terminali olan Gru\u017e&#039;a ba\u011flanan s\u0131k servis otob\u00fcsleri ile sa\u011flanmaktad\u0131r. \u015eehir s\u0131n\u0131rlar\u0131 i\u00e7inde, modern bir otob\u00fcs a\u011f\u0131, \u015fafaktan gece yar\u0131s\u0131na kadar mahalleleri birbirine ba\u011flamaktad\u0131r. Demiryolu hizmeti 1975&#039;te sona ermesine ra\u011fmen, planlar, kara eri\u015fimini yeniden sa\u011flamak i\u00e7in A1 otoyolunun (\u015fu anda Plo\u010de&#039;de sonlan\u0131yor) yak\u0131n zamanda tamamlanan Pelje\u0161ac K\u00f6pr\u00fcs\u00fc&#039;nden veya Bosna&#039;n\u0131n Neum koridorundan uzat\u0131lmas\u0131n\u0131 \u00f6ng\u00f6r\u00fcyor.<\/p>\n<p>&#034;Adriyatik&#039;in Krali\u00e7esi&#034; olarak Dubrovnik, dayan\u0131kl\u0131l\u0131\u011f\u0131 ve uyum yetene\u011fiyle hayranl\u0131k uyand\u0131r\u0131yor. Yedinci y\u00fczy\u0131ldaki kurulu\u015fundan y\u00fczy\u0131llarca s\u00fcren cumhuriyet\u00e7i \u00f6zerkli\u011fe, imparatorluk aralar\u0131na ve sava\u015f zaman\u0131 denemelerine kadar, \u015fehrin ta\u015f duvarlar\u0131 ve kamusal alanlar\u0131 tekil bir tarihe tan\u0131kl\u0131k ediyor. Bug\u00fcn, ziyaret\u00e7ilerin gelgitleri aras\u0131nda Dubrovnik, orta\u00e7a\u011f surlar\u0131n\u0131n, barok sanat\u00e7\u0131l\u0131\u011f\u0131n\u0131n ve modern turizmin bir araya geldi\u011fi, ge\u00e7mi\u015f ile \u015fimdiki zaman aras\u0131ndaki k\u0131r\u0131lgan denge \u00fczerine d\u00fc\u015f\u00fcnmeye davet eden bir yer olmaya devam ediyor.<\/p>","protected":false},"excerpt":{"rendered":"<p>2021 say\u0131m\u0131na g\u00f6re 41.562 sakini olan Dubrovnik, Adriyatik Denizi&#039;nin kar\u015f\u0131s\u0131nda yer alan b\u00fcy\u00fck tarihi \u00f6neme ve do\u011fal g\u00fczelli\u011fe sahip bir \u015fehirdir. \u00dcnl\u00fc mimari, zengin bir tarih ve \u00f6nemli bir deniz alan\u0131, Dubrovnik-Neretva \u0130l\u00e7esi&#039;nin idari ba\u015fkenti olan ve ayn\u0131 zamanda &#034;Adriyatik&#039;in \u0130ncisi&#034; olarak da adland\u0131r\u0131lan bu H\u0131rvat \u015fehrini tan\u0131mlar.<\/p>","protected":false},"author":1,"featured_media":4378,"parent":14435,"menu_order":0,"comment_status":"closed","ping_status":"closed","template":"elementor_theme","meta":{"_eb_attr":"","footnotes":""},"class_list":["post-14490","page","type-page","status-publish","has-post-thumbnail"],"_links":{"self":[{"href":"https:\/\/travelshelper.com\/tr\/wp-json\/wp\/v2\/pages\/14490","targetHints":{"allow":["GET"]}}],"collection":[{"href":"https:\/\/travelshelper.com\/tr\/wp-json\/wp\/v2\/pages"}],"about":[{"href":"https:\/\/travelshelper.com\/tr\/wp-json\/wp\/v2\/types\/page"}],"author":[{"embeddable":true,"href":"https:\/\/travelshelper.com\/tr\/wp-json\/wp\/v2\/users\/1"}],"replies":[{"embeddable":true,"href":"https:\/\/travelshelper.com\/tr\/wp-json\/wp\/v2\/comments?post=14490"}],"version-history":[{"count":0,"href":"https:\/\/travelshelper.com\/tr\/wp-json\/wp\/v2\/pages\/14490\/revisions"}],"up":[{"embeddable":true,"href":"https:\/\/travelshelper.com\/tr\/wp-json\/wp\/v2\/pages\/14435"}],"wp:featuredmedia":[{"embeddable":true,"href":"https:\/\/travelshelper.com\/tr\/wp-json\/wp\/v2\/media\/4378"}],"wp:attachment":[{"href":"https:\/\/travelshelper.com\/tr\/wp-json\/wp\/v2\/media?parent=14490"}],"curies":[{"name":"wp","href":"https:\/\/api.w.org\/{rel}","templated":true}]}}