{"id":14481,"date":"2024-09-19T16:05:08","date_gmt":"2024-09-19T16:05:08","guid":{"rendered":"https:\/\/travelshelper.com\/staging\/?page_id=14481"},"modified":"2026-03-11T22:44:18","modified_gmt":"2026-03-11T22:44:18","slug":"zagreb","status":"publish","type":"page","link":"https:\/\/travelshelper.com\/tr\/destinations\/europe\/croatia\/zagreb\/","title":{"rendered":"Zagreb"},"content":{"rendered":"<p>Zagreb, Orta Avrupa ve Akdeniz&#039;in kav\u015fa\u011f\u0131nda, Sava Nehri&#039;nin geni\u015f ta\u015fk\u0131n yata\u011f\u0131n\u0131n Medvednica&#039;n\u0131n ormanl\u0131k yama\u00e7lar\u0131n\u0131n alt\u0131nda uzand\u0131\u011f\u0131 ve Slovenya s\u0131n\u0131r\u0131n\u0131n g\u00f6r\u00fc\u015f alan\u0131n\u0131n hemen \u00f6tesinde oldu\u011fu e\u015fsiz bir yere sahiptir. Deniz seviyesinden 158 metre y\u00fckseklikte, yakla\u015f\u0131k 767.000 n\u00fcfuslu (2021 n\u00fcfus say\u0131m\u0131) bu \u015fehir, do\u011fudan bat\u0131ya yakla\u015f\u0131k otuz kilometre ve kuzeyden g\u00fcneye yirmi kilometre uzan\u0131r; in\u015fa edilmi\u015f dokusu, nehir boyunca al\u00e7akta kalan b\u00f6lgelerden da\u011f\u0131n kuzey ve kuzeydo\u011fu eteklerine kadar uzan\u0131r. H\u0131rvatistan&#039;\u0131n siyasi ve ekonomik kalbi olan Zagreb, ayn\u0131 anda hem resmi makamlar\u0131n bir metropol\u00fc (neredeyse her h\u00fck\u00fcmet bakanl\u0131\u011f\u0131na ve kurumuna ev sahipli\u011fi yap\u0131yor) hem de ticaret, ara\u015ft\u0131rma ve y\u00fcksek teknoloji giri\u015fiminin merkezidir. Kentin k\u00fcresel ba\u011flant\u0131lar\u0131, K\u00fcreselle\u015fme ve D\u00fcnya Kentleri Ara\u015ft\u0131rma A\u011f\u0131&#039;ndan ald\u0131\u011f\u0131 Beta notunda, Orta Avrupa, Akdeniz ve G\u00fcneydo\u011fu Avrupa&#039;y\u0131 birbirine ba\u011flayan kara, demir ve hava yolu a\u011flar\u0131n\u0131n merkezi olma rol\u00fcnde ve s\u0131n\u0131rlar\u0131 i\u00e7inde merkez ofisleri bulunan b\u00fcy\u00fck yerel ve b\u00f6lgesel \u015firketlerin varl\u0131\u011f\u0131nda a\u00e7\u0131k\u00e7a g\u00f6r\u00fclmektedir.<\/p>\n<p>Zagreb \u00e7evresindeki arazide jeolojik ve insanl\u0131k tarihi i\u00e7 i\u00e7e ge\u00e7mi\u015ftir. Veternica Ma\u011faras\u0131&#039;ndaki arkeolojik kal\u0131nt\u0131lar Paleolitik yerle\u015fime tan\u0131kl\u0131k ederken, g\u00fcn\u00fcm\u00fcz \u0160\u0107itarjevo yak\u0131nlar\u0131ndaki Andautonia&#039;daki Roma yerle\u015fimi bilinen en eski temel olarak durmaktad\u0131r. &#034;Zagreb&#034; yer ad\u0131 ilk olarak 1134&#039;te, 1094&#039;te Kaptol b\u00f6l\u00fcm\u00fcn\u00fcn kurulmas\u0131yla ba\u011flant\u0131l\u0131 olarak ortaya \u00e7\u0131km\u0131\u015ft\u0131r ve yerle\u015fim 1242&#039;de Kral IV. B\u00e9la&#039;n\u0131n kararnamesiyle serbest kraliyet stat\u00fcs\u00fcne kavu\u015fmu\u015ftur. Gornji Grad (Gradec) ve Kaptol orta\u00e7a\u011f kompleksi, kiliselerin, saraylar\u0131n ve lonca salonlar\u0131n\u0131n y\u00fczy\u0131llard\u0131r s\u00fcren sivil ve dinsel rekabeti an\u0131msatt\u0131\u011f\u0131 Ban Jela\u010di\u0107 Meydan\u0131&#039;n\u0131n kuzeyindeki tarihi \u00e7ekirde\u011fi olu\u015fturur. 1851 y\u0131l\u0131nda Janko Kamauf \u015fehrin ilk belediye ba\u015fkan\u0131 oldu ve bu durum Zagreb&#039;in, gev\u015fek bir \u015fekilde birbirine ba\u011fl\u0131 iki kasabadan, idari olarak \u00e7evresindeki Zagreb \u0130l\u00e7esi&#039;ne ba\u011fl\u0131 ancak ondan ayr\u0131, il\u00e7e d\u00fczeyinde stat\u00fcye sahip birle\u015fik bir belediye birimine d\u00f6n\u00fc\u015fmesinin habercisi oldu.<\/p>\n<p>\u015eehrin topografyas\u0131, dikkate de\u011fer bir mikro iklim ve kentsel form \u00e7e\u015fitlili\u011fini besler. G\u00fcneyde, Sava vadisinin al\u00e7ak b\u00f6lgeleri\u2014Donji Grad, Trnje ve Novi Zagreb\u2014geni\u015f caddeler, geni\u015f kamu parklar\u0131 ve sava\u015f aras\u0131 ve sosyalist d\u00f6nem apartman bloklar\u0131 k\u00fcmeleri sunar. Kuzeyde, Podsljeme ve Sesvete, ormanl\u0131k yama\u00e7lar\u0131 saran \u00fcz\u00fcm ba\u011flar\u0131na, karma ormanlara ve yerle\u015fim b\u00f6lgelerine t\u0131rman\u0131rken, \u0160estine, Gra\u010dani ve Remete gibi tarihi k\u00f6yler Medvednica&#039;n\u0131n alt kesimlerine tutunur. Burada, zaman yava\u015fl\u0131yor gibi g\u00f6r\u00fcn\u00fcyor: halk gelenekleri, i\u015flemeli kost\u00fcmler, zencefilli kurabiye spesiyaliteleri ve bir zamanlar hasat\u00e7\u0131lar\u0131 ilkbahar ya\u011fmurlar\u0131ndan koruyan renkli g\u00f6lgeli\u011fi olan ay\u0131rt edici \u0160estine \u015femsiyesi \u015feklinde varl\u0131\u011f\u0131n\u0131 s\u00fcrd\u00fcr\u00fcyor.<\/p>\n<p>\u0130klimsel olarak Zagreb, okyanus ve nemli k\u0131ta rejimleri aras\u0131ndaki e\u015fikte durmaktad\u0131r. Yazlar genellikle \u0131l\u0131k, ara s\u0131ra s\u0131cakt\u0131r ve her mevsim yakla\u015f\u0131k on be\u015f g\u00fcn g\u00fcnl\u00fck maksimum s\u0131cakl\u0131klar 30 \u00b0C&#039;yi a\u015far. G\u00f6k g\u00fcr\u00fclt\u00fcl\u00fc f\u0131rt\u0131nalar ilkbahar sonu ve yaz \u00f6\u011fleden sonralar\u0131n\u0131 noktalayarak Zagreb&#039;i Avrupa ba\u015fkentleri aras\u0131nda dokuzuncu en y\u00fcksek y\u0131ll\u0131k ya\u011f\u0131\u015fla doldurur - yakla\u015f\u0131k 840 mm - ancak yo\u011fun, konvektif sa\u011fanak ya\u011f\u0131\u015flar sayesinde Londra veya Paris&#039;ten daha az ya\u011fmurlu g\u00fcn vard\u0131r. Sonbahar haftalar\u0131 genellikle silahs\u0131zland\u0131r\u0131c\u0131 bir berrakl\u0131\u011f\u0131 korur, mavi g\u00f6ky\u00fcz\u00fc g\u00fcnleri yava\u015f yava\u015f yerini s\u0131k ya\u011fmurlara ve d\u00fc\u015f\u00fck rak\u0131ml\u0131 b\u00f6lgelerde ekim ortas\u0131ndan ocak ay\u0131na kadar s\u00fcren sabah sislerine b\u0131rak\u0131r. K\u0131\u015flar kapal\u0131 g\u00f6ky\u00fcz\u00fc, azalan ya\u011f\u0131\u015f (\u015eubat ortalamas\u0131 sadece 39 mm) ve ortalama yirmi dokuz g\u00fcnl\u00fck kar ya\u011f\u0131\u015f\u0131 getirir, ancak son on y\u0131llarda daha \u0131l\u0131man ko\u015fullar ve kar \u00f6rt\u00fcs\u00fcnde bir azalma g\u00f6r\u00fclm\u00fc\u015ft\u00fcr. \u0130lkbahar de\u011fi\u015fken bir \u015fekilde gelir: erken gelen so\u011fuk hava dalgalar\u0131 yerini daha uzun g\u00fcne\u015f \u0131\u015f\u0131\u011f\u0131na ve kent bah\u00e7elerinin hareketlenmesine b\u0131rak\u0131rken, ge\u00e7 donlar zaman zaman uyanan a\u011fa\u00e7lar\u0131 yeniden ziyaret eder.<\/p>\n<p>Zagreb&#039;in in\u015fa edilmi\u015f \u00e7evresi, ard\u0131\u015f\u0131k d\u00f6nemlerin de\u011fi\u015fen h\u0131rslar\u0131n\u0131 yans\u0131t\u0131r. Ban Jela\u010di\u0107 Meydan\u0131&#039;ndaki en eski ta\u015f g\u00f6kdeleni Neboder (1958), daha sonra Zagrep\u010danka (1976) ve Cibona Kulesi (1987) taraf\u0131ndan takip edilen dikey b\u00fcy\u00fcme i\u00e7in y\u00fczy\u0131l ortas\u0131 bir emsal olu\u015fturdu. O zamandan bu yana ge\u00e7en on y\u0131llar, s\u0131n\u0131rl\u0131 bir geni\u015fleme g\u00f6rd\u00fc - d\u0131\u015f mahallelerdeki konut kuleleri nadiren sekiz kat\u0131 a\u015ft\u0131 - ancak son kentsel planlar yeni nesil g\u00f6kdelenleri m\u00fcjdeledi: Eurotower, HOTO Kulesi, Sky Office Kulesi ve y\u00fckselen Strojarska \u0130\u015f Merkezi bunlar\u0131n aras\u0131ndayd\u0131. Novi Zagreb&#039;in g\u00fcney k\u0131y\u0131s\u0131 da ayn\u0131 \u015fekilde d\u00f6n\u00fc\u015ft\u00fc, Blato ve Lani\u0161te, Zagreb Arena ve biti\u015fi\u011findeki i\u015f merkezi taraf\u0131ndan noktalanan yo\u011fun b\u00f6lgelere d\u00f6n\u00fc\u015ft\u00fc.<\/p>\n<p>Zagreb&#039;deki ekonomik canl\u0131l\u0131k, sanayi, teknoloji ve hizmetlerin yo\u011funla\u015fmas\u0131ndan kaynaklanmaktad\u0131r. Elektrikli makineler, ila\u00e7lar, tekstil, yiyecek ve i\u00e7ecek i\u015fleme g\u00fc\u00e7l\u00fc sekt\u00f6rler olmaya devam ederken, Ru\u0111er Bo\u0161kovi\u0107 Enstit\u00fcs\u00fc ve Zagreb \u00dcniversitesi gibi y\u00fcksek teknoloji i\u015fletmeleri ve ara\u015ft\u0131rma kurumlar\u0131 g\u00fc\u00e7l\u00fc bir inovasyon ekosistemine sahiptir. Medya kurulu\u015flar\u0131 ve Agrokor ve INA gibi ulusal \u015firketler, merkezlerini burada tutarken, yabanc\u0131 ba\u011flant\u0131l\u0131 otel zincirleri de burada bulunmaktad\u0131r: Hilton, Marriott, Radisson ve di\u011ferleri, turistlere ve i\u015f seyahatindekilere hitap eden bir misafirperverlik sekt\u00f6r\u00fcn\u00fc desteklemektedir. 2015&#039;ten 2017&#039;ye kadar European Best Destinations taraf\u0131ndan \u00fcst \u00fcste Avrupa&#039;n\u0131n en iyisi olarak kabul edilen \u015fehrin Noel pazar\u0131, ticaret, k\u00fclt\u00fcr ve vatanda\u015fl\u0131k gururunun birle\u015fimini \u00f6rneklemektedir.<\/p>\n<p>Zagreb&#039;deki k\u00fclt\u00fcrel ya\u015fam hem kapsaml\u0131 hem de \u00e7e\u015fitlidir. Otuzdan fazla m\u00fcze ve galeri, Arkeoloji M\u00fczesi&#039;nin Liber Linteus Zagrabiensis&#039;inden (Etr\u00fcsk keten el yazmas\u0131 ve bu dildeki d\u00fcnyan\u0131n bilinen en eski yaz\u0131t\u0131) Modern Galeri&#039;nin kapsaml\u0131 19. ve 20. y\u00fczy\u0131l H\u0131rvat sanat\u0131 koleksiyonuna kadar yakla\u015f\u0131k 3,6 milyon esere ev sahipli\u011fi yapmaktad\u0131r. Teknik M\u00fcze, u\u00e7aklar ve bir planetaryumun yan\u0131 s\u0131ra 1830&#039;dan kalma operasyonel makineleri muhafaza etmektedir; Do\u011fa Tarihi M\u00fczesi, \u00f6zellikle \u00fcnl\u00fc Krapina Neandertal kal\u0131nt\u0131lar\u0131 olmak \u00fczere tarih \u00f6ncesi hazineleri korumaktad\u0131r. \u00d6zel giri\u015fimler de geli\u015fmi\u015ftir: 2010&#039;da kurulan K\u0131r\u0131k \u0130li\u015fkiler M\u00fczesi, sona eren a\u015fklar\u0131n ki\u015fisel an\u0131lar\u0131n\u0131 toplar ve o zamandan beri k\u00fcresel yan dallara ilham kayna\u011f\u0131 olmu\u015ftur; Lauba Evi ise \u00f6nde gelen bir \u00f6zel \u00e7a\u011fda\u015f H\u0131rvat sanat\u0131 koleksiyonunu sergilemektedir.<\/p>\n<p>Medvednica hem koruyucu hem de oyun alan\u0131 olarak belirir. Zirvesi Sljeme (1.035 m), CNN&#039;in y\u00fckselen vericisine, asans\u00f6r altyap\u0131s\u0131na sahip kayak pistlerine ve hava \u015fartlar\u0131 uygunsa Velebit S\u0131rada\u011flar\u0131&#039;na ve Slovenya&#039;n\u0131n Julian Alpleri&#039;ne uzanan manzaralara ev sahipli\u011fi yapar. On \u00fc\u00e7\u00fcnc\u00fc y\u00fczy\u0131l bi\u00e7imine geri d\u00f6nd\u00fcr\u00fclen orta\u00e7a\u011f kasabas\u0131 Medvedgrad, bat\u0131 banliy\u00f6lerine bakan bir s\u0131rt\u0131n tepesinde yer al\u0131r; burada Anavatan Tap\u0131na\u011f\u0131 ve ebedi alevi, H\u0131rvatistan&#039;\u0131n ard\u0131\u015f\u0131k \u00e7at\u0131\u015fmalar sonucu d\u00fc\u015fenlerini anmaktad\u0131r. Yak\u0131nlarda, y\u0131k\u0131lm\u0131\u015f Susedgrad kalesi, on yedinci y\u00fczy\u0131ldan beri terk edilmi\u015f olmas\u0131na ra\u011fmen hala y\u00fcr\u00fcy\u00fc\u015f\u00e7\u00fcleri r\u00fczg\u00e2rl\u0131 surlar\u0131na \u00e7eken sessiz bir n\u00f6bet\u00e7i gibi durmaktad\u0131r.<\/p>\n<p>Ula\u015f\u0131m altyap\u0131s\u0131 Zagreb&#039;in b\u00f6lgesel bir ba\u011flant\u0131 noktas\u0131 olarak stat\u00fcs\u00fcn\u00fc sa\u011flamla\u015ft\u0131r\u0131yor. \u015eehrin yakla\u015f\u0131k on yedi kilometre g\u00fcneydo\u011fusunda Velika Gorica&#039;da bulunan Franjo Tu\u0111man Havaalan\u0131, 2024&#039;te rekor say\u0131da 4,31 milyon yolcuyu i\u015fletti ve hem sivil hem de askeri havac\u0131l\u0131\u011f\u0131 destekliyor. Lu\u010dko&#039;daki ikincil bir havaalan\u0131 spor u\u00e7aklar\u0131na ve \u00f6zel bir polis helikopteri birimine hizmet verirken, Bu\u0161evec e\u011flence ama\u00e7l\u0131 u\u00e7anlara saha hizmeti veriyor. Yurti\u00e7inde, be\u015f b\u00fcy\u00fck otoyol (A1, A2, A3, A4 ve A6) Zagreb&#039;den yay\u0131larak onu Rijeka, Split, Macaristan ve \u00f6tesine ba\u011fl\u0131yor ve Pan-Avrupa Koridorlar\u0131 Vb, X ve Xa&#039;n\u0131n b\u00f6l\u00fcmlerini olu\u015fturuyor. \u015eehir i\u00e7inde, yakla\u015f\u0131k on \u015feritlik geni\u015f caddelerden olu\u015fan bir a\u011f ve Zugreb \u00e7evre yolu yo\u011fun kentsel mahalleleri \u00e7evreliyor, ancak yo\u011fun saatlerdeki s\u0131k\u0131\u015f\u0131kl\u0131k kal\u0131c\u0131 bir sorun olmaya devam ediyor. Toplu ta\u015f\u0131ma, 1891&#039;de a\u00e7\u0131lan ve \u015fu anda on be\u015f g\u00fcnd\u00fcz ve d\u00f6rt gece hatt\u0131nda faaliyet g\u00f6steren sayg\u0131n bir tramvay sistemiyle, kapsaml\u0131 bir banliy\u00f6 tren a\u011f\u0131 ve kapsaml\u0131 otob\u00fcs g\u00fczergahlar\u0131yla destekleniyor. D\u00fcnyan\u0131n en k\u0131salar\u0131ndan biri olan bir f\u00fcnik\u00fcler, Tomi\u0107eva Caddesi&#039;nden Yukar\u0131 \u015eehir&#039;e t\u0131rman\u0131rken, 2018&#039;den beri serbestle\u015ftirilen taksiler art\u0131k rekabet\u00e7i fiyatlarla geli\u015fmi\u015f hizmet sunuyor.<\/p>\n<p>Demografik olarak Zagreb ezici bir \u00e7o\u011funlukla H\u0131rvatt\u0131r (,5), ancak 2021 n\u00fcfus say\u0131m\u0131nda S\u0131rplar, Bo\u015fnaklar, Arnavutlar, Romanlar ve di\u011ferleri olmak \u00fczere etnik az\u0131nl\u0131klardan k\u0131rk dokuz binden fazla sakinin yan\u0131 s\u0131ra, pandemi sonras\u0131 i\u015fg\u00fcc\u00fc k\u0131tl\u0131\u011f\u0131 nedeniyle Nepal, Filipinler, Hindistan ve Banglade\u015f&#039;ten gelen yabanc\u0131 i\u015f\u00e7ilerin artan ak\u0131n\u0131 kaydedildi. Zagreb \u0130l\u00e7esi&#039;ni de kapsayan metropol alan\u0131 bir milyonu a\u015fan n\u00fcfusa sahiptir ve H\u0131rvatistan n\u00fcfusunun yakla\u015f\u0131k d\u00f6rtte birini olu\u015fturmaktad\u0131r. Turizm son y\u0131llarda h\u0131zla b\u00fcy\u00fcm\u00fc\u015ft\u00fcr: \u015fehir 2017&#039;de 1,28 milyondan fazla ziyaret\u00e7iyi a\u011f\u0131rlam\u0131\u015f, 2,26 milyon gecelik konaklama sa\u011flam\u0131\u015ft\u0131r ve Avrupa&#039;n\u0131n d\u00f6rt bir yan\u0131ndan ve Do\u011fu Asya ile Hindistan gibi uzak yerlerden seyahat edenleri \u00e7ekmektedir.<\/p>\n<p>Zagreb, dinamikli\u011fine ra\u011fmen jeolojik tehlikelerle kar\u015f\u0131 kar\u015f\u0131yad\u0131r. \u017dumberak-Medvednica fay hatt\u0131n\u0131n tepesinde yer alan \u015fehir, y\u0131lda yakla\u015f\u0131k 400 k\u00fc\u00e7\u00fck sars\u0131nt\u0131ya maruz kalmaktad\u0131r. 1880 depremi, 6.3 b\u00fcy\u00fckl\u00fc\u011f\u00fcnde, bir\u00e7ok il\u00e7eyi harap etti ve 2020&#039;de 5.5 b\u00fcy\u00fckl\u00fc\u011f\u00fcnde bir deprem, tarihi \u015fehir merkezindeki binalara zarar vererek bir katedral kulesindeki ha\u00e7\u0131 devirdi; bu, 1880&#039;den bu yana en g\u00fc\u00e7l\u00fc olayd\u0131. Yetkililer, b\u00fcy\u00fck bir sars\u0131nt\u0131n\u0131n binlerce can kayb\u0131na yol a\u00e7abilece\u011fini tahmin ediyor ve bu da \u015fehrin sayg\u0131de\u011fer ta\u015f i\u015f\u00e7ili\u011fi \u00e7ekirde\u011finin ortas\u0131nda sismik haz\u0131rl\u0131\u011f\u0131n zorunlulu\u011funu vurguluyor.<\/p>\n<p>Zagreb&#039;i ziyaret edenler, g\u00fcvenli\u011fi kentsel sinirlilikle dengeleyen bir \u015fehirle kar\u015f\u0131la\u015f\u0131yor. Gece vakti gezginlere, zaman zaman alt k\u00fclt\u00fcr gruplar\u0131 aras\u0131nda \u00e7at\u0131\u015fmalar\u0131n patlak verdi\u011fi, alacakaranl\u0131ktan sonra, yetersiz ayd\u0131nlat\u0131lm\u0131\u015f sokaklardan, belirli banliy\u00f6lerden ve Park Ribnjak&#039;tan uzak durmalar\u0131 tavsiye ediliyor. Dilenciler, b\u00fcy\u00fck ula\u015f\u0131m merkezlerinin yak\u0131n\u0131nda sadaka toplayabilirler, ancak su\u00e7 oranlar\u0131 bir\u00e7ok Bat\u0131 Avrupa ba\u015fkentinden daha d\u00fc\u015f\u00fck kalmaya devam ediyor. LGBTQ \u00e7iftlere, izole homofobik olaylar\u0131n ard\u0131ndan, kamusal sevgi g\u00f6sterilerinde ihtiyatl\u0131 olmalar\u0131 tavsiye ediliyor. Turistler, bazen habersiz m\u00fc\u015fterileri anla\u015fmazl\u0131klara s\u00fcr\u00fckleyen turbo-folk m\u00fczi\u011fi \u00e7alan kul\u00fcplerden veya do\u011frulanmam\u0131\u015f striptiz kul\u00fcb\u00fc mekanlar\u0131ndan uzak durmalar\u0131 konusunda te\u015fvik ediliyor.<\/p>\n<p>Zagreb&#039;deki mutfak hayat\u0131 gelenek ve yenili\u011fi harmanlar. Yerel spesiyaliteler - Zagreba\u010dki odrezak (cordon bleu&#039;yu an\u0131msatan ekmekli dana veya domuz pirzolas\u0131), \u0161trukli (peynir dolgulu b\u00f6rek), mlinci (k\u0131zarm\u0131\u015f sulu yass\u0131 makarna) ve krem\u0161nite (muhallebi dilimleri) - canl\u0131 bir restoran sahnesinde uluslararas\u0131 sunumlarla birlikte yer al\u0131r. \u015earap barlar\u0131 \u00f6nde gelen yerel \u015faraplar\u0131 servis ederken, 1891&#039;de kurulan ve Yukar\u0131 \u015eehir&#039;in yak\u0131n\u0131nda bulunan \u015fehrin ayn\u0131 adl\u0131 botanik bah\u00e7esi yakla\u015f\u0131k 10.000 bitki t\u00fcr\u00fcne ev sahipli\u011fi yaparak \u00f6zenle se\u00e7ilmi\u015f ye\u015filliklerin kentsel bir vahas\u0131n\u0131 sunar.<\/p>\n<p>El sanatlar\u0131 ve hediyelik e\u015fyalar Zagreb&#039;in katmanl\u0131 kimli\u011fini yans\u0131t\u0131r. Modern kravat k\u00f6kenini, d\u00fc\u011f\u00fcml\u00fc atk\u0131lar\u0131 Paris toplumunun ilgisini \u00e7eken on yedinci y\u00fczy\u0131l H\u0131rvat paral\u0131 askerlerine dayand\u0131r\u0131rken, t\u00fckenmez kalem k\u00f6kenini yirminci y\u00fczy\u0131l\u0131n ba\u015flar\u0131nda ya\u015fam\u0131\u015f bir mucit ve Zagreb sakini olan Slavoljub Penkala&#039;ya bor\u00e7ludur. Al\u0131\u015fveri\u015f yapanlar, Ilica Caddesi&#039;ndeki butiklerden \u015fehrin \u00e7evresindeki geni\u015f al\u0131\u015fveri\u015f merkezlerine do\u011fru dola\u015farak, H\u0131rvatistan&#039;\u0131n \u00e7e\u015fitli b\u00f6lgesel geleneklerini yans\u0131tan kristal, seramik, has\u0131r i\u015fi ve gastronomik spesiyaliteler ararlar.<\/p>\n<p>Zagreb&#039;in hikayesi s\u00fcrekli yeniden icatlar\u0131n hikayesidir; barok ihti\u015fam\u0131 ve Avusturya-Macaristan \u015fehircili\u011fiyle \u015fekillenmi\u015f, sava\u015f ve depremle yaralanm\u0131\u015f, ancak gelece\u011fe do\u011fru s\u00fcrekli y\u00fckselen, rakip kasabalardan olu\u015fan bir orta\u00e7a\u011f \u00e7ifti olarak yeniden do\u011fan antik bir yerle\u015fim. Geni\u015f caddeleri, k\u0131vr\u0131ml\u0131 orta\u00e7a\u011f yollar\u0131 ve ormanl\u0131k tepeleri, tarih ve co\u011frafyan\u0131n gerginliklerini temsil ederken, bilim, k\u00fclt\u00fcr ve y\u00f6netim kurumlar\u0131, topraklara ve geleneklerine a\u00e7\u0131k\u00e7a k\u00f6k salm\u0131\u015f modern bir ba\u015fkent olu\u015fturur. Ljubljanska Bulvar\u0131 boyunca ilerleyen her tramvayda, Yukar\u0131 Kent&#039;in fresklerle kapl\u0131 her \u015fapelinde ve Sava setinin \u00fczerindeki ak\u015fam par\u0131lt\u0131s\u0131nda, zaman\u0131n \u015fekillendirdi\u011fi ancak her zaman ufkunun \u00f6tesine bakan bir \u015fehrin nabz\u0131n\u0131 hissedersiniz.<\/p>","protected":false},"excerpt":{"rendered":"<p>767.131 ki\u015filik n\u00fcfusu ve 1.217.150 ki\u015filik metropol alan\u0131yla H\u0131rvatistan&#039;\u0131n ba\u015fkenti ve en b\u00fcy\u00fck \u015fehri olan Zagreb, ulusal merkez olarak hizmet vermektedir. \u00dclkenin kuzey kesiminde Sava nehri k\u0131y\u0131s\u0131nda yer alan \u015fehir, Medvednica Da\u011f\u0131&#039;n\u0131n yemye\u015fil bir fonunu sunmaktad\u0131r. Deniz seviyesinden yakla\u015f\u0131k 158 metre y\u00fcksekte bulunan Zagreb, Slovenya ile uluslararas\u0131 s\u0131n\u0131ra yak\u0131n olup \u0131l\u0131man s\u0131cakl\u0131klar ve nefes kesici manzaralar sunmaktad\u0131r.<\/p>","protected":false},"author":1,"featured_media":3540,"parent":14435,"menu_order":0,"comment_status":"closed","ping_status":"closed","template":"elementor_theme","meta":{"_eb_attr":"","footnotes":""},"class_list":["post-14481","page","type-page","status-publish","has-post-thumbnail"],"_links":{"self":[{"href":"https:\/\/travelshelper.com\/tr\/wp-json\/wp\/v2\/pages\/14481","targetHints":{"allow":["GET"]}}],"collection":[{"href":"https:\/\/travelshelper.com\/tr\/wp-json\/wp\/v2\/pages"}],"about":[{"href":"https:\/\/travelshelper.com\/tr\/wp-json\/wp\/v2\/types\/page"}],"author":[{"embeddable":true,"href":"https:\/\/travelshelper.com\/tr\/wp-json\/wp\/v2\/users\/1"}],"replies":[{"embeddable":true,"href":"https:\/\/travelshelper.com\/tr\/wp-json\/wp\/v2\/comments?post=14481"}],"version-history":[{"count":0,"href":"https:\/\/travelshelper.com\/tr\/wp-json\/wp\/v2\/pages\/14481\/revisions"}],"up":[{"embeddable":true,"href":"https:\/\/travelshelper.com\/tr\/wp-json\/wp\/v2\/pages\/14435"}],"wp:featuredmedia":[{"embeddable":true,"href":"https:\/\/travelshelper.com\/tr\/wp-json\/wp\/v2\/media\/3540"}],"wp:attachment":[{"href":"https:\/\/travelshelper.com\/tr\/wp-json\/wp\/v2\/media?parent=14481"}],"curies":[{"name":"wp","href":"https:\/\/api.w.org\/{rel}","templated":true}]}}