{"id":14466,"date":"2024-09-19T15:10:36","date_gmt":"2024-09-19T15:10:36","guid":{"rendered":"https:\/\/travelshelper.com\/staging\/?page_id=14466"},"modified":"2026-03-11T22:45:29","modified_gmt":"2026-03-11T22:45:29","slug":"rijeka","status":"publish","type":"page","link":"https:\/\/travelshelper.com\/tr\/destinations\/europe\/croatia\/rijeka\/","title":{"rendered":"Rijeka"},"content":{"rendered":"<p>Rijeka, Rje\u010dina Nehri&#039;nin geni\u015f Kvarner K\u00f6rfezi&#039;yle bulu\u015ftu\u011fu dar bir k\u0131y\u0131 \u015feridini i\u015fgal eder. Burada, dik tepeler deniz seviyesinden o kadar ani y\u00fckselir ki \u015fehrin ana hatlar\u0131 da\u011fl\u0131k bir fonun \u00f6n\u00fcnde kurulmu\u015f bir tiyatro sahnesine benzer. Bu yap\u0131land\u0131rma, Rijeka&#039;n\u0131n karakterini herhangi bir mimari plan\u0131n yapabilece\u011finden daha kesin bir \u015fekilde \u015fekillendirmi\u015ftir. \u00dc\u00e7 taraf\u0131 U\u010dka, Risnjak ve Velika Kapela s\u0131rada\u011flar\u0131yla \u00e7evrili ve d\u00f6rd\u00fcnc\u00fc kanad\u0131ndan Adriyatik&#039;e a\u00e7\u0131lan \u015fehir, uzun zamand\u0131r Orta Avrupa&#039;n\u0131n do\u011fal deniz kap\u0131s\u0131 olarak hizmet vermektedir.<\/p>\n<p>En eski kay\u0131tlara g\u00f6re, Rijeka (H\u0131rvat\u00e7a: Rije\u010dka; \u0130talyanca: Fiume) kaderini bu derin su giri\u015fine bor\u00e7ludur. Liman\u0131, \u00e7evredeki s\u0131rtlar\u0131n k\u0131rk metre alt\u0131nda yer al\u0131r ve Macaristan&#039;dan ve \u00f6tesinden k\u0131tan\u0131n al\u00e7ak ge\u00e7itlerini ge\u00e7en gemileri a\u011f\u0131rlayabilir. Burada iki ana rota ba\u015flar: biri kuzeydo\u011fuya, Dinar Alpleri&#039;nden ge\u00e7erek Pannonian ovas\u0131na, di\u011feri kuzeybat\u0131ya do\u011fru Postojna Kap\u0131s\u0131&#039;ndan ge\u00e7erek Slovenya ve Avusturya&#039;ya uzan\u0131r. Her iki y\u00f6nde de t\u00fcccarlar ve ordular Rijeka&#039;n\u0131n sakin liman\u0131n\u0131 vazge\u00e7ilmez bulmu\u015flard\u0131r.<\/p>\n<p>Bu stratejik \u00f6nem, y\u00fczy\u0131llar boyunca rakip iddiac\u0131lar\u0131 kendine \u00e7ekti. Bir zamanlar Kutsal Roma \u0130mparatorlu\u011fu ile Venedik deniz cumhuriyeti aras\u0131nda \u00e7eki\u015fme konusu olan \u015fehir, daha sonra Venedik ve Habsburglar\u0131n elinden ge\u00e7ti ve modern \u00e7a\u011fda \u0130talya ile Yugoslavya aras\u0131nda bir \u00e7at\u0131\u015fma noktas\u0131 olarak ortaya \u00e7\u0131kt\u0131. 1918 ile 1991 y\u0131llar\u0131 aras\u0131nda \u015fehir, halk\u0131na keskin bir yerel kimlik duygusu veren bir egemenlik \u00e7alkant\u0131s\u0131 olan en az sekiz ayr\u0131 y\u00f6netime cevap verdi. 1917&#039;de do\u011fan bir sakin, yer de\u011fi\u015ftirmeden Avusturya-Macaristan, \u0130talya, Fiume \u00d6zg\u00fcr Devleti, \u0130talya Krall\u0131\u011f\u0131, Alman i\u015fgali alt\u0131ndaki topraklar, Yugoslavya, fa\u015fist Carnaro Naipli\u011fi ve son olarak Yugoslavya Sosyalist Federal Cumhuriyeti&#039;nden pasaport alm\u0131\u015f olabilir. Bu t\u00fcr h\u0131zl\u0131 de\u011fi\u015fimler, H\u0131rvatlar, \u0130talyanlar, S\u0131rplar, Bo\u015fnaklar ve di\u011ferlerinin \u00e7ok say\u0131da dilin ve gelene\u011fin i\u00e7 i\u00e7e ge\u00e7ti\u011fi bir limanda bir arada ya\u015famas\u0131yla hem kentsel hayal g\u00fcc\u00fcn\u00fc hem de demografik profili \u015fekillendirdi.<\/p>\n<p>Bug\u00fcn, Rijeka&#039;n\u0131n 108.000 sakininin yakla\u015f\u0131k &#039;i H\u0131rvat olarak tan\u0131mlan\u0131yor ve \u015fehrin baz\u0131 b\u00f6lgelerinde \u0130talyan ve di\u011fer az\u0131nl\u0131k topluluklar\u0131 varl\u0131\u011f\u0131n\u0131 s\u00fcrd\u00fcr\u00fcyor. Bunlar\u0131n aras\u0131nda Venedik\u00e7e&#039;nin yerel versiyonu olan Fiuman&#039;\u0131 konu\u015fan yakla\u015f\u0131k yirmi bin ki\u015fi hayatta. Fiuman, nesiller boyunca liman\u0131n ticaret dili olarak hizmet etti, hatta Chakavian leh\u00e7esinin kal\u0131nt\u0131lar\u0131n\u0131n devam etti\u011fi banliy\u00f6lerde H\u0131rvat\u00e7a leh\u00e7elerine bile dokundu. \u015eehrin kalbindeki geni\u015f yaya gezinti yolu olan Korzo&#039;nun etraf\u0131ndaki sokaklarda, bu diller pazar sat\u0131c\u0131lar\u0131n\u0131n \u00e7a\u011fr\u0131lar\u0131nda ve eski arkada\u015flar\u0131n bo\u015f selamlar\u0131nda birbirine kar\u0131\u015f\u0131yor.<\/p>\n<p>Rijeka&#039;n\u0131n ekonomisi denize dayal\u0131 olmaya devam ediyor. \u0130ki tersane\u20143. Maj ve Viktor Lenac\u2014en b\u00fcy\u00fck end\u00fcstriyel i\u015fverenler aras\u0131nda yer al\u0131yor, vin\u00e7leri ufuk \u00e7izgisine kar\u015f\u0131 metal vin\u00e7ler gibi eklemlenmi\u015f. Deniz ta\u015f\u0131mac\u0131l\u0131\u011f\u0131 ve yolcu hizmetleri hala k\u00f6rfezi dola\u015farak H\u0131rvatistan&#039;\u0131n ana liman\u0131n\u0131 Adriyatik adalar\u0131 ve uluslararas\u0131 hatlarla ba\u011fl\u0131yor. Ancak r\u0131ht\u0131mlar i\u015fg\u00fcc\u00fc piyasas\u0131n\u0131 tan\u0131mlad\u0131\u011f\u0131 kadar, k\u00fclt\u00fcr de son y\u0131llarda kendini yeniden kan\u0131tlad\u0131. 2020&#039;de Rijeka, \u0130rlanda&#039;n\u0131n Galway kentiyle birlikte Avrupa K\u00fclt\u00fcr Ba\u015fkenti unvan\u0131n\u0131 ta\u015f\u0131d\u0131. \u0130lk olarak 1765&#039;te in\u015fa edilen H\u0131rvatistan Ulusal Tiyatrosu Ivan pl. Zajc&#039;daki klasik tiyatrodan Modern ve \u00c7a\u011fda\u015f Sanat M\u00fczesi&#039;ndeki \u00e7a\u011fda\u015f sanata kadar uzanan bir repertuvara sahip olan \u015fehir, end\u00fcstri sonras\u0131 kimli\u011fini \u00e7e\u015fitli ge\u00e7mi\u015fine hitap eden performans ve sergi alanlar\u0131na yerle\u015ftirdi.<\/p>\n<p>Eski Kent&#039;te bir y\u00fcr\u00fcy\u00fc\u015f, bu d\u00f6nem katmanlar\u0131n\u0131 hat\u0131rlat\u0131r. \u015eehir Kulesi, Korzo&#039;nun ete\u011finde durur, yuvarlak orta\u00e7a\u011f bi\u00e7imi bir zamanlar m\u00fcstahkem kasabaya giri\u015f noktas\u0131yd\u0131. Yak\u0131nlardaki Vali Saray\u0131, denizcilerin eserlerinin ve aile portrelerinin Rijeka&#039;n\u0131n k\u00fc\u00e7\u00fck bir bal\u0131k\u00e7\u0131 liman\u0131ndan imparatorluk antreposuna d\u00f6n\u00fc\u015f\u00fcm\u00fcn\u00fc izledi\u011fi H\u0131rvat Sahili Denizcilik ve Tarih M\u00fczesi&#039;ne ev sahipli\u011fi yapmaktad\u0131r. Aziz Vitus&#039;a adanm\u0131\u015f katedralin alt\u0131nda, 1940&#039;lar\u0131n ba\u015f\u0131nda \u0130talyan kuvvetleri taraf\u0131ndan oyulmu\u015f Grivica t\u00fcnel a\u011f\u0131 yer almaktad\u0131r. Ziyaret\u00e7iler 330 metre uzunlu\u011fundaki t\u00fcnelde y\u00fcr\u00fcyebilir ve ba\u015flar\u0131n\u0131n \u00fcst\u00fcndeki bombard\u0131man u\u00e7aklar\u0131ndan korunmak isteyen sivillerin endi\u015fesini hayal edebilirler.<\/p>\n<p>Merkezin \u00fczerinde y\u00fckselen Trsat tepesinde, ta\u015flar\u0131 on \u00fc\u00e7\u00fcnc\u00fc y\u00fczy\u0131l\u0131n sonlar\u0131na dayanan bir kale bulunur. Deniz seviyesinden 138 metre y\u00fckseklikte bulunan Trsat Kalesi, do\u011fudan yakla\u015f\u0131m\u0131 domine eder. 1288&#039;den beri ilk olarak orta\u00e7a\u011f din adamlar\u0131na, daha sonra Habsburg memurlar\u0131na s\u0131\u011f\u0131nak ve g\u00f6zetleme olana\u011f\u0131 sunmu\u015ftur. G\u00fcn\u00fcm\u00fczde surlar\u0131 sanat sergilerine, konserlere ve edebi okumalara ev sahipli\u011fi yaparken, kalenin Barok kilisesinin alt\u0131nda, her A\u011fustos ay\u0131nda Meryem Ana&#039;n\u0131n G\u00f6\u011fe Kabul\u00fc Bayram\u0131 i\u00e7in hac trafi\u011fi artar. Hac\u0131lar, hediyelerle dolu \u015fapeli dolduran adak teklifleri taraf\u0131ndan \u00e7ekilen, bat\u0131 H\u0131rvatistan&#039;\u0131n en \u00f6nemli ibadet yeri olan Trsat Meryem Ana&#039;y\u0131 onurland\u0131rmak i\u00e7in gelirler.<\/p>\n<p>Rijeka&#039;n\u0131n karnaval sezonu ba\u015fka bir hac bi\u00e7imini temsil eder. 1982&#039;de kurulan Rije\u010dki Karneval\u0131, Ocak ve Mart aylar\u0131 aras\u0131nda ger\u00e7ekle\u015fir ve Lent&#039;ten \u00f6nceki hafta sonunda zirveye ula\u015f\u0131r. A\u00e7\u0131l\u0131\u015f g\u00fcn\u00fcnde, \u015fehrin belediye ba\u015fkan\u0131 sembolik anahtar\u0131 karnaval y\u00f6neticisi Me\u0161tar Toni&#039;ye verir ve ard\u0131ndan Vali Saray\u0131&#039;nda \u015fenlik alaylar\u0131na ve yard\u0131m balosuna ba\u015fkanl\u0131k eder. Y\u00fczlerce maskeli grup, b\u00f6lgenin d\u00f6rt bir yan\u0131ndan kost\u00fcml\u00fc s\u0131ralar halinde gelen \u00e7ocuklarla birlikte Korzo boyunca y\u00fcr\u00fcr. Son y\u0131llarda, iki y\u00fczden fazla karnaval toplulu\u011funda on be\u015f binden fazla kat\u0131l\u0131mc\u0131, y\u00fcz bini a\u015fan izleyici kalabal\u0131\u011f\u0131n\u0131 kendine \u00e7ekmi\u015ftir. Bu kutlamalar, Venedik maskelerinin Slav kost\u00fcmleri ve modern hicivle harmanland\u0131\u011f\u0131 Rijeka&#039;n\u0131n kozmopolit miras\u0131n\u0131 an\u0131msat\u0131r.<\/p>\n<p>Yaz, k\u0131y\u0131 kenarlar\u0131n\u0131 Akdeniz e\u011flencesinin bir banyosuna d\u00f6n\u00fc\u015ft\u00fcr\u00fcr. Bat\u0131daki Kantrida ve Preluk plajlar\u0131, \u00e7ak\u0131ll\u0131 kenarlar ve kayaya oyulmu\u015f be\u015f deniz havuzu sunar; do\u011fuda, Pe\u0107ine ve Kostrena, tenha koylara yol verir. Otob\u00fcsler, g\u00fcne\u015flenenleri her bir b\u00f6l\u00fcme ta\u015f\u0131r ve otoparklar k\u0131y\u0131n\u0131n yan\u0131nda haz\u0131rd\u0131r. Yine de Alpler, i\u00e7 kesimlerden sadece on kilometre i\u00e7eride yer al\u0131r, bu nedenle serin k\u0131\u015f sabahlar\u0131nda kayak\u00e7\u0131lar teleferikle Platak tatil beldesine \u00e7\u0131kar ve yama\u00e7lar\u0131n hala karla kapl\u0131 oldu\u011funu, Adriyatik adalar\u0131n\u0131n bulutlar\u0131n aras\u0131ndan parlad\u0131\u011f\u0131n\u0131 g\u00f6r\u00fcrler. Kar ya\u011f\u0131\u015f\u0131 k\u0131sad\u0131r -y\u0131lda nadiren \u00fc\u00e7 g\u00fcn\u00fc a\u015far- ancak bora r\u00fczgar\u0131 yama\u00e7lar\u0131 s\u00fcp\u00fcr\u00fcr ve deniz kenar\u0131ndaki zeytinliklerle canl\u0131 bir tezat olu\u015fturan donmu\u015f zirveler b\u0131rak\u0131r.<\/p>\n<p>Buradaki iklim nemli subtropikal olarak s\u0131n\u0131fland\u0131r\u0131l\u0131r. Yaz aylar\u0131ndaki en y\u00fcksek s\u0131cakl\u0131klar y\u0131lda sadece yirmi g\u00fcn 30 \u00b0C&#039;yi a\u015farken, k\u0131\u015f aylar\u0131ndaki en d\u00fc\u015f\u00fck s\u0131cakl\u0131klar sadece bir kez donma noktas\u0131n\u0131n alt\u0131na d\u00fc\u015fer. Ya\u011f\u0131\u015f t\u00fcm mevsimlerde s\u0131k g\u00f6r\u00fcl\u00fcr; sis y\u0131lda yakla\u015f\u0131k d\u00f6rt g\u00fcn, \u00f6zellikle de k\u0131\u015f aylar\u0131nda s\u00fcr\u00fcklenir. Yerel istasyonda 120 metre y\u00fckseklikte kaydedilen en s\u0131cak hava, 19 Temmuz 2007&#039;de tam olarak 40 \u00b0C&#039;ye ula\u015f\u0131rken, en so\u011fuk hava 10 \u015eubat 1956&#039;da -12,8 \u00b0C&#039;ye d\u00fc\u015ft\u00fc.<\/p>\n<p>Do\u011fal d\u00fcnyan\u0131n \u00f6tesinde, Rijeka uzun zamand\u0131r film yap\u0131mc\u0131lar\u0131 ve yazarlar i\u00e7in bir fon g\u00f6revi g\u00f6rm\u00fc\u015ft\u00fcr. 1960&#039;larda Winnetou westernlerinin bir\u00e7o\u011fu \u015fehrin d\u0131\u015f mahallelerinde \u00e7ekilmi\u015ftir. 1970&#039;lerde Amerikan mini dizisi The Winds of War burada uygun bir mimari bulmu\u015fken, Gabriele D&#039;Annunzio&#039;nun 1919 proto-fa\u015fist deneyi olan \u0130talyan Carnaro Naipli\u011fi \u015fehrin daha tuhaf b\u00f6l\u00fcmleri aras\u0131nda yer al\u0131r. K\u0131sa \u00f6m\u00fcrl\u00fc olan &#034;Reggenza Italiana del Carnaro&#034;, Lenin&#039;in Sovyet Cumhuriyeti&#039;ni tan\u0131m\u0131\u015f, avangard esteti\u011fi benimsemi\u015f ve hatta normatif olmayan cinsiyet ifadelerine bile ho\u015fg\u00f6r\u00fc g\u00f6stermi\u015ftir; t\u00fcm bunlar D&#039;Annunzio&#039;nun kendisi taraf\u0131ndan kaleme al\u0131nan bir anayasa uyar\u0131nca ger\u00e7ekle\u015fmi\u015ftir. Daha sonra, 1992&#039;de Hayao Miyazaki, 1920&#039;lerin Fiume&#039;sini Porco Rosso&#039;nun animasyon Hotel Adriano&#039;suna aktarm\u0131\u015f ve liman\u0131n sava\u015f aras\u0131 zarafetini ak\u0131c\u0131 boya darbeleriyle yakalam\u0131\u015ft\u0131r. Son olarak Netflix&#039;in Novine adl\u0131 dizisi 2018&#039;den beri Rijeka sokaklar\u0131nda \u00e7ekiliyor ve 2019 yap\u0131m\u0131 The Hitman&#039;s Wife&#039;s Bodyguard adl\u0131 filmin sahneleri de burada \u00e7ekildi.<\/p>\n<p>Mimari daha fazla katman\u0131 ortaya \u00e7\u0131kar\u0131r. Korzo boyunca, ayr\u0131l\u0131k\u00e7\u0131 cepheler kafeleri ve butikleri \u00e7er\u00e7eveler; St. Vitus Katedrali barok nefini korur; Roma Kemeri ve Eski Kap\u0131 \u015fehrin imparatorluk b\u00f6l\u00fcmlerinin sessiz tan\u0131klar\u0131 olarak durur. Rje\u010dina&#039;n\u0131n di\u011fer yakas\u0131nda, eski Su\u0161ak kasabas\u0131\u2014bir zamanlar rakip bir H\u0131rvat yerle\u015fim yeri\u20141945&#039;te Fiume ile birle\u015fti. Bug\u00fcn, birlikleri g\u00f6m\u00fcl\u00fc nehrin \u00fczerinde geni\u015f bir yaya meydan\u0131 ile an\u0131l\u0131yor, alttan akan suyu yalanlayan favori bir bulu\u015fma noktas\u0131.<\/p>\n<p>Ke\u015ffe zaman ay\u0131rmaya istekli olanlar i\u00e7in m\u00fczeler bol miktarda bulunur. Akvaryum ve s\u00fcr\u00fcngen koleksiyonuyla Do\u011fa Tarihi M\u00fczesi ailelere hitap eder; Rijeka \u015eehir M\u00fczesi n\u00fcmizmatik, tiyatro kost\u00fcmleri ve sava\u015f zaman\u0131 eserlerini kapsar; k\u00fc\u00e7\u00fck Peek &amp; Poke eski bilgisayar kal\u0131nt\u0131lar\u0131n\u0131 sergiler; ki\u015fisel bilgisayarlar\u0131n \u015fafa\u011f\u0131ndan kalma hantal klavyeler. Katedraldeki ve Trsat&#039;taki kutsal koleksiyonlar y\u00fczy\u0131llard\u0131r s\u00fcren ba\u011fl\u0131l\u0131\u011f\u0131 yans\u0131tan kutsal emanetleri, kadehleri \u200b\u200bve resimleri sergiler. Her k\u00f6\u015fede, \u015fehrin end\u00fcstri ve sanat aras\u0131ndaki \u00e7eki\u015fmesini hissedersiniz.<\/p>\n<p>Modern hayata dair bir bak\u0131\u015f a\u00e7\u0131s\u0131 i\u00e7in, yerel meyve kasalar\u0131n\u0131n yan\u0131nda sabah\u0131n erken saatlerinde bal\u0131k a\u011flar\u0131n\u0131n geldi\u011fi ana pazara, Placa&#039;ya inilebilir. Burada \u015fehrin orijinal kozmopolit ruhu, t\u00fcts\u00fclenmi\u015f karides kokusunda, Avusturya-Macaristan y\u00f6netimini hat\u0131rlatan ya\u015fl\u0131 sat\u0131c\u0131lar\u0131n aksanlar\u0131nda ve fayansl\u0131 koridorlarda yar\u0131\u015fan gen\u00e7lerin kahkahalar\u0131nda kendini g\u00f6sterir.<\/p>\n<p>Kent merkezinin d\u0131\u015f\u0131nda ba\u015fka e\u011flenceler de var. Motor sporlar\u0131 tutkunlar\u0131 becerilerini test edebilecekleri veya profesyonellerin virajlarda k\u0131vr\u0131lmas\u0131n\u0131 izleyebilecekleri Grobnik pistine do\u011fru on kilometre kuzeye do\u011fru gidiyorlar. Y\u0131ld\u0131z g\u00f6zlemcileri i\u00e7in Sveti Kri\u017e tepesinin \u00fczerindeki Astronomi Merkezi, a\u015fa\u011f\u0131daki koyun geni\u015f panoramalar\u0131yla karanl\u0131k g\u00f6ky\u00fcz\u00fcne odaklanm\u0131\u015f teleskoplar sunuyor. Ve e\u011fer tuzlu suyun cazibesi pes ederse, burun etraf\u0131ndaki dal\u0131\u015f merkezleri gorgonian mercanlar\u0131, deniz ma\u011faralar\u0131 ve hatta bat\u0131klarla dolu su alt\u0131 u\u00e7urumlar\u0131n\u0131n kilidini a\u00e7\u0131yor.<\/p>\n<p>E\u011fitim ve sanat, resmen 1973&#039;te kurulan ancak k\u00f6kleri 1600&#039;l\u00fc y\u0131llar\u0131n bir Cizvit ilahiyat okuluna dayanan Rijeka \u00dcniversitesi&#039;nde kesi\u015fiyor. Fak\u00fclteleri \u015fehrin her yerine yay\u0131lm\u0131\u015f durumda ve sokaklar\u0131 ve kafeleri canland\u0131ran, tarih, m\u00fchendislik veya edebiyat hakk\u0131nda tart\u0131\u015f\u0131rken H\u0131rvat\u00e7a, \u0130talyanca, Fiuman veya \u0130ngilizce konu\u015fan \u00f6\u011frencileri \u00e7ekiyor.<\/p>\n<p>K\u00fclt\u00fcrel haf\u0131za en k\u00fc\u00e7\u00fck detaylarda par\u0131ldar. Titanic&#039;ten bir can simidi, Carpathia&#039;n\u0131n New York&#039;a ve New York&#039;tan yapt\u0131\u011f\u0131 yolculuklar\u0131n miras\u0131 olan Deniz M\u00fczesi&#039;nde durur, genellikle H\u0131rvat m\u00fcrettebat taraf\u0131ndan y\u00f6netilir. Yirminci y\u00fczy\u0131l\u0131n ba\u015flar\u0131nda, Fiume haftal\u0131k transatlantik yolcu seferleriyle \u00f6v\u00fcn\u00fcrd\u00fc ve k\u00f6yl\u00fcler hala okyanus gemilerinin r\u0131ht\u0131ma yana\u015ft\u0131\u011f\u0131 ve mektup ta\u015f\u0131yan g\u00fcvercinlerin ba\u015flar\u0131n\u0131n \u00fczerinden u\u00e7tu\u011fu g\u00fcn\u00fc hat\u0131rlarlar.<\/p>\n<p>Bu y\u00f6nlerin her birinde -co\u011frafya, tarih, end\u00fcstri, sanat- Rijeka tek bir anlat\u0131dan ziyade karma\u015f\u0131kl\u0131\u011f\u0131 ortaya koyar. Kolay tan\u0131mlara direnir, bunun yerine Adriyatik ile tepeler aras\u0131nda kayan yank\u0131lanan seslerle, ta\u015f ve \u00e7elik katmanlar\u0131yla konu\u015fmay\u0131 tercih eder. U\u010dka&#039;n\u0131n arkas\u0131nda g\u00fcne\u015fin bat\u0131\u015f\u0131n\u0131, suyun y\u00fczeyinde dans eden \u0131\u015f\u0131klar\u0131 izleyen ziyaret\u00e7i i\u00e7in \u015fehrin \u00f6z\u00fc yaln\u0131zca g\u00f6rkemli an\u0131tlarda de\u011fil, ayn\u0131 zamanda sokaklar\u0131n\u0131 \u015fekillendiren kimliklerin ak\u0131\u015f\u0131nda ortaya \u00e7\u0131kar. Ticaret i\u00e7in in\u015fa edilmi\u015f, \u015fimdi hem keyif s\u00fcrenlerin hem de kargo gemilerinin kay\u0131klar\u0131n\u0131 kar\u015f\u0131layan bir limanda sessiz bir \u015fiir ve imparatorlu\u011fa, ideolojiye ve sava\u015fa g\u00f6\u011f\u00fcs germi\u015f, ancak hem diren\u00e7li hem de al\u0131c\u0131 bir ruhu koruyan bir toplumda incelikli bir onur vard\u0131r. Rijeka&#039;da nehir bir meydan\u0131n alt\u0131ndan akar ve da\u011flar denize do\u011fru bast\u0131r\u0131r ve bu kucakla\u015fmada hem demirlemi\u015f hem de \u00f6zg\u00fcr bir \u015fehir bulursunuz.<\/p>","protected":false},"excerpt":{"rendered":"<p>H\u0131rvatistan&#039;\u0131n \u00fc\u00e7\u00fcnc\u00fc b\u00fcy\u00fck \u015fehri olan Rijeka, Adriyatik Denizi&#039;nin bir koyu olan Kvarner K\u00f6rfezi&#039;nde iyi bir konuma sahiptir. 2021 itibar\u0131yla 108.622 ki\u015fiyle bu enerjik kent merkezi, Primorje-Gorski Kotar \u0130l\u00e7esi&#039;nde \u00f6nemli bir merkezdir. H\u0131rvat\u00e7ada &#034;nehir&#034; anlam\u0131na gelen \u015fehrin ad\u0131, \u0130ngilizcede \/ri\u02c8e\u0259\/ veya \/ri\u02c8k\u0259\/, ge\u00e7mi\u015fini ve ekonomisini \u015fekillendiren nehirlere yak\u0131nl\u0131\u011f\u0131n\u0131 yans\u0131t\u0131r.<\/p>","protected":false},"author":1,"featured_media":3940,"parent":14435,"menu_order":0,"comment_status":"closed","ping_status":"closed","template":"elementor_theme","meta":{"_eb_attr":"","footnotes":""},"class_list":["post-14466","page","type-page","status-publish","has-post-thumbnail"],"_links":{"self":[{"href":"https:\/\/travelshelper.com\/tr\/wp-json\/wp\/v2\/pages\/14466","targetHints":{"allow":["GET"]}}],"collection":[{"href":"https:\/\/travelshelper.com\/tr\/wp-json\/wp\/v2\/pages"}],"about":[{"href":"https:\/\/travelshelper.com\/tr\/wp-json\/wp\/v2\/types\/page"}],"author":[{"embeddable":true,"href":"https:\/\/travelshelper.com\/tr\/wp-json\/wp\/v2\/users\/1"}],"replies":[{"embeddable":true,"href":"https:\/\/travelshelper.com\/tr\/wp-json\/wp\/v2\/comments?post=14466"}],"version-history":[{"count":0,"href":"https:\/\/travelshelper.com\/tr\/wp-json\/wp\/v2\/pages\/14466\/revisions"}],"up":[{"embeddable":true,"href":"https:\/\/travelshelper.com\/tr\/wp-json\/wp\/v2\/pages\/14435"}],"wp:featuredmedia":[{"embeddable":true,"href":"https:\/\/travelshelper.com\/tr\/wp-json\/wp\/v2\/media\/3940"}],"wp:attachment":[{"href":"https:\/\/travelshelper.com\/tr\/wp-json\/wp\/v2\/media?parent=14466"}],"curies":[{"name":"wp","href":"https:\/\/api.w.org\/{rel}","templated":true}]}}