{"id":14456,"date":"2024-09-19T14:52:52","date_gmt":"2024-09-19T14:52:52","guid":{"rendered":"https:\/\/travelshelper.com\/staging\/?page_id=14456"},"modified":"2026-03-11T22:47:26","modified_gmt":"2026-03-11T22:47:26","slug":"porec","status":"publish","type":"page","link":"https:\/\/travelshelper.com\/tr\/destinations\/europe\/croatia\/porec\/","title":{"rendered":"Pore\u010d"},"content":{"rendered":"<p>Istria yar\u0131madas\u0131n\u0131n bat\u0131 k\u0131y\u0131s\u0131nda yer alan Pore\u010d, basit tan\u0131mlamalara meydan okuyan bir antik \u00e7a\u011f ve k\u0131y\u0131 rahatl\u0131\u011f\u0131 mozai\u011fi sunar. \u0130talyancada Parenzo olarak bilinen ve \u00e7e\u015fitli tarihi isimler ta\u015f\u0131yan bu yerle\u015fim, k\u00f6kenlerini yakla\u015f\u0131k iki bin y\u0131l \u00f6nce kurulan bir Roma kalesine dayand\u0131r\u0131r. G\u00fcn\u00fcm\u00fczde kasaba, iyi korunan bir liman\u0131n etraf\u0131nda yer al\u0131r ve sular\u0131 k\u00fc\u00e7\u00fck Sveti Nikola adas\u0131 taraf\u0131ndan korunur. Antik surlar\u0131n ve dar sokaklar\u0131n \u00f6tesinde Pore\u010d, yakla\u015f\u0131k 142 kilometrekarelik bir alana yay\u0131larak zeytinlikli tepeleri, yemye\u015fil \u00e7al\u0131l\u0131klar\u0131 ve kuzeyde Mirna Nehri&#039;nin a\u011fz\u0131ndan g\u00fcneyde Vrsar yak\u0131nlar\u0131ndaki buruna kadar uzanan otuz yedi kilometrelik bir k\u0131y\u0131 \u015feridini kapsar.<\/p>\n<p>Yakla\u015f\u0131k on iki binlik m\u00fctevaz\u0131 kentsel n\u00fcfusuna ra\u011fmen (geni\u015f belediyede on alt\u0131 bin alt\u0131 y\u00fcze kadar y\u00fckseliyor) Pore\u010d, H\u0131rvatistan&#039;\u0131n turizm haritas\u0131nda orant\u0131s\u0131z bir etkiye sahip. Yirminci y\u00fczy\u0131l\u0131n ortalar\u0131ndan beri, k\u0131y\u0131lar\u0131 ve kom\u015fu Rovinj k\u0131y\u0131lar\u0131 \u00fclkenin en \u00e7ok ziyaret edilen k\u0131y\u0131 koridorunu olu\u015fturdu. Yaz aylar\u0131ndaki yo\u011fun sezonda, ge\u00e7ici ziyaret\u00e7iler Plava Laguna, Zelena Laguna, Bijela Uvala, Brulo ve daha kuzeyde Materada, \u010cervar Porat, Ulika ve Lanterna gibi da\u011f\u0131n\u0131k sahil beldelerine ak\u0131n ettik\u00e7e ge\u00e7ici n\u00fcfus art\u0131yor. Zirvede, bu say\u0131lar y\u00fcz yirmi bini a\u015fabiliyor ve sessiz koylar\u0131 canl\u0131 e\u011flence merkezlerine d\u00f6n\u00fc\u015ft\u00fcr\u00fcyor.<\/p>\n<p>Il\u0131man deniz iklimi burada mevsimsel a\u015f\u0131r\u0131l\u0131klar\u0131 yumu\u015fat\u0131r. Temmuz \u00f6\u011fleden sonralar\u0131 d\u00fc\u015f\u00fck nemde genellikle otuz santigrat derece civar\u0131nda zirveye ula\u015f\u0131rken, Ocak geceleri donma noktas\u0131n\u0131n ortalama alt\u0131 derece \u00fczerine d\u00fc\u015febilir. G\u00fcne\u015f \u0131\u015f\u0131\u011f\u0131 bol miktardad\u0131r ve y\u0131lda iki bin d\u00f6rt y\u00fcz saatten fazla s\u00fcrer; genellikle her yaz g\u00fcn\u00fcnde on a\u00e7\u0131k saatin \u00fczerindedir. Bu c\u00f6mert g\u00fcne\u015f \u0131\u015f\u0131\u011f\u0131yla \u0131s\u0131nan Adriyatik sular\u0131 yirmi sekiz santigrat dereceye kadar \u00e7\u0131kabilir ve \u0131l\u0131man cazibede g\u00fcney Akdeniz plajlar\u0131yla rekabet edebilir. Toplam dokuz y\u00fcz yirmi milimetreye yak\u0131n olan y\u0131ll\u0131k ya\u011f\u0131\u015f, Temmuz ve A\u011fustos&#039;un kavurucu durgunlu\u011fu d\u0131\u015f\u0131nda aylar boyunca e\u015fit olarak da\u011f\u0131l\u0131r. R\u00fczgarlar yerel atmosferi \u015fekillendirir: k\u0131\u015f\u0131n, kuzeydo\u011fudan esen Bora sokaklara so\u011fuk bir berrakl\u0131k getirir; nemli Jugo g\u00fcneyden gelir; ve g\u00fcnl\u00fck Maestral deniz meltemi i\u00e7 b\u00f6lgelerdeki s\u0131cakl\u0131ktan kurtulmay\u0131 sa\u011flar. Burada kaydedilen a\u015f\u0131r\u0131l\u0131klar bu iyi huylu \u0131l\u0131ml\u0131l\u0131\u011f\u0131 vurgular: 2 A\u011fustos 1998&#039;de hava 37,0 \u00b0C&#039;ye ula\u015ft\u0131; 10 Ocak 1981&#039;de -13,0 \u00b0C&#039;ye d\u00fc\u015ft\u00fc.<\/p>\n<p>B\u00f6lgenin jeolojisi kendi harikalar\u0131n\u0131 sunar. \u0130\u00e7 kesimlere do\u011fru k\u0131sa bir s\u00fcr\u00fc\u015f, Istria&#039;n\u0131n halka a\u00e7\u0131k tek jeolojik an\u0131t\u0131 olan Baredine Ma\u011faras\u0131&#039;n\u0131 ortaya \u00e7\u0131kar\u0131r. Kire\u00e7ta\u015f\u0131 odalar\u0131n\u0131n i\u00e7inde, sark\u0131tlar tuhaf bir bi\u00e7imde y\u00fckselir; biri Meryem Ana&#039;y\u0131 \u00e7a\u011fr\u0131\u015ft\u0131r\u0131rken, di\u011feri Pisa&#039;n\u0131n \u00fcnl\u00fc kulesinin e\u011fimini hat\u0131rlat\u0131r. G\u00fcneyde, Pazin\u010dica Nehri taraf\u0131ndan oyulmu\u015f dar, on iki kilometrelik bir hali\u00e7 olan Lim Koyu yer al\u0131r. Dik k\u0131y\u0131lar\u0131 ve ara s\u0131ra g\u00f6r\u00fclen kuvars kayalar\u0131, Adriyatik taraf\u0131ndan giyotinlenmi\u015f olsa da, ona bir fiyordun g\u00f6r\u00fcn\u00fcm\u00fcn\u00fc verir.<\/p>\n<p>Tar\u0131m, uzun zamand\u0131r Pore\u010d ve i\u00e7 kesimlerinin ya\u015fam\u0131n\u0131n temelini olu\u015fturuyor. Karakteristik k\u0131rm\u0131z\u0131 toprak\u2014crljenica\u2014tah\u0131llar, meyve bah\u00e7eleri, sebze tarlalar\u0131 ve en \u00f6nemlisi zeytinlikler ve \u00fcz\u00fcm ba\u011flar\u0131 \u00fcretiyor. Son y\u0131llarda, \u00fcreticiler organik y\u00f6ntemleri canl\u0131l\u0131kla benimsedi. Zeytinya\u011f\u0131 presleri art\u0131k so\u011fuk s\u0131k\u0131ml\u0131 \u00e7e\u015fitler \u00fcretiyor; k\u00fc\u00e7\u00fck \u00e7iftlikler Malvazija, Borgonja, Merlot, Pinot, Cabernet Sauvignon ve b\u00f6lgenin yerli Teran&#039;\u0131n\u0131 veren asmalara bak\u0131yor. Bu etiketler hem yerel hem de uluslararas\u0131 masalarda yerlerini buluyor, lezzetleri g\u00fcne\u015f \u00f6p\u00fcc\u00fc\u011f\u00fc alm\u0131\u015f araziyi ve \u0131l\u0131man deniz havas\u0131n\u0131 yans\u0131t\u0131yor.<\/p>\n<p>Yine de Pore\u010d&#039;in karakterini en belirgin \u015fekilde \u015fekillendiren \u015fey in\u015fa edilmi\u015f miras\u0131d\u0131r. Kasaban\u0131n orta\u00e7a\u011f \u00e7ekirde\u011fi, Cardo Maximus ve Decumanus&#039;un ana eksenler oldu\u011fu Roma castrum&#039;unun \u015febekesini korur. Bu antik caddeler boyunca, Romanesk evler, cepheleri sivri kemerler ve s\u00fcsl\u00fc ta\u015f i\u015f\u00e7ili\u011fiyle canland\u0131r\u0131lan Venedik Gotik saraylar\u0131yla yan yanad\u0131r. Eski kasaban\u0131n giri\u015finin \u00f6n\u00fcnde, ikiz tap\u0131naklarla \u00e7evrili a\u00e7\u0131k bir meydan olan Marafor yer al\u0131r. MS 1. y\u00fczy\u0131la tarihlenen ve Nept\u00fcn&#039;e adanm\u0131\u015f olan daha b\u00fcy\u00fck olan\u0131, yakla\u015f\u0131k otuz metreye on bir metrelik bir alan\u0131 kaplar. Yak\u0131nlarda, m\u00fctevaz\u0131 bir sokak, Avrupa&#039;n\u0131n en dar sokaklar\u0131ndan biri olan Ulica Stjepana Konzula Istranina unvan\u0131n\u0131 talep ediyor; dar geni\u015fli\u011fi, kentsel planda ilgin\u00e7 bir dipnot.<\/p>\n<p>Tarihi toplulu\u011fa hakim olan, Bizans d\u00f6neminde Piskopos Euphrasius taraf\u0131ndan in\u015fa edilen alt\u0131nc\u0131 y\u00fczy\u0131l kompleksi olan Euphrasian Bazilikas\u0131&#039;d\u0131r. Mozaiklerle s\u00fcslenmi\u015f i\u00e7 mekan\u0131 ve piskoposluk \u015fapeli, Adriyatik&#039;teki erken Hristiyan sanat\u0131na \u00f6rnek te\u015fkil eder. UNESCO taraf\u0131ndan 1997&#039;de D\u00fcnya Miras\u0131 Alan\u0131 olarak tan\u0131nan bazilika, Pore\u010d&#039;i hem manevi hem de mimari tarihte demirler, tonozlar\u0131 ve klerestorlar\u0131 akademisyenleri ve hac\u0131lar\u0131 kendine \u00e7eker. Bir zamanlar on ikinci y\u00fczy\u0131ldan on dokuzuncu y\u00fczy\u0131la kadar s\u00fcrekli olan \u00e7evredeki surlar \u00e7o\u011funlukla modern hayata teslim olmu\u015f olsa da, kal\u0131nt\u0131 duvar par\u00e7alar\u0131 ve bur\u00e7 kal\u0131nt\u0131lar\u0131 k\u0131y\u0131 kasabalar\u0131n\u0131n Venedik veya Osmanl\u0131 tehdidine kar\u015f\u0131 diken \u00fcst\u00fcnde oldu\u011fu bir zamana tan\u0131kl\u0131k etmektedir.<\/p>\n<p>Sonraki stil katmanlar\u0131 bu temel an\u0131tlara s\u0131z\u0131yor. On \u00fc\u00e7\u00fcnc\u00fc y\u00fczy\u0131la tarihlenen Gotik bir Fransisken kilisesi, on sekizinci y\u00fczy\u0131lda Barok tadilat\u0131ndan ge\u00e7ti; tonozlu Dieta Istriana salonu, daha \u00f6nceki sadeli\u011fin egemen oldu\u011fu yerde art\u0131k s\u0131val\u0131 zarafeti \u00f6n plana \u00e7\u0131kar\u0131yor. \u00d6zel saraylar, R\u00f6nesans portallar\u0131n\u0131 ve gizli arma motiflerini ortaya \u00e7\u0131kar\u0131rken, baz\u0131lar\u0131 m\u00fcze ve galeri olarak yeniden i\u015flevlendirilen belediye yap\u0131lar\u0131, b\u00f6lgesel sanat\u0131n d\u00f6n\u00fc\u015f\u00fcml\u00fc koleksiyonlar\u0131na ev sahipli\u011fi yap\u0131yor. Bu t\u00fcr k\u00fclt\u00fcrel alanlar\u0131n \u00e7o\u011fu, y\u00fczy\u0131llard\u0131r aile evi olarak i\u015flev g\u00f6ren binalar\u0131 i\u015fgal ediyor ve har\u00e7lar\u0131 yerel yank\u0131larla dolu.<\/p>\n<p>Ula\u015f\u0131m ba\u011flant\u0131lar\u0131 antik deniz yollar\u0131ndan modern yollara ve hava hizmetlerine do\u011fru evrilmi\u015ftir. Yirminci y\u00fczy\u0131l\u0131n ba\u015flar\u0131nda, Parenzana dar hatl\u0131 demir yolu Pore\u010d&#039;i Trieste&#039;ye ba\u011fl\u0131yordu, ancak raylar\u0131 1937&#039;de kald\u0131r\u0131ld\u0131. G\u00fcn\u00fcm\u00fczde en yak\u0131n b\u00fcy\u00fck havaalan\u0131 yakla\u015f\u0131k altm\u0131\u015f kilometre g\u00fcneyde Pula&#039;da yer almakta olup, Pore\u010d&#039;e kiral\u0131k araba veya servisle ula\u015f\u0131m sa\u011flamaktad\u0131r. Otob\u00fcs seferleri Zagreb&#039;e ve Slovenya ve \u0130talya&#039;daki b\u00f6lgesel ba\u015fkentlere d\u00fczenli seferler d\u00fczenlemektedir ve yerel istasyondan g\u00fcnde birka\u00e7 kez hareket etmektedir. Otoyollar \u015fehri Rijeka, Umag, Rovinj ve \u00f6tesine ba\u011flamaktad\u0131r. Deniz yolculu\u011fu \u00e7o\u011funlukla e\u011flence ama\u00e7l\u0131d\u0131r, ancak Venezia Lines feribotlar\u0131 ilkbahardan sonbahara kadar Venedik ile Pore\u010d aras\u0131nda \u00e7al\u0131\u015fmakta olup, \u0130talyan lag\u00fcn \u015fehrinden 17:00&#039;de ayr\u0131l\u0131p 19:30&#039;da yana\u015fmakta ve ertesi sabah 08:00&#039;de geri d\u00f6nmektedir.<\/p>\n<p>Pore\u010d&#039;teki ekonomik ya\u015fam b\u00fcy\u00fck \u00f6l\u00e7\u00fcde turizme dayan\u0131r, ancak H\u0131rvatistan Avrupa pazarlar\u0131yla b\u00fct\u00fcnle\u015fmesini derinle\u015ftirdik\u00e7e ticaret, finans ve ileti\u015fim geni\u015flemi\u015ftir. Tek bir g\u0131da i\u015fleme tesisi, yerel tar\u0131m ile ticari giri\u015fim aras\u0131ndaki ba\u011f\u0131 vurgular. Aksi takdirde, oteller, apartman kompleksleri ve tatil k\u00f6yleri k\u0131y\u0131 boyunca kas\u0131tl\u0131 olarak da\u011f\u0131t\u0131lm\u0131\u015f bir dizi misafirperverlik altyap\u0131s\u0131 olu\u015fturur. 1910&#039;da in\u015fa edilen Riviera, Pore\u010d&#039;in en eski oteli olarak durmaktad\u0131r ve yerini Parentino ve \u00e7ok say\u0131da k\u00fc\u00e7\u00fck han gibi kurulu\u015flar alm\u0131\u015ft\u0131r.<\/p>\n<p>Demografik olarak Pore\u010d, Adriyatik kav\u015fa\u011f\u0131n\u0131 yans\u0131t\u0131r. 2011 n\u00fcfus say\u0131m\u0131na g\u00f6re, H\u0131rvatlar n\u00fcfusun yakla\u015f\u0131k d\u00f6rtte \u00fc\u00e7\u00fcn\u00fc olu\u015fturur; \u0130striyal\u0131 \u0130talyanlar, S\u0131rplar, Arnavutlar ve Bo\u015fnaklar farkl\u0131 k\u00fclt\u00fcrel \u00e7izgilere katk\u0131da bulunur. \u00d6nemli bir oran, etnik k\u00f6kene bak\u0131lmaks\u0131z\u0131n b\u00f6lgesel bir \u0130striyal\u0131 kimli\u011fiyle \u00f6zde\u015fle\u015fir. \u0130talyanca, Venedik y\u00f6netiminin ve s\u0131n\u0131r \u00f6tesi al\u0131\u015fveri\u015fin dilsel bir kal\u0131nt\u0131s\u0131 olan sakinlerin yakla\u015f\u0131k y\u00fczde on be\u015fi i\u00e7in g\u00fcnl\u00fck bir dil olarak varl\u0131\u011f\u0131n\u0131 s\u00fcrd\u00fcrmektedir.<\/p>\n<p>Takvim y\u0131l\u0131 boyunca, kasaba sadece g\u00fcne\u015f arayanlardan daha fazlas\u0131na ev sahipli\u011fi yapar. Daha sakin aylarda, Slovenya, Avusturya ve H\u0131rvatistan&#039;dan gelen hafta sonu ziyaret\u00e7ileri miras turlar\u0131, gastronomi festivalleri ve spor aktiviteleri i\u00e7in Pore\u010d&#039;e ak\u0131n eder. Tenis kortlar\u0131, futbol sahalar\u0131 ve yat kul\u00fcpleri s\u00fcrekli kullan\u0131l\u0131rken, Baredine Ma\u011faras\u0131 mevsimden ba\u011f\u0131ms\u0131z olarak jeoloji merakl\u0131lar\u0131n\u0131 cezbeder. Eski saraylarda ve halk salonlar\u0131nda faaliyet g\u00f6steren m\u00fczeler, \u0130stria ya\u015fam\u0131n\u0131 tarih \u00f6ncesi \u00e7a\u011flardan Roma i\u015fgaline, Bizans inanc\u0131na, Venedik egemenli\u011fine ve modern ba\u011f\u0131ms\u0131zl\u0131\u011fa kadar izleyen sergiler d\u00fczenler.<\/p>\n<p>Antik merkezde, Latince yaz\u0131tlara, Venedik armalar\u0131na, Napolyon birliklerine ve Habsburg garnizonlar\u0131na tan\u0131kl\u0131k etmi\u015f kap\u0131lardan yaya b\u00f6lgesine girilebilir. Sokaklar beklenmedik \u015fekilde k\u0131vr\u0131larak kiremitli \u00e7at\u0131lar\u0131n ve \u00f6tesindeki deniz par\u0131lt\u0131lar\u0131n\u0131n g\u00f6r\u00fcnt\u00fclerini sunar. Do\u011fu giri\u015finin hemen i\u00e7inde bulunan turist ofisi, birden fazla dilde haritalar ve rehberlik sa\u011flar; mavi ve beyaz &#034;i&#034; i\u015fareti, ilk kez gelenler i\u00e7in g\u00fcven verici bir i\u015farettir. Yine de, Temmuz ortas\u0131nda bile, ana kemerlerden ayr\u0131l\u0131p, \u00f6\u011fle s\u0131ca\u011f\u0131n\u0131n yumu\u015fad\u0131\u011f\u0131 ve kasaban\u0131n sessiz nabz\u0131n\u0131n y\u00fckseldi\u011fi, k\u0131rm\u0131z\u0131 \u00e7at\u0131l\u0131 bir verandada g\u00f6lgeli bir bank bulmak m\u00fcmk\u00fcnd\u00fcr.<\/p>\n<p>\u0130\u00e7g\u00fcd\u00fcsel ve dingin olan\u0131n bu bir araya gelmesi Pore\u010d&#039;i tan\u0131mlar. Ziyaret\u00e7iler Bizans mozaik \u015fapellerinden g\u00fcne\u015f \u0131\u015f\u0131\u011f\u0131yla ayd\u0131nlanan koylara do\u011fru s\u00fcr\u00fcklenebilir, Adriyatik&#039;in k\u0131vr\u0131ml\u0131 koylar\u0131n\u0131 takip edebilir ve binlerce y\u0131ll\u0131k tar\u0131m\u0131n \u00fcr\u00fcn\u00fc \u015faraplar\u0131 tadabilirler. Ta\u015f kemerlerin alt\u0131ndaki Roma \u0131zgaras\u0131n\u0131 takip edebilir, k\u00f6rfez ve adan\u0131n manzaras\u0131na hakim bak\u0131\u015f noktalar\u0131na t\u0131rmanabilir veya su ve zaman\u0131n \u015fekillendirdi\u011fi yeralt\u0131 ma\u011faralar\u0131na inebilirler. Her deneyimde, kasaban\u0131n katmanlar\u0131 ortaya \u00e7\u0131kar: bir zamanlar lejyonerleri ve t\u00fcccarlar\u0131 a\u011f\u0131rlayan antik bir liman; korsanlar\u0131 p\u00fcsk\u00fcrten bir orta\u00e7a\u011f kalesi; k\u0131ta tatilcilerine hitap eden modern bir tatil yeri.<\/p>\n<p>Bu \u00e7a\u011flar\u0131n bir araya gelmesinde Pore\u010d, k\u00fcrat\u00f6rl\u00fc bir g\u00f6steriden ziyade ya\u015fanm\u0131\u015f bir tarih havas\u0131n\u0131 koruyor. An\u0131tlar\u0131 izole edilmi\u015f g\u00f6steri par\u00e7alar\u0131 olarak de\u011fil, g\u00fcnl\u00fck kullan\u0131mda biti\u015fik bir kentsel dokunun unsurlar\u0131 olarak duruyor. Bazilikan\u0131n mozaikleri, pazar al\u0131\u015fveri\u015fleri aras\u0131nda duraklayan cemaat \u00fcyelerinin \u00fczerinde parl\u0131yor; zeytin preslerinin iskeleleri, devletle\u015fmeden \u00f6nceki mevsimlik emeklerle yank\u0131lan\u0131yor; en dar sokak, efsane kadar yava\u015f y\u00fcr\u00fcyen yayalara da ev sahipli\u011fi yap\u0131yor. Hepsinin aras\u0131nda, Adriyatik&#039;in nefesi - yaz\u0131n s\u0131cak, k\u0131\u015f\u0131n serin - kasaban\u0131n ritmini s\u00fcrd\u00fcr\u00fcyor.<\/p>\n<p>Pore\u010d&#039;e yakla\u015fmak hem tan\u0131d\u0131k hem de tekil bir yerle kar\u015f\u0131la\u015fmak demektir. Ta\u015flar\u0131 imparatorluk ve inan\u00e7tan bahseder, yollar\u0131 Romal\u0131 m\u00fchendisleri hat\u0131rlat\u0131r, \u00fcz\u00fcm ba\u011flar\u0131 \u00fcz\u00fcmleri ilk kez toprak k\u00fcplerde s\u0131kanlar\u0131 f\u0131s\u0131ldar. Yine de her t\u00fcrl\u00fc kolayc\u0131 etikete direnir. Ne tam anlam\u0131yla bir m\u00fcze ne de sadece bir tatil yeridir, k\u00fclt\u00fcr ve ticaretin gelgitleriyle uzun s\u00fcre \u015fekillenmi\u015f bir k\u0131y\u0131da s\u00fcreklili\u011fin kal\u0131c\u0131 bir \u00f6rne\u011fi olarak durmaktad\u0131r. Sokaklar\u0131nda dola\u015fan gezgin yaln\u0131zca bir sahil s\u0131\u011f\u0131na\u011f\u0131 de\u011fil, ayn\u0131 zamanda mozaik ve har\u00e7, koru ve limana kaz\u0131nm\u0131\u015f, iki bin y\u0131l\u0131 kapsayan canl\u0131 bir anlat\u0131 bulur.<\/p>\n<p>Sonu\u00e7 olarak, Pore\u010d bir dizi cazibeden daha fazlas\u0131n\u0131 sunar. Ge\u00e7mi\u015f ve \u015fimdiki zaman, kara ve deniz, ziyaret\u00e7i ve mekan aras\u0131nda s\u00fcregelen bir diyalog olarak hissedilen bir tarih duygusu sunar. Burada, Euphrasian Bazilikas\u0131&#039;n\u0131n kemerli tonozlar\u0131n\u0131n alt\u0131nda, antik ayinlerin yank\u0131lar\u0131n\u0131 hissedebilirsiniz; Venedik&#039;ten d\u00f6nen bir feribotun g\u00fcne\u015fle \u0131s\u0131nm\u0131\u015f g\u00fcvertelerinde, yeni ge\u00e7i\u015flerin vaadi ortaya \u00e7\u0131kar. Ve her zaman, Adriyatik e\u015fi\u011fin \u00fczerinde yatar, y\u00fczeyi hen\u00fcz gelmemi\u015f say\u0131s\u0131z \u00f6\u011fleden sonras\u0131n\u0131n \u0131\u015f\u0131\u011f\u0131yla par\u0131ldar.<\/p>","protected":false},"excerpt":{"rendered":"<p>N\u00fcfusu yakla\u015f\u0131k 12.000 olan Pore\u010d, H\u0131rvatistan&#039;daki Istria yar\u0131madas\u0131n\u0131n bat\u0131 k\u0131y\u0131s\u0131ndaki ziyaret\u00e7ileri b\u00fcy\u00fcl\u00fcyor; daha geni\u015f Pore\u010d b\u00f6lgesinde yakla\u015f\u0131k 16.600 ki\u015fi ya\u015f\u0131yor. Tarih ve k\u00fclt\u00fcrel de\u011fere derinlemesine yerle\u015fmi\u015f olan bu eski topluluk, Istria miras\u0131n\u0131n zengin dokusunun kan\u0131t\u0131 olarak hizmet ediyor. Mavi Adriyatik Denizi k\u0131y\u0131s\u0131nda yer alan Pore\u010d, \u00f6nemli bir Roma karakolundan, tarihi g\u00fczelli\u011fi modern kolayl\u0131klarla ustaca birle\u015ftiren canl\u0131 ve modern bir belediyeye d\u00f6n\u00fc\u015ft\u00fc.<\/p>","protected":false},"author":1,"featured_media":2780,"parent":14435,"menu_order":0,"comment_status":"closed","ping_status":"closed","template":"elementor_theme","meta":{"_eb_attr":"","footnotes":""},"class_list":["post-14456","page","type-page","status-publish","has-post-thumbnail"],"_links":{"self":[{"href":"https:\/\/travelshelper.com\/tr\/wp-json\/wp\/v2\/pages\/14456","targetHints":{"allow":["GET"]}}],"collection":[{"href":"https:\/\/travelshelper.com\/tr\/wp-json\/wp\/v2\/pages"}],"about":[{"href":"https:\/\/travelshelper.com\/tr\/wp-json\/wp\/v2\/types\/page"}],"author":[{"embeddable":true,"href":"https:\/\/travelshelper.com\/tr\/wp-json\/wp\/v2\/users\/1"}],"replies":[{"embeddable":true,"href":"https:\/\/travelshelper.com\/tr\/wp-json\/wp\/v2\/comments?post=14456"}],"version-history":[{"count":0,"href":"https:\/\/travelshelper.com\/tr\/wp-json\/wp\/v2\/pages\/14456\/revisions"}],"up":[{"embeddable":true,"href":"https:\/\/travelshelper.com\/tr\/wp-json\/wp\/v2\/pages\/14435"}],"wp:featuredmedia":[{"embeddable":true,"href":"https:\/\/travelshelper.com\/tr\/wp-json\/wp\/v2\/media\/2780"}],"wp:attachment":[{"href":"https:\/\/travelshelper.com\/tr\/wp-json\/wp\/v2\/media?parent=14456"}],"curies":[{"name":"wp","href":"https:\/\/api.w.org\/{rel}","templated":true}]}}