{"id":14447,"date":"2024-09-19T14:45:46","date_gmt":"2024-09-19T14:45:46","guid":{"rendered":"https:\/\/travelshelper.com\/staging\/?page_id=14447"},"modified":"2026-03-11T22:47:38","modified_gmt":"2026-03-11T22:47:38","slug":"hvar","status":"publish","type":"page","link":"https:\/\/travelshelper.com\/tr\/destinations\/europe\/croatia\/hvar\/","title":{"rendered":"Hvar"},"content":{"rendered":"<p>Hvar, H\u0131rvatistan&#039;\u0131n Dalma\u00e7ya k\u0131y\u0131lar\u0131ndan yakla\u015f\u0131k 68 kilometre a\u00e7\u0131kta uzanan ince bir kire\u00e7 ta\u015f\u0131 ve dolomit yay\u0131 i\u015fgal eder. Mezozoik ta\u015f\u0131ndan olu\u015fan y\u00fckseltilmi\u015f bir s\u0131rt olan omurgas\u0131, onu anakaradan ancak yakla\u015f\u0131k 11.000 y\u0131l \u00f6nce, binlerce y\u0131ll\u0131k kara ba\u011flant\u0131s\u0131ndan sonra ay\u0131r\u0131r. G\u00fcn\u00fcm\u00fczde, dar kanallar Hvar ile kom\u015fular\u0131 aras\u0131nda kesilir\u2014kuzeyde Bra\u010d, bat\u0131da Vis ve g\u00fcneyde Kor\u010dula\u2014Pelje\u0161ac Yar\u0131madas\u0131 Neretva Kanal\u0131&#039;n\u0131n kar\u015f\u0131s\u0131nda \u00e7\u00f6melmi\u015ftir. Do\u011fuda, anakara sadece alt\u0131 kilometre uzakl\u0131ktad\u0131r. Hvar&#039;\u0131n g\u00fcney kanad\u0131 boyunca, Paklinski tak\u0131madalar\u0131 ve \u0160\u0107edro a\u00e7\u0131k denize do\u011fru basamak ta\u015flar\u0131 gibi da\u011f\u0131l\u0131r ve Ze\u010devo kuzey k\u0131y\u0131s\u0131n\u0131n a\u00e7\u0131klar\u0131nda yer al\u0131r.<\/p>\n<p>Adan\u0131n r\u00f6lyefi klasik bir karst tablosu olu\u015fturur: seyrek y\u00fczey akarsular\u0131 h\u0131zla \u00e7atlaklara do\u011fru kaybolur ve ya\u011fmur suyunun dikkatli bir \u015fekilde y\u00f6netilmesini gerektirir. Yama\u00e7larda, y\u00fczy\u0131llard\u0131r s\u00fcregelen halk m\u00fchendisli\u011fi, hem de\u011ferli nemi korumak hem de toprak ak\u0131\u015f\u0131n\u0131 durdurmak i\u00e7in gerekli olan kuru ta\u015f teraslarda ve tarla sarn\u0131\u00e7lar\u0131nda ortaya \u00e7\u0131kar. Bu t\u00fcr y\u00f6ntemler, her verimli cebi talep eden \u00fcz\u00fcm ba\u011flar\u0131n\u0131, zeytinlikleri, meyve bah\u00e7elerini ve lavanta tarlalar\u0131n\u0131 destekler. Daha yukar\u0131da, \u00e7am ormanlar\u0131 maki \u00e7al\u0131l\u0131klar\u0131na d\u00f6n\u00fc\u015f\u00fcr ve Halep ve kara\u00e7amlar manzaray\u0131 me\u015fe ile payla\u015f\u0131r. \u0160\u0107edro adac\u0131\u011f\u0131nda, Hvar&#039;\u0131n ana g\u00f6vdesini tan\u0131mlayan k\u0131tl\u0131ktan kurtulmu\u015f daha zengin bir Akdeniz floras\u0131 toplulu\u011fu varl\u0131\u011f\u0131n\u0131 s\u00fcrd\u00fcrmektedir.<\/p>\n<p>Adriyatik adalar\u0131 aras\u0131nda bile, Hvar&#039;\u0131n k\u0131y\u0131 ovas\u0131 al\u0131\u015f\u0131lmad\u0131k derecede geni\u015f ve verimli olarak g\u00f6ze \u00e7arpmaktad\u0131r. M\u00d6 384&#039;te Yunan yerle\u015fimcilerin Pharos&#039;u (modern Stari Grad) kurdu\u011fu yer buras\u0131yd\u0131 ve buras\u0131 Avrupa&#039;n\u0131n en eski s\u00fcrekli yerle\u015fim yerlerinden biri haline geldi. Ayn\u0131 s\u00f6m\u00fcrgeciler ova boyunca ortogonal bir tarla sistemi dayatt\u0131lar ve bunun izleri, UNESCO taraf\u0131ndan kesintisiz tar\u0131msal miras\u0131yla tan\u0131nan Starogradsko polje&#039;de hayatta kald\u0131. Yunan vizyonunun bu izi, iki bin y\u0131ldan fazla s\u00fcren, mevsim mevsim zeytin, \u00fcz\u00fcm ve tah\u0131l ekimine ra\u011fmen okunakl\u0131l\u0131\u011f\u0131n\u0131 korumaktad\u0131r.<\/p>\n<p>G\u00fcn\u00fcm\u00fczde Humac&#039;a yak\u0131n Grap\u010deva ma\u011faras\u0131ndaki arkeolojik ke\u015fifler, insan varl\u0131\u011f\u0131na dair daha da eski kan\u0131tlar sunuyor. Neolitik &#034;Hvar k\u00fclt\u00fcr\u00fc&#034;nden spiral s\u00fcslemeli \u00e7anak \u00e7\u00f6mlek, hayatlar\u0131 karst\u0131n derinliklerinde ta\u015f duvarlara yaz\u0131lm\u0131\u015f bir halk\u0131 an\u0131msatan bu bulgulardan ad\u0131n\u0131 al\u0131yor. B\u00f6lgede benzersiz olan bu t\u00fcr eserler, grav\u00fcr tekniklerinde yetenekli ve kendine \u00f6zg\u00fc bir g\u00f6rsel dile yat\u0131r\u0131m yapan bir ada toplulu\u011funu ortaya koyuyor.<\/p>\n<p>Erken orta\u00e7a\u011f d\u00f6neminde, \u0130liryal\u0131 gruplar Slav g\u00f6\u00e7leri n\u00fcfusu yeniden \u015fekillendirmeden \u00f6nce Yunan soyundan gelenlerle kar\u0131\u015fm\u0131\u015ft\u0131. Daha sonra Hvar, Venedik egemenli\u011fine girdi ve bu da donanmada \u00f6ne \u00e7\u0131kma ve refah getirdi. Stari Grad&#039;dan farkl\u0131 olan Hvar kasabas\u0131 \u00f6nemli bir Adriyatik \u00fcss\u00fc olarak ortaya \u00e7\u0131kt\u0131. Venedik Cumhuriyeti Akdeniz ticareti \u00fczerinde kontrol sa\u011flad\u0131k\u00e7a, valileri saraylara, toplumsal yap\u0131lara ve 1612&#039;de a\u00e7\u0131lan Avrupa&#039;n\u0131n ilk halka a\u00e7\u0131k tiyatrolar\u0131ndan birine yat\u0131r\u0131m yapt\u0131. Soylu aileler, cepheleri hala liman gezinti yolunu kaplayan ta\u015f konaklar yapt\u0131rd\u0131; bu, deniz ticaretinin ve k\u00fclt\u00fcr\u00fcn el ele ilerledi\u011fi bir d\u00f6nemin kan\u0131t\u0131yd\u0131.<\/p>\n<p>Ancak 16. y\u00fczy\u0131l sakin olmaktan uzakt\u0131. Venedik y\u00f6netimine kar\u015f\u0131 yerel bir ayaklanma, soylular ve halk aras\u0131ndaki gerginliklerin y\u00f6nlendirdi\u011fi Hvar \u0130syan\u0131 bayra\u011f\u0131 alt\u0131nda 1510&#039;da alevlendi. Ayn\u0131 anda korsanlar ve Osmanl\u0131 ak\u0131nc\u0131lar\u0131 kuzey k\u0131y\u0131lar\u0131na sald\u0131rd\u0131 ve m\u00fcstahkem kuleler ve g\u00f6zetleme noktalar\u0131n\u0131n in\u015fas\u0131na yol a\u00e7t\u0131. \u015eimdi r\u00fczgar ve tuzla a\u015f\u0131nm\u0131\u015f olan bu bur\u00e7lar, sorunlu sular\u0131n ve adal\u0131lar\u0131n topluluklar\u0131n\u0131 korumak i\u00e7in kat ettikleri mesafelerin hat\u0131rlat\u0131c\u0131s\u0131 olarak duruyor.<\/p>\n<p>Napolyon&#039;un Dalma\u00e7ya&#039;daki k\u0131sa s\u00fcreli ara d\u00f6nemi yeni yasal d\u00fczenlemeler ve idari reformlar getirdi, ancak Hvar 1815&#039;te Avusturya \u0130mparatorlu\u011fu&#039;na ge\u00e7ti. Habsburg g\u00f6zetiminde, nispeten sakin bir d\u00f6nem limanlar\u0131n geni\u015flemesine, r\u0131ht\u0131mlar\u0131n ortaya \u00e7\u0131kmas\u0131na ve tekne yap\u0131m\u0131n\u0131n geli\u015fmesine olanak sa\u011flad\u0131. Fransa&#039;n\u0131n parf\u00fcm at\u00f6lyeleri i\u00e7in lavanta ve biberiye \u00fcretimi \u015farap ihracat\u0131yla birlikte artt\u0131 ve yerel giri\u015fimciler 1868&#039;de ziyaret\u00e7ileri kar\u015f\u0131lamak ve konaklama ve hizmetleri koordine etmek i\u00e7in Hvar Hijyen Derne\u011fi&#039;ni kurdu. Bu \u00f6rg\u00fct, adan\u0131n modern turizm a\u011f\u0131n\u0131 tan\u0131mlayan oteller, kafeler, marinalar ve k\u00fclt\u00fcrel kurumlar i\u00e7in temel olu\u015fturdu.<\/p>\n<p>Ancak 20. y\u00fczy\u0131l bu alt\u0131n \u00e7a\u011f\u0131 s\u00fcrd\u00fcremedi. Filoksera hastal\u0131\u011f\u0131 \u00fcz\u00fcm ba\u011flar\u0131n\u0131 harap etti ve geleneksel yelkenli gemiler modas\u0131 ge\u00e7mi\u015f bir hale geldi. Ekonomik s\u0131k\u0131nt\u0131lar, aileler Amerika&#039;da ve \u00f6tesinde f\u0131rsatlar ararken g\u00f6\u00e7 dalgalar\u0131n\u0131 te\u015fvik etti. Buna ra\u011fmen lavanta kokusu devam etti ve &#034;lavanta adas\u0131&#034; lakab\u0131, el yap\u0131m\u0131 sabunlar ve parf\u00fcmler i\u00e7in toplanan ya\u011flar\u0131 olan menek\u015fe \u00e7i\u00e7ek tarlalar\u0131na yap\u0131\u015ft\u0131.<\/p>\n<p>20. y\u00fczy\u0131l\u0131n sonlar\u0131ndan itibaren turizm, ekonominin temel dire\u011fi olarak tar\u0131m ve bal\u0131k\u00e7\u0131l\u0131\u011f\u0131 istikrarl\u0131 bir \u015fekilde geride b\u0131rakt\u0131. Rehber kitaplar ve dergiler Hvar&#039;\u0131 d\u00fcnyan\u0131n en iyi on adas\u0131 aras\u0131nda \u00f6vd\u00fc. Conde Nast Traveler, onu s\u00fcrekli olarak g\u00fcne\u015f \u0131\u015f\u0131\u011f\u0131na g\u00f6re s\u0131ral\u0131yor -y\u0131lda yakla\u015f\u0131k 2.715 saat, g\u00fcnde yakla\u015f\u0131k 7,7 saat, Dubrovnik&#039;i geride b\u0131rak\u0131yor- ve \u015eubat ay\u0131nda 14 \u00b0C&#039;den yaz aylar\u0131nda yakla\u015f\u0131k 27 \u00b0C&#039;ye \u00e7\u0131kan kristal deniz s\u0131cakl\u0131klar\u0131na g\u00f6re. \u0130klim, a\u00e7\u0131k havada yemek yeme ve sahil gezinti yerlerini tercih eden \u0131l\u0131man k\u0131\u015flar ve g\u00fcne\u015fli yazlarla tan\u0131mlanan K\u00f6ppen&#039;in Csa alt tipine uyuyor.<\/p>\n<p>\u0130dari olarak Hvar, Split-Dalma\u00e7ya B\u00f6lgesi&#039;ne aittir ve iki kasabadan (Hvar ve Stari Grad) ve Jelsa ve Su\u0107uraj belediyelerinden olu\u015fur. 2021 n\u00fcfus say\u0131m\u0131na g\u00f6re, adan\u0131n 10.678 sakini e\u015fitsiz bir \u015fekilde da\u011f\u0131lm\u0131\u015ft\u0131r: Hvar kasabas\u0131 3.979 sakine sahipken, Stari Grad 2.772 sakine ev sahipli\u011fi yapmaktad\u0131r. Jelsa belediyesi, Pitve&#039;den Vrisnik&#039;e kadar olan k\u00f6yleri kapsayan toplam 3.501 n\u00fcfusa sahiptir ve adan\u0131n do\u011fu kap\u0131s\u0131 olan Su\u0107uraj, \u00fc\u00e7 yerle\u015fim yerinde 426 ki\u015fiye ev sahipli\u011fi yapmaktad\u0131r.<\/p>\n<p>Hvar kasabas\u0131n\u0131n kendisi, Dalma\u00e7ya&#039;n\u0131n en b\u00fcy\u00fcklerinden biri olan ve yakla\u015f\u0131k 4.500 m\u00b2&#039;lik alan\u0131yla St. Stephen Meydan\u0131&#039;n\u0131n merkezinde yer al\u0131r; burada turuncu kiremitli \u00e7at\u0131lar kademeli yaylar halinde y\u00fckselir ve yatlar y\u00fcksek sezonda liman\u0131 doldurur. Bir ucunda, St. Stephen Katedrali dikkat \u00e7eker: Osmanl\u0131 ak\u0131nlar\u0131ndan sonra yeniden in\u015fa edilen d\u00f6rt katl\u0131 \u00e7an kulesi R\u00f6nesans ve Barok s\u00fcslemeler ta\u015f\u0131r. Biti\u015fi\u011finde, 13. y\u00fczy\u0131la dayanan g\u00fcm\u00fc\u015f ayin kaplar\u0131, i\u015flemeli giysiler ve ikonlar\u0131n bulundu\u011fu Piskoposluk Hazinesi bulunur. Yukar\u0131daki bir yama\u00e7ta, \u0160panjola Kalesi kasabay\u0131 ve denizi inceler ve dik, k\u0131vr\u0131ml\u0131 yolunu kat etmeye istekli olanlara panoramik manzaralar sunar.<\/p>\n<p>\u00d6te yandan Stari Grad daha sakin bir havay\u0131 koruyor. Split&#039;ten gelen feribotlar r\u0131ht\u0131m\u0131na var\u0131yor ve ziyaret\u00e7ileri sokaklar\u0131 antik Yunan kolonistlerinin hizas\u0131n\u0131 izleyen bir yerle\u015fime g\u00f6t\u00fcr\u00fcyor. Burada, k\u00fc\u00e7\u00fck kafeler ta\u015f evleri i\u015fgal ediyor ve zeytin a\u011fa\u00e7lar\u0131 Arnavut kald\u0131r\u0131ml\u0131 yollar\u0131 g\u00f6lgeliyor. Starogradsko polje i\u00e7 kesimlere do\u011fru uzan\u0131yor, patchwork tarlalar\u0131 al\u00e7ak duvarlarla \u00e7er\u00e7evelenmi\u015f - 2.400 y\u0131l s\u00fcren kolektif arazi y\u00f6netiminin canl\u0131 kan\u0131t\u0131.<\/p>\n<p>G\u00fcney k\u0131y\u0131s\u0131 boyunca daha merkezi olan Jelsa, k\u00f6y samimiyetini m\u00fctevaz\u0131 bir marinayla harmanl\u0131yor. Sokaklar\u0131 ormanl\u0131k yama\u00e7lara do\u011fru yoku\u015f yukar\u0131 k\u0131vr\u0131l\u0131rken, k\u00fclt\u00fcrel etkinlikler (konserler ve sergiler) yaz ak\u015famlar\u0131n\u0131 dolduruyor. Jelsa&#039;n\u0131n yak\u0131n\u0131nda, 350 m y\u00fckseklikte konumlanm\u0131\u015f, b\u00fcy\u00fck \u00f6l\u00e7\u00fcde terk edilmi\u015f ancak a\u00e7\u0131k hava m\u00fczesi olarak yava\u015f yava\u015f canland\u0131r\u0131lan bir k\u00f6y olan Humac yer al\u0131yor. Burada, ta\u015f evler ve k\u00fc\u00e7\u00fck bir etnografik koleksiyon, lavanta ve asma ekili teraslar\u0131n aras\u0131nda geleneksel hayata dair ipu\u00e7lar\u0131 sunuyor. Humac&#039;\u0131n a\u015fa\u011f\u0131s\u0131nda, Grap\u010deva ma\u011faras\u0131 yaln\u0131zca rehberli gruplara izin veriyor ve Hvar&#039;\u0131n Neolitik ge\u00e7mi\u015fine ait par\u00e7alar\u0131n yan\u0131nda sark\u0131tlar\u0131 koruyor.<\/p>\n<p>Adan\u0131n her yerine ve anakaraya ula\u015f\u0131m g\u00fcnl\u00fck ya\u015fam ve turizm a\u00e7\u0131s\u0131ndan hayati \u00f6neme sahip olmaya devam ediyor. Jadrolinija, Su\u0107uraj&#039;dan Drvenik&#039;e yakla\u015f\u0131k iki saatlik bir yolculuk yapan araba feribotlar\u0131 ve Vela Luka ve Lastovo&#039;ya servisler i\u015fletiyor. Krilo Luka&#039;n\u0131n h\u0131zl\u0131 deniz otob\u00fcsleri, Hvar kasabas\u0131n\u0131 yakla\u015f\u0131k bir saatte Split&#039;e ve aral\u0131klarla Vis, Bra\u010d ve hatta Dubrovnik&#039;e ba\u011fl\u0131yor. Karaya \u00e7\u0131kt\u0131ktan sonra, Cazmatrans otob\u00fcsleri feribotlarla bulu\u015fuyor ve yol a\u011f\u0131 boyunca r\u00fczgarl\u0131, genellikle korkuluksuz, \u00f6zellikle kiral\u0131k mopedlerde dikkatli olunmas\u0131 gereken noktalara hizmet veriyor. Hvar kasabas\u0131nda ve Jelsa yak\u0131nlar\u0131nda iki benzin istasyonu, ara\u00e7lar i\u00e7in tek yak\u0131t ikmal noktalar\u0131n\u0131 i\u015faret ediyor. Nominal bir \u00fccret kar\u015f\u0131l\u0131\u011f\u0131nda yerel bir su taksisi, Stari Grad ile Hvar kasabas\u0131n\u0131n feribot terminalleri aras\u0131nda \u00e7al\u0131\u015f\u0131yor.<\/p>\n<p>Hvar, in\u015fa edilmi\u015f miras\u0131 ve tar\u0131m alanlar\u0131n\u0131n \u00f6tesinde zengin deneyimler sunar. Tekneciler, \u00e7am a\u011fa\u00e7lar\u0131yla kapl\u0131 k\u0131y\u0131larda piknik yapmak veya y\u00fczmek i\u00e7in demir atarak Paklinski adalar\u0131n\u0131n gizli koylar\u0131n\u0131 ve kumlu k\u0131y\u0131lar\u0131n\u0131 ke\u015ffedebilir. Y\u00fcr\u00fcy\u00fc\u015f\u00e7\u00fcler, tekneyle geri d\u00f6nmeden \u00f6nce \u00f6\u011fle vakti tad\u0131mla deniz manzaralar\u0131n\u0131 birle\u015ftiren Dubovica koyundan Zlatan Otok \u015faraphanesine giden k\u0131y\u0131 yolunu takip edebilir. Jelsa yak\u0131nlar\u0131ndaki Adventure Park Hvar, ok\u00e7uluk, paintball ve plaj sporlar\u0131yla e\u011flence \u00e7e\u015fitlili\u011fi katar. El sanatlar\u0131 odakl\u0131 ziyaret\u00e7iler i\u00e7in, Hvar kasabas\u0131n\u0131n Benediktin rahibeleri, agave lifleri kullanarak y\u00fczy\u0131llard\u0131r devam eden dantel yapma gelene\u011fini s\u00fcrd\u00fcr\u00fcrken, Pjaca&#039;daki Made in Hvar gibi galeriler \u00e7a\u011fda\u015f yerel sanat eserleri sunar.<\/p>\n<p>\u015earap \u00fcretimi bir di\u011fer k\u00fclt\u00fcrel temel ta\u015f\u0131 olarak varl\u0131\u011f\u0131n\u0131 s\u00fcrd\u00fcr\u00fcyor. G\u00fcney yama\u00e7lar\u0131, Plavac Mali \u00fcz\u00fcm\u00fcnden g\u00fc\u00e7l\u00fc k\u0131rm\u0131z\u0131 \u015faraplar \u00fcretiyor, tanen derinli\u011fi, merkezi ovada yeti\u015ftirilen canl\u0131 beyaz \u015faraplarla e\u015fle\u015fiyor. Bir\u00e7ok \u015farap imalathanesi, konuklar\u0131n\u0131 Hvar&#039;\u0131n g\u00fcne\u015fte kavrulmu\u015f topra\u011f\u0131na derinden k\u00f6k salm\u0131\u015f asmalar\u0131n aras\u0131nda durmaya davet ederek tad\u0131mlar i\u00e7in kap\u0131lar\u0131n\u0131 a\u00e7\u0131yor.<\/p>\n<p>Gizli ma\u011faralardaki Neolitik d\u00f6k\u00fcnt\u00fclerden Venedik saraylar\u0131n\u0131n kire\u00e7 ta\u015f\u0131 surlar\u0131na kadar, Hvar&#039;\u0131n hikayesi ta\u015f, toprak ve denizde ortaya \u00e7\u0131kar. \u0130klimi, topografyas\u0131 ve denizcilik konumu, Yunan \u00e7ift\u00e7ilerden Avusturya-Macaristan t\u00fcccarlar\u0131na, lavanta toplay\u0131c\u0131lar\u0131ndan modern restoran sahiplerine kadar insan \u00e7abas\u0131n\u0131n katmanlar\u0131n\u0131 \u015fekillendirmi\u015ftir. Bug\u00fcn, ada korumay\u0131 ilerlemeyle dengeleyerek ziyaret\u00e7ilere hem ekili hem de vah\u015fi bir manzara sunmaktad\u0131r; burada her teras duvar\u0131 ve parke ta\u015f\u0131, mevsimlerle de\u011fil y\u00fczy\u0131llarla \u00f6l\u00e7\u00fclen bir tarihi ima eder. Bir\u00e7ok hesaba g\u00f6re, Avrupa&#039;n\u0131n en g\u00fcne\u015fli noktas\u0131 olmaya devam etmektedir; Akdeniz \u0131\u015f\u0131\u011f\u0131n\u0131n ve ada ya\u015fam\u0131n\u0131n d\u00fcr\u00fcst etkile\u015fimini arayanlar i\u00e7in uygun bir sahnedir.<\/p>","protected":false},"excerpt":{"rendered":"<p>Adriyatik Denizi&#039;nde bulunan Hvar, H\u0131rvatistan&#039;\u0131n Dalma\u00e7ya k\u0131y\u0131lar\u0131nda yer almaktad\u0131r. H\u0131rvatlar\u0131n d\u00f6rd\u00fcnc\u00fc en kalabal\u0131k adas\u0131 olan bu b\u00fcy\u00fcleyici ada, Bra\u010d, Vis ve Kor\u010dula aras\u0131nda yer al\u0131r ve 2021 say\u0131m\u0131na g\u00f6re 10.678 ki\u015fi ya\u015famaktad\u0131r. 68 kilometreden (42,5 mil) fazla uzunlu\u011fa sahip olan Hvar, b\u00fcy\u00fck \u00f6l\u00e7\u00fcde kendine \u00f6zg\u00fc jeolojisi ve zengin ge\u00e7mi\u015fi sayesinde e\u015fsiz bir g\u00fczelli\u011fe ve k\u00fclt\u00fcrel de\u011fere sahip bir yer haline gelmi\u015ftir.<\/p>","protected":false},"author":1,"featured_media":3166,"parent":14435,"menu_order":0,"comment_status":"closed","ping_status":"closed","template":"elementor_theme","meta":{"_eb_attr":"","footnotes":""},"class_list":["post-14447","page","type-page","status-publish","has-post-thumbnail"],"_links":{"self":[{"href":"https:\/\/travelshelper.com\/tr\/wp-json\/wp\/v2\/pages\/14447","targetHints":{"allow":["GET"]}}],"collection":[{"href":"https:\/\/travelshelper.com\/tr\/wp-json\/wp\/v2\/pages"}],"about":[{"href":"https:\/\/travelshelper.com\/tr\/wp-json\/wp\/v2\/types\/page"}],"author":[{"embeddable":true,"href":"https:\/\/travelshelper.com\/tr\/wp-json\/wp\/v2\/users\/1"}],"replies":[{"embeddable":true,"href":"https:\/\/travelshelper.com\/tr\/wp-json\/wp\/v2\/comments?post=14447"}],"version-history":[{"count":0,"href":"https:\/\/travelshelper.com\/tr\/wp-json\/wp\/v2\/pages\/14447\/revisions"}],"up":[{"embeddable":true,"href":"https:\/\/travelshelper.com\/tr\/wp-json\/wp\/v2\/pages\/14435"}],"wp:featuredmedia":[{"embeddable":true,"href":"https:\/\/travelshelper.com\/tr\/wp-json\/wp\/v2\/media\/3166"}],"wp:attachment":[{"href":"https:\/\/travelshelper.com\/tr\/wp-json\/wp\/v2\/media?parent=14447"}],"curies":[{"name":"wp","href":"https:\/\/api.w.org\/{rel}","templated":true}]}}