{"id":14441,"date":"2024-09-19T14:22:28","date_gmt":"2024-09-19T14:22:28","guid":{"rendered":"https:\/\/travelshelper.com\/staging\/?page_id=14441"},"modified":"2026-03-11T22:44:30","modified_gmt":"2026-03-11T22:44:30","slug":"zadar","status":"publish","type":"page","link":"https:\/\/travelshelper.com\/tr\/destinations\/europe\/croatia\/zadar\/","title":{"rendered":"Zadar"},"content":{"rendered":"<p>Zadar, Adriyatik&#039;in kuzeydo\u011fu ucundaki ince bir burunda yer al\u0131r ve kentsel dokusu Akdeniz tarihinin iki bin y\u0131l\u0131 a\u015fk\u0131n bir d\u00f6nemini izler. Bug\u00fcn, yakla\u015f\u0131k yetmi\u015f bin ki\u015filik bu H\u0131rvat \u015fehri, \u00fclkenin en eski s\u00fcrekli yerle\u015fim merkezi olarak ayakta duruyor ve ta\u015flar\u0131n bizzat Roma, Venedik, Avusturya, \u0130talyan ve Yugoslav d\u00f6nemlerine tan\u0131kl\u0131k etti\u011fi bir yer. Ugljan ve Pa\u0161man adalar\u0131na kar\u015f\u0131 konumlanan liman\u0131, bir zamanlar burnu anakaradan ay\u0131ran hendek \u00e7oktan dolmu\u015f olsa da, hala denizden korunakl\u0131 bir giri\u015f sunuyor. Dar sokaklar, ilk bak\u0131\u015fta orta\u00e7a\u011f kiliselerini ve kale duvarlar\u0131n\u0131 \u00e7a\u011fr\u0131\u015ft\u0131r\u0131yor; \u00f6tesinde, R\u00f6nesans bur\u00e7lar\u0131 \u015fehri feribotla Avrupa k\u0131y\u0131lar\u0131na ve i\u00e7eride on d\u00f6rt kilometre uzakl\u0131ktaki bir havaalan\u0131n\u0131n g\u00f6ky\u00fcz\u00fcne ba\u011flayan modern bir liman tesisine bak\u0131yor.<\/p>\n<p>Zadar&#039;\u0131n \u00e7a\u011fda\u015f konturlar\u0131 ilk olarak Roma y\u00f6netimi alt\u0131nda, Julius Caesar ve Augustus yerle\u015fimi g\u00fc\u00e7lendirdi\u011finde, kalbinde bir forum, bazilika ve tap\u0131nak oydu\u011funda ve temiz su sa\u011flamak i\u00e7in su kemerleri d\u00f6\u015fedi\u011finde \u00e7izildi. Bu yap\u0131lar\u0131n izleri hala varl\u0131\u011f\u0131n\u0131 s\u00fcrd\u00fcr\u00fcyor. \u0130ki geni\u015f meydan mermer s\u00fctunlarla s\u00fcslenmi\u015f halde kal\u0131rken, surlar\u0131n \u00f6tesinde par\u00e7al\u0131 bir su kemeri Roma m\u00fchendislerinin h\u0131rslar\u0131n\u0131 hat\u0131rlat\u0131yor. Bir zamanlar amfitiyatrolar\u0131n ve mezarl\u0131klar\u0131n bulundu\u011fu yerde, orta\u00e7a\u011f kasabas\u0131 \u015fekillendi, kiliseleri ve manast\u0131r evleri yava\u015f yava\u015f antik ayak izini \u00e7evreledi.<\/p>\n<p>Orta \u00c7a\u011f&#039;dan itibaren Zadar&#039;\u0131n sil\u00fceti \u00e7ok az de\u011fi\u015fiklikle varl\u0131\u011f\u0131n\u0131 s\u00fcrd\u00fcrd\u00fc. Venedik y\u00f6neticileri, on alt\u0131nc\u0131 y\u00fczy\u0131l\u0131n ba\u015flar\u0131nda savunmas\u0131n\u0131 yeni duvarlar, bur\u00e7lar ve siperlerle g\u00fc\u00e7lendirdi. Yerel olarak Fo\u0161a olarak bilinen bu siperler, \u0130talyan i\u015fgali alt\u0131nda g\u00f6m\u00fclm\u00fc\u015f olsa da, on dokuzuncu y\u00fczy\u0131l\u0131n sonlar\u0131nda Avusturya y\u00f6netimi kara surlar\u0131n\u0131 gezinti yollar\u0131na d\u00f6n\u00fc\u015ft\u00fcrd\u00fc ve geni\u015f gezinti yollar\u0131 ve hem denizin hem de anakaran\u0131n hakim manzaralar\u0131n\u0131 sundu. \u015eehrin d\u00f6rt orijinal kap\u0131s\u0131ndan Porta Marina, bir Roma kemerinin par\u00e7alar\u0131n\u0131 b\u00fcnyesinde bar\u0131nd\u0131r\u0131rken, Porta di Terraferma, tasar\u0131m\u0131 s\u00fcsl\u00fc portal\u0131n \u00fczerinde kalan Veronal\u0131 mimar Michele Sanmicheli&#039;nin imzas\u0131n\u0131 ta\u015f\u0131yor.<\/p>\n<p>II. D\u00fcnya Sava\u015f\u0131&#039;n\u0131n bombard\u0131manlar\u0131ndan yara alm\u0131\u015f olan Zadar, yine de ola\u011fan\u00fcst\u00fc bir simgesel yap\u0131 yo\u011funlu\u011funu korumaktad\u0131r. Roma Forumu, Augustus d\u00f6neminde kurulmu\u015f ve \u00fc\u00e7\u00fcnc\u00fc y\u00fczy\u0131ldan kalma yaz\u0131tlarla i\u015faretlenmi\u015f b\u00f6lgenin en b\u00fcy\u00fc\u011f\u00fc olmaya devam etmektedir. Yak\u0131nlarda, dokuzuncu y\u00fczy\u0131ldan kalma devasa bir rotunda olan St. Donatus Kilisesi, Dalma\u00e7ya&#039;daki en \u00f6nemli Romanesk \u00f6ncesi yap\u0131 olarak durmaktad\u0131r. Geni\u015f kubbesi ve iki katl\u0131 galerisi \u00fc\u00e7 do\u011fu apsisini \u00e7er\u00e7evelemektedir ve i\u00e7 k\u0131sm\u0131nda 1460 y\u0131l\u0131nda yap\u0131lm\u0131\u015f Piskopos Valaresso&#039;nun pastoral asas\u0131 bulunmaktad\u0131r. Katedral b\u00f6lgesinde, St. Anastasia Bazilikas\u0131 y\u00fcksek Romanesk formda y\u00fckselmektedir: ikiz \u00e7an kuleleri, on ikinci ve on \u00fc\u00e7\u00fcnc\u00fc y\u00fczy\u0131llarda in\u015fa edilmi\u015f sade bir nefin \u00fczerinde yer almaktad\u0131r.<\/p>\n<p>Ba\u015fka yerlerde, Romanesk sadelik yerini Gotik ve sonraki stillere b\u0131rak\u0131yor. 1358 bar\u0131\u015f antla\u015fmas\u0131n\u0131n imzaland\u0131\u011f\u0131 St. Francis Kilisesi, Giovanni di Giacomo da Borgo San Sepolcro taraf\u0131ndan 1394&#039;te oyulmu\u015f koro b\u00f6lmelerine ev sahipli\u011fi yap\u0131yor. Be\u015f Kuyu Meydan\u0131&#039;nda, su da\u011f\u0131t\u0131m\u0131n\u0131n kar\u0131\u015f\u0131k g\u00f6lgeleri, toplumsal ya\u015fam\u0131n ba\u015fka bir d\u00f6nemini yans\u0131t\u0131yor. On dokuzuncu y\u00fczy\u0131ldan kalma bir Kara Kap\u0131s\u0131 ve on be\u015finci y\u00fczy\u0131ldan kalma Kale, eski \u015fehrin giri\u015fini hala \u00e7er\u00e7evelerken, B\u00fcy\u00fck Cephanelik ve 1565&#039;te yeniden in\u015fa edilen loggia, Zadar&#039;\u0131n denizcilik ve medeni h\u0131rslar\u0131na i\u015faret ediyor. Bunlar\u0131n \u00f6tesinde, piskoposluk saray\u0131 ve eski rahip saray\u0131, Kilise ve devletin kal\u0131c\u0131 rol\u00fcne i\u015faret ediyor. Ve en son olarak, Adriyatik&#039;in yumu\u015fak ak\u0131nt\u0131lar\u0131, \u015fehrin antik \u00e7a\u011f ve yenilik aras\u0131ndaki devam eden diyalo\u011funun bir kan\u0131t\u0131 olarak, modern bir deniz orgu basamaklar\u0131n\u0131n \u00fczerinden y\u00fckseliyor.<\/p>\n<p>Zadar&#039;daki iklim, Akdeniz s\u0131n\u0131r\u0131ndaki k\u0131y\u0131 konumu ve nemli subtropikal etkiler taraf\u0131ndan \u015fekillendirilir. K\u0131\u015flar \u0131l\u0131man ve nemlidir, ortalama Ocak s\u0131cakl\u0131klar\u0131 yakla\u015f\u0131k 7,7 \u00b0C&#039;dir; \u015fiddetli so\u011fuk hava dalgalar\u0131 nadirdir, ancak \u015eubat 2018&#039;de Zemunik istasyonunda kay\u0131tlara g\u00f6re -12 \u00b0C&#039;lik d\u00fc\u015f\u00fckler kaydedilmi\u015ftir. Yaz aylar\u0131 s\u00fcrekli s\u0131cakl\u0131k ve nem getirir, Temmuz ve A\u011fustos y\u00fcksekleri ortalama 29\u201330 \u00b0C&#039;dir. Kaydedilen en s\u0131cak g\u00fcnde -5 A\u011fustos 2017- termometre modern istasyonda 40 \u00b0C&#039;ye t\u0131rman\u0131rken, eski kentsel \u00f6l\u00e7\u00fcm cihaz\u0131 6 A\u011fustos 2022&#039;de 39 \u00b0C&#039;ye ula\u015ft\u0131. Ya\u011fmur y\u0131l\u0131n herhangi bir zaman\u0131nda ya\u011fabilir, ancak sonbahar ve ilkbahar en b\u00fcy\u00fck a\u011f\u0131rl\u0131\u011f\u0131 ta\u015f\u0131r: Ekim ve Kas\u0131m aylar\u0131n\u0131n her biri yakla\u015f\u0131k 115 mm ya\u011f\u0131\u015f getirirken, Temmuz yakla\u015f\u0131k 35 mm ile en kurak ay olmaya devam etmektedir. Dar \u015fehir sokaklar\u0131nda kar neredeyse hi\u00e7 duyulmam\u0131\u015f bir \u015fey, k\u0131\u015f\u0131n belki bir kez g\u00f6r\u00fcl\u00fcyor, ancak denizin kendisi istikrarl\u0131 bir mevsimsel ritmi izliyor: \u015eubat ay\u0131nda 10 \u00b0C&#039;den yaz ortas\u0131nda 25 \u00b0C&#039;ye kadar \u00e7\u0131k\u0131yor ve zaman zaman 29 \u00b0C&#039;ye kadar \u00e7\u0131k\u0131yor.<\/p>\n<p>Zadar&#039;\u0131n n\u00fcfusu, yar\u0131mada ve \u00f6tesindeki tepelerin 25 km\u00b2&#039;sini kaplar. 2011&#039;de, \u015fehirde yetmi\u015f be\u015f binden biraz fazla insan ikamet ediyordu ve bu da onu Dalma\u00e7ya&#039;n\u0131n ikinci ve H\u0131rvatistan&#039;\u0131n be\u015finci b\u00fcy\u00fck merkezi yap\u0131yordu. On y\u0131l sonra, 2021 n\u00fcfus say\u0131m\u0131nda 70.779 ki\u015fi say\u0131ld\u0131 ve bunlar\u0131n yakla\u015f\u0131k y\u00fczde 95&#039;i etnik H\u0131rvat ve yakla\u015f\u0131k y\u00fczde 2&#039;si S\u0131rp olarak tan\u0131mland\u0131. Bir zamanlar canl\u0131 bir Dalma\u00e7yal\u0131 \u0130talyan toplulu\u011fu olan ve 1910 civar\u0131nda dokuz bini a\u015fan n\u00fcfus, II. D\u00fcnya Sava\u015f\u0131 s\u0131ras\u0131nda ve sonras\u0131nda azald\u0131 ve bug\u00fcn y\u00fcz ki\u015fiden az sakini kald\u0131.<\/p>\n<p>Bu rakamlar Zadar&#039;\u0131n politik ve k\u00fclt\u00fcrel ba\u011fl\u0131l\u0131klar\u0131n\u0131n e\u011frisini \u00e7iziyor. \u015eehir y\u00fczy\u0131llar boyunca Venedik Dalma\u00e7ya&#039;s\u0131n\u0131n ba\u015fkentiydi, sokaklar\u0131 hem \u0130talyan zarafeti hem de Slav gelene\u011fini yans\u0131t\u0131yordu. On be\u015finci y\u00fczy\u0131ldan on yedinci y\u00fczy\u0131la kadar ressamlar\u0131, heykelt\u0131ra\u015flar\u0131 ve mimarlar\u0131 (aralar\u0131nda Giorgio da Sebenico ve Francesco Laurana da vard\u0131) yeti\u015ftirdi ve H\u0131rvat edebiyat \u00e7abalar\u0131n\u0131n odak noktas\u0131 haline geldi. Petar Zorani\u0107 \u00fclkenin ilk roman\u0131 olan Planine&#039;i yazd\u0131 ve Jerolim Vidoli\u0107, Brne Karnaruti\u0107 ve Juraj Barakovi\u0107 yerel anlat\u0131 k\u00fclliyat\u0131na katk\u0131da bulundu. 1806&#039;dan 1810&#039;a kadar Frans\u0131z y\u00f6netimi alt\u0131nda Zadar&#039;\u0131n matbaas\u0131, \u0130talyanca ve H\u0131rvat\u00e7a bas\u0131lan iki dilli bir gazete olan Il Regio Dalmata&#039;y\u0131 yay\u0131nlad\u0131; ikincisinin s\u00fcreli bir bi\u00e7imde ilk g\u00f6r\u00fcn\u00fcm\u00fc. On dokuzuncu y\u00fczy\u0131l\u0131n sonlar\u0131ndaki ulusal canlanmalar \u015fehrin ikili miras\u0131n\u0131 daha da peki\u015ftirdi.<\/p>\n<p>K\u00fclt\u00fcrel ya\u015fam canl\u0131l\u0131\u011f\u0131n\u0131 s\u00fcrd\u00fcr\u00fcyor. H\u0131rvat Tiyatro Evi, \u015fehrin kenar\u0131ndaki neoklasik bir salonu i\u015fgal ediyor. 1830&#039;da kurulan Ulusal M\u00fcze ve Arkeoloji M\u00fczesi, tarih \u00f6ncesinden R\u00f6nesans&#039;a kadar uzanan eserleri sergilerken, Antik Cam M\u00fczesi yerel kesme ve \u00fcfleme tekniklerini izliyor. Kutsal sanat\u0131n kal\u0131c\u0131 sergisi olan &#034;Zadar&#039;\u0131n Alt\u0131n\u0131 ve G\u00fcm\u00fc\u015f\u00fc&#034;, eski bir kilisenin duvarlar\u0131 i\u00e7indeki dini metal i\u015f\u00e7ili\u011fini ve kutsal emanetleri ortaya koyuyor. M\u00fczik de varl\u0131\u011f\u0131n\u0131 s\u00fcrd\u00fcr\u00fcyor: 1885&#039;te kurulan H\u0131rvat \u015eark\u0131 M\u00fczik Toplulu\u011fu Zorani\u0107, koro gelene\u011fini s\u00fcrd\u00fcr\u00fcyor ve her yaz 1961&#039;de ba\u015flayan &#034;St. Donatus&#039;ta M\u00fczik Ak\u015famlar\u0131&#034;n\u0131n sakin yank\u0131lar\u0131 Adriyatik esintisiyle kar\u0131\u015f\u0131yor. 1997&#039;den beri, uluslararas\u0131 bir koro yar\u0131\u015fmas\u0131 yurtd\u0131\u015f\u0131ndan gelen sesleri Zadar&#039;\u0131n orta\u00e7a\u011f kemerlerinin alt\u0131nda \u015fark\u0131 s\u00f6ylemeye getiriyor.<\/p>\n<p>1807&#039;de kesintiye u\u011frayan akademik hayat, 2002&#039;de orta\u00e7a\u011f \u00f6nc\u00fcl\u00fc 1396&#039;ya dayanan Zadar \u00dcniversitesi&#039;nin yeniden kurulmas\u0131yla yeniden canland\u0131. K\u00fct\u00fcphaneleri belediye ar\u015fivini ayakta tutarken, fak\u00fclteler \u015fehrin Kuzey Dalma\u00e7ya i\u00e7in e\u011fitim, end\u00fcstri ve ula\u015f\u0131m merkezi rol\u00fcnden yararlan\u0131yor. \u0130dari olarak Zadar, il\u00e7esinin ve daha geni\u015f b\u00f6lgenin merkezi, ticaret ve y\u00f6netim merkezi olarak hizmet veriyor.<\/p>\n<p>Ula\u015f\u0131m ba\u011flant\u0131lar\u0131, \u015fehrin hem son durak hem de ana yol olarak rol\u00fcn\u00fc yans\u0131t\u0131r. Adriyatik k\u0131y\u0131 otoyolu Zadar&#039;dan ge\u00e7erek Split&#039;i g\u00fcneyde Rijeka ve Zagreb&#039;e i\u00e7 hatlar \u00fczerinden ba\u011flar; iki kav\u015fak -Zadar 1 ve Zadar 2- kentsel a\u011fa eri\u015fim sa\u011flarken, D424 ekspres yolu Ga\u017eenica liman\u0131na \u00e7\u0131kar. Karada, otob\u00fcsler tek kamu hizmetini sa\u011flar; ana istasyondaki \u015fehirleraras\u0131 otob\u00fcsler ve banliy\u00f6 rotalar\u0131 Liburnija \u015firketi taraf\u0131ndan i\u015fletilmektedir. Bir zamanlar Zadar&#039;\u0131 Knin&#039;e ve \u00f6tesine ba\u011flayan demir yolu, 2020&#039;de yolcu operasyonlar\u0131n\u0131 durdurdu ve bu da onu do\u011frudan tren ba\u011flant\u0131s\u0131 olmayan Avrupa&#039;n\u0131n en b\u00fcy\u00fck \u015fehirlerinden biri haline getirdi. Denizden, araba feribotlar\u0131 her g\u00fcn \u0130talya&#039;daki Ancona&#039;ya sefer d\u00fczenler ve yerel katamaranlar ve feribotlar tak\u0131madalardaki adalara hizmet verir. Zemunik havaalan\u0131nda, d\u00fc\u015f\u00fck maliyetli ta\u015f\u0131y\u0131c\u0131lar yaz tarifelerini geni\u015fleterek y\u0131ll\u0131k ortalama trafikte yakla\u015f\u0131k &#039;luk bir art\u0131\u015fa neden oluyor.<\/p>\n<p>Yine de turizm Zadar&#039;\u0131n modern ya\u015fam\u0131n\u0131n kalbinde yer almaya devam ediyor. Ziyaret\u00e7iler yaln\u0131zca \u015fehrin katmanl\u0131 miras\u0131yla de\u011fil, \u015fehrin onlar\u0131 a\u011f\u0131rlama kapasitesiyle de \u00e7ekiliyor. Ga\u017eenica liman\u0131 \u00f6zel yatlar i\u00e7in roll-on, roll-off r\u0131ht\u0131mlar sunuyor; eski \u015fehir, kafelerin kilise duvarlar\u0131na yasland\u0131\u011f\u0131 y\u0131lan gibi sokaklarda uzan\u0131yor; \u00e7a\u011fda\u015f heykeller, filmler ve sergiler kamusal alanlar\u0131 canland\u0131r\u0131yor. \u0130ngiliz gazeteleri bu canl\u0131l\u0131\u011fa dikkat \u00e7ekti - The Times, Zadar&#039;\u0131 &#034;Adriyatik&#039;in e\u011flence merkezi&#034; olarak adland\u0131r\u0131rken, The Guardian 2017&#039;de &#034;H\u0131rvatistan&#039;\u0131n yeni haval\u0131 ba\u015fkenti&#034; olarak adland\u0131rd\u0131 - ancak bu t\u00fcr s\u0131fatlar \u015fehrin ger\u00e7ek do\u011fas\u0131na sadece i\u015faret ediyor. \u015eafak \u0131\u015f\u0131\u011f\u0131nda, orgun \u00fcrk\u00fct\u00fcc\u00fc tonlar\u0131na ev sahipli\u011fi yapan deniz duvar\u0131 basamaklar\u0131 zamans\u0131z g\u00f6r\u00fcn\u00fcyor. G\u00fcn bat\u0131m\u0131nda, \u015f\u0131ng\u0131rdayan armoniler mart\u0131 \u00e7\u0131\u011fl\u0131klar\u0131yla kar\u0131\u015f\u0131yor ve ziyaret\u00e7iler y\u00fczy\u0131llard\u0131r ta\u015f \u00fczerinde ge\u00e7en \u0131\u015f\u0131\u011f\u0131 yakalamak i\u00e7in duruyor.<\/p>\n<p>B\u00f6yle anlarda Zadar, dura\u011fan bir m\u00fcze olarak de\u011fil, tarihin, iklimin ve k\u00fclt\u00fcr\u00fcn s\u00fcrekli ileti\u015fim halinde oldu\u011fu bir yer olarak kendini g\u00f6sterir. Her kilise kap\u0131s\u0131, her duvar par\u00e7as\u0131, de\u011fi\u015fen egemenlikler alt\u0131nda hayatta kalmaya tan\u0131kl\u0131k eder. Vatanda\u015flar\u0131, limandan meydana, burun park\u0131ndan y\u00fcksek surlara kadar tan\u0131d\u0131k rotalar\u0131 takip ederek, imparatorluk ve deniz taraf\u0131ndan \u015fekillendirilmi\u015f bir \u015fehirdeki g\u00fcnl\u00fck ya\u015fam\u0131n ritimlerini ileriye ta\u015f\u0131rlar. Burada, H\u0131rvatistan&#039;\u0131n en eski sahnesinde, insan yerle\u015fiminin kesintisiz ipli\u011fi, bir eser olarak de\u011fil, devam eden bir hikaye olarak varl\u0131\u011f\u0131n\u0131 s\u00fcrd\u00fcr\u00fcr; bu hikayede, g\u00fcn\u00fcm\u00fcz, kendi zaman\u0131nda, izleyenler taraf\u0131ndan yeniden hayal edilecek ge\u00e7mi\u015f haline gelir.<\/p>","protected":false},"excerpt":{"rendered":"<p>H\u0131rvatistan&#039;\u0131n en eski s\u00fcrekli yerle\u015fim yeri olarak bilinen Zadar, Adriyatik Denizi k\u0131y\u0131s\u0131ndaki kuzeybat\u0131 Ravni Kotari b\u00f6lgesinde yer almaktad\u0131r. 2011&#039;de 75.082 n\u00fcfusa sahip olan Zadar, H\u0131rvatistan&#039;\u0131n be\u015finci b\u00fcy\u00fck \u015fehri ve Dalma\u00e7ya&#039;n\u0131n ikinci b\u00fcy\u00fck \u015fehridir. Tarihi miras ve modern alakan\u0131n bir kar\u0131\u015f\u0131m\u0131n\u0131 yans\u0131tan bu 25 kilometrekarelik (9,7 mil kare) metropol merkezi, Zadar \u0130l\u00e7esi&#039;nin ve kuzey Dalma\u00e7ya b\u00f6lgesinin idari merkezi olarak hizmet vermektedir.<\/p>","protected":false},"author":1,"featured_media":2861,"parent":14435,"menu_order":0,"comment_status":"closed","ping_status":"closed","template":"elementor_theme","meta":{"_eb_attr":"","footnotes":""},"class_list":["post-14441","page","type-page","status-publish","has-post-thumbnail"],"_links":{"self":[{"href":"https:\/\/travelshelper.com\/tr\/wp-json\/wp\/v2\/pages\/14441","targetHints":{"allow":["GET"]}}],"collection":[{"href":"https:\/\/travelshelper.com\/tr\/wp-json\/wp\/v2\/pages"}],"about":[{"href":"https:\/\/travelshelper.com\/tr\/wp-json\/wp\/v2\/types\/page"}],"author":[{"embeddable":true,"href":"https:\/\/travelshelper.com\/tr\/wp-json\/wp\/v2\/users\/1"}],"replies":[{"embeddable":true,"href":"https:\/\/travelshelper.com\/tr\/wp-json\/wp\/v2\/comments?post=14441"}],"version-history":[{"count":0,"href":"https:\/\/travelshelper.com\/tr\/wp-json\/wp\/v2\/pages\/14441\/revisions"}],"up":[{"embeddable":true,"href":"https:\/\/travelshelper.com\/tr\/wp-json\/wp\/v2\/pages\/14435"}],"wp:featuredmedia":[{"embeddable":true,"href":"https:\/\/travelshelper.com\/tr\/wp-json\/wp\/v2\/media\/2861"}],"wp:attachment":[{"href":"https:\/\/travelshelper.com\/tr\/wp-json\/wp\/v2\/media?parent=14441"}],"curies":[{"name":"wp","href":"https:\/\/api.w.org\/{rel}","templated":true}]}}