{"id":14435,"date":"2024-09-19T14:14:16","date_gmt":"2024-09-19T14:14:16","guid":{"rendered":"https:\/\/travelshelper.com\/staging\/?page_id=14435"},"modified":"2026-03-11T22:48:07","modified_gmt":"2026-03-11T22:48:07","slug":"hirvatistan","status":"publish","type":"page","link":"https:\/\/travelshelper.com\/tr\/destinations\/europe\/croatia\/","title":{"rendered":"H\u0131rvatistan"},"content":{"rendered":"<p>H\u0131rvatistan, Orta ve G\u00fcneydo\u011fu Avrupa&#039;n\u0131n birle\u015fti\u011fi noktada yer al\u0131r ve engebeli k\u0131y\u0131 \u015feridi Adriyatik Denizi&#039;nin 1.700 kilometreden fazlas\u0131n\u0131 izler. S\u0131n\u0131rlar\u0131 i\u00e7inde (56.594 kilometrekarelik kara ve 128 kilometrekarelik i\u00e7 su) bu cumhuriyet, dikkate de\u011fer bir arazi ve k\u00fclt\u00fcr \u00e7e\u015fitlili\u011fini kucaklar. Kuzeybat\u0131da, Slovenya yumu\u015fak bir s\u0131n\u0131r\u0131 payla\u015f\u0131r; kuzeydo\u011fuda Macaristan&#039;\u0131n ovalar\u0131 uzan\u0131r; do\u011fuda S\u0131rbistan; ve daha g\u00fcneyde Bosna-Hersek ve Karada\u011f. Bat\u0131da ince bir deniz \u015feridinin kar\u015f\u0131s\u0131nda \u0130talya yer al\u0131r. En g\u00fcneyde, Dubrovnik civar\u0131nda, Pelje\u0161ac K\u00f6pr\u00fcs\u00fc art\u0131k bir zamanlar k\u0131y\u0131 eksklav\u0131n\u0131 anakaradan ay\u0131ran kanal\u0131 kaplamaktad\u0131r. H\u0131rvatistan, i\u00e7te Zagreb ve yirmi il\u00e7eye ayr\u0131l\u0131r ve ba\u015fkenti ve en b\u00fcy\u00fck \u015fehri olan Zagreb hem bir kent merkezi hem de kendi idari birimi olarak i\u015flev g\u00f6r\u00fcr. Di\u011fer b\u00fcy\u00fck kent merkezleri aras\u0131nda Split, Rijeka ve Osijek bulunur ve her biri farkl\u0131 tarih ve ekonomi b\u00f6lgelerini bar\u0131nd\u0131r\u0131r. Hrvatsko Zagorje&#039;nin engebeli tepeleri, Slavonya&#039;n\u0131n verimli ovalar\u0131, Dinar Alpleri&#039;nin kire\u00e7 ta\u015f\u0131 tepeleri ve Adriyatik k\u0131y\u0131lar\u0131n\u0131 s\u00fcsleyen say\u0131s\u0131z ada aras\u0131nda yakla\u015f\u0131k 3,9 milyon insan ya\u015f\u0131yor.<\/p>\n<p>H\u0131rvat siyasi yap\u0131s\u0131n\u0131n k\u00f6kenleri, Slav kabilelerinin (sonradan H\u0131rvatlar olarak bilinirler) Roma \u0130lirya&#039;s\u0131na yerle\u015fti\u011fi alt\u0131nc\u0131 y\u00fczy\u0131l\u0131n sonlar\u0131na kadar uzan\u0131r. Yedinci y\u00fczy\u0131la gelindi\u011finde Dalma\u00e7ya k\u0131y\u0131lar\u0131nda iki d\u00fckl\u00fck kurmu\u015flard\u0131. 879&#039;da D\u00fck Branimir, H\u0131rvat ba\u011f\u0131ms\u0131zl\u0131\u011f\u0131n\u0131n resmi olarak tan\u0131nmas\u0131n\u0131 sa\u011flad\u0131 ve Papal\u0131k ile siyasi bir g\u00fcvence olarak devam edecek ba\u011flar kurdu. 925&#039;te ta\u00e7 giyen Kral Tomislav y\u00f6netiminde H\u0131rvatistan, k\u0131y\u0131 ve i\u00e7 kesimlerdeki hakimiyetini sa\u011flamla\u015ft\u0131ran bir krall\u0131k olarak ortaya \u00e7\u0131kt\u0131. Trpimirovi\u0107 hanedan\u0131n\u0131n sonunda ya\u015fanan hanedan krizi, 1102&#039;de Macaristan ile ki\u015fisel bir birli\u011fe yol a\u00e7t\u0131, ancak ard\u0131\u015f\u0131k y\u00fczy\u0131llarda H\u0131rvatistan&#039;\u0131n soylular\u0131, Habsburg y\u00f6netimi alt\u0131nda bile belirgin yasal ve idari geleneklerini korudu. 1527&#039;de Osmanl\u0131 ak\u0131nlar\u0131yla kar\u015f\u0131 kar\u015f\u0131ya kalan H\u0131rvat Parlamentosu, bir kez daha Habsburglara y\u00f6neldi ve Ferdinand I&#039;i tahta se\u00e7ti.<\/p>\n<p>Yirminci y\u00fczy\u0131l \u00e7alkant\u0131 ve d\u00f6n\u00fc\u015f\u00fcm getirdi. Ekim 1918&#039;de Slovenler, H\u0131rvatlar ve S\u0131rplar Devleti, \u00e7\u00f6kmekte olan Avusturya-Macaristan \u0130mparatorlu\u011fu&#039;ndan ba\u011f\u0131ms\u0131zl\u0131\u011f\u0131n\u0131 ilan etti ve iki ay sonra S\u0131rplar, H\u0131rvatlar ve Slovenler Krall\u0131\u011f\u0131&#039;na kat\u0131ld\u0131. Mihver&#039;in 1941&#039;de Yugoslavya&#039;y\u0131 i\u015fgal etmesinden sonra, modern H\u0131rvatistan&#039;\u0131n \u00e7o\u011fu kukla H\u0131rvatistan Ba\u011f\u0131ms\u0131z Devleti&#039;ni kurdu. Kom\u00fcnist liderli\u011findeki bir direni\u015f sonunda galip geldi ve H\u0131rvatistan Sosyalist Cumhuriyeti, Yugoslavya Sosyalist Federal Cumhuriyeti&#039;nin federal bir bile\u015feni oldu. 25 Haziran 1991&#039;de H\u0131rvatistan egemenli\u011fini ilan etti. D\u00f6rt y\u0131ll\u0131k bir \u00e7at\u0131\u015fma ba\u015flad\u0131 ve ancak toprak b\u00fct\u00fcnl\u00fc\u011f\u00fcn\u00fcn yeniden sa\u011flanmas\u0131 ve yerinden edilmi\u015f n\u00fcfusun 1995&#039;te yeniden entegrasyonuyla sona erdi.<\/p>\n<p>Bug\u00fcn H\u0131rvatistan, parlamenter bir sisteme sahip demokratik bir cumhuriyet olarak i\u015flev g\u00f6rmektedir. Avrupa ve uluslararas\u0131 kurumlara tam olarak kat\u0131lmaktad\u0131r: Avrupa Birli\u011fi ve Avro B\u00f6lgesi ve Schengen Alan\u0131; NATO; Birle\u015fmi\u015f Milletler; Avrupa Konseyi; AG\u0130T; D\u00fcnya Ticaret \u00d6rg\u00fct\u00fc; ve Akdeniz Birli\u011fi. OECD \u00fcyeli\u011fine aday olan \u00fclke, Birle\u015fmi\u015f Milletler bar\u0131\u015f\u0131 koruma \u00e7al\u0131\u015fmalar\u0131na asker g\u00f6ndermi\u015f ve bir zamanlar BM G\u00fcvenlik Konseyi&#039;nde daimi olmayan bir koltukta bulunmu\u015ftur.<\/p>\n<p>Ekonomik olarak H\u0131rvatistan, y\u00fcksek gelirli geli\u015fmi\u015f \u00fclkeler aras\u0131nda yer almaktad\u0131r. Nominal GSY\u0130H&#039;sinin 2024 y\u0131l\u0131nda yakla\u015f\u0131k 88 milyar ABD dolar\u0131na, ki\u015fi ba\u015f\u0131na yakla\u015f\u0131k 22.966 dolara ula\u015fmas\u0131, sat\u0131n alma g\u00fcc\u00fc paritesi GSY\u0130H&#039;sinin ise 175 milyar dolara, ki\u015fi ba\u015f\u0131na 45.702 dolara yakla\u015fmas\u0131 tahmin edilmektedir. 2023 y\u0131l\u0131nda ger\u00e7ek b\u00fcy\u00fcme %2,8 seviyesinde ger\u00e7ekle\u015fmi\u015f olup, ki\u015fi ba\u015f\u0131na d\u00fc\u015fen GSY\u0130H AB ortalamas\u0131n\u0131n yakla\u015f\u0131k &#039;s\u0131 seviyesindedir. Hizmet sekt\u00f6r\u00fc ekonomik \u00e7\u0131kt\u0131n\u0131n yakla\u015f\u0131k &#039;ini, sanayi yakla\u015f\u0131k &#039;s\u0131n\u0131 ve tar\u0131m ise %4&#039;\u00fcn alt\u0131nda bir paya sahiptir. Gemi yap\u0131m\u0131, g\u0131da i\u015fleme, ila\u00e7, bilgi teknolojisi ve kereste, end\u00fcstriyel temeller aras\u0131ndad\u0131r. Turizm \u00f6zellikle hayati \u00f6neme sahip olmaya devam etmektedir; 2019 y\u0131l\u0131nda yakla\u015f\u0131k 10,5 milyar avro gelir elde etmi\u015f ve pandemiden \u00f6nce yakla\u015f\u0131k 20 milyon ziyaret\u00e7i \u00e7ekmi\u015ftir. Dalma\u00e7ya k\u0131y\u0131lar\u0131ndaki deniz tatil k\u00f6yleri ve k\u00fclt\u00fcrel festivaller, i\u00e7 kesimlerdeki tar\u0131m turizmi ve Zagreb&#039;deki kentsel cazibe merkezleri, \u00e7ekicili\u011fine katk\u0131da bulunmaktad\u0131r. H\u00fck\u00fcmet, 2000&#039;li y\u0131llar\u0131n ba\u015f\u0131ndan bu yana d\u00f6rt Pan-Avrupa koridoru boyunca yollara ve demiryollar\u0131na ve Krk Adas\u0131 a\u00e7\u0131klar\u0131nda bulunan LNG Hrvatska adl\u0131 a\u00e7\u0131k deniz s\u0131v\u0131la\u015ft\u0131r\u0131lm\u0131\u015f do\u011fal gaz ithalat terminaline b\u00fcy\u00fck yat\u0131r\u0131mlar yapt\u0131.<\/p>\n<p>Co\u011frafi olarak H\u0131rvatistan&#039;\u0131n profili \u00e7arp\u0131c\u0131d\u0131r. Y\u00fckseklikler, deniz seviyesinden 1.831 metre y\u00fckseklikteki Dinara zirvesine kadar y\u00fckselir ve Adriyatik k\u0131y\u0131 \u015feridine kadar uzan\u0131r. \u0130\u00e7 kesimlerde, Pannonian Havzas\u0131 d\u00fcz ovalar ve nehir vadileri sunar; Tuna ve Drava ula\u015f\u0131m ve sulama sa\u011flar; Dinar Alpleri ve karst platolar\u0131 ise engebeli bir omurga olu\u015fturur. 48&#039;i kal\u0131c\u0131 olarak yerle\u015fim yeri olan binin \u00fczerinde ada ve adac\u0131k k\u0131y\u0131 boyunca da\u011f\u0131lm\u0131\u015ft\u0131r; Cres ve Krk&#039;\u0131n her biri yakla\u015f\u0131k 405 kilometrekarelik bir alan\u0131 kaplar. Bin metreden daha derin karst \u00e7\u00f6k\u00fcnt\u00fcleri, yeralt\u0131 nehirleri ve ma\u011faralar b\u00f6lgenin kire\u00e7 ta\u015f\u0131 temellerine tan\u0131kl\u0131k eder. En \u00fcnl\u00fc do\u011fal harikalar\u0131 aras\u0131nda, orman\u0131n ortas\u0131nda bir dizi on alt\u0131 t\u00fcf bariyerli g\u00f6l\u00fcn \u00e7a\u011flad\u0131\u011f\u0131, su tonlar\u0131n\u0131n masmaviden nane ye\u015filine de\u011fi\u015fti\u011fi Plitvice g\u00f6lleri yer al\u0131r.<\/p>\n<p>\u0130klim belirgin \u015fekilde de\u011fi\u015fir. K\u0131ta H\u0131rvatistan&#039;\u0131 so\u011fuk k\u0131\u015flar ya\u015far, ortalama Ocak s\u0131cakl\u0131klar\u0131 yakla\u015f\u0131k -3 \u00b0C ve Temmuz&#039;da s\u0131cak yazlar 18 \u00b0C civar\u0131ndad\u0131r. 1.200 metrenin \u00fczerindeki rak\u0131mlardaki Lika ve Gorski Kotar&#039;da \u00f6nemli kar ya\u011f\u0131\u015f\u0131 g\u00f6r\u00fcl\u00fcr. Adriyatik boyunca Akdeniz etkisi a\u015f\u0131r\u0131l\u0131klar\u0131 yumu\u015fat\u0131r: yazlar s\u0131cak ve kuru, k\u0131\u015flar \u0131l\u0131k ve ya\u011f\u0131\u015fl\u0131d\u0131r. Ya\u011f\u0131\u015f, do\u011fu ovalar\u0131nda y\u0131lda 600 milimetreden Dinar zirvelerinde 3.500 milimetrenin \u00fczerine \u00e7\u0131kar. En g\u00fcne\u015fli yerler, y\u0131lda 2.700&#039;den fazla g\u00fcne\u015f saatinin tad\u0131n\u0131 \u00e7\u0131karan d\u0131\u015f adalar olan Hvar ve Kor\u010dula&#039;d\u0131r. R\u00fczgarlar aras\u0131nda kuzeydo\u011fudan gelen kuru, sert bura ve g\u00fcneyden gelen nemli jugo bulunur.<\/p>\n<p>H\u0131rvatistan&#039;\u0131n altyap\u0131s\u0131 milenyumun ba\u015flang\u0131c\u0131ndan bu yana h\u0131zla geni\u015fledi. Aral\u0131k 2020&#039;ye kadar otoyol a\u011f\u0131 1.300 kilometreden fazla uzan\u0131yordu ve b\u00fcy\u00fck \u015fehirleri Zagreb&#039;den Split&#039;e A1 ve Slavonya&#039;daki A3 \u00fczerinden birbirine ba\u011fl\u0131yordu. Devlet yollar\u0131 bu a\u011f\u0131 besliyor ve EuroTAP ve EuroTest y\u00fcksek g\u00fcvenlik standartlar\u0131n\u0131 kabul etti. Demiryollar\u0131 yakla\u015f\u0131k 2.600 kilometre uzan\u0131yor ve bunlar\u0131n yakla\u015f\u0131k 1.000 kilometresi elektrikli. 2024&#039;teki \u00f6nemli yat\u0131r\u0131mlar -en \u00f6nemlisi 400 milyon \u20ac&#039;luk Avrupa Yat\u0131r\u0131m Bankas\u0131 kredisi- Split ile Zagreb aras\u0131ndaki hizmeti iyile\u015ftirmek i\u00e7in raylar\u0131 modernize etmeyi ve alt\u0131 elektro-dizel \u00e7oklu \u00fcnite sat\u0131n almay\u0131 hedefliyor. Temmuz 2022&#039;de a\u00e7\u0131lan 2,4 kilometrelik Pelje\u0161ac K\u00f6pr\u00fcs\u00fc art\u0131k g\u00fcney eksklav\u0131n\u0131 anakarayla birle\u015ftiriyor ve Kor\u010dula ve Lastovo&#039;ya giden yollar\u0131 32 kilometreden fazla k\u0131salt\u0131yor.<\/p>\n<p>Yedi uluslararas\u0131 havaliman\u0131ndan olu\u015fan bir a\u011f, yerli ve yabanc\u0131 yolculara hizmet veriyor. Zagreb&#039;deki Franjo Tu\u0111man Havaliman\u0131 en b\u00fcy\u00fc\u011f\u00fc iken, Split, Dubrovnik, Zadar, Pula, Rijeka ve Osijek mevsimsel ve b\u00f6lgesel trafi\u011fi y\u00f6netiyor. H\u0131rvatistan Havayollar\u0131, 2024 ortas\u0131ndan itibaren Airbus A220-300 u\u00e7aklar\u0131n\u0131 entegre etmeye ba\u015flad\u0131 ve yak\u0131t kullan\u0131m\u0131nda ve emisyonlarda &#039;lik bir azalma \u00f6ng\u00f6rd\u00fc. Ta\u015f\u0131y\u0131c\u0131 ayr\u0131ca rotalar\u0131 geni\u015fleterek Zagreb ile Tiran, Berlin, Stockholm ve Hamburg gibi \u015fehirler aras\u0131nda direkt u\u00e7u\u015flar ba\u015flatt\u0131.<\/p>\n<p>Deniz ta\u015f\u0131mac\u0131l\u0131\u011f\u0131 vazge\u00e7ilmez olmaya devam ediyor. Rijeka Liman\u0131 en b\u00fcy\u00fck kargo hacmini idare ederken, yolcu trafi\u011fi Split ve Zadar&#039;da zirve yap\u0131yor. Nehir ticareti Tuna Nehri \u00fczerindeki Vukovar&#039;dan ge\u00e7erek Pan-Avrupa Koridoru VII ile ba\u011flant\u0131 kuruyor.<\/p>\n<p>Demografik olarak, H\u0131rvatistan&#039;\u0131n n\u00fcfusu yakla\u015f\u0131k 3,87 milyondur, kilometrekare ba\u015f\u0131na yakla\u015f\u0131k 73 ki\u015fi yo\u011funlu\u011fu vard\u0131r ve bu bir\u00e7ok Avrupa \u00fclkesinden daha d\u00fc\u015f\u00fckt\u00fcr. Do\u011fumda beklenen ya\u015fam s\u00fcresi 2018&#039;de 76,3 y\u0131la ula\u015fm\u0131\u015ft\u0131r. Ba\u011f\u0131ms\u0131zl\u0131k sava\u015f\u0131 \u00f6nemli bir yerinden edilmeyi h\u0131zland\u0131rm\u0131\u015ft\u0131r: 400.000&#039;den fazla H\u0131rvat, a\u011f\u0131rl\u0131kl\u0131 olarak i\u015fgal edilen b\u00f6lgelerden ka\u00e7t\u0131 veya kovuldu ve 150.000 ila 200.000 S\u0131rp, F\u0131rt\u0131na Operasyonu&#039;ndan \u00f6nce ayr\u0131ld\u0131. Sonraki y\u0131llarda, Bosna-Hersek&#039;ten yerinden edilmi\u015f H\u0131rvatlar\u0131n yeniden yerle\u015ftirilmesinin yan\u0131 s\u0131ra bir\u00e7ok geri d\u00f6nen g\u00f6r\u00fcld\u00fc.<\/p>\n<p>Resmen laik olan H\u0131rvatistan, din \u00f6zg\u00fcrl\u00fc\u011f\u00fcn\u00fc garanti eder. 2011 n\u00fcfus say\u0131m\u0131na g\u00f6re, Hristiyanlar n\u00fcfusun &#039;inden fazlas\u0131n\u0131 olu\u015fturur, \u00e7o\u011funlukla Roma Katolikleri (), ard\u0131ndan Ortodoks ve Protestan topluluklar gelir. \u0130slam yakla\u015f\u0131k %1,5&#039;i olu\u015ftururken, %4,6&#039;s\u0131 dinsiz olarak tan\u0131mlanmaktad\u0131r. Ancak d\u00fczenli kilise kat\u0131l\u0131m\u0131 &#039;in alt\u0131nda kalmaktad\u0131r.<\/p>\n<p>H\u0131rvat\u00e7a, Latin alfabesiyle yaz\u0131lm\u0131\u015f G\u00fcney Slav dili olan tek resmi dildir. Az\u0131nl\u0131k dilleri\u2014\u00c7ek\u00e7e, Macarca, \u0130talyanca, S\u0131rp\u00e7a ve Slovak\u00e7a\u2014konu\u015fanlar\u0131n\u0131n yerel n\u00fcfusun \u00fc\u00e7te birinden fazla oldu\u011fu belediyelerde resmi stat\u00fcye sahiptir; Arnavut\u00e7a, Bo\u015fnak\u00e7a ve T\u00fcrk\u00e7e gibi di\u011ferleri de tan\u0131nmaktad\u0131r. \u00dc\u00e7 ana leh\u00e7e\u2014\u015etokavian, \u00c7akavian ve Kayakavyan\u2014tarihi yerle\u015fim d\u00fczenlerini yans\u0131t\u0131r.<\/p>\n<p>H\u0131rvatistan&#039;daki k\u00fclt\u00fcr, Orta Avrupa, Akdeniz, Balkan ve Bizans etkilerini harmanlamaktad\u0131r. K\u00fclt\u00fcr Bakanl\u0131\u011f\u0131, karada on UNESCO D\u00fcnya Miras\u0131 Alan\u0131 ve on be\u015f somut olmayan miras unsurunu korumaktad\u0131r ve bu t\u00fcr belirlemelerde k\u00fcresel olarak d\u00f6rd\u00fcnc\u00fc s\u0131rada yer almaktad\u0131r. On dokuzuncu y\u00fczy\u0131l \u0130lirya hareketinin miras\u0131, edebiyat, sanat ve bilimde ulusal bir r\u00f6nesans\u0131 te\u015fvik ederek \u00f6nemli olmaya devam etmektedir. Bug\u00fcn doksandan fazla profesyonel tiyatro, k\u0131rk orkestra ve koro ve iki y\u00fczden fazla m\u00fcze, her y\u0131l milyonlarca izleyiciye hizmet vermektedir. 26,8 milyon cilt bar\u0131nd\u0131ran 1.768 k\u00fct\u00fcphanelik ulusal sistem gibi k\u00fct\u00fcphaneler ve ar\u015fivler, zengin bir yaz\u0131l\u0131 gelene\u011fi korumaktad\u0131r. H\u0131rvatistan&#039;\u0131n k\u00fcresel modaya katk\u0131s\u0131, on yedinci y\u00fczy\u0131lda modern kravat\u0131n atas\u0131 olan kravatla ba\u015flam\u0131\u015ft\u0131r.<\/p>\n<p>Mutfak desenleri b\u00f6lgeye g\u00f6re de\u011fi\u015fir. K\u0131y\u0131 boyunca Akdeniz lezzetleri bask\u0131nd\u0131r: zeytinya\u011f\u0131, sar\u0131msak, deniz \u00fcr\u00fcnleri ve makarna; i\u00e7 kesimlerde Orta Avrupa ve Balkan etkileri doyurucu et yemekleri, tatl\u0131 su bal\u0131klar\u0131 ve sebze g\u00fcve\u00e7leri sunar. Haritay\u0131 iki \u015farap b\u00f6lgesi b\u00f6ler. K\u0131ta Slavonya&#039;da \u015farap imalathaneleri canl\u0131 beyaz \u015faraplar \u00fcretir; \u0130stria yar\u0131madas\u0131 ve kuzey k\u0131y\u0131s\u0131 boyunca \u015faraplar \u0130talyan stillerine benzer; ve Dalma\u00e7ya&#039;da k\u0131rm\u0131z\u0131 \u015faraplar Akdeniz g\u00fcne\u015fi alt\u0131nda geli\u015fir. Y\u0131ll\u0131k \u015farap \u00fcretimi 72 milyon litreyi a\u015fmaktad\u0131r. Bira yap\u0131m gelenekleri on sekizinci y\u00fczy\u0131l\u0131n sonlar\u0131nda ortaya \u00e7\u0131km\u0131\u015f ve biray\u0131 \u00fclkenin en \u00e7ok t\u00fcketilen alkoll\u00fc i\u00e7ece\u011fi yapm\u0131\u015ft\u0131r. On bir restoran Michelin y\u0131ld\u0131z\u0131 kazanm\u0131\u015f ve seksen sekizi daha mutfak m\u00fckemmelli\u011fiyle tan\u0131nm\u0131\u015ft\u0131r.<\/p>\n<p>Turizm H\u0131rvatistan&#039;\u0131n uluslararas\u0131 imaj\u0131n\u0131 \u015fekillendiriyor. K\u0131y\u0131 orta\u00e7a\u011f \u015fehirleri (Dubrovnik, Split, \u0160ibenik ve Zadar gibi) orta\u00e7a\u011f mimarisinin kalelerini ve yaz festivallerini sunuyor. \u0130lk tatil yeri olan Opatija, 19. y\u00fczy\u0131l\u0131n ortalar\u0131nda Avrupa&#039;n\u0131n se\u00e7kinleri i\u00e7in bir sa\u011fl\u0131k merkezi olarak \u00f6ne \u00e7\u0131kt\u0131. Tekne marinalar\u0131, kirlenmemi\u015f sular\u0131n berrakl\u0131\u011f\u0131na ve 116 Mavi Bayrakl\u0131 plaja \u00e7ekilen denizci ziyaret\u00e7ileri ayakta tutarak on alt\u0131 binden fazla yata ev sahipli\u011fi yap\u0131yor. \u0130\u00e7 kesimlerdeki cazibe merkezleri aras\u0131nda Plitvice ve Krka milli parklar\u0131, da\u011f kapl\u0131calar\u0131 ve tar\u0131m turizmi \u00e7iftlikleri yer al\u0131yor. Avusturya-Macaristan bulvarlar\u0131 ve sokak seviyesindeki kafe k\u00fclt\u00fcr\u00fcyle Zagreb, y\u0131l boyu \u00e7ekicili\u011fiyle k\u0131y\u0131 destinasyonlar\u0131yla rekabet ediyor. \u00d6zellikle H\u0131rvatistan, Avrupa&#039;da ticari nat\u00fcrist tatil yerlerine \u00f6nc\u00fcl\u00fck etti; y\u0131ll\u0131k ziyaret\u00e7ilerin yakla\u015f\u0131k y\u00fczde on be\u015fi (bir milyondan fazla ki\u015fi) &#034;FKK&#034; olarak i\u015faretlenmi\u015f belirlenmi\u015f ve resmi olmayan plajlarda nat\u00fcrizme kat\u0131l\u0131yor.<\/p>\n<p>E\u011flence turizminin \u00f6tesinde, t\u0131bbi seyahat ni\u015f bir sekt\u00f6r olarak b\u00fcy\u00fcd\u00fc. AB e\u011fitim standartlar\u0131na uygun olarak Zagreb, Split ve Rijeka&#039;daki di\u015f klinikleri, k\u0131sa s\u00fcreli tedavi arayan m\u00fc\u015fterilere hizmet veriyor.<\/p>\n<p>Ziyaret\u00e7ilerin g\u00fcvenlik ve sa\u011fl\u0131k hususlar\u0131na dikkat etmeleri \u00f6nerilir. Acil servislere 112 arac\u0131l\u0131\u011f\u0131yla ula\u015f\u0131l\u0131r ve ki\u015filerin kimlik ta\u015f\u0131malar\u0131 yasal olarak zorunludur. Su\u00e7 oranlar\u0131 b\u00f6lgesel standartlara g\u00f6re d\u00fc\u015f\u00fck kalmaya devam eder ve yolsuzluk veya gasp olaylar\u0131 nadirdir. A\u00e7\u0131k hava merakl\u0131lar\u0131, k\u0131rsal alanlardaki may\u0131n tarlalar\u0131 hakk\u0131nda yerel yetkililere dan\u0131\u015fmal\u0131d\u0131r (1991-95 \u00e7at\u0131\u015fmas\u0131n\u0131n bir miras\u0131d\u0131r) ancak asfalt yollar g\u00fcvenli kabul edilir. \u00d6zellikle Velebit masifi boyunca bura r\u00fczgar\u0131 200 km\/s&#039;yi a\u015fabilir; yetkililer ko\u015fullar tehlikeli hale geldi\u011finde yollar\u0131 kapat\u0131r. Turistler, a\u015f\u0131r\u0131 \u00fccret almaya meyilli yasad\u0131\u015f\u0131 striptiz kul\u00fcb\u00fc i\u015fletmelerine gitmekten cayd\u0131r\u0131l\u0131r. LGBT bireylere kar\u015f\u0131 ayr\u0131mc\u0131l\u0131k, \u00f6zellikle k\u0131rsal alanlarda m\u00fcmk\u00fcn olsa da, kent merkezleri daha kabul edici olma e\u011filimindedir. Musluk suyu yayg\u0131n olarak son derece saf olarak kabul edilir, ancak ziyaret\u00e7iler Jamnica veya Jana gibi \u015fi\u015felenmi\u015f markalar\u0131 tercih edebilir. Yaz aylar\u0131nda k\u0131ta ormanlar\u0131na giren gezginler, koruyucu giysiler giyerek ve kovucu kullanarak kenelere ve ilgili hastal\u0131klara kar\u015f\u0131 dikkatli olmal\u0131d\u0131r. Giri\u015fte herhangi bir a\u015f\u0131 zorunlulu\u011fu yoktur.<\/p>\n<p>H\u0131rvatistan&#039;\u0131n manzara, tarihi katmanlar ve k\u00fclt\u00fcrel canl\u0131l\u0131k dokusu, Avrupa&#039;n\u0131n say\u0131s\u0131z miras\u0131yla e\u015fsiz bir kar\u015f\u0131la\u015fma sunuyor. Adriyatik \u015fehirlerinin kalelerle \u00e7evrili duvarlar\u0131ndan karstlarla yontulmu\u015f i\u00e7 mekanlar\u0131na, Zagreb&#039;in sokaklar\u0131n\u0131n s\u0131cakl\u0131\u011f\u0131ndan ma\u011faralar\u0131n\u0131n sessiz derinliklerine kadar, \u00fclke z\u0131tl\u0131klar \u00fczerine bir \u00e7al\u0131\u015fma sunuyor. Erken d\u00fckl\u00fcklerden orta\u00e7a\u011f krall\u0131klar\u0131na, imparatorluk ve federasyondan modern cumhuriyete uzanan yolculu\u011fu, her ta\u015fta ve derede, festivallerde ve aile ve arkada\u015flar\u0131n bir araya geldi\u011fi masalarda yank\u0131lan\u0131yor. H\u0131rvatistan&#039;\u0131n kal\u0131c\u0131 cazibesi, bu ya\u015fanm\u0131\u015f karma\u015f\u0131kl\u0131kta yat\u0131yor.<\/p>","protected":false},"excerpt":{"rendered":"<p>Orta ve G\u00fcneydo\u011fu Avrupa&#039;da bulunan H\u0131rvatistan, Adriyatik k\u0131y\u0131s\u0131nda stratejik bir konuma sahiptir. Yakla\u015f\u0131k 3,9 milyon insan\u0131 kapsayan bu ola\u011fan\u00fcst\u00fc zenginlik ve \u00e7e\u015fitlili\u011fe sahip \u00fclke 56.594 kilometrekare (21.851 mil kare) alan\u0131 kaplar. Binlerce y\u0131ld\u0131r, \u00fclkenin al\u0131\u015f\u0131lmad\u0131k topografyas\u0131, jeopolitik \u00f6nemini, k\u00fclt\u00fcrel kimli\u011fini ve ekonomik b\u00fcy\u00fcmesini belirlemede \u00f6nemli olmu\u015ftur.<\/p>","protected":false},"author":1,"featured_media":4899,"parent":24078,"menu_order":0,"comment_status":"closed","ping_status":"closed","template":"elementor_theme","meta":{"_eb_attr":"","footnotes":""},"class_list":["post-14435","page","type-page","status-publish","has-post-thumbnail"],"_links":{"self":[{"href":"https:\/\/travelshelper.com\/tr\/wp-json\/wp\/v2\/pages\/14435","targetHints":{"allow":["GET"]}}],"collection":[{"href":"https:\/\/travelshelper.com\/tr\/wp-json\/wp\/v2\/pages"}],"about":[{"href":"https:\/\/travelshelper.com\/tr\/wp-json\/wp\/v2\/types\/page"}],"author":[{"embeddable":true,"href":"https:\/\/travelshelper.com\/tr\/wp-json\/wp\/v2\/users\/1"}],"replies":[{"embeddable":true,"href":"https:\/\/travelshelper.com\/tr\/wp-json\/wp\/v2\/comments?post=14435"}],"version-history":[{"count":0,"href":"https:\/\/travelshelper.com\/tr\/wp-json\/wp\/v2\/pages\/14435\/revisions"}],"up":[{"embeddable":true,"href":"https:\/\/travelshelper.com\/tr\/wp-json\/wp\/v2\/pages\/24078"}],"wp:featuredmedia":[{"embeddable":true,"href":"https:\/\/travelshelper.com\/tr\/wp-json\/wp\/v2\/media\/4899"}],"wp:attachment":[{"href":"https:\/\/travelshelper.com\/tr\/wp-json\/wp\/v2\/media?parent=14435"}],"curies":[{"name":"wp","href":"https:\/\/api.w.org\/{rel}","templated":true}]}}