{"id":14401,"date":"2024-09-19T13:12:23","date_gmt":"2024-09-19T13:12:23","guid":{"rendered":"https:\/\/travelshelper.com\/staging\/?page_id=14401"},"modified":"2026-03-11T22:44:06","modified_gmt":"2026-03-11T22:44:06","slug":"kibris","status":"publish","type":"page","link":"https:\/\/travelshelper.com\/tr\/destinations\/europe\/cyprus\/","title":{"rendered":"K\u0131br\u0131s"},"content":{"rendered":"<p>K\u0131br\u0131s, k\u0131talar\u0131n kav\u015fa\u011f\u0131nda kendine \u00f6zg\u00fc bir yer kaplar, k\u0131y\u0131lar\u0131 binlerce y\u0131ll\u0131k kar\u015f\u0131la\u015fmalarla \u015fekillenir ve bug\u00fcn\u00fc hem b\u00f6l\u00fcnme hem de birlik taraf\u0131ndan tan\u0131mlan\u0131r. Do\u011fu Akdeniz&#039;e yay\u0131lm\u0131\u015f olan adan\u0131n kara k\u00fctlesi -uzun ve dar, u\u00e7tan uca 240 kilometreden fazla de\u011fil- Avrupa&#039;n\u0131n kalbinden ziyade Levant&#039;a daha yak\u0131nd\u0131r. Yine de g\u00fcneyde hakim olan dil, gelenekler ve siyasi yap\u0131lar Helen d\u00fcnyas\u0131nda en g\u00fc\u00e7l\u00fc \u015fekilde yank\u0131lan\u0131r. Kuzeyde, ayr\u0131 bir y\u00f6netim otoritesini Anadolu ile olan ba\u011flara dayand\u0131r\u0131r. Bu arada, iki egemen \u0130ngiliz askeri \u00fcss\u00fc g\u00fcney k\u0131y\u0131s\u0131na tutunur, burada varl\u0131\u011f\u0131 trafik s\u00f6zle\u015fmelerinde ve k\u0131rm\u0131z\u0131 telefon kul\u00fcbelerinin u\u011fultusunda devam eden bir imparatorlu\u011fun kal\u0131nt\u0131lar\u0131d\u0131r.<\/p>\n<p>Co\u011frafi olarak, adan\u0131n sil\u00fceti, verimli bir merkezi ovay\u0131 \u00e7evreleyen iki da\u011f s\u0131ras\u0131 taraf\u0131ndan tan\u0131mlan\u0131yor. A\u011f\u0131r ve k\u0131vr\u0131ml\u0131 Troodos Da\u011flar\u0131, g\u00fcneybat\u0131ya hakimdir ve Olimpos Da\u011f\u0131&#039;nda yakla\u015f\u0131k 1.952 metreye y\u00fckselir. Serin, sedir kapl\u0131 y\u00fcksekliklerinden, Mesarya ovas\u0131n\u0131n killi topraklar\u0131na da\u011f\u0131lmadan \u00f6nce do\u011fuya do\u011fru k\u0131vr\u0131lan K\u0131br\u0131s&#039;\u0131n en uzun su yolu olan Pedieos Nehri akar. Kuzey k\u0131y\u0131s\u0131 boyunca, ince Girne S\u0131rada\u011flar\u0131 daha yumu\u015fak bir t\u0131rman\u0131\u015f sunar, zirveleri aniden kayal\u0131k bir k\u0131y\u0131ya inmeden \u00f6nce bin metreyi zar zor a\u015far. Bu y\u00fckseltiler aras\u0131nda, arazi Neolitik \u00c7a\u011f&#039;dan beri adal\u0131lar\u0131 besleyen bu\u011fday, arpa ve sebze tarlalar\u0131na do\u011fru al\u00e7al\u0131r.<\/p>\n<p>K\u0131br\u0131s&#039;taki insan ayak izleri, k\u00fc\u00e7\u00fck avc\u0131-toplay\u0131c\u0131 gruplar\u0131n\u0131n k\u0131y\u0131 ma\u011faralar\u0131nda bar\u0131nd\u0131\u011f\u0131 yakla\u015f\u0131k 13.000 y\u0131l \u00f6ncesine dayan\u0131r. Birka\u00e7 bin y\u0131l sonra, ilk \u00e7ift\u00e7ilik k\u00f6yleriyle topra\u011f\u0131 evcille\u015ftirdiler ve yerle\u015fik bir toplumun temellerini att\u0131lar. Ge\u00e7 Tun\u00e7 \u00c7a\u011f\u0131&#039;nda ada, M\u0131s\u0131r ve Hitit kay\u0131tlar\u0131nda Alashiya olarak adland\u0131r\u0131ld\u0131 ve bak\u0131r\u0131 ve onu daha geni\u015f Akdeniz a\u011f\u0131na \u00f6ren dokuma ba\u011flar\u0131yla \u00fcnl\u00fcyd\u00fc. Miken Yunanl\u0131lar\u0131 M\u00d6 1400 civar\u0131nda geldiklerinde, daha sonraki imparatorluklar aday\u0131 bir \u00f6d\u00fcl olarak talep etse bile devam eden leh\u00e7e, cenaze t\u00f6renleri ve \u00e7anak \u00e7\u00f6mlek stilleri getirdiler.<\/p>\n<p>Persler M\u00d6 6. y\u00fczy\u0131lda egemenlik kurdular, ancak B\u00fcy\u00fck \u0130skender M\u00d6 333&#039;te kontrol\u00fc ele ge\u00e7irdi. Ptolemaioslar ve ard\u0131ndan Roma y\u00f6netimi alt\u0131nda K\u0131br\u0131s, Roma yasalar\u0131n\u0131 ve altyap\u0131s\u0131n\u0131 \u00f6z\u00fcmseyerek Helen karakterini korudu: yollar, villalar ve amfitiyatrolar bug\u00fcn bile manzaras\u0131n\u0131 s\u00fcsl\u00fcyor. Roma \u0130mparatorlu\u011fu&#039;nun do\u011fu yar\u0131s\u0131, yedinci y\u00fczy\u0131ldaki Arap ak\u0131nlar\u0131na kadar aday\u0131 y\u00f6netti, k\u0131y\u0131 b\u00f6lgeleri ve i\u00e7 kaleler terk edilerek Troodos zirveleri aras\u0131nda y\u00fcksek manast\u0131r inzivalar\u0131 yap\u0131ld\u0131. Y\u00fczy\u0131llar sonra, L\u00fczinyan krallar\u0131 ve Venedikli t\u00fcccarlar kasabalar\u0131 g\u00fc\u00e7lendirecek, Lefko\u015fa ve Ma\u011fusa&#039;n\u0131n eski mahallelerini hala saran ta\u015f duvarlar ve hendekler in\u015fa edeceklerdi.<\/p>\n<p>Osmanl\u0131 askerleri 1571&#039;de ge\u00e7ti ve 19. y\u00fczy\u0131l\u0131n sonlar\u0131na kadar uzanacak bir d\u00f6nemi ba\u015flatt\u0131. Osmanl\u0131 y\u00f6netimi alt\u0131nda, feodal sistem T\u00fcrk yerle\u015fimcilere Yunan k\u00f6yl\u00fclerinin yan\u0131 s\u0131ra toprak verdi ve K\u0131br\u0131s&#039;\u0131n modern karma\u015f\u0131kl\u0131\u011f\u0131n\u0131n kalbinde kalan ikili topluluklar\u0131 kurdu. Bizans kiliseleri camiye \u00e7evrildi, ancak k\u00f6yler y\u00fczy\u0131ll\u0131k kutsal alanlar\u0131nda ibadet etmeye devam etti. 1878&#039;de ada \u0130ngiliz y\u00f6netimine ge\u00e7ti ve 1914&#039;te tamamen ilhak edildi. \u0130ngiliz pullar\u0131 ve miraslar\u0131 -soldan s\u00fcr\u00fc\u015f, kamu okulu sistemi, hatta otob\u00fcs saatleri- ba\u011f\u0131ms\u0131zl\u0131ktan \u00e7ok daha uzun s\u00fcre varl\u0131\u011f\u0131n\u0131 s\u00fcrd\u00fcrecekti.<\/p>\n<p>1960&#039;ta do\u011fan cumhuriyet, \u0130ngiliz, Yunan ve T\u00fcrk \u00e7\u0131karlar\u0131 aras\u0131nda hassas bir uzla\u015fmayd\u0131. Devlet adam\u0131na d\u00f6n\u00fc\u015fen ba\u015fpiskopos olan kurucu ba\u015fkan Makarios III, K\u0131br\u0131sl\u0131 Rum \u00e7o\u011funlu\u011fun kendi kaderini tayin etme umudunu temsil ediyordu. Helenik h\u0131rslara kar\u015f\u0131 temkinli olan K\u0131br\u0131sl\u0131 T\u00fcrkler, Yunanistan ile birle\u015fmenin -enosis- yak\u0131nda ger\u00e7ekle\u015febilece\u011fini g\u00f6rd\u00fcler. 1960&#039;lar ilerledik\u00e7e, anayasal \u00e7\u0131kmaz \u015fiddete d\u00f6n\u00fc\u015ft\u00fc. Toplumlar aras\u0131 \u00e7at\u0131\u015fmalar binlerce K\u0131br\u0131sl\u0131 T\u00fcrk&#039;\u00fc yerle\u015fim b\u00f6lgelerine zorlad\u0131. 1970&#039;lerin ba\u015flar\u0131nda, uzla\u015fma umutlar\u0131 neredeyse tamamen yok olmu\u015ftu.<\/p>\n<p>15 Temmuz 1974&#039;te, Yunan cuntas\u0131 unsurlar\u0131n\u0131n destekledi\u011fi bir darbe Lefko\u015fa&#039;da milliyet\u00e7i bir h\u00fck\u00fcmet kurdu. Be\u015f g\u00fcn sonra, T\u00fcrk kuvvetleri g\u00f6r\u00fcn\u00fc\u015fte topluluklar\u0131n\u0131 korumak i\u00e7in kuzey k\u0131y\u0131s\u0131na \u00e7\u0131kt\u0131. Birka\u00e7 g\u00fcn i\u00e7inde adan\u0131n yakla\u015f\u0131k \u00fc\u00e7te birini kontrol ettiler ve her iki topluluktan da y\u00fcz binlerce ki\u015fi yerlerinden edildi. 1983&#039;te T\u00fcrklerin elindeki b\u00f6lge kendisini uluslararas\u0131 alanda yaln\u0131zca Ankara taraf\u0131ndan tan\u0131nan bir cumhuriyet ilan etti. Birle\u015fmi\u015f Milletler&#039;in ince ve ye\u015fil bir Tampon B\u00f6lgesi \u015fimdi aday\u0131 do\u011fudan bat\u0131ya ikiye b\u00f6l\u00fcyor, bar\u0131\u015f g\u00f6r\u00fc\u015fmeleri ve Avrupa arabuluculu\u011fu ise tart\u0131\u015fmal\u0131 tarihlerin uzun g\u00f6lgesinde devam ediyor.<\/p>\n<p>Siyasi \u00e7atlaklar\u0131na ra\u011fmen K\u0131br\u0131s, turizm, finansal hizmetler ve nakliye ile desteklenen geli\u015fmi\u015f, y\u00fcksek gelirli bir ekonomi in\u015fa etti. May\u0131s 2004&#039;te Avrupa Birli\u011fi&#039;ne kat\u0131l\u0131p Ocak 2008&#039;de avroyu kabul etti\u011finden beri K\u0131br\u0131s Cumhuriyeti gayrimenkul, misafirperverlik ve profesyonel hizmetlere yat\u0131r\u0131m \u00e7ekti. Akrotiri ve Dhekelia&#039;daki \u0130ngiliz egemen \u00fcsleri stratejik \u00f6nemini koruyor ve 2024&#039;te Lefko\u015fa NATO&#039;ya kat\u0131lma niyetini do\u011frulad\u0131 - adan\u0131n karma\u015f\u0131k d\u0131\u015f politika hesaplamas\u0131nda bir ba\u015fka katman daha. Ambargolar ve s\u0131n\u0131rl\u0131 tan\u0131nma alt\u0131nda olan T\u00fcrk kuzeyi, Ankara&#039;n\u0131n s\u00fcbvansiyonlar\u0131na ve g\u00f6lge ekonomiye b\u00fcy\u00fck \u00f6l\u00e7\u00fcde g\u00fcveniyor.<\/p>\n<p>Verimli ovalar, engebeli da\u011flar ve yakla\u015f\u0131k 1.000 kilometrelik k\u0131y\u0131 \u015feridi her y\u0131l yakla\u015f\u0131k d\u00f6rt milyon ziyaret\u00e7iyi kendine \u00e7ekiyor. G\u00fcne\u015fli plajlar -uzun kum ve \u00e7ak\u0131l \u015feritleri- neredeyse kesintisiz g\u00f6r\u00fcn\u00fcyor, sadece bal\u0131k\u00e7\u0131 limanlar\u0131 ve ara s\u0131ra manast\u0131r inziva yerleri taraf\u0131ndan kesiliyor. \u0130\u00e7 kesimlerde, Troodos yaylalar\u0131, \u00fcz\u00fcm ba\u011flar\u0131n\u0131n terasl\u0131 yama\u00e7lara tutundu\u011fu ve as\u0131rl\u0131k kiliselerin Bizans freskleriyle par\u0131ldad\u0131\u011f\u0131 k\u00f6ylere ev sahipli\u011fi yap\u0131yor. Kuzeyde, antik Salamis \u015fehri ve Baf&#039;taki klasik kal\u0131nt\u0131lar, payla\u015f\u0131lan bir antik \u00e7a\u011f\u0131n a\u00e7\u0131k hava m\u00fczeleri olarak duruyor. Ancak ba\u015fkent Lefko\u015fa&#039;da, modern kafeler ve galeriler, be\u015f y\u00fcz y\u0131l \u00f6nce Venedikliler taraf\u0131ndan duvarlarla \u00e7evrilmi\u015f sokaklara d\u00f6k\u00fcl\u00fcyor.<\/p>\n<p>Adan\u0131n iklimi, k\u0131y\u0131 boyunca Akdeniz ve kuzeydo\u011fuda yar\u0131 kurak, AB&#039;deki en s\u0131cak iklimlerden biridir. K\u0131\u015flar ya\u011fmur getirir -\u00e7o\u011funlukla Kas\u0131m&#039;dan Mart&#039;a kadar- ve yaylalarda ara s\u0131ra kar. Yazlar neredeyse sekiz ay s\u00fcrer, deniz meltemleriyle yumu\u015fat\u0131l\u0131r ancak s\u0131cak hava dalgalar\u0131yla noktalan\u0131r. G\u00fcne\u015f \u0131\u015f\u0131\u011f\u0131 y\u0131lda ortalama \u00fc\u00e7 bin saatten fazla parlar, bu da kuzey Avrupa ba\u015fkentlerinin neredeyse iki kat\u0131d\u0131r. Bu \u0131\u015f\u0131k hem tar\u0131m\u0131 hem de e\u011flenceyi \u015fekillendirmi\u015ftir: narenciye bah\u00e7eleri, zeytinlikler ve \u00fcz\u00fcm ba\u011flar\u0131 geli\u015fir; y\u00fczme ve yat\u00e7\u0131l\u0131k uzun y\u00fcksek sezonu tan\u0131mlar.<\/p>\n<p>K\u0131y\u0131 \u015feridinden modern bir yol a\u011f\u0131 yay\u0131l\u0131yor, burada otoyollar Limasol ve Larnaka&#039;n\u0131n ana limanlar\u0131n\u0131 Lefko\u015fa&#039;ya, Larnaka&#039;y\u0131 Baf&#039;a ve Lefko\u015fa&#039;y\u0131 hem do\u011fuya hem de bat\u0131ya ba\u011fl\u0131yor. Otob\u00fcsler t\u00fcm b\u00fcy\u00fck \u015fehirlere hizmet veriyor, ancak \u00f6zel ara\u00e7 sahipli\u011fi hala y\u00fcksek. Kuzey T\u00fcrk b\u00f6lgesinde, daha k\u00fc\u00e7\u00fck minib\u00fcsler daha s\u0131k sefer d\u00fczenliyor ancak daha az \u00f6ng\u00f6r\u00fclebilir. \u0130ki uluslararas\u0131 havaliman\u0131\u2014Larnaka ve Baf\u2014Avrupa, Orta Do\u011fu ve \u00f6tesinden tarifeli u\u00e7u\u015flar\u0131 memnuniyetle kar\u015f\u0131larken, kuzeydeki Ercan Havaliman\u0131 T\u00fcrkiye \u00fczerinden faaliyet g\u00f6steriyor. 2022&#039;de yenilenen feribotlar, Limasol&#039;u Yunanistan&#039;daki Pire&#039;ye ba\u011flayarak adaya alternatif bir rahat yakla\u015f\u0131m sunuyor.<\/p>\n<p>K\u0131br\u0131s&#039;\u0131n h\u00fck\u00fcmet kontrol\u00fcndeki g\u00fcneydeki dokuz y\u00fcz binin biraz \u00fczerindeki n\u00fcfusu ezici bir \u015fekilde Yunan Ortodoks, k\u00fc\u00e7\u00fck bir Ermeni, Maruni, Latin Katolik ve Protestan az\u0131nl\u0131k mozai\u011fi ile birlikte. E\u011fitim ve sa\u011fl\u0131k endeksleri Avrupa&#039;n\u0131n en y\u00fcksekleri aras\u0131nda yer al\u0131yor. Kuzeyde, S\u00fcnni M\u00fcsl\u00fcmanlar \u00e7o\u011funlu\u011fu olu\u015fturuyor ve yirminci y\u00fczy\u0131l\u0131n b\u00f6l\u00fcnmelerinden \u00f6nceki ortak mutfak ve m\u00fczik gelenekleriyle bir arada ya\u015f\u0131yorlar (biraz ayr\u0131 olsalar da). Her iki toplum da misafirperverli\u011fe de\u011fer veriyor: konuklara kahve veya bir bardak so\u011fuk zivania ikram ediyor ve d\u00fc\u011f\u00fcnlere, festivallere ve hasat kutlamalar\u0131na kat\u0131lmaya davet ediyorlar.<\/p>\n<p>Dil bu ikili\u011fi yans\u0131t\u0131r. Yunanca ve T\u00fcrk\u00e7e resmi diller olarak dururken, \u0130ngilizce g\u00fc\u00e7l\u00fc bir ikinci dil, s\u00f6m\u00fcrge y\u00f6netiminin miras\u0131 ve ticaret ve turizm i\u00e7in bir ara\u00e7 olarak varl\u0131\u011f\u0131n\u0131 s\u00fcrd\u00fcrmektedir. Ermenice ve K\u0131br\u0131s Maruni Arap\u00e7as\u0131 az\u0131nl\u0131k dilleri olarak tan\u0131nm\u0131\u015f bir stat\u00fcye sahiptir. G\u00fcnl\u00fck ya\u015famda, K\u0131br\u0131s Rumcas\u0131 ve K\u0131br\u0131s T\u00fcrk\u00e7esinin yerel leh\u00e7eleri, yerel tarih taraf\u0131ndan \u015fekillendirilen deyimler ve sesler ta\u015f\u0131yarak standart bi\u00e7imlerinden belirgin \u015fekilde ayr\u0131l\u0131r. Daha yak\u0131n zamanda, Rus\u00e7a, Rus\u00e7a tabelalar\u0131n ve i\u015fletmelerin b\u00fcy\u00fcyen bir gurbet\u00e7i toplulu\u011funa hitap etti\u011fi Limasol ve Baf&#039;ta \u00f6ne \u00e7\u0131km\u0131\u015ft\u0131r.<\/p>\n<p>Buradaki k\u00fclt\u00fcrel ifade, mekandan ayr\u0131lamaz. UNESCO taraf\u0131ndan tescil edilen on yer olan Troodos Da\u011flar\u0131&#039;n\u0131n boyal\u0131 kiliseleri, teolojik anlat\u0131lar\u0131 ta\u015f duvarlara yans\u0131tan canl\u0131 fresklere sahiptir. Lefko\u015fa&#039;n\u0131n eski kentinde restore edilen hamamlar, \u015fehrin Frank ve Osmanl\u0131 katmanlar\u0131n\u0131 an\u0131msatarak antik kubbelerin alt\u0131nda buhar ve masaj sunar. Limasol&#039;daki karnaval her y\u0131l \u015eubat ay\u0131nda patlak verir, yirminci y\u00fczy\u0131lda ba\u015flayan ancak daha da eskilere uzanan maskeli performans geleneklerini onurland\u0131ran renkli bir ara oyun. Tsifteteli&#039;den sousta&#039;ya kadar geleneksel dans, d\u00fc\u011f\u00fcnleri ve k\u00f6y panay\u0131rlar\u0131n\u0131 canland\u0131r\u0131r, adal\u0131lar\u0131 dil ve inan\u00e7 u\u00e7urumlar\u0131 boyunca birle\u015ftirir.<\/p>\n<p>Ancak bu samimi y\u00fczeyin alt\u0131nda k\u0131r\u0131lganl\u0131k bilinci yatar. Ruhsatl\u0131 av t\u00fcfekleriyle avc\u0131lar k\u0131\u015f\u0131n a\u00e7\u0131k k\u0131rsalda dola\u015f\u0131r ve ba\u015f\u0131bo\u015f sa\u00e7malar y\u00fcr\u00fcy\u00fc\u015f\u00e7\u00fclerin rotalar\u0131na girebilir. Ye\u015fil Hat g\u00fcnl\u00fck bilin\u00e7te varl\u0131\u011f\u0131n\u0131 s\u00fcrd\u00fcr\u00fcr: okullar paralel tarihler \u00f6\u011fretir ve sanat giri\u015fimlerinde ve ortak ekonomik giri\u015fimlerde uzla\u015fma \u00e7abalar\u0131 devam eder. Su\u00e7 oranlar\u0131 d\u00fc\u015f\u00fck kalmaya devam eder, ancak ziyaret\u00e7ilere f\u0131rsat\u00e7\u0131 h\u0131rs\u0131zl\u0131\u011fa kar\u015f\u0131 m\u00fclklerini g\u00fcvence alt\u0131na almalar\u0131 tavsiye edilir ve kabare kul\u00fcplerinin bazen daha karanl\u0131k bir alt ak\u0131nt\u0131y\u0131 \u00f6rtt\u00fc\u011f\u00fc gece hayat\u0131 b\u00f6lgelerinde dikkatli olunmal\u0131d\u0131r.<\/p>\n<p>K\u0131br\u0131s&#039;\u0131n mozai\u011fi -jeolojisi, tarihi, topluluklar\u0131 ve ekonomileri- basit bir anlat\u0131ya meydan okur. Hem insan azminin kan\u0131t\u0131 hem de imparatorluklar\u0131n \u00e7at\u0131\u015ft\u0131\u011f\u0131 ve kom\u015fular\u0131n hala tampon b\u00f6lgelerde dikkatli bir \u015fekilde y\u00fcr\u00fcd\u00fc\u011f\u00fc bir m\u00fccadele koridorudur. Yine de g\u00fcne\u015fin ve denizin s\u0131cakl\u0131\u011f\u0131, turun\u00e7gil kokulu masalara yay\u0131lan c\u00f6mertlik ve Helen, Levanten ve Anadolu unsurlar\u0131n\u0131 harmanlayan geleneklerin dayan\u0131kl\u0131l\u0131\u011f\u0131, hepsi devam ediyor. Durup bakmak isteyenler i\u00e7in K\u0131br\u0131s, hem birli\u011fi hem de b\u00f6l\u00fcnmeyi bilen, s\u0131radan ya\u015fam\u0131n gelgitler kadar s\u00fcrekli ve karma\u015f\u0131k bir Akdeniz g\u00f6ky\u00fcz\u00fc alt\u0131nda devam etti\u011fi bir adan\u0131n samimi bir tarih\u00e7esini sunar.<\/p>","protected":false},"excerpt":{"rendered":"<p>Do\u011fu Akdeniz&#039;de bulunan K\u0131br\u0131s ada \u00fclkesi, Avrupa, Asya ve Afrika&#039;n\u0131n kesi\u015fti\u011fi noktada stratejik bir konuma sahiptir. Yakla\u015f\u0131k 1,2 milyonluk n\u00fcfusuyla K\u0131br\u0131s, Akdeniz&#039;in \u00fc\u00e7\u00fcnc\u00fc b\u00fcy\u00fck ve en kalabal\u0131k adas\u0131 olarak yer al\u0131r ve antik tarih, \u00e7e\u015fitli k\u00fclt\u00fcr ve \u00e7a\u011fda\u015f geli\u015fmenin benzersiz bir kombinasyonunu sunar. Resmen K\u0131br\u0131s Cumhuriyeti olarak adland\u0131r\u0131lan bu ada \u00fclkesi, co\u011frafi olarak Bat\u0131 Asya&#039;da yer almaktad\u0131r; ancak k\u00fclt\u00fcrel ba\u011flant\u0131lar\u0131 ve siyasi ili\u015fkileri a\u011f\u0131rl\u0131kl\u0131 olarak G\u00fcneydo\u011fu Avrupa ile uyumludur ve bu sayede \u00fclke i\u00e7in \u00f6nemli bir jeopolitik konum olu\u015fturur.<\/p>","protected":false},"author":1,"featured_media":3022,"parent":24078,"menu_order":0,"comment_status":"closed","ping_status":"closed","template":"elementor_theme","meta":{"_eb_attr":"","footnotes":""},"class_list":["post-14401","page","type-page","status-publish","has-post-thumbnail"],"_links":{"self":[{"href":"https:\/\/travelshelper.com\/tr\/wp-json\/wp\/v2\/pages\/14401","targetHints":{"allow":["GET"]}}],"collection":[{"href":"https:\/\/travelshelper.com\/tr\/wp-json\/wp\/v2\/pages"}],"about":[{"href":"https:\/\/travelshelper.com\/tr\/wp-json\/wp\/v2\/types\/page"}],"author":[{"embeddable":true,"href":"https:\/\/travelshelper.com\/tr\/wp-json\/wp\/v2\/users\/1"}],"replies":[{"embeddable":true,"href":"https:\/\/travelshelper.com\/tr\/wp-json\/wp\/v2\/comments?post=14401"}],"version-history":[{"count":0,"href":"https:\/\/travelshelper.com\/tr\/wp-json\/wp\/v2\/pages\/14401\/revisions"}],"up":[{"embeddable":true,"href":"https:\/\/travelshelper.com\/tr\/wp-json\/wp\/v2\/pages\/24078"}],"wp:featuredmedia":[{"embeddable":true,"href":"https:\/\/travelshelper.com\/tr\/wp-json\/wp\/v2\/media\/3022"}],"wp:attachment":[{"href":"https:\/\/travelshelper.com\/tr\/wp-json\/wp\/v2\/media?parent=14401"}],"curies":[{"name":"wp","href":"https:\/\/api.w.org\/{rel}","templated":true}]}}