{"id":14355,"date":"2024-09-19T09:05:58","date_gmt":"2024-09-19T09:05:58","guid":{"rendered":"https:\/\/travelshelper.com\/staging\/?page_id=14355"},"modified":"2026-03-11T23:15:53","modified_gmt":"2026-03-11T23:15:53","slug":"plzen","status":"publish","type":"page","link":"https:\/\/travelshelper.com\/tr\/destinations\/europe\/czech-republic\/plzen\/","title":{"rendered":"Plze\u0148"},"content":{"rendered":"<p>Plze\u0148, Berounka&#039;y\u0131 olu\u015fturan d\u00f6rt nehrin (M\u017ee, \u00dahlava, \u00daslava ve Radbuza) birle\u015fti\u011fi noktada e\u015fsiz bir yer i\u015fgal eder. Prag&#039;\u0131n yakla\u015f\u0131k yetmi\u015f sekiz kilometre bat\u0131s\u0131nda yer alan, yakla\u015f\u0131k 188.000 n\u00fcfuslu bu \u015fehir, engebeli Plasy Yaylalar\u0131 \u00fczerinde y\u00fckselir ve ayak izi do\u011fu ve g\u00fcneyde \u0160vihov Yaylalar\u0131&#039;na kadar uzan\u0131r. Belediye s\u0131n\u0131rlar\u0131 i\u00e7indeki en y\u00fcksek rak\u0131m, deniz seviyesinden 416 m y\u00fckseklikteki Chlum tepesini ta\u00e7land\u0131r\u0131rken, Berounka&#039;n\u0131n nehir yata\u011f\u0131 293 m&#039;de yer al\u0131r. Kuzeyde, bir bal\u0131k g\u00f6leti a\u011f\u0131 \u015fehri s\u0131n\u0131rlar ve Radbuza \u00fczerindeki \u010cesk\u00e9 \u00fadol\u00ed Rezervuar\u0131 en b\u00fcy\u00fck su k\u00fctlesini i\u015faretler. Bu co\u011frafya, yedi y\u00fczy\u0131ldan uzun bir s\u00fcredir hem yerle\u015fimi hem de end\u00fcstriyi \u015fekillendirmi\u015ftir.<\/p>\n<p>Plze\u0148&#039;in k\u00f6kenleri, P\u0159emyslid y\u00f6neticileri taraf\u0131ndan kraliyet \u015fehri olarak imtiyazland\u0131r\u0131ld\u0131\u011f\u0131 on \u00fc\u00e7\u00fcnc\u00fc y\u00fczy\u0131l\u0131n sonlar\u0131na dayan\u0131r. Bohemya&#039;y\u0131 Bavyera&#039;ya ba\u011flayan hayati ticaret yollar\u0131n\u0131n \u00fczerinde konumlanan \u015fehir h\u0131zla geli\u015fti: on d\u00f6rd\u00fcnc\u00fc y\u00fczy\u0131l\u0131n ortalar\u0131nda Bohemya&#039;n\u0131n \u00fc\u00e7\u00fcnc\u00fc b\u00fcy\u00fck \u015fehri haline geldi. Ancak stratejik \u00f6nemi iki ucu keskin bir k\u0131l\u0131\u00e7 oldu\u011fu ortaya \u00e7\u0131kt\u0131. On be\u015finci y\u00fczy\u0131ldaki Hussite Sava\u015flar\u0131 s\u0131ras\u0131nda Plze\u0148, krall\u0131\u011f\u0131 sarsan reformist g\u00fc\u00e7lere kar\u015f\u0131 bir direni\u015f kalesi olarak ortaya \u00e7\u0131karak \u00fc\u00e7 ku\u015fatmaya katland\u0131. Bir as\u0131r sonra, Otuz Y\u0131l Sava\u015flar\u0131&#039;n\u0131n ilk y\u0131llar\u0131nda \u015fehir, imparatorluk birliklerine d\u00fc\u015fmeden \u00f6nce tekrar ku\u015fatma alt\u0131na al\u0131nd\u0131.<\/p>\n<p>On dokuzuncu y\u00fczy\u0131l ba\u015fka bir d\u00f6n\u00fc\u015f\u00fcm\u00fc ba\u015flatt\u0131. Avrupa&#039;n\u0131n politik hatlar\u0131 de\u011fi\u015ftik\u00e7e Plze\u0148 dikkat \u00e7ekici bir h\u0131zla sanayile\u015fti. 1869&#039;da \u0160koda Works kuruldu ve k\u0131sa s\u00fcrede Avusturya-Macaristan&#039;\u0131n ve daha sonra \u00c7ekoslovakya&#039;n\u0131n \u00f6nde gelen m\u00fchendislik firmalar\u0131ndan biri haline geldi. Makine at\u00f6lyeleri, d\u00f6k\u00fcmhaneler ve demiryolu at\u00f6lyeleri \u015fehrin her taraf\u0131na yay\u0131ld\u0131, k\u0131rsal b\u00f6lgelerden i\u015f\u00e7ileri \u00e7ekti ve Plze\u0148&#039;i modern end\u00fcstriyel ekonomiye ba\u011flad\u0131. Bu d\u00f6nemde, 1842&#039;de Bavyera bira \u00fcreticisi Josef Groll soluk malt \u00fcretmenin yeni y\u00f6ntemlerini uygulayarak ilk &#034;Pilsner&#034; biras\u0131n\u0131 \u00fcretti. G\u00fcn\u00fcm\u00fczde Pilsner Urquell Bira Fabrikas\u0131 \u00fclkenin en b\u00fcy\u00fc\u011f\u00fc olmaya devam ederken, 1869&#039;da kurulan karde\u015f \u015firketi Gambrinus da \u00fcn kazand\u0131. Her iki marka da art\u0131k Asahi Group Holdings&#039;in bir par\u00e7as\u0131d\u0131r.<\/p>\n<p>Plze\u0148, end\u00fcstriyel kimli\u011finin \u00f6tesinde Bat\u0131 Bohemya&#039;n\u0131n ticari \u00e7ekirde\u011fi olarak i\u015flev g\u00f6rmektedir. B\u00f6lge n\u00fcfusunun sadece y\u00fczde otuzunu bar\u0131nd\u0131rmas\u0131na ra\u011fmen, GSY\u0130H&#039;sinin yakla\u015f\u0131k \u00fc\u00e7te ikisini \u00fcretmektedir; bu dengesizlik k\u0131smen g\u00fcnl\u00fck i\u015fe gidip gelenlerle a\u00e7\u0131klanmakta ancak b\u00fcy\u00fck \u00f6l\u00e7\u00fcde \u015fehrin i\u00e7indeki i\u015fletmelerin, ara\u015ft\u0131rma enstit\u00fclerinin ve hizmet sa\u011flay\u0131c\u0131lar\u0131n yo\u011funla\u015fmas\u0131n\u0131 yans\u0131tmaktad\u0131r. Plze\u0148&#039;in k\u00fclt\u00fcrel miras\u0131, 2015 y\u0131l\u0131nda Avrupa K\u00fclt\u00fcr Ba\u015fkenti olarak hizmet verdi\u011finde tan\u0131nm\u0131\u015ft\u0131r. Miras b\u00f6lgesi olarak korunan kentsel merkezi, Barok kiliseler, Gotik katedraller ve R\u00f6nesans sivil binalar\u0131n\u0131n ola\u011fan\u00fcst\u00fc bir toplulu\u011funu korumaktad\u0131r.<\/p>\n<p>Eski \u015fehrin kalbinde, Gotik nefi 13. y\u00fczy\u0131l\u0131n sonlar\u0131nda in\u015fa edilen ve 102 metre y\u00fcksekli\u011findeki kulesiyle \u00c7ek Cumhuriyeti&#039;ndeki en y\u00fcksek kilise kulesi olan St. Bartholomew Katedrali yer al\u0131r. Yak\u0131nlarda, \u0130talyan mimar Giovanni de Statia&#039;ya atfedilen R\u00f6nesans Belediye Binas\u0131 (1554\u201359), s\u00fcsl\u00fc pilasterler ve kemerli localarla vurgulanan sade bir cephe sunar. Ancak \u00e7o\u011fu ziyaret\u00e7iyi \u015fa\u015f\u0131rtan \u015fey, 1893&#039;te tamamlanan Ma\u011fribi R\u00f6nesans B\u00fcy\u00fck Sinagogu&#039;dur: at nal\u0131 kemerleri ve \u00e7ok renkli tu\u011fla i\u015f\u00e7ili\u011fi, yaln\u0131zca Budape\u015fte&#039;nin Doh\u00e1ny Soka\u011f\u0131 Sinagogu taraf\u0131ndan ge\u00e7ilen Avrupa&#039;n\u0131n en b\u00fcy\u00fck ikinci sinagogunu olu\u015fturur.<\/p>\n<p>Bu d\u00f6n\u00fcm noktalar\u0131n\u0131n alt\u0131nda ba\u015fka bir alem yatar. Y\u00fczy\u0131llar boyunca oyulmu\u015f olan Plze\u0148&#039;in tarihi yeralt\u0131 a\u011f\u0131 yakla\u015f\u0131k yirmi kilometre uzan\u0131r, ancak t\u00fcnellerinin yaln\u0131zca yakla\u015f\u0131k 750 m&#039;si, on iki metre derinli\u011fe kadar rehberli turlara a\u00e7\u0131kt\u0131r. Bu tonozlu mahzenler bir zamanlar bira fabrikalar\u0131na, t\u00fcccarlara ve belediye ma\u011fazalar\u0131na ev sahipli\u011fi yapm\u0131\u015f ve orta\u00e7a\u011f \u015fehrinin ticaret ve tahkimat\u0131 nas\u0131l dengeledi\u011fine dair bir bak\u0131\u015f a\u00e7\u0131s\u0131 sunar. Y\u00fczeyde, Prag Kap\u0131s\u0131&#039;ndaki eski su kulesi\u20141532&#039;de in\u015fa edilmi\u015f ve daha sonra Frans\u0131z \u0130mparatorluk tarz\u0131nda (1822) yeniden modellenmi\u015ftir\u2014orijinal Gotik portal\u0131n\u0131 korumaktad\u0131r ve 1805&#039;te yan kap\u0131da do\u011fan ve ad\u0131n\u0131 ta\u015f\u0131yan i\u015fletmesi \u015fehrin kaderini de\u011fi\u015ftirecek olan Dr. Josef \u0160koda&#039;ya adanm\u0131\u015f bir anma plaketi ta\u015f\u0131maktad\u0131r.<\/p>\n<p>Plze\u0148&#039;deki g\u00fcnl\u00fck ya\u015fam\u0131n ritmi su yollar\u0131na ve sanayi \u00e7arklar\u0131na ba\u011fl\u0131 kal\u0131r, ancak ayn\u0131 zamanda toplu ta\u015f\u0131man\u0131n nabz\u0131n\u0131 da tutar. Plze\u0148 metropol alan\u0131, PMDP taraf\u0131ndan i\u015fletilen tramvay, troleyb\u00fcs ve otob\u00fcs a\u011f\u0131n\u0131 s\u00fcrd\u00fcrmektedir. Otomatlardan, yerel d\u00fckkanlardan veya temass\u0131z ak\u0131ll\u0131 kartla ara\u00e7lardan sat\u0131n al\u0131nan biletler, farkl\u0131 modlarda eri\u015fim sa\u011flar; s\u0131k seyahat edenler i\u00e7in, yeniden doldurulabilen Plze\u0148 Kart\u0131 ge\u00e7erli oldu\u011fu s\u00fcrece s\u0131n\u0131rs\u0131z yolculuk imkan\u0131 sunar. Belediye toplu ta\u015f\u0131mas\u0131n\u0131n \u00f6tesinde, be\u015f ana demiryolu hatt\u0131 burada kesi\u015fir: Prag, Beroun ve Cheb&#039;e giden 170 numaral\u0131 hat; Doma\u017elice ve Almanya&#039;n\u0131n Furth im Wald&#039;\u0131na giden 180 numaral\u0131 hat; Klatovy ve \u017delezn\u00e1 Ruda&#039;ya giden 183 numaral\u0131 hat; \u017datec&#039;e giden 160 numaral\u0131 hat; ve \u010cesk\u00e9 Bud\u011bjovice&#039;ye giden 190 numaral\u0131 hat, hepsi Plze\u0148 hlavn\u00ed n\u00e1dra\u017e\u00ed&#039;de birle\u015fir. Karayoluyla seyahat edenler, Prag&#039;\u0131 N\u00fcrnberg&#039;e ba\u011flayan D5 otoyolundan yararlan\u0131rken, g\u00fcneybat\u0131da 11 kilometre uzakl\u0131ktaki L\u00edn\u011b&#039;deki havaalan\u0131ndan i\u00e7 hat u\u00e7u\u015flar\u0131 ve \u00f6zel uluslararas\u0131 u\u00e7u\u015flar ger\u00e7ekle\u015ftiriliyor.<\/p>\n<p>Plze\u0148&#039;deki iklim, \u0131l\u0131man yazlar ve serin k\u0131\u015flarla i\u015faretlenen okyanus (Cfb) olarak s\u0131n\u0131fland\u0131r\u0131l\u0131r. Y\u0131ll\u0131k ya\u011f\u0131\u015f ortalamas\u0131 525 mm&#039;dir ve ortalama y\u0131ll\u0131k s\u0131cakl\u0131k 8,4 \u00b0C&#039;de seyreder. U\u00e7 noktalar 12 \u015eubat 1985&#039;te -28,0 \u00b0C&#039;den 27 Temmuz 1983&#039;te 40,1 \u00b0C&#039;ye kadar de\u011fi\u015fmi\u015ftir ve b\u00f6lgenin okyanus temel \u00e7izgisi \u00fczerindeki k\u0131tasal etkilerinin hat\u0131rlat\u0131c\u0131lar\u0131d\u0131r. Bu ko\u015fullar, yemye\u015fil a\u011fa\u00e7larla \u00e7evrili bulvarlar\u0131 ve \u015fehrin tarihi \u00e7ekirde\u011fini \u00e7evreleyen bir\u00e7ok park\u0131n\u0131 destekler; bu, sakinler ve ziyaret\u00e7iler taraf\u0131ndan e\u015fit derecede de\u011fer verilen bir ye\u015fil ku\u015fakt\u0131r.<\/p>\n<p>Plze\u0148&#039;deki toplumsal ya\u015fam ticaret ve k\u00fclt\u00fcr\u00fcn \u00f6tesine, inan\u00e7 ve toplulu\u011fa uzan\u0131r. 31 May\u0131s 1993&#039;ten beri \u015fehir, yetmi\u015f iki cemaatte on vikeryada 818.700 inanan\u0131 kapsayan Plze\u0148 Roma Katolik Piskoposlu\u011fu&#039;nun merkezi olarak hizmet vermektedir. \u0130lk piskopos Franti\u0161ek Radkovsk\u00fd&#039;yi \u015fu anki piskopos Tom\u00e1\u0161 Holub takip etti; katedral piskoposluklar\u0131 St. Bartholomew&#039;de bulunmaktad\u0131r. Protestan gelenekleri de geli\u015fmektedir: \u00c7ek Karde\u015fler Evanjelik Kilisesi, Koranda cemaatinden K\u0131demli Miroslav Hamari ve kilise muhtar\u0131 Josef Bene\u0161 y\u00f6netiminde Bat\u0131 Bohemya k\u0131demlili\u011fini burada s\u00fcrd\u00fcrmektedir; iki Karde\u015fler cemaati daha Ji\u017en\u00ed p\u0159edm\u011bst\u00ed ve yak\u0131ndaki Chr\u00e1st&#039;a hizmet vermektedir. \u015eehir, Piskopos Filip \u0160tojdl liderli\u011findeki \u00c7ekoslovak Hussite Kilisesi&#039;nin Plze\u0148 piskoposlu\u011funa ev sahipli\u011fi yap\u0131yor, ancak piskoposluk ikametgah\u0131 ge\u00e7ici olarak Mirovice&#039;ye ta\u015f\u0131nd\u0131. \u00c7ek Evanjelik Lutheran Kilisesi&#039;nin merkezi de buradad\u0131r, St. Paul&#039;s Lutheran Kilisesi yerel cemaatlere hizmet vermektedir. Di\u011fer itiraflar\u2014Augsburg \u0130tiraf Lutheranlar\u0131, Metodistler, Yedinci G\u00fcn Adventistleri, Karde\u015fler, Ortodoks, Yunan Katolikleri\u2014Plze\u0148&#039;in dini dokusuna katk\u0131da bulunur.<\/p>\n<p>M\u00fczeler ve galeriler \u015fehrin entelekt\u00fcel geni\u015fli\u011fini vurgular. Kopeck\u00e9ho sady&#039;deki Bat\u0131 Bohemya M\u00fczesi, arkeoloji, sanat ve tarih alanlar\u0131nda d\u00f6n\u00fc\u015f\u00fcml\u00fc sergiler sunarken, Belediye Silahhanesi on d\u00f6rd\u00fcnc\u00fc ila on yedinci y\u00fczy\u0131llardan kalma ate\u015fli silahlar\u0131 ve z\u0131rhlar\u0131 muhafaza eder. Yak\u0131nlardaki Pilsen B\u00f6lgesi Etnografya M\u00fczesi k\u0131rsal gelenekleri kay\u0131t alt\u0131na al\u0131rken, Bira Fabrikas\u0131 M\u00fczesi yerel birac\u0131l\u0131\u011f\u0131n izini, Kral IV. Charles taraf\u0131ndan 1375&#039;te bah\u015fedilen orta\u00e7a\u011f manast\u0131r haklar\u0131ndan modern \u00fcretime kadar s\u00fcrer. Eski bir \u0160koda fabrika kompleksinde bulunan Techmania Bilim Merkezi, fizik ve m\u00fchendisli\u011fin etkile\u015fimli ke\u015ffine davet eder. Askeri tarih, May\u0131s 1945&#039;te ABD \u00dc\u00e7\u00fcnc\u00fc Ordusu&#039;nun kurtulu\u015funa adanm\u0131\u015f Patton An\u0131t\u0131 Pilsen&#039;de kendine bir yer bulur. Folklor tablosuyla Hayalet M\u00fczesi&#039;nde ve Plze\u0148&#039;in tarihi kukla gelene\u011fini kutlayan Kukla M\u00fczesi&#039;nde daha hafif yemekler sizi bekliyor. Fransisken manast\u0131r\u0131nda bulunan Piskoposluk M\u00fczesi, Gotik&#039;ten Barok&#039;a uzanan heykeller sunuyor; ancak galerileri \u015fu anda kapal\u0131.<\/p>\n<p>Sanat merakl\u0131lar\u0131, \u00fcnl\u00fc yerel kuklac\u0131 ve ill\u00fcstrat\u00f6r Ji\u0159\u00ed Trnka Sanat Galerisi&#039;nin yan\u0131 s\u0131ra Pilsen \u015eehir Sanat Galerisi&#039;nde ve Masn\u00e9 kr\u00e1my&#039;deki (Bat\u0131 Bohemya Sanat Galerisi) muadili mekanda bir araya geliyor. Kentsel \u00e7evrenin \u00f6tesinde, yakla\u015f\u0131k elli u\u00e7a\u011f\u0131n yer ald\u0131\u011f\u0131 a\u00e7\u0131k hava koleksiyonunun Plze\u0148&#039;in havac\u0131l\u0131k ba\u011flant\u0131lar\u0131n\u0131 an\u0131msatt\u0131\u011f\u0131 Neb\u0159ehovice&#039;deki Hava Park\u0131 yer al\u0131yor.<\/p>\n<p>Plze\u0148&#039;i deneyimlemek, hem s\u0131radan hem de s\u0131ra d\u0131\u015f\u0131 olan\u0131 tatmakt\u0131r. \u015eehir parklar\u0131nda bir y\u00fcr\u00fcy\u00fc\u015f, kiremitli \u00e7at\u0131lar\u0131n ve kilise kulelerinin manzaralar\u0131n\u0131 ortaya \u00e7\u0131kar\u0131r; St. Bartholomew&#039;deki \u00e7an kulesine \u00e7\u0131kan merdivenleri t\u0131rmanmak, \u00e7at\u0131lar\u0131n ve nehir k\u0131vr\u0131mlar\u0131n\u0131n geni\u015f panoramalar\u0131yla \u00f6d\u00fcllendirir. B\u00fcy\u00fck Sinagog yak\u0131nlar\u0131ndaki veya Radbuza R\u0131ht\u0131m\u0131 boyunca bulunan meyhanelerde, bir bardak filtresiz Pilsner Urquell, \u015fehrin birac\u0131l\u0131k miras\u0131n\u0131 hat\u0131rlat\u0131r. Nadir bir heyecan arayanlar i\u00e7in, MiGFlug &amp; Adventure gibi \u00f6zel firmalar, Plze\u0148 yak\u0131nlar\u0131ndaki bir \u00fcsten bir jet sava\u015f u\u00e7a\u011f\u0131 pilotlu\u011fu yapma \u015fans\u0131 sunar; bu deneyim, pahal\u0131 olsa da \u015fehrin h\u0131z ve hassasiyetle olan kal\u0131c\u0131 ba\u011f\u0131n\u0131 vurgular.<\/p>\n<p>Plze\u0148&#039;deki spor ba\u011fl\u0131l\u0131\u011f\u0131, \u015fampiyonluk tak\u0131m\u0131 Cumhuriyet Meydan\u0131&#039;na k\u0131sa bir y\u00fcr\u00fcy\u00fc\u015f mesafesindeki on iki bin ki\u015filik bir stadyum olan Doosan Arena&#039;da yar\u0131\u015fan FC Viktoria Plze\u0148&#039;e odaklan\u0131yor. Buz hokeyi tutkunlar\u0131, her k\u0131\u015f buz \u00fczerindeki patenlerin yank\u0131lar\u0131n\u0131n yank\u0131land\u0131\u011f\u0131 Logspeed CZ Arena&#039;da HC \u0160koda Plze\u0148&#039;i takip ediyor.<\/p>\n<p>\u015eehir takvimi Plze\u0148&#039;in katmanl\u0131 ge\u00e7mi\u015fini ve dinamik bug\u00fcn\u00fcn\u00fc yans\u0131t\u0131r. Her May\u0131s ay\u0131nda, 6 May\u0131s 1945&#039;teki kurtulu\u015funun y\u0131ld\u00f6n\u00fcm\u00fc civar\u0131nda, Kurtulu\u015f Festivali sokaklar\u0131 m\u00fczik ve anma ile doldurur. Yaz, Temmuz ay\u0131n\u0131n son haftasonunda Plzen Plaza&#039;n\u0131n park\u0131nda m\u00fczik ve kuklac\u0131l\u0131\u011f\u0131n a\u00e7\u0131k havada bir araya geldi\u011fi Kukla Rock Festivali&#039;ni ve A\u011fustos ay\u0131n\u0131n ba\u015flar\u0131nda, da\u011f\u0131n\u0131k sahnelerde ve Cumhuriyet Meydan\u0131&#039;n\u0131n b\u00fcy\u00fck platformunda tiyatro, dans ve sokak performanslar\u0131 sergileyen Sokaklarda Festivali&#039;ni getirir. Sonbahar\u0131n en \u00f6nemli olay\u0131, orijinal bira fabrikas\u0131n\u0131n 1842&#039;deki kurulu\u015funu kutlamak i\u00e7in bira tutkunlar\u0131n\u0131 a\u011f\u0131rlad\u0131\u011f\u0131 her Eyl\u00fcl ay\u0131nda Pilsner Fest ile gelir.<\/p>\n<p>Plze\u0148&#039;de tarih ve modernlik i\u00e7 i\u00e7e ge\u00e7mi\u015ftir. Gotik ta\u015f, R\u00f6nesans kemerleri ve Ma\u011fribi s\u00fcslemeleri tramvaylar ve scooterlarla dolu yollar\u0131 \u00e7er\u00e7eveler. Nehirler bulu\u015fur ve birle\u015fmelerinde \u015fehir hem ticareti hem de dostlu\u011fu bulur. Burada ge\u00e7mi\u015f ne fosille\u015fmi\u015ftir ne de unutulmu\u015ftur; Berounka gibi yeni ufuklara do\u011fru akar.<\/p>","protected":false},"excerpt":{"rendered":"<p>\u00d6nemli tarihi ve k\u00fclt\u00fcrel \u00f6neme sahip bir \u015fehir olan Plze\u0148, \u00c7ek Cumhuriyeti&#039;nin bat\u0131 b\u00f6lgesinde, Prag&#039;\u0131n yakla\u015f\u0131k 78 kilometre bat\u0131s\u0131nda yer almaktad\u0131r. Plze\u0148&#039;in \u015fehir merkezinde yakla\u015f\u0131k 186.000 ve kentsel alan\u0131nda yakla\u015f\u0131k 323.184 ki\u015filik bir n\u00fcfusu vard\u0131r ve bu da onu \u00c7ek Cumhuriyeti&#039;nin d\u00f6rd\u00fcnc\u00fc en kalabal\u0131k \u015fehri yapmaktad\u0131r. Bat\u0131 Bohemya&#039;da bulunan bu kentsel merkez, y\u00fczy\u0131llar boyunca b\u00f6lgenin geli\u015fimine \u00f6nemli katk\u0131da bulunmu\u015f ve bir orta\u00e7a\u011f ticaret noktas\u0131ndan \u00e7a\u011fda\u015f bir end\u00fcstriyel ve k\u00fclt\u00fcrel merkeze d\u00f6n\u00fc\u015fm\u00fc\u015ft\u00fcr.<\/p>","protected":false},"author":1,"featured_media":2986,"parent":14322,"menu_order":0,"comment_status":"closed","ping_status":"closed","template":"elementor_theme","meta":{"_eb_attr":"","footnotes":""},"class_list":["post-14355","page","type-page","status-publish","has-post-thumbnail"],"_links":{"self":[{"href":"https:\/\/travelshelper.com\/tr\/wp-json\/wp\/v2\/pages\/14355","targetHints":{"allow":["GET"]}}],"collection":[{"href":"https:\/\/travelshelper.com\/tr\/wp-json\/wp\/v2\/pages"}],"about":[{"href":"https:\/\/travelshelper.com\/tr\/wp-json\/wp\/v2\/types\/page"}],"author":[{"embeddable":true,"href":"https:\/\/travelshelper.com\/tr\/wp-json\/wp\/v2\/users\/1"}],"replies":[{"embeddable":true,"href":"https:\/\/travelshelper.com\/tr\/wp-json\/wp\/v2\/comments?post=14355"}],"version-history":[{"count":0,"href":"https:\/\/travelshelper.com\/tr\/wp-json\/wp\/v2\/pages\/14355\/revisions"}],"up":[{"embeddable":true,"href":"https:\/\/travelshelper.com\/tr\/wp-json\/wp\/v2\/pages\/14322"}],"wp:featuredmedia":[{"embeddable":true,"href":"https:\/\/travelshelper.com\/tr\/wp-json\/wp\/v2\/media\/2986"}],"wp:attachment":[{"href":"https:\/\/travelshelper.com\/tr\/wp-json\/wp\/v2\/media?parent=14355"}],"curies":[{"name":"wp","href":"https:\/\/api.w.org\/{rel}","templated":true}]}}