{"id":14301,"date":"2024-09-19T08:21:38","date_gmt":"2024-09-19T08:21:38","guid":{"rendered":"https:\/\/travelshelper.com\/staging\/?page_id=14301"},"modified":"2026-03-11T23:25:07","modified_gmt":"2026-03-11T23:25:07","slug":"kopenhag","status":"publish","type":"page","link":"https:\/\/travelshelper.com\/tr\/destinations\/europe\/denmark\/copenhagen\/","title":{"rendered":"Kopenhag"},"content":{"rendered":"<p>Kopenhag, y\u00fczy\u0131llar\u0131n katmanla\u015fmas\u0131n\u0131n bir kan\u0131t\u0131 olarak duruyor: Bir zamanlar m\u00fctevaz\u0131 bir bal\u0131k\u00e7\u0131 yerle\u015fimi, \u015fimdi orta\u00e7a\u011f sokaklar\u0131n\u0131n \u015f\u0131k modern cephelere de\u011fdi\u011fi ve k\u00fclt\u00fcrel kurumlar\u0131n ve ileri teknoloji end\u00fcstrilerin e\u015fit \u00f6neme sahip oldu\u011fu geli\u015fen bir Kuzey Avrupa ba\u015fkenti. \u015eehir, onuncu y\u00fczy\u0131lda Gammel Strand&#039;\u0131n k\u0131vr\u0131ml\u0131 sular\u0131n\u0131n yan\u0131nda kuruldu\u011fundan beri imparatorluklar\u0131n y\u00fckseli\u015fine ve d\u00fc\u015f\u00fc\u015f\u00fcne, veba ve bombard\u0131man deh\u015fetlerine ve kentsel vizyonun istikrarl\u0131 bir \u015fekilde geli\u015fmesine tan\u0131kl\u0131k etti. Bug\u00fcn Kopenhag, Zealand ve Amager adalar\u0131n\u0131 kapsayan ve Danimarka ve \u0130sve\u00e7 k\u0131y\u0131lar\u0131n\u0131 birle\u015ftiren zarif k\u00f6pr\u00fc yoluyla \u00d8resund&#039;u ge\u00e7erek Malm\u00f6&#039;ye ula\u015fan kentsel \u00e7ekirde\u011finde 1,4 milyon n\u00fcfusa ev sahipli\u011fi yap\u0131yor. Danimarka&#039;n\u0131n siyasi merkezi, ekonomik motoru ve k\u00fclt\u00fcrel kalbi olan bu \u015fehir, kraliyet h\u0131rs\u0131n\u0131n ve Ayd\u0131nlanma \u00c7a\u011f\u0131 \u00f6\u011fretilerinin miras\u0131n\u0131, yirmi birinci y\u00fczy\u0131l\u0131n ila\u00e7, bilgi teknolojisi ve temiz enerji merkezlerinden birinin ivmesiyle harmanl\u0131yor; t\u00fcm bunlar\u0131 yaparken de onu d\u00fcnyan\u0131n en ya\u015fanabilir \u015fehirlerinden biri yapan insan \u00f6l\u00e7e\u011fini ve ye\u015fil alanlar\u0131 koruyor.<\/p>\n<p>\u015eehrin orta\u00e7a\u011f kalbi ilk olarak Viking himayesinde canland\u0131, m\u00fctevaz\u0131 bal\u0131k\u00e7\u0131 kul\u00fcbeleri bir g\u00fcn Tahkimat Halkas\u0131&#039;n\u0131 tan\u0131mlayacak olan m\u00fcstahkem surlara yol verdi. On be\u015finci y\u00fczy\u0131l\u0131n ba\u015flar\u0131nda Kopenhag ba\u015fkent stat\u00fcs\u00fcne \u00e7a\u011fr\u0131lm\u0131\u015ft\u0131 ve on alt\u0131nc\u0131 y\u00fczy\u0131lda Danimarka, \u0130sve\u00e7 ve Norve\u00e7&#039;i tek bir ta\u00e7 alt\u0131nda birle\u015ftiren Kalmar Birli\u011fi&#039;nin fiili monar\u015fik merkezi olarak hizmet etti. Ticaret R\u00f6nesans ana caddelerinden akt\u0131 ve \u015fehir \u0130skandinavya&#039;n\u0131n k\u00fclt\u00fcrel potas\u0131 olarak geli\u015fti. On yedinci y\u00fczy\u0131l, bir g\u00fc\u00e7 merkezi olarak rol\u00fcn\u00fc daha da sa\u011flamla\u015ft\u0131rd\u0131; saraylar, cephanelikler ve h\u00fck\u00fcmet bakanl\u0131klar\u0131, antik duvarlar\u0131n\u0131n \u00f6tesine istikrarl\u0131 bir \u015fekilde yay\u0131lan bir kentsel \u00e7ekirdekten otorite yay\u0131yordu. Yine de on sekizinci y\u00fczy\u0131l hem felaket hem de yenilenme getirdi: veba ve b\u00fcy\u00fck yang\u0131nlar, keresteli konutlar\u0131n b\u00fcy\u00fck b\u00f6l\u00fcmlerini harap etti, sadece \u015fehir planlamac\u0131lar\u0131 Rokoko malikaneleri ve geni\u015f caddelerin bulundu\u011fu prestijli bir b\u00f6lge olan Frederiksstaden ile kar\u015f\u0131l\u0131k verdi. Bu d\u00f6nemde, Kraliyet Tiyatrosu ve G\u00fczel Sanatlar Akademisi, Kopenhag&#039;\u0131n k\u00fclt\u00fcrel hedeflerine \u00f6nc\u00fcl\u00fck etti; ancak \u015fehir, ne yaz\u0131k ki ticaret filolar\u0131ndan ge\u00e7en k\u00f6le ticaretinden k\u00e2r elde etti.<\/p>\n<p>Napolyon Sava\u015flar\u0131&#039;n\u0131n \u00e7alkant\u0131lar\u0131 1807&#039;de \u0130ngiliz filosunun \u015fehri teslim olmaya zorlamas\u0131yla Kopenhag&#039;\u0131n kap\u0131s\u0131na ula\u015ft\u0131. Bu talihsizli\u011fin k\u00fcllerinden, Neoklasik mimari, sanatsal yenilik ve \u015fehrin \u00e7ehresini yeniden \u015fekillendiren felsefi bir mayalanma d\u00f6nemi olan Danimarka Alt\u0131n \u00c7a\u011f\u0131 do\u011fdu. Yirminci y\u00fczy\u0131lda, sava\u015f sonras\u0131 yeniden yap\u0131lanma, be\u015f demiryolu koridoru boyunca b\u00fcy\u00fcmeyi y\u00f6nlendiren, konut ve ticaretin ula\u015f\u0131m altyap\u0131s\u0131yla uyumlu bir \u015fekilde ilerlemesini sa\u011flayan vizyoner bir plan olan Parmak Plan\u0131&#039;n\u0131n do\u011fmas\u0131na yol a\u00e7t\u0131. Milenyumun ba\u015f\u0131nda \u00d8resund K\u00f6pr\u00fcs\u00fc&#039;n\u00fcn tamamlanmas\u0131, Kopenhag&#039;\u0131n eri\u015fimini daha da geni\u015fletti, onu \u0130sve\u00e7 ile daha geni\u015f \u00d6resund B\u00f6lgesi&#039;ne ba\u011flad\u0131 ve ses boyunca ekonomik ve k\u00fclt\u00fcrel al\u0131\u015fveri\u015fi te\u015fvik etti.<\/p>\n<p>Co\u011frafi olarak Kopenhag, deniz kucaklamas\u0131yla tan\u0131mlan\u0131r. Zealand&#039;\u0131n do\u011fu k\u0131y\u0131s\u0131n\u0131 i\u015fgal eder, g\u00fcneye do\u011fru Amager&#039;e kadar uzan\u0131r ve Danimarka ile \u0130sve\u00e7 aras\u0131ndaki koyda as\u0131l\u0131 duran bir tak\u0131mada tak\u0131my\u0131ld\u0131z\u0131n\u0131 talep eder. \u00d8resund&#039;un kar\u015f\u0131s\u0131nda, Malm\u00f6 karayoluyla g\u00fcneydo\u011fuya 42 kilometre; N\u00e6stved ve Odense s\u0131ras\u0131yla g\u00fcneybat\u0131ya 85 ve 164 kilometre; Aarhus ise deniz ve karayoluyla kuzeybat\u0131ya yakla\u015f\u0131k 188 kilometre uzakl\u0131ktad\u0131r. Bu mesafeler i\u00e7erisinde, \u015fehrin etkisi -politik, ticari ve k\u00fclt\u00fcrel- yay\u0131larak, k\u00f6pr\u00fc, feribot ve t\u00fcnel a\u011f\u0131n\u0131n bir b\u00f6lgeyi di\u011ferine ba\u011flamas\u0131 kadar ustal\u0131kla aday\u0131 anakaraya ba\u011flar.<\/p>\n<p>Bir zamanlar Kopenhag&#039;\u0131 koruyan antik surlar, \u015fimdi orta\u00e7a\u011f \u00e7ekirde\u011fini \u00e7evreleyen yemye\u015fil bir \u015ferit olan Tahkimat Halkas\u0131&#039;na hala \u015fekil veriyor. \u00d6tesinde, on dokuzuncu y\u00fczy\u0131l\u0131n i\u015f\u00e7i s\u0131n\u0131f\u0131 mahalleleri\u2014\u00d8sterbro, N\u00f8rrebro, Vesterbro, Amagerbro\u20141870 ile 1915 aras\u0131nda ortaya \u00e7\u0131kt\u0131, \u0131zgaral\u0131 sokaklar\u0131 tu\u011fla apartmanlarla kapl\u0131yd\u0131 ve k\u00fc\u00e7\u00fck parklarla noktalanm\u0131\u015ft\u0131. 1920 ile 1960 aras\u0131nda gelen banliy\u00f6ler\u2014Kongens Enghave, Valby, Vanl\u00f8se ve di\u011ferleri\u2014daha yumu\u015fak bir karaktere b\u00fcr\u00fcnd\u00fc, burada al\u00e7ak katl\u0131 konut k\u00fcmeleri ye\u015fil alanlarla alan\u0131 payla\u015ft\u0131. \u015eehrin park a\u011f\u0131 ve sahil \u015feridi g\u00fcnl\u00fck ya\u015fam\u0131n ayr\u0131lmaz bir par\u00e7as\u0131d\u0131r: 2005 y\u0131l\u0131nda a\u00e7\u0131lan, insan yap\u0131m\u0131 bir sahil manzaras\u0131 olan Amager Strandpark, merkeze on be\u015f dakikadan daha k\u0131sa bir mesafede 4,6 kilometrelik kum ve gezinti yolu sunarken, kuzeydeki Bellevue Plaj\u0131 ve Islands Brygge&#039;deki \u00fcnl\u00fc Liman Banyolar\u0131 y\u0131l boyunca y\u00fczmeye ve dinlenmeye davet ediyor.<\/p>\n<p>Kopenhag&#039;\u0131n okyanus iklimi, Atlantik al\u00e7aklar\u0131, \u0131l\u0131man yazlar ve serin k\u0131\u015flar\u0131n kaprisli bir etkile\u015fimini beraberinde getirir. Ya\u011f\u0131\u015f \u0131l\u0131ml\u0131d\u0131r, ancak Temmuz&#039;dan Eyl\u00fcl&#039;e kadar biraz daha \u0131slak olabilir ve kar genellikle Aral\u0131k sonu ile Mart ba\u015f\u0131 aras\u0131nda d\u00fc\u015fer ve bazen yirmi d\u00f6rt saatte yar\u0131m metreye kadar birikir. G\u00fcne\u015f saatleri \u00f6nemli \u00f6l\u00e7\u00fcde dalgalan\u0131r - Haziran&#039;da g\u00fcnde yakla\u015f\u0131k sekizden k\u0131\u015f ortas\u0131nda bir bu\u00e7uk saate kadar - 04:26&#039;dan 21:58&#039;e kadar uzanan bir yaz ortas\u0131 g\u00fcn\u00fc ile 08:37&#039;den 15:39&#039;a kadar s\u00fcren k\u0131sa k\u0131\u015f g\u00fcn \u0131\u015f\u0131\u011f\u0131 aras\u0131ndaki kar\u015f\u0131tl\u0131\u011f\u0131 daha da belirgin hale getirir. S\u0131cakl\u0131\u011f\u0131n \u00f6pt\u00fc\u011f\u00fc Temmuz ay\u0131nda s\u0131cakl\u0131k zirveleri ortalama 21 \u00b0C olurken, en so\u011fuk haftalar donma noktas\u0131na yak\u0131n seyreder.<\/p>\n<p>Demografik olarak Kopenhag, 2022 itibar\u0131yla yakla\u015f\u0131k 644.000 sakine ev sahipli\u011fi yapan Danimarka&#039;n\u0131n en b\u00fcy\u00fck belediyesidir ve istatistiksel ama\u00e7lar i\u00e7in Frederiksberg, Drag\u00f8r ve T\u00e5rnby&#039;deki banliy\u00f6leri dahil edildi\u011finde 764.000&#039;e y\u00fckselmektedir. G\u00f6\u00e7, son d\u00f6nemdeki b\u00fcy\u00fcmesini \u015fekillendirmi\u015ftir: 2022&#039;nin ba\u015flar\u0131nda belediyenin n\u00fcfusunun yakla\u015f\u0131k &#039;sinin k\u00f6kleri Danimarka d\u0131\u015f\u0131na dayanmakta olup, en b\u00fcy\u00fck yabanc\u0131 do\u011fumlu topluluklar Pakistan, T\u00fcrkiye, Irak, Almanya ve Polonya&#039;dan gelmektedir. Dini ya\u015fam bu \u00e7e\u015fitlili\u011fi yans\u0131tmaktad\u0131r. Danimarka Ulusal Kilisesi n\u00fcfusun sadece yar\u0131s\u0131ndan biraz fazlas\u0131n\u0131 olu\u015ftururken, \u0130slam ikinci en b\u00fcy\u00fck inan\u00e7 haline gelmi\u015f olup, n\u00fcfusun yakla\u015f\u0131k &#039;unu kapsamakta ve N\u00f8rrebro ve Vestegnen&#039;deki canl\u0131 topluluklara ev sahipli\u011fi yapmaktad\u0131r. Kopenhag&#039;\u0131n Yahudi miras\u0131 on yedinci y\u00fczy\u0131la kadar uzanmaktad\u0131r ve aktif sinagoglarda ve Danimarka Yahudi M\u00fczesi&#039;nde g\u00f6r\u00fclebilmektedir.<\/p>\n<p>Danimarka&#039;n\u0131n h\u00fck\u00fcmet merkezi olarak Kopenhag, Folketing&#039;e ve ulusal politikay\u0131 y\u00f6neten bakanl\u0131klara ev sahipli\u011fi yapar. Ayn\u0131 zamanda \u00fclkenin finans merkezidir, Kopenhag Borsas\u0131 taraf\u0131ndan desteklenir ve hizmetlerde bir g\u00fc\u00e7 merkezidir; ula\u015f\u0131m, ileti\u015fim, ticaret ve finans, 350.000 ki\u015filik g\u00fc\u00e7l\u00fc i\u015f g\u00fcc\u00fcn\u00fcn \u00e7o\u011funlu\u011funu istihdam eder. Yirmi birinci y\u00fczy\u0131l\u0131n ba\u015flar\u0131nda, bilgi teknolojisi, ila\u00e7lar ve temiz teknolojiye yap\u0131lan yat\u0131r\u0131mlar hizmet sekt\u00f6r\u00fcndeki h\u0131zl\u0131 geni\u015flemeyi desteklemi\u015ftir. Daha geni\u015f Ba\u015fkent B\u00f6lgesi, 2017&#039;de yakla\u015f\u0131k 120 milyar avroluk bir GSY\u0130H kaydetti ve ki\u015fi ba\u015f\u0131na d\u00fc\u015fen \u00e7\u0131kt\u0131 a\u00e7\u0131s\u0131ndan Avrupa&#039;n\u0131n en \u00fcst s\u0131ralardaki b\u00f6lgeleri aras\u0131na girdi. Kopenhag&#039;\u0131n ye\u015fil ekonomide k\u00fcresel bir lider olarak itibar\u0131, d\u00fc\u015f\u00fck karbonlu b\u00fcy\u00fcme, enerji verimlili\u011fi ve s\u00fcrd\u00fcr\u00fclebilir kentsel tasar\u0131ma y\u00f6nelik uzun vadeli taahh\u00fctlere dayanmaktad\u0131r.<\/p>\n<p>Akademik ya\u015fam \u015fehrin her yerinde nab\u0131z at\u0131yor. 1479&#039;da kurulan Kopenhag \u00dcniversitesi, Avrupa&#039;n\u0131n en eski y\u00fcksek \u00f6\u011frenim kurumlar\u0131 aras\u0131nda yer al\u0131rken, Danimarka Teknik \u00dcniversitesi, Kopenhag \u0130\u015fletme Okulu ve Kopenhag BT \u00dcniversitesi d\u00fcnyan\u0131n d\u00f6rt bir yan\u0131ndan akademisyenleri kendine \u00e7ekiyor. Spor da \u00f6nemli bir yer tutuyor: FC Kopenhag ve Br\u00f8ndby IF futbolda ate\u015fli takip\u00e7ilere sahip, 1980&#039;den beri her y\u0131l d\u00fczenlenen Kopenhag Maratonu caddelerinden ge\u00e7iyor ve \u015fehrin \u00fcnl\u00fc bisiklet dostu sokaklar\u0131 toplu ta\u015f\u0131ma a\u011f\u0131n\u0131 gizliyor: Movia otob\u00fcsleri, 2002&#039;den beri Kopenhag Metrosu, S-tren, Lokaltog hatlar\u0131 ve Sahil Hatt\u0131. Hepsi hem yolculara hem de turistlere hizmet etmek i\u00e7in bir araya geliyor. Ayl\u0131k 2,5 milyon yolcusu olan Kastrup Havaalan\u0131, \u0130skandinav \u00fclkelerindeki en yo\u011fun havaalan\u0131 olarak s\u0131ralan\u0131yor.<\/p>\n<p>Kopenhag&#039;\u0131n sil\u00fceti, kas\u0131tl\u0131 k\u0131s\u0131tlama ve cesur yenili\u011fin \u00fcr\u00fcn\u00fcd\u00fcr. Middelalderbyen olarak bilinen orta\u00e7a\u011f \u00e7ekirde\u011fi, Slotsholmen&#039;in Christiansborg Saray\u0131&#039;n\u0131n demirledi\u011fi dar sokaklarda ve eski kiliselerde varl\u0131\u011f\u0131n\u0131 s\u00fcrd\u00fcrmektedir. On sekizinci y\u00fczy\u0131lda Frederick V taraf\u0131ndan tasarlanan Frederiksstaden, Amalienborg&#039;un d\u00f6rt kona\u011f\u0131n\u0131 ve Frederik Kilisesi&#039;nin kilise kubbesini Rokoko uyumuna yerle\u015ftirir. Tarihi merkezin \u00f6tesinde, Opera Binas\u0131 ve modern ofis kompleksleri de dahil olmak \u00fczere \u00d8restad ovas\u0131nda ve Holmen&#039;de \u00e7a\u011fda\u015f projeler y\u00fckselir, ancak siyasi irade uzun zamand\u0131r i\u00e7 \u015fehri y\u00fcksek katl\u0131 tecav\u00fczlerden korumu\u015ftur. Sonu\u00e7, insan \u00f6l\u00e7e\u011finde bir sil\u00fceti korurken, Kurtar\u0131c\u0131m\u0131z ve St. Nikolaj&#039;\u0131n sivri tepeli kiliseleri ve Christian IV&#039;\u00fcn ejderha kuyruklu borsa kulesi gibi dikey vurgular\u0131na sayg\u0131 g\u00f6steren bir \u015fehirdir.<\/p>\n<p>Her b\u00f6lge kendine \u00f6zg\u00fc bir tablo sunar. Indre By, Str\u00f8get&#039;in yaya yolu, Charlottenborg&#039;daki sanat sergileri ve Nyhavn&#039;\u0131n kanal k\u0131y\u0131s\u0131ndaki cazibesiyle nab\u0131z atar. Hollanda tarz\u0131 su yollar\u0131 ve \u00f6zerk Christiania b\u00f6lgesiyle Christianshavn, ho\u015fg\u00f6r\u00fc ve yarat\u0131c\u0131l\u0131k ruhunu \u00e7a\u011fr\u0131\u015ft\u0131r\u0131r; Kurtar\u0131c\u0131m\u0131z Kilisesi, art\u0131k \u0130skandinav mutfa\u011f\u0131 i\u00e7in yeniden kullan\u0131lan ev tekneleri ve depolar\u0131n yan\u0131nda g\u00f6\u011fe do\u011fru spiraller \u00e7izer. Vesterbro&#039;nun Tivoli Bah\u00e7eleri, d\u00f6nme dolap \u0131\u015f\u0131klar\u0131n\u0131n alt\u0131nda tuhafl\u0131k yarat\u0131rken, Carlsberg Quarter, k\u00fclt\u00fcrel mekanlar aras\u0131nda bira fabrikas\u0131 an\u0131tlar\u0131n\u0131 korur. N\u00f8rrebro, i\u015f\u00e7i s\u0131n\u0131f\u0131 k\u00f6klerinden, Sankt Hans Torv ve Assistens Mezarl\u0131\u011f\u0131&#039;n\u0131n yaprakl\u0131 tesellisiyle demir atm\u0131\u015f canl\u0131, \u00e7ok k\u00fclt\u00fcrl\u00fc caddelere d\u00f6n\u00fc\u015fm\u00fc\u015ft\u00fcr. \u00d8sterbro&#039;nun el\u00e7ilikleri ve k\u0131y\u0131 \u015feridi, K\u00fc\u00e7\u00fck Denizk\u0131z\u0131 heykeline, Kastellet surlar\u0131n\u0131n yak\u0131n\u0131nda efsanevi oymalar ta\u015f\u0131yan Gefion \u00c7e\u015fmesi&#039;ne g\u00f6rkemli gezinti yollar\u0131 sunar. Frederiksberg, kendi saray\u0131, hayvanat bah\u00e7esi ve tiyatro caddeleriyle ye\u015fil bir belediye olarak ayr\u0131 duruyor. Amager&#039;e giden k\u00f6pr\u00fcn\u00fcn g\u00fcneyinde, Amagerbro&#039;nun d\u00fckkanlar\u0131 ve kafeleri ziyaret\u00e7ilere buradaki g\u00fcnl\u00fck ya\u015fam\u0131n hem canl\u0131 hem de yerel bir h\u0131zda ger\u00e7ekle\u015fti\u011fini hat\u0131rlat\u0131yor.<\/p>\n<p>Kopenhag&#039;\u0131n m\u00fczeleri \u015fehrin k\u00fclt\u00fcrel ak\u0131mlar\u0131n\u0131 \u00e7izer. Ulusal M\u00fcze Danimarka ve d\u00fcnya tarihlerini inceler; Statens Museum for Kunst, orta\u00e7a\u011f sunaklar\u0131ndan \u00e7a\u011fda\u015f enstalasyonlara kadar sanat\u0131 izler. Ny Carlsberg Glyptotek, cam \u00e7at\u0131l\u0131 galerilerin alt\u0131nda klasik heykeller ve Empresyonist resimlere ev sahipli\u011fi yapar; Louisiana, \u015fehrin kuzeyindeki k\u0131y\u0131da yer al\u0131r ve modern sanat\u0131 \u00d8resund&#039;a bakan heykel bah\u00e7eleriyle harmanlar. Danimarka Tasar\u0131m M\u00fczesi, neoklasik heykellerden olu\u015fan Thorvaldsens M\u00fczesi, Cisternerne&#039;nin yeralt\u0131 galerileri ve Ordrupgaard on dokuzuncu y\u00fczy\u0131l sanat koleksiyonu, merak\u0131 \u00f6d\u00fcllendiren ve diyalo\u011fu ate\u015fleyen bir kurumlar tak\u0131my\u0131ld\u0131z\u0131n\u0131 tamamlar.<\/p>\n<p>Sahnede ve konser salonlar\u0131nda, Kopenhag&#039;\u0131n sahne sanatlar\u0131 uluslararas\u0131 sayg\u0131 g\u00f6r\u00fcyor. Royal Danish Playhouse ve Holmen&#039;deki opera binas\u0131, hem akusti\u011fi hem de mimari cesaretiyle be\u011feni toplayan mekanlarda bale, drama ve senfoni konserlerine ev sahipli\u011fi yap\u0131yor. Tivoli Konser Salonu ve her Temmuz ay\u0131nda Amerikal\u0131 g\u00f6\u00e7menleri ve yerli yetenekleri bir araya getiren Caz Festivali, 1960&#039;lardan beri canl\u0131 olan bir caz gelene\u011fine tan\u0131kl\u0131k ediyor. Avrupa&#039;n\u0131n en iyi konser mekanlar\u0131 aras\u0131nda de\u011ferlendirilen Vesterbro&#039;daki Vega ve Festival of Endless Gratitude gibi ni\u015f etkinlikler, hem ana ak\u0131m eylemlere hem de yeralt\u0131 deneylerine uyum sa\u011flayan bir \u015fehri ortaya koyuyor. Yaz aylar\u0131nda Str\u00f8get, do\u011fa\u00e7lama eylemlerin yayalar\u0131n ak\u0131\u015f\u0131n\u0131 vurgulad\u0131\u011f\u0131 sokak sanat\u00e7\u0131lar\u0131, sihirbazlar ve m\u00fczisyenler i\u00e7in a\u00e7\u0131k hava tiyatrosuna d\u00f6n\u00fc\u015f\u00fcyor.<\/p>\n<p>Kopenhag&#039;\u0131n mutfak r\u00f6nesans\u0131 onu k\u00fcresel gastronomi alan\u0131nda \u00f6n s\u0131ralara ta\u015f\u0131d\u0131. Amerika&#039;da e\u011fitim alm\u0131\u015f \u015fefler ve Danimarkal\u0131 vizyonerler, Noma ve Geranium&#039;un uluslararas\u0131 be\u011feni kazanmas\u0131yla Yeni \u0130skandinav Mutfa\u011f\u0131&#039;n\u0131 geli\u015ftirdiler. On be\u015f Michelin y\u0131ld\u0131z\u0131, rafine tad\u0131m men\u00fclerinden yerel toplanm\u0131\u015f malzemelerin deneysel kar\u0131\u015f\u0131mlar\u0131na kadar \u015fehrin masalar\u0131n\u0131 s\u00fcsl\u00fcyor. \u015eehir, y\u00fcksek mutfa\u011f\u0131n \u00f6tesinde, basit soslar\u0131 zanaatkarl\u0131kla birle\u015ftiren a\u00e7\u0131k y\u00fczl\u00fc \u00e7avdar sandvi\u00e7leri olan sm\u00f8rrebr\u00f8d&#039;u ve y\u00fczy\u0131llar\u0131n tatl\u0131 miras\u0131n\u0131 ta\u015f\u0131yan Danimarka pastas\u0131n\u0131 y\u00fcceltiyor. 1870&#039;ten beri s\u00fcrekli faaliyette olan Conditori La Glace, \u015fekerleme zanaat\u0131n\u0131n ya\u015fayan bir ar\u015fivi olarak duruyor. Bu arada, gelenek ve yenilik Kopenhag&#039;\u0131n bira sahnesinde bir arada var oluyor: Carlsberg&#039;in tarihi bira fabrikas\u0131, eski end\u00fcstriyel alanlarda \u015ferbet\u00e7iotu a\u011f\u0131rl\u0131kl\u0131 biralar yeti\u015ftiren mikro bira fabrikalar\u0131n\u0131n yan\u0131nda yer al\u0131yor.<\/p>\n<p>Gece \u00e7\u00f6kt\u00fc\u011f\u00fcnde, Kopenhag \u0130skandinav k\u0131s\u0131tlamalar\u0131na dair alg\u0131lar\u0131 yalanlayan bir canl\u0131l\u0131k ortaya koyuyor. Vesterbro, N\u00f8rrebro, Frederiksberg ve Amagerbro&#039;daki barlar ve kul\u00fcpler ge\u00e7 saatlere kadar a\u00e7\u0131k kal\u0131yor -baz\u0131lar\u0131 \u015fenli\u011fe kadar- ve liberal bir alkol k\u00fclt\u00fcr\u00fc ho\u015fg\u00f6r\u00fcy\u00fc sosyal sorumlulukla dengeliyor. Culture Box, Jolene ve ARCH gibi mekanlar elektronik m\u00fczik ve canl\u0131 performanslarla \u00e7ekilen \u00e7e\u015fitli kalabal\u0131klara ev sahipli\u011fi yap\u0131yor. Festivaller takvimi noktal\u0131yor: Kopenhag Karnaval\u0131 her Whit Pazar g\u00fcn\u00fc F\u00e6lledparken&#039;i d\u00f6n\u00fc\u015ft\u00fcr\u00fcyor, Copenhell metalcileri yeniden i\u015flevlendirilen bir tersaneye davet ediyor, Pride A\u011fustos ay\u0131nda Belediye Binas\u0131 Meydan\u0131&#039;na iniyor ve Kopenhag Distortion Haziran ba\u015f\u0131nda \u015fehrin d\u00f6rt bir yan\u0131ndaki sokaklar\u0131 canland\u0131rarak toplum odakl\u0131 kutlama konusundaki itibar\u0131n\u0131 do\u011fruluyor.<\/p>\n<p>Kopenhag&#039;\u0131 tan\u0131mlayan \u015fey, derin tarih ve ileriye d\u00f6n\u00fck tasar\u0131m, kraliyet g\u00f6steri\u015fi ve tabandan gelen yarat\u0131c\u0131l\u0131k, dingin parklar ve canl\u0131 sokaklar aras\u0131ndaki bu etkile\u015fimdir. Kulelerinin alt\u0131nda ve k\u0131y\u0131 \u015feridi gezinti yollar\u0131nda, \u015fehir kendini dura\u011fan bir an\u0131t olarak de\u011fil, caddelerinde y\u00fcr\u00fcyen, kanallar\u0131nda k\u00fcrek \u00e7eken ve sil\u00fcetini \u015fekillendirenler taraf\u0131ndan s\u00fcrekli olarak yaz\u0131lan canl\u0131 bir anlat\u0131 olarak ortaya koyar. Kopenhag, her ziyaret\u00e7i veya ikamet eden i\u00e7in bir davet sunar: Antik bir yerle\u015fimin, en b\u00fcy\u00fck miraslar\u0131 olan insan \u00f6l\u00e7e\u011finden ve \u00e7evre bilincinden vazge\u00e7meden nas\u0131l modern bir ba\u015fkente d\u00f6n\u00fc\u015ft\u00fc\u011f\u00fcne tan\u0131k olmak.<\/p>","protected":false},"excerpt":{"rendered":"<p>Danimarka&#039;n\u0131n ba\u015fkenti ve en b\u00fcy\u00fck \u015fehri olan Kopenhag&#039;\u0131n kentsel alan\u0131nda 1,4 milyonluk bir n\u00fcfus bulunmaktad\u0131r. Zealand ve Amager adalar\u0131nda bulunan bu \u015fehir, uzun bir tarihi, k\u00fclt\u00fcrel \u00f6nemi ve ekonomik g\u00fcc\u00fc \u00f6rneklemektedir. Kopenhag&#039;\u0131n, Malm\u00f6&#039;den \u00d8resund bo\u011faz\u0131yla ayr\u0131lan stratejik konumu, \u0130skandinavya ve Avrupa meselelerinde \u00f6nemli bir kat\u0131l\u0131mc\u0131 olarak rol\u00fcn\u00fc \u00f6nemli \u00f6l\u00e7\u00fcde etkilemi\u015ftir.<\/p>","protected":false},"author":1,"featured_media":3002,"parent":14261,"menu_order":0,"comment_status":"closed","ping_status":"closed","template":"elementor_theme","meta":{"_eb_attr":"","footnotes":""},"class_list":["post-14301","page","type-page","status-publish","has-post-thumbnail"],"_links":{"self":[{"href":"https:\/\/travelshelper.com\/tr\/wp-json\/wp\/v2\/pages\/14301","targetHints":{"allow":["GET"]}}],"collection":[{"href":"https:\/\/travelshelper.com\/tr\/wp-json\/wp\/v2\/pages"}],"about":[{"href":"https:\/\/travelshelper.com\/tr\/wp-json\/wp\/v2\/types\/page"}],"author":[{"embeddable":true,"href":"https:\/\/travelshelper.com\/tr\/wp-json\/wp\/v2\/users\/1"}],"replies":[{"embeddable":true,"href":"https:\/\/travelshelper.com\/tr\/wp-json\/wp\/v2\/comments?post=14301"}],"version-history":[{"count":0,"href":"https:\/\/travelshelper.com\/tr\/wp-json\/wp\/v2\/pages\/14301\/revisions"}],"up":[{"embeddable":true,"href":"https:\/\/travelshelper.com\/tr\/wp-json\/wp\/v2\/pages\/14261"}],"wp:featuredmedia":[{"embeddable":true,"href":"https:\/\/travelshelper.com\/tr\/wp-json\/wp\/v2\/media\/3002"}],"wp:attachment":[{"href":"https:\/\/travelshelper.com\/tr\/wp-json\/wp\/v2\/media?parent=14301"}],"curies":[{"name":"wp","href":"https:\/\/api.w.org\/{rel}","templated":true}]}}