{"id":14282,"date":"2024-09-19T08:01:29","date_gmt":"2024-09-19T08:01:29","guid":{"rendered":"https:\/\/travelshelper.com\/staging\/?page_id=14282"},"modified":"2026-03-11T23:24:36","modified_gmt":"2026-03-11T23:24:36","slug":"vejle","status":"publish","type":"page","link":"https:\/\/travelshelper.com\/tr\/destinations\/europe\/denmark\/vejle\/","title":{"rendered":"Vejle"},"content":{"rendered":"<p>1 Ocak 2025 itibar\u0131yla 62.011 sakiniyle Danimarka&#039;n\u0131n dokuzuncu b\u00fcy\u00fck \u015fehri olan Vejle, iki nehir vadisinin Jutland Yar\u0131madas\u0131&#039;ndaki Vejle Fiyordu&#039;nun ba\u015f\u0131nda bulu\u015ftu\u011fu yerde ortaya \u00e7\u0131kar. Burada, ormanl\u0131k tepeler bir zamanlar erken yerle\u015fimin demirledi\u011fi buzul bir adan\u0131n her iki taraf\u0131nda dik bir \u015fekilde y\u00fckselir. Y\u00fczy\u0131llar boyunca liman\u0131, demir yolu kav\u015faklar\u0131, otoyol ba\u011flant\u0131lar\u0131 ve yenilik\u00e7i mimarisi hem end\u00fcstrisini hem de karakterini \u015fekillendirmi\u015ftir. Vejle&#039;nin do\u011fal hatlar ve insan h\u0131rs\u0131 aras\u0131ndaki devam eden diyalo\u011fu, fiyordun her k\u0131vr\u0131m\u0131nda, her restore edilmi\u015f su kenar\u0131nda ve her modern ufuk \u00e7izgisi sil\u00fcetinde kendini g\u00f6sterir.<\/p>\n<p>Su kenar\u0131nda, Vejle Fiyordu, K\u00fc\u00e7\u00fck Ku\u015fak&#039;tan i\u00e7 kesimlere do\u011fru uzan\u0131r ve gemileri kuzeye Balt\u0131k&#039;a ve Kattegat&#039;tan Atlantik&#039;e do\u011fru \u00e7eker. \u015eehrin orijinal \u00e7ekirde\u011fi, son buzul \u00e7a\u011f\u0131nda biriken bir tortu adas\u0131n\u0131n tepesinde yer al\u0131r; burada, Torvegade ilk t\u00fcccarlar taraf\u0131ndan ilk kez oyulmu\u015f yollar\u0131 takip ederken, yaya kald\u0131r\u0131m\u0131na yerle\u015ftirilmi\u015f cam paneller art\u0131k alttaki orta\u00e7a\u011f pazar yolunun izlerini ortaya \u00e7\u0131kar\u0131yor. Kasaba m\u00fctevaz\u0131 bir nehir k\u0131y\u0131s\u0131 k\u00fcmesi olarak ba\u015flam\u0131\u015f olsa da, iki birle\u015fen su yolu \u00fczerindeki konumu\u2014Vejle Nehri ve daha dar olan Grejs Nehri\u2014mallar\u0131n, insanlar\u0131n ve fikirlerin istikrarl\u0131 bir \u015fekilde akmas\u0131n\u0131 sa\u011flad\u0131.<\/p>\n<p>\u015eehrin \u00fcst\u00fcnde, b\u00f6lgenin m\u00fctevaz\u0131 y\u00fckseltileri b\u00fcy\u00fck bir drama b\u00fcr\u00fcn\u00fcyor. Danimarka&#039;n\u0131n en y\u00fcksek do\u011fal noktas\u0131 170 metreyi zar zor a\u015farken, Vejle&#039;nin kuzeyindeki ve g\u00fcneyindeki tepeler ufkunu \u00e7er\u00e7eveliyor. \u00dclkenin en uzun t\u00fcnel vadisi olarak kesintisiz uzanan Vejle Nehri Vadisi, ya\u011fmur suyunu hafif\u00e7e e\u011fimli k\u0131y\u0131lardan fiyorda do\u011fru y\u00f6nlendiriyor; Grejs Vadisi daha keskin bir \u015fekilde keserek Danimarka&#039;n\u0131n en derin vadisini oyuyor. Her iki vadi de bir zamanlar k\u00fc\u00e7\u00fck \u00e7ift\u00e7ilik topluluklar\u0131na ev sahipli\u011fi yap\u0131yordu; bug\u00fcn, kire\u00e7ta\u015f\u0131 \u00e7\u0131k\u0131nt\u0131lar\u0131, yosunlu kayalar ve kay\u0131n ve me\u015fe h\u0131\u015f\u0131rt\u0131s\u0131 katmanlar\u0131n\u0131 ortaya \u00e7\u0131karan y\u00fcr\u00fcy\u00fc\u015f parkurlar\u0131yla ge\u00e7iliyorlar.<\/p>\n<p>\u015eehrin yaya kalbi, d\u00fckkanlar, kafeler ve Bryggen al\u0131\u015fveri\u015f merkeziyle \u00e7evrili geni\u015f, ta\u015f d\u00f6\u015feli bir cadde olan Algade boyunca uzan\u0131r. 20. y\u00fczy\u0131l\u0131n sonlar\u0131nda a\u00e7\u0131lan Bryggen, tek bir cam kanopinin alt\u0131nda otuz sekiz ma\u011fazaya ev sahipli\u011fi yapar ve keskin a\u00e7\u0131lar\u0131 fiyordun \u0131\u015f\u0131\u011f\u0131n\u0131 yans\u0131t\u0131r. Yak\u0131nlarda, Paladspassagen Sosyal Yemek konsepti eski Mary&#039;s Al\u0131\u015fveri\u015f Merkezi&#039;ni mesken tutar ve eski ma\u011faza katlar\u0131n\u0131 ortak uzun masalara ve b\u00f6lgesel \u00fcreticilerin ortak uzun masalarda sokak yeme\u011fi tarz\u0131 yemekler sundu\u011fu a\u00e7\u0131k mutfaklara d\u00f6n\u00fc\u015ft\u00fcrerek bir zamanlar sessiz olan koridorlara yeni bir hayat verir.<\/p>\n<p>Vejle&#039;nin kamusal alan\u0131 e\u015fit bir \u00f6zenle yeniden \u015fekillendirildi. 1990&#039;larda \u015fehir planc\u0131lar\u0131, yeni geli\u015fmeler i\u00e7in kalite ve uyumu zorunlu k\u0131lan Danimarka&#039;n\u0131n ilk resmi mimari politikas\u0131n\u0131 benimsedi. Suyun kenar\u0131nda, The Wave\u2014B\u00f8lgen\u2014beyaz beton ve camdan d\u00f6rt k\u0131vr\u0131ml\u0131 katman halinde y\u00fckselir, her bir konsol kat yuvarlanan denizin yank\u0131s\u0131yla g\u00f6ky\u00fcz\u00fcne do\u011fru uzan\u0131r. Yak\u0131nlarda, sanat enstalasyonlar\u0131 eski end\u00fcstriyel r\u0131ht\u0131mlar\u0131 vurgular; ve yak\u0131n zamanda yap\u0131lan bir projede, bir zamanlar Grejs Nehri&#039;ni \u015fehir merkezindeki sokaklar\u0131n alt\u0131na g\u00f6men menfez ortaya \u00e7\u0131kar\u0131ld\u0131. Bug\u00fcn, berrak sular\u0131 granit bloklar ve yerel bitkilerle \u00e7evrili, peyzajl\u0131 bir kanal boyunca akmaktad\u0131r.<\/p>\n<p>Liman\u0131n kendisi, ilk havzan\u0131n k\u0131y\u0131 ticaretine a\u00e7\u0131ld\u0131\u011f\u0131 1827 y\u0131l\u0131na dayan\u0131r. 20. y\u00fczy\u0131l\u0131n ortalar\u0131na gelindi\u011finde, Vejle, Kopenhag&#039;dan sonra Danimarka&#039;n\u0131n ikinci en yo\u011fun liman\u0131 haline gelmi\u015fti. Hvidbjerg ve Jeppe Jensen gibi buharl\u0131 gemiler bir zamanlar fiyort ve k\u0131y\u0131da seferler yaparak Vejle&#039;yi deniz k\u0131y\u0131s\u0131ndaki tatil yerlerine ve arazilere ba\u011fl\u0131yordu. Modern kargo terminalleri toplu mallar\u0131 ta\u015f\u0131maya devam ederken, \u015fehir planlamac\u0131lar\u0131 art\u0131k kuzeydeki r\u0131ht\u0131mlar\u0131 k\u0131y\u0131 parklar\u0131na ve konutlara d\u00f6n\u00fc\u015ft\u00fcrmeyi \u00f6neriyor; bu \u00e7abalar, \u015fehir ve deniz aras\u0131nda do\u011frudan g\u00f6rsel ve fiziksel bir ba\u011flant\u0131y\u0131 yeniden tesis edecek.<\/p>\n<p>Vejle&#039;nin ula\u015f\u0131m a\u011f\u0131 fiyordunun ve liman\u0131n\u0131n \u00e7ok \u00f6tesine uzan\u0131r. Avrupa E45 otoyolu, Vejle Fiyordu K\u00f6pr\u00fcs\u00fc \u00fczerinden K\u00fc\u00e7\u00fck Ku\u015fak&#039;\u0131 kaplar ve ikiz kemerleri su ve g\u00f6ky\u00fcz\u00fcn\u00fc kaplar. K\u00f6pr\u00fcn\u00fcn hemen d\u0131\u015f\u0131nda, lojistik merkezleri, fast-food sat\u0131\u015f noktalar\u0131 ve ara\u00e7 payla\u015f\u0131m parklar\u0131n\u0131n, ulusal Ula\u015f\u0131m Merkezi (DTC) taraf\u0131ndan demirlenen Danimarka&#039;n\u0131n en yo\u011fun y\u00fck kav\u015faklar\u0131ndan birini i\u015faretledi\u011fi &#034;E45 Ge\u00e7idi&#034; olarak adland\u0131r\u0131lan \u00c7\u0131k\u0131\u015f 59 yer al\u0131r. Kuzeyde, Mid-Jutland Otoyolu ve Birincil Yol 28, Vejle&#039;yi Herning&#039;e ve \u00f6tesine ba\u011flayan engebeli tar\u0131m arazilerini ge\u00e7er.<\/p>\n<p>Demiryolu ba\u011flant\u0131lar\u0131 burada nehirler kadar kesin bir \u015fekilde birle\u015fiyor. 1868&#039;de a\u00e7\u0131lan Vejle tren istasyonu, Aarhus&#039;tan gelen Do\u011fu Jutland Hatt\u0131 ile Struer&#039;den gelen Orta Jutland Hatt\u0131 aras\u0131nda bir ba\u011flant\u0131 g\u00f6revi g\u00f6r\u00fcyor. G\u00fcney y\u00f6n\u00fcnde hat, rotalar\u0131n Odense ve Kopenhag&#039;a, Kolding \u00fczerinden Esbjerg&#039;e ve hatta Hamburg&#039;a do\u011fru ayr\u0131ld\u0131\u011f\u0131 Fredericia&#039;dan devam ediyor. Yine de istasyonun gelece\u011fi hala tart\u0131\u015f\u0131l\u0131yor: Baz\u0131 politikac\u0131lar, Odense ve Aarhus aras\u0131ndaki seyahat s\u00fcrelerini k\u0131saltmak i\u00e7in ikinci bir fiyort ge\u00e7i\u015fi yap\u0131lmas\u0131n\u0131 savunuyor, bu \u00f6neri Vejle \u0130stasyonu&#039;nu tamamen atlayabilir.<\/p>\n<p>\u015eehrin mahalleleri z\u0131tl\u0131klar\u0131n bir goblenini sunar. Merkeze yak\u0131n, N\u00f8rremarken, Vejle Stadion&#039;un \u00e7amlar\u0131n aras\u0131nda durdu\u011fu ormanl\u0131k yama\u00e7lara a\u00e7\u0131l\u0131r. G\u00fcneyde, S\u00f8ndermarken eski bir malikanenin bulundu\u011fu yere yay\u0131l\u0131r; yel de\u011firmeni, a\u011fa\u00e7 s\u0131n\u0131r\u0131na kar\u015f\u0131 beyaz boyal\u0131 ve \u015fehrin bir amblemi olarak hizmet veren u\u00e7urumun tepesinde yer al\u0131r. Daha uzakta, Grejsdalen&#039;in vadi taban\u0131 aile evlerine ve s\u0131k\u0131 s\u0131k\u0131ya ba\u011fl\u0131 patikalara ev sahipli\u011fi yapar; Hover, Lille Grundet ve Store Grundet biti\u015fik tepelerde k\u00fcmelenir. Do\u011fuda, M\u00f8lholm ve Vinding fiyorda bakarken, bat\u0131da Skibet ve Knabberup uzan\u0131r ve \u015fehrin k\u0131rsal yay\u0131lma ile s\u0131n\u0131r\u0131n\u0131 belirler.<\/p>\n<p>Sanayi ve ticaret her zaman Vejle&#039;nin pusulas\u0131n\u0131 \u015fekillendirmi\u015ftir. Buradaki tekstil ve metal i\u015fleri fabrikalar\u0131 bir zamanlar Jutland&#039;\u0131n d\u00f6rt bir yan\u0131ndan i\u015f\u00e7ileri kendine \u00e7ekmi\u015ftir; bug\u00fcn, y\u00fcksek teknoloji firmalar\u0131, hizmet sa\u011flay\u0131c\u0131lar\u0131 ve lojistik i\u015fletmeleri, Kolding ve Fredericia&#039;n\u0131n yan\u0131 s\u0131ra Triangle B\u00f6lgesi&#039;ndeki istihdam istatistiklerine hakimdir. Perakende hala yerel \u00f6nemini korumaktad\u0131r: hem sakinler hem de ziyaret\u00e7iler, ana gezinti yolu boyunca \u00e7e\u015fitli zincir ve \u00f6zel ma\u011fazalar bulabilirler ve transit merkezinden her y\u00f6ne, her b\u00f6lgeye hizmet etmek i\u00e7in yerel otob\u00fcsler dokuz rotada da\u011f\u0131l\u0131r.<\/p>\n<p>Ancak Vejle, end\u00fcstri ve mimariden daha fazlas\u0131d\u0131r; ayn\u0131 zamanda bir sanat ve \u00f6\u011frenme merkezidir. Eski bir end\u00fcstriyel salonda yenilenen Vejle Sanat M\u00fczesi, 20. y\u00fczy\u0131l\u0131n ortalar\u0131ndan kalma COBRA eserlerini i\u00e7eren W\u00f6rzner koleksiyonunu, Rembrandt&#039;\u0131n nadir bir bak\u0131r bask\u0131 grav\u00fcr\u00fcyle birlikte sergiler. Kent M\u00fczesi&#039;ndeki sergiler, \u015fehrin orta\u00e7a\u011f pazar\u0131ndan eski iplik fabrikas\u0131nda bulunan modern merkeze do\u011fru b\u00fcy\u00fcmesini izler. Kentin di\u011fer taraf\u0131nda, \u00d8kolariet ekoloji ve geri d\u00f6n\u00fc\u015f\u00fcm \u00fczerine etkile\u015fimli sergiler sunar ve uygulamal\u0131 sergileri aileleri ve okul gruplar\u0131n\u0131 kendine \u00e7eker.<\/p>\n<p>M\u00fczikal gelenekler mimari gelenekler kadar dokunakl\u0131 bir \u015fekilde yank\u0131lan\u0131r. Tango Jalousie ile \u00fcnlenen besteci Jacob Gade yak\u0131nlarda do\u011fmu\u015ftur; melodileri hala nehre bakan modern oditoryumu olan Vejle Musikteater&#039;daki programda yank\u0131lan\u0131r. Ulrik Gr\u00e4s ve Inger Christensen gibi edebi \u015fahsiyetler de ayn\u0131 \u015fekilde engebeli tepelerden ilham alm\u0131\u015ft\u0131r. \u015eairin ayr\u0131nt\u0131lara g\u00f6sterdi\u011fi \u00f6zen, her ta\u015f duvar\u0131n ve nehir k\u0131y\u0131s\u0131n\u0131n bir end\u00fcstri, inan\u00e7, sanat ve topluluk hikayesi bar\u0131nd\u0131rd\u0131\u011f\u0131 \u015fehrin katmanl\u0131 anlat\u0131s\u0131n\u0131 yans\u0131t\u0131r.<\/p>\n<p>Vejle&#039;nin en eski mahallelerinde tarihi merak uyand\u0131r\u0131c\u0131 \u015feyler bulunur. 13. y\u00fczy\u0131l\u0131n ortalar\u0131na tarihlenen St. Nicolai Kilisesi, yak\u0131ndaki bir turba batakl\u0131\u011f\u0131ndan deri ve sa\u00e7\u0131 sa\u011flam bir \u015fekilde \u00e7\u0131kar\u0131lan Haraldsk\u00e6r kad\u0131n\u0131 olarak bilinen bir batakl\u0131k cesedine ev sahipli\u011fi yapar. Bir duvardaki hafif girintilerin ormanda gizlenen idam edilmi\u015f soyguncular\u0131n kafataslar\u0131 oldu\u011fu s\u00f6ylenir; bu, ta\u015f mahzene tedirgin edici bir hava katan yerel bir efsanedir. Belediye Binas\u0131 ile b\u00fct\u00fcnle\u015fmi\u015f olan biti\u015fikteki Eski Hapishane Binas\u0131, 1984 restorasyonundan sonra bir g\u00fczelle\u015ftirme \u00f6d\u00fcl\u00fc kazand\u0131; k\u00fc\u00e7\u00fck h\u00fccreleri art\u0131k hapishane tezah\u00fcratlar\u0131 yerine rehberli tur hikayeleriyle yank\u0131lan\u0131yor.<\/p>\n<p>Fiyordun hemen \u00f6tesinde ba\u015fka ilgi \u00e7ekici yerler vard\u0131r. Aileler, Vejle&#039;nin transit merkezinden d\u00fczenli otob\u00fcs seferleriyle ula\u015ft\u0131klar\u0131, otuz kilometre g\u00fcneybat\u0131da bulunan Billund&#039;daki orijinal Legoland&#039;a hac yolculuklar\u0131 yaparlar. Tarih merakl\u0131lar\u0131, 10. y\u00fczy\u0131ldan kalma runik ta\u015flar\u0131 ve mezar h\u00f6y\u00fcklerinin Danimarka&#039;n\u0131n \u00f6nde gelen UNESCO D\u00fcnya Miras\u0131 Alan\u0131&#039;n\u0131 olu\u015fturdu\u011fu ve Viking \u00c7a\u011f\u0131&#039;n\u0131n kraliyet d\u00f6n\u00fc\u015f\u00fcmlerini anan Jelling&#039;e giderler. Vejle&#039;nin bu alanlara yak\u0131nl\u0131\u011f\u0131, kendi k\u00fclt\u00fcrel a\u011f\u0131n\u0131 zenginle\u015ftirerek \u015fehri hem bir ge\u00e7it hem de bir var\u0131\u015f noktas\u0131 olarak konumland\u0131r\u0131r.<\/p>\n<p>\u00d6l\u00e7ek olarak m\u00fctevaz\u0131 olsa da, Vejle&#039;nin anlat\u0131 yaylar\u0131 geni\u015ftir. Buzul jeolojisinin son teknoloji tasar\u0131mla bulu\u015ftu\u011fu, orta\u00e7a\u011f pazar yollar\u0131n\u0131n modern gezinti yollar\u0131n\u0131n alt\u0131nda uzand\u0131\u011f\u0131 ve su yollar\u0131n\u0131n a\u015f\u0131nd\u0131rd\u0131\u011f\u0131 vadilerin ke\u015fif i\u00e7in ye\u015fil arterlere d\u00f6n\u00fc\u015ft\u00fc\u011f\u00fc bir yerdir. Ma\u011fazalar\u0131nda ve konser salonlar\u0131nda, de\u011firmenlerinde ve m\u00fczelerinde Vejle ge\u00e7mi\u015f ve gelecek aras\u0131nda bir diyalog s\u00fcrd\u00fcrmektedir. Burada, ormanl\u0131k tepelerin k\u0131vr\u0131mlar\u0131nda ve bir fiyordun k\u0131vr\u0131m\u0131 boyunca, \u015fehir kendini tan\u0131mlamaya devam ediyor\u2014bo\u015f retorikle de\u011fil, manzara, emek ve yarat\u0131c\u0131 vizyonun kal\u0131c\u0131 etkile\u015fimiyle.<\/p>","protected":false},"excerpt":{"rendered":"<p>Danimarka&#039;n\u0131n G\u00fcney Jutland b\u00f6lgesinde bulunan manzaral\u0131 bir fiyort kasabas\u0131 olan Vejle, 2024 itibar\u0131yla 61.706 n\u00fcfusa sahip olup, \u00fclkenin dokuzuncu b\u00fcy\u00fck \u015fehridir. Vejle\u00c5dal ve Grejsdalen&#039;in kesi\u015fti\u011fi noktada bulunan ve Vejle Fiyordu&#039;nun i\u00e7 kesiminde birle\u015ftikleri bu alan, Danimarka&#039;n\u0131n tarihi \u00f6nemini ve do\u011fal esteti\u011fini \u00f6rneklemektedir.<\/p>","protected":false},"author":1,"featured_media":4494,"parent":14261,"menu_order":0,"comment_status":"closed","ping_status":"closed","template":"elementor_theme","meta":{"_eb_attr":"","footnotes":""},"class_list":["post-14282","page","type-page","status-publish","has-post-thumbnail"],"_links":{"self":[{"href":"https:\/\/travelshelper.com\/tr\/wp-json\/wp\/v2\/pages\/14282","targetHints":{"allow":["GET"]}}],"collection":[{"href":"https:\/\/travelshelper.com\/tr\/wp-json\/wp\/v2\/pages"}],"about":[{"href":"https:\/\/travelshelper.com\/tr\/wp-json\/wp\/v2\/types\/page"}],"author":[{"embeddable":true,"href":"https:\/\/travelshelper.com\/tr\/wp-json\/wp\/v2\/users\/1"}],"replies":[{"embeddable":true,"href":"https:\/\/travelshelper.com\/tr\/wp-json\/wp\/v2\/comments?post=14282"}],"version-history":[{"count":0,"href":"https:\/\/travelshelper.com\/tr\/wp-json\/wp\/v2\/pages\/14282\/revisions"}],"up":[{"embeddable":true,"href":"https:\/\/travelshelper.com\/tr\/wp-json\/wp\/v2\/pages\/14261"}],"wp:featuredmedia":[{"embeddable":true,"href":"https:\/\/travelshelper.com\/tr\/wp-json\/wp\/v2\/media\/4494"}],"wp:attachment":[{"href":"https:\/\/travelshelper.com\/tr\/wp-json\/wp\/v2\/media?parent=14282"}],"curies":[{"name":"wp","href":"https:\/\/api.w.org\/{rel}","templated":true}]}}