{"id":14276,"date":"2024-09-18T23:14:52","date_gmt":"2024-09-18T23:14:52","guid":{"rendered":"https:\/\/travelshelper.com\/staging\/?page_id=14276"},"modified":"2026-03-11T23:24:45","modified_gmt":"2026-03-11T23:24:45","slug":"roskilde","status":"publish","type":"page","link":"https:\/\/travelshelper.com\/tr\/destinations\/europe\/denmark\/roskilde\/","title":{"rendered":"Roskilde"},"content":{"rendered":"<p>Kopenhag&#039;\u0131n otuz kilometre bat\u0131s\u0131nda, Danimarka&#039;n\u0131n Zealand adas\u0131nda yer alan kompakt bir \u015fehir olan Roskilde, k\u00f6kenleri Hristiyanl\u0131k \u00f6ncesi Viking \u00c7a\u011f\u0131&#039;na kadar uzan\u0131yor ancak g\u00fcn\u00fcm\u00fczde UNESCO listesinde yer alan katedrali, d\u00fcnya standartlar\u0131nda m\u00fczeleri, ara\u015ft\u0131rma parklar\u0131 ve hem ziyaret\u00e7ileri hem de b\u00f6lge halk\u0131n\u0131 kendine \u00e7eken y\u0131ll\u0131k etkinlikleriyle e\u011fitim, i\u015f ve k\u00fclt\u00fcr\u00fcn b\u00f6lgesel merkezi olarak geli\u015fiyor.<\/p>\n<p>Roskilde&#039;nin erken \u00f6nemi, 11. y\u00fczy\u0131lda Adam von Bremen taraf\u0131ndan Zelanda&#039;n\u0131n en b\u00fcy\u00fck \u015fehri olarak kaydedilen isminde ve 1275&#039;te tamamlanan ve hala otuz dokuz kraliyet mezar\u0131n\u0131 bar\u0131nd\u0131ran Gotik katedralde a\u00e7\u0131k\u00e7a g\u00f6r\u00fclmektedir. \u0130skandinavya&#039;da t\u00fcr\u00fcn\u00fcn ilk \u00f6rne\u011fi olan bu y\u00fckselen tu\u011fla yap\u0131, Reformasyon&#039;a kadar dini bir merkez haline geldi ve \u015fimdi her y\u0131l y\u00fcz binden fazla misafiri a\u011f\u0131rl\u0131yor. Heybetli kulelerinin \u00f6tesinde, \u015fehrin orta\u00e7a\u011f sokak plan\u0131 Skomagergade, Algade ve ba\u015fl\u0131ca meydanlar St\u00e6ndertorvet ve Hestetorvet \u00e7evresinde devam ederken, Byparken ve Folkeparken&#039;in park koridorlar\u0131 fiyorda inerek k\u0131rm\u0131z\u0131 kiremitli \u00e7at\u0131lara ve soluk renkli duvar i\u015f\u00e7ili\u011fine ye\u015fil bir kar\u015f\u0131tl\u0131k sunuyor.<\/p>\n<p>Roskilde Fiyordu&#039;nun uzun s\u0131rt\u0131 \u015fehrin kuzey kenar\u0131n\u0131 tan\u0131mlar, sular\u0131 Maglekilde kayna\u011f\u0131ndan ak\u0131p Isefjord&#039;un g\u00fcney koluna do\u011fru geni\u015fler. Merkezin kuzeybat\u0131s\u0131ndaki ormanl\u0131k yama\u00e7larda, Boserup Skov her baharda engebeli tepeleri kay\u0131n a\u011fa\u00e7lar\u0131 ve anemonlarla kaplarken, \u00f6t\u00fcc\u00fc ku\u015flar yaz\u0131n ba\u015flang\u0131c\u0131n\u0131 m\u00fcjdeler. Stadyumun g\u00fcneyinde, yeni Hyrdeh\u00f8j Skov \u015fehrin ye\u015fil a\u011f\u0131n\u0131, binlerce yeni ev i\u00e7in planlarla Trekroner b\u00f6lgesinin y\u00fckseldi\u011fi d\u0131\u015f mahallelere do\u011fru uzat\u0131r. Eski \u00e7imento fabrikas\u0131 alan\u0131na a\u015f\u0131lanm\u0131\u015f yak\u0131nlardaki Musicon, halihaz\u0131rda yarat\u0131c\u0131 giri\u015fimleri ve yakla\u015f\u0131k yirmi dokuz k\u00fclt\u00fcrel i\u015fletmeyi kendine \u00e7ekmi\u015ftir ve y\u0131ll\u0131k Roskilde Festivali&#039;ne ev sahipli\u011fi yapan fuar alanlar\u0131n\u0131n yan\u0131nda daha da b\u00fcy\u00fcme potansiyeli vard\u0131r.<\/p>\n<p>1971&#039;de kurulan bu festival, \u0130skandinavya&#039;n\u0131n en b\u00fcy\u00fck m\u00fczik bulu\u015fmalar\u0131ndan biri haline geldi ve her yaz istasyonun d\u00f6rt kilometre g\u00fcneyindeki alan\u0131, rock, hip-hop, electronica ve d\u00fcnya seslerinin bir yelpazesini \u00f6rneklemek i\u00e7in seksen bin ziyaret\u00e7iyle dolduruyor. T\u00fcm k\u00e2rlar hay\u0131r ama\u00e7l\u0131 ama\u00e7lara ba\u011f\u0131\u015flan\u0131yor ve Roskilde&#039;nin spor kul\u00fcplerini de canland\u0131ran bir topluluk ruhunu yans\u0131t\u0131yor; 1. Lig&#039;deki FC Roskilde&#039;den yerel ragbiye ve \u015fehrin sayg\u0131de\u011fer k\u00fcrek birli\u011fine kadar. Daha sakin anlarda, turistler fiyordun k\u0131y\u0131s\u0131ndaki Viking Gemi M\u00fczesi&#039;nde geziniyor; burada, su alt\u0131nda y\u00fczy\u0131llar ge\u00e7irdikten sonra kurtar\u0131lan be\u015f 11. y\u00fczy\u0131l gemisi, uzun gemilerin, sava\u015f gemilerinin ve ticaret gemilerinin i\u015f\u00e7ili\u011fini g\u00f6steriyor. M\u00fczenin tekne tersanesindeki deneysel yeniden yap\u0131land\u0131rmalar, denizcilik geleneklerini yeni nesiller i\u00e7in koruyor.<\/p>\n<p>E\u011fitim ve ara\u015ft\u0131rma, Roskilde&#039;nin modern kimli\u011finin \u00e7o\u011funu olu\u015fturur. 1972&#039;de kurulan \u00fcniversite, ekonomiyi ve n\u00fcfusu d\u00f6n\u00fc\u015ft\u00fcrerek \u00e7ok say\u0131da akademisyen ve \u00f6\u011frenci getirdi. Tarihi Katedral Okulu ve 1964&#039;ten kalma Danimarka Et Ticaret Koleji&#039;nin yan\u0131 s\u0131ra, Trekroner istasyonunda canl\u0131 bir kamp\u00fcs atmosferini destekliyor. \u015eu anda Danimarka Teknik \u00dcniversitesi&#039;nin bir par\u00e7as\u0131 olan Ris\u00f8 ara\u015ft\u0131rma tesisi ve \u0130leri Teknoloji Merkezi, yakla\u015f\u0131k 120 d\u00f6n\u00fcml\u00fck bir alanda temiz teknoloji operasyonlar\u0131n\u0131 geni\u015fletme planlar\u0131yla s\u00fcrd\u00fcr\u00fclebilir enerji, r\u00fczgar enerjisi ve biyoteknoloji alan\u0131ndaki \u00e7al\u0131\u015fmalar\u0131 te\u015fvik ediyor. Danimarka Kaza Ara\u015ft\u0131rma Kurulu da dahil olmak \u00fczere kamu ara\u015ft\u0131rma kurulu\u015flar\u0131, \u015fehrin bilgi taban\u0131n\u0131 daha da \u00e7e\u015fitlendiriyor.<\/p>\n<p>1855&#039;te kurulan ve s\u00fcrekli olarak modernize edilen Roskilde hastanesi art\u0131k kapsaml\u0131 ara\u015ft\u0131rma programlar\u0131n\u0131 ve Ba\u015fkent B\u00f6lgesi&#039;ne uzmanla\u015fm\u0131\u015f adli bak\u0131m hizmeti sunan b\u00fcy\u00fck bir psikiyatri tesisi olan Sankt Hans&#039;\u0131 kaps\u0131yor. \u00c7evredeki sokaklarda, hafif sanayi ve hizmet firmalar\u0131ndan olu\u015fan bir a\u011f istihdam\u0131 s\u00fcrd\u00fcr\u00fcyor. Danimarka bankalar\u0131na BT sa\u011flay\u0131c\u0131s\u0131 olan BEC ve tohum \u00fcreticisi olan DLF-Trifolium en b\u00fcy\u00fck \u00f6zel i\u015fverenler aras\u0131nda yer al\u0131yor. Ramb\u00f8ll&#039;un Zealand operasyonlar\u0131 Roskilde&#039;de konsolide olurken, Top-Toy, GPI, Roskilde Galvanisering ve Mathiesen, Sonion&#039;daki mikro akustik bile\u015fenlerden Vestergaard&#039;daki havac\u0131l\u0131k buz \u00e7\u00f6zme hizmetlerine kadar uzanan bir listeyi tamaml\u0131yor. Chr. Hansen, Dan\u00c6g, Scandinavian Pizza Company ve Stryhns gibi g\u0131da end\u00fcstrileri \u015fehrin ekonomik mozai\u011fine katk\u0131da bulunuyor.<\/p>\n<p>19. y\u00fczy\u0131l demir yolunu getirdi ve Roskilde istasyonu 1847&#039;de Danimarka&#039;n\u0131n ilk ta\u015ftan yap\u0131lm\u0131\u015f ve \u015fu anda en eski faaliyet g\u00f6steren istasyonu olarak a\u00e7\u0131ld\u0131. Y\u00fczy\u0131l\u0131n sonuna do\u011fru t\u00fct\u00fcn fabrikalar\u0131, demir d\u00f6k\u00fcmhaneleri ve makine at\u00f6lyeleri yeni hatlar\u0131n kenar\u0131nda s\u0131raland\u0131 ve g\u00fcn\u00fcm\u00fcz\u00fcn dengeli hizmet ve sanayi ekonomisinin habercisi oldu. 1970&#039;lerde Holb\u00e6k Otoyolu ile karayolu ba\u011flant\u0131lar\u0131 geldi ve Kopenhag&#039;a seyahat s\u00fcresini k\u0131saltt\u0131 ve i\u015fe gidip gelmeyi ve ticareti canland\u0131rd\u0131. 1973&#039;te hafif u\u00e7ak u\u00e7u\u015f e\u011fitimi ve i\u015f trafi\u011fine ayr\u0131lm\u0131\u015f k\u00fc\u00e7\u00fck bir havaalan\u0131 a\u00e7\u0131ld\u0131 ve \u015fu ana kadar beklemede olan geni\u015fleme planlar\u0131 vard\u0131. Bu arada, ana uluslararas\u0131 giri\u015f kap\u0131s\u0131, trenle k\u0131rk dakikadan k\u0131sa s\u00fcrede ula\u015f\u0131labilen Kopenhag Havaalan\u0131 olmaya devam ediyor.<\/p>\n<p>N\u00fcfus rakamlar\u0131 Roskilde&#039;nin kaderini yans\u0131t\u0131yor: 1536&#039;daki Reform s\u0131ras\u0131nda yakla\u015f\u0131k alt\u0131 bin olan n\u00fcfus, 1753&#039;te bin be\u015f y\u00fcze kadar d\u00fc\u015ft\u00fc, ard\u0131ndan 1860&#039;larda be\u015f bine ve 1900&#039;de dokuz bine \u00e7\u0131kt\u0131. \u00dcniversite kurulduktan sonra b\u00fcy\u00fcme h\u0131zland\u0131 ve 2014&#039;te k\u0131rk yedi bine, Ocak 2024&#039;te ise elli \u00fc\u00e7 bine ula\u015ft\u0131. Belediye, yetmi\u015f alt\u0131 binden fazla Danimarka k\u00f6kenli sakine sahip ve \u015fehrin sosyal yap\u0131s\u0131n\u0131 zenginle\u015ftirerek T\u00fcrkiye, Irak, Polonya ve Afganistan&#039;dan gelen topluluklar\u0131 a\u011f\u0131rl\u0131yor.<\/p>\n<p>Belediye meclisi alt\u0131nda toplumsal ya\u015fam geli\u015fir, burada 2013&#039;te Sosyal Demokratlar Belediye Ba\u015fkan\u0131 Joy Mogensen&#039;in \u00e7o\u011funlu\u011funu elinde tutuyordu. Mecliste \u00e7e\u015fitli siyasi ak\u0131mlar\u0131 yans\u0131tan on bir parti yer al\u0131r. Belediye planlamas\u0131 bu \u00e7o\u011fulculu\u011fu k\u00fclt\u00fcrel ve kentsel giri\u015fimlere y\u00f6nlendirir; bunlar aras\u0131nda Musicon&#039;un yarat\u0131c\u0131 blo\u011fu, Trekroner&#039;in geli\u015ftirilmesi ve \u015fehrin \u00e7e\u015fitli simge yap\u0131lar\u0131na odaklanan miras projeleri yer al\u0131r.<\/p>\n<p>Bu an\u0131tlar\u0131n \u00e7o\u011fu kamusal haf\u0131zada yer etmi\u015ftir. Sar\u0131 boyal\u0131 kanatlar ve galerilerden olu\u015fan Barok bir topluluk olan Roskilde Saray\u0131, katedralin yan\u0131nda yer al\u0131r ve \u015fu anda \u00c7a\u011fda\u015f Sanat M\u00fczesi&#039;ne ev sahipli\u011fi yapmaktad\u0131r. Kap\u0131 kanad\u0131 ve k\u0131rm\u0131z\u0131 kiremitli \u00e7at\u0131s\u0131, orta\u00e7a\u011f piskoposlar\u0131n\u0131n ikametgah\u0131n\u0131 ve gelecekteki Wellington D\u00fck\u00fc&#039;n\u00fcn sava\u015f zaman\u0131 karargah\u0131n\u0131 an\u0131msat\u0131r. Kar\u015f\u0131s\u0131nda, 13. y\u00fczy\u0131ldan kalma bir manast\u0131r\u0131n bulundu\u011fu yerdeki manast\u0131r, bir dizi d\u00f6nem resmi ve mobilyas\u0131na ev sahipli\u011fi yapar; \u015fapel altarlar\u0131, Danimarka&#039;n\u0131n Reform \u00f6ncesi d\u00f6nemini f\u0131s\u0131ldar.<\/p>\n<p>Yerel m\u00fczeler, Roskilde&#039;nin ge\u00e7mi\u015fini kristal ayr\u0131nt\u0131larla tasvir ediyor. Eski \u015feker rafinerisi ve t\u00fcccar evi olan Sugar House ve Liebe House, Viking \u00c7a\u011f\u0131&#039;ndan modern zamanlara kadar eserler sergileyen b\u00f6lgesel tarih m\u00fczesine ev sahipli\u011fi yap\u0131yor ve ayr\u0131ca 19. ve 20. y\u00fczy\u0131l\u0131n ba\u015flar\u0131ndan zanaatkarlar\u0131n ara\u00e7lar\u0131n\u0131 koruyan ayr\u0131 bir alet m\u00fczesi bulunuyor. Gen\u00e7lik k\u00fclt\u00fcr\u00fc ve rock m\u00fczi\u011fi m\u00fczesi olan Ragnarock, 2016&#039;da Veliaht Prens Frederik&#039;in himayesinde a\u00e7\u0131ld\u0131ktan yakla\u015f\u0131k on y\u0131l sonra, 1950&#039;lerden itibaren pop ve rock&#039;\u0131 haritalayan Musicon&#039;da \u00e7arp\u0131c\u0131 bir mimari d\u00f6n\u00fcm noktas\u0131 haline geldi.<\/p>\n<p>Katedralin \u00f6tesindeki tarihi kiliseler daha fazla katman ekler. 11. y\u00fczy\u0131ldan kalma bir traverten bazilika olan Eski Meryem Ana Kilisesi, merkezi nefini ve orijinal k\u00fcrs\u00fcs\u00fcn\u00fc korumaktad\u0131r. Limana yak\u0131n bir Romanesk traverten yap\u0131 olan St Ib&#039;s, orta\u00e7a\u011f fresklerinin par\u00e7alar\u0131n\u0131 korurken, Danimarka&#039;n\u0131n en eski ayakta duran ta\u015f yap\u0131s\u0131 olan St J\u00f8rgensbjerg Kilisesi, tepe noktas\u0131ndan fiyordun manzaras\u0131n\u0131 sunmaktad\u0131r. 13. y\u00fczy\u0131ldan kalma bir kilisenin kal\u0131nt\u0131s\u0131 olan Sankt Laurentii&#039;nin tek kulesi, belediye binas\u0131n\u0131 demirler ve bir arkeoloji m\u00fczesine ev sahipli\u011fi yapar.<\/p>\n<p>\u0130stasyon d\u0131\u015f\u0131ndaki meydanda sanat ve heykel g\u00fcnl\u00fck ya\u015fama iniyor, burada Peter Brandes&#039;in \u00fc\u00e7 an\u0131tsal \u00e7\u00f6mlek kavanozu s\u0131\u011f suda duruyor ve 1998&#039;de Roskilde&#039;nin bin y\u0131l\u0131n\u0131 an\u0131yor. Yaya caddelerinde k\u0131sa bir y\u00fcr\u00fcy\u00fc\u015f Algade ve Skomagergade&#039;nin butiklerini, kafelerini ve restoranlar\u0131n\u0131 ortaya \u00e7\u0131kar\u0131yor. Ah\u015fap iskeletli 1430 tonozunda bulunan Raadhusk\u00e6lderen, tartar soslu somon bifte\u011fi ve \u0131zgara tavuk krema soslu somonuyla \u00fcnl\u00fcd\u00fcr; 84 metrelik kulenin tepesindeki La Brasserie, \u0130ngiliz tarz\u0131 Gimle Musikcafe ve Restaurant Toppen ise \u015fehrin tarihi damak zevkini yans\u0131tan lezzetler sunuyor.<\/p>\n<p>Oteller aras\u0131nda, temelleri 1695&#039;e dayanan ve Hans Christian Andersen s\u00fcitiyle \u0130skandinav zarafetini yans\u0131tan tarihi Prindsen&#039;den, 1989&#039;da kurulan Scandic zincir oteline kadar \u00e7e\u015fitlilik g\u00f6stermektedir. Merkezin d\u0131\u015f\u0131nda, 1727&#039;den beri bir han olan sazdan \u00e7at\u0131l\u0131 Svogerslev Kro, eski \u015fehrin iki bu\u00e7uk mil bat\u0131s\u0131nda samimi bir konaklama imkan\u0131 sunmaktad\u0131r.<\/p>\n<p>Y\u00fczy\u0131llar s\u00fcren de\u011fi\u015fim boyunca Roskilde, haf\u0131za ve ivme mozai\u011fini korumu\u015ftur. Orta\u00e7a\u011f \u00e7ekirde\u011fi, akademik alanlar\u0131, end\u00fcstriyel parklar\u0131 ve festival alanlar\u0131, bir uyum ve idare anlat\u0131s\u0131nda bir araya gelir. \u0130ster kraliyet mezarlar\u0131 veya kaya ritimleri, ister fiyort cephesi parklar\u0131 veya ara\u015ft\u0131rma laboratuvarlar\u0131 taraf\u0131ndan \u00e7ekilsin, ziyaret\u00e7iler ve sakinler Roskilde&#039;de hem tan\u0131d\u0131k hem de beklenmedik \u015fekilde karma\u015f\u0131k bir \u015fehir bulurlar, her soka\u011f\u0131n ve kurumun Danimarka&#039;n\u0131n ge\u00e7mi\u015finin yank\u0131lar\u0131n\u0131 ve gelece\u011finin vaadini ta\u015f\u0131d\u0131\u011f\u0131 bir yer.<\/p>","protected":false},"excerpt":{"rendered":"<p>Tarihi ve \u00e7a\u011fda\u015f \u00f6neme sahip bir \u015fehir olan Roskilde, Danimarka&#039;n\u0131n Zealand adas\u0131nda, Kopenhag&#039;\u0131n yakla\u015f\u0131k 30 kilometre bat\u0131s\u0131nda yer almaktad\u0131r. 1 Ocak 2024 itibar\u0131yla bu kentsel merkezde 52.974 ki\u015fi ya\u015famaktad\u0131r ve bu da Danimarka&#039;n\u0131n 10. b\u00fcy\u00fck \u015fehri stat\u00fcs\u00fcn\u00fc teyit etmektedir. Roskilde&#039;nin stratejik konumu ve tarihi \u00f6nemi, Roskilde Belediyesi idari konseyi taraf\u0131ndan denetlenen b\u00f6lge i\u00e7in merkezi bir i\u015f ve e\u011fitim merkezine d\u00f6n\u00fc\u015fmesini kolayla\u015ft\u0131rm\u0131\u015ft\u0131r.<\/p>","protected":false},"author":1,"featured_media":3537,"parent":14261,"menu_order":0,"comment_status":"closed","ping_status":"closed","template":"elementor_theme","meta":{"_eb_attr":"","footnotes":""},"class_list":["post-14276","page","type-page","status-publish","has-post-thumbnail"],"_links":{"self":[{"href":"https:\/\/travelshelper.com\/tr\/wp-json\/wp\/v2\/pages\/14276","targetHints":{"allow":["GET"]}}],"collection":[{"href":"https:\/\/travelshelper.com\/tr\/wp-json\/wp\/v2\/pages"}],"about":[{"href":"https:\/\/travelshelper.com\/tr\/wp-json\/wp\/v2\/types\/page"}],"author":[{"embeddable":true,"href":"https:\/\/travelshelper.com\/tr\/wp-json\/wp\/v2\/users\/1"}],"replies":[{"embeddable":true,"href":"https:\/\/travelshelper.com\/tr\/wp-json\/wp\/v2\/comments?post=14276"}],"version-history":[{"count":0,"href":"https:\/\/travelshelper.com\/tr\/wp-json\/wp\/v2\/pages\/14276\/revisions"}],"up":[{"embeddable":true,"href":"https:\/\/travelshelper.com\/tr\/wp-json\/wp\/v2\/pages\/14261"}],"wp:featuredmedia":[{"embeddable":true,"href":"https:\/\/travelshelper.com\/tr\/wp-json\/wp\/v2\/media\/3537"}],"wp:attachment":[{"href":"https:\/\/travelshelper.com\/tr\/wp-json\/wp\/v2\/media?parent=14276"}],"curies":[{"name":"wp","href":"https:\/\/api.w.org\/{rel}","templated":true}]}}