{"id":14267,"date":"2024-09-18T23:10:49","date_gmt":"2024-09-18T23:10:49","guid":{"rendered":"https:\/\/travelshelper.com\/staging\/?page_id=14267"},"modified":"2026-03-11T23:24:56","modified_gmt":"2026-03-11T23:24:56","slug":"odense","status":"publish","type":"page","link":"https:\/\/travelshelper.com\/tr\/destinations\/europe\/denmark\/odense\/","title":{"rendered":"Odense"},"content":{"rendered":"<p>Odense, Danimarka&#039;n\u0131n \u00fc\u00e7\u00fcnc\u00fc b\u00fcy\u00fck \u015fehri ve Funen&#039;in k\u00fclt\u00fcrel kalbi olarak \u00f6ne \u00e7\u0131k\u0131yor, Arnavut kald\u0131r\u0131ml\u0131 sokaklar\u0131 ve k\u0131vr\u0131ml\u0131 su yollar\u0131 orta\u00e7a\u011f entrikalar\u0131, end\u00fcstriyel canl\u0131l\u0131k ve edebi miras mozai\u011fi sunuyor. Sorun: Bir\u00e7ok gezgin, katmanl\u0131 ge\u00e7mi\u015finden ve dinamik bug\u00fcn\u00fcnden habersiz, daha iyi bilinen \u0130skandinav ba\u015fkentleri i\u00e7in Odense&#039;i atl\u0131yor. Tedirginlik: B\u00f6yle bir g\u00f6zetim, y\u00fczy\u0131llard\u0131r var olan katedrallerin, gizli Viking surlar\u0131n\u0131n, canl\u0131 end\u00fcstriyel b\u00f6lgelerin ve Hans Christian Andersen&#039;in do\u011fum yerinin yan\u0131ndan ge\u00e7me riskini ta\u015f\u0131yor. \u00c7\u00f6z\u00fcm: Odense&#039;in co\u011frafyas\u0131, tarihi, ekonomisi, k\u00fclt\u00fcrel simgeleri ve modern yeniliklerinde rehberli bir ke\u015fif, antik ve avangard, k\u0131rsal ve kozmopolit gibi z\u0131tl\u0131klar\u0131n onu se\u00e7ici ziyaret\u00e7iler i\u00e7in vazge\u00e7ilmez k\u0131ld\u0131\u011f\u0131 bir \u015fehri ortaya \u00e7\u0131kar\u0131yor.<\/p>\n<p>Arkeolojik kan\u0131tlar, Odense b\u00f6lgesinde d\u00f6rt bin y\u0131ldan fazla bir s\u00fcredir insan yerle\u015fimi oldu\u011funu do\u011fruluyor, ancak yaz\u0131l\u0131 kay\u0131tlar yaln\u0131zca onuncu y\u00fczy\u0131l\u0131n sonlar\u0131nda, Kutsal Roma \u0130mparatorlu\u011fu&#039;ndan Otto III&#039;\u00fcn 988&#039;de yerle\u015fime at\u0131fta bulunmas\u0131yla ortaya \u00e7\u0131k\u0131yor. On birinci y\u00fczy\u0131l\u0131n ortalar\u0131nda, Odense b\u00f6lgesel bir ticaret merkezine d\u00f6n\u00fc\u015fm\u00fc\u015ft\u00fc, Odense Nehri \u00fczerindeki stratejik konumu erken ticareti te\u015fvik ediyordu. \u015eehir, genellikle Danimarka&#039;n\u0131n son Viking h\u00fck\u00fcmdar\u0131 olarak an\u0131lan IV. Canute&#039;nin 10 Temmuz 1086&#039;da Saint Alban&#039;s Priory&#039;de sonunu bulmas\u0131yla yeni bir \u00f6nem kazand\u0131; bu dramatik olay ulusal haf\u0131zaya kaz\u0131nm\u0131\u015f durumda.<\/p>\n<p>Orta \u00c7a\u011f hem felaket hem de yenilenme getirdi. 1249&#039;daki hanedan kavgas\u0131, Odense&#039;in Danimarka taht\u0131na y\u00f6nelik rakip iddialar s\u0131ras\u0131nda yanmas\u0131na neden oldu, ancak t\u00fcccarlar\u0131n ve zanaatkarlar\u0131n dayan\u0131kl\u0131l\u0131\u011f\u0131 h\u0131zl\u0131 bir canlanmay\u0131 garantiledi. R\u00f6nesans ve Reformasyon, \u015fehir hayat\u0131n\u0131 d\u00f6n\u00fc\u015ft\u00fcrd\u00fc: manast\u0131r kurumlar\u0131 kraliyet yarg\u0131 alanlar\u0131na yol a\u00e7t\u0131 ve on yedinci y\u00fczy\u0131l\u0131n sonlar\u0131nda Odense yakla\u015f\u0131k 3.800 n\u00fcfusa sahipti. On sekizinci y\u00fczy\u0131l, 1723&#039;te tamamlanan Barok saray kanad\u0131yla \u015fehrin kraliyet b\u00f6lgesini g\u00fcn\u00fcm\u00fcze kadar demirleyen Kral IV. Frederik d\u00f6neminde planl\u0131 bir geni\u015fleme d\u00f6nemini ba\u015flatt\u0131. Ayn\u0131 zamanda, orta\u00e7a\u011f \u00e7ekirde\u011fini Kattegat&#039;a ba\u011flayan bir kanal, deniz ticaretini g\u00fc\u00e7lendirerek on dokuzuncu y\u00fczy\u0131ldaki h\u0131zl\u0131 b\u00fcy\u00fcmenin sahnesini haz\u0131rlad\u0131.<\/p>\n<p>1865&#039;teki demir yolu in\u015faat\u0131, Odense&#039;de Danimarka&#039;n\u0131n en b\u00fcy\u00fck terminal istasyonlar\u0131ndan birini kurarak, 1900&#039;e gelindi\u011finde sakin say\u0131s\u0131n\u0131n 35.000&#039;i ge\u00e7mesine neden olan n\u00fcfus art\u0131\u015f\u0131n\u0131 h\u0131zland\u0131rd\u0131. Ayn\u0131 zamanda, \u015fehir manzaras\u0131 da geli\u015fti: fabrikalar ve depolar nehir k\u0131y\u0131lar\u0131nda y\u00fckselirken, tiyatrolar ve konser salonlar\u0131 gibi kentsel olanaklar \u015fekillendi. 1935&#039;te tamamlanan Odinst\u00e5rnet, \u0130kinci D\u00fcnya Sava\u015f\u0131 s\u0131ras\u0131nda y\u0131k\u0131lmadan \u00f6nce k\u0131sa bir s\u00fcre Avrupa&#039;n\u0131n en y\u00fcksek kuleleri aras\u0131nda yer ald\u0131. Sava\u015f sonras\u0131 yeniden yap\u0131lanma, 1966&#039;da G\u00fcney Danimarka \u00dcniversitesi&#039;nin kurulmas\u0131n\u0131 i\u00e7eriyordu; bu, Odense&#039;nin akademik bir merkez olarak kimli\u011fini peki\u015ftirdi ve gen\u00e7 bir demografiyi \u00e7ekti.<\/p>\n<p>Odense&#039;nin kuzeydo\u011fu Funen&#039;deki konumu, onu Danimarka ula\u015f\u0131m ve ticaretinin kesi\u015fti\u011fi noktada konumland\u0131r\u0131r. Karayoluyla \u015fehir, Svendborg&#039;un 45 km kuzeyinde, Aarhus&#039;un 144 km g\u00fcneyinde, Kopenhag&#039;\u0131n 167 km g\u00fcneybat\u0131s\u0131nda, Esbjerg&#039;in 136 km do\u011fusunda ve Kolding&#039;in 69 km g\u00fcneydo\u011fusunda yer al\u0131r. Banliy\u00f6leri\u2014Stige, Seden, Bullerup, Agedrup, Blommenslyst, Bellinge, Neder Holluf ve H\u00f8jby\u2014tarihi \u00e7ekirde\u011fin etraf\u0131nda bir yar\u0131 halka olu\u015fturur. Odense Nehri, merkezi al\u0131\u015fveri\u015f b\u00f6lgesini ikiye b\u00f6lerken, kuzeyde nehir, dar eri\u015fim kanal\u0131 kanal arac\u0131l\u0131\u011f\u0131yla Odense Liman\u0131&#039;na ba\u011flanan Odense Fiyordu&#039;na do\u011fru geni\u015fler. Bu deniz ge\u00e7idi, 160 m uzunlu\u011fa ve 6,8 m drafta kadar olan gemileri bar\u0131nd\u0131r\u0131r ve genel kargo, d\u00f6kme y\u00fck ve LPG sevkiyatlar\u0131n\u0131 i\u015fler.<\/p>\n<p>Fiyordun i\u00e7inde Vigels\u00f8 ve Torn\u00f8 adalar\u0131 yer al\u0131r, ilki 132 hektarl\u0131k orman ve k\u0131y\u0131 \u00e7ay\u0131rlar\u0131n\u0131 kaplarken, ikincisi (sadece 21 hektar) anakaraya 300 m&#039;lik bir ge\u00e7itle ba\u011flan\u0131r. Vigels\u00f8, AB direktifleri uyar\u0131nca \u00d6zel Koruma Alan\u0131 olarak belirlenmi\u015ftir ve g\u00f6\u00e7men ku\u015flar i\u00e7in hayati bir \u00fcreme alan\u0131 g\u00f6revi g\u00f6r\u00fcr; ekolojik izleme, en y\u00fcksek rak\u0131mlar\u0131n\u0131n deniz seviyesinden alt\u0131 metreyi zar zor a\u015fmas\u0131yla &#034;iyi&#034; bir stat\u00fc \u00f6l\u00e7\u00fct\u00fc arar. Fiyordun etraf\u0131n\u0131 \u00e7evreleyen koylar, k\u00f6rfezler ve yar\u0131madalar (Fyns Hoved, Skoven, Dalby Bugt ve Korshavn) hem biyolojik \u00e7e\u015fitlili\u011fe hem de \u015fehrin deniz miras\u0131na katk\u0131da bulunur.<\/p>\n<p>Odense&#039;deki iklim \u0131l\u0131man okyanus iklimi olarak kaydedilir (K\u00f6ppen Cfb). Yazlar \u0131l\u0131mand\u0131r, Temmuz ve A\u011fustos aylar\u0131nda ortalama en y\u00fcksek s\u0131cakl\u0131k 21 \u00b0C&#039;dir ve g\u00fcnl\u00fck ortalama s\u0131cakl\u0131k 15 santigrat derecenin ortas\u0131ndad\u0131r; bu aylarda ayr\u0131ca s\u0131ras\u0131yla yakla\u015f\u0131k 64 mm ve 80 mm&#039;lik en y\u00fcksek ya\u011f\u0131\u015f g\u00f6r\u00fcl\u00fcr. K\u0131\u015flar donma noktas\u0131na yak\u0131n seyreder, Ocak ve \u015eubat aylar\u0131nda ortalama s\u0131cakl\u0131k 0 \u00b0C&#039;dir ve en d\u00fc\u015f\u00fck s\u0131cakl\u0131klar -3 \u00b0C&#039;ye kadar d\u00fc\u015fer. Fiyorttaki mevsimsel buz olu\u015fumu Ocak ve Mart aylar\u0131 aras\u0131nda ola\u011fand\u0131r ve bu da gezilebilir ge\u00e7i\u015fi s\u00fcrd\u00fcrmek i\u00e7in buzk\u0131ran operasyonlar\u0131 gerektirir. Gelgit dalgalanmalar\u0131 nadiren 0,6 m&#039;yi a\u015far, ancak s\u00fcrekli r\u00fczgarlar iki metreye yakla\u015fan su seviyesi de\u011fi\u015fikliklerine neden olabilir.<\/p>\n<p>Demografik kay\u0131tlar Odense&#039;in m\u00fctevaz\u0131 bir orta\u00e7a\u011f kasabas\u0131ndan b\u00f6lgesel bir metropole d\u00f6n\u00fc\u015f\u00fcm\u00fcn\u00fc g\u00f6stermektedir. 1670&#039;te n\u00fcfus 3.808&#039;di; 1787&#039;de 5.363&#039;e ula\u015ft\u0131, 1855&#039;te 12.932&#039;ye ve 1890&#039;da 30.268&#039;e istikrarl\u0131 bir \u015fekilde t\u0131rmand\u0131. Yirminci y\u00fczy\u0131l\u0131n \u015fafa\u011f\u0131nda 1901&#039;de 40.138, 1921&#039;de 61.969 ve \u0130kinci D\u00fcnya Sava\u015f\u0131&#039;n\u0131n sonunda 103.107 rakamlar\u0131 g\u00f6r\u00fcld\u00fc. Sava\u015f sonras\u0131 patlama, 1955&#039;te 120.570 sakini getirdi ve 1970&#039;te 139.490&#039;a ula\u015ft\u0131. 1970&#039;lerde belediye yeniden tan\u0131mlamas\u0131, banliy\u00f6 b\u00f6lgelerini de b\u00fcnyesine katarak, 1981&#039;de 136.646&#039;ya hafif bir d\u00fc\u015f\u00fc\u015fe neden oldu, ard\u0131ndan yenilenen geni\u015fleme 2004&#039;te 145.554&#039;e ve 2017&#039;de tahmini 176.683&#039;e ula\u015ft\u0131. 1 Ocak 2024 itibar\u0131yla, \u015fehir 183.763 sakine ev sahipli\u011fi yap\u0131yor; Odense Belediyesi 209.078 ve daha geni\u015f Funen i\u015flevsel kentsel alan\u0131 504.066.<\/p>\n<p>Ekonomik olarak, Odense Funen&#039;in end\u00fcstriyel ve ticari faaliyetlerinin temelini olu\u015fturur. Lind\u00f8 R\u0131ht\u0131m\u0131&#039;ndaki tarihi i\u015fletmeler (ah\u015fap i\u015f\u00e7ili\u011fi, tekstil ve gemi yap\u0131m\u0131) yerini \u00e7e\u015fitlendirilmi\u015f modern sekt\u00f6rlere b\u0131rakm\u0131\u015ft\u0131r. Albani Bira Fabrikas\u0131, 19. y\u00fczy\u0131ldan kalma yerel birac\u0131l\u0131k gelene\u011fini s\u00fcrd\u00fcr\u00fcrken, GASA meyve, sebze ve \u00e7i\u00e7eklerde bah\u00e7ecilik ticaretine hakimdir. ABB ve SG Lighting gibi elektrikli ekipman \u00fcreticileri, giyim \u00fcreticisi Kansas Workwear ve paketleme uzman\u0131 Plus Pack end\u00fcstriyel mozai\u011fi olu\u015fturur. Lind\u00f8 End\u00fcstri Park\u0131 art\u0131k eski tersane r\u0131ht\u0131mlar\u0131n\u0131 a\u00e7\u0131k deniz enerji bile\u015feni depolamas\u0131 i\u00e7in yeniden kullan\u0131yor. Hizmet sekt\u00f6r\u00fc rolleri, 2002&#039;ye kadar i\u015fg\u00fcc\u00fcn\u00fcn y\u00fczde 51&#039;inin hizmetlerde yer almas\u0131yla \u00fcretimden daha fazlad\u0131r. Televizyon a\u011f\u0131 TV 2, 1988&#039;de merkezini buraya kurdu ve Danimarka&#039;n\u0131n 140.000 m\u00b2&#039;lik en b\u00fcy\u00fck al\u0131\u015fveri\u015f merkezi olan Roseng\u00e5rdcentret, 150&#039;den fazla perakende sat\u0131\u015f noktas\u0131, yemek mekan\u0131, bir sinema ve fitness tesislerine ziyaret\u00e7i \u00e7ekiyor.<\/p>\n<p>K\u00fclt\u00fcrel kurumlar Odense&#039;e sanatsal canl\u0131l\u0131k katar. Odense Saray\u0131\u2014aslen Kral IV. Frederik&#039;in 1730&#039;da \u00f6ld\u00fc\u011f\u00fc kraliyet ikametgah\u0131\u2014Johan Cornelius Krieger taraf\u0131ndan tasarlanan resmi bah\u00e7elerin ortas\u0131nda yer al\u0131r. 1796&#039;da a\u00e7\u0131lan ve 1914&#039;te Jacobsen&#039;in Jernbanegade binas\u0131na ta\u015f\u0131nan Odense Teater, Danimarka&#039;n\u0131n en eski ikinci tiyatrosudur; sahneleri Henrik Ibsen&#039;in 1877&#039;deki The Pillars of Society gibi pr\u00f6miyerlere ev sahipli\u011fi yapm\u0131\u015ft\u0131r ve eski Sukkerkogeriet \u015feker fabrikas\u0131nda drama e\u011fitimi vermektedir. 2005&#039;te kurulan Teater Momentum, oyunlar, konserler ve tart\u0131\u015fmalar arac\u0131l\u0131\u011f\u0131yla her y\u0131l y\u00f6netmenlik vizyonlar\u0131n\u0131 de\u011fi\u015ftirmeye \u00f6nc\u00fcl\u00fck etmektedir. M\u00fczik, 1946&#039;da kurulan ve 1982 Konser Salonu&#039;nda bulunan Odense Senfoni Orkestras\u0131&#039;nda ses buluyor. Carl Nielsen Salonu 1.212 konuk a\u011f\u0131rl\u0131yor ve Marcussen &amp; Son orgu bulunuyor. \u0130lk olarak 1948&#039;de kurulan ve 1996&#039;da yeniden canland\u0131r\u0131lan Funen Operas\u0131, \u00e7a\u011fda\u015f Danca prod\u00fcksiyonlarda uzmanla\u015fm\u0131\u015ft\u0131r.<\/p>\n<p>Dini mimari, y\u00fczy\u0131llard\u0131r s\u00fcregelen ba\u011fl\u0131l\u0131\u011f\u0131 yans\u0131t\u0131r. 11. y\u00fczy\u0131l\u0131n sonlar\u0131na tarihlenen Gotik tu\u011fla bir yap\u0131 olan Aziz Canute Katedrali, Bizans kuma\u015f par\u00e7as\u0131 e\u015fli\u011finde IV. Canute ve karde\u015finin kal\u0131nt\u0131lar\u0131n\u0131 bar\u0131nd\u0131r\u0131r. Claus Berg&#039;in \u00fc\u00e7l\u00fc sunak par\u00e7as\u0131, Danimarka&#039;n\u0131n \u00f6nde gelen ayin sanat eserleri aras\u0131nda yer al\u0131r. 1908&#039;de kutsanan Aziz Alban Kilisesi, Neogotik k\u0131rm\u0131z\u0131 tu\u011fladan 54 metrelik bir \u00e7an kulesine y\u00fckselir. 13. ve 15. y\u00fczy\u0131l\u0131n sonlar\u0131na dayanan Aziz Mary Kilisesi ve Aziz John Kilisesi, oymal\u0131 sunak par\u00e7alar\u0131n\u0131 ve Gotik pencereleri korur. Ansgars Kilisesi (1902) ve Fredenskirke (1920), s\u0131ras\u0131yla Romanesk canlanmay\u0131 ve sava\u015flar aras\u0131 minnettarl\u0131\u011f\u0131 yans\u0131t\u0131r ve her biri orta\u00e7a\u011f emsallerinden mimari ayr\u0131l\u0131klar\u0131 i\u015faret eder.<\/p>\n<p>Odense&#039;nin belediye merkezi, 1883 tarihli Belediye Binas\u0131&#039;n\u0131 Tarihselci bir tarzda, basamakl\u0131 al\u0131nl\u0131klar\u0131 ve \u0130talyan orta\u00e7a\u011f belediye binalar\u0131ndan esinlenerek modellenmi\u015f kumta\u015f\u0131 detaylar\u0131yla sergiliyor. Bent Helveg-M\u00f8ller uzant\u0131s\u0131 (1955&#039;te tamamland\u0131) belediye odalar\u0131n\u0131 geni\u015fletti ve daha sonra 2005&#039;te Hans Christian Andersen&#039;in iki y\u00fcz\u00fcnc\u00fc y\u0131l\u0131 i\u00e7in yenilendi.<\/p>\n<p>Hans Christian Andersen&#039;in miras\u0131 kentsel dokuya n\u00fcfuz ediyor. 1805&#039;te Munkem\u00f8llestr\u00e6de&#039;de m\u00fctevaz\u0131 bir yar\u0131 ah\u015fap evde do\u011fan yazar\u0131n anlat\u0131 ruhu iki m\u00fczede varl\u0131\u011f\u0131n\u0131 s\u00fcrd\u00fcr\u00fcyor: 1908&#039;de halka a\u00e7\u0131lan Hans Jensens Str\u00e6de&#039;deki do\u011fum yeri ve 1930&#039;da m\u00fcze olarak a\u00e7\u0131lan Munkem\u00f8llestr\u00e6de&#039;deki \u00e7ocukluk evi. \u015eehir M\u00fczeleri, Eventyrparken&#039;den katedral b\u00f6lgelerine da\u011f\u0131lm\u0131\u015f Andersen karakterlerinin heykellerini denetliyor: Sad\u0131k Teneke Asker, Kurba\u011fa, Vah\u015fi Ku\u011fular.<\/p>\n<p>Edebi miras\u0131n \u00f6tesinde, Odense \u015eehir M\u00fczeleri \u00e7e\u015fitli koleksiyonlar\u0131 y\u00f6netiyor. 1885&#039;te kurulan Funen Sanat M\u00fczesi, Jens Juel, PS Kr\u00f8yer ve Dankvart Dreyer&#039;in eserlerini sunuyor. A\u00e7\u0131k hava m\u00fczesi olan Den Fynske Landsby, Andersen d\u00f6neminin k\u0131rsal ya\u015fam\u0131n\u0131 yeniden yarat\u0131yor. Carl Nielsen M\u00fczesi, Danimarka&#039;n\u0131n en \u00f6nde gelen bestecisini enstr\u00fcmanlar ve orijinal notalar arac\u0131l\u0131\u011f\u0131yla kay\u0131t alt\u0131na al\u0131yor. 1646&#039;dan kalma bir R\u00f6nesans \u015fehir evi olan M\u00f8nterg\u00e5rden, Viking eserleri ve orta\u00e7a\u011f madeni para bas\u0131m tarihini sergiliyor. 1975&#039;ten beri \u0130skandinavya&#039;n\u0131n en b\u00fcy\u00fc\u011f\u00fc olan Danimarka Demiryolu M\u00fczesi, 1869&#039;dan itibaren lokomotifleri koruyor. Foto\u011fraf sanat\u0131, Brandts M\u00fczesi&#039;nde ulusal bir forum bulurken, Medya M\u00fczesi 1849&#039;dan g\u00fcn\u00fcm\u00fcze bas\u0131n \u00f6zg\u00fcrl\u00fcklerini ara\u015ft\u0131r\u0131yor.<\/p>\n<p>Spor ve e\u011flence gelenek ve \u00e7a\u011fda\u015f canl\u0131l\u0131\u011f\u0131 harmanlar. OB, BM, B1909 ve B1913 futbol kul\u00fcpleri yerel tutkuyu harekete ge\u00e7irirken, Odense Bulldogs profesyonel buz hokeyinde yar\u0131\u015f\u0131yor. HC Andersen Maratonu gibi y\u0131ll\u0131k toplant\u0131lar amat\u00f6r ko\u015fucular\u0131 do\u011fal manzaralar\u0131n \u00f6n\u00fcnde bir araya getiriyor.<\/p>\n<p>Ula\u015f\u0131m altyap\u0131s\u0131 Odense&#039;nin ba\u011flant\u0131s\u0131n\u0131 vurgular. Hans Christian Andersen Havaalan\u0131 tatil beldelerine sezonluk u\u00e7u\u015flar sunar ve Odense \u0130stasyonu Kopenhag&#039;dan Jutland&#039;a ulusal rotalar\u0131 ve Hamburg&#039;a uluslararas\u0131 hizmeti birbirine ba\u011flar. Svendborgbanen g\u00fcney liman kasabas\u0131na ba\u011flan\u0131rken, FynBus b\u00f6lgesel ve belediye otob\u00fcsleri i\u015fletmektedir. May\u0131s 2022&#039;de Tarup&#039;tan \u00fcniversiteye, hastaneye ve Hjallese&#039;ye giden 14,5 km uzunlu\u011funda \u00e7ift hatl\u0131 tramvay hatt\u0131 hizmete girdi. B\u00fcy\u00fck Kemer K\u00f6pr\u00fcs\u00fc&#039;n\u00fcn 1997&#039;de demir yolu ve 1998&#039;de karayolu trafi\u011fine a\u00e7\u0131lmas\u0131n\u0131n ard\u0131ndan karayolu eri\u015fimi \u00f6nemli \u00f6l\u00e7\u00fcde iyile\u015fti ve Kopenhag&#039;a tren yolculu\u011funu 75 dakikaya kadar d\u00fc\u015f\u00fcrd\u00fc. Funish Otoyolu (E20) ve Svendborg Otoyolu (ulusal yol 9), Odense&#039;yi Danimarka&#039;n\u0131n ana arter a\u011f\u0131 i\u00e7inde \u00e7er\u00e7eveler. E20&#039;deki 2017 &#034;Dynamisk Ruderanl\u00e6g&#034; ayr\u0131\u015fan elmas kav\u015fa\u011f\u0131, veri odakl\u0131 trafik tasar\u0131m\u0131na \u00f6rnektir.<\/p>\n<p>S\u00fcrd\u00fcr\u00fclebilirli\u011fin oldu\u011fu bir \u00e7a\u011fda, Odense bisiklete binmeyi savunuyor. S\u00fcper bisiklet otoyollar\u0131 boyunca trafik \u0131\u015f\u0131klar\u0131na entegre edilen ya\u011fmur sens\u00f6rleri, hareket dedekt\u00f6rleriyle etkile\u015fime girerek ya\u011fmurun bisiklet\u00e7ileri geciktirece\u011fi ye\u015fil fazlar\u0131 20 saniyeye kadar uzat\u0131yor. Ayda en fazla \u00fc\u00e7 aktivasyonla seyrek olarak da\u011f\u0131t\u0131lan bu sistem, tutarl\u0131 bir &#034;ye\u015fil dalga&#034;y\u0131 destekliyor ve g\u00fcvenli\u011fi art\u0131r\u0131yor. Danimarka Bisiklet El\u00e7ili\u011fi&#039;nin \u00f6nc\u00fcl\u00fc\u011f\u00fcnde bu \u00f6nlemler, \u015fehrin e\u015fitlik\u00e7i, verimli toplu ta\u015f\u0131maya olan ba\u011fl\u0131l\u0131\u011f\u0131n\u0131 yans\u0131t\u0131yor ve sens\u00f6r odakl\u0131 kav\u015faklar\u0131n daha geni\u015f bir \u015fekilde geni\u015flemesinin habercisi.<\/p>\n<p>Odense&#039;in Viking kalesinden modern bir k\u00fclt\u00fcr, e\u011fitim ve end\u00fcstri merkezine d\u00f6n\u00fc\u015f\u00fcm\u00fc, s\u00fcrekli yenilenen bir \u015fehri tasvir ediyor. Orta\u00e7a\u011f kiliseleri ve saraylar\u0131, yenilik\u00e7i robotik k\u00fcmeleri, \u00fcniversite laboratuvarlar\u0131 ve ye\u015fil ula\u015f\u0131m a\u011flar\u0131n\u0131n yan\u0131nda duruyor. Hans Christian Andersen&#039;in ya\u015fam\u0131 ve \u00e7al\u0131\u015fmalar\u0131, ge\u00e7mi\u015fi ve bug\u00fcn\u00fc birbirine ba\u011flayan bir anlat\u0131 alt ak\u0131nt\u0131s\u0131 sunuyor. Odense, otantikli\u011fi arayan gezginler i\u00e7in y\u00fczy\u0131llard\u0131r s\u00fcren ticaret, yarat\u0131c\u0131l\u0131k ve topluluk taraf\u0131ndan \u015fekillendirilen Danimarka miras\u0131n\u0131n n\u00fcansl\u0131 bir tablosunu sunuyor.<\/p>","protected":false},"excerpt":{"rendered":"<p>Funen adas\u0131nda bulunan Odense, 1 Ocak 2024 itibar\u0131yla 183.763 ki\u015filik bir n\u00fcfusa sahip olup, Danimarka&#039;da \u00f6nemli bir kentsel merkez olarak yerini alm\u0131\u015ft\u0131r. \u015eehrin as\u0131l n\u00fcfusu, toplam 209.078 sakini olan ve onu Kopenhag, Aarhus ve Aalborg&#039;dan sonra Danimarka&#039;n\u0131n d\u00f6rd\u00fcnc\u00fc b\u00fcy\u00fck belediyesi yapan daha geni\u015f Odense Belediyesi taraf\u0131ndan art\u0131r\u0131lm\u0131\u015ft\u0131r. Eurostat ve OECD taraf\u0131ndan tan\u0131mlanan daha geni\u015f metropol alan\u0131 i\u00e7inde bak\u0131ld\u0131\u011f\u0131nda Odense&#039;nin etkisi, 1 Temmuz 2022 itibar\u0131yla 504.066 ki\u015filik bir n\u00fcfusa sahip olan Funen Eyaletinin tamam\u0131n\u0131 kapsamaktad\u0131r. Bu kapsaml\u0131 eri\u015fim, Odense&#039;nin b\u00f6lgede merkezi bir merkez olarak \u00f6nemini vurgulamaktad\u0131r.<\/p>","protected":false},"author":1,"featured_media":4194,"parent":14261,"menu_order":0,"comment_status":"closed","ping_status":"closed","template":"elementor_theme","meta":{"_eb_attr":"","footnotes":""},"class_list":["post-14267","page","type-page","status-publish","has-post-thumbnail"],"_links":{"self":[{"href":"https:\/\/travelshelper.com\/tr\/wp-json\/wp\/v2\/pages\/14267","targetHints":{"allow":["GET"]}}],"collection":[{"href":"https:\/\/travelshelper.com\/tr\/wp-json\/wp\/v2\/pages"}],"about":[{"href":"https:\/\/travelshelper.com\/tr\/wp-json\/wp\/v2\/types\/page"}],"author":[{"embeddable":true,"href":"https:\/\/travelshelper.com\/tr\/wp-json\/wp\/v2\/users\/1"}],"replies":[{"embeddable":true,"href":"https:\/\/travelshelper.com\/tr\/wp-json\/wp\/v2\/comments?post=14267"}],"version-history":[{"count":0,"href":"https:\/\/travelshelper.com\/tr\/wp-json\/wp\/v2\/pages\/14267\/revisions"}],"up":[{"embeddable":true,"href":"https:\/\/travelshelper.com\/tr\/wp-json\/wp\/v2\/pages\/14261"}],"wp:featuredmedia":[{"embeddable":true,"href":"https:\/\/travelshelper.com\/tr\/wp-json\/wp\/v2\/media\/4194"}],"wp:attachment":[{"href":"https:\/\/travelshelper.com\/tr\/wp-json\/wp\/v2\/media?parent=14267"}],"curies":[{"name":"wp","href":"https:\/\/api.w.org\/{rel}","templated":true}]}}