{"id":14261,"date":"2024-09-18T23:04:01","date_gmt":"2024-09-18T23:04:01","guid":{"rendered":"https:\/\/travelshelper.com\/staging\/?page_id=14261"},"modified":"2026-03-11T23:25:49","modified_gmt":"2026-03-11T23:25:49","slug":"danimarka","status":"publish","type":"page","link":"https:\/\/travelshelper.com\/tr\/destinations\/europe\/denmark\/","title":{"rendered":"Danimarka"},"content":{"rendered":"<p>Danimarka, Avrupa k\u0131tas\u0131n\u0131n kuzey ucunda, hem deniz miras\u0131 hem de sessizce geni\u015fleyen ovalar\u0131yla e\u015fit derecede tan\u0131mlanm\u0131\u015f bir b\u00f6lge olarak ortaya \u00e7\u0131kar. M\u00fctevaz\u0131 bir kara k\u00fctlesine sahip ancak \u00f6nemli bir etkiye sahip olan bir \u0130skandinav \u00fclkesi olan Danimarka, \u0130skandinav yar\u0131madas\u0131n\u0131n g\u00fcney k\u0131s\u0131mlar\u0131n\u0131 i\u015fgal eder ve d\u00f6rt y\u00fczden fazla adaya yay\u0131lm\u0131\u015ft\u0131r. Kimli\u011fi denizden ayr\u0131lamaz, tarihi deniz g\u00fcc\u00fcyle \u015fekillenmi\u015ftir ve modern karakteri d\u00fcz, verimli tarlalar ile Kuzey Denizi ve Balt\u0131k&#039;\u0131n de\u011fi\u015fken gelgitleri aras\u0131ndaki etkile\u015fimde \u015fekillenmi\u015ftir.<\/p>\n<p>Danimarka&#039;n\u0131n biti\u015fik k\u0131sm\u0131, s\u0131kl\u0131kla &#034;k\u0131ta Danimarka&#039;s\u0131&#034; veya &#034;as\u0131l Danimarka&#034; olarak adland\u0131r\u0131l\u0131r, Jutland yar\u0131madas\u0131n\u0131 ve 78&#039;i kal\u0131c\u0131 topluluklar\u0131 destekleyen 406 adadan olu\u015fan bir tak\u0131maday\u0131 i\u00e7erir. Kuzeyde ve do\u011fuda, Balt\u0131k ve Kuzey Denizi&#039;nin ince koylar\u0131 kumlu k\u0131y\u0131lar\u0131 a\u015f\u0131nd\u0131r\u0131r, Jutland&#039;\u0131n kuzey kesimlerinde kumullara ve gelgitin on kilometreye kadar geri \u00e7ekildi\u011fi g\u00fcneybat\u0131 k\u0131y\u0131s\u0131 boyunca geni\u015f gelgit d\u00fczl\u00fcklerine yol a\u00e7ar. Hi\u00e7bir nokta denizden elli iki kilometreden fazla uzakta de\u011fildir ve denizin kendisi, \u00fclkenin ak\u0131\u015fkan s\u0131n\u0131r\u0131n\u0131 tan\u0131mlayan k\u00fc\u00e7\u00fck koylar\u0131n ve yar\u0131madalar\u0131n konturlar\u0131n\u0131 izleyerek yakla\u015f\u0131k 8.750 kilometrelik gelgit k\u0131y\u0131 \u015feridini \u00e7evreler.<\/p>\n<p>Bu adalar aras\u0131nda Zealand, birincili\u011fi elinde tutar. \u00dclkenin ba\u015fkenti ve k\u00fclt\u00fcrel kalbi olan Kopenhag&#039;a ev sahipli\u011fi yapar ve Danimarka&#039;n\u0131n arazisinin m\u00fctevaz\u0131 y\u00fczde on be\u015flik pay\u0131yla ulusal n\u00fcfusun yakla\u015f\u0131k y\u00fczde k\u0131rk\u0131n\u0131 destekler. Funen ve Kuzey Jutland Adalar\u0131 onu takip ederken, Bornholm, Balt\u0131k&#039;ta, krall\u0131\u011f\u0131n geri kalan\u0131ndan yakla\u015f\u0131k 150 kilometre uzakta mahsur kalm\u0131\u015f bir \u015fekilde ayr\u0131 durur. K\u00f6pr\u00fcler ba\u015fl\u0131ca adalar\u0131 birbirine ba\u011flar: \u0130sve\u00e7&#039;teki Malm\u00f6&#039;ye \u00d8resund ba\u011flant\u0131s\u0131, Zealand ve Funen aras\u0131ndaki B\u00fcy\u00fck Kemer Sabit Ba\u011flant\u0131s\u0131 ve Funen&#039;i Jutland&#039;a ba\u011flayan K\u00fc\u00e7\u00fck Kemer K\u00f6pr\u00fcs\u00fc. Feribotlar ve hafif u\u00e7aklar daha uzak yerle\u015fim yerlerine can damarlar\u0131 sa\u011flar.<\/p>\n<p>Arazi al\u00e7akta yer al\u0131r. Deniz seviyesinden ortalama otuz bir metre y\u00fckseklikte, sadece hafif e\u011fimli ovalar ve \u00fclkenin en y\u00fcksek noktas\u0131 olan 170,86 metrelik M\u00f8lleh\u00f8j ile noktalanan b\u00fcy\u00fck \u00f6l\u00e7\u00fcde d\u00fcz bir i\u00e7 k\u0131s\u0131m elde edilir. Bu m\u00fctevaz\u0131 zirve, yine de Danimarka&#039;n\u0131n \u0130skandinav \u00fclkeleri aras\u0131nda hepsinin en al\u00e7ak &#034;y\u00fcksek noktas\u0131&#034; olarak yerini sa\u011flamla\u015ft\u0131r\u0131r. \u0130nsanlar\u0131n araziyi geri kazanma \u00e7abalar\u0131, dalgalar\u0131n amans\u0131z \u00e7al\u0131\u015fmas\u0131na kar\u015f\u0131 koyarken, buzul sonras\u0131 toparlanma -incelikli ama s\u00fcrekli- kuzeyde ve do\u011fuda y\u0131lda yakla\u015f\u0131k bir santimetrelik yeni bir k\u0131y\u0131 \u015feridinin olu\u015fmas\u0131n\u0131 sa\u011flar.<\/p>\n<p>Danimarka, 2007&#039;den beri her biri belediyelere b\u00f6l\u00fcnm\u00fc\u015f be\u015f b\u00f6lgeye ayr\u0131lm\u0131\u015ft\u0131r; 271&#039;lik \u00f6nceki say\u0131y\u0131 azaltan bir konsolidasyonun ard\u0131ndan doksan sekiz. Bu b\u00f6lgesel ve belediye yetkilileri yerel d\u00fczeyde sa\u011fl\u0131k hizmeti, e\u011fitim ve altyap\u0131y\u0131 denetler. B\u00f6lgeler ve belediyeler aras\u0131nda yuvalanan istatistiksel yap\u0131lar olan iller, siyasi g\u00fc\u00e7 kullanmadan planlamaya rehberlik eder. Kas\u0131m 2021&#039;de d\u00fczenlenen en son belediye se\u00e7imleri, ulusal se\u00e7im sistemine paralel orant\u0131l\u0131 temsil uygulamas\u0131n\u0131 yeniden teyit etti.<\/p>\n<p>Danimarka&#039;n\u0131n k\u00f6kenleri MS sekizinci y\u00fczy\u0131la kadar uzan\u0131r; Viking \u015fefleri Balt\u0131k ticaretinin kontrol\u00fcn\u00fc ele ge\u00e7irmek i\u00e7in bir deniz bayra\u011f\u0131 alt\u0131nda birle\u015ftiler. 1397&#039;de Kalmar Birli\u011fi Danimarka, Norve\u00e7 ve \u0130sve\u00e7&#039;i tek bir ta\u00e7 alt\u0131nda birle\u015ftirdi; bu birlik \u0130sve\u00e7&#039;in 1523&#039;te ayr\u0131lmas\u0131yla da\u011f\u0131ld\u0131 ve on yedinci y\u00fczy\u0131ldaki sava\u015flar Danimarka&#039;y\u0131 y\u00fckselen bir Alman krall\u0131\u011f\u0131na daha fazla toprak vermeye zorlayana kadar Danimarka-Norve\u00e7 olarak varl\u0131\u011f\u0131n\u0131 s\u00fcrd\u00fcrd\u00fc.<\/p>\n<p>Ulusal kimlik on dokuzuncu y\u00fczy\u0131lda birle\u015fti. Birinci Schleswig Sava\u015f\u0131&#039;ndaki (1848-1851) yenilgi ve d\u00fckl\u00fcklerin Prusya ve Avusturya&#039;ya kaybedilmesi Danimarkal\u0131lar\u0131 toplumsal uyuma do\u011fru te\u015fvik etti. Jutland&#039;daki batakl\u0131klar, Indremission Hristiyan hareketi b\u00fcy\u00fcd\u00fck\u00e7e tar\u0131m i\u00e7in temizlendi ve 5 Haziran 1849&#039;da yeni bir anayasa, mutlak monar\u015fiyi sivil \u00f6zg\u00fcrl\u00fcklere ve halk temsiline dayanan parlamenter bir sistemle de\u011fi\u015ftirdi.<\/p>\n<p>Sanayile\u015fme on dokuzuncu y\u00fczy\u0131l\u0131n ortalar\u0131nda ger\u00e7ekle\u015fti. Danimarka, verimli topraklar\u0131n\u0131 kullanarak \u00f6nemli bir tar\u0131msal \u00fcr\u00fcn ihracat\u00e7\u0131s\u0131 haline geldi. Yirminci y\u00fczy\u0131l\u0131n ba\u015flar\u0131nda i\u015f ve refah hukukunda yap\u0131lan sosyal reformlar karma bir ekonomi ve kapsaml\u0131 bir refah devleti i\u00e7in temel olu\u015fturdu. I. D\u00fcnya Sava\u015f\u0131&#039;nda tarafs\u0131z olan Danimarka, tarafs\u0131zl\u0131\u011f\u0131n\u0131n Nisan 1940&#039;ta Alman kuvvetlerinin i\u015fgaliyle parampar\u00e7a oldu\u011funu g\u00f6rd\u00fc ve May\u0131s 1945&#039;te kurtulu\u015fla sonu\u00e7lanan bir i\u015fgali ba\u015flatt\u0131. \u0130zlanda&#039;n\u0131n 1944&#039;teki ayr\u0131lmas\u0131, ortak bir krall\u0131ktan uzakla\u015fman\u0131n ilk ad\u0131m\u0131yd\u0131. 1973&#039;te Danimarka, Gr\u00f6nland ile birlikte Avrupa Ekonomik Toplulu\u011fu&#039;na kat\u0131ld\u0131 (Faroe Adalar\u0131 kat\u0131lmad\u0131) ve ekonomik a\u00e7\u0131dan faydal\u0131 ba\u011flar\u0131 g\u00fcvence alt\u0131na al\u0131rken, en \u00f6nemlisi kron olmak \u00fczere belirli muafiyetleri korudu.<\/p>\n<p>Ocak 2025 itibar\u0131yla Danimarka&#039;n\u0131n n\u00fcfusu 5,99 milyona ula\u015fm\u0131\u015f olup, d\u00fcnyan\u0131n en y\u00fcksek medyan ya\u015flar\u0131ndan biri olan 42,2 y\u0131l ile tan\u0131nan bir \u00fclkede ya\u015famaktad\u0131r. Net g\u00f6\u00e7le dengelenmi\u015f m\u00fctevaz\u0131 bir do\u011fum oran\u0131, %0,44&#039;l\u00fck y\u0131ll\u0131k b\u00fcy\u00fcme oran\u0131n\u0131 s\u00fcrd\u00fcrmektedir. D\u00fcnyan\u0131n en y\u00fcksek vergi oranlar\u0131ndan baz\u0131lar\u0131yla finanse edilen Danimarka refah modeli, evrensel sa\u011fl\u0131k hizmeti, \u00f6\u011frenci hibeleriyle \u00fccretsiz y\u00fcksek \u00f6\u011frenim, s\u00fcbvansiyonlu \u00e7ocuk bak\u0131m\u0131 ve emeklilik maa\u015flar\u0131 sa\u011flamaktad\u0131r. Gelir yeniden da\u011f\u0131t\u0131m\u0131, Avrupa&#039;daki en d\u00fc\u015f\u00fck Gini katsay\u0131lar\u0131ndan birini \u00fcretmektedir ve toplu pazarl\u0131\u011fa dayal\u0131 sendika yo\u011funlu\u011fu, 2015 y\u0131l\u0131nda seviyesindeydi. Sekt\u00f6rel anla\u015fmalarla dolayl\u0131 olarak belirlenen asgari \u00fccret, \u00e7o\u011fu geli\u015fmi\u015f \u00fclkenin asgari \u00fccretini geride b\u0131rakmaktad\u0131r.<\/p>\n<p>Danimarka toplumu s\u00fcrekli olarak k\u00fcresel olarak en mutlu toplumlar aras\u0131nda yer almaktad\u0131r. E\u011fitim ve sa\u011fl\u0131k hizmeti kalitesi, d\u00fc\u015f\u00fck e\u015fitsizlik ve yayg\u0131n bir sosyal sorumluluk duygusu bu duru\u015fun temelini olu\u015fturmaktad\u0131r. D\u00fcnya Mutluluk Raporu&#039;nun Danimarka&#039;y\u0131 zirvede veya zirveye yak\u0131n bir yerde tekrar tekrar konumland\u0131rmas\u0131, kamunun kurumlara olan g\u00fcvenini ve istikrarl\u0131 bir toplumsal s\u00f6zle\u015fmenin somut faydalar\u0131n\u0131 yans\u0131tmaktad\u0131r.<\/p>\n<p>K\u0131tasal ve deniz etkileri aras\u0131nda yer alan Danimarka, \u0131l\u0131man bir iklime sahiptir. K\u0131\u015flar serindir, Ocak ay\u0131 yakla\u015f\u0131k 1,5 \u00b0C&#039;dir ve yazlar \u0131l\u0131kt\u0131r, A\u011fustos ortalamalar\u0131 17,2 \u00b0C&#039;dir. Hava h\u0131zla dalgalan\u0131r - sonbaharlar en y\u00fcksek y\u0131ll\u0131k ya\u011f\u0131\u015f\u0131 getirir ve ilkbaharlar en kurak olan\u0131d\u0131r. Rekor s\u0131cakl\u0131klar 1982&#039;de -31,2 \u00b0C&#039;den 1975&#039;te 36,4 \u00b0C&#039;ye kadar uzan\u0131r. G\u00fcn \u0131\u015f\u0131\u011f\u0131 u\u00e7lar\u0131 \u00fclkenin y\u00fcksek enlemini yans\u0131t\u0131r: k\u0131\u015f ortas\u0131 g\u00fcnleri neredeyse yedi saat s\u00fcrer, Yaz Ortas\u0131 Yaz Saati uygulamas\u0131 ise g\u00fcne\u015f \u0131\u015f\u0131\u011f\u0131n\u0131 neredeyse on sekiz saate uzat\u0131r. Yaz ortas\u0131nda, uzun s\u00fcren alacakaranl\u0131k ger\u00e7ek geceyi neredeyse fark edilemez hale getirir.<\/p>\n<p>Danimarka&#039;n\u0131n su yollar\u0131 ve g\u00f6lleri\u2014say\u0131lar\u0131 binin \u00fczerinde, 500 hektar\u0131 a\u015fan on alt\u0131 tane\u2014araziyi \u00e7aprazlar. Jutland&#039;daki Guden\u00e5 ve s\u0131ras\u0131yla Funen ve Zealand&#039;daki Odense ve Sus\u00e5 gibi ba\u015fl\u0131ca nehirler, tarihi yerle\u015fim yerlerini beslemi\u015f ve \u015fimdi e\u011flence ama\u00e7l\u0131 tekne gezilerini desteklemektedir. K\u0131y\u0131 ekosistemleri, kumullar ve fundal\u0131klar \u00e7e\u015fitli bitki \u00f6rt\u00fcs\u00fc ve faunay\u0131 destekler. Ziyaret\u00e7iler nadiren yaban hayat\u0131 taraf\u0131ndan tehdit edilir; zehirli y\u0131lanlardan biri olan Avrupa engere\u011fi utanga\u00e7t\u0131r ve nadiren kar\u015f\u0131la\u015f\u0131l\u0131rken, b\u00fcy\u00fck denizanas\u0131 ve ara s\u0131ra g\u00f6r\u00fclen denizanas\u0131 gibi deniz tehlikeleri korkudan \u00e7ok dikkatli olunmas\u0131n\u0131 gerektirir.<\/p>\n<p>Danimarka ekonomisi d\u00fcnyan\u0131n en rekabet\u00e7i ve ekonomik olarak en \u00f6zg\u00fcr ekonomileri aras\u0131nda yer almaktad\u0131r. 2022&#039;de ki\u015fi ba\u015f\u0131na d\u00fc\u015fen gayri safi milli gelirde (PPP) k\u00fcresel olarak sekizinci ve nominal olarak onuncu s\u0131rada yer ald\u0131. Hizmetler GSY\u0130H&#039;n\u0131n yakla\u015f\u0131k y\u00fczde yetmi\u015f be\u015fine, imalat on be\u015fine ve tar\u0131m ise ikisine katk\u0131da bulunmaktad\u0131r. Ba\u015fl\u0131ca ihracat sekt\u00f6rleri aras\u0131nda r\u00fczgar t\u00fcrbinleri (Danimarka&#039;n\u0131n yenilenebilir enerjideki ay\u0131rt edici \u00f6zelli\u011fi), ila\u00e7lar, makineler, g\u0131da \u00fcr\u00fcnleri ve mobilyalar yer almaktad\u0131r. Ticaretin \u00e7o\u011funlu\u011fu Avrupa Birli\u011fi i\u00e7inde kalmaktad\u0131r ve Almanya, \u0130sve\u00e7, Birle\u015fik Krall\u0131k ve Amerika Birle\u015fik Devletleri Danimarka&#039;n\u0131n ba\u015fl\u0131ca ihracat ortaklar\u0131d\u0131r.<\/p>\n<p>Uzun s\u00fcredir devam eden \u00f6demeler dengesi fazlas\u0131, Danimarka&#039;y\u0131 2018&#039;in ortalar\u0131nda net bir alacakl\u0131 \u00fclke haline getirirken, i\u00e7 politika serbest ticarete ve k\u00fcreselle\u015fmeye g\u00fc\u00e7l\u00fc bir ba\u011fl\u0131l\u0131\u011f\u0131 yans\u0131t\u0131yor. Kamuoyu a\u00e7\u0131k pazarlar\u0131 benimsiyor; 2016&#039;da yap\u0131lan bir anket, Danimarkal\u0131lar\u0131n y\u00fczde elli yedisinin k\u00fcreselle\u015fmeyi bir f\u0131rsat olarak g\u00f6rd\u00fc\u011f\u00fcn\u00fc buldu.<\/p>\n<p>Danimarka Avrupa&#039;n\u0131n tek pazar\u0131na ve D\u00f6viz Kuru Mekanizmas\u0131 II&#039;ye kat\u0131lmas\u0131na ra\u011fmen, 2000 referandumu avronun tam kabul\u00fcn\u00fc reddetti. Sonraki anketler\u2014en sonuncusu Kas\u0131m 2023&#039;te\u2014se\u00e7menler aras\u0131nda kal\u0131c\u0131 bir isteksizlik oldu\u011funu ve yakla\u015f\u0131k \u00fc\u00e7te ikisinin avro b\u00f6lgesine kat\u0131lmaya kar\u015f\u0131 oldu\u011funu g\u00f6steriyor.<\/p>\n<p>Danimarka&#039;n\u0131n kompakt co\u011frafyas\u0131 ve ba\u011flant\u0131ya olan ba\u011fl\u0131l\u0131\u011f\u0131 iddial\u0131 altyap\u0131ya ilham verdi. 2021&#039;den beri in\u015fas\u0131 devam eden Fehmarn Belt Fixed Link, Almanya&#039;ya demir yolu ve karayolu ba\u011flant\u0131s\u0131 sa\u011flayacak. Danimarka i\u00e7inde, otoyol a\u011f\u0131 art\u0131k kuzeydeki Frederikshavn&#039;dan do\u011fudaki Kopenhag&#039;a kesintisiz seyahat imk\u00e2n\u0131 sa\u011fl\u0131yor. DSB taraf\u0131ndan i\u015fletilen ve Banedanmark&#039;\u0131n ray bak\u0131m\u0131yla desteklenen yolcu demir yolu hizmetleri, Balt\u0131k ve Kuzey Denizleri&#039;ndeki uluslararas\u0131 feribot rotalar\u0131n\u0131 tamaml\u0131yor.<\/p>\n<p>2024&#039;te yakla\u015f\u0131k otuz milyon yolcuya hizmet verecek olan Kopenhag Havaliman\u0131, \u0130skandinavya&#039;n\u0131n en yo\u011fun havaliman\u0131 olarak s\u0131ralan\u0131yor. Billund, Aalborg ve Aarhus&#039;taki b\u00f6lgesel havalimanlar\u0131, yurt i\u00e7i ve s\u0131n\u0131rl\u0131 uluslararas\u0131 ba\u011flant\u0131lar\u0131 geni\u015fletiyor. Havayollar\u0131n\u0131n bayrak ta\u015f\u0131y\u0131c\u0131s\u0131 Scandinavian Airlines, Danimarka&#039;y\u0131 k\u00fcresel bir a\u011fa ba\u011fl\u0131yor.<\/p>\n<p>Bisiklet, k\u00fclt\u00fcrel bir temel ta\u015f\u0131 olmaya devam ediyor. Kentsel ve k\u0131rsal a\u011flar, yakla\u015f\u0131k 7.000 kilometrelik ayr\u0131lm\u0131\u015f yollar dahil olmak \u00fczere 12.000 kilometreyi a\u015f\u0131yor. Kopenhag&#039;da, i\u015fe gidip gelenlerin yar\u0131s\u0131ndan fazlas\u0131 g\u00fcnl\u00fck olarak bisiklete biniyor ve bu da \u015fehrin bisikletler etraf\u0131nda tasarland\u0131\u011f\u0131n\u0131 vurguluyor. Y\u00fczde 150 tescil vergisi ve y\u00fczde 25 KDV&#039;den olu\u015fan y\u00fcksek ara\u00e7 vergileri, \u00f6zel ara\u00e7 sahipli\u011fini s\u0131n\u0131rland\u0131r\u0131yor ve ortalama ya\u015f\u0131 dokuz y\u0131l\u0131 a\u015fan d\u00fcnyan\u0131n en eski ara\u00e7 filolar\u0131ndan birini ortaya \u00e7\u0131kar\u0131yor.<\/p>\n<p>Danca ulusal dil olarak hizmet eder. \u0130sve\u00e7\u00e7e ve Norve\u00e7\u00e7e ile kar\u015f\u0131l\u0131kl\u0131 anla\u015f\u0131l\u0131rl\u0131\u011f\u0131 payla\u015f\u0131rken, Almanca g\u00fcney Jutland&#039;da resmi az\u0131nl\u0131k stat\u00fcs\u00fcn\u00fc korur. \u0130ngilizce yeterlili\u011fi yayg\u0131nd\u0131r -y\u00fczde seksen alt\u0131s\u0131 konu\u015fma becerisi bildirir- bunu y\u00fczde k\u0131rk yedi ile Almanca takip eder. Krall\u0131\u011f\u0131n deniza\u015f\u0131r\u0131 topraklar\u0131ndaki yerli diller -Faroe dili ve Kalaallisut- krall\u0131\u011f\u0131n \u00e7o\u011ful yap\u0131s\u0131n\u0131 yans\u0131t\u0131r.<\/p>\n<p>Hristiyanl\u0131k, Danimarkal\u0131lar\u0131n y\u00fczde yetmi\u015f birinin Danimarka Lutheran Kilisesi&#039;ne kay\u0131tl\u0131 olmas\u0131yla dini manzaraya hakimdir. Yine de d\u00fczenli ibadet nadirdir; sadece y\u00fczde \u00fc\u00e7\u00fc haftal\u0131k ayinlere kat\u0131l\u0131r ve inan\u00e7 bir\u00e7oklar\u0131 i\u00e7in g\u00fcnl\u00fck ya\u015famda s\u0131n\u0131rl\u0131 bir rol oynar. \u0130lerici sosyal politikalar Danimarka&#039;n\u0131n modern kimli\u011fini tan\u0131mlam\u0131\u015ft\u0131r: 1969&#039;da pornografiyi yasalla\u015ft\u0131ran ilk \u00fclke, 1989&#039;da e\u015fcinsel \u00e7iftler i\u00e7in kay\u0131tl\u0131 ortakl\u0131klar kuran ilk \u00fclke ve 2012&#039;de tam evlilik e\u015fitli\u011fini getiren ilk \u00fclke olmu\u015ftur.<\/p>\n<p>Tycho Brahe&#039;nin g\u00f6ksel g\u00f6zlemlerinden Niels Bohr&#039;un kuantum i\u00e7g\u00f6r\u00fclerine kadar, Danimarkal\u0131 bilim insanlar\u0131 d\u00fcnya bilgisinde silinmez bir iz b\u0131rakt\u0131. Hans Christian Andersen&#039;in masallar\u0131, S\u00f8ren Kierkegaard&#039;\u0131n varolu\u015fsal meditasyonlar\u0131, Karen Blixen&#039;in \u00e7a\u011fr\u0131\u015f\u0131msal anlat\u0131lar\u0131 gibi edebi katk\u0131lar Avrupa edebiyat\u0131n\u0131n klasikleri aras\u0131nda yer al\u0131r. Yirminci y\u00fczy\u0131lda, Dogme 95 hareketi alt\u0131nda sinematik yenilik \u00e7i\u00e7ek a\u00e7t\u0131 ve Lars von Trier ve Thomas Vinterberg gibi auteur&#039;leri \u00f6ne \u00e7\u0131kard\u0131.<\/p>\n<p>Mimari miras, Romanesk kilise kuleleri ve Gotik katedraller, Hollandal\u0131 ustalar taraf\u0131ndan in\u015fa edilen R\u00f6nesans saraylar\u0131 ve on yedinci y\u00fczy\u0131l\u0131n Barok yap\u0131lar\u0131n\u0131 kapsar. Neoklasisizm, Ulusal Romantizm ve daha sonra \u0130skandinav Klasisizm&#039;i Danimarka zevkinin evrimini izler. Arne Jacobsen taraf\u0131ndan savunulan 1960&#039;lar\u0131n i\u015flevselci dalgas\u0131, J\u00f8rn Utzon gibi isimleri k\u00fcresel be\u011feniye ta\u015f\u0131d\u0131; Sidney Opera Binas\u0131 i\u00e7in yapt\u0131\u011f\u0131 tasar\u0131m, Danimarka yarat\u0131c\u0131l\u0131\u011f\u0131n\u0131 d\u00fcnya sahnesinde ta\u00e7land\u0131rd\u0131. \u00c7a\u011fda\u015f yetenekler, \u00f6zellikle Bjarke Ingels, insan \u00f6l\u00e7e\u011finde temellenen yarat\u0131c\u0131 form gelene\u011fini ilerletmeye devam ediyor.<\/p>\n<p>K\u0131s\u0131tl\u0131 minimalizm ve malzeme b\u00fct\u00fcnl\u00fc\u011f\u00fc ile karakterize edilen Danimarka tasar\u0131m\u0131, mobilyalar\u0131, end\u00fcstriyel \u00fcr\u00fcnleri ve ev e\u015fyalar\u0131n\u0131 d\u00f6n\u00fc\u015ft\u00fcrd\u00fc. Hans Wegner, Finn Juhl, Verner Panton ve B\u00f8rge Mogensen gibi \u00fcnl\u00fcler, \u00e7izgi netli\u011fi ve i\u015flevsel zarafet i\u00e7in \u00f6l\u00e7\u00fct olmaya devam ediyor. Royal Porcelain Factory&#039;nin rafine seramikleri, y\u00fczy\u0131llard\u0131r s\u00fcrd\u00fcr\u00fclen bir zanaat gelene\u011fini \u00f6rnekliyor.<\/p>\n<p>Tarla ve fiyortlara dayanan Danimarka mutfa\u011f\u0131 mevsimselli\u011fi ve yerelli\u011fi yans\u0131t\u0131r. A\u00e7\u0131k y\u00fczl\u00fc \u00e7avdar ekme\u011fi sandvi\u00e7leri, sm\u00f8rrebr\u00f8d, ringa bal\u0131\u011f\u0131, \u015fark\u00fcteri etleri ve tur\u015fu sebzelerinin kombinasyonlar\u0131n\u0131 sanatsal bir sadelikle sunar. Doyurucu yemekler\u2014frikadeller (k\u00f6fte), fl\u00e6skesteg (\u00e7\u0131t\u0131r \u00e7\u0131t\u0131r k\u0131zarm\u0131\u015f domuz eti) ve kogt torsk (ha\u015flanm\u0131\u015f morina bal\u0131\u011f\u0131)\u2014so\u011fuk k\u0131\u015flardan ve bereketli ovalardan do\u011fan bir mirasa tan\u0131kl\u0131k eder.<\/p>\n<p>1970&#039;lerden bu yana Frans\u0131z mutfak prensipleri gurme i\u015fletmelere ilham verdi ve New Nordic hareketinde zirveye ula\u015ft\u0131. \u015eefler, toplanm\u0131\u015f malzemeleri ve lezzetin safl\u0131\u011f\u0131n\u0131 benimsedi ve Kopenhag&#039;daki Geranium ve Noma restoranlar\u0131n\u0131 Michelin y\u0131ld\u0131zl\u0131 bir \u00fcne kavu\u015fturdu. Sonu\u00e7, gelenek ve avangard yarat\u0131c\u0131l\u0131\u011f\u0131 birle\u015ftiren ulusal bir gastronomi itibar\u0131 oldu.<\/p>\n<p>Danimarka&#039;n\u0131n UNESCO D\u00fcnya Miras\u0131 alanlar\u0131\u2014Jelling H\u00f6y\u00fckleri ve Roskilde Katedrali&#039;nden Kronborg Kalesi&#039;ne ve Kuzey Zelanda&#039;n\u0131n par force avlanma manzaras\u0131na kadar\u2014Viking y\u00f6netiminin, orta\u00e7a\u011f dindarl\u0131\u011f\u0131n\u0131n ve kraliyet ayr\u0131cal\u0131\u011f\u0131n\u0131n b\u00f6l\u00fcmlerini vurgular. Gr\u00f6nland&#039;da, Ilulissat Buz Fiyordu ve Aasivissuit\u2013Nipisat avlanma alanlar\u0131, krall\u0131\u011f\u0131n bayra\u011f\u0131 alt\u0131nda hem buzul g\u00fc\u00e7lerini hem de \u0130nuit ya\u015fam bi\u00e7imlerini anmaktad\u0131r.<\/p>\n<p>Danimarka&#039;n\u0131n \u015fehirleri \u00e7e\u015fitli \u00e7ekicilikler sunar. Kanallarla \u00e7evrili sokaklar\u0131 ve g\u00f6rkemli saraylar\u0131yla Kopenhag, tarihi dokuyu son teknoloji tasar\u0131mla i\u00e7 i\u00e7e ge\u00e7irir. Jutland&#039;\u0131n k\u00fclt\u00fcrel merkezi olan Aarhus, bir dizi sanat m\u00fczesine, yeniden in\u015fa edilmi\u015f bir a\u00e7\u0131k hava kasabas\u0131na ve \u00fcniversitesiyle desteklenen gen\u00e7 bir enerjiye ev sahipli\u011fi yapar. Aalborg, Jomfru Ane Gade&#039;deki canl\u0131 gece hayat\u0131n\u0131n yan\u0131 s\u0131ra denizcilik cazibesini korur. Andersen&#039;in do\u011fum yeri olan Odense, orta\u00e7a\u011f yollar\u0131n\u0131 ve Funen K\u00f6y\u00fc m\u00fczesini ke\u015ffetmeye davet ediyor. Enerji merkezine d\u00f6n\u00fc\u015fen bir liman kenti olan Esbjerg, Wadden Denizi Milli Park\u0131&#039;n\u0131n e\u015fi\u011finde yer al\u0131r. Viking gemisi m\u00fczesiyle Roskilde, iki denizin birle\u015fti\u011fi yerdeki Skagen, S\u00f8nderborg&#039;un kale b\u00f6lgesi gibi daha k\u00fc\u00e7\u00fck merkezler, tarih ve mekan \u00fczerine meditasyonlar sunar.<\/p>\n<p>Anakaran\u0131n \u00f6tesinde, Bornholm gibi adalar yuvarlak kiliseler ve etkileyici u\u00e7urumlarla sizi \u00e7a\u011f\u0131r\u0131yor. Lolland-Falster&#039;\u0131n k\u0131rsal sessizli\u011fi M\u00f8n&#039;un tebe\u015fir kayal\u0131klar\u0131na eri\u015fim sa\u011flarken, Sams\u00f8&#039;nun yenilenebilir enerji modeli s\u00fcrd\u00fcr\u00fclebilir bir idil \u00e7er\u00e7eveliyor. Uzak adac\u0131klar\u2014Anholt&#039;un \u00e7\u00f6l kumlar\u0131, Ertholmene&#039;nin ku\u015f koruma alan\u0131, L\u00e6s\u00f8&#039;nun deniz yosunu \u00e7at\u0131l\u0131 \u00e7iftlik evleri\u2014yaln\u0131zl\u0131\u011f\u0131 aramaya istekli gezginleri \u00f6d\u00fcllendiriyor. Her bir yer, Danimarka&#039;n\u0131n tutarl\u0131 ancak \u00e7ok y\u00f6nl\u00fc kimli\u011fine farkl\u0131 bir y\u00f6n kat\u0131yor.<\/p>\n<p>Danimarka d\u00fcnyan\u0131n en g\u00fcvenli \u00fclkeleri aras\u0131nda yer al\u0131r. Do\u011fal afetler nadirdir ve yaban hayat\u0131yla kar\u015f\u0131la\u015fmalar nadiren ciddi tehdit olu\u015fturur. Ancak ziyaret\u00e7ilere s\u0131\u011f sularda b\u00fcy\u00fck deniz kestanesi bal\u0131\u011f\u0131n\u0131n sokmas\u0131na sayg\u0131 g\u00f6stermeleri ve orman gezilerinden sonra keneleri incelemeleri tavsiye edilir. Denizanas\u0131 \u00e7i\u00e7eklenmeleri k\u0131y\u0131larda g\u00f6r\u00fclebilir ancak kolayca fark edilebilir ve \u00f6nlenebilir.<\/p>\n<p>Kompakt haliyle Danimarka, gelenek ve yenilik, bireysel \u00f6zg\u00fcrl\u00fck ve toplumsal sorumluluk aras\u0131nda bir dengeyi temsil eder. Co\u011frafyas\u0131 denizle etkile\u015fimi te\u015fvik eder, tarihi dayan\u0131kl\u0131l\u0131\u011f\u0131 vurgular ve toplumsal yap\u0131lar\u0131 f\u0131rsatlar\u0131 e\u015fit bir \u015fekilde da\u011f\u0131tma kararl\u0131l\u0131\u011f\u0131n\u0131 g\u00f6sterir. Gezgin i\u00e7in Danimarka, kartpostal sahnelerinden olu\u015fan bir ge\u00e7it t\u00f6reni de\u011fil, r\u00fczgar ve su, tar\u0131m\u0131n ritimleri ve d\u00fc\u015f\u00fcnce ak\u0131mlar\u0131 taraf\u0131ndan \u015fekillendirilmi\u015f bir toplumun sessizce \u0131srarc\u0131 bir anlat\u0131s\u0131n\u0131 sunar. Burada, modern ya\u015fam, tarlalar ve fiyortlar, tasar\u0131m ve demokrasi fonunda ortaya \u00e7\u0131kar ve hala var olan en eski krall\u0131\u011f\u0131n s\u00fcreklili\u011fi de\u011fi\u015fimle nas\u0131l dengeledi\u011fi \u00fczerine d\u00fc\u015f\u00fcnmeye davet eder.<\/p>","protected":false},"excerpt":{"rendered":"<p>Kuzey Avrupa&#039;n\u0131n g\u00fcney-orta kesiminde yer alan bir \u0130skandinav \u00fclkesi olan Danimarka&#039;n\u0131n n\u00fcfusu yakla\u015f\u0131k 6 milyondur. \u00dclkenin ba\u015fkenti ve en b\u00fcy\u00fck \u015fehri olan Kopenhag&#039;\u0131n n\u00fcfusu yakla\u015f\u0131k 767.000&#039;dir ve metropol alan\u0131 yakla\u015f\u0131k 1,9 milyon sakini i\u00e7erir. Bu egemen devlet, Kuzey Atlantik Okyanusu&#039;ndaki Faroe Adalar\u0131 ve Gr\u00f6nland&#039;\u0131n \u00f6zerk b\u00f6lgelerini kapsayan anayasal olarak \u00fcniter bir varl\u0131k olan Danimarka Krall\u0131\u011f\u0131&#039;n\u0131n en kalabal\u0131k ve metropol b\u00f6l\u00fcm\u00fcn\u00fc olu\u015fturur.<\/p>","protected":false},"author":1,"featured_media":3056,"parent":24078,"menu_order":0,"comment_status":"closed","ping_status":"closed","template":"elementor_theme","meta":{"_eb_attr":"","footnotes":""},"class_list":["post-14261","page","type-page","status-publish","has-post-thumbnail"],"_links":{"self":[{"href":"https:\/\/travelshelper.com\/tr\/wp-json\/wp\/v2\/pages\/14261","targetHints":{"allow":["GET"]}}],"collection":[{"href":"https:\/\/travelshelper.com\/tr\/wp-json\/wp\/v2\/pages"}],"about":[{"href":"https:\/\/travelshelper.com\/tr\/wp-json\/wp\/v2\/types\/page"}],"author":[{"embeddable":true,"href":"https:\/\/travelshelper.com\/tr\/wp-json\/wp\/v2\/users\/1"}],"replies":[{"embeddable":true,"href":"https:\/\/travelshelper.com\/tr\/wp-json\/wp\/v2\/comments?post=14261"}],"version-history":[{"count":0,"href":"https:\/\/travelshelper.com\/tr\/wp-json\/wp\/v2\/pages\/14261\/revisions"}],"up":[{"embeddable":true,"href":"https:\/\/travelshelper.com\/tr\/wp-json\/wp\/v2\/pages\/24078"}],"wp:featuredmedia":[{"embeddable":true,"href":"https:\/\/travelshelper.com\/tr\/wp-json\/wp\/v2\/media\/3056"}],"wp:attachment":[{"href":"https:\/\/travelshelper.com\/tr\/wp-json\/wp\/v2\/media?parent=14261"}],"curies":[{"name":"wp","href":"https:\/\/api.w.org\/{rel}","templated":true}]}}