{"id":14246,"date":"2024-09-18T22:49:18","date_gmt":"2024-09-18T22:49:18","guid":{"rendered":"https:\/\/travelshelper.com\/staging\/?page_id=14246"},"modified":"2026-03-11T23:39:32","modified_gmt":"2026-03-11T23:39:32","slug":"tallinn","status":"publish","type":"page","link":"https:\/\/travelshelper.com\/tr\/destinations\/europe\/estonia\/tallinn\/","title":{"rendered":"Tallinn"},"content":{"rendered":"<p>Tallinn, y\u00fczy\u0131llard\u0131r de\u011fi\u015fen imparatorluklar\u0131n ve modern yeniden icatlar\u0131n \u00fczerinde duruyor, orta\u00e7a\u011f surlar\u0131 yerini dijital h\u0131rsla atan cam kapl\u0131 ofis kulelerine b\u0131rak\u0131yor. Estonya&#039;n\u0131n ba\u015fkenti ve ba\u015fl\u0131ca ekonomik merkezi olarak, Finlandiya K\u00f6rfezi&#039;nin g\u00fcney k\u0131y\u0131s\u0131ndaki Harju \u0130l\u00e7esi&#039;nde yakla\u015f\u0131k 461.000 sakini bar\u0131nd\u0131r\u0131yor. Binlerce y\u0131ll\u0131k ticaret, fetih ve k\u00fclt\u00fcrel de\u011fi\u015fim, kire\u00e7ta\u015f\u0131 u\u00e7urumlar\u0131n\u0131n par\u0131ldayan yeni giri\u015fimlerle bulu\u015ftu\u011fu, Arnavut kald\u0131r\u0131mlar\u0131n\u0131n manast\u0131r manast\u0131rlar\u0131ndan ortak \u00e7al\u0131\u015fma alanlar\u0131na uzand\u0131\u011f\u0131 hem sayg\u0131de\u011fer hem de ileriye bakan bir \u015fehir b\u0131rakt\u0131.<\/p>\n<p>Yakla\u015f\u0131k be\u015f bin y\u0131l \u00f6nce ilk insan ayak izlerinden, Helsinki, Stockholm ve Saint Petersburg&#039;a ba\u011flayan feribotlar\u0131n hareketlili\u011fine kadar, Tallinn&#039;in \u00f6z\u00fc deniz ve ta\u015fla \u015fekillenmi\u015ftir. 1248&#039;de L\u00fcbeck \u015fehir haklar\u0131 verilen Eski Kenti, Toompea&#039;n\u0131n m\u00fcstahkem tepesiyle ta\u00e7land\u0131r\u0131lm\u0131\u015f ve Kent Duvar\u0131&#039;n\u0131n antik kuleleriyle \u00e7evrelenmi\u015f, Avrupa&#039;n\u0131n en iyi orta\u00e7a\u011f topluluklar\u0131ndan biri olmaya devam etmektedir. Yine de Hanseatik t\u00fcccarlar\u0131 a\u011f\u0131rlayan ayn\u0131 k\u0131y\u0131lar, \u015fimdi geni\u015f bant kablolar\u0131na ve NATO&#039;nun Siber Savunma M\u00fckemmeliyet Merkezi&#039;ne ev sahipli\u011fi yaparak, hem miras\u0131n koruyucusu hem de dijital \u00e7a\u011f\u0131n \u00f6nc\u00fcs\u00fc olan bir \u015fehri vurgulamaktad\u0131r.<\/p>\n<p>Ufka bir bak\u0131\u015f, K\u00f6rfez&#039;e do\u011fru uzanan \u00fc\u00e7 yar\u0131maday\u0131\u2014Kopli, Paljassaare, Kakum\u00e4e\u2014ortalama 19 ila 22 \u00b0C&#039;lik yazlardan ka\u00e7\u0131p dinlenme imk\u00e2n\u0131 sunan halka a\u00e7\u0131k plajlar\u0131n\u0131 ortaya \u00e7\u0131kar\u0131r. \u0130\u00e7 kesimlerde, \u015fehrin en b\u00fcy\u00fck g\u00f6l\u00fc olan 9,4 km\u00b2&#039;lik \u00dclemiste G\u00f6l\u00fc sessizce Tallinn&#039;in suyunu sa\u011flar; daha k\u00fc\u00e7\u00fck Harku G\u00f6l\u00fc bat\u0131da yer al\u0131r. Kuaterner kumlar\u0131 ve killeriyle dolu, nehir taraf\u0131ndan oyulmu\u015f eski vadilerin g\u00f6m\u00fcl\u00fc a\u011f\u0131 kentsel dokuyu desteklerken, Ordovisyen kire\u00e7ta\u015f\u0131 \u00e7\u0131k\u0131nt\u0131lar\u0131 Toompea&#039;dan ve \u00f6tesinden ge\u00e7en bir Balt\u0131k Klint&#039;i olu\u015fturur. N\u00f5mme&#039;nin Hiiu b\u00f6lgesinde deniz seviyesinden 64 m y\u00fckseklikteki en y\u00fcksek do\u011fal nokta, hem ormanl\u0131k s\u0131rtlara hem de modern banliy\u00f6lerin uzak yay\u0131l\u0131m\u0131na manzaralar sunar.<\/p>\n<p>\u0130klimsel olarak Tallinn, deniz \u0131l\u0131ml\u0131l\u0131\u011f\u0131n\u0131 k\u0131tasal u\u00e7 noktalara kar\u015f\u0131 dengeler. K\u0131\u015flar donma noktas\u0131na yak\u0131n seyreder, \u015eubat ay\u0131n\u0131n ortalamas\u0131 -3,6 \u00b0C&#039;dir ve ara s\u0131ra so\u011fuk hava dalgalar\u0131 -18 \u00b0C&#039;nin alt\u0131na d\u00fc\u015fer; kar \u015fehri \u00f6rterken bulut \u00f6rt\u00fcs\u00fc Aral\u0131k ay\u0131ndaki g\u00fcne\u015f \u0131\u015f\u0131\u011f\u0131n\u0131 zar zor 21 saatle s\u0131n\u0131rlar. Buna kar\u015f\u0131l\u0131k, yaz ortas\u0131 g\u00fcnleri on sekiz saatten fazla \u0131\u015f\u0131\u011fa uzan\u0131r, Temmuz ay\u0131nda ortalama 17,6 \u00b0C&#039;dir ve 300 saatten fazla g\u00fcne\u015f \u0131\u015f\u0131\u011f\u0131 vard\u0131r. Y\u0131ll\u0131k yakla\u015f\u0131k 700 mm ya\u011f\u0131\u015f e\u015fit \u015fekilde d\u00fc\u015fer, ancak ilkbahar aylar\u0131 en kurakt\u0131r ve yaz ortas\u0131nda en yo\u011fun ya\u011f\u0131\u015flar g\u00f6r\u00fcl\u00fcr. Bu de\u011fi\u015fkenlik, Tallinn&#039;e 2021 tarihli bir \u00e7al\u0131\u015fmada Avrupa&#039;n\u0131n en \u00f6ng\u00f6r\u00fclemez ba\u015fkent hava durumu unvan\u0131n\u0131 kazand\u0131rd\u0131.<\/p>\n<p>\u0130dari olarak \u015fehir sekiz linnaosa&#039;ya b\u00f6l\u00fcn\u00fcr; se\u00e7ilmi\u015f ihtiyarlar\u0131n yerel konularda merkezi h\u00fck\u00fcmete dan\u0131\u015fmanl\u0131k yapt\u0131\u011f\u0131 b\u00f6lgeler. Bunlar\u0131n i\u00e7inde, her biri resmi s\u0131n\u0131rlar ve belirgin kimlikler ta\u015f\u0131yan seksen d\u00f6rt asum mahallesi yer al\u0131r. Mustam\u00e4e ve Lasnam\u00e4e gibi Sovyet d\u00f6neminin banliy\u00f6 geli\u015fmeleri, N\u00f5mme&#039;nin ormanl\u0131k villalar\u0131 ve Kalamaja&#039;n\u0131n zanaatkar mahallesiyle keskin bir tezat olu\u015fturur. Eski sanayi b\u00f6lgelerinin (Rotermanni, Noblessner, Dvigatel) yak\u0131n zamanda yeniden canland\u0131r\u0131lmas\u0131, Tallinn&#039;in ge\u00e7mi\u015f ve \u015fimdiki zaman\u0131n dokusunu daha da bir araya getirmi\u015ftir.<\/p>\n<p>Demografik olarak Tallinn, Estonya&#039;n\u0131n en kozmopolit \u015fehridir. II. D\u00fcnya Sava\u015f\u0131&#039;ndan \u00f6nce, etnik Estonyal\u0131lar n\u00fcfusun y\u00fczde sekseninden fazlas\u0131n\u0131 olu\u015fturuyordu; on y\u0131llard\u0131r s\u00fcren Sovyet i\u015fgali bu oran\u0131 2022&#039;ye kadar yar\u0131dan biraz fazlas\u0131na d\u00fc\u015f\u00fcrd\u00fc. Rus\u00e7a konu\u015fan topluluklar art\u0131k sakinlerin neredeyse \u00fc\u00e7te birini olu\u015fturuyor ve bir\u00e7o\u011fu Ukraynal\u0131lar, Finler ve di\u011fer milletlerden olu\u015fan \u00f6nemli az\u0131nl\u0131klar\u0131n yan\u0131 s\u0131ra Estonya vatanda\u015fl\u0131\u011f\u0131na sahip. Estonca resmi dil olmaya devam ediyor, ancak Rus\u00e7a g\u00fcnl\u00fck ya\u015famda \u00f6nemli bir yer tutuyor ve \u0130ngilizce i\u015f ve turizmin ortak dili olarak hizmet ediyor.<\/p>\n<p>Tallinn&#039;deki ekonomik canl\u0131l\u0131k, \u0131\u015f\u0131ldayan kuleler ve dijital kamp\u00fcslerden olu\u015fan sil\u00fcetiyle yans\u0131t\u0131l\u0131yor. Estonya&#039;n\u0131n GSY\u0130H&#039;sinin yar\u0131s\u0131ndan fazlas\u0131, liman lojisti\u011fi, finansal hizmetler ve geli\u015fen bir bilgi teknolojisi sekt\u00f6r\u00fc taraf\u0131ndan y\u00f6nlendirilen buradan kaynaklan\u0131yor. Estonya&#039;n\u0131n &#034;Balt\u0131k Denizi&#039;ndeki Silikon Vadisi&#034; olarak \u00fcn\u00fc, Skype ve Wise gibi yerel devler ve AB&#039;nin BT ajans\u0131 ve NATO&#039;nun siber merkezinin varl\u0131\u011f\u0131yla peki\u015ftirildi. Tallinn, 2012&#039;de ki\u015fi ba\u015f\u0131na d\u00fc\u015fen giri\u015fim say\u0131s\u0131nda t\u00fcm Avrupa ba\u015fkentlerine \u00f6nc\u00fcl\u00fck etti; on y\u0131l sonra hala d\u00fcnya \u00e7ap\u0131nda ilk on dijital \u015fehir aras\u0131nda yer al\u0131yor ve &#034;gelece\u011fin orta b\u00fcy\u00fckl\u00fckteki Avrupa \u015fehri&#034; olarak parl\u0131yor.<\/p>\n<p>Tallinn Liman\u0131, Muuga&#039;da kargo ve Eski \u015eehir Liman\u0131&#039;nda yolcu feribotlar\u0131 elle\u00e7leyerek Balt\u0131k b\u00f6lgesinin en yo\u011fun deniz kap\u0131lar\u0131ndan biri olmaya devam ediyor. Sadece kruvaziyer terminali 2013&#039;te yar\u0131m milyondan fazla yolcu g\u00f6rd\u00fc ve Helsinki&#039;ye ba\u011flant\u0131lar g\u00fcnde sekiz kez \u00e7al\u0131\u015f\u0131yor. \u015eehrin toplu ta\u015f\u0131ma a\u011f\u0131 (otob\u00fcsler, tramvaylar, troleyb\u00fcsler) 2013&#039;te kay\u0131tl\u0131 sakinler i\u00e7in \u00fccretsiz hale gelen sabit \u00fccretli, RFID tabanl\u0131 bir sistem alt\u0131nda \u00e7al\u0131\u015f\u0131yor. Banliy\u00f6 tren hizmetleri Balt\u0131k \u0130stasyonu&#039;ndan do\u011fuya ve bat\u0131ya uzan\u0131rken, Elron&#039;un \u015fehirleraras\u0131 trenleri Tartu, Narva ve \u00f6tesine ba\u011flan\u0131yor. Rail Baltica ve \u00f6nerilen Helsinki t\u00fcneli gibi planlanan altyap\u0131, Tallinn&#039;i Avrupa a\u011f\u0131na daha da yak\u0131nla\u015ft\u0131rmay\u0131 vaat ediyor.<\/p>\n<p>K\u00fclt\u00fcr, galeri salonlar\u0131nda ve a\u00e7\u0131k hava sahnelerinde de geli\u015fir. Altm\u0131\u015ftan fazla m\u00fcze, orta\u00e7a\u011f lonca salonlar\u0131n\u0131, saray kanatlar\u0131n\u0131 ve yeniden i\u015flevlendirilen gizli servis ofislerini kapsar. Estonya Sanat M\u00fczesi&#039;nin Kumu&#039;nun modern galerilerinden Kadriorg Saray\u0131&#039;n\u0131n Barok salonlar\u0131na kadar uzanan \u015fubeleri, on sekizinci y\u00fczy\u0131ldan \u00e7a\u011fda\u015f deneyime kadar uzanan sanatsal ak\u0131mlar\u0131 yans\u0131t\u0131r. Vabamu \u0130\u015fgaller ve \u00d6zg\u00fcrl\u00fck M\u00fczesi ve KGB M\u00fczesi daha karanl\u0131k b\u00f6l\u00fcmlere tan\u0131kl\u0131k ederken, Denizcilik ve \u015eehir m\u00fczeleri denizcilik bilgisini ve kentsel evrimi kutlar.<\/p>\n<p>On y\u0131lda iki kez, Song Festival Grounds, bir zamanlar Sovyet y\u00f6netiminin da\u011f\u0131lmas\u0131na yard\u0131mc\u0131 olan k\u00fclt\u00fcrel dayan\u0131kl\u0131l\u0131\u011f\u0131n UNESCO listesindeki bir g\u00f6stergesi olan Laulupidu&#039;daki otuz binden fazla sesin armonileriyle yank\u0131lan\u0131yor. Yak\u0131nlardaki Tallinn Black Nights Film Festivali, her sonbahar yetmi\u015f be\u015f binden fazla sinemaseveri bir araya getiriyor, y\u00fczlerce \u00f6zelli\u011fi sergiliyor ve Kuzey Avrupa&#039;da sinematik bir merkez olu\u015fturuyor. \u015eehrin tad\u0131m odalar\u0131 ve kafeleri bile gelene\u011fi koruyor: 1864&#039;te Pikk Caddesi&#039;nde kurulan Maiasmokk, bir zamanlar Rus imparatorluk saray\u0131na sunulan badem ezmeli \u015fekerlemeleri hala servis ederken, zanaatkar bira fabrikalar\u0131 ve votka dam\u0131tma tesisleri as\u0131rl\u0131k tariflerin yerel yorumlar\u0131n\u0131 \u00fcretiyor.<\/p>\n<p>Buradaki mutfak, kuzey ticaretinin ini\u015f \u00e7\u0131k\u0131\u015flar\u0131n\u0131 yans\u0131t\u0131r: karanfil ve karabiberle k\u00fcrlenen hamsiler, ikonik kiluv\u00f5ileib&#039;de koyu \u00e7avdar ekme\u011finin \u00fcst\u00fcnde servis edilen v\u00fcrtsikilu&#039;yu olu\u015fturur; doyurucu g\u00fcve\u00e7ler ve tur\u015fular L\u00fcbeck ve Novgorod&#039;a Hanseatik ba\u011flar\u0131 yans\u0131t\u0131r. Bir zamanlar 1695&#039;teki belediye eczanesinde ila\u00e7 olarak re\u00e7ete edilen Martsipan, \u015fimdi Eski Kent&#039;in dar sokaklar\u0131n\u0131 s\u00fcsleyen pastaneleri s\u00fcsl\u00fcyor. Yaz aylar\u0131nda, a\u00e7\u0131k hava kafeleri Arnavut kald\u0131r\u0131mlar\u0131na ta\u015farak siyah ekmek sandvi\u00e7leri, fen seeon salatalar\u0131 ve yak\u0131ndaki ormanlardan taze mevsim meyveleri sunar.<\/p>\n<p>Turizm \u015fehrin zaman katmanlar\u0131nda ak\u0131yor. Eski Kent&#039;in alt b\u00f6lgelerinde, Raekoja, St. Olaf Kilisesi&#039;nin ince kulesinin alt\u0131nda canl\u0131 bir \u015fekilde yer al\u0131rken, Toompea&#039;da g\u00f6rkemli kubbeler ve kuleler iktidar koltuklar\u0131n\u0131 i\u015faret ediyor. Alexander Nevsky Katedrali&#039;nin so\u011fan kubbeleri, St. Mary Katedrali&#039;nin Gotik sil\u00fcetiyle sade bir diyalog i\u00e7inde duruyor. Orta \u00c7a\u011f \u00e7ekirde\u011finin \u00f6tesinde, Kadriorg&#039;un bak\u0131ml\u0131 bah\u00e7eleri B\u00fcy\u00fck Petro&#039;nun yazl\u0131k saray\u0131n\u0131 ve Kumu Sanat M\u00fczesi&#039;ni gizliyor. Pirita&#039;da, beyaz yelkenler 1980 Olimpiyat yat\u00e7\u0131l\u0131k regattas\u0131 i\u00e7in in\u015fa edilen marinay\u0131 noktal\u0131yor ve Botanik Bah\u00e7eleri ve TV Kulesi Estonya&#039;n\u0131n modern h\u0131rslar\u0131na tan\u0131kl\u0131k ediyor.<\/p>\n<p>\u0130ster \u015fehir sokaklar\u0131n\u0131n alt\u0131nda g\u00f6m\u00fcl\u00fc gizli bir derenin yolunu takip edin, ister Estonya&#039;n\u0131n yabanc\u0131 y\u00f6neticilerinin de\u011fi\u015fen hatlar\u0131n\u0131 takip edin, Tallinn katmanl\u0131 yank\u0131lar\u0131n\u0131 dinleyenleri \u00f6d\u00fcllendirir. Sert kuzey iklimlerine kar\u015f\u0131 toplumun dayan\u0131kl\u0131l\u0131\u011f\u0131, antik duvarlar i\u00e7inde yeni teknolojilerin sorunsuz benimsenmesi \u00fczerine d\u00fc\u015f\u00fcnmeye davet eder. Her kire\u00e7ta\u015f\u0131 kemerinde, dikkatlice \u00e7izilmi\u015f her yolda ve liman\u0131n alt\u0131ndaki her veri lifinde, \u015fehir bir hayatta kalma ve yeniden icat hikayesi anlat\u0131r. Tallinn&#039;in cazibesi y\u00fczeysel b\u00fcy\u00fcs\u00fcnde de\u011fil, kendi tarihini ortaya koydu\u011fu netlikte ve hen\u00fcz ortaya \u00e7\u0131kmam\u0131\u015f kimliklerin vaadinde yatar.<\/p>","protected":false},"excerpt":{"rendered":"<p>Estonya&#039;n\u0131n ba\u015fkenti ve en b\u00fcy\u00fck \u015fehri olan Tallinn, Balt\u0131k Denizi boyunca tarih, k\u00fclt\u00fcr ve yenili\u011fin sembol\u00fc olarak hizmet vermektedir. 2024 itibar\u0131yla 461.000&#039;in \u00fczerinde bir n\u00fcfusa sahip olan bu dinamik metropol, \u00fclkenin ba\u015fl\u0131ca idari, finansal, end\u00fcstriyel ve k\u00fclt\u00fcrel merkezi olarak i\u015flev g\u00f6rmektedir. Estonya&#039;n\u0131n kuzeyindeki bir koyda yer alan Tallinn&#039;in Finlandiya K\u00f6rfezi&#039;ndeki avantajl\u0131 konumu, y\u00fczy\u0131llard\u0131r kaderini etkilemi\u015f ve onu Balt\u0131k b\u00f6lgesinde hayati bir merkez haline getirmi\u015ftir.<\/p>","protected":false},"author":1,"featured_media":3666,"parent":14240,"menu_order":0,"comment_status":"closed","ping_status":"closed","template":"elementor_theme","meta":{"_eb_attr":"","footnotes":""},"class_list":["post-14246","page","type-page","status-publish","has-post-thumbnail"],"_links":{"self":[{"href":"https:\/\/travelshelper.com\/tr\/wp-json\/wp\/v2\/pages\/14246","targetHints":{"allow":["GET"]}}],"collection":[{"href":"https:\/\/travelshelper.com\/tr\/wp-json\/wp\/v2\/pages"}],"about":[{"href":"https:\/\/travelshelper.com\/tr\/wp-json\/wp\/v2\/types\/page"}],"author":[{"embeddable":true,"href":"https:\/\/travelshelper.com\/tr\/wp-json\/wp\/v2\/users\/1"}],"replies":[{"embeddable":true,"href":"https:\/\/travelshelper.com\/tr\/wp-json\/wp\/v2\/comments?post=14246"}],"version-history":[{"count":0,"href":"https:\/\/travelshelper.com\/tr\/wp-json\/wp\/v2\/pages\/14246\/revisions"}],"up":[{"embeddable":true,"href":"https:\/\/travelshelper.com\/tr\/wp-json\/wp\/v2\/pages\/14240"}],"wp:featuredmedia":[{"embeddable":true,"href":"https:\/\/travelshelper.com\/tr\/wp-json\/wp\/v2\/media\/3666"}],"wp:attachment":[{"href":"https:\/\/travelshelper.com\/tr\/wp-json\/wp\/v2\/media?parent=14246"}],"curies":[{"name":"wp","href":"https:\/\/api.w.org\/{rel}","templated":true}]}}