{"id":14240,"date":"2024-09-18T22:41:43","date_gmt":"2024-09-18T22:41:43","guid":{"rendered":"https:\/\/travelshelper.com\/staging\/?page_id=14240"},"modified":"2026-03-11T23:33:52","modified_gmt":"2026-03-11T23:33:52","slug":"estonya","status":"publish","type":"page","link":"https:\/\/travelshelper.com\/tr\/destinations\/europe\/estonia\/","title":{"rendered":"Estonya"},"content":{"rendered":"<p>Estonya, Balt\u0131k Denizi&#039;nin do\u011fu k\u0131y\u0131s\u0131nda, topra\u011f\u0131 ve ruhu hem pagan rit\u00fcelleri hem de dijital devrimleri ta\u015f\u0131yan yakla\u015f\u0131k 1,37 milyonluk bir n\u00fcfusa sahip ince bir cumhuriyettir. 2.300&#039;den fazla ada da dahil olmak \u00fczere 45.335 km\u00b2&#039;lik bir alanda, bu kuzey topraklar\u0131 M\u00d6 9.000&#039;deki Neolitik yerle\u015fimlerinden, Avro B\u00f6lgesi \u00fcyeli\u011fi, NATO ittifak\u0131 ve \u015feffaf y\u00f6netim itibar\u0131 ile Avrupa&#039;n\u0131n dijital olarak en geli\u015fmi\u015f demokrasilerinden birine d\u00f6n\u00fc\u015fm\u00fc\u015ft\u00fcr. Kuzey k\u0131y\u0131s\u0131ndaki kire\u00e7ta\u015f\u0131 u\u00e7urumlar\u0131ndan g\u00fcney yaylalar\u0131ndaki turba kapl\u0131 batakl\u0131klara kadar, Estonya&#039;n\u0131n arazisi ve insanlar\u0131 yabanc\u0131 egemenli\u011fi, ulusal uyan\u0131\u015f, Sovyet i\u015fgali ve 20 A\u011fustos 1991&#039;de ba\u011f\u0131ms\u0131zl\u0131\u011f\u0131 geri kazand\u0131ran bar\u0131\u015f\u00e7\u0131l bir &#034;\u015eark\u0131 S\u00f6yleyen Devrim&#034; tarihini izler.<\/p>\n<p>\u00c7ok eski zamanlardan beri Estonya kabileleri nehirler ve g\u00f6ller boyunca k\u00fcmelenmi\u015ftir. Orta\u00e7a\u011f&#039;da Hristiyanl\u0131\u011fa ge\u00e7i\u015f ancak 13. y\u00fczy\u0131ldaki Kuzey Ha\u00e7l\u0131 Seferleri&#039;nden sonra dayat\u0131ld\u0131, ancak Hristiyanl\u0131k \u00f6ncesi geleneklerin kal\u0131nt\u0131lar\u0131 folklor ve runik \u015fark\u0131larda varl\u0131\u011f\u0131n\u0131 s\u00fcrd\u00fcrd\u00fc. T\u00f6ton \u015e\u00f6valyeleri, Danimarka monar\u015fileri, Polonya krallar\u0131, \u0130sve\u00e7 lordlar\u0131 ve son olarak Rus \u0130mparatorlu\u011fu&#039;nun y\u00fczy\u0131llarca s\u00fcren egemenli\u011fi, 19. y\u00fczy\u0131l\u0131n ortalar\u0131ndaki ulusal uyan\u0131\u015fa d\u00f6n\u00fc\u015fen yerel kimli\u011fi s\u00f6nd\u00fcrmek i\u00e7in \u00e7ok az \u015fey yapt\u0131. \u015eubat 1918&#039;deki Ba\u011f\u0131ms\u0131zl\u0131k Bildirgesi, demokratik idealler \u00fczerine kurulmu\u015f bir sava\u015f aras\u0131 cumhuriyeti ba\u015flatt\u0131, ancak tarafs\u0131zl\u0131k Sovyet ve Alman i\u015fgalleri alt\u0131nda \u00e7\u00f6kt\u00fc. So\u011fuk Sava\u015f boyunca, g\u00f6\u00e7men diplomatlar ve s\u00fcrg\u00fcndeki h\u00fck\u00fcmet, Balt\u0131k devleti \u015fiddet i\u00e7ermeyen kitlesel protesto ve koro direni\u015fi yoluyla egemenli\u011fini geri kazanana kadar Estonya&#039;n\u0131n yasal s\u00fcreklili\u011fini korudu.<\/p>\n<p>Topo\u011frafik olarak cumhuriyet hafif e\u011fimlerle uzan\u0131r. Kuzey ve bat\u0131 ovalar\u0131 Pandivere, Sakala ve Otep\u00e4\u00e4 yaylalar\u0131na yol verirken, 318 metre y\u00fckseklikteki Suur Munam\u00e4gi, Haanja Tepeleri&#039;ne h\u00fckmeder. Estonya&#039;n\u0131n 1.560 do\u011fal g\u00f6l\u00fcnden, Peipus&#039;un geni\u015f alan\u0131 Rusya&#039;ya biti\u015fiktir ve V\u00f5rtsj\u00e4rv tamamen i\u00e7inde yer al\u0131r. Bir d\u00fczineden az nehir 100 kilometreyi a\u015far, bunlar\u0131n ba\u015f\u0131nda V\u00f5handu ve P\u00e4rnu gelir. Arazinin neredeyse d\u00f6rtte biri, Avrupa&#039;n\u0131n di\u011fer yerlerinde kaybolan t\u00fcrler i\u00e7in bir s\u0131\u011f\u0131nak sunan, turba ve batakl\u0131k ormanlar\u0131n\u0131n birle\u015fti\u011fi karma\u015f\u0131k sulak alanlar olan batakl\u0131klar ve batakl\u0131klarla i\u015faretlenmi\u015ftir.<\/p>\n<p>Buradaki iklim ne tamamen karasal ne de tamamen denizeldir, ancak Kuzey Atlantik siklonlar\u0131 ve Balt\u0131k&#039;\u0131n \u0131l\u0131ml\u0131 eri\u015fimi taraf\u0131ndan \u015fekillendirilir. K\u0131\u015f\u0131n erimeleri k\u0131y\u0131 k\u0131y\u0131lar\u0131na erken gelirken, yaz\u0131n s\u0131cakl\u0131\u011f\u0131 bat\u0131 esintileri i\u00e7 kesimlerdeki s\u0131cakl\u0131\u011f\u0131 yumu\u015fatt\u0131k\u00e7a devam eder. Ortalama s\u0131cakl\u0131klar \u015eubat ay\u0131nda -3,8 \u00b0C ile Temmuz ay\u0131nda 17,8 \u00b0C aras\u0131nda dalgalan\u0131r, 1940&#039;ta -43,5 \u00b0C ve 1992&#039;de 35,6 \u00b0C olarak kaydedilen u\u00e7 de\u011ferler vard\u0131r. Y\u0131ll\u0131k ya\u011f\u0131\u015f ortalamas\u0131 662 mm&#039;dir; g\u00fcne\u015f \u0131\u015f\u0131\u011f\u0131 Aral\u0131k ay\u0131nda \u00fc\u00e7 d\u00fczine saatten A\u011fustos ay\u0131nda neredeyse 300 saate kadar uzan\u0131r. G\u00fcn \u0131\u015f\u0131\u011f\u0131 yaz ortas\u0131nda 18 saat 40 dakikaya kadar uzar ve k\u0131\u015f g\u00fcnd\u00f6n\u00fcm\u00fcnden sonra alt\u0131 saate d\u00fc\u015fer, May\u0131s&#039;tan Temmuz&#039;a kadar &#034;beyaz geceler&#034; ya\u015fat\u0131r.<\/p>\n<p>Ormanlar, tarlalar, adalar ve sulak alanlar\u0131n mozai\u011fi Avrupa&#039;n\u0131n en zengin biyolojik \u00e7e\u015fitliliklerinden birinin temelini olu\u015fturur. Estonya topraklar\u0131n\u0131n yakla\u015f\u0131k ,4&#039;\u00fc resmi olarak korunmaktad\u0131r: alt\u0131 milli park, iki y\u00fczden fazla koruma alan\u0131 ve y\u00fczlerce arazi rezervi. G\u00f6\u00e7 koridorlar\u0131 milyonlarca \u00f6t\u00fcc\u00fc ku\u015fu ve su ku\u015funu g\u00f6ky\u00fcz\u00fcnde gezdirerek \u00e7e\u015fitlilik ve hacim a\u00e7\u0131s\u0131ndan Avrupa rekorlar\u0131 k\u0131rmaktad\u0131r. \u00c7am, hu\u015f ve ladin ormanl\u0131k alanlar\u0131na hakimdir ve va\u015fak ve boz ay\u0131dan Hiiumaa&#039;ya yeniden getirilen Avrupa vizonuna kadar b\u00fcy\u00fck memelilere ev sahipli\u011fi yapar. Amfibilerin ve s\u00fcr\u00fcngenlerin b\u0131y\u0131kl\u0131 diyarlar\u0131, \u00fclke \u00e7ap\u0131nda kaydedilen 330 ku\u015f t\u00fcr\u00fc aras\u0131nda geli\u015fir; bunlar\u0131n aras\u0131nda ulusal ku\u015f amblemi olan k\u0131rlang\u0131\u00e7 \u200b\u200bda vard\u0131r.<\/p>\n<p>On be\u015f maakondluk bir parlamenter cumhuriyet olan Estonya, Avrupa&#039;n\u0131n en az yolsuzlu\u011fa sahip y\u00f6netimlerinden birine sahiptir. Bir zamanlar enerji \u00fcretiminin y\u00fczde seksen be\u015finden fazlas\u0131ndan sorumlu olan petrol-\u015feyl ba\u011f\u0131ml\u0131l\u0131\u011f\u0131ndan yenilenebilir enerjinin \u00e7e\u015fitlendirilmi\u015f bir kar\u0131\u015f\u0131m\u0131na d\u00f6n\u00fc\u015f\u00fcm\u00fc, \u00fclkenin uyarlanabilir iradesini vurgular. 2008 krizinin yol a\u00e7t\u0131\u011f\u0131 mali dip, 2012&#039;de yerini tek avro b\u00f6lgesi b\u00fct\u00e7e fazlas\u0131na ve GSY\u0130H&#039;n\u0131n yaln\u0131zca y\u00fczde alt\u0131s\u0131 seviyesindeki ulusal borca \u200b\u200bb\u0131rakt\u0131. Bug\u00fcn, telekom\u00fcnikasyon, bankac\u0131l\u0131k, yaz\u0131l\u0131m hizmetleri, tekstil, elektronik ve gemi yap\u0131m\u0131, ki\u015fi ba\u015f\u0131na d\u00fc\u015fen PPP GSY\u0130H&#039;si yakla\u015f\u0131k 46.385 dolar (2023 rakamlar\u0131) olan geli\u015fmi\u015f bir ekonomiye g\u00fc\u00e7 veriyor. Estonya, insan geli\u015fimi, bas\u0131n \u00f6zg\u00fcrl\u00fc\u011f\u00fc, ilkokuldan \u00fc\u00e7\u00fcnc\u00fc \u00f6\u011fretime kadar \u00fccretsiz e\u011fitim sonu\u00e7lar\u0131 ve e-devlet hizmetleri a\u00e7\u0131s\u0131ndan k\u00fcresel olarak en \u00fcst s\u0131rada yer almaktad\u0131r.<\/p>\n<p>Deniz yollar\u0131 Tallinn Liman\u0131&#039;nda ve Muuga&#039;daki buzsuz uydusunda birle\u015fiyor. Burada tah\u0131l asans\u00f6rleri, so\u011futmal\u0131 depolar ve tanker r\u0131ht\u0131mlar\u0131 Balt\u0131k ticaretine hizmet ediyor. Tallink feribotlar\u0131 Helsinki ve Stockholm&#039;e deniz yollar\u0131 \u00f6r\u00fcyor, yerel hatlar ise yolcular\u0131 Saaremaa ve Hiiumaa&#039;ya ta\u015f\u0131yor. Karadan, E20, E263 ve E67 arterleri de dahil olmak \u00fczere on alt\u0131 bin kilometreden fazla devlet yolu, y\u00fcksek oranda \u00f6zel ara\u00e7 sahipli\u011fini destekliyor. 2017&#039;den beri in\u015fa halinde olan Rail Baltica, Tallinn&#039;den Riga \u00fczerinden Var\u015fova&#039;ya Avrupa \u00f6l\u00e7\u00fcl\u00fc ba\u011flant\u0131 vaat ediyor ve ba\u015fkentteki mevcut Eesti Raudtee a\u011f\u0131n\u0131 ve tarihi dar hatl\u0131 tramvay\u0131n\u0131 tamaml\u0131yor. Tallinn, Tartu, P\u00e4rnu, Kuressaare ve K\u00e4rdla&#039;daki havaalanlar\u0131, AirBaltic ve LOT gibi ta\u015f\u0131y\u0131c\u0131lar alt\u0131nda Estonya&#039;y\u0131 Kuzey ve Orta Avrupa&#039;ya ba\u011fl\u0131yor.<\/p>\n<p>Etnik a\u00e7\u0131dan Estonya b\u00fcy\u00fck \u00f6l\u00e7\u00fcde homojendir: etnik Estonyal\u0131lar n\u00fcfusun yakla\u015f\u0131k y\u00fczde yetmi\u015fini olu\u015ftururken, yakla\u015f\u0131k y\u00fczde yirmi d\u00f6rt oran\u0131nda Rus\u00e7a konu\u015fan bir az\u0131nl\u0131k, Ida-Viru ve Tallinn \u00e7evresinde yo\u011funla\u015fm\u0131\u015ft\u0131r. 1991&#039;den bu yana n\u00fcfus, g\u00f6\u00e7\u00fc ve m\u00fctevaz\u0131 bir do\u011fum fazlas\u0131n\u0131 yans\u0131tarak 1.369.285&#039;e (1 Ocak 2025) y\u00fckseldi. E\u011fitim d\u00fczeyi ola\u011fan\u00fcst\u00fcd\u00fcr - 25-64 ya\u015f aras\u0131 yeti\u015fkinlerin y\u00fczde k\u0131rk \u00fc\u00e7\u00fc \u00fcniversite derecesine sahiptir - ve iki y\u00fczden fazla etnik k\u00f6ken ve neredeyse ayn\u0131 say\u0131da ana dil ile \u00e7e\u015fitlilik artm\u0131\u015ft\u0131r. Balt\u0131k Alman toplulu\u011fu, 20. y\u00fczy\u0131l\u0131n ortalar\u0131na kadar Alman k\u00fclt\u00fcrel hegemonyas\u0131n\u0131 i\u015faret ediyordu; bug\u00fcn, Ingrian Finleri ve Estonya \u0130sve\u00e7lileri, k\u00fc\u00e7\u00fck bir Roman varl\u0131\u011f\u0131n\u0131n yan\u0131 s\u0131ra k\u00fclt\u00fcrel \u00f6zerkli\u011fin tad\u0131n\u0131 \u00e7\u0131kar\u0131yor.<\/p>\n<p>Dini ba\u011fl\u0131l\u0131k azald\u0131 ve Estonya Avrupa&#039;n\u0131n en laik devletlerinden biri haline geldi. Vatanda\u015flar\u0131n \u00fc\u00e7te birinden biraz daha az\u0131 bir dine mensup, bunlar\u0131n \u00e7o\u011funlu\u011fu Hristiyan mezhepleri i\u00e7inde. Rus az\u0131nl\u0131k ve yerli Seto&#039;da bir\u00e7ok ki\u015fi taraf\u0131ndan uygulanan Do\u011fu Ortodokslu\u011fu, taraftarlar a\u00e7\u0131s\u0131ndan art\u0131k Lutheranizm&#039;i geride b\u0131rak\u0131yor. 2014&#039;ten beri UNESCO taraf\u0131ndan tescillenen V\u00f5ru gelene\u011finin duman saunalar\u0131, her biri s\u0131ras\u0131yla 24 Haziran ve 24 \u015eubat&#039;ta kolektif haf\u0131zay\u0131 i\u015faret eden yaz ortas\u0131 Jaanip\u00e4ev \u015fenlik ate\u015fleri ve Ba\u011f\u0131ms\u0131zl\u0131k G\u00fcn\u00fc ge\u00e7it t\u00f6renleri gibi atalardan kalma rit\u00fceli s\u00fcrd\u00fcr\u00fcyor.<\/p>\n<p>Dilsel olarak, Estonca bask\u0131nd\u0131r ve n\u00fcfusun yakla\u015f\u0131k y\u00fczde seksen d\u00f6rd\u00fc onu birinci veya ikinci dil olarak kullanmaktad\u0131r. G\u00fcney Estonya leh\u00e7eleri -V\u00f5ro, Seto, Mulgi ve Tartu- yakla\u015f\u0131k y\u00fcz bin konu\u015fmac\u0131 aras\u0131nda varl\u0131\u011f\u0131n\u0131 s\u00fcrd\u00fcrmektedir. \u0130ngilizce ve Rus\u00e7a, kamu okullar\u0131 taraf\u0131ndan g\u00fc\u00e7lendirilen ortak yabanc\u0131 veya miras dilleri olarak hizmet vermektedir; Almanca ve Frans\u0131zca takip etmektedir. 2007&#039;de resmen tan\u0131nan Estonya \u0130\u015faret Dili, yakla\u015f\u0131k 4.500 sa\u011f\u0131r vatanda\u015f\u0131 desteklemektedir.<\/p>\n<p>K\u00fclt\u00fcrel kimlik toprakla i\u00e7 i\u00e7edir. Folklorik runik \u015fark\u0131lar kozmogoniyi ve Kalevipoeg gibi devleri anlat\u0131r. Folklorist Jakob Hurt&#039;un 19. y\u00fczy\u0131l kampanyas\u0131 on iki bin sayfadan fazla s\u00f6zl\u00fc gelenek toplad\u0131; Matthias Johann Eisen doksan bin sayfa daha derleyecekti, bunlar \u015fu anda Estonya Folklor Ar\u015fivleri&#039;nde saklanmaktad\u0131r. Mimari, ah\u015fap rehielamu \u00e7iftlik evlerini, orta\u00e7a\u011f ta\u015f tepe kalelerini, Romanesk kiliseleri ve Gotik t\u00fcccar salonlar\u0131n\u0131 kapsar - en canl\u0131 \u015fekilde Tallinn&#039;in UNESCO listesindeki Eski Kent&#039;inde korunmu\u015ftur. Toompea Tepesi&#039;ndeki sava\u015flar aras\u0131 parlamento binas\u0131, d\u00fcnyan\u0131n tek Ekspresyonist yasama odas\u0131 olarak e\u015fsiz bir \u015fekilde dururken, 20. y\u00fczy\u0131l e\u011filimleri yal\u0131n Klasisizmden Sovyet prefabrikasyonuna ve en son olarak Vilen K\u00fcnnapu gibi mimarlar taraf\u0131ndan yap\u0131lan cam kapl\u0131 ofis kulelerine kadar sal\u0131nd\u0131.<\/p>\n<p>Tarlalar, ormanlar ve denizden do\u011fan Estonya mutfa\u011f\u0131, mevsim meyveleri, otlar ve mantarlarla canland\u0131r\u0131lan \u00e7avdar ekme\u011fi, patates, domuz eti ve s\u00fct \u00fcr\u00fcnlerine dayan\u0131r. Balt\u0131k ringa bal\u0131\u011f\u0131 veya hamsi ile kapl\u0131 a\u00e7\u0131k sandvi\u00e7ler, \u00fclkenin en basit, en taze yeme\u011fe olan d\u00fc\u015fk\u00fcnl\u00fc\u011f\u00fcn\u00fcn bir \u00f6rne\u011fidir. Bira, meyve \u015faraplar\u0131 ve dam\u0131t\u0131lm\u0131\u015f \u015farap, y\u00fczy\u0131llard\u0131r tar\u0131m ve k\u0131y\u0131 ya\u015fam\u0131nda oldu\u011fu gibi yemeklere e\u015flik eder.<\/p>\n<p>Seyahat edenler i\u00e7in Estonya, mesafe tiranl\u0131\u011f\u0131 olmadan b\u00f6lgelere ayr\u0131l\u0131r: g\u00fcney tepelerini kuzey plajlar\u0131ndan d\u00f6rt saat ay\u0131r\u0131r ve Tallinn ile herhangi bir b\u00fcy\u00fck \u015fehir aras\u0131nda iki saat yeterlidir. Kuzey Estonya, sanayi ve kentsel cazibeyle doludur, orta\u00e7a\u011f ba\u015fkenti sahil k\u00f6ylerine ve Lahemaa&#039;n\u0131n malikanelerine kar\u015f\u0131d\u0131r. Do\u011fu Estonya, Rus etkisini Narva&#039;n\u0131n Hermann Kalesi&#039;nde ve K\u00f6rfez boyunca uzanan kapl\u0131ca k\u00f6ylerinde ta\u015f\u0131r. Adalar ve bat\u0131 k\u0131y\u0131s\u0131, Saaremaa&#039;n\u0131n r\u00fczgarla y\u0131kanm\u0131\u015f k\u00f6ylerini, P\u00e4rnu&#039;nun yaz ihti\u015fam\u0131n\u0131 ve Ruhnu&#039;daki k\u0131y\u0131 \u0130sve\u00e7lilerinin yeniden canlanan miras\u0131n\u0131 sunar. G\u00fcneyde, Tartu&#039;nun akademik u\u011fultusu Setomaa&#039;n\u0131n ibadethanelerine, Mulgimaa&#039;n\u0131n \u015fark\u0131 geleneklerine ve Otep\u00e4\u00e4&#039;n\u0131n kayak pistlerine yol verir.<\/p>\n<p>Estonya&#039;n\u0131n cazibesi bu t\u00fcr kar\u015f\u0131tl\u0131klarda yatar: Yosun kapl\u0131 ormanlar, antik batakl\u0131klar ve Hanse surlar\u0131 aras\u0131nda geli\u015fen dijital bir cumhuriyet; ba\u011f\u0131ms\u0131zl\u0131\u011f\u0131 var eden ve ayn\u0131 nefeste ziyaret\u00e7ileri kar\u015f\u0131layan bir halk. Buras\u0131, bir zamanlar onu ba\u011flayan zincirlerden \u00e7ok, her t\u0131klamada, her ilahide ve hikayeli arazisindeki her ad\u0131mda ge\u00e7mi\u015fini birle\u015ftiren dayan\u0131kl\u0131l\u0131kla tan\u0131mlanan bir toprakt\u0131r.<\/p>","protected":false},"excerpt":{"rendered":"<p>Kuzey Avrupa&#039;da, Balt\u0131k Denizi&#039;nin k\u0131y\u0131s\u0131nda bulunan Estonya, dayan\u0131kl\u0131l\u0131\u011f\u0131, yarat\u0131c\u0131l\u0131\u011f\u0131 ve k\u00fclt\u00fcrel \u00e7e\u015fitlili\u011fi \u00f6rneklemektedir. Kuzey ve Do\u011fu Avrupa&#039;n\u0131n kesi\u015fti\u011fi noktada bulunan Estonya, tarihsel olarak y\u00f6r\u00fcngesini tan\u0131mlayan ve mevcut ko\u015fullar\u0131n\u0131 etkilemeye devam eden stratejik bir konuma sahiptir. Yakla\u015f\u0131k 1,4 milyonluk n\u00fcfusuna ra\u011fmen Estonya, teknolojiyi, dijital y\u00f6netimi ve \u00e7evre korumay\u0131 \u00f6nemli \u00f6l\u00e7\u00fcde etkilemektedir.<\/p>","protected":false},"author":1,"featured_media":3347,"parent":24078,"menu_order":0,"comment_status":"closed","ping_status":"closed","template":"elementor_theme","meta":{"_eb_attr":"","footnotes":""},"class_list":["post-14240","page","type-page","status-publish","has-post-thumbnail"],"_links":{"self":[{"href":"https:\/\/travelshelper.com\/tr\/wp-json\/wp\/v2\/pages\/14240","targetHints":{"allow":["GET"]}}],"collection":[{"href":"https:\/\/travelshelper.com\/tr\/wp-json\/wp\/v2\/pages"}],"about":[{"href":"https:\/\/travelshelper.com\/tr\/wp-json\/wp\/v2\/types\/page"}],"author":[{"embeddable":true,"href":"https:\/\/travelshelper.com\/tr\/wp-json\/wp\/v2\/users\/1"}],"replies":[{"embeddable":true,"href":"https:\/\/travelshelper.com\/tr\/wp-json\/wp\/v2\/comments?post=14240"}],"version-history":[{"count":0,"href":"https:\/\/travelshelper.com\/tr\/wp-json\/wp\/v2\/pages\/14240\/revisions"}],"up":[{"embeddable":true,"href":"https:\/\/travelshelper.com\/tr\/wp-json\/wp\/v2\/pages\/24078"}],"wp:featuredmedia":[{"embeddable":true,"href":"https:\/\/travelshelper.com\/tr\/wp-json\/wp\/v2\/media\/3347"}],"wp:attachment":[{"href":"https:\/\/travelshelper.com\/tr\/wp-json\/wp\/v2\/media?parent=14240"}],"curies":[{"name":"wp","href":"https:\/\/api.w.org\/{rel}","templated":true}]}}