{"id":14191,"date":"2024-09-18T21:59:59","date_gmt":"2024-09-18T21:59:59","guid":{"rendered":"https:\/\/travelshelper.com\/staging\/?page_id=14191"},"modified":"2026-03-11T23:49:09","modified_gmt":"2026-03-11T23:49:09","slug":"cannes","status":"publish","type":"page","link":"https:\/\/travelshelper.com\/tr\/destinations\/europe\/france\/cannes\/","title":{"rendered":"Cannes"},"content":{"rendered":"<p>Cannes, Fransa&#039;n\u0131n Alpes-Maritimes b\u00f6l\u00fcm\u00fcnde, Frans\u0131z Rivieras\u0131&#039;ndaki Baie de Cannes&#039;\u0131n do\u011fu k\u0131y\u0131s\u0131nda yakla\u015f\u0131k 19,62 kilometrekarelik bir alan\u0131 kapsayan, yakla\u015f\u0131k 73.000 n\u00fcfuslu bir k\u0131y\u0131 kom\u00fcn\u00fc olarak durmaktad\u0131r. Y\u0131ll\u0131k Cannes Film Festivali, Midem m\u00fczik konferans\u0131 ve Cannes Lions Uluslararas\u0131 Yarat\u0131c\u0131l\u0131k Festivali gibi uluslararas\u0131 toplant\u0131lar\u0131n bir araya geldi\u011fi \u015fehir, m\u00fctevaz\u0131 bir bal\u0131k\u00e7\u0131 k\u00f6y\u00fcnden sinema, m\u00fczik ve reklamc\u0131l\u0131k end\u00fcstrilerinin odak noktas\u0131 haline gelmi\u015ftir. \u00dcnl\u00fc sahil \u015feridinde l\u00fcks oteller s\u0131ralan\u0131rken, \u015fehrin ekonomisi turizm, i\u015f fuarlar\u0131, ticaret ve Cannes Mandelieu Uzay Merkezi&#039;nde merkezlenen g\u00fc\u00e7l\u00fc bir havac\u0131l\u0131k varl\u0131\u011f\u0131n\u0131n bir kar\u0131\u015f\u0131m\u0131yla geli\u015fmektedir.<\/p>\n<p>Aral\u0131k ay\u0131ndan \u015eubat ay\u0131na kadar, ortalama g\u00fcnl\u00fck s\u0131cakl\u0131klar 10 \u00b0C&#039;nin hemen \u00fczerinde seyreder ve k\u0131\u015f aylar\u0131na, g\u00fcnd\u00fcz \u00f6l\u00e7\u00fcmlerinin s\u0131kl\u0131kla 30 \u00b0C&#039;ye ula\u015ft\u0131\u011f\u0131 yo\u011fun yaz g\u00fcne\u015fiyle tezat olu\u015fturan yumu\u015fak bir hava verir. Temmuz, g\u00fcnde ortalama on bir saat g\u00fcne\u015f \u0131\u015f\u0131\u011f\u0131 sunarken, ya\u011f\u0131\u015f y\u0131l boyunca m\u00fctevaz\u0131 kal\u0131r ve ayl\u0131k toplamlar\u0131n 100 mm&#039;yi a\u015fabildi\u011fi Ekim ve Kas\u0131m aylar\u0131nda zirveye ula\u015f\u0131r. S\u0131cak mevsimler Haziran&#039;dan Eyl\u00fcl&#039;e kadar uzan\u0131r ve bu d\u00f6nemde n\u00fcfus, Akdeniz&#039;in turkuaz rengi dalgalar\u0131na ve takvimi noktalayan festivallere \u00e7ekilen ziyaret\u00e7ilerle artar. Yerel iklimi dikkate de\u011fer u\u00e7 noktalar i\u015faretlemi\u015ftir: 19 Temmuz 2023&#039;te c\u0131va 39,2 \u00b0C&#039;ye f\u0131rlad\u0131 ve 9 Ocak 1985&#039;teki sert bir k\u0131\u015f\u0131n derinliklerinde -12,0 \u00b0C&#039;ye d\u00fc\u015ft\u00fc.<\/p>\n<p>Palmiye a\u011fa\u00e7lar\u0131yla s\u00fcslenmi\u015f zarif bir \u015fekilde kavisli bir cadde olan Promenade de la Croisette, Cannes&#039;\u0131n sahil kimli\u011fini tan\u0131mlar. Geni\u015fli\u011fi, hem halka a\u00e7\u0131k hem de \u00f6zel se\u00e7kin plajlarla, gastronomi teraslar\u0131yla ve l\u00fcks butiklerin ve g\u00f6rkemli otellerin cepheleriyle \u00e7evrilidir. Caddenin \u00f6tesinde, \u015fehrin orta\u00e7a\u011f mahallesi olan Le Suquet, Notre-Dame d&#039;Esp\u00e9rance tepe \u015fapeline \u00e7\u0131kan dar sokaklardan olu\u015fan bir Arnavut kald\u0131r\u0131ml\u0131 a\u011f ortaya \u00e7\u0131kar\u0131r. Bu bak\u0131\u015f a\u00e7\u0131s\u0131ndan, Corniche&#039;in k\u0131vr\u0131m\u0131n\u0131 ve k\u00f6rfezin masmavi k\u0131vr\u0131m\u0131n\u0131 g\u00f6zlemleyebilirsiniz; g\u00fc\u00e7lendirilmi\u015f bir kule ve Chapelle Sainte-Anne i\u00e7inde yer alan Mus\u00e9e des Explorations du Monde ise uzaklardaki yolculuklardan kalma kal\u0131nt\u0131lar\u0131 sunar. Rus Ortodoks katedralinin sil\u00fceti, yald\u0131zl\u0131 so\u011fan kubbeleriyle bu yamac\u0131 vurgular.<\/p>\n<p>Cannes&#039;\u0131n miras\u0131, kasabaya ilk \u00f6nce \u00f6nem kazand\u0131ran zenginli\u011fin an\u0131tlar\u0131 olarak hala ayakta duran 19. y\u00fczy\u0131l\u0131n g\u00f6rkemli villalar\u0131nda belirgindir. Bir\u00e7o\u011fu, halka a\u00e7\u0131k olmasa da Roma villalar\u0131n\u0131n veya orta\u00e7a\u011f kalelerinin bi\u00e7imlerini \u00e7a\u011fr\u0131\u015ft\u0131r\u0131r. Bunlar\u0131n aras\u0131nda, Lord Brougham&#039;\u0131n 1835 ile 1839 y\u0131llar\u0131 aras\u0131nda Quartier des Anglais&#039;de (bug\u00fcn \u015fehrin en eski yerle\u015fim b\u00f6lgesi) in\u015fa edilen Villa \u00c9l\u00e9onore Louise&#039;i bir zamanlar \u0130ngiliz aristokratlar\u0131n\u0131 a\u011f\u0131rlam\u0131\u015ft\u0131r. Jean-Gabriel Domergue&#039;nin ba\u015flang\u0131\u00e7ta Villa Fi\u00e9sole olarak bilinen Villa Domergue&#039;si, Floransa yak\u0131nlar\u0131ndaki Fiesole&#039;nin g\u00f6steri\u015fli bi\u00e7imlerini an\u0131msat\u0131r ve randevuyla ziyaret edilebilir, bah\u00e7eleri ve i\u00e7 mekanlar\u0131 erken d\u00f6nem m\u00fc\u015fterilerinin rafine zevklerine tan\u0131kl\u0131k eder.<\/p>\n<p>A\u00e7\u0131k denizde, \u00celes de L\u00e9rins tak\u0131madalar\u0131 iki ana adadan olu\u015fur. K\u0131y\u0131dan sadece bir kilometre uzakl\u0131ktaki ormanl\u0131k bir s\u0131\u011f\u0131nak olan \u00cele Sainte-Marguerite, efsanevi &#034;Demir Maskeli Adam&#034;\u0131n on bir y\u0131l boyunca tutuldu\u011fu h\u00fccreyi muhafaza eder; bu oda art\u0131k Deniz M\u00fczesi&#039;nin i\u00e7inde yer al\u0131r ve burada Roma amforalar\u0131ndan Sarazen par\u00e7alar\u0131na kadar uzanan antik gemi enkazlar\u0131ndan kurtar\u0131lan seramikler de sergilenmektedir. G\u00fcneyde, MS 410&#039;dan beri manast\u0131r\u0131 \u00e7evredeki b\u00f6lgeyi y\u00f6neten Sistersiyen rahipler taraf\u0131ndan i\u015fgal edilen \u00cele Saint-Honorat yer al\u0131r. Ziyaret\u00e7iler sade kiliseyi ve 11. y\u00fczy\u0131ldan kalma manast\u0131r\u0131n kal\u0131nt\u0131lar\u0131n\u0131 gezebilirken, rahipler y\u00fczy\u0131llard\u0131r s\u00fcrd\u00fcrd\u00fc\u011f\u00fc ba\u011fc\u0131l\u0131k uygulamalar\u0131n\u0131 k\u00fc\u00e7\u00fck partiler halinde k\u0131rm\u0131z\u0131 ve beyaz \u015farap \u00fcretimiyle s\u00fcrd\u00fcr\u00fcrler.<\/p>\n<p>\u015eehir i\u00e7inde, bir m\u00fcze koleksiyonu Provence&#039;\u0131n tarih \u00f6ncesine, Akdeniz denizcili\u011fine ve d\u00fcnya k\u00fclt\u00fcrlerine dair i\u00e7g\u00f6r\u00fcler sunar. 18. y\u00fczy\u0131ldan kalma bir malikanede bulunan Mus\u00e9e d&#039;Art et d&#039;Histoire de Provence, Noel be\u015fikleri i\u00e7in yontulmu\u015f aletler, kost\u00fcmler ve santonlar arac\u0131l\u0131\u011f\u0131yla yerel ya\u015fam\u0131 tarih \u00f6ncesi k\u00f6kenlerden g\u00fcn\u00fcm\u00fcze kadar izler. Mus\u00e9e de la Castre, Le Suquet&#039;in tepesindeki orta\u00e7a\u011f kalesinin kal\u0131nt\u0131lar\u0131nda muhafaza edilen Pasifik mercan adalar\u0131ndan, Kolomb \u00f6ncesi Peru&#039;dan ve Mezoamerika&#039;dan al\u0131nan eserleri sunar. Mus\u00e9e de la Marine, Mus\u00e9e de la Mer, Mus\u00e9e de la Photographie ve Mus\u00e9e International de la Parfumerie gibi ek mekanlar denizcilik geleneklerini, su alt\u0131 arkeolojisini, foto\u011fraf sanat\u0131n\u0131 ve b\u00f6lgenin parf\u00fcm miras\u0131n\u0131 ele al\u0131r.<\/p>\n<p>Cannes&#039;\u0131n tiyatro ve m\u00fczik hayat\u0131, y\u0131ll\u0131k Uluslararas\u0131 Oyuncular Performans Festivali&#039;nin Th\u00e9\u00e2tre Debussy, Espace Miramar ve Alexandre III gibi yerel tiyatrolar aras\u0131nda k\u0131sa ske\u00e7ler sergiledi\u011fi samimi mekanlarda ortaya \u00e7\u0131kar. Seyirciler, k\u0131rm\u0131z\u0131 hal\u0131n\u0131n ihti\u015fam\u0131ndan uzakta mizah ve dram anlar\u0131yla kar\u015f\u0131la\u015f\u0131r ve \u015fehrin \u00f6nemli etkinliklerinin \u00f6tesinde sahne sanatlar\u0131na olan ba\u011fl\u0131l\u0131\u011f\u0131n\u0131 g\u00fc\u00e7lendirir.<\/p>\n<p>Cannes&#039;\u0131n takvimi festivaller ve profesyonel toplant\u0131larla dolup ta\u015f\u0131yor. May\u0131s ortas\u0131ndaki film festivalinin \u00f6tesinde, Haziran reklamc\u0131l\u0131kta yarat\u0131c\u0131l\u0131k i\u00e7in Lions festivalini m\u00fcjdeliyor, Cannes K\u00f6rfezi ise y\u0131ll\u0131k Festival d&#039;art pyrotechnique s\u0131ras\u0131nda yaz havai fi\u015fekleriyle parl\u0131yor. Midem her Haziran m\u00fczik end\u00fcstrisi y\u00f6neticilerini bir araya getiriyor; Nisan ve Ekim aylar\u0131nda televizyon i\u00e7eri\u011fi i\u00e7in en \u00f6nemli ticaret pazarlar\u0131 olan MIPTV ve MIPCOM&#039;a ev sahipli\u011fi yap\u0131yor; MIPIM Mart ay\u0131nda emlak profesyonellerini bir araya getiriyor; ve Eyl\u00fcl ay\u0131ndaki Cannes Yat Festivali denizcilik tutkunlar\u0131n\u0131 Vieux Port&#039;a \u00e7ekiyor. Di\u011fer \u00f6nemli olaylar aras\u0131nda Nisan ba\u015f\u0131ndaki Pan-African Film Festivali, her \u015eubat ay\u0131ndaki Uluslararas\u0131 Oyunlar Festivali ve limanda d\u00fczenlenen Global Champions Tour atlama etkinli\u011fi yer al\u0131yor. NRJ M\u00fczik \u00d6d\u00fclleri \u015fehrin e\u011flence ve ticaret i\u00e7in bir merkez olarak rol\u00fcn\u00fc daha da g\u00fc\u00e7lendiriyor.<\/p>\n<p>Cannes ekonomisi turizmi b\u00fcy\u00fcyen bir y\u00fcksek teknoloji k\u00fcmesiyle i\u00e7 i\u00e7e ge\u00e7iriyor. Film ve reklam festivallerinin ihti\u015fam\u0131n\u0131n \u00f6tesinde, \u015fehrin \u00fczerindeki tepeler Sophia Antipolis teknokentine ev sahipli\u011fi yap\u0131yor ve Cannes Mandelieu Uzay Merkezi, Thales Alenia Space&#039;in uydu \u00fcretim operasyonlar\u0131n\u0131 yak\u0131nlarda konumland\u0131r\u0131yor. \u015eehrin s\u0131n\u0131rlar\u0131 i\u00e7inde 3.000 t\u00fcccar, zanaatkar ve hizmet sa\u011flay\u0131c\u0131s\u0131 da dahil olmak \u00fczere yakla\u015f\u0131k 6.500 \u015firket faaliyet g\u00f6steriyor. Dinamik ortam, yeni i\u015fletmelerin istikrarl\u0131 ak\u0131\u015f\u0131n\u0131 s\u00fcrd\u00fcr\u00fcyor (2006&#039;da 421 tanesi tescil edildi) ve Cannes&#039;\u0131n hem sosyal bir sahne hem de bir inovasyon merkezi olarak ikili kimli\u011fini vurguluyor.<\/p>\n<p>Daha geni\u015f b\u00f6lgeye ba\u011flant\u0131lar hava, demir yolu, kara yolu ve deniz yoluyla kolayla\u015ft\u0131r\u0131lm\u0131\u015ft\u0131r. Kuzeydo\u011fuda yirmi d\u00f6rt kilometre uzakl\u0131ktaki Nice C\u00f4te d&#039;Azur Havaalan\u0131 uluslararas\u0131 var\u0131\u015flar\u0131 kar\u015f\u0131larken, yak\u0131ndaki Cannes-Mandelieu Havaalan\u0131 daha k\u00fc\u00e7\u00fck gemilere ev sahipli\u011fi yapmaktad\u0131r. Ana tren istasyonu TGV ile Paris&#039;e, TER ile Marsilya&#039;ya ve daha \u00f6nce Thello taraf\u0131ndan i\u015fletilen hizmetler gibi hizmetlerle \u0130talyan \u015fehirlerine ba\u011flan\u0131r. Grasse hatt\u0131ndaki be\u015f ek yerel durak banliy\u00f6 b\u00f6lgelerine hizmet verir ve Cannes-la-Bocca istasyonunda \u00f6zel bir tren-feribot ba\u011flant\u0131s\u0131 vard\u0131r. Ulusal ve b\u00f6lgesel otob\u00fcs hizmetleri Gare Routi\u00e8re de Cannes&#039;da dururken, Korsika&#039;dan gelen feribotlar Bastia ve Calvi \u00fczerinden ba\u011flant\u0131 kurarak Akdeniz&#039;i iki ila d\u00f6rt saatlik yolculuklarla ge\u00e7er.<\/p>\n<p>Cannes&#039;\u0131n marinalar\u0131\u2014Palais des Festivals&#039;in yan\u0131ndaki Vieux Port de Cannes ve La Croisette&#039;in do\u011fu ucundaki Port Pierre Canto\u2014800&#039;e kadar gemiye ev sahipli\u011fi yapar ve e\u011flence teknelerinden transatlantik gemilere kadar uzan\u0131r. Vieux Port ayr\u0131ca d\u00fczenli bir gemi dura\u011f\u0131 olarak i\u015flev g\u00f6rerek \u015fehrin denizcilik miras\u0131n\u0131 g\u00fc\u00e7lendirir.<\/p>\n<p>Y\u00fcr\u00fcyerek, ziyaret\u00e7iler \u00e7e\u015fitli perakende deneyimleriyle kar\u015f\u0131la\u015f\u0131rlar. La Croisette ve rue d&#039;Antibes aras\u0131nda, daha eri\u015filebilir sat\u0131\u015f noktalar\u0131n\u0131n yan\u0131nda uluslararas\u0131 moda evlerinin l\u00fcks butikleri yer al\u0131rken, eski \u015fehrin dolamba\u00e7l\u0131 sokaklar\u0131 el sanatlar\u0131 sunar. Rue Meynadier&#039;in kapal\u0131 pazar\u0131 March\u00e9 Forville, tezgah s\u0131ralar\u0131na kar\u015f\u0131 Provence \u00fcr\u00fcnlerinin (peynirler, zeytinler ve taze deniz \u00fcr\u00fcnleri) canl\u0131 bir tablosunu sunar. Le Cannet&#039;nin tarihi semtinde, Place Bellevue, 19. y\u00fczy\u0131l cepheleriyle \u00e7er\u00e7evelenmi\u015f a\u00e7\u0131k havada yemek yeme imkan\u0131 sunar ve ressamlar\u0131n ve heykelt\u0131ra\u015flar\u0131n b\u00f6lgesel gelenekleri s\u00fcrd\u00fcrd\u00fc\u011f\u00fc at\u00f6lyelere ev sahipli\u011fi yapar. Standart al\u0131\u015fveri\u015f saatleri 10:00 - 12:00 ve 14:30 - 19:30 aras\u0131ndad\u0131r ve yo\u011fun sezonda bir\u00e7ok i\u015fletme \u00f6\u011fle yeme\u011fine kadar a\u00e7\u0131k kal\u0131r.<\/p>\n<p>Gastronomi sahnesi hem yerel malzemeleri hem de Cannes&#039;\u0131 \u015fekillendiren kozmopolit ak\u0131mlar\u0131 yans\u0131t\u0131r. R\u0131ht\u0131m boyunca uzanan oturma masalar\u0131 Akdeniz&#039;den gelen deniz \u00fcr\u00fcnleri tabaklar\u0131 sunarken, Le Suquet&#039;teki bistrolar pi\u015fmi\u015f toprak \u00e7at\u0131lar\u0131n manzaras\u0131 e\u015fli\u011finde Provence&#039;tan esinlenen yemekler sunar. Rue d&#039;Antibes&#039;te Maiffret gibi \u00e7ikolatac\u0131lar ve Chez Bruno&#039;da el yap\u0131m\u0131 lezzetler bulunur ve gurmeler La Cave Forville&#039;de b\u00f6lgesel \u015faraplar\u0131n tad\u0131n\u0131 \u00e7\u0131karabilir. Cannes&#039;\u0131n merkezi y\u00fcksek fiyatlara sahip olsa da, Le Cannet&#039;teki ara sokaklar ve banliy\u00f6 lokantalar\u0131 daha m\u00fctevaz\u0131 se\u00e7enekler sunar, atmosferleri festival ihti\u015fam\u0131ndan ziyade g\u00fcnl\u00fck ya\u015fam\u0131n ritimleriyle \u015fekillenir.<\/p>\n<p>Cannes, Akdeniz&#039;in \u0131\u015f\u0131\u011f\u0131n\u0131n palmiye yapraklar\u0131ndan yans\u0131d\u0131\u011f\u0131, sanat ve ticaretin tek bir sahnede bir araya geldi\u011fi ve y\u00fczy\u0131llarca tarihin ta\u015f duvarlarda ve manast\u0131r ba\u011flar\u0131nda yank\u0131land\u0131\u011f\u0131 bir birle\u015fme yeri olarak varl\u0131\u011f\u0131n\u0131 s\u00fcrd\u00fcr\u00fcyor. Hem kesin hem de elle tutulamayan bir izlenim sunuyor: tekne omurgalar\u0131n\u0131n r\u0131ht\u0131ma s\u00fcrt\u00fcnmesi, karanl\u0131k bir oditoryumda film makaralar\u0131n\u0131n yumu\u015fak yank\u0131s\u0131 ve yaz esintisinde yaseminlerin b\u0131rakt\u0131\u011f\u0131 izler. Burada, modernlik ve haf\u0131za birlikte ya\u015f\u0131yor ve g\u00f6zlemcileri \u00fcnl\u00fc olma senaryosunun \u00f6tesine, g\u00fcnl\u00fck zarafetin dokular\u0131na do\u011fru hareket etmeye davet ediyor.<\/p>","protected":false},"excerpt":{"rendered":"<p>Frans\u0131z Rivieras\u0131&#039;nda bulunan pastoral bir kom\u00fcn olan Cannes, Provence-Alpes-C\u00f4te d&#039;Azur b\u00f6lgesindeki Alpes-Maritimes departman\u0131n\u0131n bir m\u00fccevheridir. Nice&#039;in yakla\u015f\u0131k 45 kilometre g\u00fcneybat\u0131s\u0131nda bulunan bu \u00fcnl\u00fc sahil kenti, Frans\u0131zca&#039;da Cannois veya Proven\u00e7al Oksitanca&#039;da canenc olarak adland\u0131r\u0131lan 74.000&#039;den fazla n\u00fcfusa sahiptir. \u015eehrin Akdeniz k\u0131y\u0131s\u0131ndaki avantajl\u0131 konumu, tarihini, k\u00fclt\u00fcr\u00fcn\u00fc ve ekonomisini etkilemi\u015f ve onu m\u00fctevaz\u0131 bir bal\u0131k\u00e7\u0131 kasabas\u0131ndan prestijli bir l\u00fcks tatil k\u00f6y\u00fc ve k\u00fclt\u00fcr merkezine d\u00f6n\u00fc\u015ft\u00fcrm\u00fc\u015ft\u00fcr.<\/p>","protected":false},"author":1,"featured_media":3017,"parent":13952,"menu_order":0,"comment_status":"closed","ping_status":"closed","template":"elementor_theme","meta":{"_eb_attr":"","footnotes":""},"class_list":["post-14191","page","type-page","status-publish","has-post-thumbnail"],"_links":{"self":[{"href":"https:\/\/travelshelper.com\/tr\/wp-json\/wp\/v2\/pages\/14191","targetHints":{"allow":["GET"]}}],"collection":[{"href":"https:\/\/travelshelper.com\/tr\/wp-json\/wp\/v2\/pages"}],"about":[{"href":"https:\/\/travelshelper.com\/tr\/wp-json\/wp\/v2\/types\/page"}],"author":[{"embeddable":true,"href":"https:\/\/travelshelper.com\/tr\/wp-json\/wp\/v2\/users\/1"}],"replies":[{"embeddable":true,"href":"https:\/\/travelshelper.com\/tr\/wp-json\/wp\/v2\/comments?post=14191"}],"version-history":[{"count":0,"href":"https:\/\/travelshelper.com\/tr\/wp-json\/wp\/v2\/pages\/14191\/revisions"}],"up":[{"embeddable":true,"href":"https:\/\/travelshelper.com\/tr\/wp-json\/wp\/v2\/pages\/13952"}],"wp:featuredmedia":[{"embeddable":true,"href":"https:\/\/travelshelper.com\/tr\/wp-json\/wp\/v2\/media\/3017"}],"wp:attachment":[{"href":"https:\/\/travelshelper.com\/tr\/wp-json\/wp\/v2\/media?parent=14191"}],"curies":[{"name":"wp","href":"https:\/\/api.w.org\/{rel}","templated":true}]}}