{"id":14059,"date":"2024-09-18T17:29:07","date_gmt":"2024-09-18T17:29:07","guid":{"rendered":"https:\/\/travelshelper.com\/staging\/?page_id=14059"},"modified":"2026-03-12T00:10:24","modified_gmt":"2026-03-12T00:10:24","slug":"saint-tropez","status":"publish","type":"page","link":"https:\/\/travelshelper.com\/tr\/destinations\/europe\/france\/saint-tropez\/","title":{"rendered":"Saint Tropez"},"content":{"rendered":"<p>Saint-Tropez, Nice ve Marsilya&#039;n\u0131n ortas\u0131nda yer alan Frans\u0131z Rivieras\u0131&#039;ndaki dar bir burunda yer al\u0131r. Var departman\u0131nda bir kom\u00fcn olarak resmi stat\u00fcs\u00fc, 4.103 ki\u015filik (2018 n\u00fcfus say\u0131m\u0131) yerle\u015fik n\u00fcfusu kapsayan be\u015f kilometrekareden biraz daha b\u00fcy\u00fck bir alan\u0131 gizler. \u0130nce bir koyun - Golfe de Saint-Tropez - ba\u015f\u0131nda konumlanm\u0131\u015f olan \u015fehir, Massif des Maures&#039;in ete\u011finde yer al\u0131r ve konturlar\u0131 r\u00fczgar ve ak\u0131nt\u0131 taraf\u0131ndan \u015fekillendirilir. Bu bak\u0131\u015f a\u00e7\u0131s\u0131ndan, kasaban\u0131n kompakt \u00e7ekirde\u011fi, biti\u015fikteki Pampelonne kumullar\u0131na do\u011fru d\u0131\u015far\u0131ya do\u011fru uzan\u0131r ve Saint-Tropez&#039;i hem bir k\u0131y\u0131 b\u00f6lgesi hem de Proven\u00e7al hinterland\u0131na a\u00e7\u0131lan bir kap\u0131 olarak konumland\u0131r\u0131r.<\/p>\n<p>\u0130klim s\u0131cak yaz Akdeniz rejimine uymaktad\u0131r. K\u0131\u015flar \u0131l\u0131mand\u0131r, g\u00fcnd\u00fcz s\u0131cakl\u0131klar\u0131 nadiren on santigrat derecenin alt\u0131na d\u00fc\u015fer. Yazlar Mistral&#039;in k\u0131y\u0131 tasla\u011f\u0131 taraf\u0131ndan yumu\u015fat\u0131lan s\u0131cakl\u0131k getirir ve \u00f6\u011fle s\u0131cakl\u0131klar\u0131n\u0131 i\u00e7 b\u00f6lgelerdeki benzerlerinden daha katlan\u0131labilir hale getirir. Y\u0131ll\u0131k ya\u011f\u0131\u015flar k\u0131sa sonbahar ve ilkbahar sa\u011fanaklar\u0131nda yo\u011funla\u015f\u0131r ve y\u00fcksek yazlar\u0131 b\u00fcy\u00fck \u00f6l\u00e7\u00fcde kuru b\u0131rak\u0131r. Akdeniz soyuna sad\u0131k bitki \u00f6rt\u00fcs\u00fc zeytinlikler, \u00e7amlar, bodur me\u015feler ve Akdeniz makilerinden olu\u015fur, bunlar\u0131n soluk ye\u015filleri tuz ve g\u00fcne\u015fle yumu\u015fat\u0131lm\u0131\u015ft\u0131r.<\/p>\n<p>Antik \u00e7a\u011fda m\u00fcstahkem bir karakol olarak kurulan kasaban\u0131n ilk ekonomisi bal\u0131k\u00e7\u0131l\u0131k ve k\u00fc\u00e7\u00fck \u00f6l\u00e7ekli gemi yap\u0131m\u0131 etraf\u0131nda d\u00f6n\u00fcyordu. 1789&#039;daki liman\u0131 seksen gemiye ev sahipli\u011fi yap\u0131yordu; yerel tersaneler tartan ve \u00fc\u00e7 direkli ticaret gemileri \u00fcretiyordu, baz\u0131lar\u0131 on iki bin varile kadar ta\u015f\u0131ma kapasitesine sahipti. Sonraki on y\u0131llarda, ili\u015fkili ticaretler ortaya \u00e7\u0131kt\u0131: mantar hasad\u0131, ba\u011fc\u0131l\u0131k ve kereste. Bir hidrografi okulu denizcileri ve denizcileri e\u011fitti. On dokuzuncu y\u00fczy\u0131l\u0131n ortalar\u0131na gelindi\u011finde, La Reine des Anges gibi amiral gemisi gemileri, kom\u00fcn\u00fcn denizcilik zanaatkarl\u0131\u011f\u0131n\u0131 temsil ediyordu.<\/p>\n<p>Saint-Tropez&#039;in sava\u015f d\u00f6nemi, A\u011fustos 1944&#039;te Dragoon Harekat\u0131&#039;n\u0131n bir par\u00e7as\u0131 olan M\u00fcttefik kuvvetlerinin kom\u015fu C\u00f4te d&#039;Azur yerle\u015fimlerinden \u00f6nce kasabay\u0131 kurtarmas\u0131yla sona erdi. Bu tekil an hem bir sonu hem de bir ba\u015flang\u0131c\u0131 i\u015faret ediyordu. Sonraki on y\u0131l, kitle turizmi taraf\u0131ndan lekelenmemi\u015f manzaralar arayan film yap\u0131mc\u0131lar\u0131n\u0131n ve m\u00fczisyenlerin geli\u015fine tan\u0131k oldu. Nouvelle Vague&#039;in yazarlar\u0131, aralar\u0131nda 1956 yap\u0131m\u0131 And God Created Woman&#039;da Brigitte Bardot&#039;yu Saint-Tropez&#039;in ta\u015f surlar\u0131n\u0131n alt\u0131na yerle\u015ftiren Roger Vadim&#039;in de bulundu\u011fu, kasaban\u0131n imaj\u0131n\u0131 silinmez k\u0131ld\u0131lar. Ayn\u0131 zamanda, Y\u00e9-y\u00e9 hareketi, ba\u015far\u0131lar\u0131 kasabay\u0131 Avrupa&#039;n\u0131n k\u00fclt\u00fcrel bilincine yerle\u015ftiren gen\u00e7 sanat\u00e7\u0131lar\u0131 kendine \u00e7ekti.<\/p>\n<p>1960&#039;lara gelindi\u011finde, Avrupal\u0131 \u200b\u200bve Amerikal\u0131 bir jet sosyete Saint-Tropez&#039;i mevsimlik bir s\u0131\u011f\u0131nak olarak ilan etti. Byblos gibi oteller Bardot ve Gunter Sachs&#039;\u0131n onurland\u0131rd\u0131\u011f\u0131 t\u00f6renlerle a\u00e7\u0131ld\u0131. Caves du Roy&#039;un tipikle\u015ftirdi\u011fi i\u00e7 mekan gece hayat\u0131, ihti\u015fama duyulan k\u00fcresel hayranl\u0131\u011f\u0131 yans\u0131t\u0131yordu. Gayrimenkul de\u011ferleri ve hizmet fiyatlar\u0131 buna g\u00f6re artsa da, kasaban\u0131n \u00e7ekirde\u011fi on yedinci y\u00fczy\u0131l dokusunu korudu: pastel cephelerle \u00e7evrili dar sokaklar, tuz ve g\u00fcne\u015fle lekelenmi\u015f kepenkli pencereler ve ince direklerle \u00e7evrili bir liman.<\/p>\n<p>\u015eehir merkezinin g\u00fcneyinde, be\u015f kilometrelik kum \u015feridi Ramatuelle kom\u00fcn\u00fcn\u00fc \u00e7evreleyen Pampelonne Koyu yer al\u0131r. Her plaj otuz metre geni\u015fli\u011finde ince taneli bir yap\u0131 sunar ve halka a\u00e7\u0131k alanlar veya \u00f6zel plaj kul\u00fcpleri bar\u0131nd\u0131r\u0131r. R\u00fczgarla \u00e7al\u0131\u015fan ve motorlu su sporlar\u0131 i\u00e7in ekipman kiralanmaya haz\u0131rd\u0131r: yelkenler, tahtalar, kanolar, motorlu tekneler, jet ski&#039;ler ve hatta dal\u0131\u015f ekipmanlar\u0131. \u015eemsiyelerin arkas\u0131nda, \u00e7am ormanlar\u0131 g\u00f6lge sa\u011flar; k\u00f6rfezin berrak sular\u0131 \u00f6n\u00fcnde kayal\u0131k \u00e7\u0131k\u0131nt\u0131lar ve deniz \u00e7ay\u0131rlar\u0131 ortaya \u00e7\u0131kar. 1950&#039;lerin sonlar\u0131ndan bu yana, Frisk&#039;leri k\u0131y\u0131 boyunca d\u00fczenleyen belediye y\u00f6netmelikleriyle sonu\u00e7lanan yerel tart\u0131\u015fmalar\u0131n ard\u0131ndan \u00fcst\u00fc \u00e7\u0131plak g\u00fcne\u015flenmek geleneksel hale geldi.<\/p>\n<p>G\u00fcn\u00fcm\u00fczde deniz trafi\u011fi, iki havzada sekiz y\u00fcz tekneye ev sahipli\u011fi yapabilen bir marinada yo\u011funla\u015f\u0131yor. Ziyaret\u00e7iler, Saint-Tropez&#039;i Sainte-Maxime, Port Grimaud ve \u00e7e\u015fitli riviera limanlar\u0131yla ba\u011flayan Les Bateaux Verts feribotlar\u0131yla geliyor. \u00d6zel kiralamalar ve yelken yar\u0131\u015flar\u0131 yaz takvimini vurgularken, Citadelle&#039;in tepesindeki kasaban\u0131n deniz m\u00fczesinde yakalanan denizin geni\u015fli\u011fi, gemi yap\u0131m\u0131 k\u00f6kenlerine geri d\u00f6n\u00fcyor.<\/p>\n<p>Saint-Tropez&#039;in takvimi, her may\u0131s ay\u0131nda kom\u00fcn\u00fcn koruyucusu olan Saint Torpes&#039;i onurland\u0131ran \u00fc\u00e7 g\u00fcnl\u00fck y\u0131ll\u0131k bir etkinlik olan Les Bravades de Saint-Tropez&#039;e odaklan\u0131yor. Yakla\u015f\u0131k 450 y\u0131l \u00f6nce verilen bir kraliyet milis ayr\u0131cal\u0131klar\u0131 hibesine dayanan kutlamalar, d\u00f6nem \u00fcniformalar\u0131 giymi\u015f yerel \u015firketleri bir araya getiriyor. T\u00fcfekler t\u00f6rensel selamlamada ate\u015f ediyor, bandolar ana caddelerden ge\u00e7iyor ve Torpes&#039;in b\u00fcst\u00fc kilise cephelerinin \u00f6n\u00fcnden ge\u00e7iyor. Kat\u0131l\u0131mc\u0131lar geleneksel Provence kost\u00fcmleri giyiyor, \u00e7a\u011fda\u015f ya\u015fam\u0131 erken modern \u00e7a\u011f\u0131n Berberi ak\u0131nlar\u0131na kar\u015f\u0131 savunmayla birle\u015ftiren kitlesel ve toplumsal \u015fenlikler i\u00e7in bir araya geliyor.<\/p>\n<p>Karayolu ba\u011flant\u0131lar\u0131 co\u011frafya ve trafik nedeniyle k\u0131s\u0131tl\u0131 kalmaya devam ediyor. Merkeze hi\u00e7bir demiryolu ula\u015fm\u0131yor; en yak\u0131n istasyon, k\u0131rk kilometre uzakl\u0131ktaki Saint-Rapha\u00ebl&#039;de bulunuyor ve tekne veya otob\u00fcs ba\u011flant\u0131lar\u0131 mevcut. Karayolu eri\u015fimi \u00fc\u00e7 ana g\u00fczergah\u0131 takip ediyor: Le Muy \u00fczerinden Sainte-Maxime&#039;e ve eski N98&#039;e giden A8; Cannet des Maures&#039;ten Grimaud&#039;ya giden A57; ve k\u0131y\u0131 \u015feridini Toulon&#039;dan Monako&#039;ya kadar takip eden ve Pampelonne&#039;a hizmet etmek i\u00e7in i\u00e7 kesimlere do\u011fru uzanan k\u0131y\u0131 N98. Yo\u011fun sezonda, s\u00fcr\u00fcc\u00fcler s\u0131k \u200b\u200bs\u0131k s\u0131k s\u0131k\u0131\u015f\u0131kl\u0131klarla kar\u015f\u0131la\u015f\u0131yor; yerel tercihler, \u015fehir ile plajlar aras\u0131nda mekik dokuyan scooter&#039;lara, bisikletlere ve payla\u015f\u0131ml\u0131 minib\u00fcslere kay\u0131yor. \u015eehir i\u00e7i seyahatlerin \u00e7o\u011funu y\u00fcr\u00fcyerek s\u00fcrd\u00fcr\u00fcyoruz; \u015fehrin s\u0131k\u0131\u015f\u0131kl\u0131\u011f\u0131, yayalar\u0131 sokaklar\u0131, r\u0131ht\u0131m duvarlar\u0131n\u0131 ve g\u00f6lgeli meydanlar\u0131 ke\u015ffetmeye davet ediyor.<\/p>\n<p>Saint-Tropez&#039;in kendi havaliman\u0131 yoktur, ancak helikopterler ziyaret\u00e7ileri Tropezian ini\u015f pistleri, \u00f6zel kul\u00fcpler ve charter hizmetleri aras\u0131nda ta\u015f\u0131r. Sivil u\u00e7u\u015flar La M\u00f4le\u2013Saint-Tropez Havaliman\u0131&#039;ndan on be\u015f kilometre g\u00fcneybat\u0131dan ve Toulon\u2013Hy\u00e8res&#039;ten daha bat\u0131dan yap\u0131l\u0131r. Ba\u015fl\u0131ca uluslararas\u0131 ge\u00e7i\u015f noktalar\u0131\u2014Nice C\u00f4te d&#039;Azur ve Marsilya Provence\u2014araba veya otob\u00fcsle iki saat uzakl\u0131ktad\u0131r ve yolculuklar\u0131 konforla manzaray\u0131 birle\u015ftiren m\u00fc\u015fterilere hizmet verir.<\/p>\n<p>Belediye s\u0131n\u0131rlar\u0131 i\u00e7inde, belediye olanaklar\u0131 m\u00fctevaz\u0131 \u00f6l\u00e7ekte bir n\u00fcfusu yans\u0131t\u0131r. Bir sinema \u00e7a\u011fda\u015f Frans\u0131z ve uluslararas\u0131 filmler g\u00f6sterir; bir k\u00fct\u00fcphane yerel burslar\u0131 te\u015fvik eder; ve bir gen\u00e7lik rekreasyon merkezi a\u00e7\u0131k hava e\u011fitimi ve spor programlar\u0131 sunar. Sa\u011fl\u0131k hizmetleri aras\u0131nda bir toplum klini\u011fi ve \u00f6zel uygulay\u0131c\u0131lar bulunur. E\u011fitim anaokulundan orta\u00f6\u011fretim seviyesine kadar uzan\u0131r: l&#039;Escouleto okul \u00f6ncesi, iki ilkokul\u2014Louis Blanc ve Les Lauriers\u2014ve 2011&#039;de 51 personel taraf\u0131ndan desteklenen 275 \u00f6\u011frenciye sahip Moulin Blanc ortaokulu.<\/p>\n<p>Saint-Tropez&#039;in yank\u0131s\u0131 n\u00fcfus say\u0131m\u0131 rakamlar\u0131n\u0131 a\u015f\u0131yor. Pink Floyd&#039;dan Taylor Swift&#039;e kadar m\u00fczisyenler kasabay\u0131 \u015fark\u0131larla \u00f6l\u00fcms\u00fczle\u015ftirirken, rap sanat\u00e7\u0131lar\u0131 kasaban\u0131n itibar\u0131n\u0131 bo\u015f zaman\u0131n bir sembol\u00fc olarak \u00f6ne \u00e7\u0131kar\u0131yor. Broadway&#039;in La Cage aux Folles&#039;u, fars\u0131n\u0131 Tropez&#039;in gece hayat\u0131 i\u00e7inde konumland\u0131r\u0131yor. 1920&#039;lerde Coco Chanel gibi moda ikonlar\u0131ndan sineman\u0131n en sembolik y\u0131ld\u0131zlar\u0131na kadar onlarca y\u0131ll\u0131k yarat\u0131c\u0131 \u00e7a\u011fr\u0131\u015f\u0131mlar, kasaban\u0131n kimli\u011fine k\u00fclt\u00fcrel haf\u0131za katmanlar\u0131 \u00f6rd\u00fc. Ancak bu g\u00f6ndermelerin alt\u0131nda, bir deniz kalesi, bir bal\u0131k\u00e7\u0131 liman\u0131 ve \u015fimdi k\u00fcresel bir var\u0131\u015f noktas\u0131 olarak varl\u0131\u011f\u0131n\u0131 s\u00fcrd\u00fcren bir Akdeniz yerle\u015fimi yat\u0131yor; bug\u00fcn\u00fc y\u00fczy\u0131llard\u0131r s\u00fcregelen s\u00fcreklili\u011fe dayan\u0131yor.<\/p>\n<p>Saint-Tropez bug\u00fcn ya\u015fayan bir palimpsest olarak duruyor. Surlar\u0131 ve kalesi ge\u00e7mi\u015f d\u00f6nemlerin savunma ihtiya\u00e7lar\u0131n\u0131 hat\u0131rlat\u0131yor; liman\u0131 ve tersaneleri ticari \u00e7abay\u0131 \u00e7a\u011fr\u0131\u015ft\u0131r\u0131yor; dar sokaklar\u0131 ve pazar meydan\u0131 Proven\u00e7al gelene\u011fini anlat\u0131yor; plajlar\u0131 ve limanlar\u0131 geli\u015fen bir e\u011flence ekonomisine tan\u0131kl\u0131k ediyor. Gezgin i\u00e7in kasaba, g\u00fcne\u015fli cephelerden ve \u00fcnl\u00fclerden daha fazlas\u0131n\u0131 sunuyor. Zaman\u0131n ta\u015f, deniz ve gelenekler \u00fczerindeki izini hissetmek i\u00e7in bir f\u0131rsat sunuyor; g\u00fcnl\u00fck ritimlerin ve mevsimsel g\u00f6sterinin bir arada var oldu\u011fu bir yer. Bu birle\u015fmede, Saint-Tropez kendini yaln\u0131zca bir ihti\u015fam sembol\u00fc olarak de\u011fil, ayn\u0131 zamanda tarih, co\u011frafya ve insan \u00f6zlemiyle s\u00fcrekli olarak yeniden \u015fekillendirilen bir yerle\u015fim yeri olarak ortaya koyuyor.<\/p>","protected":false},"excerpt":{"rendered":"<p>G\u00fcney Fransa&#039;daki Provence-Alpes-C\u00f4te d&#039;Azur b\u00f6lgesinin Var b\u00f6l\u00fcm\u00fcnde bulunan manzaral\u0131 bir kom\u00fcn olan Saint-Tropez&#039;in 2018 y\u0131l\u0131 n\u00fcfusu 4.103&#039;t\u00fcr. Nice&#039;in 68 kilometre bat\u0131s\u0131nda ve Marsilya&#039;n\u0131n 100 kilometre do\u011fusunda bulunan bu b\u00fcy\u00fcleyici sahil kasabas\u0131, Frans\u0131z Rivieras\u0131&#039;n\u0131n cazibesinin ve zarafetinin sembolik bir temsili olarak ortaya \u00e7\u0131km\u0131\u015ft\u0131r. Saint-Tropez K\u00f6rfezi&#039;nin mavi sular\u0131 boyunca uzanan ve kuzeye do\u011fru Sainte-Maxime&#039;e kadar uzanan, muhte\u015fem Massif des Maures&#039;in arkas\u0131ndaki Saint-Tropez, k\u00fc\u00e7\u00fck bir bal\u0131k\u00e7\u0131 toplulu\u011fundan k\u00fcresel olarak tan\u0131nan bir tatil beldesine d\u00f6n\u00fc\u015fm\u00fc\u015ft\u00fcr.<\/p>","protected":false},"author":1,"featured_media":4790,"parent":13952,"menu_order":0,"comment_status":"closed","ping_status":"closed","template":"elementor_theme","meta":{"_eb_attr":"","footnotes":""},"class_list":["post-14059","page","type-page","status-publish","has-post-thumbnail"],"_links":{"self":[{"href":"https:\/\/travelshelper.com\/tr\/wp-json\/wp\/v2\/pages\/14059","targetHints":{"allow":["GET"]}}],"collection":[{"href":"https:\/\/travelshelper.com\/tr\/wp-json\/wp\/v2\/pages"}],"about":[{"href":"https:\/\/travelshelper.com\/tr\/wp-json\/wp\/v2\/types\/page"}],"author":[{"embeddable":true,"href":"https:\/\/travelshelper.com\/tr\/wp-json\/wp\/v2\/users\/1"}],"replies":[{"embeddable":true,"href":"https:\/\/travelshelper.com\/tr\/wp-json\/wp\/v2\/comments?post=14059"}],"version-history":[{"count":0,"href":"https:\/\/travelshelper.com\/tr\/wp-json\/wp\/v2\/pages\/14059\/revisions"}],"up":[{"embeddable":true,"href":"https:\/\/travelshelper.com\/tr\/wp-json\/wp\/v2\/pages\/13952"}],"wp:featuredmedia":[{"embeddable":true,"href":"https:\/\/travelshelper.com\/tr\/wp-json\/wp\/v2\/media\/4790"}],"wp:attachment":[{"href":"https:\/\/travelshelper.com\/tr\/wp-json\/wp\/v2\/media?parent=14059"}],"curies":[{"name":"wp","href":"https:\/\/api.w.org\/{rel}","templated":true}]}}