{"id":13952,"date":"2024-09-18T14:07:35","date_gmt":"2024-09-18T14:07:35","guid":{"rendered":"https:\/\/travelshelper.com\/staging\/?page_id=13952"},"modified":"2026-03-11T23:44:26","modified_gmt":"2026-03-11T23:44:26","slug":"fransa","status":"publish","type":"page","link":"https:\/\/travelshelper.com\/tr\/destinations\/europe\/france\/","title":{"rendered":"Fransa"},"content":{"rendered":"<p>Fransa katmanl\u0131 kar\u015f\u0131tl\u0131klar \u00fczerine bir \u00e7al\u0131\u015fma sunuyor: uzun k\u0131y\u0131 \u015feritleri, tarihi da\u011f s\u0131ralar\u0131 ve engebeli ovalarla oyulmu\u015f \u0131l\u0131man bir anakara, tropikal nehirler, volkanik adalar ve kutup \u00e7\u0131k\u0131nt\u0131lar\u0131 boyunca uzanan bir deniza\u015f\u0131r\u0131 b\u00f6lge, binlerce y\u0131ll\u0131k g\u00f6\u00e7lerden ve daha yak\u0131n zamanda gelenlerden \u00f6r\u00fclm\u00fc\u015f altm\u0131\u015f sekiz milyonu a\u015fan bir n\u00fcfus ve Gallo-Roma d\u00f6neminden Be\u015finci Cumhuriyet&#039;e kadar olan siyasi deneyleri modern vatanda\u015fl\u0131k ve haklar kavramlar\u0131n\u0131 \u015fekillendirmi\u015f bir cumhuriyet. Bu geni\u015flemenin kalbinde k\u00fclt\u00fcrel ve ekonomik ba\u011flant\u0131s\u0131 olan Paris yer al\u0131yor, ancak \u00fclkenin ger\u00e7ek boyutu kilometreler kadar y\u00fczy\u0131llarla \u00f6l\u00e7\u00fcl\u00fcyor: Orta \u00c7a\u011f katedralleri ve R\u00f6nesans \u015fatolar\u0131, Ayd\u0131nlanma salonlar\u0131 ve devrimci co\u015fkusu, Belle \u00c9poque bilimi ve yirminci y\u00fczy\u0131l denemeleri. Bu makale, Frans\u0131z Cumhuriyeti&#039;nin co\u011frafyas\u0131n\u0131, tarihini, toplumunu, ekonomisini, y\u00f6netimini, altyap\u0131s\u0131n\u0131 ve k\u00fclt\u00fcrel geleneklerini izleyerek hem tan\u0131d\u0131k hem de durmadan de\u011fi\u015fen bir topra\u011f\u0131 ortaya \u00e7\u0131kar\u0131yor.<\/p>\n<p>Metropol Fransa&#039;n\u0131n konturlar\u0131 Ren&#039;den Atlantik&#039;e ve Akdeniz&#039;den \u0130ngiliz Kanal\u0131 ve Kuzey Denizi&#039;ne kadar uzan\u0131r ve yakla\u015f\u0131k 551.500 km\u00b2&#039;yi kaplar - Avrupa Birli\u011fi \u00fcyeleri aras\u0131nda en b\u00fcy\u00fck alan - ve Bel\u00e7ika, L\u00fcksemburg, Almanya, \u0130svi\u00e7re, \u0130talya, Monako, Andorra ve \u0130spanya ile s\u0131n\u0131r kom\u015fusudur. K\u0131ta Avrupas\u0131&#039;n\u0131n \u00f6tesinde, Fransa, Karayip adalar\u0131, G\u00fcney Amerika ya\u011fmur ormanlar\u0131, Pasifik tak\u0131madalar\u0131 ve G\u00fcney ve Antarktika Topraklar\u0131 arac\u0131l\u0131\u011f\u0131yla d\u00fcnyan\u0131n ikinci b\u00fcy\u00fck m\u00fcnhas\u0131r ekonomik b\u00f6lgesine sahiptir, deniza\u015f\u0131r\u0131 b\u00f6lgeleri ve topraklar\u0131 ona 11 milyon km\u00b2&#039;den fazla deniz alan\u0131 ekonomik eri\u015fimi sa\u011flar. Bu \u00e7e\u015fitli enlemlerde - 41\u00b0 ila 51\u00b0 kuzey enlemleri ve 6\u00b0 bat\u0131 ila 10\u00b0 do\u011fu boylamlar\u0131 - manzara kuzeyde ve bat\u0131da k\u0131y\u0131 batakl\u0131klar\u0131ndan ve ovalar\u0131ndan Massif Central&#039;\u0131n antik volkanik platolar\u0131na, Pireneler&#039;in engebeli s\u0131rtlar\u0131na, Alpler&#039;in y\u00fckselen zirvelerine ve g\u00fcneydo\u011fu ve g\u00fcneybat\u0131daki kire\u00e7ta\u015f\u0131 ge\u00e7itlerine do\u011fru de\u011fi\u015fir.<\/p>\n<p>Demir \u00c7a\u011f\u0131&#039;nda Kelt Galyal\u0131lar taraf\u0131ndan yerle\u015filmesi, M\u00d6 51&#039;de Roma ilhak\u0131na yol a\u00e7t\u0131 ve yollar\u0131, kasabalar\u0131 ve yasalar\u0131 Erken Orta \u00c7a\u011f&#039;a kadar devam eden bir Galya-Roma medeniyetinin sahnesini haz\u0131rlad\u0131. Franklar\u0131n \u00fcst\u00fcnl\u00fc\u011f\u00fc ve Karolenj \u0130mparatorlu\u011fu ile Verdun Antla\u015fmas\u0131 (MS 843), Bat\u0131 Frank Krall\u0131\u011f\u0131&#039;n\u0131 orta\u00e7a\u011f Fransa Krall\u0131\u011f\u0131&#039;na d\u00f6n\u00fc\u015ft\u00fcren bir diyara d\u00f6n\u00fc\u015ft\u00fcrd\u00fc. Feodal par\u00e7alanma, monar\u015finin prestiji artarken bile Y\u00fcksek Orta \u00c7a\u011f&#039;\u0131 tan\u0131mlad\u0131; 1337&#039;den 1453&#039;e kadar \u0130ngiltere&#039;ye kar\u015f\u0131 yap\u0131lan Y\u00fcz Y\u0131l Sava\u015flar\u0131, krall\u0131\u011f\u0131n dayan\u0131kl\u0131l\u0131\u011f\u0131n\u0131 test etti ve sonras\u0131nda egemen otorite giderek merkezile\u015fti. On alt\u0131nc\u0131 y\u00fczy\u0131l himayesi, sanat, edebiyat ve bilimde bir Frans\u0131z R\u00f6nesans\u0131&#039;n\u0131 te\u015fvik ederken, Katolikler ve Huguenotlar aras\u0131ndaki dini b\u00f6l\u00fcnmeler i\u00e7 \u00e7at\u0131\u015fmaya d\u00f6n\u00fc\u015ft\u00fc; O y\u00fczy\u0131l\u0131n sonunda, Frans\u0131z ordular\u0131 Otuz Y\u0131l Sava\u015flar\u0131&#039;nda zafer kazand\u0131 ve XIV. Louis&#039;in saltanat\u0131, diplomasi, sava\u015f ve saray ihti\u015fam\u0131 yoluyla n\u00fcfuzunu daha da art\u0131rd\u0131.<\/p>\n<p>1789 Frans\u0131z Devrimi, Ancien R\u00e9gime&#039;i iptal ederek, \u00f6zg\u00fcrl\u00fc\u011f\u00fc, m\u00fclkiyeti ve e\u015fitli\u011fi kutsalla\u015ft\u0131ran \u0130nsan ve Yurtta\u015f Haklar\u0131 Bildirgesi&#039;yle sonu\u00e7land\u0131. Napolyon Bonapart d\u00f6neminde Birinci \u0130mparatorluk, 1815&#039;te da\u011f\u0131lmadan \u00f6nce Avrupa genelinde Frans\u0131z hukuk kodlar\u0131n\u0131 dayatt\u0131. 19. y\u00fczy\u0131lda monar\u015fi, cumhuriyet ve imparatorluk aras\u0131ndaki sal\u0131n\u0131mlar (Bourbon Restorasyonu, \u0130kinci Cumhuriyet, \u0130kinci \u0130mparatorluk ve nihayetinde \u00dc\u00e7\u00fcnc\u00fc Cumhuriyet) sanayile\u015fme, Belle \u00c9poque d\u00f6nemindeki k\u00fclt\u00fcrel geli\u015fme ve Fransa-Prusya \u00e7at\u0131\u015fmas\u0131n\u0131n (1870-71) travmas\u0131yla yumu\u015fat\u0131ld\u0131. 20. y\u00fczy\u0131ldaki iki d\u00fcnya sava\u015f\u0131 Fransa&#039;n\u0131n dayan\u0131kl\u0131l\u0131\u011f\u0131n\u0131 s\u0131nad\u0131: Birinci D\u00fcnya Sava\u015f\u0131 y\u0131k\u0131c\u0131 insani ve maddi kay\u0131plara yol a\u00e7t\u0131 ancak zaferle sonu\u00e7land\u0131; \u0130kinci D\u00fcnya Sava\u015f\u0131&#039;nda 1940&#039;taki yenilgi, Vichy y\u00f6netiminde i\u015fgal ve i\u015fbirli\u011fine, ard\u0131ndan 1944&#039;te kurtulu\u015fa ve k\u0131sa \u00f6m\u00fcrl\u00fc D\u00f6rd\u00fcnc\u00fc Cumhuriyet&#039;e yol a\u00e7t\u0131. 1958&#039;de Charles de Gaulle, anayasas\u0131 hala ge\u00e7erli olan Be\u015finci Cumhuriyet&#039;i kurdu. 1960&#039;lardaki s\u00f6m\u00fcrgecili\u011fin sona ermesiyle \u00e7o\u011fu deniza\u015f\u0131r\u0131 egemenlik ortadan kalkt\u0131, ancak siyasi ve ekonomik ba\u011flar g\u00fc\u00e7l\u00fc kalmaya devam ediyor.<\/p>\n<p>Fransa&#039;n\u0131n ekonomik profili, \u00e7e\u015fitlendirilmi\u015f bir sosyal piyasa modelini \u00f6nemli devlet kat\u0131l\u0131m\u0131 ve \u00f6zel giri\u015fimle birle\u015ftirir. Nominal GSY\u0130H&#039;si d\u00fcnyan\u0131n en iyi on \u00fclkesi aras\u0131nda ve AB i\u00e7inde ikinci s\u0131rada yer al\u0131r; sat\u0131n alma g\u00fcc\u00fc paritesine g\u00f6re k\u00fcresel olarak dokuzuncu s\u0131radad\u0131r. Hizmetler \u00e7\u0131kt\u0131 ve istihdam\u0131n \u00fc\u00e7te ikisini, imalat yakla\u015f\u0131k be\u015fte birini ve tar\u0131m y\u00fczde ikinin alt\u0131nda olu\u015fturur, ancak Frans\u0131z \u00e7iftlik \u00fcretimi hem hacim hem de de\u011fer a\u00e7\u0131s\u0131ndan Avrupa Birli\u011fi&#039;ne \u00f6nc\u00fcl\u00fck eder. \u00dc\u00e7\u00fcnc\u00fc b\u00fcy\u00fck Avrupa \u00fcreticisi ve \u00e7\u0131kt\u0131 a\u00e7\u0131s\u0131ndan d\u00fcnyan\u0131n sekizincisi olan Fransa, makine, ara\u00e7, havac\u0131l\u0131k \u00fcr\u00fcnleri, ila\u00e7 ve l\u00fcks mallar ihra\u00e7 eder; be\u015finci b\u00fcy\u00fck k\u00fcresel ticaret \u00fclkesi ve Avrupa&#039;da ikinci s\u0131radad\u0131r. Avro b\u00f6lgesi ve tek pazar, sermayeye ve eme\u011fe geni\u015f eri\u015fiminin temelini olu\u015fturur; do\u011frudan yabanc\u0131 yat\u0131r\u0131m a\u011f\u0131rl\u0131kl\u0131 olarak imalat, gayrimenkul ve finansal hizmetlere akar ve k\u00fcresel firmalar Paris b\u00f6lgesinde yo\u011funla\u015f\u0131r.<\/p>\n<p>Ula\u015f\u0131m a\u011flar\u0131 \u00fclkeyi bir arada tutar ve s\u0131n\u0131rlar boyunca birbirine ba\u011flar. SNCF&#039;nin 29.473 km&#039;lik demir yolu uzunlu\u011fu (Bat\u0131 Avrupa&#039;da Almanya&#039;dan sonra ikinci s\u0131radad\u0131r) 320 km\/sa h\u0131za ula\u015fan TGV y\u00fcksek h\u0131zl\u0131 hatlar\u0131, Kanal T\u00fcneli&#039;nden ge\u00e7en Eurostar ve Andorra hari\u00e7 t\u00fcm kom\u015fulara uluslararas\u0131 ba\u011flant\u0131lar\u0131 i\u00e7erir. Karayollar\u0131 bir milyon kilometreden fazla uzan\u0131r, en yo\u011fun k\u0131ta a\u011f\u0131d\u0131r, Paris&#039;ten yay\u0131lan \u00fccretli otoyollar ve yerel markalar\u0131n hakim oldu\u011fu g\u00fc\u00e7l\u00fc otomobil pazarlar\u0131na hizmet eden otoyollar vard\u0131r. Canal du Midi de dahil olmak \u00fczere i\u00e7 su yollar\u0131 Akdeniz ve Atlantik havzalar\u0131n\u0131 birbirine ba\u011flar. Hava ta\u015f\u0131mac\u0131l\u0131\u011f\u0131 464 havaalan\u0131ndan ge\u00e7er, bunlar\u0131n ba\u015f\u0131nda Paris d\u0131\u015f\u0131ndaki Charles-de-Gaulle gelirken, Akdeniz&#039;deki en b\u00fcy\u00fc\u011f\u00fc Marsilya olan on deniz liman\u0131 y\u00fck ve yolcu hareketini kolayla\u015ft\u0131r\u0131r.<\/p>\n<p>Demografik olarak, Fransa Ocak 2025 itibar\u0131yla yakla\u015f\u0131k 68,6 milyon n\u00fcfusa sahipti ve bu da onu AB&#039;nin ikinci en kalabal\u0131k \u00fclkesi ve Rusya ve Almanya&#039;dan sonra Avrupa&#039;n\u0131n \u00fc\u00e7\u00fcnc\u00fc en kalabal\u0131k \u00fclkesi yap\u0131yordu. N\u00fcfusu, sava\u015f sonras\u0131 nispeten y\u00fcksek do\u011furganl\u0131k oran\u0131yla b\u00fcy\u00fcd\u00fc - 1800&#039;de kad\u0131n ba\u015f\u0131na d\u00f6rt \u00e7ocuk oran\u0131na ula\u015ft\u0131 ve yirmi birinci y\u00fczy\u0131l\u0131n ba\u015flar\u0131na kadar ikame seviyelerinin \u00fczerinde kald\u0131 - ve \u00f6nemli g\u00f6\u00e7. 2023 itibar\u0131yla toplam do\u011furganl\u0131k oran\u0131, ya\u015flanan bir se\u00e7men kitlesinin be\u015fte birinin altm\u0131\u015f be\u015f ya\u015f\u0131nda veya daha b\u00fcy\u00fck oldu\u011fu bir d\u00f6nemde bile, ikame seviyesinin alt\u0131nda ancak AB&#039;deki en y\u00fcksek seviye olan 1,79 idi. Do\u011fumda beklenen ya\u015fam s\u00fcresi, d\u00fcnyan\u0131n en y\u00fckseklerinden biri olan 82,7 y\u0131la ula\u015ft\u0131. Kentle\u015fme, n\u00fcfusun \u00fc\u00e7te ikisini \u015fehirlerde ve \u00e7evrelerinde yo\u011funla\u015ft\u0131r\u0131yor: Paris (metropol alan\u0131nda 13 milyondan fazla), Lyon, Marsilya, Lille, Toulouse, Bordeaux, Nantes, Strazburg, Montpellier ve Rennes. G\u00f6\u00e7 ve do\u011fum oran\u0131 e\u011filimlerinin \u015fekillendirdi\u011fi \u0131l\u0131ml\u0131 b\u00fcy\u00fcmenin 2040&#039;lar\u0131n ortalar\u0131na kadar s\u00fcrmesi \u00f6ng\u00f6r\u00fcl\u00fcyor.<\/p>\n<p>\u0130ki bin y\u0131l boyunca, ulusal yap\u0131n\u0131n yan\u0131nda b\u00f6lgesel kimlikler ortaya \u00e7\u0131kt\u0131: Bretonya ve Burgonya&#039;da Kelt-Galya k\u00f6kleri, Provence ve Akitanya&#039;da Roma miraslar\u0131, Alsace ve Lorraine&#039;de Cermen unsurlar\u0131, Korsika&#039;da Akdeniz etkileri. Bug\u00fcn Fransa, Frans\u0131zca ticaret ve y\u00f6netimde tek resmi dil olmaya devam etse bile, b\u00f6lgesel dilleri (Breton, Oksitanca, Bask\u00e7a, Katalanca, Flaman leh\u00e7eleri, Alsas\u00e7a) anayasal miras korumalar\u0131 alt\u0131nda tan\u0131yor. 1635&#039;te kurulan Acad\u00e9mie fran\u00e7aise, dil standartlar\u0131n\u0131n t\u00f6rensel koruyucusu olarak hizmet veriyor.<\/p>\n<p>Fransa&#039;n\u0131n cumhuriyet\u00e7i anayasas\u0131, 1905&#039;te kilise ile devletin ayr\u0131lmas\u0131yla do\u011fan kamusal ya\u015famda kat\u0131 bir laiklik olan laikli\u011fi kutsalla\u015ft\u0131r\u0131yor. Katoliklik y\u00fczy\u0131llard\u0131r ulusal dini tan\u0131mlam\u0131\u015f olsa da, kamusal \u00f6nemi azald\u0131; yine de Fransa&#039;n\u0131n dini yap\u0131lar\u0131n\u0131n &#039;\u00fc Katoliktir. Az\u0131nl\u0131k inan\u00e7lar\u0131\u2014Protestanl\u0131k, Yahudilik, \u0130slam\u2014tarihi konkordatolar\u0131n s\u00fcrd\u00fc\u011f\u00fc Alsace-Moselle hari\u00e7, devlet taraf\u0131ndan tan\u0131nmasa da \u00f6zg\u00fcrce ibadetlerini yerine getiriyorlar. Devlet, tarikat olarak kabul edilen gruplar\u0131n politikaya m\u00fcdahale etmesini inceliyor.<\/p>\n<p>Gastronomi, ulusal kimlik ve yumu\u015fak g\u00fc\u00e7 i\u00e7in merkezi olmaya devam ediyor. B\u00f6lgesel mutfak gelenekleri iklimsel ve k\u00fclt\u00fcrel \u00e7e\u015fitlili\u011fi yans\u0131t\u0131yor: Kuzeyde ve Orta Massif Central&#039;da s\u00fct \u00fcr\u00fcnleri a\u00e7\u0131s\u0131ndan zengin haz\u0131rl\u0131klar, g\u00fcneyde zeytinya\u011f\u0131 bazl\u0131 yemekler, Toulouse civar\u0131nda cassoulet, Alsace&#039;da choucroute, Lorraine&#039;de ki\u015f, Burgonya&#039;da s\u0131\u011f\u0131r eti bourguignon, C\u00f4te d&#039;Azur&#039;da Proven\u00e7al tapenade. Fransa, \u00fcr\u00fcnleri teruarlar\u0131na ba\u011flayan apelasyon kontrol sistemleriyle \u015farap ve peynirde Avrupa&#039;ya \u00f6nc\u00fcl\u00fck ediyor. Resmi bir yemek devam ediyor - ana yemek, plat principal, fromage veya tatl\u0131 - ne\u015feyi vurguluyor. 1900&#039;de tasarlanan Michelin Rehberi, itibarlar\u0131 de\u011fi\u015ftirebilecek y\u0131ld\u0131zlar vermeye devam ediyor; 2006&#039;ya gelindi\u011finde Frans\u0131z restoranlar\u0131 yakla\u015f\u0131k 620 y\u0131ld\u0131za sahipti.<\/p>\n<p>K\u00fclt\u00fcrel kurumlar, Fransa&#039;n\u0131n entelekt\u00fcel ve sanatsal bir ba\u015fkent olarak \u00f6z imaj\u0131n\u0131 g\u00fc\u00e7lendirir. 52 UNESCO D\u00fcnya Miras\u0131 Alan\u0131, orta\u00e7a\u011f katedralleri, kraliyet saraylar\u0131, tarih \u00f6ncesi ma\u011faralar ve kentsel mahalleleri kapsar. D\u00fcnyaca \u00fcnl\u00fc m\u00fczeler\u2014Paris&#039;in Louvre&#039;u (2022&#039;de 7,7 milyon ziyaret\u00e7i), Mus\u00e9e d&#039;Orsay, Centre Pompidou\u2014antik \u00e7a\u011flardan modernizme kadar \u015faheserlere ev sahipli\u011fi yapar. Lyon, Lille, Montpellier ve di\u011fer yerlerdeki b\u00f6lgesel m\u00fczeler yerel kimlikleri zenginle\u015ftirir. Frans\u0131z Rivieras\u0131, Loire Vadisi kaleleri, Alp tatil k\u00f6yleri ve Akdeniz sahilleri her y\u0131l 100 milyon uluslararas\u0131 turisti \u00e7ekerek di\u011fer t\u00fcm \u00fclkeleri \u00e7ok geride b\u0131rakmaktad\u0131r. Kendi TGV istasyonuna sahip olan Disneyland Paris, Avrupa&#039;n\u0131n en yo\u011fun tema park\u0131 olmaya devam etmektedir.<\/p>\n<p>\u0130dari \u00f6rg\u00fctlenme tarihi evrimi yans\u0131t\u0131r: Metropolitan Fransa, Korsika&#039;ya ek olarak on iki ana kara b\u00f6lgesini kapsar ve genellikle nehirler veya co\u011frafi \u00f6zellikler nedeniyle adland\u0131r\u0131lan 96 b\u00f6l\u00fcme ayr\u0131l\u0131r. Be\u015f deniza\u015f\u0131r\u0131 b\u00f6l\u00fcm\u00fcn (Guadeloupe, Martinik, Frans\u0131z Guyanas\u0131, R\u00e9union, Mayotte) \u00f6tesinde, de\u011fi\u015fen \u00f6zerkli\u011fe sahip alt\u0131 kolektivite (Frans\u0131z Polinezyas\u0131, Yeni Kaledonya, Saint Barth\u00e9lemy, Saint Martin, Saint Pierre ve Miquelon, Wallis ve Futuna) ve Clipperton ve G\u00fcney ve Antarktika Topraklar\u0131 gibi \u0131ss\u0131z do\u011fa rezervleri bulunur. Toplu olarak, bu b\u00f6lgeler di\u011fer t\u00fcm uluslardan daha fazla on iki saat dilimini kapsar.<\/p>\n<p>Turistik g\u00fczergahlar kentsel gezinti yollar\u0131ndan k\u0131rsal inzivalara kadar uzan\u0131r. Paris, Seine&#039;nin r\u0131ht\u0131mlar\u0131n\u0131, Notre-Dame&#039;\u0131 (restorasyon bekliyor), Sainte-Chapelle&#039;in vitraylar\u0131n\u0131, Arc de Triomphe&#039;yi ve Montmartre&#039;\u0131n kafe hayat\u0131n\u0131 sunar. Lyon&#039;da, Place Bellecour ve Vieux Lyon&#039;un traboule&#039;leri ipek dokumac\u0131 miras\u0131n\u0131 hat\u0131rlat\u0131r. Bordeaux&#039;nun ta\u015f teraslar\u0131 ve \u00fcz\u00fcm ba\u011flar\u0131, Nantes&#039;\u0131n ye\u015fil alanlar\u0131 ve Jules Verne sergileri, Marsilya&#039;n\u0131n Vieux-Port ve Calanques&#039;\u0131, Nice&#039;in Promenade des Anglais&#039;i ve Monako&#039;ya a\u00e7\u0131lan kap\u0131lar her biri kendine \u00f6zg\u00fc atmosferler sunar. Tarihi hac rotalar\u0131 V\u00e9zelay veya Chartres&#039;tan bat\u0131ya do\u011fru a\u00e7\u0131l\u0131r; Hautes-Pyr\u00e9n\u00e9es&#039;deki Lourdes&#039;e yap\u0131lan hac ziyaretleri, \u015fifal\u0131 p\u0131nar\u0131yla milyonlarca insan\u0131 kendine \u00e7eker.<\/p>\n<p>K\u0131rsal Fransa, 160&#039;tan fazlas\u0131 resmen g\u00fczelli\u011fiyle tan\u0131nan orta\u00e7a\u011f k\u00f6ylerinin hazinelerini, tarih \u00f6ncesi ma\u011fara resimleriyle Dordogne&#039;daki gizli vadileri, Azay-le-Rideau&#039;dan Chenonceau&#039;ya kadar Loire Vadisi arazilerini ve Proven\u00e7al lavanta tarlalar\u0131n\u0131 ortaya \u00e7\u0131kar\u0131r. Normandiya&#039;n\u0131n D-Day plajlar\u0131 ve Mont-Saint-Michel s\u0131ras\u0131yla yirminci ve on birinci y\u00fczy\u0131l anlat\u0131lar\u0131n\u0131 canland\u0131r\u0131r. Brittany&#039;nin Carnac&#039;taki dikili ta\u015flar\u0131 tarih \u00f6ncesi topluluklara tan\u0131kl\u0131k ederken, Camargue deltas\u0131 batakl\u0131k ekosistemlerini ve yerel tuz hasad\u0131 ve bo\u011fa \u00e7obanl\u0131\u011f\u0131 geleneklerini korur.<\/p>\n<p>Frans\u0131z g\u00fcnl\u00fck ya\u015fam\u0131 nezaket protokolleriyle y\u00f6nlendirilir: Ma\u011fazalara veya kafelere girerken &#034;Bonjour&#034;, resmi hitapta &#034;Monsieur&#034; ve &#034;Madame&#034;, kamusal giyimde \u0131l\u0131ml\u0131l\u0131k - bo\u015f zaman etkinliklerinin d\u0131\u015f\u0131nda e\u015fofman veya beyaz spor ayakkab\u0131lardan ka\u00e7\u0131nma. Y\u00fczme havuzlar\u0131 dar Lycra tak\u0131m elbise ve \u015fapka gerektirir; plajlar g\u00fcne\u015flenme geleneklerini takip eder. Sohbette, kaba olmaktan ziyade a\u00e7\u0131k s\u00f6zl\u00fc tart\u0131\u015fma gelenekseldir. Ziyaret\u00e7iler, etkile\u015fimin bir i\u015fareti olarak k\u00fclt\u00fcrel do\u011frudanl\u0131\u011fa al\u0131\u015f\u0131rlar.<\/p>\n<p>B\u00f6ylece Fransa, ayn\u0131 anda hem Avrupa tarihinin bir hazinesi, hem sanatsal ve bilimsel ilerlemenin bir potas\u0131, hem \u00e7e\u015fitli bir co\u011frafi alan hem de k\u00fcresel zorluklarla m\u00fccadele eden modern bir cumhuriyet olarak kalmaya devam ediyor. Etkisi hukuk, dil, mutfak ve k\u00fclt\u00fcrde s\u00fcr\u00fcyor; ritimleri Alp karlar\u0131n\u0131n sessizli\u011finden Akdeniz gezintilerinin u\u011fultusuna, katedral koridorlar\u0131n\u0131n sessizli\u011finden kafe teraslar\u0131n\u0131n tak\u0131rt\u0131s\u0131na kay\u0131yor. Gezgin veya bilgin i\u00e7in Fransa tek bir hikaye de\u011fil, her biri haf\u0131za ve yenili\u011fin, istikrar\u0131n ve de\u011fi\u015fimin uyumuna uyumlanm\u0131\u015f bir sesler korosu sunuyor.<\/p>","protected":false},"excerpt":{"rendered":"<p>\u00c7o\u011funlukla Bat\u0131 Avrupa&#039;da bulunan Fransa, Ocak 2024 itibar\u0131yla yakla\u015f\u0131k 68,4 milyonluk bir n\u00fcfusa sahip olup, bu da onu Avrupa Birli\u011fi&#039;nin en kalabal\u0131k \u00fclkelerinden biri haline getirmektedir. K\u00fclt\u00fcrel olarak \u00e7e\u015fitlendirilmi\u015f bu \u00fclkenin, kentsel topraklar\u0131 ve yabanc\u0131 b\u00f6lgeleri dahil olmak \u00fczere 643.801 kilometrekarelik (248.573 mil kare) bir alan\u0131 vard\u0131r. Bat\u0131 Avrupa ve Akdeniz&#039;in kesi\u015fti\u011fi noktada bulunan Fransa&#039;n\u0131n belirgin co\u011frafi konumu, tarihini, k\u00fclt\u00fcr\u00fcn\u00fc ve d\u00fcnya \u00e7ap\u0131ndaki etkisini \u00f6nemli \u00f6l\u00e7\u00fcde etkilemi\u015ftir.<\/p>","protected":false},"author":1,"featured_media":4906,"parent":24078,"menu_order":0,"comment_status":"closed","ping_status":"closed","template":"elementor_theme","meta":{"_eb_attr":"","footnotes":""},"class_list":["post-13952","page","type-page","status-publish","has-post-thumbnail"],"_links":{"self":[{"href":"https:\/\/travelshelper.com\/tr\/wp-json\/wp\/v2\/pages\/13952","targetHints":{"allow":["GET"]}}],"collection":[{"href":"https:\/\/travelshelper.com\/tr\/wp-json\/wp\/v2\/pages"}],"about":[{"href":"https:\/\/travelshelper.com\/tr\/wp-json\/wp\/v2\/types\/page"}],"author":[{"embeddable":true,"href":"https:\/\/travelshelper.com\/tr\/wp-json\/wp\/v2\/users\/1"}],"replies":[{"embeddable":true,"href":"https:\/\/travelshelper.com\/tr\/wp-json\/wp\/v2\/comments?post=13952"}],"version-history":[{"count":0,"href":"https:\/\/travelshelper.com\/tr\/wp-json\/wp\/v2\/pages\/13952\/revisions"}],"up":[{"embeddable":true,"href":"https:\/\/travelshelper.com\/tr\/wp-json\/wp\/v2\/pages\/24078"}],"wp:featuredmedia":[{"embeddable":true,"href":"https:\/\/travelshelper.com\/tr\/wp-json\/wp\/v2\/media\/4906"}],"wp:attachment":[{"href":"https:\/\/travelshelper.com\/tr\/wp-json\/wp\/v2\/media?parent=13952"}],"curies":[{"name":"wp","href":"https:\/\/api.w.org\/{rel}","templated":true}]}}