{"id":13916,"date":"2024-09-18T13:37:58","date_gmt":"2024-09-18T13:37:58","guid":{"rendered":"https:\/\/travelshelper.com\/staging\/?page_id=13916"},"modified":"2026-03-11T23:42:24","modified_gmt":"2026-03-11T23:42:24","slug":"finlandiya","status":"publish","type":"page","link":"https:\/\/travelshelper.com\/tr\/destinations\/europe\/finland\/","title":{"rendered":"Finlandiya"},"content":{"rendered":"<p>Hem k\u0131t hem de c\u00f6mert bir toprak olan Finlandiya, Avrupa&#039;n\u0131n kuzey kesimlerinde, \u0130sve\u00e7, Norve\u00e7 ve Rusya s\u0131n\u0131r\u0131nda uzan\u0131r ve Bothnia K\u00f6rfezi ile Finlandiya K\u00f6rfezi taraf\u0131ndan \u00e7er\u00e7evelenir, 5,6 milyonluk bu cumhuriyet, hareketsizli\u011fi ve hareketi, jestlerin kas\u0131tl\u0131 ekonomisiyle birle\u015ftirir. Kuzeydeki sessiz kar s\u00fcr\u00fcklenmesinin ve g\u00fcney g\u00fcne\u015finin teredd\u00fctl\u00fc s\u0131cakl\u0131\u011f\u0131n\u0131n alt\u0131nda, Finlandiya jeolojik sab\u0131r, dilsel \u00f6zellik, sosyal ilerleme ve k\u00fclt\u00fcrel k\u0131s\u0131tlaman\u0131n e\u015fsiz bir kar\u0131\u015f\u0131m\u0131n\u0131 sunar; bu nitelikler, son Buzul \u00c7a\u011f\u0131&#039;n\u0131n sonlar\u0131nda ilk insan ayak izlerinden modern, a\u00e7\u0131k bir toplum olarak konumuna kadar kimli\u011fini \u015fekillendirmi\u015ftir.<\/p>\n<p>Kuzey ormanlar\u0131n\u0131n olu\u015fturdu\u011fu bir tuval, cams\u0131 y\u00fczeyleri yaln\u0131zca buzul ilerlemesinin uzun, \u00e7ak\u0131ll\u0131 kal\u0131nt\u0131lar\u0131 olan ince moren s\u0131rtlar\u0131 \u00e7izgileriyle kesintiye u\u011frayan 180.000&#039;den fazla g\u00f6le yol veriyor. Arazinin kendisi y\u00fckselmeye devam ediyor, buzul sonras\u0131 toparlanma, Bothnia K\u00f6rfezi \u00e7evresinde y\u0131lda yakla\u015f\u0131k bir santimetrelik bir h\u0131zla eski deniz tabanlar\u0131n\u0131 g\u00f6\u011fe do\u011fru itiyor ve \u00fclkenin ayak izini biraz olsun geni\u015fletiyor. Her yerde bulunan ve s\u00fcslenmemi\u015f granit, topra\u011f\u0131n inceldi\u011fi her yerde y\u00fczeye \u00e7\u0131k\u0131yor ve Finlandiya&#039;n\u0131n manzaras\u0131n\u0131 cilas\u0131z bir kal\u0131c\u0131l\u0131k duygusuyla temellendiriyor. \u00c7amlar ve ladinler hu\u015f ve k\u0131z\u0131la\u011fa\u00e7lar\u0131n \u00fczerinde y\u00fckseliyor, k\u00f6kleri turba ve \u00e7ok fazla \u015fey i\u00e7in \u00e7ok s\u0131\u011f topraklarda i\u015fleniyor. Do\u011fan\u0131n bu sakin mimarisi i\u00e7inde Lakeland b\u00f6lgesi \u00f6ne \u00e7\u0131k\u0131yor: Tampere, Jyv\u00e4skyl\u00e4 ve Kuopio gibi \u015fehirlerle \u00e7evrili bir i\u00e7 g\u00f6ller a\u011f\u0131; her yerle\u015fim, sanki kanoyla bir habercinin gelmesini bekler gibi su kenar\u0131nda konumlanm\u0131\u015f.<\/p>\n<p>Finlandiya&#039;daki iklim de ayn\u0131 \u015fekilde disiplinlidir. K\u00f6rfez Ak\u0131nt\u0131s\u0131&#039;n\u0131n yumu\u015fat\u0131c\u0131 dokunu\u015fu, k\u0131y\u0131 k\u0131\u015flar\u0131n\u0131 Sibirya&#039;dakinden daha az ac\u0131mas\u0131z tutar, ancak donma \u00e7izgisi i\u00e7 kesimlerde derinlere kadar \u0131s\u0131r\u0131r. G\u00fcneyde, kar Aral\u0131k&#039;tan Mart&#039;a kadar kal\u0131r; daha kuzeyde, k\u0131\u015f krall\u0131\u011f\u0131 Ekim ortas\u0131ndan May\u0131s ba\u015f\u0131na kadar uzan\u0131r, s\u0131cakl\u0131klar en \u015fiddetli zamanlar\u0131nda eksi k\u0131rk k\u00fcsur santigrat dereceye d\u00fc\u015fer. Yazlar, k\u0131sa olsa da, \u00f6\u011flen s\u0131cakl\u0131klar\u0131n\u0131n otuz be\u015f santigrat derecenin \u00fczerine \u00e7\u0131kmas\u0131yla \u015fa\u015f\u0131rtabilir. Kuzey Kutup Dairesi&#039;nin \u00fczerinde, yaz gece yar\u0131s\u0131 g\u00fcne\u015fini getirir -haftalarca kesintisiz g\u00fcn \u0131\u015f\u0131\u011f\u0131- k\u0131\u015f ise kar\u015f\u0131l\u0131\u011f\u0131n\u0131 sunar: G\u00fcne\u015fin elli bir g\u00fcne kadar tamamen kayboldu\u011fu kutup gecesi. Laponya&#039;da, alpin tundra \u00fc\u00e7 haneli y\u00fcksekliklere ula\u015fan tepelere yol verir, Halti zirvesi Norve\u00e7 s\u0131n\u0131r\u0131nda 1.324 metreye ula\u015f\u0131r.<\/p>\n<p>Finlandiya&#039;daki insan varl\u0131\u011f\u0131, \u00f6nc\u00fclerin eriyen buzlar\u0131n \u00fczerinde ren geyi\u011fi s\u00fcr\u00fclerini takip etti\u011fi M\u00d6 9000 civar\u0131na kadar uzan\u0131r. Binlerce y\u0131l boyunca, belirgin Ta\u015f Devri k\u00fclt\u00fcrleri ortaya \u00e7\u0131kt\u0131 ve kayboldu, seramikleri zaman\u0131n ge\u00e7i\u015fini i\u015faretledi. Bronz ve Demir \u00c7a\u011flar\u0131ndaki ticaret ve temas, Finlandiya&#039;y\u0131 Fennoskandinavya ve Balt\u0131k k\u0131y\u0131lar\u0131n\u0131n daha geni\u015f dokusuna i\u015fledi. 13. y\u00fczy\u0131l\u0131n sonlar\u0131ndaki Kuzey Ha\u00e7l\u0131 Seferleri ile Finlandiya, 19. y\u00fczy\u0131la kadar s\u00fcren bir ili\u015fki olan \u0130sve\u00e7 y\u00f6netimine girdi. 1808-1809 Finlandiya Sava\u015f\u0131 egemenli\u011fi Rusya&#039;ya devretti, ancak b\u00fcy\u00fck d\u00fckl\u00fck alt\u0131nda Finlandiya dilini ve sanatlar\u0131n\u0131 geli\u015ftirerek milliyet\u00e7ili\u011fin ilk k\u00f6zlerini k\u00f6r\u00fckledi. 1812&#039;de ba\u015fkent stat\u00fcs\u00fcne y\u00fckseltilen Helsinki, 1906&#039;da Avrupa&#039;n\u0131n ilk genel oy hakk\u0131yla doru\u011fa ula\u015fan medeni \u00f6zlemlerin merkezi haline geldi - kamu g\u00f6revi i\u00e7in aday olma hakk\u0131n\u0131 da i\u00e7eren benzeri g\u00f6r\u00fclmemi\u015f bir siyasi hak bah\u015fedildi.<\/p>\n<p>Ba\u011f\u0131ms\u0131zl\u0131k 1917&#039;deki \u00e7alkant\u0131lar\u0131n ortas\u0131nda geldi ve 1918&#039;deki k\u0131sa bir i\u00e7 sava\u015f cumhuriyetin gidi\u015fat\u0131n\u0131 do\u011frulad\u0131. Finlandiya, 20. y\u00fczy\u0131la geni\u015f bir s\u0131n\u0131rda k\u00fc\u00e7\u00fck bir devlet olarak girdi ve 1939-1940 K\u0131\u015f Sava\u015f\u0131&#039;nda ve tekrar Devam Sava\u015f\u0131 s\u0131ras\u0131nda Sovyetler Birli\u011fi ile kar\u015f\u0131 kar\u015f\u0131ya gelmesine ra\u011fmen demokrasisini korudu. Laponya&#039;da Alman kuvvetlerine kar\u015f\u0131 son bir \u00e7at\u0131\u015fma, Finlandiya&#039;n\u0131n tarafs\u0131zl\u0131\u011f\u0131n\u0131 ve do\u011fudaki toprak kay\u0131plar\u0131n\u0131 m\u00fch\u00fcrledi, ancak demokrasi ve ulusal uyum devam etti. Sava\u015f sonras\u0131 on y\u0131llarda, tar\u0131msal bir toplum h\u0131zla d\u00f6n\u00fc\u015ft\u00fc. 1950&#039;lere gelindi\u011finde, sanayile\u015fme ve \u0130skandinav refah modelinin benimsenmesi, ki\u015fi ba\u015f\u0131na d\u00fc\u015fen gelirin ve kapsaml\u0131 bir sosyal g\u00fcvenlik a\u011f\u0131n\u0131n y\u00fckselmesini destekledi. Bug\u00fcn, Finlandiya&#039;n\u0131n ekonomisi Avrupa Birli\u011fi&#039;nde, 1999&#039;dan beri Avro B\u00f6lgesi&#039;nde ve 2023&#039;ten beri NATO \u00fcyesi olarak, g\u00fc\u00e7l\u00fc e\u011fitim sonu\u00e7lar\u0131, medeni \u00f6zg\u00fcrl\u00fckler ve insan geli\u015fimi ile \u00f6ne \u00e7\u0131k\u0131yor.<\/p>\n<p>\u0130dari olarak cumhuriyet, belediye temsilcilerinden olu\u015fan konseyler taraf\u0131ndan y\u00f6netilen on dokuz b\u00f6lgeden olu\u015fmaktad\u0131r. Bu organlar planlama, i\u015fletme geli\u015ftirme ve e\u011fitimi koordine ederken, eyalet \u0130stihdam ve Ekonomik Kalk\u0131nma Merkezleri il d\u00fczeyinde i\u015fg\u00fcc\u00fc, tar\u0131m, bal\u0131k\u00e7\u0131l\u0131k ve ormanc\u0131l\u0131\u011f\u0131 denetler. Tarihi iller\u2014Tavastia, Karelia, Ostrobothnia ve Savonia\u2014yerel kimlikte varl\u0131\u011f\u0131n\u0131 s\u00fcrd\u00fcr\u00fcyor, ancak resmi b\u00f6l\u00fcnmeler art\u0131k pragmatik y\u00f6netim hatlar\u0131n\u0131 izliyor. Finlandiya&#039;n\u0131n ki\u015fi ba\u015f\u0131na d\u00fc\u015fen nominal GSY\u0130H&#039;si k\u00fcresel olarak \u00fcst kademelerde yer almaktad\u0131r; hizmetler \u00e7\u0131kt\u0131n\u0131n \u00fc\u00e7te ikisine, imalat ve rafineri \u00fc\u00e7te birinden biraz fazlas\u0131na ve birincil \u00fcretim y\u00fczde \u00fc\u00e7\u00fcn alt\u0131nda katk\u0131da bulunmaktad\u0131r. Elektronik, m\u00fchendislik metal \u00fcr\u00fcnleri, orman tabanl\u0131 end\u00fcstriler ve kimyasallar uzun zamand\u0131r ihracata dayal\u0131 b\u00fcy\u00fcmenin temelini olu\u015ftururken, inovasyon endeksleri Finlandiya&#039;y\u0131 s\u00fcrekli olarak d\u00fcnyan\u0131n ilk 10&#039;u aras\u0131na yerle\u015ftirmektedir.<\/p>\n<p>Do\u011fal kaynaklar merkezi olmaya devam ediyor. Ormanlar b\u00f6lgenin d\u00f6rtte \u00fc\u00e7\u00fcn\u00fc kapl\u0131yor, Avrupa&#039;n\u0131n en b\u00fcy\u00fck odun \u00fcretimini destekliyor ve hem yerel i\u015fletmelere hem de uluslararas\u0131 pazarlara ka\u011f\u0131t hamuru ve ka\u011f\u0131t fabrikalar\u0131 tedarik ediyor. Demir, krom, bak\u0131r, nikel ve alt\u0131n gibi mineraller, Avrupa&#039;n\u0131n en \u00f6nemli birincil alt\u0131n sahas\u0131 olan Kuzey Lapland&#039;\u0131n Kittil\u00e4 madeninin par\u0131ldayan sular\u0131 boyunca \u00e7\u0131kar\u0131l\u0131yor. Enlem ve toprakla s\u0131n\u0131rl\u0131 tar\u0131m, yaln\u0131zca en g\u00fcneydeki topraklar\u0131 etkiliyor; Fin \u00e7ift\u00e7iler, verimi korumak i\u00e7in \u00e7abuk olgunla\u015fan \u00e7e\u015fitler, g\u00fcneye bakan yama\u00e7lar ve titiz drenaj kullanarak k\u0131sa bir b\u00fcy\u00fcme mevsimiyle m\u00fccadele ediyor. Sonu\u00e7, bu t\u00fcr enlemlerde nadir g\u00f6r\u00fclen bir verimlilik seviyesi ve tah\u0131l yeti\u015ftiricili\u011finin yerini kuzeyde hayvanc\u0131l\u0131\u011fa b\u0131rakmas\u0131.<\/p>\n<p>Altyap\u0131 geni\u015f alanlar\u0131 bir araya getirir. Helsinki Havaalan\u0131 2023&#039;te on be\u015f milyondan fazla yolcuya hizmet verdi ve Finnair ve b\u00f6lgesel ta\u015f\u0131y\u0131c\u0131lar i\u00e7in bir merkez oldu. Devlet masraflar\u0131yla bak\u0131m\u0131 yap\u0131lan demir yolu hatlar\u0131, VR Group&#039;un yolcu ve y\u00fck hizmetlerini denetledi\u011fi Finlandiya Ana Hatt\u0131 boyunca sekiz y\u00fcz kilometreden fazla yol kat ediyor. Helsinki, 1982&#039;de a\u00e7\u0131lan d\u00fcnyan\u0131n en kuzeydeki metro a\u011f\u0131na sahiptir. Aralar\u0131nda Turku, Tampere ve Lahti otoyollar\u0131n\u0131n da bulundu\u011fu karayollar\u0131, esas olarak ara\u00e7 ve yak\u0131t vergileriyle finanse edilen i\u00e7 ula\u015f\u0131m\u0131n b\u00fcy\u00fck k\u0131sm\u0131n\u0131 ta\u015f\u0131r. Deniz yollar\u0131 bol miktarda bulunur: Vuosaari, Kotka, Hanko ve di\u011fer limanlar konteyner ve d\u00f6kme y\u00fck ta\u015f\u0131rken, feribotlar Tallinn, Mariehamn, Stockholm ve Travem\u00fcnde&#039;ye k\u0131sa mesafe seferleri d\u00fczenler ve Helsinki-Tallinn ge\u00e7i\u015fi d\u00fcnyan\u0131n en yo\u011fun yolcu rotalar\u0131 aras\u0131nda yer al\u0131r.<\/p>\n<p>Turizm milyarlarca avroluk bir end\u00fcstriye d\u00f6n\u00fc\u015ft\u00fc. Yerli ve yabanc\u0131 misafirler kutup olaylar\u0131 - aurora ve gece yar\u0131s\u0131 g\u00fcne\u015fi - k\u0131\u015f sporlar\u0131 ve Rovaniemi&#039;deki ayn\u0131 adl\u0131 k\u00f6y\u00fc y\u0131l boyunca ilgi \u00e7eken Noel Baba efsanesi i\u00e7in Lapland&#039;a ak\u0131n ediyor. Levi, Ruka ve Yll\u00e4s&#039;taki kayak merkezleri, gezginleri sadece onlarca y\u0131l \u00f6nce alt\u0131n arama alanlar\u0131 olarak hat\u0131rlanan yama\u00e7lara \u00e7ekiyor. G\u00fcney k\u0131y\u0131lar\u0131 boyunca, Koli, Nuuksio ve Archipelago Sea gibi milli parklar \u0131l\u0131man dinlenme yerleri sunuyor: y\u00fcr\u00fcy\u00fc\u015f, kano ve ku\u015f g\u00f6zlemcili\u011fi, daha az yayg\u0131n olan avc\u0131l\u0131k e\u011flencesiyle dengeleniyor. \u015eehirler kendi kalabal\u0131klar\u0131n\u0131 \u00e7ekiyor: Helsinki, katedrali ve ada kalesi Suomenlinna ile; Turku, orta\u00e7a\u011f kal\u0131nt\u0131lar\u0131 ve dini miras\u0131 ile; Rauma, UNESCO D\u00fcnya Miras\u0131 alan\u0131 olan ah\u015fap kasabas\u0131 ile; Savonlinna, g\u00f6l kenar\u0131 surlar\u0131 aras\u0131ndaki operas\u0131yla.<\/p>\n<p>Demografik olarak Finlandiya hem yo\u011funla\u015fm\u0131\u015f hem de da\u011f\u0131lm\u0131\u015ft\u0131r. G\u00fcney, d\u00f6rt vatanda\u015ftan \u00fc\u00e7\u00fcn\u00fc desteklerken, Helsinki metro alan\u0131 -Helsinki, Espoo ve Vantaa- bask\u0131nd\u0131r. Tampere, Turku, Oulu, Jyv\u00e4skyl\u00e4, Kuopio ve Lahti azalan s\u0131rayla takip eder. N\u00fcfus yo\u011funlu\u011fu Avrupa&#039;n\u0131n en d\u00fc\u015f\u00fckleri aras\u0131ndad\u0131r ve k\u0131rk d\u00f6rtl\u00fck bir ortalama ya\u015f, ya\u015flanan bir toplumun kan\u0131t\u0131d\u0131r. Kad\u0131n ba\u015f\u0131na 1,26 do\u011fumla do\u011furganl\u0131k, g\u00f6\u00e7 -\u00e7o\u011funlukla Rusya, Estonya, Irak, Somali, Ukrayna, \u00c7in ve Hindistan&#039;dan- yabanc\u0131 k\u00f6kenli sakinleri y\u00fczde on birin \u00fczerine \u00e7\u0131karsa bile, yenilemenin alt\u0131nda kalmaktad\u0131r. Yasal rejim jus sanguinis&#039;e uymaktad\u0131r, ancak eski Sovyet topraklar\u0131ndan gelen belirli etnik Finliler geri d\u00f6n\u00fc\u015f haklar\u0131n\u0131 korumaktad\u0131r.<\/p>\n<p>Finlandiya&#039;daki dil, katmanl\u0131 tarihini yans\u0131t\u0131r. Estonca ile ve uzaktan Macarca ile payla\u015f\u0131lan bir Ural dili olan Fince, y\u00fczde seksen d\u00f6rtten fazlas\u0131n\u0131n ana dilidir. Bir zamanlar y\u00f6netim dili olan \u0130sve\u00e7\u00e7e, \u00f6zellikle g\u00fcneybat\u0131 k\u0131y\u0131s\u0131nda ve yaln\u0131zca \u0130sve\u00e7\u00e7e ile y\u00f6netilen askerden ar\u0131nd\u0131r\u0131lm\u0131\u015f bir tak\u0131mada olan \u00c5land&#039;da, y\u00fczde be\u015f taraf\u0131ndan ortak resmi olarak konu\u015fulmaya devam ediyor ve yerel olarak konu\u015fuluyor. Romanca ve Tatarca k\u00fc\u00e7\u00fck topluluklar i\u00e7inde varl\u0131\u011f\u0131n\u0131 s\u00fcrd\u00fcr\u00fcrken, Fince ve Finlandiya-\u0130sve\u00e7 i\u015faret dilleri anayasal olarak tan\u0131n\u0131yor. Sami dilleri, yerli Sami halklar\u0131 aras\u0131nda Kuzey Kutup Dairesi&#039;nin \u00fczerinde varl\u0131\u011f\u0131n\u0131 s\u00fcrd\u00fcr\u00fcyor ve haklar\u0131 di\u011fer az\u0131nl\u0131klarla birlikte korunuyor.<\/p>\n<p>Din de evrim ge\u00e7irdi. Evanjelik Lutheran Kilisesi&#039;nin 3,5 milyon taraftar\u0131 var - n\u00fcfusun y\u00fczde altm\u0131\u015f ikisi - ancak pay\u0131 her y\u0131l azal\u0131yor. Finlerin d\u00f6rtte biri hi\u00e7bir ba\u011fl\u0131l\u0131k iddia etmiyor. Ortodoksluk k\u00fc\u00e7\u00fck bir dayanak noktas\u0131n\u0131 koruyor ve \u0130slam, Yahudilik ve Katoliklik gibi di\u011fer inan\u00e7lar toplu olarak y\u00fczde be\u015fin alt\u0131nda bir paya sahip. G\u00fcnl\u00fck ya\u015famda dini uygulamalar \u00f6l\u00e7\u00fcl\u00fcd\u00fcr, rit\u00fcelleri genellikle \u00f6zeldir.<\/p>\n<p>K\u00fclt\u00fcrel uygulamalar g\u00fcnl\u00fck rutinlerde geli\u015fir. Ad\u0131 kay\u0131tl\u0131 tarihten \u00f6ncesine dayanan buharla \u0131s\u0131t\u0131lan bir inziva yeri olan sauna, her eve ve apartman blo\u011funa aittir. Yaz ortas\u0131 ve Noel, ortak rit\u00fceller getirir: S\u0131cak ve so\u011fu\u011fun d\u00f6n\u00fc\u015f\u00fcml\u00fc oldu\u011fu, tevazu e\u015fiklerinin yumu\u015fad\u0131\u011f\u0131 ve sosyal r\u00fctbenin y\u00fckselen buharda eridi\u011fi yer. UNESCO, Fin sauna k\u00fclt\u00fcr\u00fcn\u00fc, ulusal duyarl\u0131l\u0131ktaki kal\u0131c\u0131 yerinin bir kan\u0131t\u0131 olarak, somut olmayan bir miras olarak kaydetmi\u015ftir.<\/p>\n<p>Mutfak, sade ve becerikli olan\u0131 dengeler. K\u00f6k sebzeler, arpa, yulaf ve her yerde bulunan patates ni\u015fasta taban\u0131n\u0131 olu\u015fturur; yabani meyveler (yaban mersini, k\u0131z\u0131lc\u0131k, bulut b\u00f6\u011f\u00fcrtleni) re\u00e7ellere ve tatl\u0131lara ek\u015filik katar. Bal\u0131k, \u00f6zellikle somon, t\u00fcts\u00fclenmi\u015f, k\u00f6rili veya tereya\u011fl\u0131 ha\u015flanm\u0131\u015f gibi g\u00f6r\u00fcn\u00fcrken, etler (d\u00fczenli ren geyi\u011fi veya domuz eti porsiyonlar\u0131) k\u0131\u015f ziyafetlerinin alt\u0131n\u0131 \u00e7izer. S\u00fct \u00fcr\u00fcnleri her zaman mevcut bir rol oynar: ayran \u00e7orbalar\u0131, ek\u015fi kremalar, k\u00fclt\u00fcrl\u00fc peynirler. Sadece birka\u00e7 kuzeyli akran\u0131ndan sonra ikinci s\u0131rada t\u00fcketilen kahve, g\u00fcn\u00fc vurgularken, ki\u015fi ba\u015f\u0131na y\u0131ll\u0131k y\u00fcz litreden fazla olan s\u00fct, \u0130skandinavlar\u0131n tazeli\u011fe olan d\u00fc\u015fk\u00fcnl\u00fc\u011f\u00fcn\u00fc vurgular.<\/p>\n<p>Sosyal etkile\u015fimde, Fin g\u00f6rg\u00fc kurallar\u0131 sessizli\u011fi ciddiyet, k\u0131sal\u0131\u011f\u0131 sayg\u0131 olarak de\u011ferlendirir. K\u00fc\u00e7\u00fck sohbetler yerini do\u011frudanl\u0131\u011fa b\u0131rak\u0131r; nezaket, ki\u015finin ne demek istedi\u011fini s\u00f6ylemesi, daha fazlas\u0131n\u0131 de\u011fil. Dakiklik \u00e7ok \u00f6nemlidir; on dakika sab\u0131rl\u0131 beklemeyi alg\u0131lanan nezaketsizlikten ay\u0131rabilir. Ayakkab\u0131lar kap\u0131 giri\u015flerinde nezaket gere\u011fi temiz, kuru zeminlere kayar. Giyim resmiyetten uzak kal\u0131r; i\u015f k\u0131yafetleri a\u015f\u0131r\u0131ya ka\u00e7madan uluslararas\u0131 normlara uygundur. Finler nezaketi \u00f6l\u00e7\u00fcl\u00fc ama i\u00e7ten g\u00f6sterir. Bir kez verilen bir iltifat, a\u011f\u0131rl\u0131k ta\u015f\u0131r; bir kez sunulan bir \u00f6z\u00fcr, d\u00fczeni yeniden sa\u011flar.<\/p>\n<p>Finlandiya bug\u00fcn ham co\u011frafyas\u0131n\u0131 ve karma\u015f\u0131k tarihini kullanarak hem m\u00fcreffeh hem de adil bir toplum olu\u015fturan bir ulus olarak ayakta duruyor. \u00c7am a\u011fa\u00e7lar\u0131yla \u00e7evrili g\u00f6llerin sessiz eri\u015fiminden havaalanlar\u0131n\u0131n ve teknoloji parklar\u0131n\u0131n u\u011fultusuna, kuzey \u0131\u015f\u0131klar\u0131n\u0131n ciddi titreyi\u015finden saunan\u0131n samimi rit\u00fceline kadar Finlandiya tefekk\u00fcre davet ediyor. Sadeli\u011fin derinli\u011fi ortaya \u00e7\u0131kard\u0131\u011f\u0131, toplumun sert g\u00f6ky\u00fcz\u00fcn\u00fcn alt\u0131nda \u00e7i\u00e7ek a\u00e7t\u0131\u011f\u0131 ve her mevsimin durgun sular\u0131n y\u00fczeyinde kendi \u00f6yk\u00fcs\u00fcn\u00fc yazd\u0131\u011f\u0131 bir yer. Bu kuzey cumhuriyetinin devam eden hikayesinde, toprak, k\u00fclt\u00fcr ve vicdan\u0131n etkile\u015fimi hem motif hem de anlam olarak kal\u0131yor ve ayn\u0131 anda hem sakl\u0131 hem de unutulmaz bir \u015fekilde canl\u0131 olan bir topraklarda dikkatli, g\u00f6zlemci bir yolculu\u011fa te\u015fvik ediyor.<\/p>","protected":false},"excerpt":{"rendered":"<p>Finlandiya, resmen Finlandiya Cumhuriyeti olarak bilinir, Kuzey Avrupa&#039;da bulunan ve 5,6 milyondan fazla n\u00fcfusa sahip bir \u0130skandinav \u00fclkesidir. \u0130skandinavya ve Do\u011fu Avrupa&#039;n\u0131n kesi\u015fti\u011fi noktada bulunan Finlandiya, tarihini, toplumunu ve uluslararas\u0131 stat\u00fcs\u00fcn\u00fc etkileyen belirgin bir co\u011frafi ve k\u00fclt\u00fcrel konuma sahiptir. Ormanlar, g\u00f6ller ve kuzey \u0131\u015f\u0131klar\u0131yla karakterize edilen bu \u00fclke, 338.145 kilometrekarelik bir alan\u0131 kaplar ve bu da onu Avrupa&#039;n\u0131n kara alan\u0131 bak\u0131m\u0131ndan sekizinci b\u00fcy\u00fck \u00fclkesi yapar. \u00dclkenin kuzeybat\u0131da \u0130sve\u00e7, kuzeyde Norve\u00e7 ve do\u011fuda Rusya&#039;n\u0131n yan\u0131nda bulunan stratejik konumu, tarihi evriminde ve g\u00fcncel jeopolitik \u00f6neminde \u00f6nemli bir rol oynam\u0131\u015ft\u0131r.<\/p>","protected":false},"author":1,"featured_media":3952,"parent":24078,"menu_order":0,"comment_status":"closed","ping_status":"closed","template":"elementor_theme","meta":{"_eb_attr":"","footnotes":""},"class_list":["post-13916","page","type-page","status-publish","has-post-thumbnail"],"_links":{"self":[{"href":"https:\/\/travelshelper.com\/tr\/wp-json\/wp\/v2\/pages\/13916","targetHints":{"allow":["GET"]}}],"collection":[{"href":"https:\/\/travelshelper.com\/tr\/wp-json\/wp\/v2\/pages"}],"about":[{"href":"https:\/\/travelshelper.com\/tr\/wp-json\/wp\/v2\/types\/page"}],"author":[{"embeddable":true,"href":"https:\/\/travelshelper.com\/tr\/wp-json\/wp\/v2\/users\/1"}],"replies":[{"embeddable":true,"href":"https:\/\/travelshelper.com\/tr\/wp-json\/wp\/v2\/comments?post=13916"}],"version-history":[{"count":0,"href":"https:\/\/travelshelper.com\/tr\/wp-json\/wp\/v2\/pages\/13916\/revisions"}],"up":[{"embeddable":true,"href":"https:\/\/travelshelper.com\/tr\/wp-json\/wp\/v2\/pages\/24078"}],"wp:featuredmedia":[{"embeddable":true,"href":"https:\/\/travelshelper.com\/tr\/wp-json\/wp\/v2\/media\/3952"}],"wp:attachment":[{"href":"https:\/\/travelshelper.com\/tr\/wp-json\/wp\/v2\/media?parent=13916"}],"curies":[{"name":"wp","href":"https:\/\/api.w.org\/{rel}","templated":true}]}}