{"id":13904,"date":"2024-09-18T13:30:03","date_gmt":"2024-09-18T13:30:03","guid":{"rendered":"https:\/\/travelshelper.com\/staging\/?page_id=13904"},"modified":"2026-03-12T00:15:30","modified_gmt":"2026-03-12T00:15:30","slug":"batumi","status":"publish","type":"page","link":"https:\/\/travelshelper.com\/tr\/destinations\/europe\/georgia\/batumi\/","title":{"rendered":"Batumi"},"content":{"rendered":"<p>Batum, G\u00fcrcistan&#039;\u0131n ikinci b\u00fcy\u00fck \u015fehri ve \u00d6zerk Acara Cumhuriyeti&#039;nin idari merkezi, Karadeniz k\u0131y\u0131s\u0131nda Kafkas Da\u011flar\u0131&#039;n\u0131n eteklerinde y\u00fckselir. 2014 itibar\u0131yla yakla\u015f\u0131k 153.000 n\u00fcfusa ev sahipli\u011fi yapan \u015fehir, T\u00fcrkiye s\u0131n\u0131r\u0131n\u0131n sadece yirmi kilometre kuzeyindeki ince bir k\u0131y\u0131 ovas\u0131n\u0131 kaplar ve hem subtropikal nem hem de modern bir liman kentinin huzursuz enerjisiyle dolu bir alan\u0131 kaplar. On dokuzuncu y\u00fczy\u0131l\u0131n sonlar\u0131nda 5.000&#039;den az insan\u0131n ya\u015fad\u0131\u011f\u0131 m\u00fctevaz\u0131 bir liman kenti olan Batum, turizmin, deniz ticaretinin, tersane end\u00fcstrilerinin, g\u0131da i\u015fleme, hafif \u00fcretim ve geli\u015fen bir e\u011flence ekonomisinin bir arada var oldu\u011fu \u00e7ok y\u00f6nl\u00fc bir merkez haline geldi. 2010&#039;dan bu yana, par\u0131ldayan g\u00f6kdelenler ve Eski Kent&#039;teki on dokuzuncu y\u00fczy\u0131l cephelerinin dikkatli bir \u015fekilde restore edilmesiyle i\u015faretlenen d\u00f6n\u00fc\u015f\u00fcm\u00fc, hem \u015fehrin sil\u00fcetini hem de kolektif kimli\u011fini y\u00f6nlendiren bir miras ve yenilik sentezini vurgular.<\/p>\n<p>\u0130klim Batum&#039;a kal\u0131c\u0131 bir ye\u015fil renk bah\u015feder. G\u00fcrcistan&#039;\u0131n ve hatta t\u00fcm Kafkasya b\u00f6lgesinin en ya\u011f\u0131\u015fl\u0131 \u015fehri olan Batum, y\u0131ll\u0131k yakla\u015f\u0131k 2.435 milimetre ya\u011f\u0131\u015f kaydeder. Bulutlu g\u00f6ky\u00fcz\u00fc, yak\u0131ndaki tepelerden gelen orografik y\u00fckselmenin etkisi alt\u0131nda y\u0131l\u0131n b\u00fcy\u00fck b\u00f6l\u00fcm\u00fcnde ya\u011f\u0131\u015f sa\u011flarken, Karadeniz&#039;den gelen k\u0131y\u0131 esintileri a\u015f\u0131r\u0131 s\u0131cakl\u0131klar\u0131 dengeler. Ortalama y\u0131ll\u0131k s\u0131cakl\u0131k \u00f6l\u00e7\u00fcs\u00fc yakla\u015f\u0131k on d\u00f6rt santigrat derecedir, Ocak ay\u0131ndaki d\u00fc\u015f\u00fckler be\u015f dereceye yak\u0131n bir de\u011fere d\u00fc\u015fer ve A\u011fustos ay\u0131ndaki zirveler yirmi iki derece civar\u0131nda seyreder. Zaman zaman don -6 \u00b0C&#039;ye kadar d\u00fc\u015febilir ve nadir g\u00f6r\u00fclen s\u0131cak hava dalgalar\u0131 c\u0131vay\u0131 40 \u00b0C&#039;ye kadar itebilir, ancak \u015fehir her y\u0131l yakla\u015f\u0131k 1.958 saat g\u00fcne\u015f \u0131\u015f\u0131\u011f\u0131n\u0131n tad\u0131n\u0131 \u00e7\u0131kar\u0131r. K\u0131\u015f\u0131n bile kar ya\u011f\u0131\u015f\u0131 \u00e7ok az birikir -otuz santimetreden fazla \u00f6rt\u00fc nadirdir- ve y\u0131lda ortalama on iki g\u00fcn ge\u00e7ici bir beyaz \u00f6rt\u00fc ta\u015f\u0131r. Nispi nem genellikle y\u00fczde yetmi\u015f ila seksen aras\u0131nda de\u011fi\u015fir ve Batum&#039;un \u00fcnl\u00fc yemye\u015fil bah\u00e7eleri ve a\u011fa\u00e7l\u0131kl\u0131 bulvarlar\u0131n\u0131n varl\u0131\u011f\u0131n\u0131 s\u00fcrd\u00fcrmesini sa\u011flayan nemli bir kucaklamada kara ve denizi birbirine ba\u011flar.<\/p>\n<p>Batum&#039;un demografik dokusu zamanla \u00f6nemli \u00f6l\u00e7\u00fcde de\u011fi\u015fti. 1872&#039;de, 4.970 sakini \u00e7o\u011funlukla M\u00fcsl\u00fcman Acaral\u0131lar, T\u00fcrkler, \u00c7erkezler ve Abhazlardan olu\u015fuyordu ve say\u0131lar\u0131 yakla\u015f\u0131k 4.500&#039;d\u00fc. Ancak 1897 n\u00fcfus say\u0131m\u0131na g\u00f6re, b\u00fcy\u00fcyen bir Ortodoks Hristiyan toplulu\u011fu (\u00e7o\u011funlukla Slav) 15.495&#039;e ula\u015f\u0131rken, M\u00fcsl\u00fcmanlar 3.100&#039;\u00fcn biraz \u00fczerindeydi. G\u00fcn\u00fcm\u00fcz n\u00fcfusu a\u011f\u0131rl\u0131kl\u0131 olarak G\u00fcrc\u00fc Ortodoks&#039;tur ve Do\u011fu Ortodoks taraftarlar\u0131 vatanda\u015flar\u0131n yakla\u015f\u0131k &#039;unu ve \u00f6nemli bir M\u00fcsl\u00fcman az\u0131nl\u0131\u011f\u0131 yakla\u015f\u0131k &#039;ini olu\u015fturmaktad\u0131r. K\u00fc\u00e7\u00fck Katolik, Ermeni Apostolik, Yehova \u015eahidi, Yedinci G\u00fcn Adventist ve Yahudi topluluklar\u0131 Batum&#039;un dini mozai\u011fine katk\u0131da bulunur, ibadet yerleri (katedraller, kiliseler, bir cami ve bir sinagog) \u015fehrin sokak manzaralar\u0131na serpi\u015ftirilmi\u015ftir.<\/p>\n<p>Ula\u015f\u0131m a\u011flar\u0131, Batum&#039;un i\u00e7inde ve d\u0131\u015f\u0131nda hem sakinlere hem de ziyaret\u00e7ilere kolay eri\u015fim sa\u011flar. \u015eehir, birka\u00e7 Karadeniz feribot rotas\u0131n\u0131n g\u00fcney ucunda yer al\u0131r ve G\u00fcrcistan&#039;\u0131n \u00fc\u00e7 uluslararas\u0131 havaliman\u0131ndan birine ev sahipli\u011fi yapar. Modern elektrikli otob\u00fcsler \u00e7o\u011fu kentsel ana arteri ge\u00e7er, \u00fccretler BATUMICARD transit kart\u0131 veya banka kartlar\u0131yla \u00f6denirken, minib\u00fcs ve taksilerden olu\u015fan bir filo kalan bo\u015fluklar\u0131 doldurur. Daha cesur olanlar i\u00e7in, halka a\u00e7\u0131k bir bisiklet payla\u015f\u0131m sistemi olan BatumVelo, ayn\u0131 ak\u0131ll\u0131 kart teknolojisiyle etkinle\u015ftirilen sokak b\u00fcfeleri arac\u0131l\u0131\u011f\u0131yla iki tekerlekli hareketlilik sa\u011flar. Yak\u0131ndaki ete\u011fe \u00e7\u0131kan bir teleferik, yolcular\u0131 panoramik manzaralara ve bir tepe restoran\u0131na g\u00f6t\u00fcr\u00fcr; k\u0131y\u0131da, ufuk \u00e7izgisine kar\u015f\u0131 d\u00f6nen panoramik bir tekerlek, on lari kar\u015f\u0131l\u0131\u011f\u0131nda yedi dakikal\u0131k turlar sunar. Her ikisi de Batum&#039;un altyap\u0131s\u0131n\u0131n g\u00fcnl\u00fck fayday\u0131 e\u011flence odakl\u0131 g\u00f6steriyle i\u00e7 i\u00e7e ge\u00e7irdi\u011fini hat\u0131rlat\u0131r.<\/p>\n<p>\u015eehrin sahil bulvar\u0131, kum ve bulvar aras\u0131nda birka\u00e7 kilometre uzan\u0131yor ve yayalara kilometrelerce plaj, hafif\u00e7e dalgalanan bir liman ve \u015fehrin Osmanl\u0131 d\u00f6neminden kalma saat kulesinin yan\u0131ndan rehberlik ediyor. G\u00fcnd\u00fczleri aileler ve uzanm\u0131\u015f g\u00fcne\u015flenenler kumlar\u0131 s\u00fcsl\u00fcyor, gecenin ard\u0131ndan ayn\u0131 alan \u00e7iftler, bar m\u00fcdavimleri ve Batum&#039;un gece nabz\u0131n\u0131 ke\u015ffetmeye niyetli olanlar i\u00e7in g\u00f6zde bir mekan haline geliyor. S\u00f6zde &#034;Karadeniz&#039;in Las Vegas&#039;\u0131&#034; lakab\u0131, yaln\u0131zca yirmi bir ya\u015f s\u0131n\u0131r\u0131 koyan \u00e7ok say\u0131da kumarhaneye de\u011fil, ayn\u0131 zamanda merkezi sokaklar\u0131 kaplayan y\u00fcksek bahisli masalar\u0131n ve slot makinelerinin par\u0131ldayan cephelerine de g\u00f6nderme yap\u0131yor.<\/p>\n<p>Ancak \u015fehrin ilgi \u00e7ekici yerleri oyun salonlar\u0131n\u0131n \u00e7ok \u00f6tesine uzan\u0131yor. Su jetlerinin orkestra e\u015fli\u011finde yaylar ve p\u00fcsk\u00fcrmeler koreografisi yapt\u0131\u011f\u0131 m\u00fczik \u00e7e\u015fmesinde her gece bir g\u00f6steri ortaya \u00e7\u0131k\u0131yor. Planlanm\u0131\u015f bir saatlik g\u00f6sterilerde \u00e7e\u015fmeler klasik ve modern melodilerle dans ediyor, \u0131\u015f\u0131klar\u0131 yakla\u015fan alacakaranl\u0131kta parl\u0131yor. Biti\u015fikteki yunus akvaryumundaki yunuslar planlanm\u0131\u015f su g\u00f6sterileri ger\u00e7ekle\u015ftiriyor, s\u0131\u00e7ramalar\u0131 ve d\u00fcd\u00fckleri 16:00, 19:00 ve 21:00&#039;de zamanlan\u0131yor; biletler yirmi ila yirmi be\u015f lari aras\u0131nda de\u011fi\u015fiyor. Deniz kenar\u0131ndaki bir u\u00e7urumun \u00fczerine kurulmu\u015f Batum Botanik Bah\u00e7esi, geni\u015f teraslarda subtropikal bitki \u00f6rt\u00fcs\u00fcne ev sahipli\u011fi yap\u0131yor; ziyaret\u00e7iler her g\u00fcn sabah sekizden ak\u015fam dokuza kadar, serin sislerde geli\u015fen hem yerli hem de egzotik \u00f6rneklerle kar\u015f\u0131la\u015farak, yirmi larilik bir \u00fccret kar\u015f\u0131l\u0131\u011f\u0131nda g\u00f6lgeli yollarda dola\u015fabiliyor.<\/p>\n<p>\u015eehrin kalbinde, Medea heykeli efsanevi Alt\u0131n Post&#039;u kucakl\u0131yor, bu \u00e7a\u011fda\u015f amblem Jason ve Argonauts&#039;un Kolhis&#039;teki yolculu\u011funu hat\u0131rlat\u0131yor. Bronz konturlar\u0131 \u0130ran ve Azerbaycan konsolosluklar\u0131n\u0131n yak\u0131n\u0131nda duruyor ve b\u00f6lgenin katmanl\u0131 tarihine tan\u0131kl\u0131k ediyor. Yak\u0131nlarda, G\u00fcrc\u00fc Ortodoks himayesinde kutsanm\u0131\u015f Tanr\u0131&#039;n\u0131n Annesi Katedrali ve Kutsal Ruh Roma Katolik Kilisesi, k\u0131y\u0131 \u015fehrinin \u015fenlik \u00fcn\u00fcn\u00fc yalanlayan cemaatlere hizmet ediyor. Kar\u015f\u0131lar\u0131nda, 1866&#039;dan kalma Eski Cami, boyal\u0131 kubbesi k\u0131y\u0131 \u015feridinden g\u00f6r\u00fclebiliyor ve k\u00fc\u00e7\u00fck ama aktif bir sinagog Batum&#039;un Yahudi cemaatinin \u00e7a\u011fr\u0131lar\u0131na cevap veriyor.<\/p>\n<p>K\u00fclt\u00fcrel kurumlar \u015fehrin ruhuna daha fazla pencere sunar. Ilia Chavchavadze Caddesi&#039;ndeki sade bir Arkeoloji M\u00fczesi, yerel eserleri -bronz kaplar, Roma sikkeleri, klasik vazolar- lo\u015f \u0131\u015f\u0131k alt\u0131nda sergiler ve personeli G\u00fcrc\u00fcce, Rus\u00e7a ve \u0130ngilizce&#039;yi ak\u0131c\u0131 bir \u015fekilde konu\u015fur. Gorgiladze Caddesi&#039;nin kar\u015f\u0131s\u0131ndaki Acara Sanat M\u00fczesi, G\u00fcrc\u00fc ve yabanc\u0131 resimler, heykeller ve dekoratif eserler sergiler. End\u00fcstriyel mirasa merakl\u0131 olanlar i\u00e7in Nobel Karde\u015fler Batum Teknoloji M\u00fczesi, Nobel, Rothschild ve Mantashev ailelerinin 19. y\u00fczy\u0131l\u0131n sonu ve 20. y\u00fczy\u0131l\u0131n ba\u015f\u0131ndaki miraslar\u0131n\u0131 anlat\u0131r; erken d\u00f6nem petrol \u00e7\u0131karma makineleri ve patentli modellerin sergilenmesini bekleyin. Daha az bilinen bir m\u00fccevher olan Khariton Akhvlediani M\u00fczesi, M\u00d6 11. y\u00fczy\u0131la kadar uzanan eserleri korur ve m\u00fctevaz\u0131 salonlar\u0131 G\u00fcrcistan&#039;\u0131n tarih \u00f6ncesi ge\u00e7mi\u015fine dair ipu\u00e7lar\u0131 sunar.<\/p>\n<p>\u015eehrin s\u0131n\u0131rlar\u0131n\u0131n \u00f6tesinde, g\u00fcn\u00fcbirlik gezi f\u0131rsatlar\u0131 a\u011f\u0131 Acara&#039;n\u0131n i\u00e7 kesimlerine kadar uzan\u0131yor. Keda&#039;ya bir otob\u00fcs yolculu\u011fu ve k\u0131sa bir y\u00fcr\u00fcy\u00fc\u015f, akan \u015felalelerin \u00fczerinde bir ye\u015fim nehrinin \u00fczerinden ge\u00e7en ta\u015f bir kemer olan Makhuntseti K\u00f6pr\u00fcs\u00fc&#039;n\u00fc ortaya \u00e7\u0131kar\u0131yor. Yerliler yaz g\u00fcnlerinde y\u00fcksekli\u011finden atlarken, daha dikkatli ziyaret\u00e7iler \u015felalenin arkas\u0131ndan y\u00fckselen ve ormanl\u0131k yama\u00e7lardan geri d\u00f6nen d\u00f6rt ila alt\u0131 saatlik bir da\u011f turunu takip ediyor. Ayn\u0131 \u015fekilde \u00e7a\u011fr\u0131\u015f\u0131m yapanlar aras\u0131nda, Tsikhisdziti yak\u0131nlar\u0131ndaki k\u0131y\u0131 \u015feridinin kenar\u0131nda bulunan bir Roma-Bizans kalesi olan Gonio Kalesi&#039;nin kal\u0131nt\u0131lar\u0131 da var; Tiflis Meydan\u0131&#039;ndan otob\u00fcsle seyahat eden ziyaret\u00e7iler, y\u0131pranm\u0131\u015f surlar\u0131na b\u0131rak\u0131l\u0131yor; m\u00fctevaz\u0131 bir giri\u015f \u00fccreti kar\u015f\u0131l\u0131\u011f\u0131nda, siperleri takip edebilir ve Karadeniz ufkuna bakabilirsiniz. \u0130\u00e7eride birka\u00e7 kilometre uzakl\u0131kta bulunan erken orta\u00e7a\u011f kompleksi olan Petra Kalesi, y\u0131k\u0131lm\u0131\u015f duvarlar\u0131 ve zeytinlikleri ke\u015ffetmeye davet ediyor. Kuzeydeki Chakvistavi Milli Park\u0131, subtropikal, \u0131l\u0131man ve alpin b\u00f6lgelerden y\u00fcksek irtifa patikalar\u0131 a\u00e7ar, i\u015faretli rotas\u0131 kaynaklar ve kamp alanlar\u0131, kal\u0131nt\u0131 kul\u00fcbeler ve endemik yaban hayat\u0131n\u0131n g\u00f6r\u00fcnt\u00fclerini sunar. Yerel olarak Two Mountains Trail olarak bilinen tamamlay\u0131c\u0131 patikalar, iyi haz\u0131rlanm\u0131\u015f y\u00fcr\u00fcy\u00fc\u015f\u00e7\u00fcler i\u00e7in koordinatlar\u0131 \u00e7evrimi\u00e7i olarak mevcut olan, ana yollardan uzak s\u0131rtlar\u0131 ge\u00e7er.<\/p>\n<p>Batum&#039;daki hayat pazarlar\u0131nda da nab\u0131z at\u0131yor. Chavchavadze Caddesi boyunca uzanan a\u00e7\u0131k hava alan\u0131, ya\u011fmur ya\u011fd\u0131\u011f\u0131nda sat\u0131c\u0131lar\u0131n \u015femsiyelerin alt\u0131na \u00fcr\u00fcnlerini koydu\u011fu sebzeler, tah\u0131llar ve \u00e7e\u015fitli e\u015fyalarla dolu. \u015eehrin d\u00f6rt bir yan\u0131ndaki mahallelerde, genellikle biraz daha y\u00fcksek maliyetle b\u00f6lgesel spesiyaliteler sunan kapal\u0131 alternatifler var. S\u00fcpermarketler\u2014merkezi caddedeki Goodwill, Black Sea Mall&#039;daki Carrefour, Lech ve Maria Kaczynski Caddesi&#039;ndeki Metro City Forum ve yerli Nikora zinciri\u2014uluslararas\u0131 ticarete i\u015faret ediyor: Almanya&#039;dan \u015fi\u015felenmi\u015f \u00fcr\u00fcnler yerel peynirlerin yan\u0131nda yer al\u0131yor ve paketlenmi\u015f ithalatlar geleneksel temel g\u0131dalara e\u015flik ediyor.<\/p>\n<p>Eski ve yeninin bu birle\u015fimi Batum&#039;un gastronomi manzaras\u0131na kadar uzan\u0131yor. B\u00f6lgenin a\u00e7\u0131k bir tekne \u015feklinde ve yumurta sar\u0131s\u0131yla ta\u00e7land\u0131r\u0131lm\u0131\u015f sembolik peynir dolgulu ekme\u011fi olan Acara ha\u00e7apuri, neredeyse her f\u0131r\u0131n ve kafede kar\u015f\u0131m\u0131za \u00e7\u0131k\u0131yor. B\u00f6brek fasulyesi p\u00fcresiyle doldurulmu\u015f hamur i\u015fi olan Lobiani, vegan bir alternatif sunuyor; zar zor bir lari&#039;nin biraz \u00fczerinde fiyata sat\u0131lan, gevrek kabuklu \u00fc\u00e7gen versiyonlar\u0131, b\u00fcy\u00fck kav\u015faklardaki gizli f\u0131r\u0131nlardan \u00e7\u0131k\u0131yor. Daha s\u00fcr\u00fckleyici bir mutfak kar\u015f\u0131la\u015fmas\u0131 i\u00e7in, iskelelerin yan\u0131ndaki bal\u0131k pazar\u0131, kilogram\u0131 yirmi ila otuz lari&#039;ye taze av sa\u011fl\u0131yor; m\u00fc\u015fteriler, hem otantikli\u011fi hem de ekonomikli\u011fi garanti eden k\u00fc\u00e7\u00fck bir \u00fccret kar\u015f\u0131l\u0131\u011f\u0131nda yerinde haz\u0131rlanmas\u0131n\u0131 ayarlayabilir.<\/p>\n<p>E\u011flence se\u00e7enekleri mutfak aktivitelerinin i\u00e7inde ve \u00f6tesinde bol miktarda bulunur. Bulvar boyunca, tekne turlar\u0131 ve yat kiralamalar\u0131 panoramik d\u00fcmenin yak\u0131n\u0131nda hareket eder ve yolcular\u0131 on be\u015f lari ve \u00fczeri kar\u015f\u0131l\u0131\u011f\u0131nda k\u00f6rfez boyunca y\u00f6nlendirir. Aileler Nurigeli G\u00f6l\u00fc etraf\u0131ndaki 6 May Park&#039;ta toplan\u0131r, ancak g\u00f6zlemciler k\u00fc\u00e7\u00fck hayvanat bah\u00e7esi muhafazas\u0131n\u0131n genellikle modern standartlar\u0131n alt\u0131nda kald\u0131\u011f\u0131n\u0131 belirtir. Spor hayat\u0131, Adjarabet Arena&#039;s\u0131n\u0131n lig ma\u00e7lar\u0131 ve yerel etkinlikler i\u00e7in yirmi bin seyirciyi a\u011f\u0131rlad\u0131\u011f\u0131 FC Dinamo Batumi etraf\u0131nda birle\u015fir. \u015eehir, her Temmuz ay\u0131nda uluslararas\u0131 ve G\u00fcrc\u00fc m\u00fczisyenlerin d\u00f6rt g\u00fcnl\u00fck a\u00e7\u0131k hava konserleri i\u00e7in bir araya geldi\u011fi y\u0131ll\u0131k bir caz festivaline ev sahipli\u011fi yapar.<\/p>\n<p>Su rekreasyonu, Khimshiashvili b\u00f6lgesindeki bir su park\u0131 ve Batumi Plaza Hotel&#039;deki olimpik havuz taraf\u0131ndan kolayla\u015ft\u0131r\u0131l\u0131r; ikisi de yaz s\u0131ca\u011f\u0131ndan ka\u00e7ma olana\u011f\u0131 sunar. Tiyatrolar (aralar\u0131nda Rustaveli Caddesi&#039;ndeki Batum Drama Tiyatrosu ve Abashidze Caddesi&#039;ndeki Kukla ve Gen\u00e7lik Devlet Tiyatrosu da vard\u0131r) G\u00fcrc\u00fc klasiklerini \u00e7a\u011fda\u015f eserlerle harmanlayan performans programlar\u0131n\u0131 s\u00fcrd\u00fcr\u00fcr. Uluslararas\u0131 DJ&#039;ler sahil platformlar\u0131nda \u00e7ald\u0131\u011f\u0131nda gece hayat\u0131 daha da ivme kazan\u0131r ve Ruslar, Ermeniler, Azeriler, \u0130ranl\u0131lar, T\u00fcrkler, Hollandal\u0131lar, Almanlar ve ev sahibi \u00fclke G\u00fcrc\u00fclerinden olu\u015fan k\u00fclt\u00fcrleraras\u0131 bir izleyici kitlesi \u00e7eker.<\/p>\n<p>Batum liman\u0131 sadece bal\u0131k\u00e7\u0131 filolar\u0131na ve e\u011flence teknelerine hizmet vermekle kalm\u0131yor, ayn\u0131 zamanda \u015fehri Azerbaycan ve Hazar Denizi \u00fczerinden do\u011fu y\u00fck koridorlar\u0131na ve feribotla Karadeniz \u00fczerinden Ukrayna&#039;ya ve Avrupa pazarlar\u0131na ba\u011flayan \u00c7in&#039;in \u00f6ng\u00f6rd\u00fc\u011f\u00fc Avrasya Kara K\u00f6pr\u00fcs\u00fc&#039;nde de \u00f6nemli bir rol oynuyor. Bu stratejik boyut, tarihi miraslar\u0131n ve k\u00fcresel hedeflerin dar bir k\u0131y\u0131 \u015feridinde bir arada bulundu\u011fu bir \u015fehir olan Batum&#039;un ticaret ve k\u00fclt\u00fcr\u00fcn kav\u015fa\u011f\u0131nda yer ald\u0131\u011f\u0131n\u0131 vurguluyor.<\/p>\n<p>\u015eenlikli \u00fcn\u00fcne ra\u011fmen Batum nispeten g\u00fcvenli kalmaya devam ediyor. Trafik, daha b\u00fcy\u00fck ba\u015fkentlere al\u0131\u015fk\u0131n olanlara yabanc\u0131 bir k\u0131s\u0131tlamayla ak\u0131yor, kolluk kuvvetleri ise ziyaret\u00e7ilerin istikrarl\u0131 ak\u0131\u015f\u0131na uyum sa\u011flayarak g\u00f6r\u00fcn\u00fcr bir varl\u0131k s\u00fcrd\u00fcr\u00fcyor. Genellikle \u00e7ok k\u00fc\u00e7\u00fck \u00e7ocuklarla birlikte sokak dilencileri, Batum Meydan\u0131&#039;n\u0131n hemen g\u00fcneyinde k\u00fcmeler halinde yakla\u015fabiliyor ve yankesicilik konusunda dikkatli olmay\u0131 gerektiriyor. Ancak b\u00f6yle bir dikkat, \u015fehrin cazibesini nadiren azalt\u0131yor, \u00e7\u00fcnk\u00fc Batum hem merak\u0131 hem de dikkatli g\u00f6zlemi \u00f6d\u00fcllendiriyor: subtropikal sa\u011fanak ya\u011fmurlar\u0131n gizli bah\u00e7eleri uyand\u0131rd\u0131\u011f\u0131, sinagoglar\u0131n, camilerin ve kiliselerin ba\u011f\u0131rma mesafesinde oldu\u011fu ve modern g\u00f6kdelenlerin gelgitlerinin kenarlarda \u00e7ekilerek kale kal\u0131nt\u0131lar\u0131n\u0131, orman patikalar\u0131n\u0131 ve Karadeniz dalgalar\u0131n\u0131n bitmek bilmeyen sarmal\u0131n\u0131 ortaya \u00e7\u0131kard\u0131\u011f\u0131 bir yer.<\/p>\n<p>\u00d6zetle, Batum z\u0131tl\u0131klar ve s\u00fcrekliliklerin \u015fehri olarak ortaya \u00e7\u0131k\u0131yor; deniz ve da\u011f, antikite ve avangard, gelenek ve d\u00f6n\u00fc\u015f\u00fcm aras\u0131nda bir aray\u00fcz. Mekanlar\u0131, gezgini \u0131slak kald\u0131r\u0131mda \u0131\u015f\u0131\u011f\u0131n etkile\u015fimini g\u00f6zlemlemeye, yumurta sar\u0131s\u0131yla eritilmi\u015f ve y\u00fczy\u0131llard\u0131r s\u00fcregelen geleneklerle \u015fekillendirilmi\u015f peynirleri tatmaya ve botanik teraslar ve orta\u00e7a\u011f siperleri aras\u0131nda rotalar \u00e7izmeye davet ediyor. Batum, hem karakterini hem de vaadini, form\u00fcle edilmi\u015f rehber kitaplar\u0131ndan uzak, bu katmanl\u0131 deneyimlerde ortaya koyuyor.<\/p>","protected":false},"excerpt":{"rendered":"<p>G\u00fcrcistan&#039;\u0131n ikinci b\u00fcy\u00fck \u015fehri olan Batum, Karadeniz&#039;in do\u011fu k\u0131y\u0131lar\u0131nda yer alan dinamik bir k\u0131y\u0131 metropol\u00fcd\u00fcr. 169.000&#039;den fazla n\u00fcfusa sahip olan \u015fehir, T\u00fcrkiye s\u0131n\u0131r\u0131n\u0131n 20 kilometre kuzeyinde bulunan Acara \u00d6zerk Cumhuriyeti&#039;nin ba\u015fkenti olarak i\u015flev g\u00f6rmektedir. Heybetli Kafkas Da\u011flar\u0131&#039;n\u0131n ete\u011finde bulunan bu subtropikal yer, kapsaml\u0131 tarihi miras\u0131n\u0131 \u00e7a\u011fda\u015f geli\u015fmelerle birle\u015ftirerek hem ziyaret\u00e7ileri hem de sakinleri b\u00fcy\u00fcleyen \u00f6zg\u00fcn bir metropol ortam\u0131 sa\u011flayan \u00f6nemli bir ekonomik ve k\u00fclt\u00fcrel merkez haline gelmi\u015ftir.<\/p>","protected":false},"author":1,"featured_media":2853,"parent":13876,"menu_order":0,"comment_status":"closed","ping_status":"closed","template":"elementor_theme","meta":{"_eb_attr":"","footnotes":""},"class_list":["post-13904","page","type-page","status-publish","has-post-thumbnail"],"_links":{"self":[{"href":"https:\/\/travelshelper.com\/tr\/wp-json\/wp\/v2\/pages\/13904","targetHints":{"allow":["GET"]}}],"collection":[{"href":"https:\/\/travelshelper.com\/tr\/wp-json\/wp\/v2\/pages"}],"about":[{"href":"https:\/\/travelshelper.com\/tr\/wp-json\/wp\/v2\/types\/page"}],"author":[{"embeddable":true,"href":"https:\/\/travelshelper.com\/tr\/wp-json\/wp\/v2\/users\/1"}],"replies":[{"embeddable":true,"href":"https:\/\/travelshelper.com\/tr\/wp-json\/wp\/v2\/comments?post=13904"}],"version-history":[{"count":0,"href":"https:\/\/travelshelper.com\/tr\/wp-json\/wp\/v2\/pages\/13904\/revisions"}],"up":[{"embeddable":true,"href":"https:\/\/travelshelper.com\/tr\/wp-json\/wp\/v2\/pages\/13876"}],"wp:featuredmedia":[{"embeddable":true,"href":"https:\/\/travelshelper.com\/tr\/wp-json\/wp\/v2\/media\/2853"}],"wp:attachment":[{"href":"https:\/\/travelshelper.com\/tr\/wp-json\/wp\/v2\/media?parent=13904"}],"curies":[{"name":"wp","href":"https:\/\/api.w.org\/{rel}","templated":true}]}}