{"id":13851,"date":"2024-09-18T12:07:05","date_gmt":"2024-09-18T12:07:05","guid":{"rendered":"https:\/\/travelshelper.com\/staging\/?page_id=13851"},"modified":"2026-03-12T00:28:59","modified_gmt":"2026-03-12T00:28:59","slug":"bremen","status":"publish","type":"page","link":"https:\/\/travelshelper.com\/tr\/destinations\/europe\/germany\/bremen\/","title":{"rendered":"Bremen"},"content":{"rendered":"<p>Bremen, su yollar\u0131, kentsel yap\u0131 ve dayan\u0131kl\u0131l\u0131\u011f\u0131n kesin bir birle\u015fimini sunar. Yakla\u015f\u0131k 577.000 ki\u015filik n\u00fcfusu ve 318,21 kilometrekarelik alan\u0131yla, Kuzey Almanya&#039;da iki \u015fehir devleti olan Bremen \u00d6zg\u00fcr Hanseatik \u015eehri&#039;nin ba\u015fkenti olarak durmaktad\u0131r. Bremerhaven&#039;daki a\u011fz\u0131ndan yakla\u015f\u0131k 60 kilometre yukar\u0131da Weser Nehri \u00fczerinde konumlanan Bremen, tamamen A\u015fa\u011f\u0131 Saksonya taraf\u0131ndan \u00e7evrelenmi\u015f olup yakla\u015f\u0131k 2,8 milyonluk bir metropol b\u00f6lgesini bar\u0131nd\u0131rmaktad\u0131r.<\/p>\n<p>Bremen&#039;de, Weser Nehri y\u00fczy\u0131llard\u0131r s\u00fcren ticaret ve adaptasyon boyunca bir yol \u00e7izer. Weser&#039;in a\u011fz\u0131ndaki Bremerhaven ile birlikte buradaki liman, Hamburg&#039;dan sonra Almanya&#039;n\u0131n ikinci b\u00fcy\u00fck deniz merkezi konumundad\u0131r. Bu liman kompleksi hem fiziksel manzaray\u0131 hem de \u015fehri ayakta tutan ekonomik ak\u0131mlar\u0131 \u015fekillendirir. A\u015fa\u011f\u0131 ak\u0131\u015ftaki kargo gemileri, yukar\u0131 ak\u0131\u015ftaki nehir mavnalar\u0131 ve ge\u00e7en feribotlar, Bremen&#039;in Kuzey Denizi&#039;ne ve k\u00fcresel rotalara olan ba\u011flant\u0131s\u0131n\u0131 yeniden teyit eder.<\/p>\n<p>Buradaki iklim \u0131l\u0131man okyanus kategorisine girer. Atlantik hava sistemleri bat\u0131 r\u00fczgarlar\u0131 alt\u0131nda ilerler, yazlar\u0131 ve k\u0131\u015flar\u0131 yumu\u015fat\u0131r. Termal u\u00e7 noktalar nadirdir; 9 A\u011fustos 1992&#039;de kaydedilen 37,6\u00b0C&#039;lik y\u00fcksek s\u0131cakl\u0131k ve 13 \u015eubat 1940&#039;ta kaydedilen -23,6\u00b0C&#039;lik d\u00fc\u015f\u00fck s\u0131cakl\u0131k bu dengeli aral\u0131\u011f\u0131n s\u0131n\u0131rlar\u0131nda yer al\u0131r. K\u0131tasal havan\u0131n hibrit etkileri hala k\u0131sa s\u00fcreli s\u0131cak hava dalgalar\u0131 veya donlara neden olabilir, ancak Bremen nadiren uzun s\u00fcreli u\u00e7 noktalarla m\u00fccadele eder.<\/p>\n<p>Bremen ekonomisinin konturlar\u0131, i\u015f\u00e7i g\u00f6\u00e7menlerinin y\u00fczy\u0131l\u0131n ortas\u0131nda Bat\u0131 Almanya&#039;y\u0131 yeniden \u015fekillendiren Wirtschaftswunder&#039;\u0131n ortas\u0131nda geldi\u011fi sava\u015f sonras\u0131 d\u00f6neme kadar uzan\u0131yor. \u0130\u015f\u00e7iler b\u00fcy\u00fck \u00f6l\u00e7\u00fcde T\u00fcrkiye ve G\u00fcney Avrupa&#039;dan bir araya geldi; sonraki on y\u0131llarda, eski Do\u011fu Bloku \u00fclkelerinden ve Suriye gibi kriz b\u00f6lgelerinden gelenler demografik mozai\u011fi de\u011fi\u015ftirdi. Bug\u00fcn Bremen, \u00e7ikolata \u00fcreticisi Hachez&#039;den Vector Foiltec&#039;teki uzman m\u00fchendisli\u011fe kadar \u00e7ok uluslu \u015firketlere ev sahipli\u011fi yap\u0131yor. Airbus birimleri, Bremen fabrikalar\u0131nda geni\u015f g\u00f6vdeli jetler i\u00e7in kanat bile\u015fenleri ve y\u00fcksek kald\u0131rma sistemleri monte ediyor.<\/p>\n<p>Bremen&#039;deki k\u00fclt\u00fcrel ak\u0131mlar miras ve adaptasyonun bir ittifak\u0131n\u0131 yans\u0131t\u0131r. Galeriler ve m\u00fczeler tarihi heykelden \u00e7a\u011fda\u015f sanata kadar uzan\u0131r. \u00dcbersee M\u00fczesi deniza\u015f\u0131r\u0131 k\u00fclt\u00fcrleri ve do\u011fa tarihini ara\u015ft\u0131r\u0131r; Weserburg yeniden i\u015flevlendirilen bir nehir adas\u0131 deposunda modern sanat\u0131 kaydeder; Kunsthalle on dokuzuncu ve yirminci y\u00fczy\u0131l Avrupa resimlerini sergiler. Her kurum k\u00fclt\u00fcrel de\u011fi\u015fimin bir anlat\u0131s\u0131n\u0131 destekler.<\/p>\n<p>Marktplatz&#039;da, Bremen&#039;in Gotik \u00e7ekirde\u011fi ta\u015ftan y\u00fckseliyor. 1405 ile 1410 y\u0131llar\u0131 aras\u0131nda in\u015fa edilen Belediye Binas\u0131, 1609-12 tarihli bir R\u00f6nesans cephesine sahip. Yan\u0131nda, Kutsal Roma \u0130mparatorlu\u011fu d\u00f6nemindeki medeni ayr\u0131cal\u0131klar\u0131n sembol\u00fc olan 1404 tarihli Roland heykeli duruyor. Yak\u0131nlarda, Gerhard Marcks&#039;\u0131n bronz bir grubu, kentsel s\u0131\u011f\u0131nak arayan d\u00f6rt hayvan\u0131n hikayesini hat\u0131rlat\u0131r. Bu unsurlar, aktif yasama ve turistik kullan\u0131mda kalan bir UNESCO D\u00fcnya Miras\u0131 alan\u0131n\u0131 olu\u015fturur.<\/p>\n<p>Meydandan kuzeydo\u011fuya do\u011fru y\u00fcr\u00fcd\u00fc\u011f\u00fcn\u00fczde, Schnoor mahallesi on yedinci y\u00fczy\u0131l bal\u0131k\u00e7\u0131 evlerinin dar sokaklar\u0131n\u0131 korur. G\u00fcn\u00fcm\u00fczde kafeler, zanaatkar st\u00fcdyolar\u0131 ve galeriler y\u0131pranm\u0131\u015f cepheleri i\u015fgal eder. Marktplatz&#039;\u0131n g\u00fcneyinde, B\u00f6ttcherstra\u00dfe Art Nouveau ve Gotik motifler aras\u0131nda tu\u011fla d\u00f6\u015feli olarak uzan\u0131r. Sanayici Ludwig Roselius taraf\u0131ndan 1920&#039;lerde sipari\u015f edilen bu yap\u0131, Nazilerin daha sonra &#034;dejeneratif&#034; olarak s\u0131n\u0131fland\u0131rd\u0131\u011f\u0131 avangart formlara ev sahipli\u011fi yapm\u0131\u015ft\u0131r. Soka\u011f\u0131n porselen \u00e7anlardan olu\u015fan \u00e7an kulesi Glockenspiel Evi&#039;nin i\u00e7inde yer almaya devam etmektedir.<\/p>\n<p>Dini an\u0131tlar Bremen&#039;in orta\u00e7a\u011fdaki do\u011fu\u015funu dile getirir. On \u00fc\u00e7\u00fcnc\u00fc y\u00fczy\u0131ldan kalma St. Peter Katedrali, havarilerin ve erken Alman imparatorlar\u0131n\u0131n heykellerini bir araya getirir. On birinci y\u00fczy\u0131la ait mezar resimleriyle Liebfrauenkirche, \u015fehrin en eski ibadet yeri olarak durmaktad\u0131r. Katherinenklosterhof&#039;ta, on \u00fc\u00e7\u00fcnc\u00fc y\u00fczy\u0131la ait St. Catherine Manast\u0131r\u0131&#039;n\u0131n kal\u0131nt\u0131lar\u0131 varl\u0131\u011f\u0131n\u0131 s\u00fcrd\u00fcr\u00fcrken, modern Birgittenkloster, manevi s\u0131\u011f\u0131nak sunan k\u00fc\u00e7\u00fck bir toplulu\u011fa ev sahipli\u011fi yapmaktad\u0131r.<\/p>\n<p>Eski Kent&#039;in \u00f6tesinde, Viertel b\u00f6lgesi on dokuzuncu y\u00fczy\u0131l kentsel geni\u015flemesini yans\u0131t\u0131r. Tiyatrolara, ba\u011f\u0131ms\u0131z kafelere ve k\u00fc\u00e7\u00fck d\u00fckkanlara ev sahipli\u011fi yapan caddeleri s\u0131va s\u00fcslemeli m\u00fcstakil evler \u00e7evreler. BSAG tramvaylar\u0131 ve otob\u00fcsleri bu &#034;k\u00fclt\u00fcrel mili&#034; kat eder ve mahalleyi hem tarihi merkezlere hem de modern banliy\u00f6lere ba\u011flar. Weser Nehri&#039;nin kar\u015f\u0131s\u0131nda, Schlachte, bir zamanlar Bremen&#039;in denizci kimli\u011fini tan\u0131mlayan orta\u00e7a\u011f liman\u0131n\u0131 an\u0131msatan, su kenar\u0131 meyhaneleri ve gezinti yollar\u0131ndan olu\u015fan halka a\u00e7\u0131k bir bulvar sunar.<\/p>\n<p>Ye\u015fil alanlar Bremen&#039;in kentsel \u015febekesine n\u00fcfuz eder. \u015eehrin en b\u00fcy\u00fcklerinden biri olan Knoops Park, \u00e7ay\u0131rlar, ormanl\u0131k alanlar ve ziyaret\u00e7ilerin daha s\u0131cak aylarda k\u00fcrekli tekne kiralad\u0131\u011f\u0131 merkezi bir g\u00f6let sunar. Rhododendron-Park, biyolojik \u00e7e\u015fitlili\u011fe adanm\u0131\u015f bir m\u00fcze olan Botanika&#039;n\u0131n e\u015flik etti\u011fi geni\u015f orman g\u00fclleri ve a\u00e7elya koleksiyonlar\u0131na ev sahipli\u011fi yapar. Universum Bilim Merkezi, bilim ve halk kat\u0131l\u0131m\u0131n\u0131 birle\u015ftiren etkile\u015fimli sergiler sunar.<\/p>\n<p>Bremen&#039;in altyap\u0131s\u0131 tramvay hatlar\u0131n\u0131 ve 2010&#039;da a\u00e7\u0131lan b\u00f6lgesel bir S-Bahn a\u011f\u0131n\u0131 entegre ediyor. Bremen S-Bahn, Bremen-A\u015fa\u011f\u0131 Saksonya Ula\u015f\u0131m Birli\u011fi&#039;nin birle\u015fik tarifesi kapsam\u0131nda merkez istasyonunu Bremerhaven ve Oldenburg gibi \u00e7evre \u015fehirlere ba\u011fl\u0131yor. Neustadt-Neuenland&#039;daki havaliman\u0131, Avrupa&#039;n\u0131n d\u00f6rt bir yan\u0131ndaki ve \u00f6tesindeki rotalara hizmet vererek Almanya&#039;n\u0131n on ikinci en y\u00fcksek yolcu hacmini kaydediyor.<\/p>\n<p>Spor hayat\u0131, Weserstadion&#039;daki ma\u00e7lar\u0131 nehrin k\u0131y\u0131s\u0131na yerel destek \u00e7eken SV Werder Bremen etraf\u0131nda d\u00f6ner. Kul\u00fcpler ve amat\u00f6r ligler, k\u00fcrek \u00e7ekmekten nehir patikalar\u0131nda bisiklete binmeye kadar g\u00fc\u00e7l\u00fc bir e\u011flence etkinli\u011fi k\u00fclt\u00fcr\u00fcn\u00fcn temelini olu\u015fturur.<\/p>\n<p>Bremen, in\u015fa edilmi\u015f ve do\u011fal \u00e7evresi boyunca de\u011fi\u015fimin ortas\u0131nda s\u00fcreklilik sergiler. Orta \u00c7a\u011f&#039;dan kalma Eski Kent, merkezde varl\u0131\u011f\u0131n\u0131 s\u00fcrd\u00fcr\u00fcr, ancak \u015fehir, kusursuz i\u015flevsel tutarl\u0131l\u0131kla modern b\u00f6lgelere ve end\u00fcstriyel alanlara do\u011fru geni\u015fler. Tarihi lonca salonlar\u0131 havac\u0131l\u0131k at\u00f6lyelerinin yan\u0131nda durur ve yeniden i\u015flevlendirilen r\u0131ht\u0131mlardaki m\u00fczeler miras kiliselerinin yan\u0131nda yer al\u0131r. Bremen&#039;in kimli\u011fi bu \u00fcretken katmanla\u015fmada bulunur.<\/p>\n<p>G\u00fcn \u0131\u015f\u0131\u011f\u0131 azal\u0131rken, kehribar rengi ayd\u0131nlatma Belediye Binas\u0131&#039;n\u0131n cephesini \u00e7iziyor. Kiliselerin Gotik kemerlerinin alt\u0131nda nehir yans\u0131malar\u0131 par\u0131ld\u0131yor. Schlachte&#039;deki meyhanelerde, sohbetler yerel biralar ve g\u00fcnl\u00fck hareketler \u00fczerine kurulu. Ziyaret\u00e7iler, hayat damar\u0131n\u0131 bir tramvay haritas\u0131ndaki tonlarca y\u00fck ve hatla \u00f6l\u00e7en, ancak sessiz ke\u015fif anlar\u0131nda niceli\u011fi a\u015fan bir \u015fehre tan\u0131kl\u0131k ediyor. Bremen&#039;in anlat\u0131s\u0131 ne tekil ne de dura\u011fan. Her ta\u015f heykelde, fabrika iskelesinde ve sanat\u00e7\u0131 galerisinde ortaya \u00e7\u0131k\u0131yor ve duyurudan \u00e7ok g\u00f6zlemi davet ediyor.<\/p>","protected":false},"excerpt":{"rendered":"<p>N\u00fcfusu yakla\u015f\u0131k 570.000 olan Bremen, Bremen \u00d6zg\u00fcr Hanseatik \u015eehri&#039;nin ba\u015fkenti olarak hizmet veriyor ve Almanya&#039;n\u0131n on birinci b\u00fcy\u00fck \u015fehri. \u00dclkenin kuzey b\u00f6lgesinde bulunan Bremen, Hamburg&#039;un ard\u0131ndan Kuzey Almanya&#039;n\u0131n ikinci b\u00fcy\u00fck \u015fehridir. Tarih a\u00e7\u0131s\u0131ndan zengin ve \u00e7a\u011fda\u015f aktivitelerle dolu bu dinamik \u015fehir, y\u0131llar boyunca kimli\u011fini tan\u0131mlayan k\u00fclt\u00fcrel miras, ekonomik \u00f6nem ve deniz etkisinin b\u00fcy\u00fcleyici bir kar\u0131\u015f\u0131m\u0131n\u0131 sunar.<\/p>","protected":false},"author":1,"featured_media":2777,"parent":13736,"menu_order":0,"comment_status":"closed","ping_status":"closed","template":"elementor_theme","meta":{"_eb_attr":"","footnotes":""},"class_list":["post-13851","page","type-page","status-publish","has-post-thumbnail"],"_links":{"self":[{"href":"https:\/\/travelshelper.com\/tr\/wp-json\/wp\/v2\/pages\/13851","targetHints":{"allow":["GET"]}}],"collection":[{"href":"https:\/\/travelshelper.com\/tr\/wp-json\/wp\/v2\/pages"}],"about":[{"href":"https:\/\/travelshelper.com\/tr\/wp-json\/wp\/v2\/types\/page"}],"author":[{"embeddable":true,"href":"https:\/\/travelshelper.com\/tr\/wp-json\/wp\/v2\/users\/1"}],"replies":[{"embeddable":true,"href":"https:\/\/travelshelper.com\/tr\/wp-json\/wp\/v2\/comments?post=13851"}],"version-history":[{"count":0,"href":"https:\/\/travelshelper.com\/tr\/wp-json\/wp\/v2\/pages\/13851\/revisions"}],"up":[{"embeddable":true,"href":"https:\/\/travelshelper.com\/tr\/wp-json\/wp\/v2\/pages\/13736"}],"wp:featuredmedia":[{"embeddable":true,"href":"https:\/\/travelshelper.com\/tr\/wp-json\/wp\/v2\/media\/2777"}],"wp:attachment":[{"href":"https:\/\/travelshelper.com\/tr\/wp-json\/wp\/v2\/media?parent=13851"}],"curies":[{"name":"wp","href":"https:\/\/api.w.org\/{rel}","templated":true}]}}