{"id":13671,"date":"2024-09-18T01:03:38","date_gmt":"2024-09-18T01:03:38","guid":{"rendered":"https:\/\/travelshelper.com\/staging\/?page_id=13671"},"modified":"2026-03-12T00:58:08","modified_gmt":"2026-03-12T00:58:08","slug":"volos","status":"publish","type":"page","link":"https:\/\/travelshelper.com\/tr\/destinations\/europe\/greece\/volos\/","title":{"rendered":"Volos"},"content":{"rendered":"<p>Teselya&#039;ya deniz kap\u0131s\u0131 g\u00f6revi g\u00f6ren k\u0131y\u0131 liman kenti Volos, hem co\u011frafyay\u0131 hem de tarihi e\u015fit \u00f6l\u00e7\u00fcde y\u00f6netir. 2021 itibar\u0131yla 85.803 ki\u015filik yerle\u015fik n\u00fcfusuyla, Pelion Da\u011f\u0131&#039;n\u0131n ete\u011findeki ovan\u0131n do\u011fuya do\u011fru Agria&#039;ya ve g\u00fcneybat\u0131ya do\u011fru Nea Anchialos&#039;a do\u011fru uzand\u0131\u011f\u0131 Pagasetic K\u00f6rfezi&#039;nin en i\u00e7 noktas\u0131n\u0131 i\u015fgal eder. Magnesia b\u00f6lgesel biriminin ba\u015fkenti olarak Volos, yaln\u0131zca b\u00f6lgesel bir idari merkez olarak de\u011fil, ayn\u0131 zamanda Teselya&#039;n\u0131n Ege&#039;ye tek \u00e7\u0131k\u0131\u015f\u0131 olarak i\u015flev g\u00f6rerek Yunanistan&#039;\u0131n en b\u00fcy\u00fck tar\u0131msal hinterland\u0131n\u0131 Avrupa ve Asya ticaretinin daha geni\u015f ak\u0131mlar\u0131yla birle\u015ftirir.<\/p>\n<p>Efsanevi k\u00f6kenleri antik yerle\u015fim yeri Iolkos&#039;ta bulunan ve Jason ile Argonauts&#039;un Argo&#039;yu suya indirdi\u011fi s\u00f6ylenen Volos, kendini s\u00fcrekli olarak yeniden icat etti. Modern \u015fehir, neoklasik konaklar\u0131n\u0131n ve tarihi k\u0131y\u0131 \u015feridinin \u00e7o\u011funu yerle bir eden 1955&#039;teki y\u0131k\u0131c\u0131 depremlerden sonra ortaya \u00e7\u0131kt\u0131. Onlar\u0131n yerine \u00e7a\u011fda\u015f yap\u0131lardan olu\u015fan bir a\u011f y\u00fckselirken, restore edilmi\u015f bir avu\u00e7 konak art\u0131k kamusal ama\u00e7lara hizmet ediyor ve ge\u00e7mi\u015fteki ticari refah\u0131n solan izlerini ta\u015f\u0131yor. Mimar Aristotelis Zachos, \u015fehrin denizcilik miras\u0131na ve manevi temellerine i\u015faret eden, sahil \u015feridindeki gizli i\u015faretler olan Aziz Nikolaos ve Aziz Konstantin ve Helen kiliseleriyle ufukta izini b\u0131rakt\u0131.<\/p>\n<p>Co\u011frafi olarak Volos, her biri 1.610 metrelik Pelion Da\u011f\u0131 zirvesinden inen \u00fc\u00e7 da\u011f seli olan Anavros, Krafsidonas ve Xirias ile tan\u0131mlan\u0131r. Kentsel manzara boyunca do\u011fal barikatlar olu\u015fturur, mahalle s\u0131n\u0131rlar\u0131n\u0131 \u015fekillendirir ve \u015fehrin end\u00fcstriyel kalbini yumu\u015fatan yemye\u015fil koridorlar yarat\u0131rlar. \u00d6zellikle Krafsidonas, metropol\u00fcn ye\u015fil akci\u011feri olarak hizmet eder, Volos ve Nea Ionia belediyelerini ay\u0131r\u0131rken parklar\u0131 ve yaya yollar\u0131n\u0131 besler. Hemen g\u00fcneye do\u011fru y\u00fckselen Pelion k\u00fctlesi, ya\u011f\u0131\u015f\u0131 yumu\u015fatan bir ya\u011fmur g\u00f6lgesi olu\u015ftururken, k\u00f6rfezin sakin sular\u0131 \u015fehre \u0131l\u0131k yazlar\u0131 \u0131l\u0131man k\u0131\u015flarla dengeleyen bir iklim a\u015f\u0131lar ve g\u00fcnl\u00fck ya\u015fam\u0131 durdurmadan ara s\u0131ra kar ya\u011fmas\u0131na izin verir.<\/p>\n<p>Volos&#039;un ekonomisi stratejik co\u011frafya ve end\u00fcstriyel evrimin bir kan\u0131t\u0131d\u0131r. E75 (PATHE) otoyolunun kav\u015fa\u011f\u0131nda, Atina, Selanik ve Larissa&#039;ya demir yolu ba\u011flant\u0131lar\u0131yla ve Yunanistan&#039;\u0131n \u00fc\u00e7\u00fcnc\u00fc b\u00fcy\u00fck liman\u0131 olan liman\u0131n kargo terminalleriyle demirlenmi\u015f olan Volos, imalat, ticaret, hizmetler ve turizmden olu\u015fan \u00e7ok y\u00f6nl\u00fc bir ekonomiyi s\u00fcrd\u00fcrmektedir. A\u011f\u0131r sanayi, METKA, SIDENOR ve Hellenic Steel arac\u0131l\u0131\u011f\u0131yla \u00e7elik \u00fcretiminde ve \u00f6zel iskelesi arac\u0131l\u0131\u011f\u0131yla y\u0131lda yedi milyon tondan fazla sevkiyat yapan AGET Heracles tesisindeki \u00e7imento \u00fcretiminde geli\u015fmektedir. Ara\u015ft\u0131rma giri\u015fimleri bu end\u00fcstriyel s\u00fctunlar\u0131 tamamlar: Ara\u015ft\u0131rma ve Teknoloji Merkezi-Hellas&#039;\u0131n bir par\u00e7as\u0131 olan Biyo-Ekonomi ve Tar\u0131m Teknolojisi Enstit\u00fcs\u00fc, Volos&#039;un tar\u0131msal inovasyon ve bilimsel i\u015f birli\u011findeki rol\u00fcn\u00fc vurgular.<\/p>\n<p>Akademik hayat, konferans salonlar\u0131 ve sergi alanlar\u0131 uluslararas\u0131 bilimsel ve k\u00fclt\u00fcrel toplant\u0131lara ev sahipli\u011fi yapan Thessaly \u00dcniversitesi arac\u0131l\u0131\u011f\u0131yla \u015fehrin her yerinde at\u0131yor. Volos&#039;un 2004 Olimpiyat Oyunlar\u0131&#039;na kat\u0131l\u0131m\u0131, Avrupa Atletizm \u015eampiyonas\u0131&#039;ndan 2013 Astronomi ve Astrofizik Uluslararas\u0131 Olimpiyat\u0131&#039;na kadar atletik etkinlikler gelene\u011fini ba\u015flatt\u0131. Bu durumlar, hem fiziksel \u00e7abay\u0131 hem de entelekt\u00fcel ke\u015ffi \u00f6d\u00fcllendiren bir vatanda\u015fl\u0131k kimli\u011fini g\u00fc\u00e7lendiriyor.<\/p>\n<p>Volos&#039;un modern cephesinin alt\u0131nda antik \u00e7a\u011f katmanlar\u0131 yer al\u0131r. \u015eehrin kuzeydo\u011fusunda, Antik Dimini ve Sesklo arkeolojik alanlar\u0131, insan varl\u0131\u011f\u0131n\u0131 Neolitik d\u00f6neme kadar izler ve Miken ihti\u015fam\u0131n\u0131 \u00f6nceden haber veren m\u00fcstahkem yerle\u015fim yerlerini, kurban mezarlar\u0131n\u0131 ve saray temellerini ortaya \u00e7\u0131kar\u0131r. Zeminin alt\u0131nda yak\u0131lm\u0131\u015f sunular\u0131n dokunakl\u0131 kal\u0131nt\u0131lar\u0131 ve etkileyici Tombi mezar\u0131yla Dimini&#039;nin Evi N, erken d\u00f6nem rit\u00fcel uygulamalar\u0131 \u00fczerine d\u00fc\u015f\u00fcnmeye davet ediyor. Sesklo&#039;nun tepedeki konumu k\u00f6rfezin hakim manzaralar\u0131n\u0131 sunar ancak daha az mevcut yap\u0131 sunar ve kom\u015fusuyla karma\u015f\u0131k bir ili\u015fki (belki rekabet veya ticaret) oldu\u011funu g\u00f6sterir. Her iki alana da Yunanca ve \u0130ngilizce rehberli sesli turlarla eri\u015filebilir ve ortak giri\u015f, ziyaret\u00e7ilere her birini s\u0131rayla ke\u015ffetme hakk\u0131 verir.<\/p>\n<p>\u015eehrin i\u00e7inde, Athanasakeion Arkeoloji M\u00fczesi Magnesian tarihinin kompakt ama kapsaml\u0131 bir kroni\u011fini sunarken, N. &amp; S. Tsalapata&#039;n\u0131n Tu\u011fla Fabrikas\u0131 M\u00fczesi 1926&#039;dan kalma bir end\u00fcstriyel kompleksi yirminci y\u00fczy\u0131l\u0131n ba\u015flar\u0131ndaki \u00fcretimin canl\u0131 bir tablosuna d\u00f6n\u00fc\u015ft\u00fcr\u00fcyor. Hoffmann f\u0131r\u0131nlar\u0131, kil tanklar\u0131 ve ta\u015f\u0131ma sistemleri bir zamanlar y\u00fczlerce ki\u015fiyi istihdam eden ve Volos&#039;un in\u015fa edilmi\u015f \u00e7evresini \u015fekillendiren tu\u011fla ve kiremit \u00fcretiminin ritimlerini \u00e7a\u011fr\u0131\u015ft\u0131r\u0131yor. Volos Kent M\u00fczesi bu sunumlar\u0131, sivil ya\u015fam, i\u015f\u00e7i hareketleri (Volos, 1908&#039;de Yunanistan&#039;\u0131n ilk i\u015f\u00e7i sendikas\u0131na ev sahipli\u011fi yap\u0131yordu) ve Anadolu&#039;dan gelen m\u00fcltecilerin yerel mutfa\u011f\u0131, m\u00fczi\u011fi ve toplumsal gelenekleri yeniden \u015fekillendirdi\u011fi 1922 K\u00fc\u00e7\u00fck Asya Felaketi&#039;ni izleyen k\u00fclt\u00fcrel inf\u00fczyonla ilgili sergilerle tamaml\u0131yor.<\/p>\n<p>\u015eehir merkezinde dola\u015f\u0131rken Volos&#039;un cazibesinin farkl\u0131 bir y\u00fcz\u00fc ortaya \u00e7\u0131kar. K\u0131y\u0131 \u015feridine paralel uzun, asfaltl\u0131 bir eksen olan Ermou Caddesi, her \u015feritteki d\u00fckk\u00e2nlar\u0131n yerini Saint Nicholas Meydan\u0131 \u00e7evresinde k\u00fcmelenmi\u015f samimi barlara ve kafelere b\u0131rakt\u0131\u011f\u0131 Argonafton Caddesi&#039;ne a\u00e7\u0131l\u0131r. Burada, denizcilerin koruyucu azizine adanm\u0131\u015f katedral, g\u00fcnl\u00fck ticaret ve e\u011flence ritimlerine ba\u015fkanl\u0131k eder. \u00dcniversitenin Papastratos binas\u0131 ile Saint Constantine kilisesi aras\u0131nda bir sahil park\u0131 uzan\u0131rken, ayn\u0131 kilisenin arkas\u0131ndan ba\u015flayan Anavros Park\u0131, y\u00fcz\u00fcc\u00fclerin daha so\u011fuk aylara meydan okudu\u011fu bir belediye plaj\u0131na do\u011fru do\u011fuya do\u011fru uzan\u0131r.<\/p>\n<p>G\u00fcne\u015f ve deniz arayanlar i\u00e7in Volos hem kentsel sahil \u015feritleri hem de k\u0131y\u0131 dinlenme yerleri sunmaktad\u0131r. Gezinti yolundan y\u00fcr\u00fcyerek ula\u015f\u0131labilen Anavros Plaj\u0131, \u015fehrin kenar\u0131na yak\u0131n bir yerde y\u00fczme olana\u011f\u0131 sa\u011flar. K\u0131sa bir s\u00fcr\u00fc\u015f veya Belediye Binas\u0131&#039;ndan 6 numaral\u0131 \u015fehir otob\u00fcs\u00fc, gece \u0131\u015f\u0131klar\u0131n\u0131n alt\u0131nda \u015fezlong, cankurtaran ve ikramlar\u0131n sa\u011fland\u0131\u011f\u0131 nominal bir giri\u015f \u00fccretinin sa\u011fland\u0131\u011f\u0131 bir sahil b\u00f6lgesi olan Alykes&#039;e g\u00f6t\u00fcr\u00fcr. Ancak yerel bilgi daha uzaklara i\u015faret eder: Agria ve Platanidia&#039;ya giden otob\u00fcsler, yolcular\u0131 \u00e7imento fabrikalar\u0131n\u0131n \u00f6tesinde, k\u00f6rfezin kuzey k\u0131y\u0131s\u0131ndaki \u00e7am a\u011fa\u00e7lar\u0131yla \u00e7evrili koylar\u0131n sab\u0131rl\u0131 yolcular\u0131 \u00f6d\u00fcllendirdi\u011fi \u00fcst\u00fcn berrakl\u0131ktaki sulara g\u00f6t\u00fcr\u00fcr.<\/p>\n<p>Deniz ba\u011flant\u0131lar\u0131 Volos&#039;un etkisini Ege&#039;ye yaymaktad\u0131r. G\u00fcnl\u00fck feribotlar ve deniz otob\u00fcsleri \u015fehri Sporades adalar\u0131na (Skiathos, Skopelos ve Alonissos) ve Lemnos, Lesbos, Chios ve Skyros&#039;a ba\u011flamaktad\u0131r. Yaz aylar\u0131nda, yolcu gemileri yerle\u015fik g\u00fczergahlar\u0131 takip ederek son sezonlarda y\u00fcz binden fazla ziyaret\u00e7iyi r\u0131ht\u0131ma yana\u015ft\u0131r\u0131r. Karada, demir yolu merakl\u0131lar\u0131, buharl\u0131 vagonlar\u0131n\u0131n Nisan ortas\u0131ndan Ekim ay\u0131na kadar ve yaz aylar\u0131nda g\u00fcnl\u00fck olarak turistler i\u00e7in da\u011f virajlar\u0131n\u0131 ge\u00e7ti\u011fi miras Pelion demir yolunu takdir edebilirler.<\/p>\n<p>D\u0131\u015far\u0131ya bak\u0131ld\u0131\u011f\u0131nda, Volos yak\u0131nda kara ula\u015f\u0131m a\u011f\u0131n\u0131 E65 otoyolunun bat\u0131 koluyla geni\u015fletecek ve Igoumenitsa liman\u0131na yeni bir koridor a\u00e7acak. Yunanistan&#039;\u0131n ikinci en uzun ticari pistine sahip olan Orta Yunanistan&#039;\u0131n Nea Anchialos Uluslararas\u0131 Havaalan\u0131, i\u00e7 hatlar ve belirli Avrupa destinasyonlar\u0131na ba\u011flant\u0131lar\u0131n\u0131 s\u00fcrd\u00fcr\u00fcyor. Argo Airways taraf\u0131ndan i\u015fletilen \u00f6nc\u00fc bir deniz u\u00e7a\u011f\u0131 hizmeti, Volos&#039;u Atina, Selanik ve Sporades&#039;e planl\u0131 amfibi ba\u011flant\u0131lar\u0131 olan ilk Avrupa \u015fehri yap\u0131yor; \u015fehrin Argonautik miras\u0131n\u0131n modern bir yank\u0131s\u0131.<\/p>\n<p>Do\u011fal ortam, arkeolojik derinlik, end\u00fcstriyel canl\u0131l\u0131k ve k\u00fclt\u00fcrel canl\u0131l\u0131\u011f\u0131n bu birle\u015fimi Volos&#039;u ge\u00e7mi\u015f ve \u015fimdiki zaman aras\u0131nda e\u015fsiz bir muhatap haline getiriyor. Neoklasik cepheler ve \u00e7a\u011fda\u015f iskelelerle izlenen \u015fehrin k\u0131y\u0131 \u015feridi, hem mit hem de makine taraf\u0131ndan \u015fekillendirilmi\u015f manzaralarla bulu\u015fuyor. M\u00fczeleri ve antik kal\u0131nt\u0131lar\u0131, \u00e7elik fabrikalar\u0131 ve \u00fcniversite salonlar\u0131, gelenek ve yenili\u011fin kal\u0131c\u0131 bir etkile\u015fimine tan\u0131kl\u0131k ediyor. Burada, Teselya&#039;n\u0131n nabz\u0131 denizcilik sesini buluyor ve insan yolculu\u011fu\u2014Goritsa Tepesi&#039;ndeki Neolitik sakinlerden yirmi birinci y\u00fczy\u0131l bilginlerine\u2014Pagasetic K\u00f6rfezi&#039;nin yay\u0131 etraf\u0131nda ortaya \u00e7\u0131k\u0131yor.<\/p>\n<p>Volos&#039;ta gezgin bir liman \u015fehrinden daha fazlas\u0131yla kar\u015f\u0131la\u015f\u0131r: \u0130nsan \u00e7abas\u0131n\u0131n bir palimpsestini ke\u015ffedersiniz, burada her nehir ak\u0131nt\u0131s\u0131 ve Pelion s\u0131rt\u0131 a\u015fa\u011f\u0131daki ovaya kendi \u00f6yk\u00fcs\u00fcn\u00fc yazar. Deniz meltemleri ve da\u011f g\u00f6lgeleriyle yumu\u015fat\u0131lm\u0131\u015f \u015fehrin iklimi her mevsimde ke\u015ffe davet eder. Ula\u015f\u0131m arterleri - deniz, demir yolu, kara yolu ve hava yolu - onu d\u00fcnyaya ba\u011flarken, sokaklar\u0131, m\u00fczeleri ve arkeolojik parklar\u0131 tekil bir yer duygusunu teyit eder. Tarihin ve end\u00fcstrinin yollar\u0131n\u0131 izleyenler veya sadece kilise \u00e7an kulelerinin g\u00f6lgeledi\u011fi bir sahil gezinti yolu arayanlar i\u00e7in Volos, bu Argo ta\u015f\u0131yan liman\u0131 uzun zamand\u0131r tan\u0131mlayan ak\u0131nt\u0131larla s\u00fcr\u00fckleyici bir kar\u015f\u0131la\u015fma sunar.<\/p>","protected":false},"excerpt":{"rendered":"<p>Yunanistan&#039;\u0131n Teselya kentinde dinamik bir sahil liman kenti olan Volos, Yunan anakaras\u0131n\u0131n orta noktas\u0131na yak\u0131n stratejik bir konumda, Atina&#039;n\u0131n yakla\u015f\u0131k 330 kilometre kuzeyinde ve Selanik&#039;in 220 kilometre g\u00fcneyinde yer almaktad\u0131r. 2021 itibar\u0131yla 85.803 n\u00fcfusa sahip olan Volos, Teselya B\u00f6lgesi&#039;ndeki Magnesia b\u00f6lgesel biriminin ba\u015fkenti olarak i\u015flev g\u00f6rmektedir ve Yunanistan&#039;\u0131n en b\u00fcy\u00fck tar\u0131m alan\u0131 olan Teselya i\u00e7in \u00f6zel deniz eri\u015fim noktas\u0131 olarak hizmet vermektedir. Pagasetic K\u00f6rfezi&#039;nin mavi sular\u0131 ile Pelion Da\u011f\u0131&#039;n\u0131n yemye\u015fil yama\u00e7lar\u0131 aras\u0131nda yer alan bu canl\u0131 metropol merkezi, tarihi \u00f6neme sahip ve \u00e7a\u011fda\u015f b\u00fcy\u00fcmenin kusursuz bir entegrasyonunu temsil ederek onu Avrupa ile Asya aras\u0131nda \u00f6nemli bir ba\u011flant\u0131 haline getirmektedir.<\/p>","protected":false},"author":1,"featured_media":4664,"parent":13510,"menu_order":0,"comment_status":"closed","ping_status":"closed","template":"elementor_theme","meta":{"_eb_attr":"","footnotes":""},"class_list":["post-13671","page","type-page","status-publish","has-post-thumbnail"],"_links":{"self":[{"href":"https:\/\/travelshelper.com\/tr\/wp-json\/wp\/v2\/pages\/13671","targetHints":{"allow":["GET"]}}],"collection":[{"href":"https:\/\/travelshelper.com\/tr\/wp-json\/wp\/v2\/pages"}],"about":[{"href":"https:\/\/travelshelper.com\/tr\/wp-json\/wp\/v2\/types\/page"}],"author":[{"embeddable":true,"href":"https:\/\/travelshelper.com\/tr\/wp-json\/wp\/v2\/users\/1"}],"replies":[{"embeddable":true,"href":"https:\/\/travelshelper.com\/tr\/wp-json\/wp\/v2\/comments?post=13671"}],"version-history":[{"count":0,"href":"https:\/\/travelshelper.com\/tr\/wp-json\/wp\/v2\/pages\/13671\/revisions"}],"up":[{"embeddable":true,"href":"https:\/\/travelshelper.com\/tr\/wp-json\/wp\/v2\/pages\/13510"}],"wp:featuredmedia":[{"embeddable":true,"href":"https:\/\/travelshelper.com\/tr\/wp-json\/wp\/v2\/media\/4664"}],"wp:attachment":[{"href":"https:\/\/travelshelper.com\/tr\/wp-json\/wp\/v2\/media?parent=13671"}],"curies":[{"name":"wp","href":"https:\/\/api.w.org\/{rel}","templated":true}]}}