{"id":13445,"date":"2024-09-17T17:54:42","date_gmt":"2024-09-17T17:54:42","guid":{"rendered":"https:\/\/travelshelper.com\/staging\/?page_id=13445"},"modified":"2026-03-12T22:11:36","modified_gmt":"2026-03-12T22:11:36","slug":"sirbistan","status":"publish","type":"page","link":"https:\/\/travelshelper.com\/tr\/destinations\/europe\/serbia\/","title":{"rendered":"S\u0131rbistan"},"content":{"rendered":"<p>S\u0131rbistan, Balkan Yar\u0131madas\u0131&#039;n\u0131n kalbinde yakla\u015f\u0131k 88.499 kilometrekarelik bir alana yay\u0131lm\u0131\u015f yakla\u015f\u0131k 6,6 milyonluk (Kosova hari\u00e7) bir egemen cumhuriyet olarak kendini sunar; kuzeyde Macaristan, kuzeydo\u011fuda Romanya, g\u00fcneydo\u011fuda Bulgaristan, g\u00fcneyde Kuzey Makedonya, bat\u0131da H\u0131rvatistan ve Bosna-Hersek ve g\u00fcneybat\u0131da Karada\u011f ile kom\u015fudur. 41\u00b0 ve 47\u00b0 K enlemleri ile 18\u00b0 ve 23\u00b0 D boylamlar\u0131 aras\u0131nda yer alan bu karayla \u00e7evrili \u00fclke, Orta ve G\u00fcneydo\u011fu Avrupa&#039;n\u0131n bir kav\u015fa\u011f\u0131nda yer al\u0131r ve kuzeyde Voyvodina&#039;n\u0131n verimli ovalar\u0131ndan g\u00fcneyde Dinar ve Karpat da\u011f s\u0131ralar\u0131n\u0131n y\u00fckselen zirvelerine kadar uzanan karma\u015f\u0131k bir arazi kar\u0131\u015f\u0131m\u0131 sunar.<\/p>\n<p>Paleolitik \u00e7a\u011flardan beri s\u00fcrekli olarak yerle\u015fim yeri olan modern S\u0131rbistan topraklar\u0131, MS 6. y\u00fczy\u0131lda ard\u0131\u015f\u0131k Slav yerle\u015fimci dalgalar\u0131n\u0131 emerek, orta\u00e7a\u011f krall\u0131klar\u0131 ve prensliklerine d\u00f6n\u00fc\u015fecek bir Slav siyasi yap\u0131s\u0131n\u0131n temellerini att\u0131. 1217&#039;de hem Kutsal Makam hem de Konstantinopolis taraf\u0131ndan tan\u0131nmas\u0131, S\u0131rp diyar\u0131n\u0131 bir krall\u0131\u011fa y\u00fckseltti ve Du\u0161an the Mighty y\u00f6netiminde 1346&#039;da Balkanlar&#039;\u0131n b\u00fcy\u00fck k\u0131s\u0131mlar\u0131n\u0131 kapsayan bir imparatorluk olarak zirveye ula\u015ft\u0131. 16. y\u00fczy\u0131l\u0131n ortalar\u0131ndaki Osmanl\u0131 fethi bu ba\u011f\u0131ms\u0131zl\u0131\u011f\u0131 ortadan kald\u0131rd\u0131, ancak bat\u0131dan gelen aral\u0131kl\u0131 Habsburg ak\u0131nlar\u0131 Voyvodina&#039;n\u0131n Panoniyen ovas\u0131ndaki Katolik yerle\u015fimlerini korudu.<\/p>\n<p>On dokuzuncu y\u00fczy\u0131l\u0131n \u015fafa\u011f\u0131nda S\u0131rp Devrimi b\u00f6lgenin ilk modern anayasal monar\u015fisini kurdu ve bu monar\u015finin yarg\u0131 yetkisi, I. D\u00fcnya Sava\u015f\u0131&#039;n\u0131n ard\u0131ndan S\u0131rbistan Krall\u0131\u011f\u0131 kom\u015fu G\u00fcney Slav topraklar\u0131yla birle\u015ferek ilk Yugoslav devletini olu\u015fturana kadar istikrarl\u0131 bir \u015fekilde geni\u015fledi. Bunu onlarca y\u0131ll\u0131k \u00fcniter ve sosyalist federasyonlar izledi ve bunlar sadece \u00e7alkant\u0131l\u0131 1990&#039;larda par\u00e7aland\u0131. 2006&#039;da Karada\u011f&#039;dan son bar\u0131\u015f\u00e7\u0131l ayr\u0131l\u0131k S\u0131rbistan&#039;\u0131n tam egemenli\u011fini geri getirdi, ancak Kosova&#039;n\u0131n Arnavut \u00e7o\u011funluklu meclisinin 2008&#039;deki tek tarafl\u0131 ba\u011f\u0131ms\u0131zl\u0131k ilan\u0131, Kosova&#039;y\u0131 ortak g\u00f6zetim alt\u0131nda bir idari b\u00f6lge olarak g\u00f6ren Belgrad taraf\u0131ndan tan\u0131nmad\u0131.<\/p>\n<p>Co\u011frafi olarak, S\u0131rbistan&#039;\u0131n kuzey \u00fc\u00e7te biri, Tuna, Tisza ve Begej nehirlerinin sular\u0131yla \u00e7aprazlanm\u0131\u015f t\u0131nl\u0131 topraklar\u0131yla Pannonian Ovas\u0131&#039;n\u0131n g\u00f6\u011fe y\u00fckselen geni\u015fli\u011finin alt\u0131nda yer al\u0131r. G\u00fcneyde, dalgal\u0131 tepeler bat\u0131 s\u0131n\u0131r\u0131nda Dinar Alpleri&#039;ne, do\u011fuda Karpatlar ve Balkanlar&#039;a ve g\u00fcneydo\u011fuda antik Rodop yaylalar\u0131na yol verir. Y\u00fckseklikler, Kosova hari\u00e7 S\u0131rbistan&#039;\u0131n en y\u00fcksek noktas\u0131 olan Balkan Da\u011flar\u0131&#039;n\u0131n 2.169 metrelik Mid\u017eor zirvesinden, Tuna Nehri \u00fczerindeki Prahovo&#039;da deniz seviyesinden sadece 17 metre y\u00fcksekli\u011fe kadar uzan\u0131r. \u00dclkenin en uzun su yolu olan Tuna, topraklar\u0131ndan 587 kilometre boyunca ge\u00e7erek Orta Avrupa&#039;y\u0131 Karadeniz&#039;e ve \u00f6tesine ba\u011flayan ekonomik arterler olu\u015fturur. 163 kilometrekarelik \u0110erdap G\u00f6l\u00fc, Demir Kap\u0131 ge\u00e7idinde Tuna&#039;n\u0131n ak\u0131\u015f\u0131n\u0131 kullanarak S\u0131rbistan&#039;\u0131n en b\u00fcy\u00fck yapay rezervuar\u0131 olarak durmaktad\u0131r.<\/p>\n<p>S\u0131rbistan, iklimsel olarak Avrasya k\u0131tasall\u0131\u011f\u0131, Atlantik cepheleri ve Akdeniz ak\u0131nt\u0131lar\u0131 taraf\u0131ndan \u015fekillendirilen bir ge\u00e7i\u015f b\u00f6lgesini i\u015fgal eder. Ortalama s\u0131cakl\u0131klar Ocak ay\u0131nda 0 \u00b0C civar\u0131nda seyreder ve Temmuz ay\u0131nda yakla\u015f\u0131k 22 \u00b0C&#039;ye ula\u015f\u0131r, kuzeyde s\u0131cak-nemli bir karasal iklim ve g\u00fcneyde daha kuru yazlar ile daha subtropikal bir rejim belirler. Engebeli topografya, Demir Kap\u0131&#039;dan Belgrad&#039;a do\u011fru h\u0131zlanan ve \u015fehrin \u00e7at\u0131lar\u0131n\u0131 ve Tuna&#039;n\u0131n y\u00fczeyini ayn\u0131 \u015fekilde hareket ettirebilen \u015fiddetli bir f\u0131rt\u0131na olan Ko\u0161ava r\u00fczgar\u0131n\u0131 y\u00f6nlendirir. Pe\u0161ter gibi yayla platolar\u0131, \u00e7evreleyen zirvelerin alt\u0131nda sert k\u0131\u015flara katlan\u0131rken, Adriyatik&#039;in etkisi g\u00fcney vadilerindeki ko\u015fullar\u0131 yumu\u015fat\u0131r.<\/p>\n<p>Demografik olarak, 2022 n\u00fcfus say\u0131m\u0131nda 6.647.003 ki\u015fi (Kosova hari\u00e7) kaydedildi ve kilometrekare ba\u015f\u0131na ortalama 85,8 ki\u015fi yo\u011funlu\u011fu elde edildi. 1990&#039;lardan bu yana devam eden demografik d\u00fc\u015f\u00fc\u015f, do\u011fum oranlar\u0131n\u0131n \u00f6l\u00fcm oranlar\u0131n\u0131n alt\u0131na d\u00fc\u015fmesine ve g\u00f6\u00e7\u00fcn n\u00fcfusu y\u00fcz binlerce ki\u015fi azaltmas\u0131na neden oldu, \u00f6zellikle e\u011fitimli gen\u00e7 yeti\u015fkinler aras\u0131nda. 43,3 y\u0131ll\u0131k ortalama ya\u015fla S\u0131rbistan, Avrupa&#039;n\u0131n en ya\u015fl\u0131 toplumlar\u0131 aras\u0131nda yer al\u0131yor. Tek ki\u015filik haneler t\u00fcm konutlar\u0131n be\u015fte birini olu\u015fturuyor, ya\u015fam beklentisi 76,1 y\u0131l ve g\u00f6\u00e7men diasporas\u0131 anavatanla g\u00fc\u00e7l\u00fc ba\u011flar\u0131n\u0131 s\u00fcrd\u00fcr\u00fcyor.<\/p>\n<p>Anayasa laiklik ve din \u00f6zg\u00fcrl\u00fc\u011f\u00fcn\u00fc g\u00fcvence alt\u0131na alsa da S\u0131rbistan&#039;\u0131n kimli\u011fi S\u0131rp Ortodoks Kilisesi ile s\u0131k\u0131 s\u0131k\u0131ya i\u00e7 i\u00e7e ge\u00e7mi\u015f durumda. S\u0131rplar, Rumenler, Ulahlar ve di\u011fer az\u0131nl\u0131klar da dahil olmak \u00fczere n\u00fcfusun yakla\u015f\u0131k ,5&#039;i kendisini Ortodoks Hristiyan olarak tan\u0131ml\u0131yor. \u0130slami, Katolik ve Protestan topluluklar k\u00f6kenlerini Osmanl\u0131, Avusturya-Macaristan ve modern g\u00f6\u00e7lere dayand\u0131rarak \u00fclkenin inan\u00e7 mozai\u011fini zenginle\u015ftiriyor.<\/p>\n<p>Dilsel olarak S\u0131rp\u00e7a, n\u00fcfusun yakla\u015f\u0131k &#039;i taraf\u0131ndan anadil olarak konu\u015fulan tek resmi dil olarak h\u00fck\u00fcm s\u00fcrmektedir. Avrupa dilleri aras\u0131nda benzersiz olan S\u0131rp\u00e7a, hem Kiril hem de Latin alfabelerini kullan\u0131r; anayasa Kiril alfabesini &#034;resmi alfabe&#034; olarak adland\u0131rsa da, kamu tercihi neredeyse e\u015fit olarak b\u00f6l\u00fcnm\u00fc\u015ft\u00fcr.<\/p>\n<p>Ekonomik olarak S\u0131rbistan, 2024&#039;te nominal GSY\u0130H&#039;nin 81,9 milyar dolar (ki\u015fi ba\u015f\u0131na yakla\u015f\u0131k 12.385 dolar) ve sat\u0131n alma g\u00fcc\u00fc paritesi GSY\u0130H&#039;sinin 185 milyar dolar (ki\u015fi ba\u015f\u0131na 27.985 dolar) olmas\u0131 tahmin edilen \u00fcst-orta gelirli bir piyasa ekonomisi olarak de\u011ferlendiriliyor. Hizmetler \u00e7\u0131kt\u0131n\u0131n ,9&#039;unu, sanayi ,1&#039;ini ve tar\u0131m yakla\u015f\u0131k %6&#039;s\u0131n\u0131 olu\u015fturuyor. Yugoslavya d\u00f6nemi ara\u015ft\u0131rma ve savunma yat\u0131r\u0131mlar\u0131n\u0131n bir miras\u0131 olan silah end\u00fcstrisi, Bat\u0131 Balkanlar&#039;\u0131n \u00f6nde gelen ihracat\u00e7\u0131s\u0131 ve d\u00fcnyan\u0131n yirmi be\u015finci en b\u00fcy\u00fc\u011f\u00fc olmaya devam ediyor ve 2023&#039;te 1,6 milyar dolar\u0131n \u00fczerinde gelir elde ediyor ve otomotiv par\u00e7alar\u0131, madencilik, g\u0131da i\u015fleme ve ila\u00e7lar gibi \u00e7e\u015fitli end\u00fcstriyel bir taban\u0131 tamaml\u0131yor. S\u0131rbistan Ulusal Bankas\u0131 taraf\u0131ndan y\u00f6netilen S\u0131rp dinar\u0131, parasal istikrar\u0131 destekliyor; Belgrad Borsas\u0131, 8,65 milyar dolarl\u0131k piyasa de\u011feriyle m\u00fctevaz\u0131 olsa da, BELEX15 endeksi arac\u0131l\u0131\u011f\u0131yla sermaye piyasalar\u0131na demir at\u0131yor. Uluslararas\u0131 g\u00f6stergelere g\u00f6re S\u0131rbistan, Sosyal \u0130lerleme Endeksi&#039;nde elli ikinci, K\u00fcresel Bar\u0131\u015f Endeksi&#039;nde ise elli d\u00f6rd\u00fcnc\u00fc s\u0131rada yer al\u0131yor.<\/p>\n<p>S\u0131rbistan&#039;\u0131n altyap\u0131s\u0131, Avrupa&#039;n\u0131n do\u011fu-bat\u0131 ve kuzey-g\u00fcney kav\u015fa\u011f\u0131nda stratejik konumundan yararlan\u0131yor. Morava Vadisi, k\u0131ta Avrupas\u0131&#039;ndan K\u00fc\u00e7\u00fck Asya&#039;ya do\u011fal bir kara yolu koridoru sa\u011fl\u0131yor. Yol a\u011flar\u0131 45.419 kilometreye uzan\u0131yor ve bunlar\u0131n 962 kilometresi otoyollar. Ancak yirmi y\u0131ld\u0131r bak\u0131m eksiklikleri bir\u00e7ok ikincil g\u00fczergah\u0131 Bat\u0131 Avrupa standartlar\u0131n\u0131n alt\u0131nda b\u0131rakt\u0131. Son yat\u0131r\u0131mlar, A2 ve A5&#039;in yeni b\u00f6l\u00fcmlerinin in\u015fas\u0131yla 300 kilometreden fazla otoyol ekledi. Otob\u00fcs ta\u015f\u0131mac\u0131l\u0131\u011f\u0131 en uzak k\u00f6yleri bile b\u00f6lgesel merkezlere ba\u011flarken, \u00f6zel otomobil sahipli\u011fi 3,5 ki\u015fi ba\u015f\u0131na bir arabaya ula\u015f\u0131yor.<\/p>\n<p>S\u0131rbistan&#039;\u0131n 1.279 kilometresi elektrikli olmak \u00fczere 3.819 kilometrelik demir yolu hatt\u0131, Belgrad ve Ni\u015f&#039;i Pan-Avrupa koridorlar\u0131 boyunca Budape\u015fte, Bar, Zagreb, Sofya ve Selanik&#039;e ba\u011fl\u0131yor. 2022&#039;de a\u00e7\u0131lan 75 kilometrelik Belgrad-Novi Sad y\u00fcksek h\u0131zl\u0131 demir yolu art\u0131k Subotica&#039;ya do\u011fru uzan\u0131yor ve on y\u0131l\u0131n sonuna kadar \u00fclkenin d\u00f6rt b\u00fcy\u00fck \u015fehrini birbirine ba\u011flamak \u00fczere Ni\u015f&#039;e daha fazla geni\u015fleme planlan\u0131yor. Srbija Voz taraf\u0131ndan sa\u011flanan yolcu hizmetleri ve Srbija Kargo taraf\u0131ndan sa\u011flanan y\u00fck hizmetleri demir yolu arterlerini tamaml\u0131yor.<\/p>\n<p>Hava yolculu\u011fu, 2022&#039;de 2,75 milyon yolcuya hizmet veren Belgrad Nikola Tesla Havaliman\u0131&#039;n\u0131n liderli\u011finde \u00fc\u00e7 uluslararas\u0131 havaliman\u0131ndan ge\u00e7iyor. Bayrak ta\u015f\u0131y\u0131c\u0131s\u0131 Air Serbia, Belgrad&#039;\u0131 New York, Chicago ve Tianjin&#039;e k\u0131talararas\u0131 rotalar da dahil olmak \u00fczere 32 \u00fclkede yakla\u015f\u0131k 80 var\u0131\u015f noktas\u0131na ba\u011fl\u0131yor. Tuna Nehri&#039;nin yan\u0131 s\u0131ra Sava, Tisza ve Begej&#039;in de merkezinde oldu\u011fu i\u00e7 su yollar\u0131, 2018&#039;de sekiz milyon tondan fazla kargoyu ta\u015f\u0131yan 1.700 kilometreden fazla gezilebilir kanal\u0131 s\u00fcrd\u00fcr\u00fcyor. Novi Sad, Belgrad, Pan\u010devo ve di\u011fer nehir limanlar\u0131 S\u0131rbistan&#039;\u0131 hem Ren-Main-Tuna Kanal\u0131 \u00fczerinden Kuzey Denizi&#039;ne hem de Demir Kap\u0131 \u00fczerinden Karadeniz&#039;e ba\u011fl\u0131yor.<\/p>\n<p>Turizm, k\u0131y\u0131 kom\u015fular\u0131na k\u0131yasla hacim olarak m\u00fctevaz\u0131 olsa da, termal kapl\u0131calar, da\u011f tatil k\u00f6yleri ve canl\u0131 kent merkezlerinden olu\u015fan bir doku sunmaktad\u0131r. 2019&#039;da, yar\u0131s\u0131 yurtd\u0131\u015f\u0131ndan gelen kay\u0131tl\u0131 konaklama yerlerinde 3,6 milyondan fazla misafir konaklad\u0131 ve yakla\u015f\u0131k 1,5 milyar dolar d\u00f6viz kazand\u0131rd\u0131. Yerli ziyaret\u00e7iler k\u0131\u015f sporlar\u0131 ve yaz rekreasyonu i\u00e7in Kopaonik, Stara Planina ve Zlatibor&#039;a ak\u0131n ederken, Vrnja\u010dka Banja, Soko Banja ve Banja Kovilja\u010da kapl\u0131ca arayanlar\u0131 termal kaynaklara \u00e7ekiyor. Belgrad ve Novi Sad yabanc\u0131 turistlerin \u00fc\u00e7te ikisini \u00e7ekiyor, k\u00fclt\u00fcrel festivalleri - Novi Sad&#039;daki EXIT ve Gu\u010da trompet festivali - uluslararas\u0131 ilgi g\u00f6r\u00fcyor. \u0110avolja Varo\u0161 kaya olu\u015fumu, orta\u00e7a\u011f manast\u0131rlar\u0131na Ortodoks hac yollar\u0131 ve Demir Kap\u0131 boyunca Tuna Nehri gezileri gibi uzak do\u011fa manzaralar\u0131 S\u0131rbistan&#039;\u0131n sunduklar\u0131n\u0131 daha da \u00e7e\u015fitlendiriyor.<\/p>\n<p>Y\u00fczy\u0131llarca s\u00fcren Helenistik, Roma, Bizans, Osmanl\u0131 ve Habsburg egemenli\u011fi k\u00fclt\u00fcrel bir ikilik yaratm\u0131\u015ft\u0131r: \u00fclkenin kuzey ovalar\u0131 barok mimariden \u00e7ok etnikli bir arada ya\u015famaya kadar Orta Avrupa benzerlikleri sergilerken, g\u00fcney yaylalar\u0131 daha geni\u015f Balkan ve Akdeniz geleneklerini yans\u0131t\u0131r. Venedik etkileri orta\u00e7a\u011f ticaretine ve edebiyat\u0131na s\u0131zm\u0131\u015f, k\u0131y\u0131dan etkilenen sanat ve mimaride da\u011f\u0131n\u0131k izler b\u0131rakm\u0131\u015ft\u0131r.<\/p>\n<p>UNESCO taraf\u0131ndan tan\u0131nmas\u0131 S\u0131rbistan&#039;\u0131n miras\u0131n\u0131 vurgular. Be\u015f D\u00fcnya Miras\u0131 Alan\u0131, Sopo\u0107ani manast\u0131r\u0131, 12. y\u00fczy\u0131ldan kalma Studenica kompleksi, Gamzigrad\u2013Felix Romuliana&#039;daki Roma saray\u0131, Ste\u0107ci&#039;nin orta\u00e7a\u011f mezar ta\u015flar\u0131 ve Visoki De\u010dani, Gra\u010danica ve Pe\u0107 Patriklik Manast\u0131r\u0131 dahil olmak \u00fczere Kosova&#039;n\u0131n tehlike alt\u0131ndaki manast\u0131rlar\u0131n\u0131 i\u00e7eren erken orta\u00e7a\u011f ba\u015fkenti Stari Ras&#039;\u0131 kapsar. D\u00fcnya Belle\u011fi Kayd\u0131, Miroslav \u0130ncili&#039;ni, Nikola Tesla&#039;n\u0131n ar\u015fivlerini, Avusturya-Macaristan sava\u015f ilan\u0131 telgraf\u0131n\u0131 ve Ba\u011flant\u0131s\u0131zlar Hareketi sekreterli\u011finin kurulu\u015f belgelerini korur. Somut olmayan miras \u00f6\u011feleri - slava koruyucu azizi h\u00fcrmeti, kolo halk dans\u0131, gusle ballad \u015fark\u0131lar\u0131, Zlakusa \u00e7anak \u00e7\u00f6mle\u011fi, slivovitz dam\u0131t\u0131m\u0131 ve Kova\u010dica&#039;n\u0131n naif ressamlar\u0131 - kal\u0131c\u0131 toplumsal geleneklere tan\u0131kl\u0131k eder.<\/p>\n<p>B\u00f6lgesel s\u0131n\u0131rlar S\u0131rbistan&#039;\u0131 Belgrad; Podunavlje; Podrinje; elma, \u00fcz\u00fcm ve erikleriyle \u00fcnl\u00fc \u0160umadija; ve Ortodoks manast\u0131rlar\u0131na, Avusturya-Macaristan tarz\u0131 m\u00fczelere ve Deliblatska Pe\u0161\u010dara kumul alan\u0131na ev sahipli\u011fi yapan \u00e7ok etnikli Vojvodina eyaleti olarak b\u00f6ler. S\u0131rbistan taraf\u0131ndan talep edilmesine ra\u011fmen Kosova, Osmanl\u0131 d\u00f6nemi camilerinden da\u011f y\u00fcr\u00fcy\u00fc\u015f\u00fc parkurlar\u0131na kadar kendine \u00f6zg\u00fc cazibe merkezleriyle fiili olarak ba\u011f\u0131ms\u0131z bir cumhuriyet olarak i\u015flev g\u00f6rmektedir.<\/p>\n<p>Kent merkezleri ulusal mozai\u011fi daha da zenginle\u015ftirir. Ba\u015fkent ve en b\u00fcy\u00fck \u015fehir olan Belgrad, Sava ve Tuna&#039;n\u0131n birle\u015fti\u011fi noktada yer al\u0131r ve Roma, Osmanl\u0131 ve Avusturya-Macaristan surlar\u0131n\u0131n katmanlar\u0131, nehir k\u0131y\u0131lar\u0131 boyunca uzanan \u00e7a\u011fda\u015f gece hayat\u0131 b\u00f6lgeleriyle noktalan\u0131r. S\u0131rbistan&#039;\u0131n ilk modern ba\u015fkentinin bulundu\u011fu yer olan Kragujevac, end\u00fcstriyel \u00fcretimi k\u00fclt\u00fcrel kurumlarla dengeler; yak\u0131nlardaki Gru\u017eansko G\u00f6l\u00fc, sakin d\u00fc\u015f\u00fcncelere davet eder. Morava ve Ibar nehirleri aras\u0131nda yer alan Kraljevo, \u017di\u010da manast\u0131r\u0131na, bir orta\u00e7a\u011f ta\u00e7 giyme kilisesine ve biti\u015fikteki termal kaynaklara ev sahipli\u011fi yapar. B\u00fcy\u00fck Konstantin&#039;in do\u011fum yeri olan Ni\u015f, stratejik konumunu bir ula\u015f\u0131m merkezi olarak kullan\u0131r ve Ni\u0161ka Banja spa&#039;s\u0131 ve antik Ni\u015f kalesi gibi tarihi yerlerin yan\u0131 s\u0131ra \u00fcniversitesini ve t\u0131bbi tesislerini geli\u015ftirir. &#034;S\u0131rp Atina&#039;s\u0131&#034; olarak \u00f6v\u00fclen Novi Sad, Tuna Nehri&#039;ni barok yap\u0131larla \u00e7evreler, Petrovaradin kalesi festival alan\u0131na ev sahipli\u011fi yapar ve engebeli \u00fcz\u00fcm ba\u011flar\u0131 ve manast\u0131r alanlar\u0131 ona &#034;\u0130kinci Kutsal Da\u011f&#034; lakab\u0131n\u0131 kazand\u0131ran Fru\u0161ka Gora&#039;ya kom\u015fudur. S\u0131rbistan&#039;\u0131n en eski \u015fehirlerinden biri olan Po\u017earevac, Velika Morava&#039;n\u0131n yan\u0131nda ve Roma s\u0131n\u0131r \u015fehri Viminacium&#039;un yak\u0131n\u0131nda yer al\u0131rken, Subotica&#039;n\u0131n art nouveau Belediye Binas\u0131, Pali\u0107 G\u00f6l\u00fc&#039;n\u00fcn yaz gezinti yollar\u0131na bakmaktad\u0131r. Sremska Mitrovica, d\u00f6rd\u00fcnc\u00fc y\u00fczy\u0131lda imparatorluk ikametgah\u0131 olan Sirmium olarak Roma ge\u00e7mi\u015fini hat\u0131rlat\u0131r ve Vr\u0161ac, Romanya s\u0131n\u0131r\u0131na yak\u0131n \u00fcz\u00fcm ba\u011flar\u0131yla kapl\u0131 tepeleri demirler.<\/p>\n<p>\u015eehirlerin \u00f6tesinde, Rtanj ve Ozren zirveleri aras\u0131nda yer alan Sokobanja gibi kapl\u0131ca kasabalar\u0131, mineral kaynaklar\u0131 ve ormanl\u0131k yama\u00e7lar\u0131yla ziyaret\u00e7ileri cezbediyor; Tara Milli Park\u0131&#039;n\u0131n yo\u011fun ormanlar\u0131, kire\u00e7ta\u015f\u0131 ma\u011faralar\u0131 ve Drina Nehri ge\u00e7itleri yaban hayat\u0131 ve sa\u011fl\u0131k sunuyor; Zlatibor&#039;un meralar\u0131 ve etno-k\u00f6yleri, 1.000 metrelik plato \u00fczerinde k\u0131rsal ya\u015fam\u0131 sergiliyor.<\/p>\n<p>S\u0131rp mutfa\u011f\u0131, Osmanl\u0131 y\u00f6netimi ve Avusturya-Macaristan y\u00f6netiminden miras al\u0131nan yemeklerle k\u00fclt\u00fcrel birle\u015fimini yans\u0131t\u0131r. Etler en \u00fcst seviyededir: \u0107evap\u010di\u0107i, \u0131zgara k\u0131ymal\u0131 sosisler; pljeskavica, baharatl\u0131 et k\u00f6fteleri; sarma, lahana sarmas\u0131; ve ikonik Kara\u0111or\u0111eva \u0161nicla. Burek hamur i\u015fleri, gibanica peynirli turtalar ve fasulye bazl\u0131 pasulj \u00e7orbalar\u0131, \u015fenlikli masalarda hala tad\u0131na var\u0131lan k\u00f6yl\u00fc geleneklerini yans\u0131t\u0131r. Ekmek ve tuz, misafirleri rit\u00fcel bir misafirperverlikle kar\u015f\u0131larken, S\u0131rbistan&#039;\u0131n gurur duydu\u011fu kay\u0131s\u0131 bazl\u0131 slivovitz, 2021&#039;de UNESCO somut olmayan miras stat\u00fcs\u00fcn\u00fc kazand\u0131. \u00dcz\u00fcm ba\u011flar\u0131 22 b\u00f6lgeye yay\u0131lm\u0131\u015f olup, a\u011f\u0131rl\u0131kl\u0131 olarak beyaz \u015faraplar \u00fcretirken, Jelen ve Lav gibi yerel biralar tavernalarda k\u00f6p\u00fcrmektedir. Osmanl\u0131 kahvehanelerinden miras kalan kahve k\u00fclt\u00fcr\u00fc, kafelerde k\u00fc\u00e7\u00fck fincanlarda servis edilen g\u00fc\u00e7l\u00fc, filtresiz S\u0131rp kahvesi \u015feklinde devam etmektedir.<\/p>\n<p>\u0130mparatorluk ve federasyonun ini\u015f \u00e7\u0131k\u0131\u015flar\u0131, fatihlerin ve devrimlerin gelgitleri boyunca S\u0131rbistan, yumu\u015fak tepelerin ve y\u00fckselen zirvelerin, ordular\u0131 ve t\u00fcccarlar\u0131 ayn\u0131 \u015fekilde y\u00f6nlendiren nehirlerin ve kutsal ile sek\u00fcler olan\u0131 e\u015fit \u00f6l\u00e7\u00fcde ba\u011flayan bir halk\u0131n diyar\u0131 olarak varl\u0131\u011f\u0131n\u0131 s\u00fcrd\u00fcr\u00fcyor. Ba\u015fkentinin \u0131\u015f\u0131klar\u0131 antik duvarlar\u0131n \u00fczerinde par\u0131ld\u0131yor, da\u011f tatil k\u00f6yleri karda kayaklarla yank\u0131lan\u0131yor ve termal sular her mevsimde rahatlama vaat ediyor. Tarihin de\u011fi\u015fen s\u0131n\u0131rlar\u0131 aras\u0131nda, S\u0131rbistan&#039;\u0131n misafirperver ruhu, e\u011fitim ve sa\u011fl\u0131k hizmetlerine olan samimi ba\u011fl\u0131l\u0131\u011f\u0131 ve 2030 y\u0131l\u0131na kadar Avrupa entegrasyonu aray\u0131\u015f\u0131, istikrarl\u0131 ve bar\u0131\u015f\u00e7\u0131l bir gelece\u011fe do\u011fru bir yol a\u00e7arken ge\u00e7mi\u015fine sayg\u0131 duyan bir ulusun kan\u0131t\u0131 olarak duruyor.<\/p>","protected":false},"excerpt":{"rendered":"<p>S\u0131rbistan, resmen S\u0131rbistan Cumhuriyeti olarak bilinir, G\u00fcneydo\u011fu ve Orta Avrupa&#039;n\u0131n birle\u015fti\u011fi noktada, Balkanlar ve Pannonian Ovas\u0131 aras\u0131nda yer alan karayla \u00e7evrili bir cumhuriyettir. Kosova&#039;n\u0131n tart\u0131\u015fmal\u0131 b\u00f6lgesi hari\u00e7, yakla\u015f\u0131k 6,6 milyonluk n\u00fcfusuyla S\u0131rbistan, b\u00f6lgede \u00f6nemli bir \u00fclkedir. Ba\u015fkent ve en b\u00fcy\u00fck \u015fehir olan Belgrad, binlerce y\u0131la uzanan bir tarihle tan\u0131mlanan \u00fclkenin siyasi, ekonomik ve k\u00fclt\u00fcrel kalbi olarak faaliyet g\u00f6stermektedir.<\/p>","protected":false},"author":1,"featured_media":4507,"parent":24078,"menu_order":0,"comment_status":"closed","ping_status":"closed","template":"elementor_theme","meta":{"_eb_attr":"","footnotes":""},"class_list":["post-13445","page","type-page","status-publish","has-post-thumbnail"],"_links":{"self":[{"href":"https:\/\/travelshelper.com\/tr\/wp-json\/wp\/v2\/pages\/13445","targetHints":{"allow":["GET"]}}],"collection":[{"href":"https:\/\/travelshelper.com\/tr\/wp-json\/wp\/v2\/pages"}],"about":[{"href":"https:\/\/travelshelper.com\/tr\/wp-json\/wp\/v2\/types\/page"}],"author":[{"embeddable":true,"href":"https:\/\/travelshelper.com\/tr\/wp-json\/wp\/v2\/users\/1"}],"replies":[{"embeddable":true,"href":"https:\/\/travelshelper.com\/tr\/wp-json\/wp\/v2\/comments?post=13445"}],"version-history":[{"count":1,"href":"https:\/\/travelshelper.com\/tr\/wp-json\/wp\/v2\/pages\/13445\/revisions"}],"predecessor-version":[{"id":88936,"href":"https:\/\/travelshelper.com\/tr\/wp-json\/wp\/v2\/pages\/13445\/revisions\/88936"}],"up":[{"embeddable":true,"href":"https:\/\/travelshelper.com\/tr\/wp-json\/wp\/v2\/pages\/24078"}],"wp:featuredmedia":[{"embeddable":true,"href":"https:\/\/travelshelper.com\/tr\/wp-json\/wp\/v2\/media\/4507"}],"wp:attachment":[{"href":"https:\/\/travelshelper.com\/tr\/wp-json\/wp\/v2\/media?parent=13445"}],"curies":[{"name":"wp","href":"https:\/\/api.w.org\/{rel}","templated":true}]}}