{"id":13345,"date":"2024-09-17T16:25:54","date_gmt":"2024-09-17T16:25:54","guid":{"rendered":"https:\/\/travelshelper.com\/staging\/?page_id=13345"},"modified":"2026-03-12T22:41:04","modified_gmt":"2026-03-12T22:41:04","slug":"slovenya","status":"publish","type":"page","link":"https:\/\/travelshelper.com\/tr\/destinations\/europe\/slovenia\/","title":{"rendered":"Slovenya"},"content":{"rendered":"<p>Avrupa k\u0131tas\u0131n\u0131n kalbinde, yemye\u015fil arazilerden ve engebeli zirvelerden olu\u015fan ince bir koridor olan Slovenya, 20.271 kilometrekarelik bir alan\u0131 kaplar ve yakla\u015f\u0131k 2,1 milyon n\u00fcfusa ev sahipli\u011fi yapar; bat\u0131da \u0130talya, kuzeyde Avusturya, kuzeydo\u011fuda Macaristan, g\u00fcney ve g\u00fcneydo\u011fuda H\u0131rvatistan ile \u00e7evrili olup, g\u00fcneybat\u0131da Adriyatik k\u0131y\u0131 \u015feridinin k\u0131sa bir \u015feridini kucaklayan bu cumhuriyetin, Alp y\u00fcksekliklerinin, Panoniyen ovalar\u0131n\u0131n ve Akdeniz etkilerinin birle\u015fti\u011fi noktadaki stratejik konumu, onun e\u015fsiz karakterini destekler.<\/p>\n<p>Bizans \u0130mparatorlu\u011fu&#039;nun ve daha sonra Karolenj ve Kutsal Roma imparatorluklar\u0131n\u0131n hakimiyetine ilk dahil edilmesinden, Macaristan Krall\u0131\u011f\u0131&#039;n\u0131n yarg\u0131 yetkisi alt\u0131ndaki y\u00fczy\u0131llar boyunca, Venedik Cumhuriyeti&#039;nin ticari eri\u015fimi, Napolyon \u0130lirya Eyaletleri ve geni\u015fleyen Habsburg monar\u015fisi boyunca, \u015fimdi Slovenya olarak bilinen b\u00f6lge, imparatorluk ak\u0131mlar\u0131n\u0131n gelgitlerine tan\u0131k oldu - her y\u00f6netim katman\u0131 k\u00fclt\u00fcrel topografyas\u0131nda silinmez izler b\u0131rakt\u0131. 1918 sonbahar\u0131nda, Slovenler, Slovenler, H\u0131rvatlar ve S\u0131rplar Devleti&#039;ni kurarak kolektif yetkilerini ileri s\u00fcrd\u00fcler, ancak aylar sonra yeni kurulan S\u0131rplar, H\u0131rvatlar ve Slovenler Krall\u0131\u011f\u0131&#039;na (1929&#039;da Yugoslavya olarak yeniden adland\u0131r\u0131ld\u0131) birle\u015ftiler. Almanya, \u0130talya ve Macaristan&#039;\u0131n topraklar\u0131 b\u00f6l\u00fcp ilhak etti\u011fi ve Ba\u011f\u0131ms\u0131z H\u0131rvatistan Devleti&#039;ne devredilen bir par\u00e7a ile tamamlad\u0131\u011f\u0131 \u0130kinci D\u00fcnya Sava\u015f\u0131&#039;n\u0131n \u00e7alkant\u0131lar\u0131n\u0131, sosyalist Yugoslavya&#039;ya yeniden entegrasyon izledi. Haziran 1991&#039;de d\u0131\u015f vesayetten kurtulan Slovenya&#039;n\u0131n egemenlik bildirgesi, \u00fclkenin Avrupa Birli\u011fi, NATO ve di\u011fer k\u00fcresel kurulu\u015flara \u00fcye olarak yolunu \u00e7izece\u011fi, ayn\u0131 zamanda sayg\u0131n \u00fcretim ve tar\u0131m faaliyetlerini ileri d\u00fczey bilgi teknolojisi ve finansal hizmetlerle dengeleyen y\u00fcksek gelirli bir ekonomi geli\u015ftirece\u011fi yeni bir d\u00f6nemin ba\u015flang\u0131c\u0131 oldu.<\/p>\n<p>Co\u011frafi olarak Slovenya, 45\u00b0 ve 47\u00b0 kuzey enlemleri ile 13\u00b0 ve 17\u00b0 do\u011fu boylamlar\u0131 aras\u0131nda uzan\u0131r, yakla\u015f\u0131k olarak on be\u015finci do\u011fu meridyeni taraf\u0131ndan ikiye b\u00f6l\u00fcn\u00fcr ve Litija Belediyesi&#039;ndeki Slivna yak\u0131nlar\u0131ndaki bir nokta olan 46\u00b007\u203211.8\u2033 K, 14\u00b048\u203255.2\u2033 D koordinatlar\u0131nda merkezlenir. Topografik \u00e7e\u015fitlili\u011fi \u015fa\u015f\u0131rt\u0131c\u0131d\u0131r: d\u00f6rt b\u00fcy\u00fck Avrupa b\u00f6lgesi -Alpler, Dinaritler, Pannonian Ovas\u0131 ve Akdeniz havzas\u0131- s\u0131n\u0131rlar\u0131 i\u00e7inde birle\u015fir. Kuzey kesimlerine Julian Alpleri, Kamnik-Savinja Alpleri ve Karawanks ile Pohorje masifi hakimdir; \u00fclkenin zirvesi olan Triglav Da\u011f\u0131 2.864 metreye y\u00fckselir ve ulusal kimli\u011fin g\u00fc\u00e7l\u00fc bir amblemi olarak hem bayra\u011f\u0131n\u0131 hem de armas\u0131n\u0131 s\u00fcsler. G\u00fcneybat\u0131da, Slovenya Sahili&#039;nin Akdeniz&#039;in kuca\u011f\u0131na yerle\u015fti\u011fi 47 kilometrelik Adriyatik cephesi, Postojna Ma\u011faras\u0131 ve UNESCO listesindeki \u0160kocjan Ma\u011faralar\u0131&#039;nda kutlanan nehirler, ge\u00e7itler ve ma\u011faralardan olu\u015fan bir yeralt\u0131 d\u00fcnyas\u0131n\u0131 \u015fekillendiren eriyen kire\u00e7ta\u015f\u0131yla Karst Platosu&#039;na yol verir. Buna kar\u015f\u0131l\u0131k, do\u011fudaki geni\u015flikler Pannonian ovas\u0131na do\u011fru d\u00fczle\u015firken, b\u00f6lgenin y\u00fczde 90&#039;\u0131ndan fazlas\u0131 deniz seviyesinden 200 metreden fazla y\u00fcksekliktedir.<\/p>\n<p>\u0130klimsel olarak, Slovenya&#039;n\u0131n \u0131l\u0131man enlemleri \u00fc\u00e7l\u00fc bir sisteme ev sahipli\u011fi yapar: kuzeydo\u011fuda belirgin mevsimsel s\u0131cakl\u0131k de\u011fi\u015fimleriyle i\u015faretlenen bir k\u0131tasal rejim; k\u0131y\u0131 boyunca ve So\u010da Vadisi&#039;nin alt kesimlerinde bir Akdeniz alt\u0131 etkisi; ve y\u00fckseklikte bir Alp iklimi. Genellikle Cenova K\u00f6rfezi&#039;nden gelen ak\u0131nt\u0131larla ta\u015f\u0131nan ya\u011f\u0131\u015f, bat\u0131daki yerle\u015fim yerlerinde 3.500 milimetreden fazla ve Prekmurje&#039;de yakla\u015f\u0131k 800 milimetre aras\u0131nda dalgalan\u0131r; Ljubljana&#039;daki rekor kar \u00f6rt\u00fcs\u00fc \u015eubat 1952&#039;de 146 santimetreye ula\u015ft\u0131. Slovenya, s\u00fcrekli f\u0131rt\u0131nalardan nispeten korunakl\u0131 olmas\u0131na ra\u011fmen, belirgin r\u00fczgarlar ya\u015far - nemli, g\u00fcneyden gelen jugo ve Littoral boyunca sert, kuzeyden gelen bora ve ayr\u0131ca alpin b\u00f6lgelerdeki f\u00f6n - yerel dikey ak\u0131nt\u0131lar engebeli arazinin g\u00fcnl\u00fck termal d\u00f6ng\u00fclerinden kaynaklan\u0131rken.<\/p>\n<p>Ayak alt\u0131nda, \u00fclkenin jeolojisi de ayn\u0131 \u015fekilde canl\u0131d\u0131r. Afrika ve Avrasya Levhalar\u0131 aras\u0131nda z\u0131t y\u00f6nde d\u00f6nen minik Adriyatik Levhas\u0131 \u00fczerinde yer alan Slovenya, tarihi kay\u0131tlarda altm\u0131\u015f y\u0131k\u0131c\u0131 titremenin kaydedildi\u011fi sismik olarak aktif bir b\u00f6lgeyi i\u015fgal eder. Karst olu\u015fumlar\u0131 platonun \u00f6tesine uzanarak temel kayan\u0131n \u00e7o\u011funu karbonatla doldurur ve yeralt\u0131 sular\u0131n\u0131n yava\u015f sanat\u00e7\u0131l\u0131\u011f\u0131na tan\u0131kl\u0131k eden bir ma\u011fara labirenti besler. Bu \u00e7e\u015fitli fizyografik ortamlar co\u011frafyac\u0131lar taraf\u0131ndan makrob\u00f6lgelere -Alp, subalpin, Akdeniz alt\u0131, Dinarik ve Pannonian- ayr\u0131l\u0131rken, \u00e7a\u011fda\u015f do\u011fal co\u011frafi s\u0131n\u0131fland\u0131rmalar bunlar\u0131 d\u00f6rt kapsay\u0131c\u0131 manzaraya birle\u015ftirir: Alp, Akdeniz, Dinarik ve Pannonian, s\u0131kl\u0131kla ge\u00e7i\u015f ni\u015fleriyle i\u00e7 i\u00e7e ge\u00e7mi\u015ftir.<\/p>\n<p>Yakla\u015f\u0131k 11.823 kilometrekarelik alan\u0131 kapsayan Slovenya&#039;n\u0131n yakla\u015f\u0131k &#039;i ormanlarla kapl\u0131d\u0131r -\u00e7o\u011funlukla kay\u0131n, k\u00f6knar-kay\u0131n ve kay\u0131n-me\u015fe ormanlar\u0131- \u00fclkeyi orman \u00f6rt\u00fcs\u00fc a\u00e7\u0131s\u0131ndan Finlandiya ve \u0130sve\u00e7&#039;in ard\u0131ndan Avrupa&#039;da \u00fc\u00e7\u00fcnc\u00fc s\u0131raya yerle\u015ftirir; Ko\u010devje b\u00f6lgesinde bakir ormanl\u0131k alanlar\u0131n kal\u0131nt\u0131lar\u0131 varl\u0131\u011f\u0131n\u0131 s\u00fcrd\u00fcrmektedir. Otlaklar, tarlalar, bah\u00e7eler, meyve bah\u00e7eleri ve \u00fcz\u00fcm ba\u011flar\u0131 ek alanlar\u0131 kaplarken, 286 Natura 2000 b\u00f6lgesi arazinin &#039;s\u0131n\u0131 korumaktad\u0131r ve bu Avrupa Birli\u011fi \u00fclkeleri aras\u0131nda en kapsaml\u0131 a\u011fd\u0131r. Tek milli park olan Triglav Milli Park\u0131, flora ve fauna i\u00e7in bir kale olarak durmaktad\u0131r ve Slovenya&#039;n\u0131n \u00e7evre y\u00f6netimi Yale&#039;in \u00c7evresel Performans Endeksi gibi endekslerde tan\u0131nmaktad\u0131r.<\/p>\n<p>Hidrolojik olarak, Slovenya topraklar\u0131n\u0131n yakla\u015f\u0131k &#039;i Mura, Drava ve Sava nehir sistemleri arac\u0131l\u0131\u011f\u0131yla Karadeniz havzas\u0131na akmaktad\u0131r - Kolpa, ikincisinin kollar\u0131ndan biridir - kalan ise g\u00fcneye Adriyatik&#039;e akmaktad\u0131r. Da\u011flardan gelen kaynak sular\u0131 ola\u011fan\u00fcst\u00fc safl\u0131kta sular \u00fcretir, ancak tar\u0131msal ak\u0131\u015f yerel zorluklar sunar. Slovenya&#039;n\u0131n en b\u00fcy\u00fck do\u011fal g\u00f6l\u00fc ve Sava Nehri&#039;nin kayna\u011f\u0131 olan Bohinj gibi g\u00f6ller, z\u00fcmr\u00fct rengi Trenta Vadisi&#039;nden ge\u00e7en So\u010da Nehri&#039;nin kristal ak\u0131nt\u0131lar\u0131n\u0131 tamamlayarak yayla arazisini vurgular.<\/p>\n<p>Ekonomik olarak, Slovenya&#039;n\u0131n ba\u011f\u0131ms\u0131zl\u0131\u011f\u0131ndan bu yana ge\u00e7irdi\u011fi d\u00f6n\u00fc\u015f\u00fcm dikkat \u00e7ekicidir: \u00fclke, ki\u015fi ba\u015f\u0131na d\u00fc\u015fen GSY\u0130H&#039;n\u0131n Slav akranlar\u0131n\u0131 geride b\u0131rakt\u0131\u011f\u0131 en geli\u015fmi\u015f ge\u00e7i\u015f ekonomilerinden birine sahiptir. Geleneksel sekt\u00f6rler -madencilik, metalurji, kimyasal \u00fcretim ve tar\u0131m- geli\u015fen bilgi teknolojisi, finansal hizmetler ve \u00e7evreye duyarl\u0131 turizmle birlikte var olur. D\u0131\u015f ticaret, Avrupa Birli\u011fi, Ekonomik \u0130\u015fbirli\u011fi ve Kalk\u0131nma \u00d6rg\u00fct\u00fc ve D\u00fcnya Ticaret \u00d6rg\u00fct\u00fc \u00fcyeli\u011fiyle kolayla\u015ft\u0131r\u0131lan ulusal \u00e7\u0131kt\u0131n\u0131n \u00f6nemli bir b\u00f6l\u00fcm\u00fcn\u00fc olu\u015fturur. B\u00f6lgesel refah de\u011fi\u015fir, Orta Slovenya b\u00f6lgesi (Ljubljana taraf\u0131ndan demirlenmi\u015ftir) ve K\u0131y\u0131-Karst alanlar\u0131 zenginlikte \u00f6nde gelirken, Mura, Orta Sava ve K\u0131y\u0131-\u0130\u00e7 Carniola daha d\u00fc\u015f\u00fck endeksler kaydeder.<\/p>\n<p>Slovenya&#039;daki turizm, her biri s\u00fcrd\u00fcr\u00fclebilir uygulaman\u0131n dokusuna dokunmu\u015f do\u011fal ve k\u00fclt\u00fcrel varl\u0131klar\u0131n bir yelpazesinde ortaya \u00e7\u0131kar: 2017&#039;de National Geographic Traveller, Slovenya&#039;y\u0131 d\u00fcnyan\u0131n en s\u00fcrd\u00fcr\u00fclebilir destinasyonu olarak belirledi ve ard\u0131ndan gelen \u00f6d\u00fcller, 2021&#039;de Avrupa Gastronomi B\u00f6lgesi \u00f6d\u00fcl\u00fc de dahil olmak \u00fczere ye\u015fil kimlik bilgilerini do\u011frulad\u0131. Bir\u00e7o\u011fu yerli mimar Jo\u017ee Ple\u010dnik taraf\u0131ndan tasarlanan Ljubljana&#039;n\u0131n Barok ve Viyana Ayr\u0131l\u0131k\u00e7\u0131 yap\u0131lar\u0131yla \u00f6rneklenen kentsel mimari miras, orta\u00e7a\u011f kiliseleri, binlerce kal\u0131nt\u0131 kale, malikane ve geleneksel samanl\u0131klarla (kozolci) bir arada var olur. D\u00f6rt UNESCO D\u00fcnya Miras\u0131 Alan\u0131 - \u0160kocjan Ma\u011faralar\u0131, Goteni\u0161ki Sne\u017enik ve Ko\u010devski Rog&#039;un eski ormanlar\u0131, Idrija C\u0131va Madeni ve Ljubljana Batakl\u0131\u011f\u0131&#039;n\u0131n tarih \u00f6ncesi kaz\u0131k evleri - \u00fclkenin k\u00fclt\u00fcrel ve do\u011fal miras\u0131n\u0131 vurgular. Ptuj ve \u0160kofja Loka gibi tarihi kasabalar, u\u00e7urum kenar\u0131ndaki Predjama Kalesi ve Se\u010dovlje&#039;nin turba bak\u0131m\u0131ndan zengin tuz tesisleri, insan yarat\u0131c\u0131l\u0131\u011f\u0131n\u0131n ve jeolojik g\u00f6sterinin daha geni\u015f bir anlat\u0131s\u0131n\u0131n b\u00f6l\u00fcmlerini olu\u015fturur.<\/p>\n<p>K\u0131y\u0131 kasabalar\u0131 aras\u0131nda, Piran&#039;\u0131n Venedik-Gotik lag\u00fcn cepheleri ve Portoro\u017e&#039;un yaz aylar\u0131ndaki ne\u015fesi Akdeniz miras\u0131na i\u015faret ediyor; i\u00e7 kesimlerde, Maribor&#039;u \u00e7evreleyen \u015farap ku\u015fa\u011f\u0131 tepeleri, d\u00fcnyan\u0131n en eskisi olarak kabul edilen 400 y\u0131ll\u0131k \u017dametovka asmas\u0131n\u0131n \u00f6rnekledi\u011fi \u015farap\u00e7\u0131l\u0131k geleneklerini kutluyor. Spa merkezleri\u2014Roga\u0161ka Slatina, Radenci, \u010cate\u017e ob Savi, Dobrna ve Moravske Toplice\u2014\u00e7obanl\u0131k ortam\u0131nda \u015fifal\u0131 sular sunarken, macera arayanlar Julian Alpleri ve So\u010da havzas\u0131nda cesaretlerini s\u0131narlar: kanyon ge\u00e7i\u015fi, rafting, yama\u00e7 para\u015f\u00fct\u00fc ve da\u011f bisikleti, genellikle daha y\u00fcksek maliyetli Alp muadilleriyle k\u0131yaslanarak yirminci y\u00fczy\u0131l\u0131n ba\u015flar\u0131ndaki fiyatlarda uygulanmaktad\u0131r.<\/p>\n<p>Mutfak, \u00fclkenin \u00fc\u00e7l\u00fc k\u00fclt\u00fcrel miras\u0131n\u0131 yans\u0131t\u0131r: Germen, Latin ve Slav. M\u00fctevaz\u0131 yemeklere dayanan k\u0131rktan fazla b\u00f6lgesel yemek \u00e7e\u015fidi: ri\u010det, jota ve mine\u0161tra gibi tek kapta haz\u0131rlanan yemekler; karabu\u011fday \u017eganci; (Prekmurje&#039;de) bujta repa ve katmanl\u0131 prekmurska gibanica; Littoral&#039;\u0131n s\u00fczme f\u00fcme pr\u0161ut&#039;u; ve diaspora sembolizmi yurtd\u0131\u015f\u0131ndaki Sloven topluluklar\u0131nda yank\u0131 bulan sembolik potica f\u0131nd\u0131k rulosu. 2000 y\u0131l\u0131nda a\u00e7\u0131lan y\u0131ll\u0131k Kavrulmu\u015f Patates Festivali de dahil olmak \u00fczere mutfak festivalleri g\u00fcnl\u00fck gelenekleri kutlarken, kranjska klobasa sosisi ve sayg\u0131de\u011fer \u017dametovka asmas\u0131 hem men\u015fei hem de mevsimsel ritimleri \u00f6d\u00fcllendiren bir terroir duygusunu g\u00fc\u00e7lendirir.<\/p>\n<p>Slovenya&#039;daki ba\u011flant\u0131, fizyografisi taraf\u0131ndan \u015fekillendirilir: Pan-Avrupa koridorlar\u0131 V (Kuzey Adriyatik&#039;i Orta ve Do\u011fu Avrupa&#039;ya ba\u011flar) ve X (Orta Avrupa&#039;y\u0131 Balkanlar&#039;a ba\u011flar) topraklar\u0131nda birle\u015ferek kara, demir, liman ve hava trafi\u011fini kolayla\u015ft\u0131r\u0131r. 1994&#039;ten sonra geni\u015flemesi h\u0131zlanan otoyollar, art\u0131k y\u00fck ve yolcu ta\u015f\u0131mac\u0131l\u0131\u011f\u0131n\u0131n y\u00fczde seksenini olu\u015fturan yo\u011fun bir a\u011f \u00f6r\u00fcyor, ancak ikincil devlet yollar\u0131 artan y\u00fckler alt\u0131nda bozuldu. Eski altyap\u0131 ve da\u011f\u0131n\u0131k yerle\u015fim d\u00fczenleri taraf\u0131ndan engellenen demiryollar\u0131, Koper-Diva\u010da ekseninde y\u00fckseltmenin \u00f6n a\u015famalar\u0131ndad\u0131r, Koper Liman\u0131 ise kuzey Adriyatik&#039;in konteyner merkezi olarak h\u00fck\u00fcm s\u00fcrmektedir - y\u0131lda yakla\u015f\u0131k 590.000 yirmi fit e\u015fde\u011fer \u00fcniteyi elle\u00e7lemektedir - ve Izola ve Piran taraf\u0131ndan tamamlanan deniz y\u00fck ve yolcu hareketlerini s\u00fcrd\u00fcrmektedir. Hava yolculu\u011fu m\u00fctevaz\u0131 olmaya devam ediyor ancak b\u00fcy\u00fcyor: Ljubljana Jo\u017ee Pu\u010dnik Havaalan\u0131, Maribor Edvard Rusjan ve Portoro\u017e&#039;un yan\u0131 s\u0131ra, Adria Airways&#039;in 2019&#039;daki iflas\u0131n\u0131n b\u0131rakt\u0131\u011f\u0131 bo\u015flu\u011fu d\u00fc\u015f\u00fck maliyetli ta\u015f\u0131y\u0131c\u0131larla doldurarak ana ge\u00e7i\u015f noktas\u0131 olarak hizmet veriyor.<\/p>\n<p>Demografik olarak, cumhuriyetin Ekim 2024 n\u00fcfus say\u0131m\u0131nda 2.129.052 ki\u015fi kaydedilmi\u015f ve kilometrekare ba\u015f\u0131na 105 ki\u015filik bir yo\u011funluk elde edilmi\u015ftir; Hollanda veya \u0130talya ile yan yana getirildi\u011finde k\u00fc\u00e7\u00fckt\u00fcr ve Orta Slovenya merkezinden seyrek n\u00fcfuslu \u0130\u00e7 Carniola-Karst&#039;a kadar istatistiksel b\u00f6lgelere e\u015fitsiz bir \u015fekilde da\u011f\u0131lm\u0131\u015ft\u0131r. Almanla\u015fma d\u00f6nemlerinde Katolik manast\u0131r koruyucular\u0131 taraf\u0131ndan nesiller boyunca y\u00f6netilen Slovence&#039;nin korunmas\u0131, kom\u015fu S\u0131rp-H\u0131rvat dillerinden farkl\u0131 bir dil birli\u011fini desteklemektedir.<\/p>\n<p>Slovenya&#039;n\u0131n \u00f6z\u00fcn\u00fc kavramaya niyetli gezginler i\u00e7in, Ljubljana&#039;n\u0131n Ljubljanica&#039;s\u0131n\u0131 kaplayan \u00dc\u00e7l\u00fc K\u00f6pr\u00fc&#039;den Bled G\u00f6l\u00fc&#039;ndeki efsanevi adaya; sark\u0131tlar\u0131n yeralt\u0131 katedrallerinden \u0160kocjan&#039;\u0131n karst\u0131n\u0131n g\u00fcne\u015fte kavrulmu\u015f teraslar\u0131na; Alp meralar\u0131n\u0131n f\u0131s\u0131ldayan pastoral dinginli\u011finden Venedik siperlerinin Adriyatik esintisini yakalad\u0131\u011f\u0131 k\u0131y\u0131 gezinti yollar\u0131na kadar uzanan ritmik tablo, do\u011fan\u0131n an\u0131tsall\u0131\u011f\u0131 ile insan zanaatkarl\u0131\u011f\u0131 aras\u0131ndaki devam eden diyalogda bir b\u00f6l\u00fcm sunar. \u0130ster otoyol, ister demir yolu veya dere yoluyla ge\u00e7ilsin, Slovenya kendisini kesi\u015fen alemlerin bir alemi, k\u0131talar\u0131n nab\u0131zlar\u0131n\u0131n ve Akdeniz ritimlerinin birle\u015fti\u011fi, haf\u0131zan\u0131n ve modernli\u011fin s\u00fcrekli dengede kald\u0131\u011f\u0131 ve gezginin bak\u0131\u015f\u0131n\u0131n toprak, tarih ve k\u00fclt\u00fcr\u00fcn karma\u015f\u0131k etkile\u015fiminde oyalanmaya davet edildi\u011fi bir yer olarak ortaya koyar.<\/p>","protected":false},"excerpt":{"rendered":"<p>G\u00fcney Orta Avrupa&#039;da bulunan k\u00fc\u00e7\u00fck ama ilgi \u00e7ekici bir \u00fclke olan Slovenya, \u00f6nemli Avrupa k\u00fclt\u00fcr ve ticaret yollar\u0131n\u0131n kesi\u015fti\u011fi noktada stratejik bir konuma sahiptir. Slovenya, 20.271 kilometrekarelik (7.827 mil kare) \u00e7e\u015fitli topografyas\u0131na da\u011f\u0131lm\u0131\u015f yakla\u015f\u0131k 2,1 milyonluk n\u00fcfusuyla do\u011fal g\u00fczellik, zengin tarih ve modern geli\u015fimin \u00f6zel bir kar\u0131\u015f\u0131m\u0131n\u0131 sunar. Bat\u0131da \u0130talya, kuzeyde Avusturya, kuzeydo\u011fuda Macaristan, g\u00fcneyde ve g\u00fcneydo\u011fuda H\u0131rvatistan ile s\u0131n\u0131rlar\u0131 olan ve resmen Slovenya Cumhuriyeti (Slovence&#039;de Republika Slovenija) olarak adland\u0131r\u0131lan bu \u00fclke, g\u00fcneybat\u0131da Adriyatik k\u0131y\u0131s\u0131n\u0131n bir dilimini de talep etmektedir.<\/p>","protected":false},"author":1,"featured_media":4335,"parent":24078,"menu_order":0,"comment_status":"closed","ping_status":"closed","template":"elementor_theme","meta":{"_eb_attr":"","footnotes":""},"class_list":["post-13345","page","type-page","status-publish","has-post-thumbnail"],"_links":{"self":[{"href":"https:\/\/travelshelper.com\/tr\/wp-json\/wp\/v2\/pages\/13345","targetHints":{"allow":["GET"]}}],"collection":[{"href":"https:\/\/travelshelper.com\/tr\/wp-json\/wp\/v2\/pages"}],"about":[{"href":"https:\/\/travelshelper.com\/tr\/wp-json\/wp\/v2\/types\/page"}],"author":[{"embeddable":true,"href":"https:\/\/travelshelper.com\/tr\/wp-json\/wp\/v2\/users\/1"}],"replies":[{"embeddable":true,"href":"https:\/\/travelshelper.com\/tr\/wp-json\/wp\/v2\/comments?post=13345"}],"version-history":[{"count":0,"href":"https:\/\/travelshelper.com\/tr\/wp-json\/wp\/v2\/pages\/13345\/revisions"}],"up":[{"embeddable":true,"href":"https:\/\/travelshelper.com\/tr\/wp-json\/wp\/v2\/pages\/24078"}],"wp:featuredmedia":[{"embeddable":true,"href":"https:\/\/travelshelper.com\/tr\/wp-json\/wp\/v2\/media\/4335"}],"wp:attachment":[{"href":"https:\/\/travelshelper.com\/tr\/wp-json\/wp\/v2\/media?parent=13345"}],"curies":[{"name":"wp","href":"https:\/\/api.w.org\/{rel}","templated":true}]}}