{"id":13339,"date":"2024-09-17T16:20:37","date_gmt":"2024-09-17T16:20:37","guid":{"rendered":"https:\/\/travelshelper.com\/staging\/?page_id=13339"},"modified":"2026-03-12T22:34:54","modified_gmt":"2026-03-12T22:34:54","slug":"bratislava","status":"publish","type":"page","link":"https:\/\/travelshelper.com\/tr\/destinations\/europe\/slovakia\/bratislava\/","title":{"rendered":"Bratislava"},"content":{"rendered":"<p data-pm-slice=\"1 1 []\">Resmi n\u00fcfusu yakla\u015f\u0131k 475.000 olan Slovak Cumhuriyeti&#039;nin ba\u015fkenti ve en b\u00fcy\u00fck \u015fehri olan Bratislava, g\u00fcnl\u00fck g\u00f6\u00e7\u00fcn 570.000&#039;e yak\u0131n oldu\u011fu tahmin edilmesine ra\u011fmen, Slovakya&#039;n\u0131n g\u00fcneybat\u0131s\u0131nda Tuna ve Morava nehirlerinin birle\u015fti\u011fi noktada, 367,58 kilometrekarelik bir alanda, K\u00fc\u00e7\u00fck Karpatlar&#039;\u0131n ete\u011finde e\u015fsiz bir konumda yer almaktad\u0131r ve hem Avusturya hem de Macaristan ile s\u0131n\u0131r kom\u015fusudur. Bu \u00f6zelli\u011fiyle d\u00fcnyada iki egemen devleti bir araya getiren tek ba\u015fkenttir.<\/p>\n<p>Binlerce y\u0131l\u0131 kapsayan bir y\u00f6r\u00fcnge Bratislava&#039;n\u0131n karakterini \u015fekillendirmi\u015ftir. \u015eehrin bilinen en eski sakinleri, Ta\u015f \u00c7a\u011f\u0131 ile Bronz \u00c7a\u011f\u0131 aras\u0131ndaki ge\u00e7i\u015f d\u00f6neminde kale tepesinde izler b\u0131rakm\u0131\u015ft\u0131r. Sonraki d\u00f6nemler bir Kelt akropol\u00fcn\u00fc, bir Roma s\u0131n\u0131r kalesini, B\u00fcy\u00fck Moravya siyasi merkezini ve daha sonra Orta \u00c7a\u011f Macaristan Krall\u0131\u011f\u0131&#039;n\u0131n bir kalesini g\u00f6stermektedir. 1536&#039;dan 1783&#039;e kadar bu krall\u0131\u011f\u0131n yasama merkezi ve ta\u00e7 giyme yeri olarak hizmet vermi\u015f, on bir kral ve sekiz krali\u00e7e St Martin Katedrali&#039;nin tonozlu s\u0131n\u0131rlar\u0131 i\u00e7inde ta\u00e7lar\u0131n\u0131 alm\u0131\u015flard\u0131r. On \u00fc\u00e7\u00fcnc\u00fc y\u00fczy\u0131ldan on alt\u0131nc\u0131 y\u00fczy\u0131la kadar in\u015fa edilen yap\u0131, bu t\u00f6renlere ait bir Gotik an\u0131t olmaya devam ederken, Orta \u00c7a\u011f surlar\u0131n\u0131n tek kal\u0131nt\u0131s\u0131 olan Michael Kap\u0131s\u0131, bir zamanlar ileri gelenlerin, din adamlar\u0131n\u0131n ve t\u00fcccarlar\u0131n ayak seslerinin yank\u0131land\u0131\u011f\u0131 dar caddelerin \u00fczerinde n\u00f6bet tutmaktad\u0131r.<\/p>\n<p>Orta Tuna havzas\u0131nda, nehir boyunca 126 metreden Dev\u00ednska Kobyla&#039;da 514 metreye kadar de\u011fi\u015fen y\u00fcksekliklerde yer alan Bratislava, k\u0131y\u0131 ovalar\u0131ndan ge\u00e7erek b\u00f6lgenin ormanl\u0131k tepelerine kadar uzan\u0131r. \u0130dari s\u0131n\u0131rlar\u0131 i\u00e7erisinde K\u00fc\u00e7\u00fck Tuna ve Vydrica nehirleri Tuna ile birle\u015ferek Avrupa porsuklar\u0131, k\u0131z\u0131l tilkiler, yaban domuzu ve hem k\u0131z\u0131l hem de karaca geyiklerine ev sahipli\u011fi yapan k\u0131y\u0131 ormanlar\u0131n\u0131 olu\u015fturur. \u0130klim profili nemli subtropikal (Cfa) olarak kaydedilir, k\u0131tasal (Dfa) ile fl\u00f6rt eder ve y\u0131ll\u0131k ortalama s\u0131cakl\u0131\u011f\u0131n 11,1\u00b0C civar\u0131nda olmas\u0131, en s\u0131cak aylar\u0131n ortalama 22,0\u00b0C olmas\u0131 ve so\u011fuk hava d\u00f6nemlerinin 0,3\u00b0C&#039;ye d\u00fc\u015fmesiyle tan\u0131mlan\u0131r. Ya\u011f\u0131\u015f y\u0131l boyunca e\u015fit olarak da\u011f\u0131l\u0131r, ancak h\u0131zl\u0131 mevsimsel ge\u00e7i\u015fler art\u0131k ilkbahar ve sonbahar\u0131 k\u0131salt\u0131rken, a\u015f\u0131r\u0131 termometreler 39,4\u00b0C&#039;lik en y\u00fcksek ve -24,6\u00b0C&#039;lik en d\u00fc\u015f\u00fck de\u011ferleri kaydetmi\u015ftir. Y\u00fczy\u0131llard\u0131r s\u00fcregelen nehir dinamiklerinin bir sonucu olarak, Dev\u00edn ve Dev\u00ednska Nov\u00e1 Ves gibi hassas b\u00f6lgelerde her iki yakada da sel savunma hatlar\u0131 olu\u015fturulmu\u015ftur.<\/p>\n<p>Bratislava&#039;n\u0131n kentsel bi\u00e7imi, orta\u00e7a\u011f kulelerini yirminci ve yirmi birinci y\u00fczy\u0131llar\u0131n h\u0131rslar\u0131yla bir araya getirir. Eski Kent, aralar\u0131nda on sekizinci y\u00fczy\u0131l ortalar\u0131ndan kalma ve \u015fu anda ba\u015fkanl\u0131k konutuna ev sahipli\u011fi yapan bir yap\u0131 olan Grassalkovich Saray\u0131 ve h\u00fck\u00fcmetin \u00e7a\u011fda\u015f merkezi olan eski Ba\u015fpiskoposluk Saray\u0131&#039;n\u0131n da bulundu\u011fu barok saraylar\u0131 yo\u011funla\u015ft\u0131r\u0131r. On d\u00f6rd\u00fcnc\u00fc ve on be\u015finci y\u00fczy\u0131llardan kalma yap\u0131lardan olu\u015fan Belediye Binas\u0131, Bratislava \u015eehir M\u00fczesi&#039;ni i\u00e7erir ve d\u00f6neminin sivil otoritesini \u00e7a\u011fr\u0131\u015ft\u0131r\u0131r. Yak\u0131nlarda, 1756&#039;da in\u015fa edilen \u00dcniversite K\u00fct\u00fcphanesi, 1802&#039;den Reform D\u00f6nemi&#039;ne kadar Macar Diyeti&#039;ne ev sahipli\u011fi yapm\u0131\u015ft\u0131r. Reform D\u00f6nemi&#039;nde, serfli\u011fi kald\u0131ran ve Macar Bilimler Akademisi&#039;ni kuran yasalar duvarlar\u0131 i\u00e7inde ilan edilmi\u015ftir. Daha k\u00fc\u00e7\u00fck konutlar somut olmayan miras\u0131 korur: Johann Nepomuk Hummel&#039;in do\u011fdu\u011fu ev, on sekizinci y\u00fczy\u0131l ev mimarisini simgeler.<\/p>\n<p>Dini yap\u0131lar \u015fehrin anlat\u0131s\u0131nda ayd\u0131nl\u0131k bir iplik olu\u015fturur. On \u00fc\u00e7\u00fcnc\u00fc y\u00fczy\u0131l\u0131n sonlar\u0131na tarihlenen Fransisken Kilisesi ve Manast\u0131r\u0131, en eski korunmu\u015f kutsal yap\u0131 olarak kay\u0131tlara ge\u00e7er ve bir zamanlar \u015f\u00f6valyelik t\u00f6renlerinin mekan\u0131 olarak hizmet vermi\u015ftir. Macar Ayr\u0131l\u0131k\u00e7\u0131 \u015faheseri olan Aziz Elizabeth Mavi Kilisesi, tek renkli bir cepheye sahiptir ve hala al\u0131\u015f\u0131lmad\u0131k \u00e7izgilerini arayan ziyaret\u00e7ileri kendine \u00e7ekmektedir. Bratislava&#039;n\u0131n ayakta kalan tek sinagogu, bir zamanlar canl\u0131 bir Yahudi toplulu\u011funa tan\u0131kl\u0131k ederken, kale tepesinin alt\u0131nda on dokuzuncu y\u00fczy\u0131l mezarl\u0131k duvarlar\u0131n\u0131n kaz\u0131lm\u0131\u015f bir par\u00e7as\u0131 Haham Moses Sofer&#039;in dinlenme yerini i\u015faretler. \u0130kinci D\u00fcnya Sava\u015f\u0131&#039;ndan sonra, Slav\u00edn askeri mezarl\u0131\u011f\u0131, \u015fehri g\u00f6ren bir tepede a\u00e7\u0131ld\u0131 ve an\u0131tlar\u0131 Nisan 1945&#039;teki kurtulu\u015fta kaybedilen Sovyet askerlerine adand\u0131.<\/p>\n<p>Modern m\u00fcdahaleler aras\u0131nda \u00f6ne \u00e7\u0131kanlardan biri, Tuna Nehri&#039;nin \u00fczerinde bir ufuk \u00e7izgisi noktas\u0131 olarak konumlanm\u0131\u015f daire \u015feklindeki restoran\u0131yla Most SNP, Slovak Ulusal Ayaklanmas\u0131 K\u00f6pr\u00fcs\u00fc&#039;d\u00fcr. Slovak Radyosu&#039;nun ters piramit \u015feklindeki genel merkezi ve d\u00f6nen bir yemek odas\u0131yla tamamlanan Kamz\u00edk TV Kulesi&#039;nin ince sil\u00fceti, yirminci y\u00fczy\u0131l\u0131n farkl\u0131 estetik g\u00fcndemlerine tan\u0131kl\u0131k ediyor. Yeni bir biny\u0131l h\u0131zl\u0131 bir geli\u015fmeyi beraberinde getirdi: Apollo K\u00f6pr\u00fcs\u00fc&#039;n\u00fcn kemerli formu ve Slovak Ulusal Tiyatrosu&#039;nun \u00e7a\u011fda\u015f binas\u0131, yeni bir kentsel h\u0131rs\u0131 \u00f6ne s\u00fcrerken, \u00f6zel gayrimenkul projeleri eski end\u00fcstriyel arazileri cam cepheli konut kulelerine d\u00f6n\u00fc\u015ft\u00fcr\u00fcyor.<\/p>\n<p>Nehrin \u00e7ok yukar\u0131s\u0131nda, Bratislava Kalesi Tuna Nehri&#039;nin 85 metre yukar\u0131s\u0131ndaki bir platoyu ta\u00e7land\u0131r\u0131r. Arkeolojik katmanlar, Macar etkisi alt\u0131nda in\u015fa edilmi\u015f onuncu y\u00fczy\u0131l ta\u015f kalesinden \u00f6nce gelen Romanesk \u00f6ncesi bir bazilikay\u0131 ortaya \u00e7\u0131kar\u0131r. L\u00fcksemburglu Sigismund&#039;un on be\u015finci y\u00fczy\u0131ldaki Gotik geli\u015ftirmeleri, R\u00f6nesans&#039;a ve daha sonra 1649&#039;da g\u00f6revlendirilen Barok de\u011fi\u015fikliklere yol a\u00e7t\u0131. 1811&#039;deki bir yang\u0131n yap\u0131y\u0131 harabeye \u00e7evirdi ve yirminci y\u00fczy\u0131l\u0131n ortalar\u0131nda yap\u0131lan bir restorasyon Maria Theresa \u00fcslup kelime da\u011farc\u0131\u011f\u0131n\u0131 yeniden canland\u0131rana kadar \u00f6yle kald\u0131. G\u00fcn\u00fcm\u00fczde kale, bir zamanlar Habsburg kraliyetini a\u011f\u0131rlayan salonlarda t\u00f6ren etkinliklerine ev sahipli\u011fi yapan Slovak Ulusal M\u00fczesi&#039;nin bir b\u00f6l\u00fcm\u00fcne ev sahipli\u011fi yapmaktad\u0131r.<\/p>\n<p>Nehrin a\u015fa\u011f\u0131s\u0131nda, Morava&#039;n\u0131n Tuna&#039;y\u0131 a\u015ft\u0131\u011f\u0131 yerde, 864&#039;e kadar uzanan bir ge\u00e7mi\u015fi olan Dev\u00edn Kalesi&#039;nin kal\u0131nt\u0131lar\u0131 yer al\u0131r. Kayal\u0131k burnu, Napolyon&#039;un kuvvetleri 1809&#039;da savunmas\u0131n\u0131 yerle bir edene kadar B\u00fcy\u00fck Moravya ve Macaristan i\u00e7in stratejik bir s\u0131n\u0131r karakolu olarak kalm\u0131\u015ft\u0131r. Koruma \u00e7al\u0131\u015fmalar\u0131 ta\u015f temelleri ortaya \u00e7\u0131karm\u0131\u015f ve Dev\u00edn&#039;i hem arkeolojik bir d\u00f6n\u00fcm noktas\u0131 hem de Slovak kimli\u011finin bir sembol\u00fc olarak \u00e7er\u00e7eveleyen bir m\u00fcze olu\u015fturmu\u015ftur.<\/p>\n<p>Rusovce&#039;nin g\u00fcney il\u00e7esinde, 19. y\u00fczy\u0131l\u0131n ortalar\u0131nda in\u015fa edilmi\u015f \u0130ngiliz neo-Gotik bir malikane, peyzajl\u0131 arazilere h\u00fckmederken, yak\u0131nlardaki Roma kamp\u0131 Gerulata&#039;n\u0131n kal\u0131nt\u0131lar\u0131, limes Romanus&#039;un Tuna s\u0131n\u0131r\u0131n\u0131 \u00e7a\u011fr\u0131\u015ft\u0131r\u0131yor. Rusovce&#039;nin katmanl\u0131 palimpsesti, lejyonlardan toprak sahibi soylulara kadar iki bin y\u0131ll\u0131k imparatorluk eri\u015fimini \u00f6zetliyor.<\/p>\n<p>Bratislava&#039;da ye\u015fil alanlar hakim: kamu parklar\u0131 46,8 kilometrekarelik bir alan\u0131 kapl\u0131yor ve ki\u015fi ba\u015f\u0131na 110 metrekare d\u00fc\u015f\u00fcyor. Eski Kent&#039;teki Horsk\u00fd park\u0131 ve K\u00fc\u00e7\u00fck Karpatlar&#039;daki Bratislavsk\u00fd lesn\u00fd park\u0131, \u017delezn\u00e1 studienka ve Koliba&#039;ya giden patikalarla tamamlanm\u0131\u015f ormanl\u0131k dinlenme alanlar\u0131 sunuyor. Tuna&#039;n\u0131n sa\u011f k\u0131y\u0131s\u0131nda, on sekizinci y\u00fczy\u0131lda kurulan Janko Kr\u00e1\u013e Park\u0131, nehir k\u0131y\u0131s\u0131nda bir gezinti yolu olu\u015ftururken, Petr\u017ealka&#039;daki gelecek geli\u015fmeler iki g\u00f6l aras\u0131nda yeni bir park alan\u0131 vaat ediyor. Bisk\u00fcvi renkli rekreasyon g\u00f6lleri -Zlat\u00e9 piesky, Kuchajda, Vajnory ve Rusovce- y\u00fcz\u00fcc\u00fcleri ve g\u00fcne\u015f arayanlar\u0131 \u00e7ekiyor, hatta Mlynsk\u00e1 dolina, 152 t\u00fcr\u00fcn dola\u015ft\u0131\u011f\u0131 \u015fehir hayvanat bah\u00e7esine ev sahipli\u011fi yap\u0131yor ve Comenius \u00dcniversitesi Botanik Bah\u00e7eleri 120&#039;den fazla bitki \u00e7e\u015fidi yeti\u015ftiriyor.<\/p>\n<p>Slovakya&#039;n\u0131n ekonomik merkezi olan Bratislava, ulusal \u00fcretimin yakla\u015f\u0131k d\u00f6rtte birini olu\u015fturuyor ve ki\u015fi ba\u015f\u0131na GSY\u0130H&#039;ye g\u00f6re Avrupa Birli\u011fi&#039;nin en zengin on dokuzuncu b\u00f6lgesi olarak kay\u0131tlara ge\u00e7iyor ve di\u011fer Slovak b\u00f6lgelerinin ortalamas\u0131n\u0131n neredeyse \u00fc\u00e7 kat\u0131. D\u00fc\u015f\u00fck i\u015fsizlik rakamlar\u0131, 2024&#039;te 2.150 avroyu a\u015fan ortalama ayl\u0131k maa\u015f ve b\u00fcy\u00fck \u015firket merkezlerinin varl\u0131\u011f\u0131, mali canl\u0131l\u0131\u011f\u0131na tan\u0131kl\u0131k ediyor. 2023&#039;te yakla\u015f\u0131k bir milyon turist, \u00e7o\u011fu kom\u015fu \u00c7ekya, Almanya, Avusturya ve Polonya&#039;dan gelenlerle s\u0131n\u0131rlar\u0131 i\u00e7inde 1,7 milyondan fazla gece ge\u00e7irdi. Ziyaret\u00e7i altyap\u0131s\u0131, Aupark ve Eurovea Galleria&#039;dan Nivy Centrum&#039;a kadar sekiz b\u00fcy\u00fck al\u0131\u015fveri\u015f merkezini ve Eski Kent&#039;in canland\u0131r\u0131lm\u0131\u015f sokaklar\u0131nda k\u00fcmelenmi\u015f \u00e7ok say\u0131da kafe ve restoran\u0131 i\u00e7eriyor.<\/p>\n<p>Toplu ta\u015f\u0131ma, k\u0131rm\u0131z\u0131 ve siyaha boyanm\u0131\u015f otob\u00fcsler, tramvaylar ve troleyb\u00fcsler konu\u015fland\u0131ran Mestsk\u00e1 hromadn\u00e1 doprava bayra\u011f\u0131 alt\u0131nda faaliyet g\u00f6stermektedir. IDS BK arac\u0131l\u0131\u011f\u0131yla b\u00f6lgesel ta\u015f\u0131y\u0131c\u0131larla entegrasyon, biti\u015fik il\u00e7elere sorunsuz seyahat imkan\u0131 sa\u011flamaktad\u0131r. Bratislava Ana \u0130stasyonu ve Petr\u017ealka&#039;dan gelen tren ba\u011flant\u0131lar\u0131, Viyana, Budape\u015fte, Prag ve \u00f6tesine her saat birden fazla sefer sa\u011flamaktad\u0131r. Eyl\u00fcl 2021&#039;de bir g\u00f6kdelen ve al\u0131\u015fveri\u015f merkezi kompleksinin alt\u0131nda a\u00e7\u0131lan yeralt\u0131 Autobusov\u00e1 stanica Nivy, d\u00fczeni ve olanaklar\u0131yla havaalan\u0131 terminallerini an\u0131msatmaktad\u0131r. D\u00f6rt otoyol arteri Brno, Viyana, Budape\u015fte ve i\u00e7 hatlar merkezlerine do\u011fru uzan\u0131rken, Bratislava Liman\u0131 i\u00e7 su yollar\u0131 arac\u0131l\u0131\u011f\u0131yla Karadeniz ve Kuzey Denizlerine ba\u011flanmaktad\u0131r. Merkeze dokuz kilometre uzakl\u0131ktaki MR \u0160tef\u00e1nik Havaalan\u0131, ilk y\u0131llar\u0131nda iki milyondan fazla yolcuya hizmet vermi\u015f ve k\u0131rk dokuz kilometre uzakl\u0131ktaki Viyana Uluslararas\u0131 Havaalan\u0131&#039;n\u0131n s\u0131k kullan\u0131m\u0131yla tamamlanm\u0131\u015ft\u0131r.<\/p>\n<p>Bratislava&#039;n\u0131n insan \u00f6l\u00e7e\u011fi, dar sokaklar\u0131n iki ana meydan olan Hlavn\u00e9 n\u00e1mestie ve Hviezdoslavovo n\u00e1mestie aras\u0131nda dola\u015ft\u0131\u011f\u0131 orta\u00e7a\u011f merkezinde yer al\u0131r; her biri kald\u0131r\u0131m oturma alanlar\u0131na sahip kafelerle canland\u0131r\u0131lm\u0131\u015ft\u0131r. Avrupa&#039;n\u0131n en ince evinden \u015eehir M\u00fczesi&#039;nin saat kulesine kadar \u00e7ok say\u0131da miras alan\u0131, Petr\u017ealka&#039;n\u0131n yekpare bloklar\u0131yla bir arada bulunur ve bu, y\u00fczy\u0131l ortas\u0131 konut stratejilerinin bir kan\u0131t\u0131d\u0131r. \u015eehir s\u0131n\u0131rlar\u0131n\u0131n \u00f6tesinde, \u00fcz\u00fcm ba\u011flar\u0131 ve \u00e7iftlikler, ulusal yemek bryndzov\u00e9 hal\u00fasky&#039;den (koyun peyniri ve past\u0131rma par\u00e7alar\u0131yla kapl\u0131 k\u00f6fteler) zengin sar\u0131msak \u00e7orbas\u0131na ve \u00e7\u0131t\u0131r beyaz \u015faraplara kadar yerel mutfa\u011f\u0131 \u015fekillendiren taze \u00fcr\u00fcnler \u00fcretir.<\/p>\n<p>K\u0131\u015f\u0131n, Eski Belediye Binas\u0131 meydan\u0131 geleneksel bir pazara ev sahipli\u011fi yapar, y\u00fczlerce tezgah\u0131 hardal ve so\u011fanla k\u0131zarm\u0131\u015f domuz veya tavuk sandvi\u00e7leri, kaz ya\u011f\u0131 veya ha\u015fha\u015f tohumuyla doldurulmu\u015f patates krepleri ve domuz ya\u011f\u0131 ve so\u011fanla kapl\u0131 ekmek sunar. S\u0131cak \u015farap, bal \u015farab\u0131, romlu \u00e7aylar ve s\u0131cak grog, pazar \u0131\u015f\u0131klar\u0131n\u0131n yumu\u015fak par\u0131lt\u0131s\u0131 alt\u0131nda e\u011flenenleri ayakta tutar ve Bratislava&#039;n\u0131n \u015fenlik sezonunu hem samimi hem de kal\u0131c\u0131 k\u0131lar.<\/p>\n<p>Kentsel merak, pastoral dinginlikle bir arada var olur: Kamz\u00edk&#039;e k\u0131sa bir otob\u00fcs yolculu\u011fu, kar\u0131\u015f\u0131k me\u015fe ve g\u00fcrgen ormanlar\u0131yla \u00e7evrili geni\u015f a\u00e7\u0131kl\u0131klar olan Partiz\u00e1nska l\u00faka ve Sne\u017eienka&#039;y\u0131 ortaya \u00e7\u0131kar\u0131r, per\u015fembeden pazara kadar \u00e7al\u0131\u015fan bir telesiyejle birbirine ba\u011flan\u0131r ve y\u00fcr\u00fcy\u00fc\u015f\u00e7\u00fclere makul bir \u00fccret kar\u015f\u0131l\u0131\u011f\u0131nda a\u011fa\u00e7 tepelerinin \u00fczerinde sessiz bir ara sunar. Bu yerle\u015fim yerleri, Bratislava&#039;n\u0131n hem ba\u015fkent hem de yemye\u015fil s\u0131n\u0131rlar\u0131n koruyucusu olarak ikili do\u011fas\u0131n\u0131 yeniden teyit eder.<\/p>\n<p>Bratislava, toprak ve ta\u015f katmanlar\u0131yla, ticaret ve k\u00fclt\u00fcr ak\u0131mlar\u0131yla Orta Avrupa&#039;n\u0131n tarihi yak\u0131nla\u015fmalar\u0131n\u0131n n\u00fcansl\u0131 bir anlat\u0131s\u0131n\u0131 sunar. Sokaklar\u0131 hanedan g\u00f6steri\u015fine ve g\u00fcnl\u00fck ticarete tan\u0131kl\u0131k eder, mimarisi Gotik zirveler, Barok cepheler ve cesur modernizmi kapsar. Tuna&#039;n\u0131n yumu\u015fak ak\u0131\u015f\u0131ndan Karpatlar&#039;\u0131n ormanl\u0131k yama\u00e7lar\u0131na kadar \u015fehir, halklar, ekonomiler ve \u00e7a\u011flar aras\u0131nda bir kar\u015f\u0131la\u015fma noktas\u0131 olarak varl\u0131\u011f\u0131n\u0131 s\u00fcrd\u00fcrmektedir.<\/p>","protected":false},"excerpt":{"rendered":"<p>Slovakya&#039;n\u0131n ba\u015fkenti ve en b\u00fcy\u00fck \u015fehri olan Bratislava, Avrupa tarihi ile \u00e7a\u011fda\u015f kentsel ilerleme aras\u0131ndaki karma\u015f\u0131k etkile\u015fimi \u00f6rneklemektedir. Tuna Nehri k\u0131y\u0131s\u0131ndaki bu canl\u0131 \u015fehir, yakla\u015f\u0131k 475.000&#039;lik resmi bir n\u00fcfusa sahiptir, ancak baz\u0131 tahminler ger\u00e7ek say\u0131n\u0131n 660.000&#039;i a\u015fabilece\u011fini \u00f6ne s\u00fcrmektedir. Slovakya&#039;n\u0131n politik, k\u00fclt\u00fcrel ve ekonomik merkezi olan Bratislava, belediye s\u0131n\u0131rlar\u0131 d\u0131\u015f\u0131nda yirmi birinci y\u00fczy\u0131lda \u00fclkenin y\u00f6n\u00fcn\u00fc \u015fekillendirmektedir.<\/p>","protected":false},"author":1,"featured_media":3996,"parent":13300,"menu_order":0,"comment_status":"closed","ping_status":"closed","template":"elementor_theme","meta":{"_eb_attr":"","footnotes":""},"class_list":["post-13339","page","type-page","status-publish","has-post-thumbnail"],"_links":{"self":[{"href":"https:\/\/travelshelper.com\/tr\/wp-json\/wp\/v2\/pages\/13339","targetHints":{"allow":["GET"]}}],"collection":[{"href":"https:\/\/travelshelper.com\/tr\/wp-json\/wp\/v2\/pages"}],"about":[{"href":"https:\/\/travelshelper.com\/tr\/wp-json\/wp\/v2\/types\/page"}],"author":[{"embeddable":true,"href":"https:\/\/travelshelper.com\/tr\/wp-json\/wp\/v2\/users\/1"}],"replies":[{"embeddable":true,"href":"https:\/\/travelshelper.com\/tr\/wp-json\/wp\/v2\/comments?post=13339"}],"version-history":[{"count":0,"href":"https:\/\/travelshelper.com\/tr\/wp-json\/wp\/v2\/pages\/13339\/revisions"}],"up":[{"embeddable":true,"href":"https:\/\/travelshelper.com\/tr\/wp-json\/wp\/v2\/pages\/13300"}],"wp:featuredmedia":[{"embeddable":true,"href":"https:\/\/travelshelper.com\/tr\/wp-json\/wp\/v2\/media\/3996"}],"wp:attachment":[{"href":"https:\/\/travelshelper.com\/tr\/wp-json\/wp\/v2\/media?parent=13339"}],"curies":[{"name":"wp","href":"https:\/\/api.w.org\/{rel}","templated":true}]}}