{"id":13330,"date":"2024-09-17T16:12:03","date_gmt":"2024-09-17T16:12:03","guid":{"rendered":"https:\/\/travelshelper.com\/staging\/?page_id=13330"},"modified":"2026-03-12T22:41:13","modified_gmt":"2026-03-12T22:41:13","slug":"zilina","status":"publish","type":"page","link":"https:\/\/travelshelper.com\/tr\/destinations\/europe\/slovakia\/zilina\/","title":{"rendered":"\u017dilina"},"content":{"rendered":"<p>Slovakya&#039;n\u0131n kuzeybat\u0131s\u0131ndaki V\u00e1h, Kysuca ve Raj\u010danka nehirlerinin birle\u015fti\u011fi noktada yer alan \u017dilina, Mal\u00e1 Fatra, S\u00fa\u013eovsk\u00e9 vrchy, Javorn\u00edky ve Kysuck\u00e1 vrchovina s\u0131rada\u011flar\u0131n\u0131n be\u015fi\u011fi olan seksen kilometrekarelik bir havzay\u0131 kaplar; deniz seviyesinden 342 metre y\u00fckseklikte ve \u00c7ek ve Polonya s\u0131n\u0131rlar\u0131na yak\u0131n Bratislava&#039;ya yakla\u015f\u0131k 170 kilometre uzakl\u0131kta yer alan \u017dilina, \u00fclkenin d\u00f6rd\u00fcnc\u00fc b\u00fcy\u00fck belediyesidir (31 Ekim 2024 itibar\u0131yla 80.020 n\u00fcfusa ev sahipli\u011fi yapmaktad\u0131r) ve hem \u017dilina B\u00f6lgesi ve \u0130l\u00e7esinin idari merkezi, hem de V\u00e1h \u00fczerindeki \u00f6nemli bir end\u00fcstriyel \u00e7ekirdek ve tarihi ve k\u00fclt\u00fcrel yank\u0131s\u0131 ona &#034;V\u00e1h&#039;\u0131n incisi&#034; \u00fcnvan\u0131n\u0131 kazand\u0131ran \u00f6nde gelen kentsel y\u0131\u011f\u0131lma i\u015flevi g\u00f6rmektedir.<\/p>\n<p>M\u00d6 20.000&#039;e kadar uzanan paleolitik yerle\u015fimlerden be\u015finci y\u00fczy\u0131lda Slav kabilelerinin g\u00f6\u00e7 ak\u0131n\u0131na kadar, \u017dilina&#039;n\u0131n arazisi insan \u00e7abas\u0131n\u0131n ard\u0131\u015f\u0131k katmanlar\u0131na tan\u0131kl\u0131k etti; ancak \u015fehrin kentsel kimli\u011fi, ilk olarak 1208&#039;de terra de Selinan olarak belgelenen orta\u00e7a\u011f ortaya \u00e7\u0131k\u0131\u015f\u0131nda kristalle\u015fti. On d\u00f6rd\u00fcnc\u00fc y\u00fczy\u0131l\u0131n ba\u015flar\u0131nda, b\u00f6lge bir kasabaya d\u00f6n\u00fc\u015ft\u00fc, stat\u00fcs\u00fc Kral I. Charles taraf\u0131ndan 1321&#039;de \u00f6zg\u00fcr kraliyet il\u00e7esine y\u00fckseltildi ve Kral I. Louis&#039;in Privilegium pro Slavis&#039;inin belediye meclisinde Slav ve Alman vatanda\u015flar\u0131 aras\u0131nda temsil e\u015fitli\u011fini garantilemesiyle 1381&#039;de daha da tan\u0131mland\u0131. Hussit ak\u0131nlar\u0131n\u0131n yol a\u00e7t\u0131\u011f\u0131 1431 yang\u0131n\u0131 bir y\u0131k\u0131m an\u0131n\u0131 i\u015faret etti, ancak yerle\u015fimin yenilenme kapasitesi kal\u0131c\u0131 oldu.<\/p>\n<p>On yedinci y\u00fczy\u0131l, \u017dilina&#039;n\u0131n ticaret, zanaat ve bilim merkezi olarak y\u00fckseli\u015fine tan\u0131kl\u0131k etti; Barok duyarl\u0131l\u0131klar, manast\u0131rlar\u0131n, kiliselerin ve m\u00fcstahkem Budat\u00edn Kalesi&#039;nin in\u015fas\u0131yla ufuk \u00e7izgisini \u015fekillendirdi. 1848&#039;deki devrimci co\u015fku s\u0131ras\u0131nda, Habsburg askeri yap\u0131s\u0131 i\u00e7indeki Slovak g\u00f6n\u00fcll\u00fcler, b\u00f6lgenin karma\u015f\u0131k siyasi hizalanmalar\u0131n\u0131n simgesi olan, civardaki Macar honved ve gardist m\u00fcfrezelerine kar\u015f\u0131 taktiksel bir zafer kazand\u0131. On dokuzuncu y\u00fczy\u0131l\u0131n ikinci yar\u0131s\u0131nda demir yolu ba\u011flant\u0131s\u0131n\u0131n ortaya \u00e7\u0131kmas\u0131 - 1872&#039;de Kassa-Oderberg hatt\u0131n\u0131n tamamlanmas\u0131 ve 1883&#039;te Bratislava&#039;ya ba\u011flant\u0131 ile \u00f6rneklendirildi - end\u00fcstriyel bir \u00e7i\u00e7eklenmeyi h\u0131zland\u0131rd\u0131: 1891&#039;de Slovenya kuma\u015f fabrikas\u0131n\u0131n kurulmas\u0131 ve 1892&#039;de Pova\u017eie kimya fabrikas\u0131n\u0131n a\u00e7\u0131l\u0131\u015f\u0131, \u015fehrin daha geni\u015f \u00fcretim ve de\u011fi\u015fim a\u011flar\u0131na entegrasyonunun sinyalini verdi.<\/p>\n<p>Ekim 1918 sonlar\u0131nda Avusturya-Macaristan \u0130mparatorlu\u011fu&#039;nun da\u011f\u0131lmas\u0131yla \u017dilina, Martin Deklarasyonu&#039;na onay veren ilk belediyelerden biri olarak ortaya \u00e7\u0131kt\u0131 ve ertesi y\u0131l\u0131n Mart ay\u0131na kadar yeni kurulan Slovak ge\u00e7ici h\u00fck\u00fcmetine ev sahipli\u011fi yapt\u0131; yirmi y\u0131l sonra, M\u00fcnih Anla\u015fmas\u0131&#039;n\u0131n y\u00fcrek par\u00e7alay\u0131c\u0131 sonu\u00e7lar\u0131nda, \u015fehir \u00c7ekoslovakya Cumhuriyeti i\u00e7inde Slovak \u00f6zerkli\u011finin ilan edilmesine sahne oldu. Sava\u015f d\u00f6nemi ayr\u0131ca on binlerce Yahudi sakininin s\u0131n\u0131r d\u0131\u015f\u0131 edilmesine de ac\u0131 bir tan\u0131kl\u0131k etti; Slovakya&#039;daki Holokost&#039;un daha geni\u015f trajedisiyle kar\u015f\u0131 kar\u015f\u0131ya gelen kasvetli bir b\u00f6l\u00fcm. Kurtulu\u015f, 30 Nisan 1945&#039;te 4. Ukrayna Cephesi&#039;nin \u00c7ekoslovak ve Sovyet kuvvetlerinin \u015fehri geri alarak \u00c7ekoslovak egemenli\u011fine geri d\u00f6nd\u00fcrmesiyle geldi. Sava\u015f sonras\u0131 on y\u0131llarda \u00fcretim tesisleri, e\u011fitim kurumlar\u0131 ve yerle\u015fim alanlar\u0131 geni\u015fledi; 1949-1960 y\u0131llar\u0131 aras\u0131nda b\u00f6lgesel ba\u015fkentlik yapan \u017dilina, 1996 y\u0131l\u0131nda \u017dilina B\u00f6lgesi&#039;nin yeniden kurulmas\u0131yla bu rol\u00fcn\u00fc yeniden \u00fcstlendi.<\/p>\n<p>\u00c7a\u011fda\u015f haliyle \u017dilina, Slovakya&#039;n\u0131n \u00fc\u00e7\u00fcnc\u00fc en \u00f6nemli end\u00fcstriyel merkezi olarak yer al\u0131r ve 1953&#039;te kurulan \u017dilinsk\u00e1 univerzita&#039;ya ev sahipli\u011fi yapar; bu \u00fcniversitenin akademik vurgusu, \u015fehrin teknik ve mesleki e\u011fitimle uzun s\u00fcredir devam eden etkile\u015fimini yans\u0131t\u0131r. 1990&#039;daki siyasi d\u00f6n\u00fc\u015f\u00fcmlerden bu yana, tarihi \u00e7ekirdek kapsaml\u0131 bir restorasyondan ge\u00e7ti ve 1994&#039;te \u015fehir, yirmi istasyon ve 120 bisiklete sahip BikeKIA bisiklet payla\u015f\u0131m a\u011f\u0131yla Mart 2019&#039;da tamamlanan troleyb\u00fcs hizmetlerini ba\u015flatt\u0131.<\/p>\n<p>\u017dilina, iklimsel olarak, \u0131l\u0131man kuzey ku\u015fa\u011f\u0131nda, karasal bir rejimde yer al\u0131r; y\u0131ll\u0131k sal\u0131n\u0131mlar\u0131, ortalama Temmuz s\u0131cakl\u0131\u011f\u0131n\u0131n 18 \u00b0C&#039;ye ula\u015ft\u0131\u011f\u0131 s\u0131cak yazlardan, -4 \u00b0C&#039;lik Ocak ortalamalar\u0131yla i\u015faretlenen k\u0131\u015f aylar\u0131ndan, yakla\u015f\u0131k altm\u0131\u015f ila seksen g\u00fcn s\u00fcren kar \u00f6rt\u00fcs\u00fcnden ve toplam 600 ila 700 mm aras\u0131nda y\u0131ll\u0131k ya\u011f\u0131\u015f\u0131n yaz ba\u015f\u0131nda yo\u011funla\u015fmas\u0131ndan olu\u015fur.<\/p>\n<p>Demografik olarak, Eyl\u00fcl 2020 itibar\u0131yla \u015fehrin n\u00fcfusu 82.664&#039;t\u00fcr; daha geni\u015f kentsel b\u00f6lgeleri 108.114 ki\u015fiye, metropol alan\u0131 ise 159.729 ki\u015fiye sahiptir; 2001 n\u00fcfus say\u0131m\u0131na g\u00f6re n\u00fcfusun ,9&#039;u Slovak, bunun yan\u0131nda \u00c7ek, Roman, Macar ve Moravyal\u0131 az\u0131nl\u0131klardan olu\u015furken, dini da\u011f\u0131l\u0131m\u0131n a\u011f\u0131rl\u0131kl\u0131 olarak Roma Katolikleri (,9), ba\u011fl\u0131 olmayanlar (,7) ve L\u00fcterciler (%3,7) oldu\u011fu kaydedilmi\u015ftir.<\/p>\n<p>Ekonomik tablo, Kia Motors&#039;un \u00f6nemli yat\u0131r\u0131mlar\u0131yla desteklenen \u00e7e\u015fitlendirilmi\u015f bir end\u00fcstriyel temel ile karakterize ediliyor - 2006&#039;da a\u00e7\u0131lan Slovak fabrikas\u0131 2009&#039;a kadar y\u0131ll\u0131k 300.000 ara\u00e7l\u0131k bir \u00fcretime ula\u015fm\u0131\u015f ve 1,5 milyar ABD dolar\u0131n\u0131 a\u015fan do\u011frudan sermaye enjeksiyonuyla yakla\u015f\u0131k 3.000 \u00e7al\u0131\u015fan\u0131 istihdam etmi\u015f - Cee&#039;d, Sportage ve Hyundai ix35 gibi modeller \u00fcretiyor ve \u015fu anda Hyundai&#039;nin No\u0161ovice&#039;deki \u00c7ek operasyonlar\u0131yla i\u015fbirli\u011fi i\u00e7inde i\u00e7ten yanmal\u0131 motor \u00fcretimini de kapsayacak \u015fekilde geni\u015fliyor. \u0130n\u015faat ve ula\u015ft\u0131rma m\u00fchendisli\u011fi firmas\u0131 V\u00e1hostav yerel olarak \u00f6ne \u00e7\u0131karken, kimya sekt\u00f6r\u00fc Pova\u017esk\u00e9 chemick\u00e9 z\u00e1vody ve ka\u011f\u0131t \u00fcreticisi Tento taraf\u0131ndan temsil ediliyor; k\u00fcresel teknoloji konglomeras\u0131 Siemens, \u015fehir i\u00e7inde bir Mobilite m\u00fchendislik merkezi bulunduruyor.<\/p>\n<p>K\u00fclt\u00fcrel ve mimari a\u00e7\u0131dan, tarihi merkez\u2014\u015fehir an\u0131t rezervi olarak belirlenmi\u015f\u2014106 tonozlu ge\u00e7idin 44 burgher evini \u00e7er\u00e7eveledi\u011fi ve manzaralara eski belediye meclisi binas\u0131 olan St. Paul the Apostle Kilisesi ve Barok bir Marian heykelinin hakim oldu\u011fu, kemerli Mari\u00e1nske n\u00e1mestie&#039;nin geni\u015fli\u011finden yay\u0131l\u0131yor. Yak\u0131nlar\u0131nda, yakla\u015f\u0131k 1400 y\u0131l\u0131nda in\u015fa edilen ve \u015eubat 2008&#039;de \u017dilina Piskoposlu\u011fu i\u00e7in katedral stat\u00fcs\u00fcne y\u00fckseltilen kutsal Kutsal \u00dc\u00e7l\u00fc Kilisesi yer al\u0131yor. \u00c7evrede, on \u00fc\u00e7\u00fcnc\u00fc y\u00fczy\u0131l\u0131n ba\u015flar\u0131ndan kalma ve Slovakya&#039;n\u0131n en eski Romanesk kutsal alanlar\u0131ndan biri olan Aziz Stephen Kral Kilisesi, yakla\u015f\u0131k 1950 y\u0131l\u0131nda Mojm\u00edr Vlkol\u00e1\u010dek taraf\u0131ndan ortaya \u00e7\u0131kar\u0131lan freskleri koruyor ve buray\u0131 evlilik t\u00f6renleri i\u00e7in tercih edilen bir mekan haline getiriyor. Yak\u0131nlardaki Budat\u00edn Kalesi, b\u00f6lgenin tarihi kalayc\u0131 zanaatkarl\u0131\u011f\u0131n\u0131 yans\u0131tan koleksiyonlar\u0131yla Pova\u017eie M\u00fczesi&#039;ne ev sahipli\u011fi yap\u0131yor; Trnov\u00e9&#039;deki ah\u015fap St. George Kilisesi, \u00fclkenin kuzeydo\u011fusundan \u00f6tede Karpat dini ah\u015fap i\u015f\u00e7ili\u011finin nadir \u00f6rnekleri aras\u0131nda yer al\u0131yor; eski Ortodoks sinagogu ve \u015fimdi k\u00fclt\u00fcr merkezi olarak yeniden i\u015flevlendirilen Yeni Sinagog, \u015fehrin bir zamanlar canl\u0131 olan Yahudi toplulu\u011funa tan\u0131kl\u0131k ediyor.<\/p>\n<p>\u017dilina&#039;n\u0131n stratejik konumu onu uzun zamand\u0131r kara yollar\u0131n\u0131n bir ba\u011flant\u0131 noktas\u0131 haline getirmi\u015ftir: 1364 gibi erken bir tarihte, Kral Louis I, Ko\u0161ice&#039;yi Pova\u017eie&#039;ye ba\u011flayan bir yol yapt\u0131rm\u0131\u015f ve 1438&#039;den kalma kay\u0131tlarda Budat\u00edn yak\u0131nlar\u0131ndaki V\u00e1h&#039;\u0131 kapsayan ilk k\u00f6pr\u00fcden bahsedilmi\u015ftir. G\u00fcn\u00fcm\u00fczde \u015fehir, yo\u011fun trafi\u011fi kent merkezinden uzakla\u015ft\u0131ran bir \u00e7evre yoluyla birle\u015fen E 50, E 75 ve E 442 olmak \u00fczere \u00fc\u00e7 ulus\u00f6tesi otoyolla ge\u00e7mektedir; D1 otoyolu g\u00fcneybat\u0131y\u0131 \u00e7evreler ve Bratislava&#039;dan Ko\u0161ice&#039;ye do\u011fru uzan\u0131r ve Lietask\u00e1 L\u00fa\u010dka&#039;ya bir besleyici yol sunar; 2017&#039;de tamamlanan D3 ise kuzeybat\u0131ya do\u011fru \u010cadca ve Polonya&#039;ya do\u011fru uzan\u0131r ve her iki ana otoyola kentsel ba\u011flant\u0131lar ile desteklenir.<\/p>\n<p>Demiryolu ba\u011flant\u0131s\u0131, \u017dilina&#039;n\u0131n k\u0131talararas\u0131 ta\u015f\u0131mac\u0131l\u0131ktaki kal\u0131c\u0131 rol\u00fcn\u00fc yans\u0131t\u0131r; demiryolu kav\u015fa\u011f\u0131 Pan-Avrupa Koridoru V ile kesi\u015fir ve 120, 126, 127 ve 180 numaral\u0131 hatlarla hizmet verilen Bratislava-Ko\u0161ice aks\u0131nda ekspres hizmetleri destekler. Yak\u0131nlardaki, 1975&#039;ten beri faaliyette olan ve 1200 metrelik bir piste sahip Doln\u00fd Hri\u010dov havaalan\u0131, \u00fcniversite e\u011fitimi ve \u00f6zel havac\u0131l\u0131k i\u00e7in uygundur; ancak planl\u0131 ticari hizmetten yoksundur.<\/p>\n<p>\u017dilina&#039;ya giren ziyaret\u00e7i i\u00e7in tarihi b\u00f6lge, istasyonun hemen \u00f6n\u00fcnde a\u00e7\u0131l\u0131r: N\u00e1rodn\u00e1 Caddesi\u2014ana perakende caddesi\u2014Kutsal \u00dc\u00e7l\u00fc Katedrali&#039;nin ikiz kulelerinin ve \u00e7an kulesinin \u015fehir tiyatrosunun korkulu\u011funa kar\u015f\u0131 sade bir \u015fekilde durdu\u011fu Andrej Hlinka Meydan\u0131&#039;na \u00e7\u0131kar; oradan, Farsk\u00e9 schody merdivenlerinden \u00e7\u0131k\u0131l\u0131r, dar bir \u015feritten ge\u00e7ilir ve Mari\u00e1nske n\u00e1mestie&#039;nin kemerli gezinti yoluna \u00e7\u0131k\u0131l\u0131r. Bu g\u00fczergah, cesurlar\u0131n JM Hurbana ve Kuzm\u00e1nyho caddelerinin kesi\u015fti\u011fi yere do\u011fru kuzeybat\u0131ya do\u011fru ilerleyebilece\u011fi, Rosenfeld Saray\u0131, Yeni Sinagog ve Katolik Evi&#039;nin takdir edilmeyi bekledi\u011fi, \u00f6z\u00fcnde bir giri\u015f niteli\u011findedir.<\/p>\n<p>Orta\u00e7a\u011f ve Barok miras\u0131n\u0131n \u00f6tesinde, \u017dilina, Birinci \u00c7ekoslovak Cumhuriyeti&#039;ne kadar uzanan \u00f6nemli bir i\u015flevselci mimari k\u00fclliyat\u0131na sahiptir: Peter Behrens&#039;in Yeni Sinagogu, stilin geometrik sadeli\u011fini \u00f6zetler; MM Harminc&#039;in Lutheran Kilisesi, bi\u00e7im ve maddili\u011fe verdi\u011fi \u00f6nemi \u00f6rnekler; ve tren istasyonu ve pazar salonu, \u015fehrin yirminci y\u00fczy\u0131l\u0131n ba\u015flar\u0131nda modernist ilkeleri benimsemesini daha da belirginle\u015ftirir. Bu yap\u0131lar bir arada, \u017dilina&#039;n\u0131n \u00e7ok y\u00f6nl\u00fc karakterini vurgular; nehirlerin birle\u015fti\u011fi ve tarihlerin kesi\u015fti\u011fi, end\u00fcstriyel canl\u0131l\u0131\u011f\u0131n ve k\u00fclt\u00fcrel miras\u0131n hem temel hem de kentsel bir manzarada birle\u015fti\u011fi bir yer.<\/p>","protected":false},"excerpt":{"rendered":"<p>Slovakya&#039;n\u0131n kuzeybat\u0131 kesiminde yer alan \u017dilina \u015fehri, 85.399 n\u00fcfusuyla \u00fclkenin be\u015finci en kalabal\u0131k \u015fehir merkezidir. \u00c7ek Cumhuriyeti ve Polonya ile olan \u00fc\u00e7l\u00fc s\u0131n\u0131r\u0131n yak\u0131n\u0131nda bulunan bu tarihi \u015fehir, Kisu\u0107a ve Raj\u010danka nehirlerinin V\u00e1h&#039;a kat\u0131ld\u0131\u011f\u0131 noktada stratejik bir konuma sahiptir. \u015eehrin g\u00f6rkemli Bat\u0131 Karpatlar taraf\u0131ndan \u00e7evrelenen bir havzadaki konumu, onu uzun zamand\u0131r Avrupa&#039;n\u0131n farkl\u0131 b\u00f6lgelerini antik \u00e7a\u011flardan g\u00fcn\u00fcm\u00fcze ba\u011flayan \u00f6nemli bir kav\u015fak haline getirmi\u015ftir.<\/p>","protected":false},"author":1,"featured_media":3578,"parent":13300,"menu_order":0,"comment_status":"closed","ping_status":"closed","template":"elementor_theme","meta":{"_eb_attr":"","footnotes":""},"class_list":["post-13330","page","type-page","status-publish","has-post-thumbnail"],"_links":{"self":[{"href":"https:\/\/travelshelper.com\/tr\/wp-json\/wp\/v2\/pages\/13330","targetHints":{"allow":["GET"]}}],"collection":[{"href":"https:\/\/travelshelper.com\/tr\/wp-json\/wp\/v2\/pages"}],"about":[{"href":"https:\/\/travelshelper.com\/tr\/wp-json\/wp\/v2\/types\/page"}],"author":[{"embeddable":true,"href":"https:\/\/travelshelper.com\/tr\/wp-json\/wp\/v2\/users\/1"}],"replies":[{"embeddable":true,"href":"https:\/\/travelshelper.com\/tr\/wp-json\/wp\/v2\/comments?post=13330"}],"version-history":[{"count":0,"href":"https:\/\/travelshelper.com\/tr\/wp-json\/wp\/v2\/pages\/13330\/revisions"}],"up":[{"embeddable":true,"href":"https:\/\/travelshelper.com\/tr\/wp-json\/wp\/v2\/pages\/13300"}],"wp:featuredmedia":[{"embeddable":true,"href":"https:\/\/travelshelper.com\/tr\/wp-json\/wp\/v2\/media\/3578"}],"wp:attachment":[{"href":"https:\/\/travelshelper.com\/tr\/wp-json\/wp\/v2\/media?parent=13330"}],"curies":[{"name":"wp","href":"https:\/\/api.w.org\/{rel}","templated":true}]}}