{"id":13318,"date":"2024-09-17T16:05:30","date_gmt":"2024-09-17T16:05:30","guid":{"rendered":"https:\/\/travelshelper.com\/staging\/?page_id=13318"},"modified":"2026-03-12T22:41:53","modified_gmt":"2026-03-12T22:41:53","slug":"trencin","status":"publish","type":"page","link":"https:\/\/travelshelper.com\/tr\/destinations\/europe\/slovakia\/trencin\/","title":{"rendered":"Tren\u010d\u00edn"},"content":{"rendered":"<p>Tren\u010d\u00edn, Slovakya&#039;n\u0131n kuzeybat\u0131s\u0131ndaki on kadastro b\u00f6lgesinde yakla\u015f\u0131k 82 kilometrekarelik bir alan\u0131 kapsayan, yakla\u015f\u0131k 54.107 n\u00fcfuslu tarihi bir \u015fehir olarak durmaktad\u0131r. Bratislava&#039;n\u0131n yakla\u015f\u0131k 120 kilometre kuzeydo\u011fusunda, merkezi Pova\u017eie b\u00f6lgesinin kalbinde yer alan \u015fehir, V\u00e1h Nehri&#039;nde, kayal\u0131k bir burnun bir zamanlar eski bir nehir yata\u011f\u0131n\u0131 kucaklad\u0131\u011f\u0131 stratejik bir k\u0131vr\u0131m\u0131 i\u015fgal etmektedir. Slovakya&#039;n\u0131n sekiz b\u00f6lgesel biriminden biri olan Tren\u010d\u00edn B\u00f6lgesi&#039;nin idari merkezi olarak, Nem\u0161ov\u00e1&#039;dan Ilava&#039;ya kadar kesintisiz bir \u015fekilde yirmi kilometre kuzeydo\u011fuya uzanan bir kentsel yerle\u015fim s\u00fcreklili\u011fini olu\u015fturmaktad\u0131r. Ticaret, k\u00fclt\u00fcr, spor ve moda merkezi olan Tren\u010d\u00edn, Roma miraslar\u0131n\u0131, orta\u00e7a\u011f surlar\u0131n\u0131, Barok yap\u0131lar\u0131n\u0131 ve modern altyap\u0131y\u0131 tutarl\u0131 bir kentsel dokuya \u00f6rerek, komuta eden kalesinin etraf\u0131nda geli\u015fmi\u015ftir.<\/p>\n<p>Karpatlar&#039;\u0131n bat\u0131 mahmuzunun y\u00fcksekliklerinden V\u00e1h&#039;\u0131n kuzey-g\u00fcney eksenine kadar, Tren\u010d\u00edn&#039;in co\u011frafyas\u0131 \u015fehir hayat\u0131n\u0131n her y\u00f6n\u00fcn\u00fc \u015fekillendirir. Slovakya&#039;n\u0131n en uzun nehri olan V\u00e1h Nehri yerle\u015fimi ikiye b\u00f6ler, tarihi merkezin hemen \u00fczerindeki Skalka enerji santralinin hemen \u00f6tesinde Nosick\u00fd Kanal\u0131&#039;n\u0131 al\u0131r ve yoluna devam ederken Biskupick\u00fd Kanal\u0131&#039;ndan ayr\u0131l\u0131r. Sihot b\u00f6lgesinde, Tepli\u010dka deresi Nosick\u00fd kanal\u0131ndan ge\u00e7er ve Opatovsk\u00fd ve Kubransk\u00fd dereleri gibi kollar ak\u0131\u015f\u0131n\u0131 besler. Orechovsk\u00fd deresi do\u011fudan V\u00e1h&#039;a kat\u0131l\u0131rken, bat\u0131da Zlatovsk\u00fd deresi kentsel s\u0131n\u0131r\u0131n alt\u0131nda Drietomica ile birle\u015fir. G\u00fcney \u00e7evresi boyunca, Lavi\u010dkov\u00fd deresi Soblahovsk\u00fd&#039;nin arazisinden ge\u00e7erek \u015fehrin in\u015fa edilmi\u015f \u00e7evresinin kenar\u0131n\u0131 izler. Kozieho vrch masifinin alt\u0131ndaki Z\u00e1brani&#039;den gelen m\u00fctevaz\u0131 su yolu bile Sihot IV yak\u0131n\u0131ndaki Tepli\u010dka&#039;ya do\u011fru yolunu buluyor.<\/p>\n<p>Bu su yollar\u0131 \u015fehrin formunu ifade eder, ancak \u00e7evredeki yaylalar \u015fehrin konturlar\u0131n\u0131 belirler. Tren\u010d\u00edn, Beyaz Karpatlar&#039;\u0131n bat\u0131 kollar\u0131 ile Pova\u017esk\u00fd Inovec ve Str\u00e1\u017eovsk\u00e9 vrchy&#039;nin do\u011fu masifleri aras\u0131nda yer al\u0131r. Bir zamanlar seyahati engelleyen 363 metrelik bir tepe olan Kozieho vrch&#039;in tac\u0131n\u0131n alt\u0131nda, ormanl\u0131k yama\u00e7lar\u0131 kentsel \u015febekeyi yumu\u015fatan Brezina orman park\u0131 yer al\u0131r. Tepenin varl\u0131\u011f\u0131 \u015fehre d\u00fczensiz bir \u015fekil verir, ula\u015f\u0131m yollar\u0131n\u0131 uzat\u0131r ve geli\u015fimi s\u0131rtlar ve nehir k\u0131y\u0131lar\u0131 aras\u0131ndaki d\u00fczensiz ceplerle s\u0131n\u0131rlar. Bu ortamda, in\u015fa edilmi\u015f alanlar ye\u015fil koridorlarla serpi\u015ftirilmi\u015f olup, kale kayas\u0131n\u0131n birden fazla bak\u0131\u015f noktas\u0131ndan manzaras\u0131n\u0131 korur.<\/p>\n<p>Kayal\u0131k yamac\u0131n tepesinde konumlanan Tren\u010d\u00edn Kalesi, \u015fehrin en sembolik konumunu i\u015fgal eder. On \u00fc\u00e7\u00fcnc\u00fc y\u00fczy\u0131ldaki geni\u015flemesinden bu yana, kale, Mat\u00fa\u0161 \u010c\u00e1k Tren\u010d\u00ednsky&#039;den B\u00fcy\u00fck \u013dudov\u00edt&#039;e, L\u00fcksemburglu \u017digmund&#039;a, Z\u00e1po\u013esk\u00fd karde\u015flere ve 1600&#039;den sonra Ilesh\u00e1zi ailesine kadar soylu evlerin ve egemen y\u00f6neticilerin y\u00f6netimine tan\u0131kl\u0131k etti. 1790&#039;daki bir yang\u0131n, kompleksin baz\u0131 b\u00f6l\u00fcmlerini harabeye \u00e7evirdi ve ancak 1955&#039;te sistematik koruma ve yeniden in\u015fa ba\u015flad\u0131. 7 Mart 2003&#039;te bir k\u0131sm\u0131 \u00e7\u00f6kt\u00fc\u011f\u00fcnde bat\u0131 surlar\u0131 daha fazla denemeye maruz kald\u0131. Kalenin alt\u0131nda, \u015fehir merkezi g\u00f6lgede yat\u0131yor, sokaklar\u0131 eski nehir yata\u011f\u0131n\u0131n etraf\u0131ndan dolan\u0131yor, \u015fimdi modern bir ana cadde taraf\u0131ndan ikiye ayr\u0131l\u0131yor.<\/p>\n<p>Kalenin alt\u0131nda, meydandan kiliseye ve biti\u015fik savunmalara do\u011fru y\u00fckselen bir Gotik merdiven vard\u0131r. 1568&#039;de savunucular\u0131n \u015fehir surlar\u0131 ile birka\u00e7 y\u0131l \u00f6nce in\u015fa edilen cephanelik aras\u0131ndaki hareketini kolayla\u015ft\u0131rmak i\u00e7in in\u015fa edilen bu &#034;kilise merdivenleri&#034; 1708&#039;de yang\u0131n hasar\u0131na u\u011fram\u0131\u015f ve 1978 ile 1981 aras\u0131nda mevcut hallerine geri d\u00f6nd\u00fcr\u00fclm\u00fc\u015ft\u00fcr. Tonozlu g\u00f6lgelikleri hac\u0131y\u0131 ve hac\u0131lar\u0131n bak\u0131\u015flar\u0131n\u0131 ayn\u0131 \u015fekilde korur ve yukar\u0131daki kalenin manzaralar\u0131n\u0131 \u00e7er\u00e7eveler.<\/p>\n<p>Meryem Ana&#039;n\u0131n Do\u011fu\u015fu Kilisesi, dar sokaklar\u0131n \u00fczerinde y\u00fckselen kulesiyle eski \u015fehre hakimdir. Yan\u0131nda Tren\u010d\u00edn&#039;deki tek korunmu\u015f Gotik yap\u0131 olan St. Michael&#039;\u0131n cenaze \u015fapeli ve kemikli\u011fi, \u015fehrin orta\u00e7a\u011f dindarl\u0131\u011f\u0131n\u0131n kasvetli bir kan\u0131t\u0131d\u0131r. Yak\u0131nlarda, Biskupice b\u00f6lgesindeki St. Cosmas ve Damian Kilisesi, on \u00fc\u00e7\u00fcnc\u00fc y\u00fczy\u0131l\u0131n ortalar\u0131na tarihlenmektedir ve sade \u00e7izgileri, art\u0131k bir \u015fehir mahallesi olan yerin k\u00f6y k\u00f6kenlerini anlat\u0131r.<\/p>\n<p>Orta\u00e7a\u011f portallar\u0131n\u0131n tamam\u0131ndan geriye sadece bir \u015fehir kap\u0131s\u0131 kalm\u0131\u015ft\u0131r. Alt Kap\u0131 veya T\u00fcrk Kap\u0131s\u0131 olarak bilinen bu kap\u0131, \u00fczerinde iki Latince yaz\u0131t\u0131n hem ilahi hem de medeni koruma ilan etti\u011fi sivri bir Gotik kemer sergilemektedir. Yaz\u0131tlardan birinde, &#034;Si Deus non custodit civitatem, frustra vigilat qui custodit eam&#034; yazmaktad\u0131r; bu, en dikkatli muhaf\u0131zlar\u0131n bile daha y\u00fcksek bir koruma olmadan \u00e7aresiz kalaca\u011f\u0131na dair bir uyar\u0131d\u0131r. Yaz\u0131tlar aras\u0131nda yer alan \u015fehir armas\u0131, Tren\u010d\u00edn&#039;in belediye kimli\u011fini teyit etmektedir.<\/p>\n<p>Orta\u00e7a\u011f h\u00fck\u00fcmdarlar\u0131 Tren\u010d\u00edn&#039;i \u015fekillendirmeden \u00e7ok \u00f6nce, Roma lejyonlar\u0131 burada k\u0131\u015flad\u0131. MS 179&#039;da kale kayas\u0131na oyulmu\u015f Latince bir yaz\u0131t, Laugaricio kamp\u0131n\u0131n Orta Avrupa k\u0131\u015f\u0131n\u0131n zorluklar\u0131na katland\u0131\u011f\u0131 Marcomannic Sava\u015flar\u0131&#039;n\u0131n en kuzeydeki kan\u0131t\u0131n\u0131 i\u015faret ediyor. On dokuzuncu y\u00fczy\u0131lda yeniden ke\u015ffedilen yaz\u0131t, art\u0131k bir zamanlar adand\u0131\u011f\u0131 imparatori\u00e7enin ad\u0131n\u0131 ta\u015f\u0131yan modern bir d\u00f6n\u00fcm noktas\u0131 olan Hotel Elizabeth&#039;in arkas\u0131nda bulunmaktad\u0131r.<\/p>\n<p>Bir zamanlar saray alaylar\u0131n\u0131n ge\u00e7it t\u00f6reni yapt\u0131\u011f\u0131 Bar\u0131\u015f Meydan\u0131, art\u0131k Kutsal \u00dc\u00e7l\u00fc ile ta\u00e7land\u0131r\u0131lm\u0131\u015f bir Veba S\u00fctunu ile onurland\u0131r\u0131l\u0131yor. 1712&#039;de Kont Mikul\u00e1\u0161 Ile\u0161h\u00e1zi&#039;nin emriyle dikilen s\u00fctun, 1710&#039;daki b\u00fcy\u00fck salg\u0131n\u0131 an\u0131yor. Beyaz ta\u015f s\u00fctun, meydan\u0131n eksenel bo\u015flu\u011funu delerek hem hayat\u0131n k\u0131r\u0131lganl\u0131\u011f\u0131n\u0131 hem de \u015fehrin dayan\u0131kl\u0131l\u0131\u011f\u0131n\u0131 hat\u0131rlat\u0131yor.<\/p>\n<p>Ana meydan\u0131n bat\u0131 kanad\u0131nda, bir zamanlar Cizvit kurumu olan St. Francis Xavier Piarist Kilisesi yer al\u0131r; Barok cephesi en son May\u0131s 2016&#039;da restore edilmi\u015ftir. Yak\u0131nlarda, 1795 civar\u0131nda in\u015fa edilen bir Evanjelik kilise, \u015fehrin b\u00fcy\u00fcyen dini \u00e7e\u015fitlili\u011fini i\u015faretlerken, 1789&#039;da in\u015fa edilen m\u00fctevaz\u0131 St. Anne \u015eapeli, yak\u0131ndaki bir meydanda kendi ni\u015fini i\u015fgal eder. 1913&#039;te Yahudi cemaati, eski bir ibadethanenin yerinde neoklasik bir sinagog in\u015fa etti; bug\u00fcn, toplulu\u011fun bir zamanlar canl\u0131 varl\u0131\u011f\u0131n\u0131 hat\u0131rlatan sergilere ve konserlere ev sahipli\u011fi yapan bir k\u00fclt\u00fcr merkezi olarak hizmet veriyor. Mat\u00fa\u0161ov\u00e1 Caddesi&#039;ndeki Cellat Evi, hem cellat\u0131n odas\u0131n\u0131 hem de \u00fcrpertici bir i\u015fkence odas\u0131n\u0131 bar\u0131nd\u0131ran, orta\u00e7a\u011f adaletinin nadir bir kentsel kal\u0131nt\u0131s\u0131 olarak duruyor.<\/p>\n<p>Tren\u010d\u00edn&#039;in \u00f6nemli kav\u015faklardaki konumu, Roma d\u00f6neminden beri ticareti beslemi\u015ftir. Nehir k\u0131y\u0131s\u0131ndaki konumu bir zamanlar kereste, tuz ve tar\u0131msal \u00fcr\u00fcnlerin nehir a\u015fa\u011f\u0131s\u0131na ta\u015f\u0131nmas\u0131n\u0131 sa\u011flarken, kara yollar\u0131 onu Bratislava, \u017dilina ve \u00f6tesine ba\u011flam\u0131\u015ft\u0131r. G\u00fcn\u00fcm\u00fczde \u015fehir, ulusal ve uluslararas\u0131 firmalar\u0131n merkezlerine ve \u015fubelerine ev sahipli\u011fi yapan bir ticaret ve sanayi merkezi olmaya devam etmektedir. Moda fuarlar\u0131 k\u00f6kenlerini kale avlusunda d\u00fczenlenen erken d\u00f6nem sergilerine dayand\u0131rmaktad\u0131r; \u015fehrin terzilik sergileme merkezi olarak \u00fcn\u00fc, tasar\u0131mc\u0131lar\u0131 ve al\u0131c\u0131lar\u0131 sokaklar\u0131na \u00e7eken mevsimsel etkinliklerde devam etmektedir.<\/p>\n<p>Slovakya&#039;n\u0131n n\u00fcfus bak\u0131m\u0131ndan sekizinci b\u00fcy\u00fck \u015fehri olan Tren\u010d\u00edn, b\u00f6lgesel y\u00f6netim ve hizmetler sa\u011flayan dokuz \u00e7evre b\u00f6lgeyi (B\u00e1novce nad Bebravou, Ilava, Myjava, Nov\u00e9 Mesto nad V\u00e1hom, Partiz\u00e1nske, Pova\u017esk\u00e1 Bystrica, Prievidza, P\u00fachov ve Tren\u010d\u00edn&#039;in kendisi) y\u00f6netmektedir. Kendi y\u0131\u011f\u0131lmas\u0131 V\u00e1h boyunca kuzeydo\u011fuya do\u011fru uzan\u0131r ve Nem\u0161ov\u00e1, Tren\u010dianske Teplice, Nov\u00e1 Dubnica, Dubnica nad V\u00e1hom ve Ilava kasabalar\u0131n\u0131 kapsar. Bu s\u00fcrekli kentle\u015fmi\u015f koridor, sanayi b\u00f6lgeleri ve yerle\u015fim mahallelerinin orman ve tar\u0131m arazileriyle i\u00e7 i\u00e7e ge\u00e7ti\u011fi merkezi Pova\u017eie b\u00f6lgesinin geli\u015fimini \u00f6rnekliyor.<\/p>\n<p>Tren\u010d\u00edn&#039;i modernizasyonu tamamlanan 120 numaral\u0131 hat \u00fczerinden Bratislava ve \u017dilina&#039;ya ve 143 numaral\u0131 hat \u00fczerinden Chynorany&#039;ye ba\u011flayan demiryolu ula\u015f\u0131m\u0131. 2017&#039;de yeni bir demiryolu k\u00f6pr\u00fcs\u00fc a\u00e7\u0131ld\u0131 ve bu da Slivkov\u00e1 ve \u0160afr\u00e1nov\u00e1 caddeleri boyunca yedek bir yaz y\u00fczme havuzu ve ek konutlar\u0131n in\u015fas\u0131n\u0131 te\u015fvik etti. Yeniden tasarlanan bir otob\u00fcs istasyonu i\u00e7in planlar, \u015fehrin intermodal toplu ta\u015f\u0131maya olan ba\u011fl\u0131l\u0131\u011f\u0131n\u0131 yans\u0131tan, do\u011frudan demiryolu merkezine ba\u011fl\u0131 modern bir terminal vaat ediyor. Tren\u010d\u00edn&#039;e d\u00f6rt istasyon hizmet veriyor: her iki hattaki ana Tren\u010d\u00edn istasyonu, 143 numaral\u0131 hat \u00fczerindeki Tren\u010d\u00edn\u2013Predmestie, 120 numaral\u0131 hat \u00fczerindeki Tren\u010d\u00edn\u2013Zlatovce ve Tren\u010d\u00edn\u2013Opatov\u00e1 dura\u011f\u0131.<\/p>\n<p>Yol altyap\u0131s\u0131 D1 Otoyolu&#039;nun Chocholn\u00e1\u2013Nem\u0161ov\u00e1 b\u00f6l\u00fcm\u00fc ve I\/61 ve II\/507 eyalet yollar\u0131 taraf\u0131ndan desteklenmektedir. Planlanan R2 ekspres yolu, \u015fehrin g\u00fcneybat\u0131 ucundaki I\/9 trafi\u011fini rahatlatacakt\u0131r. Mart 2015&#039;ten bu yana, ikinci bir V\u00e1h k\u00f6pr\u00fcs\u00fcne sahip olan g\u00fcneydo\u011fu \u00e7evre yolu, ara\u00e7lar\u0131 tarihi merkezden uzakla\u015ft\u0131rarak Elektri\u010dn\u00e1 Caddesi&#039;nin d\u00f6rt \u015feridi boyunca Dubnica&#039;ya do\u011fru akmaktad\u0131r. \u0130kinci etab\u0131, Brezina masifinin i\u00e7inden t\u00fcnel a\u00e7arak V\u00fdchodn\u00e1 Caddesi&#039;ni Kubr\u00e1&#039;ya ba\u011flayacak ve Hotel Elizabeth&#039;in yan\u0131ndaki SNP Meydan\u0131 \u00e7evresindeki s\u0131k\u0131\u015f\u0131kl\u0131\u011f\u0131 azaltacakt\u0131r.<\/p>\n<p>Biskupice b\u00f6lgesinin \u00fcst\u00fcndeki Tren\u010d\u00edn Havaalan\u0131 hem askeri hem de sivil havac\u0131l\u0131\u011f\u0131 destekliyor. Tesis b\u00fcnyesindeki Leteck\u00e9 opravovne Tren\u010d\u00edn \u015firketi d\u00fcnyan\u0131n d\u00f6rt bir yan\u0131ndan gelen u\u00e7ak ve helikopterlerin bak\u0131m\u0131n\u0131 \u00fcstleniyor. Planl\u0131 ticari u\u00e7u\u015flar s\u0131n\u0131rl\u0131 olsa da, havaalan\u0131n\u0131n operasyonlar\u0131 Tren\u010d\u00edn&#039;in b\u00f6lgesel havac\u0131l\u0131k ve lojistikteki rol\u00fcn\u00fc vurguluyor.<\/p>\n<p>\u015eehir s\u0131n\u0131rlar\u0131 i\u00e7inde, Transdev Tren\u010d\u00edn, kamu hizmeti y\u00fck\u00fcml\u00fcl\u00fcklerini yerine getirerek 1&#039;den 31&#039;e kadar numaraland\u0131r\u0131lm\u0131\u015f bir otob\u00fcs hatt\u0131 a\u011f\u0131 i\u015fletmektedir. Bir zamanlar Dubnica&#039;ya troleyb\u00fcs uzant\u0131lar\u0131 olarak d\u00fc\u015f\u00fcn\u00fclen teklifler, yaln\u0131zca otob\u00fcs g\u00fczergahlar\u0131na yol a\u00e7arken, gelecekteki hedefler aras\u0131nda B\u00e1novec demir yolu hatt\u0131n\u0131n raylar\u0131n\u0131 sokak seviyesine y\u00fckseltmek ve merkez ile g\u00fcney b\u00f6lgeleri aras\u0131nda bir ba\u011flant\u0131 olu\u015fturmak yer almaktad\u0131r.<\/p>\n<p>V\u00e1h Su Yolu&#039;nun \u00f6ng\u00f6r\u00fclen rotas\u0131nda, Tren\u010d\u00edn baraj\u0131ndaki nehir seviyesi farkl\u0131l\u0131klar\u0131n\u0131 y\u00f6netmek i\u00e7in bir kilit in\u015fa etti. M\u00fctevaz\u0131 bir r\u0131ht\u0131m, yolcu gemileri, spor tekneleri ve kurtarma ara\u00e7lar\u0131na ev sahipli\u011fi yap\u0131yor ve tam \u00f6l\u00e7ekli bir liman i\u00e7in planlar hala de\u011ferlendiriliyor. B\u00f6yle bir su yolu ge\u00e7i\u015fi, kara ve hava a\u011flar\u0131 hakim hale gelmi\u015f olsa bile, Tren\u010d\u00edn&#039;in nehir d\u00fc\u011f\u00fcm\u00fc olarak eski rol\u00fcn\u00fc yeniden teyit edecektir.<\/p>\n<p>Demografik olarak, Tren\u010d\u00edn&#039;in 2001 n\u00fcfus say\u0131m\u0131nda ,8 Roma Katolik taraftar\u0131, %7,1 Lutheran ve ,3&#039;\u00fc herhangi bir dini ba\u011fl\u0131l\u0131k bildirmedi\u011fini kaydetti; etnik olarak, ,3 Slovak ve %2,4 \u00c7ek idi. 2018&#039;e gelindi\u011finde n\u00fcfus, istikrarl\u0131 ekonomik b\u00fcy\u00fcmeyi, d\u00fc\u015f\u00fck i\u015fsizli\u011fi ve nispeten y\u00fcksek bir ya\u015fam standard\u0131n\u0131 yans\u0131tarak m\u00fctevaz\u0131 bir \u015fekilde 55.000&#039;in \u00fczerine \u00e7\u0131kt\u0131. K\u0131\u015flar \u00e7evredeki y\u00fcksekliklerin alt\u0131nda kal\u0131r, yazlar ulusal \u00f6l\u00e7\u00fctlere g\u00f6re \u0131l\u0131man kal\u0131r ve da\u011f s\u0131ralar\u0131 aras\u0131ndaki hakim r\u00fczgarlar g\u00fcnl\u00fck hava modellerini \u015fekillendirir.<\/p>\n<p>Tren\u010d\u00edn&#039;deki k\u00fclt\u00fcrel ya\u015fam m\u00fczik ve sporla doludur. 1997&#039;den beri Pohoda festivali, her yaz havaalan\u0131 arazisini eklektik bir programla i\u015fgal ederek, herhangi bir Slovak m\u00fczik etkinli\u011finin en b\u00fcy\u00fck izleyici kitlesini \u00e7ekmi\u015ftir. Buz hokeyinde, yerel kul\u00fcp \u00fclkenin elitleri aras\u0131nda yer al\u0131r, pisti ate\u015fli taraftarlar\u0131n bulu\u015fma yeridir. Kale arazisinde ve belediye binalar\u0131nda sergiler ve fuarlar devam eder ve erken ticaret toplant\u0131lar\u0131na kadar uzanan bir gelene\u011fi s\u00fcrd\u00fcr\u00fcr.<\/p>\n<p>Tren\u010d\u00edn ileriye bakt\u0131\u011f\u0131nda, miras ve yenili\u011fi dengeliyor. An\u0131tlar\u0131n\u0131n (kiliseler, sinagoglar ve surlar) kademeli restorasyonu, ula\u015f\u0131m ve kamusal alana yap\u0131lan yat\u0131r\u0131mlarla e\u015fle\u015fiyor. Eski tar\u0131m arazilerinde yeni konut geli\u015ftirmeleri y\u00fckselirken, planlama \u00e7abalar\u0131 akarsular ve tepeler boyunca ye\u015fil koridorlar\u0131 korumay\u0131 ama\u00e7l\u0131yor. \u015eehir, form\u00fcle edilmi\u015f \u00e7ekiciliklere ba\u015fvurmadan mimari toplulu\u011funu ve do\u011fal ortam\u0131n\u0131 tan\u0131tarak b\u00f6lgesel bir turizm merkezi olarak profilini g\u00fc\u00e7lendirmeye \u00e7al\u0131\u015f\u0131yor. Anlat\u0131s\u0131, s\u00fcreklilik ve adaptasyondan olu\u015fuyor: nehirler, tepeler ve tarih taraf\u0131ndan \u015fekillendirilmi\u015f, ge\u00e7mi\u015fini yar\u0131n\u0131n \u015fekillenmesine ta\u015f\u0131yan bir \u015fehir.<\/p>","protected":false},"excerpt":{"rendered":"<p>55.000&#039;den fazla n\u00fcfusa sahip bir \u015fehir olan Tren\u010d\u00edn, Slovakya&#039;n\u0131n sekizinci b\u00fcy\u00fck belediyesidir. \u00dclkenin bat\u0131 kesiminde yer alan bu tarihi kent merkezi, ba\u015fkent Bratislava&#039;ya yakla\u015f\u0131k 95 kilometre (59 mil) uzakl\u0131kta, merkezi V\u00e1h Nehri vadisinde stratejik bir konuma sahiptir. \u00c7ek s\u0131n\u0131r\u0131na yak\u0131nl\u0131\u011f\u0131 ve zengin k\u00fclt\u00fcrel miras\u0131, Tren\u010d\u00edn&#039;i Orta Avrupa tarihi ve \u00e7a\u011fda\u015f Slovak ya\u015fam\u0131n\u0131n \u00f6nemli bir kav\u015fa\u011f\u0131 haline getirmi\u015ftir.<\/p>","protected":false},"author":1,"featured_media":3989,"parent":13300,"menu_order":0,"comment_status":"closed","ping_status":"closed","template":"elementor_theme","meta":{"_eb_attr":"","footnotes":""},"class_list":["post-13318","page","type-page","status-publish","has-post-thumbnail"],"_links":{"self":[{"href":"https:\/\/travelshelper.com\/tr\/wp-json\/wp\/v2\/pages\/13318","targetHints":{"allow":["GET"]}}],"collection":[{"href":"https:\/\/travelshelper.com\/tr\/wp-json\/wp\/v2\/pages"}],"about":[{"href":"https:\/\/travelshelper.com\/tr\/wp-json\/wp\/v2\/types\/page"}],"author":[{"embeddable":true,"href":"https:\/\/travelshelper.com\/tr\/wp-json\/wp\/v2\/users\/1"}],"replies":[{"embeddable":true,"href":"https:\/\/travelshelper.com\/tr\/wp-json\/wp\/v2\/comments?post=13318"}],"version-history":[{"count":0,"href":"https:\/\/travelshelper.com\/tr\/wp-json\/wp\/v2\/pages\/13318\/revisions"}],"up":[{"embeddable":true,"href":"https:\/\/travelshelper.com\/tr\/wp-json\/wp\/v2\/pages\/13300"}],"wp:featuredmedia":[{"embeddable":true,"href":"https:\/\/travelshelper.com\/tr\/wp-json\/wp\/v2\/media\/3989"}],"wp:attachment":[{"href":"https:\/\/travelshelper.com\/tr\/wp-json\/wp\/v2\/media?parent=13318"}],"curies":[{"name":"wp","href":"https:\/\/api.w.org\/{rel}","templated":true}]}}