{"id":13312,"date":"2024-09-17T16:00:19","date_gmt":"2024-09-17T16:00:19","guid":{"rendered":"https:\/\/travelshelper.com\/staging\/?page_id=13312"},"modified":"2026-03-12T22:34:26","modified_gmt":"2026-03-12T22:34:26","slug":"kosice","status":"publish","type":"page","link":"https:\/\/travelshelper.com\/tr\/destinations\/europe\/slovakia\/kosice\/","title":{"rendered":"Ko\u015fice"},"content":{"rendered":"<p>Ko\u0161ice, Slovak Ore Da\u011flar\u0131&#039;n\u0131n u\u00e7urumunda, Macaristan s\u0131n\u0131r\u0131ndan sadece yirmi kilometre uzakl\u0131kta, Horn\u00e1d Nehri&#039;nin k\u0131y\u0131s\u0131na kurulmu\u015f, do\u011fu Slovakya&#039;n\u0131n ba\u015fl\u0131ca metropol\u00fc olarak durmaktad\u0131r. N\u00fcfusu 230.000&#039;e yakla\u015fan ve deniz seviyesinden 206 metre y\u00fckseklikte yakla\u015f\u0131k 242,77 kilometrekarelik bir alan\u0131 kapsayan Ko\u0161ice, hem Ko\u0161ice B\u00f6lgesi&#039;nin hem de Ko\u0161ice \u00d6zerk B\u00f6lgesi&#039;nin idari kalbi olarak i\u015flev g\u00f6rmekte ve daha b\u00fcy\u00fck Ko\u0161ice-Pre\u0161ov aglomerasyonunun bir par\u00e7as\u0131n\u0131 olu\u015fturmaktad\u0131r.<\/p>\n<p>Kendi armalar\u0131n\u0131 edinen ilk Avrupa yerle\u015fim yeri olarak ba\u015flang\u0131c\u0131ndan itibaren Ko\u0161ice, bir end\u00fcstri, k\u00fclt\u00fcr ve bilim merkezi haline geldi. Tarihi manast\u0131rlar, Gotik \u00e7an kuleleri ve Art Nouveau cepheleri, kafeler, galeriler ve butiklerle canland\u0131r\u0131lan merkezi yaya yolu olarak ortaya \u00e7\u0131kan tek bir ana cadde boyunca birle\u015fiyor. Aziz Elizabeth Katedrali, bu caddeyi Slovakya&#039;n\u0131n en b\u00fcy\u00fck kilisesi olarak ta\u00e7land\u0131r\u0131yor ve \u015fehrin korunmu\u015f orta\u00e7a\u011f \u00e7ekirde\u011finin bir sembol\u00fc olarak Slovak kasabalar\u0131 aras\u0131nda geni\u015fli\u011fiyle rakipsiz.<\/p>\n<p>Ko\u0161ice&#039;yi \u015fekillendiren tarih ak\u0131\u015f\u0131, \u015fehrin Karpat s\u0131n\u0131r\u0131nda bir ticaret merkezi olarak ortaya \u00e7\u0131kt\u0131\u011f\u0131 orta\u00e7a\u011f d\u00f6neminde ba\u015flad\u0131. Macar egemenli\u011finin dalgalar\u0131, stat\u00fcleri ve kentsel kimli\u011fi \u00fczerinde silinmez bir iz b\u0131rakt\u0131, ard\u0131ndan Habsburg tac\u0131 alt\u0131ndaki d\u00f6nemler ve k\u0131sa bir s\u00fcre Osmanl\u0131 ak\u0131nlar\u0131 geldi. Her politik ge\u00e7i\u015f, R\u00f6nesans saraylar\u0131ndan Barok \u015fapellere kadar yeni mimari himaye katmanlar\u0131 toplad\u0131. I. D\u00fcnya Sava\u015f\u0131&#039;n\u0131n ard\u0131ndan imparatorlu\u011fun da\u011f\u0131lmas\u0131 ve \u00c7ekoslovakya&#039;n\u0131n kurulmas\u0131, Slovak yerle\u015fimcilerin uzun s\u00fcredir var olan Macar ve Ruten topluluklar\u0131yla birle\u015fmesiyle Ko\u0161ice&#039;nin demografik yap\u0131s\u0131n\u0131 yeniden tan\u0131mlad\u0131. Sava\u015flar aras\u0131 y\u0131llar, kentsel kurumlar\u0131n y\u00fckseli\u015fine tan\u0131kl\u0131k ederken, sava\u015f sonras\u0131 end\u00fcstriyel art\u0131\u015f, \u015fehrin kaderini US Steel Ko\u0161ice&#039;nin y\u00fcksek f\u0131r\u0131nlar\u0131na ba\u011flad\u0131.<\/p>\n<p>Co\u011frafi olarak Ko\u0161ice, Slovak Ore Da\u011flar\u0131&#039;n\u0131n do\u011fu ucundaki bir havzay\u0131 kaplar ve kuzeybat\u0131da Kara Da\u011f alt b\u00f6l\u00fcm\u00fc ve g\u00fcneybat\u0131da Volovec s\u0131rada\u011flar\u0131 ile \u00e7evrilidir. Do\u011fuda, dalgal\u0131 Slansk\u00e9 Tepeleri yemye\u015fil bir fon olu\u015fturur. Horn\u00e1d nehri, tarihi merkezin kuzey b\u00f6lgesini \u00e7evreler, ancak sular\u0131 uzun s\u00fcre kentsel \u00e7ekirdekten ziyade banliy\u00f6 yay\u0131l\u0131m\u0131n\u0131n etekleriyle s\u0131n\u0131rl\u0131yd\u0131. Kave\u010dany, Jahodn\u00e1, Bankov ve \u010cerme\u013esk\u00e1 dolina gibi banliy\u00f6ler, yerel sakinlere y\u00fcr\u00fcy\u00fc\u015f parkurlar\u0131na ve k\u0131rsal dinlenmeye haz\u0131r ge\u00e7i\u015f sa\u011flayan ormanl\u0131k yama\u00e7lara uzan\u0131r.<\/p>\n<p>Ko\u0161ice&#039;deki iklim, d\u00f6rt ayr\u0131 mevsimi i\u015faretleyen nemli bir k\u0131tasal b\u00f6lgenin parametrelerini varsayar. Yazlar uzun ve \u0131l\u0131mand\u0131r, Temmuz ay\u0131nda ortalama 19,3\u00b0C&#039;lik y\u00fcksek s\u0131cakl\u0131klara serin geceler e\u015flik eder. K\u0131\u015flar uzun ve so\u011fuktur, Ocak ay\u0131nda ortalama -2,6\u00b0C&#039;lik s\u0131cakl\u0131k ve Gotik kuleleri ta\u00e7land\u0131ran dakik kar ya\u011f\u0131\u015f\u0131 vard\u0131r. Ya\u011f\u0131\u015f y\u0131l boyunca nispeten sabit kal\u0131r, yaz sa\u011fanak ya\u011f\u0131\u015flar\u0131nda zirveye ula\u015f\u0131r ve k\u0131\u015f aylar\u0131nda daha sessiz, daha hafif ya\u011f\u0131\u015flara d\u00f6n\u00fc\u015f\u00fcr.<\/p>\n<p>\u015eehrin demografik dokusu, yerel Slovaklar (2021 n\u00fcfus say\u0131m\u0131nda n\u00fcfusun yakla\u015f\u0131k &#039;\u00fcn\u00fc olu\u015fturuyor) ile Macar ve Roman az\u0131nl\u0131klardan olu\u015fuyor ve her biri n\u00fcfusun yakla\u015f\u0131k %2&#039;sini temsil ediyor. \u00c7ek, Ruten, Ukrayna ve Vietnam topluluklar\u0131 bu mozai\u011fi tamaml\u0131yor. N\u00fcfusun yar\u0131s\u0131 Katolikli\u011fe ba\u011fl\u0131 oldu\u011funu iddia ederken, yakla\u015f\u0131k &#039;u hi\u00e7bir dine ba\u011fl\u0131 olmad\u0131\u011f\u0131n\u0131 iddia ediyor. Ortalama k\u0131rk d\u00f6rt ya\u015f\u0131ndaki Ko\u0161ice vatanda\u015flar\u0131 gelenek ve yenilenmenin e\u015fi\u011finde duruyor.<\/p>\n<p>Ko\u0161ice&#039;nin k\u00fclt\u00fcrel kurumlar\u0131 uzun zamand\u0131r b\u00f6lgesel \u00fcst\u00fcnl\u00fc\u011f\u00fcn\u00fc iddia ediyor. 1968&#039;de Slovakya&#039;n\u0131n ikinci profesyonel senfonisi olarak a\u00e7\u0131lan Ko\u0161ice Devlet Filarmoni Orkestras\u0131, Ko\u0161ice M\u00fczik Bahar\u0131, Uluslararas\u0131 Organ M\u00fczik Festivali ve \u00c7a\u011fda\u015f Sanat Festivali gibi y\u0131ll\u0131k bir festival takvimini s\u00fcrd\u00fcr\u00fcyor. 1945&#039;te kurulan \u00fc\u00e7 tiyatrolu Devlet Tiyatrosu, drama, opera ve baleyi geli\u015ftirirken, Marionette Tiyatrosu ve Eski \u015eehir Tiyatrosu oda performans\u0131n\u0131n mahremiyetini koruyor. Ayr\u0131 topluluklar, s\u0131ras\u0131yla Th\u00e1lia ve Romathan tiyatrolar\u0131yla Macar ve Roman diasporalar\u0131na hitap ediyor.<\/p>\n<p>Ayr\u0131ca, 1872&#039;de Yukar\u0131 Macaristan M\u00fczesi olarak kurulan Do\u011fu Slovak M\u00fczesi, arkeoloji ve etnografya arac\u0131l\u0131\u011f\u0131yla b\u00f6lgesel tarihleri \u200b\u200banlat\u0131rken, planetaryumuyla Slovak Teknik M\u00fczesi bilimsel ve teknolojik miraslar\u0131 tasvir ediyor. 1951&#039;de a\u00e7\u0131lan Do\u011fu Slovak Galerisi, g\u00f6rsel sanatlardaki geli\u015fen ak\u0131mlar\u0131 belgeliyor. Her kurum, \u015fehrin katmanl\u0131 ge\u00e7mi\u015fine tan\u0131kl\u0131k eden miras mimarisini i\u015fgal ediyor.<\/p>\n<p>2013 y\u0131l\u0131nda Fransa&#039;n\u0131n Marsilya kentiyle payla\u015f\u0131lan Avrupa K\u00fclt\u00fcr Ba\u015fkenti unvan\u0131n\u0131n verilmesi, Ko\u0161ice&#039;nin a\u011f\u0131r sanayiden yarat\u0131c\u0131 ekonomiye do\u011fru \u00f6nemli d\u00f6n\u00fc\u015f\u00fcm\u00fcn\u00fc i\u015faret etti. Bu unvan\u0131n temelini olu\u015fturan stratejik vizyon olan Project Interface, 19. y\u00fczy\u0131l k\u0131\u015flalar\u0131n\u0131 Kas\u00e1rne Kulturpark&#039;a d\u00f6n\u00fc\u015ft\u00fcrd\u00fc, \u00e7a\u011fda\u015f sanat\u0131 art\u0131k Kunsthalle Ko\u0161ice olarak bilinen 1960&#039;lardan kalma hizmet d\u0131\u015f\u0131 b\u0131rak\u0131lm\u0131\u015f bir y\u00fczme salonuna davet etti ve So\u011fuk Sava\u015f \u0131s\u0131 e\u015fanj\u00f6rlerini panel\u00e1k b\u00f6lgelerindeki ortak SPOT&#039;lara d\u00f6n\u00fc\u015ft\u00fcrd\u00fc. Komensk\u00e9ho ve Moyzesova sokaklar\u0131ndaki parklar ve gezinti yerleri yeniden canland\u0131r\u0131l\u0131rken, Orta \u00c7a\u011f&#039;dan kalma Ko\u0161ice Kalesi, Amfitiyatro ve Kr\u00e1sna Kona\u011f\u0131 dikkatli bir restorasyondan ge\u00e7ti. 19. y\u00fczy\u0131ldan kalma bir t\u00fct\u00fcn fabrikas\u0131nda do\u011fan Taba\u010dka Kulturfabrik, galerileri, performans alanlar\u0131 ve sanat\u00e7\u0131 st\u00fcdyolar\u0131yla tu\u011fla galerilerini canland\u0131ran ba\u011f\u0131ms\u0131z k\u00fclt\u00fcrel \u00fcretimin merkezi olarak ortaya \u00e7\u0131kt\u0131.<\/p>\n<p>Ekonomik olarak Ko\u0161ice, Slovakya&#039;n\u0131n gayri safi yurt i\u00e7i has\u0131las\u0131n\u0131n neredeyse y\u00fczde dokuzuna katk\u0131da bulunmaktad\u0131r. Yakla\u015f\u0131k 13.500 \u00e7al\u0131\u015fan\u0131 olan US Steel Ko\u0161ice fabrikas\u0131, \u015fehri en b\u00fcy\u00fck \u00f6zel i\u015fvereni ve k\u00fcresel \u00e7elik a\u011flar\u0131nda ba\u015fl\u0131ca bir d\u00fc\u011f\u00fcm noktas\u0131 olarak demirlemektedir. 2006 y\u0131l\u0131nda yerel olarak kurulan Deutsche Telekom IT Solutions Slovakia, Slovakya&#039;n\u0131n \u00f6nde gelen i\u015fverenleri aras\u0131nda \u00fclkenin ikinci b\u00fcy\u00fck payla\u015f\u0131ml\u0131 hizmet merkezi haline gelmi\u015ftir. Perakende ve hizmet sekt\u00f6rleri Aupark Al\u0131\u015fveri\u015f Merkezi gibi merkezler etraf\u0131nda geli\u015firken, planlanan otoyol geni\u015fletmeleri Pre\u0161ov&#039;a ve daha geni\u015f Karpat b\u00f6lgesine daha fazla ba\u011flant\u0131 vaat etmektedir.<\/p>\n<p>Ko\u0161ice&#039;deki miras an\u0131tlar\u0131n\u0131n yo\u011funlu\u011fu herhangi bir Slovak belediyesinin yo\u011funlu\u011funu a\u015fmaktad\u0131r. On \u00fc\u00e7\u00fcnc\u00fc y\u00fczy\u0131ldan kalma St. Michael \u015eapeli, St. Urban Kulesi ve Neo-Barok Devlet Tiyatrosu, Orta Avrupa&#039;daki Bat\u0131 Gotik kilise mimarisinin en do\u011fudaki \u00f6rne\u011fi olan St. Elizabeth Katedrali&#039;nin g\u00f6lgesine yaslanmaktad\u0131r. Orta\u00e7a\u011f surlar\u0131n\u0131n kal\u0131nt\u0131lar\u0131, \u00f6zellikle Cellat ve De\u011firmen bur\u00e7lar\u0131, sivil savunman\u0131n sava\u015f b\u00f6l\u00fcmlerini \u00e7a\u011fr\u0131\u015ft\u0131r\u0131r. Dini \u00e7e\u015fitlilik, Meryem Ana&#039;n\u0131n Do\u011fu\u015fu Yunan Katolik Kilisesi&#039;nde devam ederken, sivil gurur restore edilmi\u015f Eski Belediye Binas\u0131, Eski \u00dcniversite binas\u0131 ve Kaptan Saray\u0131&#039;nda ifadesini bulur. Burjuva evleriyle \u00e7evrili Kurtulu\u015f Meydan\u0131 ve tarihi merkezi tren istasyonuna ba\u011flayan Belediye Park\u0131, kentsel ye\u015fil alan sunar. Kuzeybat\u0131daki Kave\u010dany&#039;deki bir hayvanat bah\u00e7esi, \u015fehrin olanaklar\u0131n\u0131 do\u011fal bir ortama do\u011fru geni\u015fletir.<\/p>\n<p>Ko\u0161ice&#039;nin hareketlilik arterleri, kav\u015fak noktas\u0131 olarak tarihi rol\u00fcn\u00fc yans\u0131tmaktad\u0131r. 1891&#039;deki atl\u0131 araba kurulu\u015fundan ve 1914&#039;te tramvay hatlar\u0131n\u0131n elektriklendirilmesinden bu yana faaliyette olan belediye ula\u015f\u0131m \u015firketi, art\u0131k merkez ve \u00e7evreyi birbirine ba\u011flayan otob\u00fcs, tramvay ve troleyb\u00fcs rotalar\u0131n\u0131 y\u00f6netmektedir. \u017delezni\u010dn\u00e1 stanica Ko\u0161ice, Ukrayna&#039;ya geni\u015f hatl\u0131 ba\u011flant\u0131, Prag, Bratislava ve Miskolc&#039;a do\u011frudan ba\u011flant\u0131lar ve Humenn\u00e9 ve \u010cierna nad Tisou&#039;ya servis hizmetleri ile do\u011fu Slovakya&#039;n\u0131n demir yolu merkezi olarak hizmet vermektedir. D1 otoyolu, Pre\u0161ov&#039;a g\u00fcney koridoru olu\u015ftururken, di\u011fer otoyol projeleri planlama masalar\u0131nda belirmektedir.<\/p>\n<p>Kentsel b\u00f6lgenin g\u00fcneyinde bulunan Ko\u0161ice Uluslararas\u0131 Havaalan\u0131, Londra Luton ve Stansted, Viyana, Var\u015fova, D\u00fcsseldorf ve Prag&#039;a d\u00fczenli rotalar sunuyor. Czech Airlines, Austrian Airlines, LOT Polish Airlines, Eurowings ve Wizz Air gibi ta\u015f\u0131y\u0131c\u0131lar, kod payla\u015f\u0131m ortaklar\u0131yla birlikte, do\u011fu Slovakya&#039;y\u0131 Bat\u0131 Avrupa&#039;ya ba\u011fl\u0131yor, ancak yolcu hacimleri 2008&#039;de zirveye ula\u015ft\u0131ktan sonra d\u00fc\u015f\u00fc\u015f d\u00f6nemine giriyor.<\/p>\n<p>End\u00fcstriyel ufuklar\u0131 ve akademik kaleleri aras\u0131nda, Ko\u0161ice sessiz bir samimiyet atmosferini koruyor. Bir zamanlar \u010cerme\u013esk\u00fd potok taraf\u0131ndan oyulmu\u015f bir orta\u00e7a\u011f yamac\u0131 olan Hlavn\u00e1 ulica&#039;n\u0131n geni\u015f yaya yolu, art\u0131k kuzeydeki Bar\u0131\u015f Maratonu Meydan\u0131 ile g\u00fcneydeki Kurtar\u0131c\u0131lar Meydan\u0131 aras\u0131nda engelsiz bir \u015fekilde ak\u0131yor ve Avrupa&#039;da tek bir su \u00f6zelli\u011fi olan \u015fark\u0131 s\u00f6yleyen \u00e7e\u015fme ile vurgulan\u0131yor. Tarihi evler, kafelerin ve sanat galerilerinin m\u00fc\u015fterilerine y\u00fczy\u0131llard\u0131r s\u00fcren mimari s\u00fcslemeler aras\u0131nda bir gezinti imkan\u0131 sunarak uzunlu\u011fu boyunca uzan\u0131yor.<\/p>\n<p>Ta\u015f d\u00f6\u015feli alanlar\u0131n \u00f6tesinde, \u00e7evredeki Kara Da\u011f ve Slansk\u00e9 Tepeleri&#039;nin Monteleri yerle\u015fik y\u00fcr\u00fcy\u00fc\u015f\u00e7\u00fcy\u00fc \u00e7a\u011f\u0131r\u0131rken, havzadaki k\u0131rsal k\u00f6yler aile \u00e7iftliklerinde ve halk geleneklerinde devam eden bir tar\u0131m ge\u00e7mi\u015fini an\u0131msat\u0131r. \u015eehrin, bin y\u0131ll\u0131k etnik \u00e7o\u011fulculuk ve g\u00f6receli uyumdan do\u011fan Bar\u0131\u015f \u015eehri lakab\u0131, ho\u015fg\u00f6r\u00fc ve k\u00fclt\u00fcrel simbiyozda k\u00f6k salm\u0131\u015f bir medeni kimli\u011fin alt\u0131n\u0131 \u00e7izer. Ko\u0161ice&#039;ye gelen ziyaret\u00e7iler, zaman\u0131n ge\u00e7i\u015finin a\u015f\u0131nm\u0131\u015f ta\u015flarda ve \u00fcniversite derslerinin ritminde, \u00e7elik f\u0131r\u0131nlar\u0131n\u0131n u\u011fultusunda ve bir filarmoni uvert\u00fcr\u00fcn ezgilerinde g\u00f6r\u00fclebildi\u011fi ya\u015fanm\u0131\u015f bir tarih\u00e7eye ad\u0131m atarlar.<\/p>\n<p>\u015eafa\u011f\u0131n \u00f6l\u00e7\u00fcl\u00fc \u0131\u015f\u0131\u011f\u0131nda, sis Horn\u00e1d&#039;dan da\u011f\u0131l\u0131rken ve St. Elizabeth kuleleri arduvaz g\u00f6ky\u00fcz\u00fcne do\u011fru y\u00fckselirken, Ko\u0161ice insan ba\u015far\u0131s\u0131n\u0131n k\u0131r\u0131lganl\u0131\u011f\u0131n\u0131 ortaya koyuyor. Kemerli nefleri ve sessiz bur\u00e7lar\u0131, vebalara, sava\u015flara ve ideolojik sars\u0131nt\u0131lara katlanm\u0131\u015f topluluklar\u0131n dayan\u0131kl\u0131l\u0131\u011f\u0131na tan\u0131kl\u0131k ediyor. Yine de \u015fehir, end\u00fcstriyel kal\u0131nt\u0131lar\u0131n sanatsal icatlar\u0131n potalar\u0131na d\u00f6n\u00fc\u015fmesi ve tramvay hatlar\u0131n\u0131n yeni yerle\u015fim b\u00f6lgelerine do\u011fru v\u0131z\u0131ldamas\u0131yla yenilenme potansiyelini de g\u00f6steriyor. Ko\u0161ice&#039;nin hikayesi m\u00fczelerinin kay\u0131tlar\u0131yla s\u0131n\u0131rl\u0131 de\u011fil; \u00f6\u011frencilerin ayak izlerinde, kafe avlular\u0131ndaki sohbetlerde ve meydanlar\u0131n\u0131 canland\u0131ran festivallerde g\u00fcnl\u00fck olarak senaryola\u015ft\u0131r\u0131l\u0131yor.<\/p>\n<p>Bu t\u00fcr bir s\u00fcreklilik ve d\u00f6n\u00fc\u015f\u00fcm, Ko\u0161ice&#039;yi yirmi birinci y\u00fczy\u0131lda tan\u0131mlar. Antik \u00e7a\u011f\u0131n yenilikle bir arada var oldu\u011fu, Gotik tonozlar\u0131n yank\u0131s\u0131n\u0131n dinamik bir postend\u00fcstriyel toplumun nabz\u0131na cevap verdi\u011fi bir yer olan Do\u011fu Avrupa&#039;n\u0131n kentsel gelene\u011finin dayan\u0131kl\u0131l\u0131\u011f\u0131n\u0131n bir kan\u0131t\u0131 olarak varl\u0131\u011f\u0131n\u0131 s\u00fcrd\u00fcrmektedir. \u015eehir, tarihin sokaklar\u0131nda yeni b\u00f6l\u00fcmler yaz\u0131l\u0131rken bile nas\u0131l korunabilece\u011finin bir \u00f6rne\u011fi olan, sivil ya\u015fam\u0131n dayan\u0131kl\u0131l\u0131\u011f\u0131 \u00fczerine tefekk\u00fcre davet etmektedir.<\/p>","protected":false},"excerpt":{"rendered":"<p>Slovakya&#039;n\u0131n ikinci b\u00fcy\u00fck \u015fehri olan Ko\u0161ice, yakla\u015f\u0131k 230.000 n\u00fcfusa sahiptir ve \u00fclkenin do\u011fu b\u00f6lgesinde \u00f6nemli bir metropol merkezi olarak hizmet vermektedir. Ko\u0161ice&#039;nin Slovak Ore Da\u011flar\u0131&#039;n\u0131n do\u011fu ucundaki Horn\u00e1d Nehri boyunca Macaristan s\u0131n\u0131r\u0131na yak\u0131n elveri\u015fli konumu, \u015fehrin engin tarihini ve \u00e7e\u015fitlendirilmi\u015f k\u00fclt\u00fcrel sahnesini b\u00fcy\u00fck \u00f6l\u00e7\u00fcde etkilemi\u015ftir. \u015eehrin co\u011frafi konumu, Do\u011fu Slovakya i\u00e7in \u00f6nemli bir ekonomik ve k\u00fclt\u00fcrel merkez olarak geli\u015fimini b\u00fcy\u00fck \u00f6l\u00e7\u00fcde etkilemi\u015f ve ayn\u0131 zamanda \u00e7e\u015fitli Orta Avrupa geleneklerinden gelen unsurlar\u0131n benzersiz bir \u015fekilde birle\u015fmesini te\u015fvik etmi\u015ftir.<\/p>","protected":false},"author":1,"featured_media":3066,"parent":13300,"menu_order":0,"comment_status":"closed","ping_status":"closed","template":"elementor_theme","meta":{"_eb_attr":"","footnotes":""},"class_list":["post-13312","page","type-page","status-publish","has-post-thumbnail"],"_links":{"self":[{"href":"https:\/\/travelshelper.com\/tr\/wp-json\/wp\/v2\/pages\/13312","targetHints":{"allow":["GET"]}}],"collection":[{"href":"https:\/\/travelshelper.com\/tr\/wp-json\/wp\/v2\/pages"}],"about":[{"href":"https:\/\/travelshelper.com\/tr\/wp-json\/wp\/v2\/types\/page"}],"author":[{"embeddable":true,"href":"https:\/\/travelshelper.com\/tr\/wp-json\/wp\/v2\/users\/1"}],"replies":[{"embeddable":true,"href":"https:\/\/travelshelper.com\/tr\/wp-json\/wp\/v2\/comments?post=13312"}],"version-history":[{"count":0,"href":"https:\/\/travelshelper.com\/tr\/wp-json\/wp\/v2\/pages\/13312\/revisions"}],"up":[{"embeddable":true,"href":"https:\/\/travelshelper.com\/tr\/wp-json\/wp\/v2\/pages\/13300"}],"wp:featuredmedia":[{"embeddable":true,"href":"https:\/\/travelshelper.com\/tr\/wp-json\/wp\/v2\/media\/3066"}],"wp:attachment":[{"href":"https:\/\/travelshelper.com\/tr\/wp-json\/wp\/v2\/media?parent=13312"}],"curies":[{"name":"wp","href":"https:\/\/api.w.org\/{rel}","templated":true}]}}