{"id":13276,"date":"2024-09-17T15:32:27","date_gmt":"2024-09-17T15:32:27","guid":{"rendered":"https:\/\/travelshelper.com\/staging\/?page_id=13276"},"modified":"2026-03-12T23:23:50","modified_gmt":"2026-03-12T23:23:50","slug":"bilbao","status":"publish","type":"page","link":"https:\/\/travelshelper.com\/tr\/destinations\/europe\/spain\/bilbao\/","title":{"rendered":"Bilbao"},"content":{"rendered":"<p>Bilbao, 40,65 kilometrekarelik bir alan\u0131 kaplayan ve bunun 17,35 kilometrekarelik k\u0131sm\u0131n\u0131 \u015fehrin olu\u015fturdu\u011fu, kalan 23,30 kilometrekarelik k\u0131sm\u0131n\u0131 ise \u00e7evredeki da\u011f k\u0131vr\u0131mlar\u0131na do\u011fru uzanan, Kuzey \u0130spanya&#039;n\u0131n Bask B\u00f6lgesi&#039;nin ba\u015fl\u0131ca kentsel \u00e7ekirde\u011fi olarak kendini g\u00f6stermektedir. \u015eehir, Biskay K\u00f6rfezi a\u011fz\u0131n\u0131n yakla\u015f\u0131k 16 kilometre g\u00fcneyinde yer almaktad\u0131r. 2023 itibar\u0131yla n\u00fcfusu 347.000&#039;i a\u015fan ve 1.037.847 ki\u015filik bir metropol yerle\u015fimine ba\u015fkanl\u0131k eden \u015fehir, \u0130spanya&#039;n\u0131n yaln\u0131zca onuncu b\u00fcy\u00fck belediyesi de\u011fil, ayn\u0131 zamanda Duero Nehri&#039;nin kuzeyindeki en kalabal\u0131k yerle\u015fim birimidir.<\/p>\n<p>Diego L\u00f3pez V de Haro&#039;nun (etkili Haro soyundan gelen) himayesinde on \u00fc\u00e7\u00fcnc\u00fc y\u00fczy\u0131l\u0131n sonlar\u0131nda orta\u00e7a\u011fda kurulan Bilbao, Kastilya Tac\u0131&#039;nda h\u0131zla \u00f6ne \u00e7\u0131kt\u0131 ve liman\u0131, Biscayan y\u00fcn\u00fc ve demir cevherinin farkl\u0131 Avrupa pazarlar\u0131na ihra\u00e7 edilmesiyle geli\u015fti. Ortalama 400 metre y\u00fckseklikteki iki m\u00fctevaz\u0131 da\u011f s\u0131ras\u0131 taraf\u0131ndan \u00e7evrelenen halicin k\u0131vr\u0131ml\u0131 yolu, hem \u015fehrin fizyonomisini hem de denizcilik giri\u015fimini \u015fekillendirdi ve ula\u015f\u0131m arterlerinin ve tersanelerinin b\u00f6lgenin ekonomik sinirlerini desteklemesini sa\u011flad\u0131.<\/p>\n<p>On dokuzuncu y\u00fczy\u0131l ilerledik\u00e7e, Bilbao&#039;nun talihi Sanayi Devrimi ile birlikte ivme kazand\u0131 ve onu B\u00fcy\u00fck Barselona&#039;dan sonra \u0130spanya&#039;n\u0131n en sanayile\u015fmi\u015f ikinci b\u00f6lgesi haline getirdi. Demir madencili\u011fi, siderurgical demirhaneler ve gemi in\u015fa sahalar\u0131n\u0131n bir araya gelmesi, biti\u015fik k\u00f6ylerin idari olarak dahil edilmesini zorlayan demografik bir dalgalanmaya yol a\u00e7t\u0131 - Derio, Etxebarri, Galdakao bunlar\u0131n aras\u0131ndayd\u0131 - b\u00f6ylece kentsel ayak izi geni\u015fledi ve insan dokusu yo\u011funla\u015ft\u0131. Yirminci y\u00fczy\u0131l\u0131n ba\u015flar\u0131nda, metropol a\u011f\u0131r sanayi ile e\u015fanlaml\u0131 hale geldi, bacalar\u0131 ve kuru havuzlar\u0131 bir ulusun modernlik aray\u0131\u015f\u0131n\u0131n simgesi haline geldi.<\/p>\n<p>Ancak sanayi sonras\u0131 d\u00f6nem, Bilbao&#039;nun kimli\u011finin kas\u0131tl\u0131 olarak yeniden hayal edilmesine tan\u0131k oldu. Ekim 1997&#039;de Guggenheim M\u00fczesi Bilbao&#039;nun a\u00e7\u0131l\u0131\u015f\u0131 - Frank Gehry taraf\u0131ndan tasarlanan \u00e7a\u011fda\u015f sanata k\u0131vr\u0131ml\u0131, titanyum kapl\u0131 bir an\u0131t - kentsel yenilenmenin katalitik bir amblemi olarak hizmet etti. Arenal b\u00f6lgesinin eski r\u0131ht\u0131mlar\u0131 ve depolar\u0131 \u00fczerine in\u015fa edilen bu k\u00fclt\u00fcrel i\u015faret, bir dizi altyap\u0131 yat\u0131r\u0131m\u0131n\u0131 ba\u015flatt\u0131: Santiago Calatrava taraf\u0131ndan yeniden tasarlanan bir havaalan\u0131 terminali; Norman Foster&#039;\u0131n cam &#034;fosteritos&#034;lar\u0131yla \u00f6ne \u00e7\u0131kan bir Bilbao metro a\u011f\u0131; tramvay\u0131n hali\u00e7 boyunca yeniden tan\u0131t\u0131lmas\u0131; ve 1909&#039;dan kalma bir \u015farap deposunun Philippe Starck taraf\u0131ndan \u00e7ok disiplinli Azkuna Zentroa&#039;ya d\u00f6n\u00fc\u015ft\u00fcr\u00fclmesi. Ayr\u0131ca, Abandoibarra ve Zorrozaurre sekt\u00f6rleri a\u015famal\u0131 olarak yeniden geli\u015ftirilmeye devam ediyor. Bunlardan birinde Arata Isozaki kule kompleksi, Euskalduna Konferans Merkezi ve Konser Salonu ve C\u00e9sar Pelli&#039;nin Iberdrola Kulesi yer al\u0131yor; di\u011ferinin ise Zaha Hadid taraf\u0131ndan tasarlanan bir ana plandan, BBK genel merkezinin demirledi\u011fi, karma konut ve ticari kullan\u0131ma sahip bir ada olarak ortaya \u00e7\u0131kmas\u0131 bekleniyor.<\/p>\n<p>Bilbao&#039;nun Bask E\u015fi\u011fi&#039;ndeki co\u011frafi konumu\u2014Kantabria Da\u011flar\u0131 ile Pireneler aras\u0131ndaki yap\u0131sal bir mente\u015fe\u2014ona Paleozoik bir alt tabaka ve Elorrio&#039;dan Galdames&#039;e uzanan ana bir antiklinalin karakterize etti\u011fi bir r\u00f6lyef \u00fczerinde uzanan Mezozoik tortular\u0131n bir toprak stratigrafisi kazand\u0131r\u0131r. \u015eehir s\u0131n\u0131rlar\u0131 i\u00e7inde, ikincil k\u0131vr\u0131mlar araziyi iki da\u011fl\u0131k toplulu\u011fa eklemler: kuzeydo\u011fuda, Artxanda, Avril, Banderas, Pikota, San Bernab\u00e9 ve Cabras Da\u011flar\u0131; g\u00fcneyde, Kobetas, Restaleku, Pagasarri ve Arraiz, sonuncu \u00e7ift s\u0131ras\u0131yla Pagasarri ve Ganeta&#039;da 673 ve 689 metre y\u00fcksekliklere y\u00fckselir. \u0130klimsel olarak, Biskay K\u00f6rfezi&#039;nin al\u00e7ak bas\u0131n\u00e7 sistemleri mevsimsel a\u015f\u0131r\u0131l\u0131klar\u0131 dengeler ve s\u0131k ya\u011f\u0131\u015flara (ya\u011fmurlu g\u00fcnler y\u0131ll\u0131k toplam\u0131n y\u00fczde k\u0131rk be\u015fini, bulutlu g\u00fcnler ise y\u00fczde k\u0131rk\u0131n\u0131 olu\u015fturur), rejimin Akdeniz olarak yeniden s\u0131n\u0131fland\u0131r\u0131lmas\u0131na yetecek kadar az yaz kurakl\u0131\u011f\u0131na ve y\u0131l boyunca zay\u0131f termal sal\u0131n\u0131mlara neden olur; ortalama maksimumlar Temmuz ay\u0131nda nadiren 26 \u00b0C&#039;yi a\u015far ve ortalama minimumlar Ocak ay\u0131nda nadiren 6 \u00b0C&#039;nin alt\u0131na d\u00fc\u015fer.<\/p>\n<p>Demografik olarak, 2017 itibar\u0131yla 342.397 olan Bilbao&#039;nun n\u00fcfusu 40,59 km\u00b2&#039;lik bir kara alan\u0131n\u0131 kaplar; Bask \u00d6zerk Toplulu\u011fu&#039;nun toplam n\u00fcfusunun yakla\u015f\u0131k y\u00fczde k\u0131rk yedisini temsil eden metropol alan\u0131, ki\u015fi ba\u015f\u0131na 30.860 avroluk b\u00f6lgesel GSY\u0130H&#039;ye (ulusal ve AB ortalamalar\u0131n\u0131 a\u015farak) ve 36,9 milyar dolarl\u0131k nominal metropol GSY\u0130H&#039;ye \u00f6nemli \u00f6l\u00e7\u00fcde katk\u0131da bulunur. \u015eehrin ticari miras\u0131, Kastilya mallar\u0131n\u0131n liman \u00fczerinden ge\u00e7ti\u011fi Deniz Konsoloslu\u011fu&#039;nun on alt\u0131nc\u0131 y\u00fczy\u0131lda kurulmas\u0131na dayan\u0131r; ancak, deniz ta\u015f\u0131mac\u0131l\u0131\u011f\u0131n\u0131 ve tersane geni\u015flemesini te\u015fvik eden ve \u00fcst\u00fcn stat\u00fcde bir gemi in\u015fa end\u00fcstrisiyle sonu\u00e7lanan, yak\u0131nlardaki demir yataklar\u0131n\u0131n on dokuzuncu y\u00fczy\u0131lda s\u00f6m\u00fcr\u00fclmesiydi. Bir zamanlar Eski Kent&#039;in Arenal semtinin yan\u0131nda bulunan orijinal liman, 1902&#039;de Santurtzi&#039;deki d\u0131\u015f limana devredildi; toplu olarak &#034;s\u00fcper liman&#034; olarak bilinen sonraki geni\u015flemeler, Zorroza&#039;daki kalan tesisler hari\u00e7, 1970&#039;lerde merkezi r\u0131ht\u0131mlar\u0131n ta\u015f\u0131nmas\u0131na neden oldu. Bug\u00fcn Bilbao, \u0130spanya&#039;n\u0131n en iyi be\u015f ticari liman\u0131 aras\u0131nda yer al\u0131yor, d\u00fcnya \u00e7ap\u0131nda be\u015f y\u00fcz var\u0131\u015f noktas\u0131na iki y\u00fczden fazla tarifeli hizmet sunuyor ve 2009&#039;da otuz bir milyon tondan fazla kargoyu elle\u00e7liyor - esas olarak Rusya, Birle\u015fik Krall\u0131k, Hollanda ve \u0130skandinav pazarlar\u0131na y\u00f6nelik - ve Bask GSY\u0130H&#039;sine 419 milyon avro katk\u0131da bulunurken yakla\u015f\u0131k on bin ge\u00e7im kayna\u011f\u0131n\u0131 s\u00fcrd\u00fcr\u00fcyor.<\/p>\n<p>Turizm, ba\u015flang\u0131\u00e7ta Getxo&#039;nun Las Arenas plaj\u0131na 1872&#039;de yap\u0131lan demir yolu ba\u011flant\u0131s\u0131yla f\u0131s\u0131ldanarak var olmaya ba\u015flad\u0131, ancak Guggenheim&#039;\u0131n geli\u015fiyle ger\u00e7ek bir ivme kazand\u0131. Ziyaret\u00e7i say\u0131lar\u0131 1995&#039;te sadece 25.000&#039;den 2018&#039;de 932.000&#039;in \u00fczerine \u00e7\u0131karak katlanarak artt\u0131 ve Bilbao&#039;yu Bask B\u00f6lgesi&#039;nin en \u00f6nemli destinasyonu haline getirdi - San Sebasti\u00e1n&#039;\u0131 ge\u00e7ti - ve b\u00f6lgesel turist himayesinin y\u00fczde otuz birini olu\u015fturdu. \u00c7o\u011funlukla Madrid ve Katalonya&#039;dan seyahat eden yerli gezginler bask\u0131nken, uluslararas\u0131 ziyaret\u00e7iler \u00e7o\u011funlukla Frans\u0131z konuklardan ve daha az \u00f6l\u00e7\u00fcde \u0130ngiliz, Alman ve \u0130talyan gezginlerden olu\u015fuyor. Y\u0131ll\u0131k turizm gelirleri yakla\u015f\u0131k 300 milyon avro olup, Euskalduna Merkezi ve Barakaldo&#039;daki Bilbao Sergi Merkezi taraf\u0131ndan desteklenen g\u00fc\u00e7l\u00fc bir kongre i\u015fletmesiyle destekleniyor.<\/p>\n<p>Bilbao&#039;nun kentsel dokusu mimari d\u00f6nemlerin bir palimpsestini ortaya koyuyor: Eski Kent&#039;teki St. James Katedrali ve San Ant\u00f3n Kilisesi&#039;ndeki Gotik kal\u0131nt\u0131lar; Neo-Gotik ve Art Deco geli\u015fmeleri; modernist Art Nouveau \u00e7izgileri; ve Gehry, Foster, Starck, Isozaki, Pelli ve Hadid&#039;in imza niteli\u011findeki \u00e7a\u011fda\u015f m\u00fcdahaleleri. Belediye s\u0131n\u0131rlar\u0131 i\u00e7inde Nervi\u00f3n hali\u00e7ini ge\u00e7en on yedi k\u00f6pr\u00fc, her biri farkl\u0131 m\u00fchendislik anlat\u0131lar\u0131n\u0131 temsil ediyor: Calatrava taraf\u0131ndan tasarlanan Zubizuri (1997&#039;de a\u00e7\u0131lan &#034;beyaz k\u00f6pr\u00fc&#034;); \u0130spanya Prensleri K\u00f6pr\u00fcs\u00fc (&#034;La Salve&#034;, 1972, daha sonra Daniel Buren taraf\u0131ndan yeniden tasarland\u0131); Chicago&#039;nun Michigan Avenue K\u00f6pr\u00fcs\u00fc&#039;nden modellenen bask\u00fcl Deusto K\u00f6pr\u00fcs\u00fc (1936); ve Alberto Palacio&#039;nun yarat\u0131c\u0131l\u0131\u011f\u0131ndan do\u011fan, d\u00fcnyan\u0131n ilk nakliye k\u00f6pr\u00fcs\u00fc Portugalete (1890-93).<\/p>\n<p>Ye\u015fil alanlar, \u015fehrin end\u00fcstriyel kal\u0131nt\u0131lar\u0131na kar\u015f\u0131 belirgin bir kar\u015f\u0131 nokta olu\u015fturuyor: 200 hektar\u0131 kapsayan on sekiz belediye park\u0131, 119 hektar\u0131 kentselle\u015ftirilmi\u015f 1.025 hektarl\u0131k ye\u015fil ku\u015fakla tamamlan\u0131yor. Ricardo Bastida taraf\u0131ndan tasarlanan ve 1907&#039;de a\u00e7\u0131lan 8,5 hektarl\u0131k \u0130ngiliz tarz\u0131 bir bah\u00e7e olan Do\u00f1a Casilda Iturrizar Park\u0131, yerel takma ad\u0131 olan &#034;\u00d6rdek Park\u0131&#034;n\u0131 miras b\u0131rakan dans eden bir su \u00e7e\u015fmesine ve su ku\u015flar\u0131na sahipken, Ibaiondo&#039;nun Etxeberria Park\u0131, eski bir \u00e7elik fabrikas\u0131n\u0131n yerini kapl\u0131yor ve bacas\u0131n\u0131 Bilbao&#039;nun metalurjik ge\u00e7mi\u015fine bir sayg\u0131 duru\u015fu olarak koruyor. Mount Cobetas (18,5 hektar), Larreagaburu (12 hektar), Europa Park, Miribilla Park ve \u00fc\u00e7 kilometrelik Memorial Walkway (on iki metre y\u00fcksekli\u011findeki lambalarla ayd\u0131nlat\u0131lm\u0131\u015f bir hali\u00e7 gezinti yolu) gibi \u00e7evresel a\u00e7\u0131k alanlar, \u015fehrin eri\u015filebilir rekreasyona olan ba\u011fl\u0131l\u0131\u011f\u0131n\u0131 peki\u015ftiriyor. Mount Artxanda f\u00fcnik\u00fcleri ziyaret\u00e7ileri panoramik manzaralara ve e\u011flence tesislerine g\u00f6t\u00fcr\u00fcyor; g\u00fcneyde, 2007&#039;den beri korunan Pagasarri, 1870&#039;lerden beri oldu\u011fu gibi yama\u00e7lar\u0131n\u0131 takip eden y\u00fcr\u00fcy\u00fc\u015f\u00e7\u00fcleri kendine \u00e7ekiyor.<\/p>\n<p>K\u00fclt\u00fcrel olarak, Bilbao&#039;nun 2014&#039;te UNESCO &#034;Tasar\u0131m \u015eehri&#034; olarak belirlenmesi ve Yarat\u0131c\u0131 \u015eehirler A\u011f\u0131&#039;na dahil edilmesi, gelenek ve yenili\u011fin kayna\u015fmas\u0131n\u0131n kan\u0131t\u0131d\u0131r. Gastronomi, hali\u00e7teki bereketli yiyeceklere odaklan\u0131r - y\u0131lan bal\u0131\u011f\u0131, morina bal\u0131\u011f\u0131, mezgit, kalamar ve dana burnu - bacalao al pil-pil, bacalao a la vizca\u00edna, merluza en salsa verde ve chipirones en su tinta gibi imzal\u0131 haz\u0131rl\u0131klarda yeniden \u015fekillendirilir; tatl\u0131 finaller aras\u0131nda canutillos de Bilbao, Pantxineta ve pirin\u00e7 kekleri bulunur. Pintxos&#039;un - ekmek dilimlerinin \u00fczerine k\u00fc\u00e7\u00fck k\u00fcrdanla tutturulmu\u015f topluluklar - sosyal rit\u00fceli, rabas, \u0130spanyol tortillas\u0131, doldurulmu\u015f mantarlar (txampis), tri\u00e1ngulos ve gildas ile birlikte Bask ne\u015fesinin kalbinde yer al\u0131r.<\/p>\n<p>Bilbao&#039;nun kentsel merkezinden ula\u015f\u0131m arterleri, Abando&#039;nun finans b\u00f6lgesini b\u00f6len ve Casco Viejo&#039;yu San Mam\u00e9s&#039;e ba\u011flayan Gran V\u00eda de Don Diego L\u00f3pez de Haro ile ba\u015flayarak yay\u0131l\u0131r; Sabino Arana ve Juan Antonio Zunzunegui Caddeleri trafi\u011fi \u00e7evre otoyollar\u0131na y\u00f6nlendirir; Autonom\u00eda Caddesi g\u00fcney b\u00f6lgelerinden do\u011fu-bat\u0131 y\u00f6n\u00fcnde uzan\u0131r; ve on d\u00f6rt k\u00f6pr\u00fc hali\u00e7 ve Kadagua Nehri&#039;nin yollar\u0131n\u0131 birbirine ba\u011flar. Karayolu a\u011flar\u0131 \u015fehri \u0130ber Yar\u0131madas\u0131&#039;na ve \u00f6tesine ba\u011flar: Santander, Gij\u00f3n ve Bordeaux&#039;ya giden A-8 otoyolu (sahil E70); San Sebasti\u00e1n ve Frans\u0131z s\u0131n\u0131r\u0131na giden do\u011fuya giden AP-8 \u00fccretli yol; Vitoria-Gasteiz, Logro\u00f1o ve Zaragoza&#039;ya giden AP-68 (E804); N-634, BI-631, BI-626, BI-625 ve N-637 gibi yard\u0131mc\u0131 atardamarlar karasal kafesi tamamlar.<\/p>\n<p>1948&#039;de a\u00e7\u0131l\u0131\u015f\u0131 yap\u0131lan ve 2000&#039;de Calatrava taraf\u0131ndan yeniden tasarlanan Bilbao Havaliman\u0131 (BIO), kuzey k\u0131y\u0131s\u0131n\u0131n birincil havac\u0131l\u0131k kap\u0131s\u0131 olarak i\u015flev g\u00f6r\u00fcyor ve 2018&#039;de yirmi ta\u015f\u0131y\u0131c\u0131da (aralar\u0131nda Iberia, Lufthansa, TAP Portekiz) 5,4 milyondan fazla yolcuya hizmet veriyor ve Londra, Frankfurt, M\u00fcnih, Madrid, Barselona, \u200b\u200bMalaga, Paris, Br\u00fcksel ve Amsterdam&#039;a ba\u011flan\u0131yor. 2009&#039;da kapasiteyi iki kat\u0131na \u00e7\u0131karmak i\u00e7in tasarlanan uzun s\u00fcreli bir geni\u015fleme plan\u0131, temel at\u0131lmadan \u00f6nce ekonomik toparlanmay\u0131 beklerken, Ryanair gibi d\u00fc\u015f\u00fck maliyetli operat\u00f6rler 59 kilometre g\u00fcneyde bulunan Vitoria Havaliman\u0131&#039;na g\u00fcveniyor.<\/p>\n<p>Demiryolu a\u011flar\u0131, Bilbao-Abando merkezli, Madrid, Barselona ve Vigo&#039;ya uzun mesafeli Alvia ve Intercity hizmetleri ve Bilbao-Concordia&#039;dan be\u015f dar hatl\u0131 ba\u011flant\u0131 ile Adif taraf\u0131ndan i\u015fletilen Renfe hatlar\u0131 ile Durango, Eibar, San Sebasti\u00e1n ve Bermeo&#039;ya hizmet veren Bilbao-Atxuri ve Zazpikaleak\/Casco Viejo&#039;dan Bask&#039;a ait Euskotren rotalar\u0131 aras\u0131nda ikiye ayr\u0131l\u0131yor. 2023&#039;ten sonra tamamlanmas\u0131 planlanan yakla\u015fan Bask Y y\u00fcksek h\u0131zl\u0131 koridoru, mevcut altyap\u0131y\u0131 yer alt\u0131 ba\u011flant\u0131s\u0131yla de\u011fi\u015ftirecek. 1995&#039;te a\u00e7\u0131lan 1 ve 2 numaral\u0131 metro hatlar\u0131 hali\u00e7 boyunca ilerliyor ve Etxebarri&#039;den Plentzia ve Santurtzi&#039;ye kadar uzan\u0131yor; Nisan 2017&#039;den beri Euskotren&#039;in alt\u0131nda olan 3 numaral\u0131 hat, havaliman\u0131 geni\u015flemesini \u00f6ng\u00f6r\u00fcyor; 4 ve 5 numaral\u0131 hatlar \u00fczerinde \u00e7al\u0131\u015fmalar devam ediyor. 2002&#039;de k\u0131rk y\u0131l sonra yeniden canland\u0131r\u0131lan tramvay, hali\u00e7 boyunca ilerlerken, d\u00f6rt Cercan\u00edas hatt\u0131 ve bir Renfe feve banliy\u00f6 hatt\u0131 metropol belediyelerini daha da b\u00fct\u00fcnle\u015ftiriyor. Bilbobus ve Bizkaibus filolar\u0131 kentsel ve b\u00f6lgesel otob\u00fcs kapsam\u0131 sa\u011fl\u0131yor - yirmi sekiz \u015fehir rotas\u0131, sekiz mikro otob\u00fcs ve sekiz gece Gautxori hatt\u0131, y\u00fczlerce \u015fehirleraras\u0131 hizmetle destekleniyor - en uzak vadilerin bile Bilbao&#039;nun kalp at\u0131\u015f\u0131yla g\u00fcnl\u00fck ba\u011flar\u0131n\u0131 s\u00fcrd\u00fcrmesini sa\u011fl\u0131yor.<\/p>\n<p>Santurtzi&#039;den Portsmouth&#039;a giden bir Brittany Ferries seferi ve MV Cap Finist\u00e8re&#039;in Bilbao-Departures seferi, P&amp;O&#039;nun Pride of Bilbao gibi tarihi feribotlar\u0131 2010 y\u0131l\u0131nda emekliye ayr\u0131lm\u0131\u015f olsa bile, \u015fehrin kal\u0131c\u0131 deniz ba\u011flant\u0131s\u0131n\u0131n kan\u0131t\u0131d\u0131r. Bu hareket matrisi i\u00e7inde, ortalama bir Bilbao banliy\u00f6 sakini g\u00fcnl\u00fck olarak toplu ta\u015f\u0131maya otuz be\u015f dakika, duraklarda yedi dakika bekleme ve ortalama 6,9 kilometrelik bir yolculuk uzunlu\u011fu ay\u0131r\u0131yor; bu istatistikler hem a\u011f\u0131n verimlili\u011fini hem de \u015fehrin kompaktl\u0131\u011f\u0131n\u0131 vurguluyor.<\/p>\n<p>Sadece Bask k\u00f6kenli oyunculardan olu\u015fan y\u00fczy\u0131ll\u0131k bir gelene\u011fe sahip olan Athletic Club Bilbao, b\u00f6lgesel kimli\u011fi ve milliyet\u00e7i duygular\u0131 temsil ediyor; \u0130spanya&#039;n\u0131n en ba\u015far\u0131l\u0131 futbol kurumlar\u0131ndan biri olan kul\u00fcp, co\u015fkunun ve miras\u0131n bir araya geldi\u011fi futbolun &#034;Katedrali&#034; San Mam\u00e9s Stadyumu&#039;nda yer al\u0131yor.<\/p>\n<p>Bilbao&#039;nun kentsel d\u00f6n\u00fc\u015f\u00fcm\u00fc uluslararas\u0131 alanda takdir toplad\u0131: May\u0131s 2010&#039;da Lee Kuan Yew D\u00fcnya Kent \u00d6d\u00fcl\u00fc (Haziran 2010&#039;da verildi), Ocak 2013&#039;te Belediye Ba\u015fkan\u0131 I\u00f1aki Azkuna&#039;ya verilen 2012 D\u00fcnya Belediye Ba\u015fkan\u0131 \u00d6d\u00fcl\u00fc ve Kas\u0131m 2017&#039;de Urbanizm Akademisi taraf\u0131ndan 2018&#039;in En \u0130yi Avrupa Kenti se\u00e7ilmesi. Bu \u00f6d\u00fcller, Bilbao&#039;nun sokaklar\u0131n\u0131, k\u00fclt\u00fcrel mekanlar\u0131n\u0131, Nervi\u00f3n k\u0131y\u0131lar\u0131n\u0131 ve vatanda\u015flar\u0131n\u0131n g\u00fcnl\u00fck ya\u015famlar\u0131n\u0131 canland\u0131rmaya devam eden bir dayan\u0131kl\u0131l\u0131k ve yenilenme anlat\u0131s\u0131n\u0131 vurguluyor; her biri, uzun zamand\u0131r demir ve end\u00fcstriyle d\u00f6v\u00fclm\u00fc\u015f bir \u015fehrin, \u015fimdi yarat\u0131c\u0131l\u0131k ve kentsel y\u00f6neticili\u011fin ikiz s\u00fctunlar\u0131 \u00fczerinde y\u00fckseldi\u011finin kan\u0131t\u0131.<\/p>","protected":false},"excerpt":{"rendered":"<p>Biscay ve Bask B\u00f6lgesi&#039;nin en b\u00fcy\u00fck \u015fehri olan Bilbao, \u0130spanya&#039;n\u0131n kuzeyinde \u00f6nemli bir kentsel merkez olarak hizmet vermektedir. \u015eehir, \u0130spanya&#039;n\u0131n dokuzuncu b\u00fcy\u00fck \u015fehri ve kuzey kesiminde en kalabal\u0131k olan\u0131d\u0131r; 2023 itibar\u0131yla n\u00fcfusu 347.000&#039;in \u00fczerindedir. 1.037.847 ki\u015fiden olu\u015fan Bilbao metropol b\u00f6lgesi, \u0130spanya&#039;n\u0131n kuzeyindeki en b\u00fcy\u00fck kentsel yo\u011funluktur. 875.552 ki\u015fiden olu\u015fan B\u00fcy\u00fck Bilbao&#039;nun comarca&#039;s\u0131, \u00fclkedeki kentsel alanlar aras\u0131nda be\u015finci s\u0131rada yer almaktad\u0131r. B\u00fcy\u00fck Bask b\u00f6lgesinin ana metropol merkezi olarak hareket eden Bilbao, yak\u0131n \u00e7evresinin d\u0131\u015f\u0131nda b\u00fcy\u00fck bir etkiye sahiptir.<\/p>","protected":false},"author":1,"featured_media":2844,"parent":13090,"menu_order":0,"comment_status":"closed","ping_status":"closed","template":"elementor_theme","meta":{"_eb_attr":"","footnotes":""},"class_list":["post-13276","page","type-page","status-publish","has-post-thumbnail"],"_links":{"self":[{"href":"https:\/\/travelshelper.com\/tr\/wp-json\/wp\/v2\/pages\/13276","targetHints":{"allow":["GET"]}}],"collection":[{"href":"https:\/\/travelshelper.com\/tr\/wp-json\/wp\/v2\/pages"}],"about":[{"href":"https:\/\/travelshelper.com\/tr\/wp-json\/wp\/v2\/types\/page"}],"author":[{"embeddable":true,"href":"https:\/\/travelshelper.com\/tr\/wp-json\/wp\/v2\/users\/1"}],"replies":[{"embeddable":true,"href":"https:\/\/travelshelper.com\/tr\/wp-json\/wp\/v2\/comments?post=13276"}],"version-history":[{"count":0,"href":"https:\/\/travelshelper.com\/tr\/wp-json\/wp\/v2\/pages\/13276\/revisions"}],"up":[{"embeddable":true,"href":"https:\/\/travelshelper.com\/tr\/wp-json\/wp\/v2\/pages\/13090"}],"wp:featuredmedia":[{"embeddable":true,"href":"https:\/\/travelshelper.com\/tr\/wp-json\/wp\/v2\/media\/2844"}],"wp:attachment":[{"href":"https:\/\/travelshelper.com\/tr\/wp-json\/wp\/v2\/media?parent=13276"}],"curies":[{"name":"wp","href":"https:\/\/api.w.org\/{rel}","templated":true}]}}