{"id":13266,"date":"2024-09-17T15:24:30","date_gmt":"2024-09-17T15:24:30","guid":{"rendered":"https:\/\/travelshelper.com\/staging\/?page_id=13266"},"modified":"2026-03-12T23:23:08","modified_gmt":"2026-03-12T23:23:08","slug":"kurtuba","status":"publish","type":"page","link":"https:\/\/travelshelper.com\/tr\/destinations\/europe\/spain\/cordoba\/","title":{"rendered":"Kurtuba"},"content":{"rendered":"<p>End\u00fcl\u00fcs&#039;\u00fcn \u00fc\u00e7\u00fcnc\u00fc en kalabal\u0131k belediyesi olan Kordoba, \u0130ber Yar\u0131madas\u0131&#039;n\u0131n g\u00fcney kesimlerinde Guadalquivir&#039;in sa\u011f k\u0131y\u0131s\u0131nda 1.254,25 km\u00b2&#039;lik bir alan\u0131 y\u00f6netmektedir. M\u00d6 1. y\u00fczy\u0131l\u0131n ba\u015flar\u0131nda bir Roma kolonisi olarak kurulan \u015fehrin dokusu, Vizigot egemenli\u011finin ve sonras\u0131nda sekizinci y\u00fczy\u0131ldan ba\u015flayarak onu End\u00fcl\u00fcs&#039;\u00fcn \u00f6nde gelen bir \u00f6\u011frenme ve y\u00f6netim merkezi haline getiren Emevi Emirli\u011fi ve Halifeli\u011fi&#039;nin izlerini ta\u015f\u0131maktad\u0131r. Ortalama yaz s\u0131cakl\u0131\u011f\u0131 37 \u00b0C olan a\u015f\u0131r\u0131 termal canl\u0131l\u0131k iklimini tan\u0131mlar; ancak Atlantik&#039;ten gelen k\u0131\u015f f\u0131rt\u0131nalar\u0131yla noktalanan \u0131l\u0131man k\u0131\u015flar, nehir ve \u00e7evresindeki Campi\u00f1a boyunca yemye\u015fil bir mozaik, Sierra&#039;n\u0131n dik yama\u00e7lar\u0131 ve nehir teraslar\u0131n\u0131n yumu\u015fak dalgalanmalar\u0131n\u0131 s\u00fcrd\u00fcr\u00fcr.<\/p>\n<p>Kordoba&#039;n\u0131n en eski kal\u0131nt\u0131lar\u0131, Augustus taraf\u0131ndan yapt\u0131r\u0131lan ve sekizinci y\u00fczy\u0131lda yenilenen, iki bin y\u0131l boyunca \u015fehrin tek ge\u00e7i\u015f noktas\u0131 olarak kalan, on alt\u0131 kemerden olu\u015fan 250 metrelik bir Roma K\u00f6pr\u00fcs\u00fc&#039;nde ortaya \u00e7\u0131k\u0131yor. Yak\u0131nlarda Paseo de la Victoria&#039;daki t\u00fcrbe, Teatro Romano ve Forum Adiectum&#039;un kal\u0131nt\u0131lar\u0131 ve Maximian&#039;\u0131n saray\u0131 duruyor; bunlar imparatorluk h\u0131rs\u0131n\u0131n sessiz tan\u0131klar\u0131. Vizigot y\u00f6netimi daha az somut kal\u0131nt\u0131 b\u0131rakt\u0131, ancak MS 711&#039;de \u0130slam egemenli\u011fine ge\u00e7i\u015f, Bat\u0131&#039;da benzeri olmayan bir mimari eseri ba\u015flatt\u0131. MS 784 ile 786 aras\u0131nda, Abdurrahman I, \u00fcnl\u00fc mihrab ve s\u00fcsl\u00fc bir dua salonunu tan\u0131tan onuncu y\u00fczy\u0131ldaki bir geni\u015fleme de dahil olmak \u00fczere, ard\u0131\u015f\u0131k Emevi geni\u015flemeleriyle y\u00fczy\u0131llar boyunca d\u00fcnyan\u0131n \u00fc\u00e7\u00fcnc\u00fc b\u00fcy\u00fck camisi haline gelen B\u00fcy\u00fck Cami&#039;nin temellerini att\u0131. Roma ve Vizigot gelenekleriyle dolu at nal\u0131 kemerler ve i\u00e7 i\u00e7e ge\u00e7mi\u015f revaklar, Katedralin tonozlu nefini destekliyor; bu, 16. y\u00fczy\u0131lda kutsanm\u0131\u015f bir palimpsest; ancak 1984&#039;te UNESCO D\u00fcnya Miras\u0131 Alan\u0131 olarak kabul edilen geni\u015f hipostil salonunu koruyor.<\/p>\n<p>Mezquita&#039;n\u0131n \u00f6tesinde, Kordoba&#039;n\u0131n \u0130slami miras\u0131, kay\u0131p bir caminin yerini i\u015faretleyen \u00e7ift at nal\u0131 kemerli penceresiyle ince San Juan Minaresi&#039;nde ve Albolafia ve Lope Garc\u00eda gibi su de\u011firmenlerinin ard\u0131\u015f\u0131k d\u00f6nemlerin hidrolik ustal\u0131\u011f\u0131n\u0131 izledi\u011fi nehir k\u0131y\u0131lar\u0131nda ortaya \u00e7\u0131kar. Muvahhidlere atfedilen m\u00fcstahkem Calahorra Kulesi, Roma K\u00f6pr\u00fcs\u00fc&#039;n\u00fcn g\u00fcney ucunu \u00e7er\u00e7eveler ve \u015fimdi k\u00fclt\u00fcrel haf\u0131zan\u0131n bir deposu olan Museo Vivo de Al-Andalus&#039;a ev sahipli\u011fi yapar. Engizisyonun yeri ve eski kraliyet ikametgah\u0131 olan Alc\u00e1zar de los Reyes Cristianos&#039;un biti\u015fi\u011finde, onuncu y\u00fczy\u0131ldan kalma banyolar\u0131 art\u0131k \u0130slami g\u00fcnl\u00fck ya\u015fam\u0131n rit\u00fcel hassasiyetini ileten k\u0131smen yeniden in\u015fa edilmi\u015f bir hamam olan Halife Hamamlar\u0131 yer al\u0131r.<\/p>\n<p>\u015eehrin \u00e7evresinde, Madinat al-Zahra al\u00e7ak \u00e7al\u0131l\u0131klardan y\u00fckselir - saray \u015fehri onuncu y\u00fczy\u0131lda ba\u015flam\u0131\u015f ve 1911&#039;den beri kaz\u0131l\u0131yor - halifelik saray\u0131n\u0131n politik ve estetik h\u0131rslar\u0131n\u0131 yans\u0131t\u0131r. Tarihi merkez i\u00e7inde, dar sokaklar d\u00fczensiz plan\u0131 1315 Sinagogu&#039;nu ve Casa de Sefarad&#039;\u0131 bar\u0131nd\u0131ran eski Yahudi mahallesi Juder\u00eda&#039;da birle\u015fir, on \u00fc\u00e7\u00fcnc\u00fc y\u00fczy\u0131l Reconquista&#039;s\u0131na kadar inan\u00e7lar\u0131n karma\u015f\u0131k bir arada ya\u015famas\u0131na sahne olur. Kral III. Ferdinand&#039;\u0131n 1236&#039;daki fethinden sonra, C\u00f3rdoba kendi ad\u0131n\u0131 ta\u015f\u0131yan krall\u0131\u011f\u0131n\u0131n ba\u015f\u0131 olarak Kastilya Tac\u0131&#039;na dahil edildi ve yeniden fethedilen barriolarda yapt\u0131r\u0131lan on iki kilise - aralar\u0131nda Santa Marina de Aguas Santas, San Nicol\u00e1s de la Villa ve San Miguel - hem dini hem de belediye i\u015flevlerine hizmet etti, cepheleri Romanesk, Mud\u00e9jar ve Gotik motifleri birle\u015ftirdi.<\/p>\n<p>Hristiyan izleri Roma surlar\u0131n\u0131n g\u00fcn\u00fcm\u00fcze ula\u015fan kap\u0131lar\u0131nda da kendini g\u00f6sterir: Puerta de Almod\u00f3var, Puerta de Sevilla ve Puerta del Puente, Torre de la Malmuerta ve Torre de Bel\u00e9n ile \u00e7evrilidir. Eski Kent&#039;in g\u00fcney kesimlerinde, Plaza del Potro, Cervantes&#039;in Don Ki\u015fot&#039;unda \u00f6l\u00fcms\u00fczle\u015ftirilen Posada del Potro&#039;yu korurken, Arco del Portillo 14. y\u00fczy\u0131ldan kalma bir portal\u0131n \u00fczerinde kemerlidir. Alc\u00e1zar&#039;\u0131n bah\u00e7eleri, End\u00fcl\u00fcs k\u0131sraklar\u0131n\u0131 yeti\u015ftiren Kraliyet Ah\u0131rlar\u0131 ve Viana ve Merced&#039;in g\u00f6rkemli konutlar\u0131, C\u00f3rdoba&#039;n\u0131n aristokrat g\u00f6steri\u015fini an\u0131msat\u0131rken, Cuesta del Bail\u00edo gibi daha az bilinen ana yollar \u015fehrin dikey katmanla\u015fmas\u0131na dair ipu\u00e7lar\u0131 verir.<\/p>\n<p>Heykelsi an\u0131tlar kamusal alanlar\u0131 vurgular: Aziz Raphael&#039;in on Zaferi, g\u00f6ksel koruyucunun k\u00f6pr\u00fcler ve meydanlardaki varl\u0131\u011f\u0131n\u0131 i\u015faret eder; Plaza de las Tendillas&#039;ta Gonzalo Fern\u00e1ndez de C\u00f3rdoba&#039;n\u0131n atl\u0131 fig\u00fcr\u00fc durur; Puerta de la Luna ve Puerta de Almod\u00f3var yak\u0131nlar\u0131nda, Averroes ve Seneca heykelleri \u015fehrin entelekt\u00fcel soyuna tan\u0131kl\u0131k eder; ve Alc\u00e1zar bah\u00e7elerinde, an\u0131tlar Katolik H\u00fck\u00fcmdarlar\u0131 ve Kolomb&#039;u onurland\u0131r\u0131r. Guadalquivir&#039;in ak\u0131\u015f\u0131 boyunca, Heykeller Adas\u0131 ve &#034;Hombre R\u00edo&#034;, sanat ve su aras\u0131nda \u00e7a\u011fda\u015f bir diyalo\u011fu temsil eder ve ak\u0131nt\u0131yla birlikte y\u00f6n\u00fcn\u00fc incelikle de\u011fi\u015ftirir.<\/p>\n<p>Ayr\u0131ca, Cordoba&#039;n\u0131n k\u00f6pr\u00fcleri modern m\u00fchendisli\u011fin tarihini anlat\u0131r: 29 Nisan 1953&#039;te a\u00e7\u0131l\u0131\u015f\u0131 yap\u0131lan San Rafael K\u00f6pr\u00fcs\u00fc, sekiz adet 25 metrelik kemerle 217 metre uzunlu\u011fundad\u0131r; asma a\u00e7\u0131kl\u0131kl\u0131 End\u00fcl\u00fcs K\u00f6pr\u00fcs\u00fc ve pas rengindeki Puente de Miraflores (2003) ara\u00e7 ve yaya dola\u015f\u0131m\u0131n\u0131 da\u011f\u0131t\u0131r; Ocak 2011&#039;de bat\u0131 \u00e7evre yolunun bir par\u00e7as\u0131 olarak a\u00e7\u0131lan Autov\u00eda del Sur K\u00f6pr\u00fcs\u00fc ve Abbas Ibn Firnas K\u00f6pr\u00fcs\u00fc ba\u011flant\u0131y\u0131 g\u00fc\u00e7lendirir; ve Puente del Arenal, Campo de la Verdad&#039;\u0131 Recinto Ferial&#039;e ba\u011flar.<\/p>\n<p>\u015eehrin ye\u015fil alanlar\u0131, in\u015fa edilmi\u015f form ile do\u011fa aras\u0131ndaki diyalo\u011fu dile getirir: Jardines de la Victoria, Modernist \u00e7e\u015fmelere ve Duque de Rivas&#039;\u0131n pergolas\u0131na biti\u015fiktir; Jardines de la Agricultura, yo\u011fun \u00e7al\u0131 labirentlerinin olmamas\u0131na ra\u011fmen, \u00f6rdek havuzunun ve ustaca d\u00fczenlenmi\u015f bir g\u00fcl bah\u00e7esinin etraf\u0131nda birle\u015fir; Parque de Miraflores, Salam ve Miraflores k\u00f6pr\u00fclerine do\u011fru teraslar halinde iner; Parque Cruz Conde, \u0130ngiliz bah\u00e7e deyimiyle a\u00e7\u0131k, engelsiz bir alan olarak ortaya \u00e7\u0131kar; g\u00f6m\u00fcl\u00fc demir yolu raylar\u0131n\u0131n \u00fczerine in\u015fa edilen Paseo de C\u00f3rdoba, \u00e7e\u015fmelerin aras\u0131ndan uzan\u0131r (baz\u0131lar\u0131 \u00e7ok katl\u0131 havuzlar\u0131n \u00fczerinden \u00e7a\u011flayan) ve eski RENFE istasyonunu b\u00fcnyesinde bar\u0131nd\u0131r\u0131r; Jardines Juan Carlos I ve Jardines del Conde de Vallellano, g\u00f6letleri, arkeolojik kal\u0131nt\u0131lar\u0131 ve Roma sarn\u0131\u00e7lar\u0131n\u0131 \u00e7evreler; 27 hektarl\u0131k Parque de la Asomadilla, End\u00fcl\u00fcs&#039;\u00fcn ikinci b\u00fcy\u00fck kentsel park\u0131d\u0131r; ve 21,36 hektarl\u0131k do\u011fal an\u0131t olan Sotos de la Albolafia, nehir boyunca g\u00f6\u00e7men ku\u015f faunas\u0131na ev sahipli\u011fi yapmaktad\u0131r.<\/p>\n<p>Kurtuba&#039;daki m\u00fczeler aras\u0131nda, 1960&#039;tan beri R\u00f6nesans Saray\u0131 P\u00e1ez de Castillo&#039;da bulunan Arkeoloji ve Etnoloji M\u00fczesi, Bronz \u00c7a\u011f\u0131&#039;ndan \u0130slam k\u00fclt\u00fcr\u00fcne kadar insan varl\u0131\u011f\u0131n\u0131n izlerini s\u00fcr\u00fcyor; Julio Romero de Torres M\u00fczesi, ressam\u0131n eserlerini nehir k\u0131y\u0131s\u0131ndaki evinde koruyor; bir zamanlar Yard\u0131m Hastanesi olarak kullan\u0131lan G\u00fczel Sanatlar M\u00fczesi, Barok d\u00f6neminden modern d\u00f6nemlere kadar eserler sunuyor; Piskoposluk Saray\u0131&#039;n\u0131n i\u00e7inde (kendisi bir Emevi minberi \u00fczerine in\u015fa edilmi\u015f) bulunan Piskoposluk M\u00fczesi, dini sanat eserlerini ve mobilyalar\u0131n\u0131 sergiliyor; Halife Hamamlar\u0131 kompleksi ise onuncu y\u00fczy\u0131l\u0131n banyo rit\u00fcellerine arkeolojik bir dal\u0131\u015f imk\u00e2n\u0131 sunuyor.<\/p>\n<p>K\u00fclt\u00fcrel ritimler May\u0131s ay\u0131nda zirveye ula\u015f\u0131r; C\u00f3rdoba, meydanlar\u0131 ve avlular\u0131 bitki \u00f6rt\u00fcs\u00fc ve m\u00fczikle canland\u0131ran \u00fc\u00e7 ard\u0131\u015f\u0131k festivale ev sahipli\u011fi yapar: \u00dc\u00e7 metre y\u00fcksekli\u011findeki \u00e7i\u00e7eklerle s\u00fcslenmi\u015f ha\u00e7lar\u0131n \u00e7i\u00e7ek yar\u0131\u015fmalar\u0131n\u0131n ve samimi toplant\u0131lar\u0131n odak noktas\u0131 olu\u015fturdu\u011fu Las Cruces de Mayo; \u00f6zel avlular\u0131n halka a\u00e7\u0131k oldu\u011fu, mimari de\u011fer ve bah\u00e7ecilik sanat\u0131na g\u00f6re de\u011ferlendirildi\u011fi Los Patios de C\u00f3rdoba (UNESCO Somut Olmayan K\u00fclt\u00fcrel Miras olarak kaydedilmi\u015f bir unvan); ve Sevilla&#039;daki benzerine benzeyen ancak \u00e7o\u011funlukla halka a\u00e7\u0131k casetalarla \u00f6ne \u00e7\u0131kan bir fuar olan La Feria de C\u00f3rdoba. Konaklama imk\u00e2n\u0131, bu miras yo\u011fun \u015fehre yap\u0131lan hac ziyaretlerinin (hem sek\u00fcler hem de akademik) yo\u011funlu\u011funu yans\u0131tacak \u015fekilde \u00f6nemli \u00f6l\u00e7\u00fcde azal\u0131r.<\/p>\n<p>Modern ula\u015f\u0131m altyap\u0131s\u0131, C\u00f3rdoba&#039;n\u0131n merkezi bir ba\u011flant\u0131 noktas\u0131 olmaya devam etmesini sa\u011flar: y\u00fcksek h\u0131zl\u0131 AVE, onu Madrid, Barselona, \u200b\u200bSevilla, Malaga ve Zaragoza&#039;ya ba\u011flar; C\u00f3rdoba istasyonu, Malaga Mar\u00eda Zambrano&#039;ya g\u00fcnde yirmiden fazla seferi elli d\u00f6rt dakikada ula\u015ft\u0131rarak Costa del Sol boyunca seyahati kolayla\u015ft\u0131r\u0131r; kendi havaalan\u0131 ticari u\u00e7u\u015flara ev sahipli\u011fi yapmasa da, \u015fehir ula\u015f\u0131labilir mesafededir - Sevilla&#039;ya 110 km, Granada&#039;ya 118 km ve Malaga havaalanlar\u0131na 136 km; A-45 ve A-4 otoyollar\u0131, C\u00f3rdoba&#039;y\u0131 End\u00fcl\u00fcs ve Portekiz a\u011flar\u0131na ba\u011flar; ve biti\u015fikteki \u015fehirleraras\u0131 otob\u00fcs terminali, yar\u0131mada boyunca daha az h\u0131zl\u0131 ancak daha ekonomik ba\u011flant\u0131lar\u0131n eri\u015fimini geni\u015fletir.<\/p>\n<p>C\u00f3rdoba, \u00e7ok katmanl\u0131 bir tarih\u00e7e olarak varl\u0131\u011f\u0131n\u0131 s\u00fcrd\u00fcr\u00fcyor; Roma \u015febekesi Vizigot kal\u0131nt\u0131lar\u0131yla dolu, Emevi mimari cesaretiyle kaplanm\u0131\u015f ve Kastilya ve modern \u00e7er\u00e7evelerden k\u0131r\u0131lm\u0131\u015f. \u015eehrin Guadalquivir \u00e7\u00f6k\u00fcnt\u00fcs\u00fcndeki konumu ve Sierra Morena ve Penibaetik Sistem&#039;e yak\u0131nl\u0131\u011f\u0131yla \u015fekillenen termal u\u00e7lar\u0131, nehrin s\u00fcrekli ak\u0131\u015f\u0131 ve bah\u00e7elerinin ekili dinginli\u011fiyle tezat olu\u015fturuyor. B\u00fcy\u00fck Cami&#039;nin s\u00fctunlu revaklar\u0131ndan \u015fairlerin, filozoflar\u0131n ve azizlerin da\u011f\u0131n\u0131k heykellerine; fresklerle kapl\u0131 saraylardan callejas&#039;lar\u0131n\u0131n a\u00e7\u0131k ritmine; May\u0131s ay\u0131n\u0131n g\u00fcne\u015fte kavrulmu\u015f avlular\u0131ndan nehrin serinletici esintilerine kadar, C\u00f3rdoba ayn\u0131 anda hem Akdeniz medeniyetinin uzun s\u00fcrelili\u011fine hem de s\u00fcrekli k\u00fclt\u00fcrel senteze canl\u0131 bir tan\u0131kl\u0131k ediyor. K\u00f6kleri antik \u00e7a\u011flara uzanan, halifeler ve H\u0131ristiyan h\u00fck\u00fcmdarlar d\u00f6neminde yeniden \u015fekillenen ve g\u00fcn\u00fcm\u00fczde yeniden canland\u0131r\u0131lan hikayesi, akademik g\u00f6zlem ve incelikli hayret i\u00e7in kal\u0131c\u0131 bir davet niteli\u011findedir.<\/p>","protected":false},"excerpt":{"rendered":"<p>Tarihi ve k\u00fclt\u00fcrel a\u00e7\u0131dan zengin bir \u015fehir olan C\u00f3rdoba, \u0130spanya&#039;n\u0131n End\u00fcl\u00fcs b\u00f6lgesinin merkezinde yer almaktad\u0131r. Yakla\u015f\u0131k 325.000 ki\u015filik n\u00fcfusuyla End\u00fcl\u00fcs b\u00f6lgesinin \u00fc\u00e7\u00fcnc\u00fc en kalabal\u0131k belediyesi, ayn\u0131 adl\u0131 eyaletin merkezidir. Ba\u015flang\u0131\u00e7ta \u00e7o\u011funlukla g\u00fcney \u0130berya&#039;daki Guadalquivir Nehri&#039;nin sa\u011f k\u0131y\u0131s\u0131nda bulunan bu tarihi \u015fehir, her biri \u00e7evresini ve karakterini b\u00fcy\u00fck \u00f6l\u00e7\u00fcde etkileyen bir\u00e7ok medeniyetin y\u00fckseli\u015fine ve d\u00fc\u015f\u00fc\u015f\u00fcne tan\u0131kl\u0131k etmi\u015ftir.<\/p>","protected":false},"author":1,"featured_media":3242,"parent":13090,"menu_order":0,"comment_status":"closed","ping_status":"closed","template":"elementor_theme","meta":{"_eb_attr":"","footnotes":""},"class_list":["post-13266","page","type-page","status-publish","has-post-thumbnail"],"_links":{"self":[{"href":"https:\/\/travelshelper.com\/tr\/wp-json\/wp\/v2\/pages\/13266","targetHints":{"allow":["GET"]}}],"collection":[{"href":"https:\/\/travelshelper.com\/tr\/wp-json\/wp\/v2\/pages"}],"about":[{"href":"https:\/\/travelshelper.com\/tr\/wp-json\/wp\/v2\/types\/page"}],"author":[{"embeddable":true,"href":"https:\/\/travelshelper.com\/tr\/wp-json\/wp\/v2\/users\/1"}],"replies":[{"embeddable":true,"href":"https:\/\/travelshelper.com\/tr\/wp-json\/wp\/v2\/comments?post=13266"}],"version-history":[{"count":0,"href":"https:\/\/travelshelper.com\/tr\/wp-json\/wp\/v2\/pages\/13266\/revisions"}],"up":[{"embeddable":true,"href":"https:\/\/travelshelper.com\/tr\/wp-json\/wp\/v2\/pages\/13090"}],"wp:featuredmedia":[{"embeddable":true,"href":"https:\/\/travelshelper.com\/tr\/wp-json\/wp\/v2\/media\/3242"}],"wp:attachment":[{"href":"https:\/\/travelshelper.com\/tr\/wp-json\/wp\/v2\/media?parent=13266"}],"curies":[{"name":"wp","href":"https:\/\/api.w.org\/{rel}","templated":true}]}}