{"id":13232,"date":"2024-09-17T14:59:10","date_gmt":"2024-09-17T14:59:10","guid":{"rendered":"https:\/\/travelshelper.com\/staging\/?page_id=13232"},"modified":"2026-03-12T23:39:36","modified_gmt":"2026-03-12T23:39:36","slug":"zaragoza","status":"publish","type":"page","link":"https:\/\/travelshelper.com\/tr\/destinations\/europe\/spain\/zaragoza\/","title":{"rendered":"Zaragoza"},"content":{"rendered":"<p>\u0130ngilizcede s\u0131kl\u0131kla Saragossa olarak \u00e7evrilen Zaragoza, Aragon ve Ebro havzas\u0131n\u0131n tam kalbinde yer al\u0131r ve sinirleri su yollar\u0131, antik ta\u015flar ve modern h\u0131rslarla \u00f6r\u00fcl\u00fcd\u00fcr. 2021&#039;in a\u00e7\u0131l\u0131\u015f\u0131nda kaydedilen 675.301 n\u00fcfusuyla (bu rakamlar onu n\u00fcfusa g\u00f6re \u0130spanya&#039;n\u0131n en \u00f6nde gelen be\u015f belediyesi aras\u0131na ve Avrupa Birli\u011fi i\u00e7inde en kalabal\u0131k 26. belediye konumuna getirir) \u015fehir, 973,78 kilometrekarelik bir alana yay\u0131lm\u0131\u015ft\u0131r ve \u00f6zerk toplulu\u011funun t\u00fcm n\u00fcfusunun yar\u0131s\u0131ndan fazlas\u0131n\u0131 kapsayan bir hakimiyet alan\u0131d\u0131r. Deniz seviyesinden yakla\u015f\u0131k 208 metre y\u00fckseklikte bulunan Zaragoza, nehir ovas\u0131 ile \u00e7evresini \u00e7evreleyen y\u00fckseltiler aras\u0131nda ince bir denge sa\u011flar ve baz\u0131 sekt\u00f6rlerde 750 metreye yakla\u015fan y\u00fcksekliklere ula\u015f\u0131r.<\/p>\n<p>Antik \u00e7a\u011flardan beri, Ebro nehri \u015fehri bat\u0131 kuzeybat\u0131dan do\u011fu g\u00fcneydo\u011fuya do\u011fru \u00e7apraz bir \u015fekilde ikiye b\u00f6lm\u00fc\u015ft\u00fcr, su Zaragoza&#039;ya 205 metre y\u00fckseklikten girmi\u015f ve 180 metre y\u00fckseklikten ayr\u0131lm\u0131\u015ft\u0131r. Nehrin kollar\u0131 -\u015fimdi kentsel ge\u00e7i\u015finin b\u00fcy\u00fck b\u00f6l\u00fcm\u00fcnde su alt\u0131nda kalm\u0131\u015f olan m\u00fctevaz\u0131 Huerva ve Pireneler&#039;de do\u011fan daha muazzam G\u00e1llego- \u015fehrin geni\u015flemesine rehberlik etmi\u015f, hem ger\u00e7ek hatlar\u0131n\u0131 hem de k\u00fclt\u00fcrel de\u011fi\u015fimin elle tutulamayan ak\u0131mlar\u0131n\u0131 \u015fekillendirmi\u015ftir. Jeolojik a\u00e7\u0131dan, belediye hem Atlantik&#039;ten hem de Akdeniz&#039;den gelen nemli havay\u0131 engelleyen da\u011flarla \u00e7evrili yar\u0131 kurak bir \u00e7\u00f6k\u00fcnt\u00fcy\u00fc i\u015fgal eder. Y\u0131ll\u0131k ya\u011f\u0131\u015f miktar\u0131 328 milimetre civar\u0131ndad\u0131r ve bunun \u00e7o\u011fu ilkbahar ve sonbaharda d\u00fc\u015fer; Temmuz ve a\u011fustos aylar\u0131 ile aral\u0131k ay\u0131ndan mart ay\u0131na kadar olan k\u0131\u015f aylar\u0131, zaman zaman Cierzo&#039;nun so\u011fuk ve kuru r\u00fczgarlar\u0131, gece donlar\u0131, ara s\u0131ra kar ya\u011f\u0131\u015f\u0131 ve sonbahar sonlar\u0131nda s\u00fcrekli sis gibi nispeten kurakl\u0131klarla tan\u0131mlan\u0131r.<\/p>\n<p>Zaragoza&#039;daki Ebro k\u0131y\u0131s\u0131nda durmak, insan \u00e7abas\u0131n\u0131n e\u015fmerkezli katmanlar\u0131n\u0131 alg\u0131lamakt\u0131r; Huerva&#039;n\u0131n birle\u015fti\u011fi noktada sa\u011f k\u0131y\u0131da kurulan Roma kolonisi Caesaraugusta&#039;dan, iki bin y\u0131ll\u0131k refah\u0131 ve s\u00fcrekli yerle\u015fimi kan\u0131tlayan g\u00f6rkemli saraylara, Mud\u00e9jar kiliselerine ve modern k\u00f6pr\u00fclere kadar. Roma izleri forumun, liman\u0131n, hamamlar\u0131n ve tiyatronun kal\u0131nt\u0131lar\u0131nda g\u00f6r\u00fcn\u00fcr halde kal\u0131r, ta\u015flar \u015fehrin kald\u0131r\u0131mlar\u0131n\u0131n alt\u0131nda yar\u0131 g\u00f6m\u00fcl\u00fc halde yatarken bile Sezar&#039;\u0131n miras\u0131n\u0131 f\u0131s\u0131ldar. Orta\u00e7a\u011f d\u00f6neminde, kentsel alan\u0131n Hristiyan yeniden yap\u0131m\u0131, eski camilerin \u00fczerine kiliselerin in\u015fa edilmesiyle ortaya \u00e7\u0131kt\u0131; bu s\u00fcre\u00e7 en canl\u0131 \u015fekilde, on ikinci y\u00fczy\u0131la ait Romanesk apsislerin Gotik tonozlar ve Mud\u00e9jar s\u00fcslemelerinin yan\u0131nda n\u00f6bet tuttu\u011fu Kurtar\u0131c\u0131 Katedrali\u2014La Seo\u2014taraf\u0131ndan somutla\u015ft\u0131r\u0131ld\u0131. Yak\u0131nlarda, nehir k\u0131y\u0131s\u0131na barok ihti\u015fam\u0131yla hakim olan Bas\u00edlica del Pilar, tonozlu i\u00e7 mekan\u0131nda Francisco Goya&#039;n\u0131n freskleriyle kutsanm\u0131\u015f kuleleri ve kubbeleriyle, Meryem&#039;e adanm\u0131\u015fl\u0131\u011f\u0131n kal\u0131c\u0131 g\u00fcc\u00fcn\u00fcn ve \u015fehrin hac ve kimlik merkezi olarak konumunun bir kan\u0131t\u0131d\u0131r.<\/p>\n<p>Zaragoza, kadim kalbinin \u00f6tesinde, ayn\u0131 anda hem sade hem de alacal\u0131 bir manzara ortaya koyuyor: nehir k\u0131y\u0131lar\u0131 d\u00fcz uzan\u0131yor, ancak hemen i\u00e7 kesimler muelas&#039;a (d\u00fcz tepeli tepeler) ve dik y\u00fczlerde al\u00e7alan yama\u00e7lara yol veriyor. Bu dalgal\u0131 banliy\u00f6lerde, al\u00e7\u0131ta\u015f\u0131 bak\u0131m\u0131ndan zengin topraklar, ge\u00e7ici g\u00f6letler haline gelen \u00e7\u00f6k\u00fcnt\u00fclere yol a\u00e7m\u0131\u015f ve g\u00fcneyde, la Sulf\u00farica olarak bilinen mevsimsel havza, yaln\u0131zca sulama suyu yeralt\u0131 bo\u015fluklar\u0131na akt\u0131\u011f\u0131nda ortaya \u00e7\u0131k\u0131yor. Zaragoza&#039;y\u0131 Madrid, Barselona, \u200b\u200bValensiya, Bilbao ve Pirene s\u0131n\u0131r\u0131n\u0131n kar\u015f\u0131s\u0131nda Bordeaux ve Toulouse&#039;a ba\u011flayan stratejik eksen taraf\u0131ndan noktalanan arazide u\u00e7suz bucaks\u0131z bir alan hakim. Zaragoza&#039;ya uzun zamand\u0131r ticari canl\u0131l\u0131k ve k\u00fclt\u00fcrel ge\u00e7irgenlik kazand\u0131ran, b\u00fcy\u00fck Avrupa \u015fehirlerinden olu\u015fan bu co\u011frafi dayanak noktas\u0131d\u0131r (kabaca bir alt\u0131gen).<\/p>\n<p>On birinci y\u00fczy\u0131lda Hudid hanedan\u0131 d\u00f6neminde tasarlanan orta\u00e7a\u011f \u0130slam kalesi Aljafer\u00eda Saray\u0131, UNESCO taraf\u0131ndan La Seo ve di\u011fer yap\u0131larla birlikte tan\u0131nan Mud\u00e9jar stilinin \u00f6nc\u00fcs\u00fc olan karma\u015f\u0131k s\u0131va i\u015f\u00e7ili\u011fi ve yald\u0131zl\u0131 tavanlardan olu\u015fan i\u00e7 s\u00fcslemelerini hala korumaktad\u0131r. G\u00fcn\u00fcm\u00fczde, eski Ma\u011fribi saray\u0131, uzak ge\u00e7mi\u015fi g\u00fcn\u00fcm\u00fcz y\u00f6netimiyle birle\u015ftiren Aragon parlamentosuna ev sahipli\u011fi yapmaktad\u0131r. Birka\u00e7 blok \u00f6tede, belediye binas\u0131n\u0131n ince kemerleri ve bir zamanlar orta\u00e7a\u011f d\u00f6viz b\u00fcrosunun merkezi olan Lonja&#039;n\u0131n ta\u015f galerileri, Ebro&#039;ya do\u011fru akan bir kentsel ekseni sabitler. Eski mahalle boyunca, yaln\u0131zca ikiz katedrallerle de\u011fil, ayn\u0131 zamanda farkl\u0131 soylardan gelen bir d\u00fczine kiliseyle de kar\u015f\u0131la\u015f\u0131l\u0131r: San Pablo, Santa Mar\u00eda Magdalena ve San Gil Abad, kuleleri ger\u00e7ekten de kal\u0131nt\u0131 minareler olabilir; Barok detaylarla ve on yedinci y\u00fczy\u0131ldan kalma Mud\u00e9jar tavanlar\u0131yla dolu San Miguel ve Santiago; ve kendisi de kutsall\u0131k kadar \u015fehitli\u011fi de \u00e7a\u011fr\u0131\u015ft\u0131ran bir bazilika olan Santa Engracia. Toplu olarak, bu an\u0131tlar, b\u00f6lgenin mimari yerel dilini tan\u0131mlamak i\u00e7in sadece stili a\u015fan bir tu\u011fla, kiremit ve ah\u015fap sentezi olan Hristiyan ve M\u00fcsl\u00fcman zanaatkarlar aras\u0131ndaki bitmek bilmeyen diyalo\u011fa tan\u0131kl\u0131k ediyor.<\/p>\n<p>Zaragoza, \u015fehir d\u0131\u015f\u0131 alanlarda, on alt\u0131nc\u0131 y\u00fczy\u0131lda toprak sahibi soylular taraf\u0131ndan in\u015fa edilen g\u00f6rkemli konutlar\u0131n bollu\u011funu besler: Morata ve Luna Kontlar\u0131&#039;n\u0131n saraylar\u0131, Dekanl\u0131k ikametgah\u0131 ve Real Maestranza, her biri ta\u015f oymac\u0131l\u0131\u011f\u0131 ve heykel detaylar\u0131n\u0131n birer \u00f6rne\u011fi; Torrero ve Don Lope evleri, ikincisi art\u0131k belediye i\u015flevlerine devredilmi\u015ftir; ve S\u00e1stago ve Argillo Kontlar\u0131&#039;n\u0131n g\u00f6rkemli evleri, ikincisi Aragonlu heykelt\u0131ra\u015f\u0131n eserlerine adanm\u0131\u015f Pablo Gargallo M\u00fczesi&#039;ne d\u00f6n\u00fc\u015ft\u00fcr\u00fclm\u00fc\u015ft\u00fcr. \u015eehrin m\u00fczeleri, bu eski \u00f6zel salonlar\u0131n \u00e7ok \u00f6tesine uzan\u0131r: Roma d\u00f6neminden kalma mozaikleri ve Goya resimleri koleksiyonuyla \u00f6vg\u00fc alan ve \u00fccretsiz olan belediye Zaragoza M\u00fczesi; hem kal\u0131c\u0131 eserler hem de d\u00f6n\u00fc\u015f\u00fcml\u00fc sergiler sunan Cam\u00f3n Aznar binas\u0131ndaki Museo Goya\u2013Colecci\u00f3n Ibercaja; ve Centro de Historias&#039;\u0131n i\u00e7inde yer alan Origami E\u011fitim M\u00fczesi, bu zanaat\u0131n evrensel geometrisinin ilgin\u00e7 bir kan\u0131t\u0131d\u0131r.<\/p>\n<p>Zaragoza, 2008 yaz\u0131nda su ve s\u00fcrd\u00fcr\u00fclebilir kalk\u0131nmaya adanm\u0131\u015f d\u00fcnya fuar\u0131 i\u00e7in uluslararas\u0131 bir forum olarak kendini yeniden \u015fekillendirdi. Expo 2008, nehir boyunca yeni alanlar a\u00e7t\u0131; bunlar\u0131n aras\u0131nda Su Kulesi\u2014Torre del Agua\u2014ve \u00dc\u00e7\u00fcnc\u00fc Milenyum K\u00f6pr\u00fcs\u00fc&#039;n\u00fcn k\u0131vr\u0131ml\u0131 hatlar\u0131 da vard\u0131. Benzeri g\u00f6r\u00fclmemi\u015f bir a\u00e7\u0131kl\u0131\u011fa sahip betondan ba\u011flanm\u0131\u015f kemerli bir yap\u0131 olan ikincisi, Ebro boyunca alt\u0131 trafik \u015feridi, iki bisiklet yolu ve iki camla \u00e7evrili yaya yolu ta\u015f\u0131yor ve hem faydac\u0131 h\u0131rs\u0131 hem de heykelsi zarafeti temsil ediyor. Expo alan\u0131 art\u0131k ziyaret\u00e7ilerin Zaha Hadid gibi \u00fcnl\u00fcler taraf\u0131ndan tasarlanan pavyonlar aras\u0131nda dola\u015fabilece\u011fi modern bir b\u00f6lge olu\u015fturuyor; a\u00e7\u0131k kalan tek tesis, Ebro&#039;nun \u00e7e\u015fitli ekosistemlerini sim\u00fcle eden bir dizi tankta tatl\u0131 su t\u00fcrlerine ev sahipli\u011fi yapan Nehir Akvaryumu.<\/p>\n<p>Zaragoza&#039;n\u0131n i\u00e7indeki ula\u015f\u0131m, yollar, tramvaylar, otob\u00fcsler, bisikletler ve trenlerden olu\u015fan entegre bir a\u011f arac\u0131l\u0131\u011f\u0131yla d\u00fczenlenir. Otoyollar \u015fehirden \u0130spanya&#039;n\u0131n ba\u015fl\u0131ca metropollerine do\u011fru yay\u0131l\u0131r - Madrid, Barselona, \u200b\u200bValensiya ve Bilbao - her biri yakla\u015f\u0131k \u00fc\u00e7 y\u00fcz kilometre uzakl\u0131ktad\u0131r. Kentsel \u015febeke i\u00e7inde, Zaragoza Kentsel Otob\u00fcsleri, iki dairesel hat, iki planl\u0131 koridor, alt\u0131 servis otob\u00fcs\u00fc (biri \u00fccretsiz) ve hafta sonlar\u0131 ve bayram g\u00fcnlerinde \u00e7al\u0131\u015fan yedi gece hatt\u0131 dahil olmak \u00fczere otuz bir d\u00fczenli rota i\u015fletmektedir. Zaragoza Alan Ula\u015f\u0131m Konsorsiyumu taraf\u0131ndan y\u00f6netilen bir ba\u015fka \u015fehirleraras\u0131 hat a\u011f\u0131, \u015fehrin eri\u015fimini on yedi d\u00fczenli rota arac\u0131l\u0131\u011f\u0131yla biti\u015fik kasaba ve k\u00f6ylere kadar geni\u015fletir. \u0130lk hatt\u0131 Valdespartera&#039;y\u0131 Parque Goya&#039;ya ba\u011flayan Zaragoza tramvay\u0131, \u015fehrin caddelerini elektrikli bir sessizlik i\u00e7inde ge\u00e7erken, halka a\u00e7\u0131k bisiklet yollar\u0131 ve \u015fehrin bici zaragoza \u015femas\u0131 pedal g\u00fcc\u00fcyle \u00e7al\u0131\u015fan toplu ta\u015f\u0131may\u0131 te\u015fvik eder.<\/p>\n<p>Demiryolu ba\u011flant\u0131lar\u0131 Zaragoza&#039;n\u0131n stratejik \u00f6nemini art\u0131rm\u0131\u015ft\u0131r: Renfe&#039;nin AVE y\u00fcksek h\u0131zl\u0131 trenleri \u015fehri yakla\u015f\u0131k yetmi\u015f be\u015f dakikada Madrid&#039;e ve doksan dakikada Barselona&#039;ya ba\u011flarken, Cercan\u00edas banliy\u00f6 a\u011f\u0131 Renfe&#039;nin himayesinde banliy\u00f6 istasyonlar\u0131n\u0131 birbirine ba\u011flamaktad\u0131r. Zaragoza-Delicias istasyonu hem demiryolu hem de otob\u00fcs trafi\u011fine hizmet vermektedir ve mimarisi eski \u015fehrin ta\u015f cephelerine modernist bir kar\u015f\u0131tl\u0131k olu\u015fturmaktad\u0131r. On kilometre bat\u0131da, Garrapinillos b\u00f6lgesinde Zaragoza Havaalan\u0131 bulunmaktad\u0131r. Y\u00fck operasyonlar\u0131 2012&#039;de Barselona-El Prat&#039;\u0131n operasyonlar\u0131n\u0131 ge\u00e7erek \u0130spanya&#039;n\u0131n ba\u015fl\u0131ca hava kargo merkezi haline gelmi\u015ftir; ayr\u0131ca \u0130spanyol Hava Kuvvetleri&#039;nin 15. Grubuna ev sahipli\u011fi yapmaktad\u0131r ve tarihsel olarak, bir Transokyanik \u0130ptal \u0130ni\u015fi durumunda NASA&#039;n\u0131n Uzay Meki\u011fi i\u00e7in bir acil durum ini\u015f alan\u0131 olarak hizmet vermi\u015ftir.<\/p>\n<p>Zaragoza&#039;daki g\u00fcnl\u00fck ya\u015fam bu altyap\u0131 katmanlar\u0131na kar\u015f\u0131 geli\u015fir. Yolcular, toplu ta\u015f\u0131mada hafta i\u00e7i yolculuklar\u0131nda ortalama k\u0131rk sekiz dakika harcar; y\u00fczde dokuzu iki saati a\u015fan yolculuklara katlan\u0131rken, duraklarda tipik bekleme s\u00fcresi on bir dakikad\u0131r ve yolcular\u0131n y\u00fczde on ikisi yirmiden fazla bekler. Tek bir yolculuk ortalama 4,2 kilometreyi kapsar, ancak yolcular\u0131n y\u00fczde be\u015fi tek y\u00f6nde 12 kilometreden fazla yol kat eder. Bu rakamlar hem \u015fehrin mekansal geni\u015fli\u011fini hem de sakinlerini i\u015fyerlerine, okullara ve k\u00fclt\u00fcrel alanlara ba\u011flayan i\u015f ve e\u011flence ritimlerini vurgular.<\/p>\n<p>E\u011flencenin kendisi burada bir\u00e7ok bi\u00e7im al\u0131r. Kuzey b\u00f6lgesinde, Parque Grande Jos\u00e9 Antonio Labordeta, heykelsi \u00e7imenler, an\u0131tsal merdivenler ve botanik bah\u00e7elerinin bulundu\u011fu d\u00f6n\u00fcmlerce alana yay\u0131lm\u0131\u015ft\u0131r. Ba\u015flang\u0131\u00e7ta diktat\u00f6r Primo de Rivera&#039;n\u0131n ad\u0131n\u0131 ta\u015f\u0131yan park, 2008 y\u0131l\u0131nda, melodileri demokratik \u0130spanya&#039;y\u0131 canland\u0131ran Aragonlu \u015fark\u0131c\u0131-s\u00f6z yazar\u0131 ve siyasi fig\u00fcr Jos\u00e9 Antonio Labordeta&#039;y\u0131 onurland\u0131rmak i\u00e7in yeniden a\u00e7\u0131lm\u0131\u015ft\u0131r. Park\u0131n bat\u0131 s\u0131n\u0131rlar\u0131na yak\u0131n olan Puerta del Carmen, Zaragoza&#039;n\u0131n eski surlar\u0131na ait ayakta kalan bir d\u00fczine giri\u015ften biri olarak durmaktad\u0131r; 1789&#039;da neoklasik tarzda yeniden in\u015fa edilmi\u015f olmas\u0131na ra\u011fmen, ku\u015fatma izleriyle ve daha yak\u0131n zamanda 1997&#039;de bir otob\u00fcs kazas\u0131yla i\u015faretlenmi\u015f olan h\u0131rpalanm\u0131\u015f g\u00f6r\u00fcn\u00fcm\u00fc, otantik bir askeri \u00fcz\u00fcnt\u00fc havas\u0131n\u0131 korumaktad\u0131r. Nehrin a\u015fa\u011f\u0131s\u0131nda, ilk olarak 15. y\u00fczy\u0131lda in\u015fa edilen ve sellerden sonra defalarca yeniden in\u015fa edilen Puente de Piedra, art\u0131k \u00e7o\u011funlukla yaya trafi\u011fine ev sahipli\u011fi yap\u0131yor ve her iki ucunda \u015fehrin armalar\u0131n\u0131 simgeleyen yontulmu\u015f aslan fig\u00fcrleri bulunuyor.<\/p>\n<p>Kavurucu yaz aylar\u0131nda dinlenmek isteyenler i\u00e7in Zaragoza, havuz ve \u00e7imenlikleriyle Centro Deportivo Municipal Actur gibi yerlerde belediye y\u00f6netimi taraf\u0131ndan bak\u0131m\u0131 yap\u0131lan halka a\u00e7\u0131k y\u00fczme havuzlar\u0131 sunmaktad\u0131r; Olimpik uzunlukta bir havuza sahip Parque Primo de Rivera&#039;daki Salduba merkezi; ve g\u00f6lge veren a\u011fa\u00e7lar\u0131n daha k\u00fc\u00e7\u00fck havuzlar\u0131 \u00e7evreledi\u011fi Palacio Municipal de Deportes. Hatta futbol bile, Segunda Divisi\u00f3n&#039;da yar\u0131\u015fan Real Zaragoza&#039;n\u0131n stadyumu olan La Romareda&#039;da tiyatrosunu bulur; kademeleri merkez meydan\u0131n iki kilometre g\u00fcneybat\u0131s\u0131nda otuz \u00fc\u00e7 bin seyirciyi a\u011f\u0131rlar.<\/p>\n<p>Mutfak ve folklorik gelenekler hayati \u00f6nemde kalmaya devam ediyor. Her Ekim ay\u0131nda Meryem Ana&#039;n\u0131n Aziz James&#039;e g\u00f6r\u00fcnd\u00fc\u011f\u00fcne inan\u0131lan Fiestas del Pilar, m\u00fczik, dans ve toplu \u015f\u00f6lenlerin Plaza del Pilar&#039;\u0131 kolektif kimli\u011fin odak noktas\u0131 haline getirdi\u011fi nehir k\u0131y\u0131lar\u0131na \u00e7ok say\u0131da ziyaret\u00e7i \u00e7ekiyor. Columbus&#039;un yolculu\u011funu anan alegorik bir heykel olan Fuente de la Hispanidad olarak bilinen \u00e7e\u015fmenin biti\u015fi\u011finde, yerel gastronomi, tiyatro g\u00f6sterileri ve eski \u015fehrin labirent gibi sokaklar\u0131na dair \u00f6zenle se\u00e7ilmi\u015f i\u00e7g\u00f6r\u00fclere a\u00e7\u0131lan bir kap\u0131 olan turist ofisi bulunuyor.<\/p>\n<p>Al\u0131\u015fveri\u015f de kentsel anlat\u0131da merkezi bir yer tutar. Yayala\u015ft\u0131r\u0131lm\u0131\u015f Calle Alfonso I ve \u00e7evresi (Sagasta&#039;daki Residencial Para\u00edso&#039;dan Plaza de Espa\u00f1a&#039;ya kadar uzan\u0131r) Francisco de Vitoria&#039;daki haute couture&#039;den Jaime I&#039;deki el sanatlar\u0131na ve San Bruno \u00e7evresindeki antikac\u0131lara kadar uzanan bir dizi buti\u011fe ev sahipli\u011fi yapar. Pazar sabahlar\u0131, Plaza de San Bruno&#039;da toplanan bit pazar\u0131, \u015fehrin ticari miras\u0131n\u0131 yans\u0131tan ikinci el merak uyand\u0131r\u0131c\u0131 \u015feyler ve halk objeleri sunar.<\/p>\n<p>Se\u00e7ici ziyaret\u00e7iler i\u00e7in Zaragoza Kart\u0131, \u00f6nemli an\u0131tlara ve m\u00fczelere giri\u015fi, turist otob\u00fcs\u00fcn\u00fcn s\u0131n\u0131rs\u0131z kullan\u0131m\u0131n\u0131, \u00f6n \u00f6demeli toplu ta\u015f\u0131ma gezilerini, rehberli turlar\u0131 ve hatta se\u00e7ili i\u015fletmelerde \u00fccretsiz i\u00e7ecek ve tapa&#039;y\u0131 bir araya getirir. Yirmi d\u00f6rt ve k\u0131rk sekiz saatlik formatlarda mevcuttur, hem pasaport hem de defter i\u015flevi g\u00f6r\u00fcr ve meta haline gelmeden \u015fehrin katmanl\u0131 tekliflerine eri\u015fimi kolayla\u015ft\u0131r\u0131r.<\/p>\n<p>Zaragoza b\u00f6ylece rahatlamayla ortaya \u00e7\u0131k\u0131yor: Roma s\u00fctunlar\u0131n\u0131n orta\u00e7a\u011f kemerleriyle konu\u015ftu\u011fu, barok kiliselerin Art Nouveau cephelerine bakt\u0131\u011f\u0131 ve iklimin kaprislerinin (kavurucu yazlar, r\u00fczgarl\u0131 k\u0131\u015flar) g\u00fcnl\u00fck rit\u00fcellere damgas\u0131n\u0131 vurdu\u011fu, an\u0131tsal ve samimi bir \u015fehir. B\u00fcy\u00fckl\u00fc\u011f\u00fcne ra\u011fmen kitle turizminin radar\u0131n\u0131n alt\u0131nda kalan, daha d\u00fc\u015f\u00fck konaklama maliyetlerinin dikkatli gezginleri \u00f6d\u00fcllendirdi\u011fi bir ba\u015fkent. \u0130ster Madrid ve Barselona aras\u0131nda uygun bir ge\u00e7i\u015f noktas\u0131 olarak g\u00f6r\u00fcls\u00fcn, ister kendi ba\u015f\u0131na bir var\u0131\u015f noktas\u0131 olarak benimsensin, Zaragoza, \u0130spanya&#039;n\u0131n derin i\u00e7 k\u0131sm\u0131n\u0131n, nehirler, imparatorluklar ve insan \u00e7abas\u0131n\u0131n kararl\u0131 nabz\u0131n\u0131n \u015fekillendirdi\u011fi bir i\u00e7 k\u0131sm\u0131n portresine uyum sa\u011flayan mimari, gastronomik, performatif ve manzaraya y\u00f6nelik bir deneyimler s\u00fcreklili\u011fi sunuyor.<\/p>","protected":false},"excerpt":{"rendered":"<p>\u0130spanya&#039;n\u0131n Aragon eyaletinin dinamik ba\u015fkenti Zaragoza, \u0130berya&#039;n\u0131n zengin tarihini ve k\u00fclt\u00fcr\u00fcn\u00fc \u00f6rneklemektedir. Ebro Vadisi&#039;nin ortas\u0131na s\u0131k\u0131\u015fm\u0131\u015f olan bu muhte\u015fem \u015fehir, 1 Ocak 2021 itibar\u0131yla 675.301 ile \u0130spanya&#039;n\u0131n d\u00f6rd\u00fcnc\u00fc veya be\u015finci en kalabal\u0131k belediyesi konumundad\u0131r. Ebro, Huerva ve G\u00e1llego nehirlerinin birle\u015fti\u011fi nokta da dahil olmak \u00fczere \u00e7e\u015fitli topografyaya sahip 973,78 kilometrekarelik bir alan\u0131 kaplayan Zaragoza, deniz seviyesinden yakla\u015f\u0131k 208 metre y\u00fckseklikte yer almaktad\u0131r.<\/p>","protected":false},"author":1,"featured_media":4200,"parent":13090,"menu_order":0,"comment_status":"closed","ping_status":"closed","template":"elementor_theme","meta":{"_eb_attr":"","footnotes":""},"class_list":["post-13232","page","type-page","status-publish","has-post-thumbnail"],"_links":{"self":[{"href":"https:\/\/travelshelper.com\/tr\/wp-json\/wp\/v2\/pages\/13232","targetHints":{"allow":["GET"]}}],"collection":[{"href":"https:\/\/travelshelper.com\/tr\/wp-json\/wp\/v2\/pages"}],"about":[{"href":"https:\/\/travelshelper.com\/tr\/wp-json\/wp\/v2\/types\/page"}],"author":[{"embeddable":true,"href":"https:\/\/travelshelper.com\/tr\/wp-json\/wp\/v2\/users\/1"}],"replies":[{"embeddable":true,"href":"https:\/\/travelshelper.com\/tr\/wp-json\/wp\/v2\/comments?post=13232"}],"version-history":[{"count":0,"href":"https:\/\/travelshelper.com\/tr\/wp-json\/wp\/v2\/pages\/13232\/revisions"}],"up":[{"embeddable":true,"href":"https:\/\/travelshelper.com\/tr\/wp-json\/wp\/v2\/pages\/13090"}],"wp:featuredmedia":[{"embeddable":true,"href":"https:\/\/travelshelper.com\/tr\/wp-json\/wp\/v2\/media\/4200"}],"wp:attachment":[{"href":"https:\/\/travelshelper.com\/tr\/wp-json\/wp\/v2\/media?parent=13232"}],"curies":[{"name":"wp","href":"https:\/\/api.w.org\/{rel}","templated":true}]}}