{"id":13223,"date":"2024-09-17T14:52:36","date_gmt":"2024-09-17T14:52:36","guid":{"rendered":"https:\/\/travelshelper.com\/staging\/?page_id=13223"},"modified":"2026-03-12T23:39:56","modified_gmt":"2026-03-12T23:39:56","slug":"valensiya","status":"publish","type":"page","link":"https:\/\/travelshelper.com\/tr\/destinations\/europe\/spain\/valencia\/","title":{"rendered":"Valensiya"},"content":{"rendered":"<p>\u0130spanya&#039;n\u0131n do\u011fu k\u0131y\u0131s\u0131ndaki ad\u0131n\u0131 ta\u015f\u0131yan eyaletin ve \u00f6zerk toplulu\u011fun tarihi ba\u015fkenti olan Valensiya, antik \u00e7a\u011f ve yenili\u011fin birle\u015fti\u011fi bir yer olarak kendini g\u00f6sterir; 134,6 kilometrekarelik bir alana yay\u0131lan ve 1,5 milyonluk bir kentsel y\u0131\u011f\u0131lman\u0131n ve yakla\u015f\u0131k 2,5 milyon insan\u0131 kapsayan daha geni\u015f bir metropol b\u00f6lgesinin bir par\u00e7as\u0131 olan belediye s\u0131n\u0131rlar\u0131 i\u00e7inde yakla\u015f\u0131k 825.948 sakine ev sahipli\u011fi yapar. \u0130peksi silt veren ve g\u00fcneyindeki Albufera lag\u00fcn\u00fcn\u00fc besleyen verimli bir al\u00fcvyonlu ta\u015fk\u0131n yata\u011f\u0131n\u0131n \u00fczerine Turia Nehri&#039;nin a\u011fz\u0131nda yer alan bu \u00fc\u00e7\u00fcnc\u00fc en kalabal\u0131k belediye, Valensiya K\u00f6rfezi&#039;nin kar\u015f\u0131s\u0131ndan bat\u0131 Akdeniz&#039;in geni\u015fli\u011fine do\u011fru denize bakar ve binlerce y\u0131ll\u0131k k\u00fclt\u00fcrel birikimlere ve jeolojik d\u00f6n\u00fc\u015f\u00fcmlere tan\u0131kl\u0131k eder.<\/p>\n<p>M\u00d6 138&#039;de Roma otoritesinin himayesinde Valentia Edetanorum ad\u0131yla kurulan \u015fehrin k\u00f6kenleri stratejik kolonizasyona dayan\u0131r; dikd\u00f6rtgen \u015feklindeki castrum&#039;u bir zamanlar antik k\u0131y\u0131 \u015feridinden birka\u00e7 kilometre i\u00e7eride bulunan tortul ovalara a\u00e7\u0131l\u0131r. \u0130mparatorlu\u011fun bat\u0131 yar\u0131s\u0131 zay\u0131flarken, Valentia Bizans ak\u0131nlar\u0131n\u0131n Sava\u015f\u00e7\u0131 bask\u0131lar\u0131na katland\u0131 ve daha sonra alt\u0131nc\u0131 y\u00fczy\u0131l\u0131n sonlar\u0131nda Toledo&#039;nun Vizigot krall\u0131\u011f\u0131na entegre oldu; surlar\u0131 d\u0131\u015f tehditlere kar\u015f\u0131 kademeli olarak g\u00fc\u00e7lendirildi. Sekizinci y\u00fczy\u0131l\u0131n ba\u015flar\u0131nda \u0130slami y\u00f6netimin geli\u015fi, yeni sulama a\u011flar\u0131 (acequias) d\u00f6\u015fenirken ve Avrupa&#039;da daha \u00f6nce bilinmeyen \u00fcr\u00fcnler tan\u0131t\u0131l\u0131rken, Valensiya toplumunda ve manzaras\u0131nda derin bir yeniden d\u00fczenleme ba\u015flatt\u0131 ve Albufera&#039;n\u0131n yo\u011fun bir \u015fekilde ekili \u00e7evresinde devam eden bir tar\u0131msal miras\u0131 yerle\u015ftirdi. 1238 y\u0131l\u0131nda Aragon Kral\u0131 I. Jaime&#039;nin Hristiyan fethiyle Valensiya, Aragon Tac\u0131 alt\u0131ndaki yeni kurulan Valensiya Krall\u0131\u011f\u0131&#039;n\u0131n ba\u015fkenti olarak kuruldu. Bu krall\u0131k Orta \u00c7a\u011f&#039;\u0131n sonlar\u0131 ve erken modern \u00e7a\u011f boyunca varl\u0131\u011f\u0131n\u0131 s\u00fcrd\u00fcrd\u00fc.<\/p>\n<p>On be\u015finci y\u00fczy\u0131lda, Valensiya&#039;n\u0131n ticari filolar\u0131 Bat\u0131 Akdeniz sular\u0131nda dola\u015farak \u0130talyan antrepolar\u0131n\u0131 ve \u0130ber limanlar\u0131n\u0131 s\u00fcrekli geni\u015fleyen bir ticaret ortaklar\u0131 tak\u0131my\u0131ld\u0131z\u0131na ba\u011flad\u0131. Y\u00fczy\u0131l\u0131n sonuna gelindi\u011finde, \u015fehir Avrupa&#039;n\u0131n en b\u00fcy\u00fck kentsel merkezleri aras\u0131nda yer almaya ba\u015flad\u0131, belediye hazinesi seramik, ipek, ka\u011f\u0131t ve cam ihracat\u0131yla \u015fi\u015fmi\u015fti. Ancak, on alt\u0131nc\u0131 y\u00fczy\u0131lda k\u00fcresel ticaretin Atlantik limanlar\u0131na y\u00f6nlendirilmesi, Berberi korsanlar\u0131n\u0131n ya\u011fmalamalar\u0131yla birle\u015fince, dini karga\u015fayla daha da k\u00f6t\u00fcle\u015fen bir ekonomik daralmaya yol a\u00e7t\u0131: Morisco n\u00fcfusunu (o zamanlar b\u00f6lge sakinlerinin yakla\u015f\u0131k \u00fc\u00e7te birini olu\u015fturuyordu) s\u0131n\u0131r d\u0131\u015f\u0131 eden 1609 ferman\u0131, i\u015f g\u00fcc\u00fcn\u00fc t\u00fcketti ve tar\u0131msal ve zanaatkar \u00fcretimi istikrars\u0131zla\u015ft\u0131rarak uzun s\u00fcreli bir gerileme d\u00f6nemini ba\u015flatt\u0131. \u015eehir, ancak 18. y\u00fczy\u0131lda \u00f6nemli bir ipek \u00fcretim merkezi olarak yeniden ortaya \u00e7\u0131kt\u0131 ve eski mahalleye da\u011f\u0131lm\u0131\u015f at\u00f6lyelerde dokuma tezgahlar\u0131 tekrar u\u011fuldamaya ba\u015flad\u0131.<\/p>\n<p>Yirminci y\u00fczy\u0131l Valensiya&#039;y\u0131 ideolojik ve askeri \u00e7at\u0131\u015fmalar\u0131n sahnesi haline getirdi. 1936 ile 1937 y\u0131llar\u0131 aras\u0131nda \u015fehir, \u0130spanya \u0130\u00e7 Sava\u015f\u0131 s\u0131ras\u0131nda Cumhuriyet\u00e7i h\u00fck\u00fcmetin ge\u00e7ici merkezi olarak hizmet verdi, Francoist g\u00fc\u00e7lerin s\u00fcrekli hava ve deniz bombard\u0131man\u0131na maruz kald\u0131 ve y\u00fckselen diktat\u00f6rl\u00fck alt\u0131nda dilsel ve k\u00fclt\u00fcrel miras\u0131n\u0131n a\u015f\u0131nmas\u0131na tan\u0131k oldu. 1957&#039;de Turia&#039;n\u0131n felaket niteli\u011findeki ta\u015fk\u0131n\u0131 seksenden fazla can ald\u0131 ve belediye m\u00fchendislerini nehri g\u00fcneye do\u011fru y\u00f6nlendirmeye zorlad\u0131; ancak demokratik d\u00f6nemde terk edilmi\u015f nehir yata\u011f\u0131, \u015fehrin kalbinden ge\u00e7en ve oyun alanlar\u0131, spor sahalar\u0131 ve Sanat ve Bilim \u015eehri&#039;nin \u0131\u015f\u0131ldayan yap\u0131lar\u0131na biti\u015fik Palau de la M\u00fasica&#039;ya ev sahipli\u011fi yapan do\u011frusal bir park olan Turia Bah\u00e7eleri&#039;ne d\u00f6n\u00fc\u015ft\u00fc.<\/p>\n<p>Valensiya liman\u0131\u2014konteyner ticareti i\u00e7in hayati bir arter\u2014hem Avrupa&#039;n\u0131n hem de Akdeniz&#039;in en yo\u011fun limanlar\u0131 aras\u0131nda yer al\u0131r ve \u015fehrin K\u00fcreselle\u015fme ve D\u00fcnya \u015eehirleri Ara\u015ft\u0131rma A\u011f\u0131 taraf\u0131ndan Gamma d\u00fczeyinde k\u00fcresel bir d\u00fc\u011f\u00fcm olarak belirlenmesini destekler. Akdeniz&#039;e s\u0131n\u0131r olan yar\u0131 kurak olarak s\u0131n\u0131fland\u0131r\u0131lan iklimi, \u0131l\u0131man k\u0131\u015flar ve kavurucu, kurak yazlar getirir: ortalama y\u0131ll\u0131k s\u0131cakl\u0131klar 18,6 \u00b0C&#039;ye yakla\u015f\u0131rken, mevsimsel u\u00e7 noktalar \u015eubat 1956&#039;daki dondurucu -7,2 \u00b0C&#039;den A\u011fustos 2023&#039;te kaydedilen bo\u011fucu 44,5 \u00b0C&#039;ye kadar de\u011fi\u015fmi\u015ftir. Sonbahar ya\u011f\u0131\u015flar\u0131, Bat\u0131 Akdeniz&#039;in s\u00f6zde so\u011fuk d\u00fc\u015f\u00fc\u015f d\u00f6nemlerinde zirve yapar; bu d\u00f6nemlerde \u00fcst hava kesintileri, Ekim 1957&#039;deki ve ard\u0131ndan 2024&#039;teki k\u00f6t\u00fc \u015f\u00f6hretli sellerde oldu\u011fu gibi ani sellere yol a\u00e7ar. Nadir kar ya\u011f\u0131\u015f\u0131 son olarak Ocak 1960&#039;ta yere e\u015flik etti.<\/p>\n<p>Yine de Valensiya&#039;n\u0131n kendini en belirgin \u015fekilde g\u00f6sterdi\u011fi alan k\u00fclt\u00fcrel canl\u0131l\u0131k alan\u0131d\u0131r. Her Mart ay\u0131nda kutlanan ve Kas\u0131m 2016&#039;da UNESCO&#039;nun Somut Olmayan K\u00fclt\u00fcrel Miras listesine eklenen Falles festivali, \u015fehri an\u0131tsal ka\u011f\u0131t hamurundan yap\u0131lm\u0131\u015f heykeller ve yer sars\u0131c\u0131 havai fi\u015fekler diyar\u0131na d\u00f6n\u00fc\u015ft\u00fcr\u00fcyor ve bu, Pla\u00e7a de l&#039;Ajuntament&#039;ta yank\u0131lanan perk\u00fcsyonlu ritmiyle g\u00fcnl\u00fck masclet\u00e0&#039;da doru\u011fa ula\u015f\u0131yor. Benzer \u015fekilde sayg\u0131de\u011fer olan, her Per\u015fembe \u00f6\u011flen vakti Havariler Kap\u0131s\u0131&#039;n\u0131n alt\u0131nda toplanan ve Albufera&#039;n\u0131n bereketli pirin\u00e7 tarlalar\u0131n\u0131 sulayan karma\u015f\u0131k kanal a\u011flar\u0131 boyunca su haklar\u0131n\u0131 arabuluculuk etmek i\u00e7in toplanan Ma\u011fribi k\u00f6kenli bir sulama mahkemesi olan Tribunal de les Aig\u00fces&#039;dir. Ya\u015fanan bu gelenekler, k\u00fcresel spor ve tasar\u0131m \u00f6d\u00fclleriyle bir arada var oluyor; Valencia, 2007 ve 2010 y\u0131llar\u0131nda Amerika Kupas\u0131&#039;n\u0131 d\u00fczenledi, 2008-2012 y\u0131llar\u0131 aras\u0131nda Formula 1 Avrupa Grand Prix&#039;sine ev sahipli\u011fi yapt\u0131, her Kas\u0131m ay\u0131nda Ricardo Tormo Pisti&#039;nde MotoGP \u015eampiyonas\u0131&#039;n\u0131n final turuna ev sahipli\u011fi yapt\u0131 ve Avrupa Spor Ba\u015fkenti (2011), D\u00fcnya Tasar\u0131m Ba\u015fkenti (2022) ve Avrupa Ye\u015fil Ba\u015fkenti (2024) se\u00e7ildi.<\/p>\n<p>Co\u011frafi olarak, Valensiya&#039;n\u0131n \u00e7evresi karasal ve sucul ekotoplar\u0131 harmanlamaktad\u0131r. Bir zamanlar tuzlu olan ancak denizden ayr\u0131lmas\u0131n\u0131n ard\u0131ndan art\u0131k tatl\u0131 su olan Albufera lag\u00fcn\u00fc yirmi bir bin hektardan fazla bir alan\u0131 kaplar ve 1976&#039;da do\u011fal park ilan edilen Parc Natural de l&#039;Albufera&#039;y\u0131 demirler. Burada pirin\u00e7 yeti\u015ftiricili\u011fi bal\u0131k\u00e7\u0131l\u0131k, avc\u0131l\u0131k ve ornitoloji faaliyetleriyle bir arada y\u00fcr\u00fct\u00fcl\u00fcrken, belediyenin 1911&#039;de g\u00f6l\u00fc sat\u0131n almas\u0131, geli\u015fimsel tecav\u00fcze kar\u015f\u0131 korunmas\u0131n\u0131 sa\u011flam\u0131\u015ft\u0131r. Liman\u0131n deniz taraf\u0131nda, \u015fehrin plajlar\u0131\u2014Las Arenas, Cabanyal, Malvarrosa ve daha sakin Patacona\u2014 palmiyelerle \u00e7evrili gezinti yollar\u0131 boyunca uzan\u0131r, arenalar\u0131 her yaz voleybol a\u011flar\u0131, u\u00e7urtma festivalleri ve r\u00fczgar s\u00f6rf\u00fc yar\u0131\u015fmalar\u0131yla noktalan\u0131r, cankurtaranlar, olanaklar ve dondurma sat\u0131c\u0131lar\u0131 g\u00fcne\u015f arayan kalabal\u0131klara hizmet eder.<\/p>\n<p>Valensiya&#039;n\u0131n yakla\u015f\u0131k 169 hektarl\u0131k tarihi merkezi, ard\u0131\u015f\u0131k d\u00f6nemlerden kalma yap\u0131lar\u0131n uyum i\u00e7inde durdu\u011fu labirent gibi bir sokak a\u011f\u0131 sunar. Valensiya Gotik tarz\u0131nda in\u015fa edilen ve 1996&#039;da UNESCO D\u00fcnya Miras\u0131 Alan\u0131 ilan edilen Lonja de la Seda, \u015fehrin orta\u00e7a\u011f ticaret g\u00fcc\u00fcne tan\u0131kl\u0131k eder. Yak\u0131nlarda, Valensiya Art Nouveau&#039;sunun bir \u00f6rne\u011fi olan Mercado Central, tonozlu demir ve cam bir g\u00f6lgelik alt\u0131nda \u015fafak vakti av\u0131n\u0131 ve hasad\u0131n\u0131 al\u0131rken, biti\u015fikteki Kuzey \u0130stasyonu kendi modernista kiri\u015finde ba\u015fkanl\u0131k eder. Bu matrisin i\u00e7inde, orta\u00e7a\u011f \u015fehir duvar\u0131n\u0131n eski bile\u015fenleri olan Serrans ve Quart kuleleri ve El Miguelete \u00e7an kulesinin (1418&#039;de Aziz Michael G\u00fcn\u00fc&#039;nde kutsanm\u0131\u015ft\u0131r) a\u015fa\u011f\u0131daki k\u0131rm\u0131z\u0131 kiremitli \u00e7at\u0131lar\u0131 inceleyen katedral kompleksinin Gotik-Barok kuleleri y\u00fckselir. Katedralin kendisi mimari m\u00fcdahalelerin bir palimpsestini temsil ediyor: Romanesk par\u00e7alar, Barok \u015fapeller, y\u00fcksek yan pencerelerle delinmi\u015f bir kubbe ve ayin alay\u0131n\u0131 Goya&#039;n\u0131n f\u0131r\u00e7as\u0131yla s\u00fcslenmi\u015f manast\u0131rlara ve \u015fapellere y\u00f6nlendiren yontulmu\u015f kap\u0131lar.<\/p>\n<p>Orta\u00e7a\u011f \u00e7ekirde\u011finin \u00f6tesinde, Ciutat de les Arts i les Ci\u00e8ncies yirmi birinci y\u00fczy\u0131l h\u0131rs\u0131n\u0131n bir an\u0131t\u0131 olarak ortaya \u00e7\u0131k\u0131yor. Santiago Calatrava ve F\u00e9lix Candela taraf\u0131ndan tasarlanan, bir opera binas\u0131, bilim m\u00fczesi, IMAX planetaryumu, o\u015finografi park\u0131 ve k\u0131vr\u0131ml\u0131 y\u00fcr\u00fcy\u00fc\u015f yollar\u0131ndan olu\u015fan yap\u0131s\u0131, Turia Bah\u00e7eleri ve Calatrava&#039;n\u0131n imza stilinde yukar\u0131dan ge\u00e7en modern k\u00f6pr\u00fc \u00fczerine d\u00fc\u015f\u00fcnme anlar\u0131 yans\u0131t\u0131yor. Yan\u0131nda, \u00e7a\u011fda\u015f hacimleri oda konserlerine ev sahipli\u011fi yapan ve akustik samimiyet sa\u011flayan Palau de la M\u00fasica var; her iki yap\u0131 da \u015fehrin mimari bulu\u015flar\u0131 benimsedi\u011finin kan\u0131t\u0131.<\/p>\n<p>\u00c7e\u015fitli d\u00f6nemlere ait kilise mimarisi Valensiya&#039;n\u0131n topografyas\u0131n\u0131 daha da belirginle\u015ftirir: Santa Catalina&#039;n\u0131n Barok \u00e7an kulesi, sar\u0131 ta\u015f i\u015f\u00e7ili\u011fiyle ufuk \u00e7izgisini b\u00f6ler; Gotik tarzdaki Sant Joan del Mercat cemaati, Palomino&#039;nun fresklerine ev sahipli\u011fi yapar; daha sonra Montesa Tarikat\u0131 taraf\u0131ndan yeniden in\u015fa edilen eski Tap\u0131nak \u015e\u00f6valyeleri kilisesi El Temple, tonozlu mabedinin alt\u0131nda \u015f\u00f6valye soyunu \u00e7a\u011fr\u0131\u015ft\u0131r\u0131r; ve manast\u0131r b\u00f6lgelerinin bir araya gelmesiyle olu\u015fan tak\u0131my\u0131ld\u0131z\u0131 (Dominik, Cizvit, Corpus Christi) \u015fehrin Kar\u015f\u0131-Reform dindarl\u0131\u011f\u0131n\u0131n ve bilimsel \u00e7aban\u0131n kalesi olarak oynad\u0131\u011f\u0131 role tan\u0131kl\u0131k eder.<\/p>\n<p>Bu sayg\u0131de\u011fer an\u0131tlar\u0131n ortas\u0131nda, yemye\u015fil meydanlar ve bah\u00e7eler kentsel bir huzur sunar. Heykelsi bir \u00e7e\u015fme ve portakal a\u011fa\u00e7lar\u0131yla s\u00fcslenmi\u015f Pla\u00e7a de la Mare de D\u00e9u, Terkedilmi\u015f Meryem Ana Bazilikas\u0131&#039;n\u0131n \u00f6n\u00fcnde yer al\u0131r ve yerel halk\u0131 ve ziyaret\u00e7ileri bir sivil bulu\u015fma alan\u0131na \u00e7eker. Kafe ve sinemalar\u0131 \u00e7er\u00e7eveleyen an\u0131tsal belediye binas\u0131 ve merkez postanesiyle Pla\u00e7a de l&#039;Ajuntament&#039;in \u00fc\u00e7gen geni\u015fli\u011fi, Falles \u015fenliklerinin merkezi haline gelirken, Plaza de la Reina tonozlu kemerlerin alt\u0131nda ve eski a\u011fa\u00e7lar\u0131n g\u00f6lgesinde katedral basamaklar\u0131na do\u011fru i\u015faret eder.<\/p>\n<p>2008 k\u00fcresel mali krizinden \u00f6nce turizm ve in\u015faat patlamalar\u0131na ba\u011f\u0131ml\u0131 olan Valensiya ekonomisi, i\u015f g\u00fcc\u00fcn\u00fcn yakla\u015f\u0131k &#039;\u00fcn\u00fc istihdam eden bir hizmet sekt\u00f6r\u00fc etraf\u0131nda, canland\u0131r\u0131lm\u0131\u015f bir \u00fcretim \u00fcss\u00fc (en \u00f6nemlisi Ford&#039;un Almussafes tesisindeki otomotiv montaj\u0131) ve yakla\u015f\u0131k d\u00f6rt bin hektarl\u0131k meyve bah\u00e7eleri ve narenciye bah\u00e7elerinden olu\u015fan m\u00fctevaz\u0131 bir tar\u0131m b\u00f6lgesi etraf\u0131nda istikrara kavu\u015ftu. Ferrocarrils de la Generalitat Valenciana taraf\u0131ndan Metrovalencia ve tramvay a\u011flar\u0131 arac\u0131l\u0131\u011f\u0131yla y\u00f6netilen toplu ta\u015f\u0131ma, hafta i\u00e7i ortalama k\u0131rk d\u00f6rt dakikal\u0131k i\u015fe gidi\u015f geli\u015fler sa\u011fl\u0131yor ve Ekim 2012 itibar\u0131yla 250 istasyona 2.750 bisiklet da\u011f\u0131tan Valenbisi bisiklet payla\u015f\u0131m sistemiyle destekleniyor. Bat\u0131da dokuz kilometre uzakl\u0131kta bulunan Valensiya Havaalan\u0131 ve Joaqu\u00edn Sorolla \u0130stasyonu&#039;ndaki y\u00fcksek h\u0131zl\u0131 AVE hizmetleri \u015fehri ulusal ve uluslararas\u0131 \u015febekelere ba\u011fl\u0131yor; Alicante-Elche Havaalan\u0131 ise g\u00fcneyde yakla\u015f\u0131k 133 kilometre uzakl\u0131kta, ula\u015f\u0131labilir bir mesafede kalmaya devam ediyor.<\/p>\n<p>Valensiya&#039;daki entelekt\u00fcel ya\u015fam, sayg\u0131de\u011fer bir soya\u011fac\u0131 ve kozmopolit yenilik\u00e7ili\u011fe sahip kurumlarda geli\u015fir. 1499&#039;da kurulan Valensiya \u00dcniversitesi, \u0130spanya&#039;n\u0131n en eski \u00fcniversiteleri aras\u0131nda yer al\u0131r ve 2011 \u015eanghay Akademik S\u0131ralamas\u0131&#039;n\u0131n en \u00fcst kademelerinde yer almay\u0131 ba\u015farm\u0131\u015ft\u0131r. 2012&#039;den beri, Boston merkezli Berklee M\u00fczik Koleji, Palau de les Arts Reina Sof\u00eda&#039;daki bir uydu kamp\u00fcs\u00fc arac\u0131l\u0131\u011f\u0131yla pedagojik eri\u015fimini geni\u015fletmi\u015ftir ve Musikeon m\u00fczik dersleri, \u0130spanyolca konu\u015fan d\u00fcnyada tan\u0131nan bir programa \u00f6\u011frencileri \u00e7ekmeye devam etmektedir.<\/p>\n<p>Gastronomi, Valensiya kimli\u011finde merkezi bir yer tutar. Safranla tatland\u0131r\u0131lm\u0131\u015f pirin\u00e7ten do\u011fan paella, a\u00e7\u0131k alevlerde s\u0131\u011f tavalarda pi\u015firilir ve fideu\u00e0, arr\u00f2s a banda, arr\u00f2s negre, fartons ve bunyols e\u015fli\u011finde sembolik kal\u0131rken, tapas ve calamares&#039;in yerel olarak yeti\u015ftirilen chufa ile birlikte sokak yemekleri, hem v\u00fccudu hem de efsaneyi tazeleyen so\u011futulmu\u015f orxata&#039;y\u0131 verir. Geleneksel seramikler ve b\u00f6lgesel kost\u00fcm i\u015f\u00e7ili\u011fi, \u015fehrin zanaatkar miras\u0131n\u0131 \u00f6ne \u00e7\u0131kar\u0131rken, y\u0131l boyu s\u00fcren takvim dini alaylar\u0131 (en \u00f6nemlisi renk canl\u0131l\u0131\u011f\u0131yla \u00fcnl\u00fc Kutsal Hafta kutlamalar\u0131) ve Valensiya&#039;n\u0131n Roma karakolundan Akdeniz g\u00fc\u00e7 merkezine, R\u00f6nesans ipek merkezinden yirmi birinci y\u00fczy\u0131l ye\u015fil ba\u015fkentine d\u00f6n\u00fc\u015f\u00fcm\u00fcn\u00fc g\u00f6steren laik g\u00f6sterileri bir araya getirir. Tarihin metamorfozla birle\u015fti\u011fi bu \u015fehirde, Valensiya hem bir vasiyet hem de ya\u015fayan bir senfoni olarak kar\u015f\u0131m\u0131za \u00e7\u0131k\u0131yor: Ta\u015f ve su \u00fczerine yaz\u0131lm\u0131\u015f, mevsimlerin ritmiyle \u015fekillenmi\u015f ve do\u011fuya denize, bat\u0131ya ise \u00f6tesindeki g\u00f6ky\u00fcz\u00fcne bakan nesillerin eme\u011fiyle s\u00fcrd\u00fcr\u00fclen bir anlat\u0131.<\/p>","protected":false},"excerpt":{"rendered":"<p>\u0130spanya&#039;n\u0131n do\u011fu k\u0131y\u0131s\u0131ndaki hareketli bir sahil \u015fehri olan Valensiya, 2023 itibar\u0131yla tahmini n\u00fcfusu 807.693 olan \u00fclkenin \u00fc\u00e7\u00fcnc\u00fc en kalabal\u0131k belediyesidir. T\u00fcm metropol alan\u0131 hesaba kat\u0131ld\u0131\u011f\u0131nda, Valensiya&#039;n\u0131n \u0130ber Yar\u0131madas\u0131&#039;nda b\u00fcy\u00fck bir kentsel merkez olarak \u00f6nemi vurgulanmaktad\u0131r: bu say\u0131 \u015fa\u015f\u0131rt\u0131c\u0131 bir \u015fekilde 2.522.383&#039;t\u00fcr. Valensiya&#039;n\u0131n zengin ge\u00e7mi\u015fi ve dinamik bug\u00fcn\u00fc b\u00fcy\u00fck \u00f6l\u00e7\u00fcde Turia Nehri k\u0131y\u0131s\u0131ndaki stratejik konumu ve Akdeniz&#039;in \u0131l\u0131k dalgalar\u0131 taraf\u0131ndan \u015fekillendirilmi\u015ftir.<\/p>","protected":false},"author":1,"featured_media":3029,"parent":13090,"menu_order":0,"comment_status":"closed","ping_status":"closed","template":"elementor_theme","meta":{"_eb_attr":"","footnotes":""},"class_list":["post-13223","page","type-page","status-publish","has-post-thumbnail"],"_links":{"self":[{"href":"https:\/\/travelshelper.com\/tr\/wp-json\/wp\/v2\/pages\/13223","targetHints":{"allow":["GET"]}}],"collection":[{"href":"https:\/\/travelshelper.com\/tr\/wp-json\/wp\/v2\/pages"}],"about":[{"href":"https:\/\/travelshelper.com\/tr\/wp-json\/wp\/v2\/types\/page"}],"author":[{"embeddable":true,"href":"https:\/\/travelshelper.com\/tr\/wp-json\/wp\/v2\/users\/1"}],"replies":[{"embeddable":true,"href":"https:\/\/travelshelper.com\/tr\/wp-json\/wp\/v2\/comments?post=13223"}],"version-history":[{"count":0,"href":"https:\/\/travelshelper.com\/tr\/wp-json\/wp\/v2\/pages\/13223\/revisions"}],"up":[{"embeddable":true,"href":"https:\/\/travelshelper.com\/tr\/wp-json\/wp\/v2\/pages\/13090"}],"wp:featuredmedia":[{"embeddable":true,"href":"https:\/\/travelshelper.com\/tr\/wp-json\/wp\/v2\/media\/3029"}],"wp:attachment":[{"href":"https:\/\/travelshelper.com\/tr\/wp-json\/wp\/v2\/media?parent=13223"}],"curies":[{"name":"wp","href":"https:\/\/api.w.org\/{rel}","templated":true}]}}