{"id":13177,"date":"2024-09-17T13:51:22","date_gmt":"2024-09-17T13:51:22","guid":{"rendered":"https:\/\/travelshelper.com\/staging\/?page_id=13177"},"modified":"2026-03-12T23:41:20","modified_gmt":"2026-03-12T23:41:20","slug":"sierra-nevada","status":"publish","type":"page","link":"https:\/\/travelshelper.com\/tr\/destinations\/europe\/spain\/sierra-nevada\/","title":{"rendered":"Sierra Nevada"},"content":{"rendered":"<p>Sierra Nevada, \u0130ber Yar\u0131madas\u0131&#039;n\u0131n g\u00fcney kesimlerinde e\u015fsiz bir yer kaplar: yakla\u015f\u0131k 80 kilometre uzunlu\u011funda, geni\u015fli\u011fi 15 ila 30 kilometre aras\u0131nda de\u011fi\u015fen ve 2.000 kilometrekareyi a\u015fan bir alan\u0131 kapsayan geni\u015f bir masif. End\u00fcl\u00fcs eyaletleri Granada ve Almer\u00eda&#039;dan y\u00fckselen bu tarihi da\u011f s\u0131ras\u0131, y\u0131l\u0131n b\u00fcy\u00fck b\u00f6l\u00fcm\u00fcnde istikrarl\u0131 bir \u015fekilde karla \u00f6rt\u00fcl\u00fc kalan \u00f6nemli bir bat\u0131-g\u00fcneybat\u0131 ve do\u011fu-kuzeydo\u011fu s\u0131rt\u0131 boyunca kesintisiz bir zirve profili sunar. Zirve noktas\u0131nda, k\u0131ta \u0130spanya&#039;s\u0131n\u0131n ve \u0130ber Yar\u0131madas\u0131&#039;n\u0131n en y\u00fcksek noktas\u0131 olan 3.479 metreye y\u00fckselen Mulhac\u00e9n bulunur. S\u0131rada\u011flar\u0131n en y\u00fcksek noktalar\u0131, onlarca kilometre uzakl\u0131ktaki g\u00fcne\u015fli Akdeniz k\u0131y\u0131lar\u0131na \u00e7arp\u0131c\u0131 bir tezat olu\u015fturuyor ve Sierra Nevada&#039;y\u0131 titiz akademik ilgi ve \u015fiirsel d\u00fc\u015f\u00fcnceyi gerektiren iklimsel, jeolojik ve tarihsel kar\u015f\u0131tl\u0131klar\u0131n alan\u0131 haline getiriyor.<\/p>\n<p>Antik \u00e7a\u011flardan g\u00fcn\u00fcm\u00fcze, Sierra Nevada yama\u00e7lar\u0131 tektonik konv\u00fclsiyonlara ve buzul heykelcili\u011fine tan\u0131kl\u0131k etmi\u015ftir. Tersiyer D\u00f6nemi&#039;nde Alp Orojenezinden do\u011fan s\u0131rada\u011flar, \u00e7o\u011funlukla dik bir \u015fekilde kuzeye do\u011fru e\u011fimli olan ancak g\u00fcneye ve g\u00fcneydo\u011fuya do\u011fru daha kademeli ini\u015flere yol a\u00e7an yumu\u015fak mika \u015fistleri arac\u0131l\u0131\u011f\u0131yla kendini g\u00f6sterir. Yakla\u015f\u0131k 2.400 metrenin \u00fczerinde -bir zamanlar Holosen&#039;e kadar s\u00fcrekli buzun s\u0131n\u0131r\u0131yd\u0131- antik buzullar U \u015feklinde vadiler oymu\u015f ve aralar\u0131nda Laguna de Aguas Verdes ve m\u00fctevaz\u0131 Laguna de la Mosca&#039;n\u0131n da bulundu\u011fu y\u00fcksek rak\u0131ml\u0131 lag\u00fcnlerden olu\u015fan bir tak\u0131my\u0131ld\u0131z b\u0131rakm\u0131\u015ft\u0131r. G\u00fcney sirklerinin i\u00e7inde yer alan bu g\u00f6letler, eriyik sular\u0131n\u0131 Guadalfeo sistemine y\u00f6nlendirir, t\u0131pk\u0131 Akdeniz ve Atlantik yama\u00e7lar\u0131n\u0131 ge\u00e7en sayg\u0131de\u011fer nehir arterleri gibi: Mulhac\u00e9n yak\u0131nlar\u0131nda do\u011fan ve Guadalquivir havzas\u0131n\u0131n temelini olu\u015fturan Genil; D\u00farcal ve \u00cdzbor; Trev\u00e9lez ve Poqueira; Andarax ve Adra nehirlerinin kollar\u0131.<\/p>\n<p>Co\u011frafi olarak Sierra Nevada, bat\u0131da Lecr\u00edn Vadisi, g\u00fcneyde Guadalfeo Vadisi, kuzeyde B\u00e9tica \u00e7\u00f6k\u00fcnt\u00fcs\u00fc, do\u011fuda Nacimiento Nehri ve g\u00fcneydo\u011fuda Andarax Vadisi ile s\u0131n\u0131rl\u0131d\u0131r. Co\u011frafi koordinatlar\u0131 (yakla\u015f\u0131k olarak 36\u00b055\u2032 ila 37\u00b015\u2032 kuzey enlemi ve 2\u00b056\u2032 ila 3\u00b038\u2032 bat\u0131 boylam\u0131) onu End\u00fcl\u00fcs&#039;\u00fcn tarihi manzaras\u0131na s\u0131k\u0131ca ba\u011flar. G\u00fcney eteklerinde tarihi Granada \u015fehri ve daha do\u011fuda Akdeniz iklimleri yukar\u0131daki karla kapl\u0131 y\u00fcksekliklerle dramatik bir termal kontrast olu\u015fturan Motril ve Almer\u00eda k\u0131y\u0131 b\u00f6lgeleri yer al\u0131r.<\/p>\n<p>Sierra Nevada&#039;n\u0131n iklimsel profili basit bir s\u0131n\u0131fland\u0131rmaya meydan okuyor. K\u00f6ppen sistemi alt\u0131nda, masif a\u011f\u0131rl\u0131kl\u0131 olarak Akdeniz Csa\/Csb kategorileri i\u00e7inde yer al\u0131yor; ancak 2.500 metrenin \u00fczerinde ortalama yaz s\u0131cakl\u0131klar\u0131 10 \u00b0C e\u015fi\u011finin etraf\u0131nda seyrediyor ve y\u00fcksek yama\u00e7lara bir subarktik Dsc karakteri kazand\u0131r\u0131yor. Biraz daha d\u00fc\u015f\u00fck rak\u0131mlarda, k\u0131sa, serin yazlar ve d\u00fc\u015f\u00fck ya\u011f\u0131\u015f nemli bir k\u0131tasal Dsa\/Dsb rejimi olu\u015ftururken, daha da a\u015fa\u011f\u0131 inildi\u011finde \u00e7evredeki ovalar\u0131n s\u0131cak yaz \u00e7e\u015fidine kademeli olarak ge\u00e7i\u015f yapan serin yaz Akdeniz formu ortaya \u00e7\u0131k\u0131yor. Pradollano&#039;daki y\u0131l boyu s\u0131cakl\u0131k -ortalama 3,9 \u00b0C- Granada&#039;n\u0131n 15,7 \u00b0C ve k\u0131y\u0131 Malaga&#039;n\u0131n 18,5 \u00b0C&#039;sine olduk\u00e7a yak\u0131n. Tatil k\u00f6y\u00fcndeki yaz ve k\u0131\u015f g\u00fcnl\u00fck s\u0131cakl\u0131k de\u011ferleri, \u015fehrin alt kesimlerinden yakla\u015f\u0131k 12 \u00b0C daha d\u00fc\u015f\u00fckt\u00fcr; \u00f6zellikle ilkbahar aylar\u0131 gecikir; \u00e7\u00fcnk\u00fc yaylalarda may\u0131s ay\u0131nda g\u00fcnd\u00fcz maksimum s\u0131cakl\u0131klar\u0131 4 \u00b0C civar\u0131nda seyrederken, Granada&#039;da ortalama s\u0131cakl\u0131k 24 \u00b0C&#039;dir.<\/p>\n<p>Bilimsel ara\u015ft\u0131rmalar bu y\u00fcksekliklerde dikkate de\u011fer bir s\u0131\u011f\u0131nak bulmu\u015ftur. Sierra Nevada G\u00f6zlemevi, Calar Alto G\u00f6zlemevi ve Institut de Radioastronomie Millim\u00e9trique (IRAM) 30 m Teleskobu deniz seviyesinden yakla\u015f\u0131k 2.800 metre y\u00fckseklikte kuzey yama\u00e7lar\u0131nda yer almaktad\u0131r. Teleskopik a\u00e7\u0131kl\u0131klar\u0131 kentsel par\u0131lt\u0131dan etkilenmeden ve y\u00fcksek, kuru platodan faydalanarak kozmik derinliklere bakmaktad\u0131r. Bu arada, masifin ekolojik \u00f6nemi uzun zamand\u0131r kabul edilmektedir: 1986&#039;da UNESCO onu bir Biyosfer Rezervi olarak belirlemi\u015f ve 1989&#039;da ve ard\u0131ndan 1999&#039;da \u0130spanyol h\u00fck\u00fcmeti geni\u015f alanlar\u0131 \u00f6nce Do\u011fal Park, daha sonra da Ulusal Park ilan ederek toplamda yakla\u015f\u0131k 169.239 hektarl\u0131k araziyi korumu\u015ftur.<\/p>\n<p>Bu korunan alan i\u00e7erisinde, k\u0131smen menzilin izolasyonuna ve buzul sonras\u0131 s\u0131\u011f\u0131naklar\u0131na atfedilebilen ola\u011fan\u00fcst\u00fc bir biyolojik \u00e7e\u015fitlilik bulunmaktad\u0131r. \u0130spanya \u00c7evre Bakanl\u0131\u011f\u0131, menzil i\u00e7erisindeki Avrupa&#039;n\u0131n endemikli\u011finin yakla\u015f\u0131k be\u015fte birini olu\u015fturan 66 endemik vask\u00fcler bitki t\u00fcr\u00fc ve yakla\u015f\u0131k 80 yerli faunal takson kaydetmektedir. Toplam vask\u00fcler flora, \u0130spanya&#039;n\u0131n botanik zenginli\u011finin d\u00f6rtte birini temsil eden yakla\u015f\u0131k 2.100 y\u00fcksek bitkiden olu\u015fmaktad\u0131r. Bu botanik miras\u0131 korumak i\u00e7in bir dizi koruma tesisi ortaya \u00e7\u0131km\u0131\u015ft\u0131r: Pinus sylvestris nevadensis de dahil olmak \u00fczere yakla\u015f\u0131k 100 savunmas\u0131z veya nesli t\u00fckenmekte olan t\u00fcr\u00fcn \u00e7o\u011falt\u0131lmas\u0131 ve incelenmesiyle g\u00f6revli, Mount Trevenque&#039;nin 1.600 metredeki alt yamac\u0131nda bulunan Cortijuela Botanik Bah\u00e7esi; 1.980 metrede bulunan Hoya de Pedraza merkezi; ve 1965 y\u0131l\u0131nda yakla\u015f\u0131k 2.500 metre y\u00fckseklikte kurulan ve tamamen Sierra Nevada&#039;n\u0131n endemik floras\u0131na adanm\u0131\u015f Hoya de la Mora&#039;daki \u00dcniversite Botanik Bah\u00e7esi.<\/p>\n<p>Da\u011flar\u0131n etraf\u0131na \u00f6r\u00fclm\u00fc\u015f insan dokusu, geleneksel ge\u00e7im ve modern rekreasyonun bir ritmini ortaya koyuyor. Nesiller boyunca yerel sakinler, 2.000 metrenin \u00fczerinde bile bulunan borreguiles otlatma alanlar\u0131 olan terasl\u0131 arazileri ektiler ve mevsimsel alpin \u00e7ay\u0131rlar\u0131na g\u00f6re ilerleyen g\u00f6\u00e7ebe desenlerde s\u00fcr\u00fclere bakt\u0131lar. Tar\u0131msal makinele\u015fme dik e\u011fimlerde imkans\u0131z oldu\u011funu kan\u0131tlad\u0131, b\u00f6ylece sulama kanallar\u0131 ve zeytin, \u015feftali ve badem bah\u00e7eleri hakk\u0131ndaki atalardan kalma bilgi s\u00fcrd\u00fcr\u00fcld\u00fc. Yine de son on y\u0131llarda, Avrupa&#039;n\u0131n en g\u00fcneydeki kayak merkezi ve \u0130ber Yar\u0131madas\u0131&#039;n\u0131n en y\u00fckse\u011fi olan kayak merkezinin yarat\u0131lmas\u0131yla h\u0131zland\u0131r\u0131lan turizme do\u011fru elle tutulur bir kayma g\u00f6r\u00fcld\u00fc. 2.100 metre y\u00fckseklikteki yerle\u015fim yeri olan Pradollano, Pirene yerle\u015fimleri d\u0131\u015f\u0131nda End\u00fcl\u00fcs&#039;\u00fcn en y\u00fcksek yerle\u015fim yeridir, kayak asans\u00f6rleri ve pistleri g\u00fcvenilir kar ve bol g\u00fcne\u015f \u0131\u015f\u0131\u011f\u0131 arayan k\u0131\u015f sporlar\u0131 merakl\u0131lar\u0131n\u0131 kendine \u00e7eker.<\/p>\n<p>Y\u00fcksek s\u0131rada\u011flardaki ula\u015f\u0131m tarihi de ayn\u0131 derecede dikkat \u00e7ekicidir. 1935&#039;te Veleta&#039;n\u0131n zirvesine giden bir motorlu yol a\u00e7\u0131ld\u0131 ve 1999&#039;da Hoya de la Mora&#039;dan zirveye kadar olan \u00fcst segment ara\u00e7 trafi\u011fine kapat\u0131lana kadar \u0130spanya&#039;n\u0131n ve bir s\u00fcre Avrupa&#039;n\u0131n en y\u00fcksek s\u00fcr\u00fclebilir rotas\u0131 olma ayr\u0131cal\u0131\u011f\u0131n\u0131 kazand\u0131. Ayn\u0131 zamanda, Haziran ve Ekim aylar\u0131 aras\u0131nda, hava \u015fartlar\u0131 uygunsa, mevsimlik bir Y\u00fcksek Zirveler Yorumlama Servisi i\u015fletiliyor ve minib\u00fcsler ve rehberler kullanarak ziyaret\u00e7ileri 2.500 metredeki bir \u00dcniversite Yurdu&#039;ndan 3.100 metredeki Veleta platformuna ta\u015f\u0131yor ve ayr\u0131ca Capileira&#039;dan 2.740 metredeki Alto del Chorrillo&#039;ya g\u00fcney yamac\u0131ndan y\u00fcr\u00fcy\u00fc\u015f\u00e7\u00fcleri ta\u015f\u0131yor.<\/p>\n<p>Alp disiplini kayak\u00e7\u0131l\u0131\u011f\u0131n\u0131 tamamlayan, Granada ve Almer\u00eda eyaletlerini 2.000 metrede kapsayan Puerto de la Ragua, A-337 otoyolundaki daha az bilinen Ragua koridoru gibi kros kaya\u011f\u0131 tesislerine ev sahipli\u011fi yapmaktad\u0131r. Y\u00fcr\u00fcy\u00fc\u015f merakl\u0131lar\u0131, Genil Nehri&#039;nin kaynak sular\u0131n\u0131 \u00e7evreleyen Vereda de la Estrella&#039;y\u0131 ge\u00e7ebilir veya J\u00e9rez del Marquesado&#039;dan 3.000 metrenin \u00fczerindeki hemen hemen her zirveden ge\u00e7en, yaz ortas\u0131nda bile kalan kar alanlar\u0131 aras\u0131nda hem dayan\u0131kl\u0131l\u0131k hem de dikkat gerektiren zorlu bir ge\u00e7i\u015f olan 3.000 Metrelik Zirvelerin Entegrasyonunu \u00fcstlenebilir. Masifi \u00e7evreleyen 340 kilometrelik bir d\u00f6ng\u00fc olan Sulayr rotas\u0131, hem do\u011fay\u0131 hem de miras\u0131 kutlamak i\u00e7in kamu kurumlar\u0131 taraf\u0131ndan tasarlanan bir g\u00fczergahta tarihi s\u0131\u011f\u0131r yollar\u0131n\u0131 ve patikalar\u0131 canland\u0131r\u0131r.<\/p>\n<p>Y\u0131ld\u0131zlar\u0131n alt\u0131nda s\u0131\u011f\u0131nak arayanlar i\u00e7in, s\u0131rada\u011flar \u00fc\u00e7 adet personelli s\u0131\u011f\u0131nak sunuyor: Mulhac\u00e9n ve R\u00edo Seco&#039;nun birle\u015fti\u011fi noktada 87 misafiri a\u011f\u0131rlayan 2.500 metredeki Poqueira S\u0131\u011f\u0131na\u011f\u0131; Loma de Enmedio&#039;da 68 ki\u015filik alana sahip 1.880 metredeki Postero Alto; ve 32 ranzal\u0131 2.000 metredeki Puerto de la Ragua pansiyonu. Da\u011f\u0131n\u0131k s\u0131\u011f\u0131naklar ve bivak alanlar\u0131\u2014La Carihuela, Elorrieta, Pe\u00f1a Partida ve di\u011ferleri\u2014de\u011fi\u015fik onar\u0131m durumlar\u0131nda varl\u0131\u011f\u0131n\u0131 s\u00fcrd\u00fcr\u00fcrken, Cueva Secreta ve Siete Lagunas oyuklar\u0131 gibi do\u011fal ma\u011faralar da\u011f\u0131n jeolojik merak\u0131n\u0131 kan\u0131tl\u0131yor.<\/p>\n<p>Bisiklet\u00e7iler de Sierra Nevada&#039;n\u0131n ba\u015f d\u00f6nd\u00fcr\u00fcc\u00fc t\u0131rman\u0131\u015flar\u0131nda meydan okuma ve cazibe bulurlar. Monachil&#039;den gelen \u00fcnl\u00fc t\u0131rman\u0131\u015f - %5,8 ortalama e\u011fimle 45,3 kilometrede 2.627 metre t\u0131rman\u0131\u015f, e\u011fimler &#039;e ula\u015f\u0131r - Pradollano veya Pico Veleta&#039;da (3.367 metre) sonlanmadan \u00f6nce zorlu bir test sunar. G\u00fc\u00e9jar Sierra rotas\u0131 Veleta&#039;ya kadar 44,3 kilometre uzan\u0131r ve %5,77 ortalama e\u011fimle 2.557 metre y\u00fckselir. Orta hedefler aras\u0131nda Hoya de la Mora&#039;n\u0131n \u00dcniversite Botanik Bah\u00e7esi ve 2.850 metrede IRAM G\u00f6zlemevi yer al\u0131r; her biri menzilin bilimsel ve estetik \u00e7ekicili\u011finin kan\u0131t\u0131d\u0131r.<\/p>\n<p>Mitler ve efsaneler da\u011f manzaralar\u0131 kadar zengin bir \u015fekilde ortaya \u00e7\u0131kar. \u015eeytan S\u00fcp\u00fcrgesi hikayesi, Alcazaba Tepesi&#039;nin yama\u00e7lar\u0131n\u0131 karl\u0131 seller halinde s\u00fcp\u00fcrd\u00fc\u011f\u00fc s\u00f6ylenen \u015feytani bir arma\u011fan taraf\u0131ndan yarat\u0131lan bir \u00e7\u0131\u011f\u0131 \u00e7a\u011fr\u0131\u015ft\u0131r\u0131r. Vacares Lag\u00fcn\u00fc&#039;n\u00fcn bilgisi, bir Ma\u011fribi prensinin su\u00e7unu ve bir prensesin kayada \u00f6l\u00fcms\u00fczle\u015ftirilen g\u00f6zya\u015flar\u0131n\u0131 anlat\u0131r, a\u011f\u0131tlar\u0131n\u0131n donmu\u015f derinliklerden yank\u0131land\u0131\u011f\u0131 iddia edilir. \u00c7obanlar, k\u00f6yl\u00fcler ve hac\u0131lar taraf\u0131ndan ta\u015f\u0131nan bu t\u00fcr anlat\u0131lar, binlerce y\u0131ll\u0131k jeolojik ve k\u00fclt\u00fcrel g\u00fc\u00e7ler taraf\u0131ndan \u015fekillendirilmi\u015f bir manzaraya uhrevi bir boyut kazand\u0131r\u0131r.<\/p>\n<p>Sonu\u00e7 olarak, Sierra Nevada kartografik geni\u015fliklerden ve ekolojik kay\u0131tlardan \u00e7ok daha fazlas\u0131n\u0131 kapsar. \u0130klim gradyanlar\u0131n\u0131n, biyotik s\u0131\u011f\u0131naklar\u0131n ve insan \u00e7abas\u0131n\u0131n bir araya geldi\u011fi bir arena olarak durur. K\u0131tasal \u00e7arp\u0131\u015fmayla \u00e7arp\u0131t\u0131lm\u0131\u015f eski \u015fistlerden 2.800 metrenin \u00fczerindeki ayd\u0131nl\u0131k berrakl\u0131\u011fa, kayal\u0131klara tutunan endemik \u00e7amlardan s\u0131rtlar\u0131 ve vadileri ge\u00e7en patika labirentlerine kadar, da\u011f s\u0131ras\u0131 co\u011frafi, bilimsel ve be\u015feri bir sorgulama s\u00fcreklili\u011fini emreder. Burada sadece kaya ve buzun de\u011fil, ayn\u0131 zamanda zekan\u0131n ve hayal g\u00fcc\u00fcn\u00fcn bir y\u00fcksekli\u011fi yatmaktad\u0131r: End\u00fcl\u00fcs semalar\u0131n\u0131n alt\u0131nda i\u00e7 i\u00e7e ge\u00e7mi\u015f do\u011fal tarih ve insan \u00f6zleminin zirvesi.<\/p>","protected":false},"excerpt":{"rendered":"<p>G\u00fcneydo\u011fu \u0130spanya&#039;n\u0131n b\u00fcy\u00fck Sierra Nevada s\u0131rada\u011flar\u0131nda bulunan Sierra Nevada Kayak \u0130stasyonu, insan yarat\u0131c\u0131l\u0131\u011f\u0131 ile do\u011fal g\u00fczellik aras\u0131ndaki uyumlu kar\u0131\u015f\u0131m\u0131n kan\u0131t\u0131d\u0131r. Granada eyaletinde bulunan bu \u00fcnl\u00fc kayak merkezi, \u0130spanya Yar\u0131madas\u0131&#039;n\u0131n \u00fc\u00e7\u00fcnc\u00fc en y\u00fcksek da\u011f\u0131 olan Veleta&#039;n\u0131n kuzeybat\u0131 yama\u00e7lar\u0131nda hakim bir konuma sahiptir. Pradollano tatil beldesi toplulu\u011fu, mevsimsel bir n\u00fcfusa ra\u011fmen y\u0131l boyunca y\u00fczlerce k\u0131\u015f sporu tutkununu ve do\u011fa severi a\u011f\u0131rlayan bu da\u011fl\u0131k b\u00f6lgenin enerjik merkezidir.<\/p>","protected":false},"author":1,"featured_media":4260,"parent":13090,"menu_order":0,"comment_status":"closed","ping_status":"closed","template":"elementor_theme","meta":{"_eb_attr":"","footnotes":""},"class_list":["post-13177","page","type-page","status-publish","has-post-thumbnail"],"_links":{"self":[{"href":"https:\/\/travelshelper.com\/tr\/wp-json\/wp\/v2\/pages\/13177","targetHints":{"allow":["GET"]}}],"collection":[{"href":"https:\/\/travelshelper.com\/tr\/wp-json\/wp\/v2\/pages"}],"about":[{"href":"https:\/\/travelshelper.com\/tr\/wp-json\/wp\/v2\/types\/page"}],"author":[{"embeddable":true,"href":"https:\/\/travelshelper.com\/tr\/wp-json\/wp\/v2\/users\/1"}],"replies":[{"embeddable":true,"href":"https:\/\/travelshelper.com\/tr\/wp-json\/wp\/v2\/comments?post=13177"}],"version-history":[{"count":0,"href":"https:\/\/travelshelper.com\/tr\/wp-json\/wp\/v2\/pages\/13177\/revisions"}],"up":[{"embeddable":true,"href":"https:\/\/travelshelper.com\/tr\/wp-json\/wp\/v2\/pages\/13090"}],"wp:featuredmedia":[{"embeddable":true,"href":"https:\/\/travelshelper.com\/tr\/wp-json\/wp\/v2\/media\/4260"}],"wp:attachment":[{"href":"https:\/\/travelshelper.com\/tr\/wp-json\/wp\/v2\/media?parent=13177"}],"curies":[{"name":"wp","href":"https:\/\/api.w.org\/{rel}","templated":true}]}}