{"id":13171,"date":"2024-09-17T13:46:53","date_gmt":"2024-09-17T13:46:53","guid":{"rendered":"https:\/\/travelshelper.com\/staging\/?page_id=13171"},"modified":"2026-03-12T23:42:33","modified_gmt":"2026-03-12T23:42:33","slug":"san-sebastian","status":"publish","type":"page","link":"https:\/\/travelshelper.com\/tr\/destinations\/europe\/spain\/san-sebastian\/","title":{"rendered":"San Sebasti\u00e1n"},"content":{"rendered":"<p>Donostia \/ San Sebasti\u00e1n, kendini hem bir deniz kap\u0131s\u0131 hem de Bask miras\u0131n\u0131n bir kalesi olarak sunuyor: Biskay K\u00f6rfezi&#039;nin g\u00fcneydo\u011fu k\u0131y\u0131lar\u0131nda, Fransa-\u0130spanya s\u0131n\u0131r\u0131ndan sadece yirmi kilometre uzakl\u0131kta bulunan bu eyalet ba\u015fkenti Gipuzkoa, nehir k\u0131y\u0131s\u0131ndaki sulak alanlar\u0131n \u0131slah\u0131 ve k\u0131y\u0131 teraslar\u0131yla \u015fekillenen kentsel bir ayak izine sahip; sakin toplulu\u011fu 2021 itibar\u0131yla 188.102 ki\u015fiye ula\u015f\u0131rken, daha geni\u015f metropol yerle\u015fim b\u00f6lgesi 2010 y\u0131l\u0131nda 436.500&#039;e ula\u015ft\u0131; burada, ister Euskara dilinde ister \u0130spanyolca konu\u015fulsun, donostiarra kendini tan\u0131mlama bi\u00e7imi, Bayonne-San Sebasti\u00e1n&#039;\u0131n ulus\u00f6tesi Eurocity a\u011f\u0131ndaki \u015fehrin rol\u00fcyle i\u00e7 i\u00e7e ge\u00e7en y\u00fczy\u0131llard\u0131r var olan bir yerel kimli\u011fe i\u015faret ediyor.<\/p>\n<p>El Antiguo manast\u0131r\u0131n\u0131n en eski orta\u00e7a\u011f s\u00f6zlerinden itibaren Donostia, tar\u0131msal mezradan m\u00fcstahkem yerle\u015fim yerine ve kozmopolit tatil beldesine kadar sosyoekonomik d\u00f6n\u00fc\u015f\u00fcm katmanlar\u0131 biriktirmi\u015ftir; ancak \u015fehrin hem gelene\u011fin koruyucusu hem de \u00e7a\u011fda\u015f de\u011fi\u015fimin merkezi olarak ikili karakteri, kal\u0131c\u0131 \u00e7ekicili\u011finin temelini olu\u015fturur. 1863&#039;teki kas\u0131tl\u0131 y\u0131k\u0131m\u0131na kadar savunma duvarlar\u0131 i\u00e7inde s\u0131n\u0131rland\u0131r\u0131lm\u0131\u015f olan yerle\u015fim, \u00f6nce Urumea&#039;n\u0131n a\u011fz\u0131na do\u011fru geni\u015fledi -\u015fimdi Gros olarak bilinen alan\u0131 do\u011furdu- ve daha sonra eski mahalleye biti\u015fik batakl\u0131klara do\u011fru geni\u015fledi ve Paris&#039;ten esinlenen pasajlar\u0131 ve Haussmann manzaralar\u0131 Rue de Rivoli ve Pont Alexandre III&#039;\u00fc yans\u0131tan ortogonal \u0131zgaral\u0131 Cortazar geli\u015fiminin y\u00fckselmesini sa\u011flad\u0131. Genellikle \u00f6l\u00e7\u00fcl\u00fc a\u015famalarda ger\u00e7ekle\u015ftirilen ve 1914&#039;te doru\u011fa ula\u015fan bu t\u00fcr kentsel ba\u015fkala\u015f\u0131mlar, i\u015flevselli\u011fi estetik ciddiyetle birle\u015ftiren planlama ilkelerine olan bir vatanda\u015f g\u00fcvenini yans\u0131t\u0131r.<\/p>\n<p>Bat\u0131da, bir zamanlar Parte Vieja&#039;y\u0131 koruyan silahl\u0131 bir siper olan Urgull burnu, \u015fimdi Eski Kent&#039;in iki kilise cemaatini \u00e7er\u00e7eveliyor -Santa Mar\u00eda ve San Vicente- bunlar\u0131n taraftarlar\u0131 hala joxemaritarrak ve koxkeroak olarak ay\u0131rt ediliyor, ikincisi on sekizinci y\u00fczy\u0131la kadar ba\u015flang\u0131\u00e7ta Gasconca konu\u015fuyordu. Portaletas kap\u0131s\u0131 ve sur kal\u0131nt\u0131lar\u0131, m\u00fcttefiklerin 1813&#039;teki y\u0131k\u0131m\u0131na sessiz n\u00f6bet\u00e7iler olarak duruyor, ard\u0131ndan yeniden yap\u0131lanma, bug\u00fcn k\u0131\u015flalar yerine ne\u015feli pintxo barlar\u0131na ev sahipli\u011fi yapan on dokuzuncu y\u00fczy\u0131l yap\u0131lar\u0131n\u0131 ba\u015flatt\u0131, m\u00fctevaz\u0131 bir bal\u0131k\u00e7\u0131 liman\u0131 ise Urgull&#039;un taban\u0131nda yer al\u0131yor, iki katl\u0131 bal\u0131k\u00e7\u0131 evleri, tepenin 1924&#039;teki askersizle\u015ftirilmesinin bir miras\u0131.<\/p>\n<p>Eski Kent&#039;in \u00f6tesinde, Antiguo b\u00f6lgesi, 1975&#039;e kadar kraliyet yazl\u0131k ikametgah\u0131 olan Miramar Saray\u0131&#039;ndan ve \u00e7evresinden a\u015fa\u011f\u0131 do\u011fru uzanan hafif yama\u00e7lar boyunca uzan\u0131r; burada, Cervezas El Le\u00f3n ve Suchard \u00e7ikolata fabrikalar\u0131 gibi on dokuzuncu y\u00fczy\u0131l end\u00fcstriyel i\u015fletmeleri, hizmet sekt\u00f6r\u00fcne ve ziyaret\u00e7i odakl\u0131 ticarete yer b\u0131rakmadan \u00f6nce \u00fccretli emek sa\u011fl\u0131yordu. Matia Kalea&#039;n\u0131n ortogonal ana caddesi bu mahalleyi ikiye b\u00f6lerek, sava\u015f sonras\u0131 kentsel yenilemenin manast\u0131r b\u00f6lgelerini nas\u0131l konut b\u00f6lgelerine d\u00f6n\u00fc\u015ft\u00fcrd\u00fc\u011f\u00fcne dair bir bak\u0131\u015f sunar.<\/p>\n<p>G\u00fcneyde, Amara Zaharra ve Amara Berri ikiz b\u00f6lgeleri \u015fehrin hidrolik m\u00fcdahalelerini \u00e7iziyor: ba\u015flang\u0131\u00e7ta nehrin sol yakas\u0131ndaki batakl\u0131klarla s\u0131n\u0131rlanan Amara Zaharra\u2014Plaza Easo&#039;da merkezlenmi\u015f\u2014kademeli olarak merkez \u015fehir manzaras\u0131yla birle\u015fti, 1940&#039;lardan itibaren Urumea&#039;n\u0131n kanalizasyonu, devlet dairelerinin ve i\u015f ofislerinin Avenida Sancho el Sabio ve Avenida de Madrid eksenlerini s\u0131ralad\u0131\u011f\u0131 Amara Berri&#039;nin daha b\u00fcy\u00fck yerle\u015fim yay\u0131l\u0131m\u0131 i\u00e7in verimli topraklar\u0131 \u00f6zg\u00fcrle\u015ftirdi. Burada, nehrin yirminci y\u00fczy\u0131l\u0131n ilk yar\u0131s\u0131nda yeniden y\u00f6nlendirilmesi yaln\u0131zca ta\u015fk\u0131n kontrol\u00fc sa\u011flamakla kalmad\u0131, ayn\u0131 zamanda Donostia&#039;n\u0131n g\u00fcney \u00e7evresini yeniden \u015fekillendiren demografik b\u00fcy\u00fcme i\u00e7in de ivme sa\u011flad\u0131.<\/p>\n<p>Kar\u015f\u0131 k\u0131y\u0131da, Gros, Zurriola Plaj\u0131&#039;n\u0131n \u00fczerinden denize bakan Kursaal Kongre Merkezi gibi k\u00fclt\u00fcrel simge yap\u0131lar\u0131n yerini ald\u0131\u011f\u0131, on dokuzuncu y\u00fczy\u0131l at\u00f6lyeleri ve ge\u00e7ici konutlar\u0131yla z\u0131t bir topografyaya sahip olarak kendini g\u00f6steriyor. Do\u011fuda, Bask dilindeki yer ad\u0131 hem k\u0131y\u0131y\u0131 hem de y\u00fcksekli\u011fi \u00e7a\u011fr\u0131\u015ft\u0131ran Egia b\u00f6lgesi, g\u00fcn\u00fcm\u00fczde \u00e7a\u011fda\u015f k\u00fclt\u00fcr\u00fcn merkezi olan d\u00f6n\u00fc\u015ft\u00fcr\u00fclm\u00fc\u015f Tabakalera t\u00fct\u00fcn fabrikas\u0131nda ge\u00e7mi\u015f bir end\u00fcstriyel d\u00f6nemin izlerini ortaya koyarken, Cristina Enea park\u0131 botanik miras\u0131n bir par\u00e7as\u0131n\u0131 koruyor. \u00d6tesinde, Anoeta stadyumunun ta\u015f\u0131nmas\u0131 kentsel yenilenmeyi anlat\u0131yor: eski futbol sahas\u0131, Polloe mezarl\u0131\u011f\u0131 G\u00fcney Intxaurrondo&#039;nun banliy\u00f6 b\u00fcy\u00fcmesine do\u011fru uzan\u0131rken konutlara yol a\u00e7t\u0131.<\/p>\n<p>\u015eehrin do\u011fu u\u00e7lar\u0131ndaki Intxaurrondo ve Altza, y\u00fczy\u0131l ortas\u0131 g\u00f6\u00e7\u00fcyle bunalm\u0131\u015f k\u0131rsal \u00f6nc\u00fcllerin paralel hikayelerini anlat\u0131r; on yedinci y\u00fczy\u0131l \u00e7iftlik evi olan Intxaurrondo Zar, konut alanlar\u0131 aras\u0131nda ulusal bir an\u0131t olarak varl\u0131\u011f\u0131n\u0131 s\u00fcrd\u00fcr\u00fcrken, 1910&#039;da bir \u00e7iftlik k\u00fcmesi olan Altza, 1970&#039;lerde g\u00f6kdelenlerden olu\u015fan y\u00fcksek yo\u011funluklu bir yerle\u015fim yerine d\u00f6n\u00fc\u015ft\u00fc ve n\u00fcfusu, m\u00fctevaz\u0131 bir daralmadan \u00f6nce otuz iki binin \u00fczerine \u00e7\u0131kt\u0131. Bu mahallelerde, sosyal altyap\u0131 in\u015fa edilmi\u015f \u00e7evrenin gerisinde kalmaktad\u0131r: Guardia Civil&#039;in tart\u0131\u015fmal\u0131 k\u0131\u015flalar\u0131 ve Zubieta&#039;daki (Donostia&#039;n\u0131n eksklav\u0131) at\u0131k yakma veya ceza tesisleri i\u00e7in yeni \u00f6neriler, end\u00fcstri sonras\u0131 kentselle\u015fmenin do\u011fas\u0131nda var olan gerginlikleri vurgular.<\/p>\n<p>Daha g\u00fcneyde, Ibaeta, eski fabrikalar\u0131n d\u00fczle\u015ftirilmi\u015f arazisini i\u015fgal eder, \u015fimdi konut bloklar\u0131 ve UPV-EHU&#039;nun yeni bir \u00fcniversite kamp\u00fcs\u00fc ile Donostia Uluslararas\u0131 Fizik Merkezi ve bir nanoteknoloji enstit\u00fcs\u00fc ile birlikte yer al\u0131r - bu kurumlar \u015fehrin bilgi ekonomilerine do\u011fru stratejik d\u00f6n\u00fc\u015f\u00fcn\u00fcn sembol\u00fcd\u00fcr. Nehrin g\u00fcneydo\u011fu koridorunda yer alan Loiola ve Riberas de Loiola, Ciudad Jard\u00edn&#039;in m\u00fcstakil evlerinin yeniden in\u015fa edilmi\u015f apartman bloklar\u0131yla tamamland\u0131\u011f\u0131, Martutene&#039;nin end\u00fcstriyel b\u00f6lgeleri ve \u00e7\u00fcr\u00fcyen hapishane kompleksinin ise altyap\u0131 yenilemesinin z\u0131t a\u015famalar\u0131n\u0131 vurgulad\u0131\u011f\u0131 \u00e7a\u011fda\u015f banliy\u00f6 tasar\u0131m\u0131n\u0131 g\u00f6sterir.<\/p>\n<p>Her \u015feyden \u00f6nce, Ulia ve park\u0131 ormanl\u0131k bir kar\u015f\u0131 nokta sunar: eski su depolar\u0131 ve fidanl\u0131klar, 1980&#039;lerden beri alt yama\u00e7larda yeni e\u011fitim ve k\u00fclt\u00fcr tesisleri in\u015fa edilmesine ra\u011fmen, Donostia&#039;n\u0131n kamu bah\u00e7elerini yirminci y\u00fczy\u0131l\u0131n b\u00fcy\u00fck b\u00f6l\u00fcm\u00fcnde s\u00fcrd\u00fcren belediye bah\u00e7ecilik program\u0131na tan\u0131kl\u0131k eder. \u015eehrin \u00e7evresinde, yirminci y\u00fczy\u0131l\u0131n ba\u015flar\u0131nda Cementos Rezola \u00e7al\u0131\u015fmalar\u0131n\u0131n geli\u015fiyle d\u00f6n\u00fc\u015ft\u00fcr\u00fclen A\u00f1orga \u00e7iftlikleri, end\u00fcstriyel d\u00f6nem konutlar\u0131n\u0131n ortas\u0131nda k\u0131rsal morfolojinin izlerini ta\u015f\u0131yan A\u00f1orga Haundi, A\u00f1orga-Txiki ve Rekalde olmak \u00fczere \u00fc\u00e7 par\u00e7al\u0131 bir alt b\u00f6l\u00fcm\u00fc destekler.<\/p>\n<p>Hidrografi, topo\u011frafya ve iklim, \u015fehrin g\u00fcnl\u00fck ritmini \u015fekillendirmek i\u00e7in bir araya geliyor: Kanalize bir yata\u011f\u0131n i\u00e7inde bulunan Urumea, yirminci y\u00fczy\u0131l\u0131n ba\u015flar\u0131nda kentsel b\u00fcy\u00fcmeyi kolayla\u015ft\u0131rmak i\u00e7in rotas\u0131 de\u011fi\u015ftirilen merkezi bir atardamar oyuyor; Biskay K\u00f6rfezi ise Ocak ay\u0131nda ortalama 8,9 \u00b0C olan serin k\u0131\u015flar ve A\u011fustos ay\u0131nda 21,5 \u00b0C&#039;ye ula\u015fan s\u0131cak yazlarla belirgin bir okyanus iklimi sunuyor; mevsimlere olduk\u00e7a e\u015fit da\u011f\u0131lm\u0131\u015f, ancak daha g\u00fcne\u015fli aylarda biraz azalan yakla\u015f\u0131k 1.650 mm&#039;lik y\u0131ll\u0131k ya\u011f\u0131\u015f, bulutlu g\u00f6ky\u00fcz\u00fcne ve \u0131l\u0131ml\u0131 s\u0131cakl\u0131klara do\u011fru bir meteorolojik e\u011filimin alt\u0131n\u0131 \u00e7iziyor ve Donostia&#039;ya parklar\u0131n\u0131 ve gezinti yerlerini dolduran yemye\u015fil bir ortam kazand\u0131r\u0131yor.<\/p>\n<p>Ula\u015f\u0131m altyap\u0131s\u0131 Donostia&#039;n\u0131n b\u00f6lgesel ba\u011flant\u0131 noktas\u0131 rol\u00fcn\u00fc g\u00fc\u00e7lendiriyor: Euskotren&#039;in Trena a\u011f\u0131 \u015fehri Bilbao ve yerel metroyla birbirine ba\u011flarken, Renfe&#039;nin Cercan\u00edas&#039;\u0131 metropol halkas\u0131n\u0131 hizmet ediyor; Gustave Eiffel&#039;in metal \u00e7at\u0131s\u0131 alt\u0131nda 1864&#039;te a\u00e7\u0131lan ana tren istasyonu, bir yeralt\u0131 otob\u00fcs terminalinin, Maria Cristina K\u00f6pr\u00fcs\u00fc&#039;n\u00fcn (Pont Alexandre III&#039;e bir \u00f6vg\u00fc) biti\u015fi\u011finde yer al\u0131yor ve Ula\u015f\u0131m Merkezlerini tarihi merkezle birbirine ba\u011fl\u0131yor. S\u0131k seferler Madrid&#039;e ve s\u0131n\u0131r\u0131n \u00f6tesindeki Hendaye&#039;ye kadar uzan\u0131yor ve Fransa&#039;n\u0131n ulusal demiryolu \u015febekesine ba\u011flan\u0131yor; Hondarribia havaalan\u0131 ve daha uzakta Bilbao (98 km uzakl\u0131kta) ve Biarritz (50 km uzakl\u0131kta) \u00fczerinden hava ba\u011flant\u0131lar\u0131 ise uluslararas\u0131 eri\u015filebilirli\u011fi s\u00fcrd\u00fcr\u00fcyor.<\/p>\n<p>Ekonomik a\u00e7\u0131dan bak\u0131ld\u0131\u011f\u0131nda, Donostia&#039;n\u0131n k\u00fc\u00e7\u00fck \u015fehir boyutlar\u0131, ticareti ve turizmi dikkate de\u011fer bir canl\u0131l\u0131kla y\u00f6neten bir hizmet sekt\u00f6r\u00fcn\u00fc gizliyor: Belediyenin mali profili, misafirperverli\u011fe ve perakendeye olan ba\u011f\u0131ml\u0131l\u0131\u011f\u0131 ortaya koyuyor, ancak elli y\u0131ldan uzun bir s\u00fcre \u00f6nce kurulan Uluslararas\u0131 Film Festivali ve Temmuz ay\u0131 sonlar\u0131nda uzun s\u00fcredir devam eden Jazzaldia festivali gibi etkinlikler, \u015fehre co\u011frafi ayak izini \u00e7ok a\u015fan uluslararas\u0131 bir boyut kazand\u0131r\u0131yor. Wroc\u0142aw ile payla\u015f\u0131lan 2016 Avrupa K\u00fclt\u00fcr Ba\u015fkenti unvan\u0131, Donostia&#039;n\u0131n k\u00fclt\u00fcrel itibar\u0131n\u0131 daha da art\u0131rarak sinema, m\u00fczik ve yerel gelenekleri kapsayan bir festival takvimine katk\u0131da bulundu.<\/p>\n<p>Sinematik ba\u011fl\u0131l\u0131k ana festivalin \u00f6tesine, ni\u015f bulu\u015fmalara kadar uzan\u0131r: Kentsel ve \u00e7a\u011fda\u015f g\u00f6rsel-i\u015fitsel sanata adanm\u0131\u015f Street Zinema Festivali; her Ekim ay\u0131nda d\u00fczenlenen Korku ve Fantezi Film Festivali; ve s\u00f6rf temal\u0131 k\u0131sa filmlere \u0131\u015f\u0131k tutan Surfilm Festivali. Bu t\u00fcr etkinlikler, Bask etnografyas\u0131 ve modern sergi uygulamalar\u0131n\u0131n bir arada var oldu\u011fu ve b\u00f6lgenin gelenekleri ve y\u00f6r\u00fcngeleri hakk\u0131nda y\u0131l boyunca ara\u015ft\u0131rma sunan San Telmo Museoa gibi kurumlar\u0131 tamamlayan \u00e7ok sesli bir sanat sahnesini yans\u0131t\u0131r.<\/p>\n<p>Ancak belki de Donostia&#039;n\u0131n kimli\u011fi en elle tutulur \u015fekilde Bask gastronomisinin g\u00fcnl\u00fck rit\u00fcellerinde ortaya \u00e7\u0131kar. \u015eehrin tam merkezinde Arzak, Lasarte&#039;de Berasategui, Igeldo yama\u00e7lar\u0131nda Akelarre ve yak\u0131ndaki Errenteria&#039;da Mugaritz olmak \u00fczere d\u00f6rt Michelin y\u0131ld\u0131zl\u0131 i\u015fletmeye ev sahipli\u011fi yapan Donostia, ki\u015fi ba\u015f\u0131na d\u00fc\u015fen Michelin ayr\u0131cal\u0131klar\u0131nda k\u00fcresel olarak ikinci s\u0131rada yer al\u0131r ve yaln\u0131zca Kyoto taraf\u0131ndan ge\u00e7ilir. 2013&#039;te, The World&#039;s 50 Best Restaurants&#039;a g\u00f6re d\u00fcnyan\u0131n en iyi on restoran\u0131ndan ikisi \u00e7evresinde yer al\u0131rken, pintxo k\u00fclt\u00fcr\u00fc (Eski \u015eehir barlar\u0131nda servis edilen k\u00fc\u00e7\u00fck, \u00f6zenle d\u00fczenlenmi\u015f mezeler) yerel malzemelere ve toplumsal ne\u015feye de\u011fer veren ne\u015feli bir mutfak gelene\u011fini kapsar. Gastronomi alan\u0131nda \u00fcniversite derecesi veren d\u00fcnyan\u0131n ilk kurumu olan Bask Mutfak Merkezi, \u015fehrin gastronomi alan\u0131ndaki bilimsel \u00e7al\u0131\u015fmalar\u0131n kulu\u00e7ka merkezi rol\u00fcn\u00fc vurgularken, en eski kay\u0131tl\u0131 tarihi 1870&#039;lere dayanan tat topluluklar\u0131 veya txokos&#039;lar\u0131n soyunu da s\u00fcrd\u00fcr\u00fcyor.<\/p>\n<p>Bu gastronomik u\u011fra\u015flar\u0131n \u00fczerine, toplumsal haf\u0131zay\u0131 ve mevsimsel d\u00f6ng\u00fcleri dile getiren bir toplumsal kutlama takvimi eklenmi\u015ftir. 20 Ocak gecesi, Tamborrada ba\u015flar: Belediye ba\u015fkan\u0131 belediye bayra\u011f\u0131n\u0131 \u00e7ekerken Anayasa Meydan\u0131&#039;nda davullar yank\u0131lan\u0131r ve d\u00f6nem \u015fefi veya asker k\u0131yafetleri giymi\u015f kat\u0131l\u0131mc\u0131lar taraf\u0131ndan yirmi d\u00f6rt saat boyunca aral\u0131ks\u0131z perk\u00fcsyon ba\u015flat\u0131l\u0131r; bu rit\u00fcel, on sekizinci y\u00fczy\u0131l kilise alaylar\u0131ndan, on dokuzuncu y\u00fczy\u0131lda Raimundo Sarriegui&#039;nin besteleri ve askeri tarzda \u00fcniformalarla tamamlanan resmi bir g\u00f6steriye d\u00f6n\u00fc\u015f\u00fcr; tarihi txokos&#039;taki \u00f6zel toplant\u0131lar, davullar sustuktan uzun s\u00fcre sonra bile festivalin ne\u015feli ruhunu s\u00fcrd\u00fcr\u00fcr.<\/p>\n<p>A\u011fustos ortas\u0131nda, La Semana Grande veya Aste Nagusia, uluslararas\u0131 tugaylar\u0131 \u00e7eken gece havai fi\u015fek yar\u0131\u015fmalar\u0131yla La Concha K\u00f6rfezi&#039;ni canland\u0131r\u0131r; orkestra performanslar\u0131 ve gigantes ve cabezudos alaylar\u0131 kamusal alanlar\u0131 s\u00fcslerken, kalabal\u0131klar hem pop\u00fcler \u015fenli\u011fi hem de k\u00fcresel g\u00f6steriyi bir araya getirme kapasitesini vurgulayan toplu bir t\u00f6renle gezinti yolu boyunca toplan\u0131r. Eyl\u00fcl ay\u0131n\u0131n ba\u015flar\u0131ndaki Bask Haftas\u0131, bertsolaris&#039;leri (do\u011fa\u00e7lama \u015fairler) ve ta\u015f kald\u0131rma ve \u00f6k\u00fcz s\u00fcr\u00fckleme gibi k\u0131rsal sporlar\u0131n g\u00f6sterilerini \u00e7a\u011f\u0131r\u0131r ve k\u0131y\u0131 tak\u0131mlar\u0131n\u0131n ince g\u00f6vdeleri deniz miras\u0131n\u0131n bir kan\u0131t\u0131 olarak k\u00f6rfezin sular\u0131n\u0131 yaran teknelerde yar\u0131\u015ft\u0131\u011f\u0131 La Concha regattas\u0131yla doru\u011fa ula\u015f\u0131r.<\/p>\n<p>Daha sessiz aral\u0131klarda, Ocak sonu veya \u015eubat ba\u015f\u0131nda Santa Ageda Bezpera mahalleleri \u015fark\u0131larla ve k\u00f6yl\u00fc \u015f\u0131kl\u0131\u011f\u0131yla sopa vuru\u015flar\u0131yla canland\u0131r\u0131r, performans\u0131 topluluk kar\u015f\u0131l\u0131kl\u0131l\u0131\u011f\u0131yla birle\u015ftiren bir uygulamada m\u00fctevaz\u0131 sadakalar toplar. \u015eubat ay\u0131n\u0131n ilk cumartesi g\u00fcn\u00fc d\u00fczenlenen Caldereros festivali Karnaval ruhunu \u00e7a\u011fr\u0131\u015ft\u0131r\u0131r: Roman tamircileri gibi giyinmi\u015f gruplar, tencerelerdeki ka\u015f\u0131klar\u0131n \u015fang\u0131rt\u0131s\u0131yla kentsel sokaklar\u0131 noktalayarak, belediye e\u015fli\u011finde Belediye Binas\u0131&#039;nda bir araya gelirler. 21 Aral\u0131k&#039;ta Santo Tom\u00e1s merkezi a\u00e7\u0131k hava pazar\u0131na d\u00f6n\u00fc\u015ft\u00fcr\u00fcr: b\u00f6lgesel \u00fcr\u00fcnler tezgahlar\u0131, elma \u015farab\u0131nda y\u0131kanm\u0131\u015f txistorra ile doldurulmu\u015f talo pideleri ve Plaza Constitucion&#039;daki canl\u0131 bir domuzun \u00e7ekili\u015fi, kentsel \u00e7evreler aras\u0131nda tar\u0131msal ba\u011flar\u0131 yeniden teyit eder. Son olarak, Noel arifesinde, Olentzero&#039;nun (simgesel bir k\u00f6m\u00fcr \u00fcreticisi) fig\u00fcr\u00fc, bazen say\u0131lar\u0131 \u00e7a\u011fda\u015f toplumsal nedenleri yans\u0131tacak \u015fekilde artan, pagan folklorunu H\u0131ristiyan kutlamalar\u0131yla harmanlayan geleneksel k\u0131yafetler i\u00e7indeki ilahi \u015fark\u0131c\u0131lar\u0131n\u0131n e\u015fli\u011finde \u015fehir sokaklar\u0131nda y\u00fcr\u00fcr.<\/p>\n<p>B\u00f6ylece, Donostia \/ San Sebasti\u00e1n kendini kentsel bir palimpsest olarak ortaya koyuyor: nehir y\u00f6n de\u011fi\u015ftirmeleri, geri kazan\u0131lm\u0131\u015f sulak alanlar ve tepe tahkimatlar\u0131ndan olu\u015fan fiziksel formu, davullar\u0131n g\u00f6steri\u015flili\u011fi ile pintxo sanat\u0131n\u0131n incelikleri aras\u0131nda de\u011fi\u015fen festivallerle yaz\u0131lm\u0131\u015f k\u00fclt\u00fcrel kimli\u011fi, hizmetlere dayal\u0131 ancak film, m\u00fczik ve gastronomiye olan ba\u011fl\u0131l\u0131klarla geni\u015fletilmi\u015f ekonomisi. Her caddede -ister Buen Pastor Meydan\u0131&#039;n\u0131n kemerli geni\u015fli\u011fi, ister Amara Berri&#039;nin modern caddeleri olsun- tarih ve yenili\u011fin etkile\u015fimini, Bask k\u00f6kenlerine sayg\u0131 g\u00f6sterirken k\u00f6rfezin \u00f6tesindeki d\u00fcnyayla etkile\u015fime giren bir medeni ahlak\u0131 alg\u0131layabilirsiniz. Hem \u00f6l\u00e7e\u011fiyle samimi hem de k\u00fclt\u00fcrel h\u0131rs\u0131yla geni\u015fleyen b\u00f6yle bir \u015fehir, hem toplumsal kimli\u011fi hem de uluslararas\u0131 diyalo\u011fu \u015fekillendirmek i\u00e7in yerin g\u00fcc\u00fcn\u00fc vurgular.<\/p>","protected":false},"excerpt":{"rendered":"<p>San Sebasti\u00e1n, resmen Donostia \/ San Sebasti\u00e1n olarak bilinir, \u0130spanya&#039;n\u0131n Bask \u00d6zerk Toplulu\u011fu&#039;nda sakl\u0131 b\u00fcy\u00fcleyici bir k\u0131y\u0131 \u015fehridir. Muhte\u015fem Biskay K\u00f6rfezi&#039;nde yer alan bu enerjik kasaban\u0131n n\u00fcfusu 2021 itibar\u0131yla 188.102&#039;dir; 2010&#039;daki metropol alan\u0131 430.500 ki\u015fiyi i\u00e7eriyordu. Fransa-\u0130spanya s\u0131n\u0131r\u0131na sadece yirmi kilometre uzakl\u0131ktaki \u015fehrin stratejik konumu, zengin k\u00fclt\u00fcrel dokusunu ve ticari \u00f6nemini olu\u015fturmada \u00f6nemli olmu\u015ftur.<\/p>","protected":false},"author":1,"featured_media":2876,"parent":13090,"menu_order":0,"comment_status":"closed","ping_status":"closed","template":"elementor_theme","meta":{"_eb_attr":"","footnotes":""},"class_list":["post-13171","page","type-page","status-publish","has-post-thumbnail"],"_links":{"self":[{"href":"https:\/\/travelshelper.com\/tr\/wp-json\/wp\/v2\/pages\/13171","targetHints":{"allow":["GET"]}}],"collection":[{"href":"https:\/\/travelshelper.com\/tr\/wp-json\/wp\/v2\/pages"}],"about":[{"href":"https:\/\/travelshelper.com\/tr\/wp-json\/wp\/v2\/types\/page"}],"author":[{"embeddable":true,"href":"https:\/\/travelshelper.com\/tr\/wp-json\/wp\/v2\/users\/1"}],"replies":[{"embeddable":true,"href":"https:\/\/travelshelper.com\/tr\/wp-json\/wp\/v2\/comments?post=13171"}],"version-history":[{"count":0,"href":"https:\/\/travelshelper.com\/tr\/wp-json\/wp\/v2\/pages\/13171\/revisions"}],"up":[{"embeddable":true,"href":"https:\/\/travelshelper.com\/tr\/wp-json\/wp\/v2\/pages\/13090"}],"wp:featuredmedia":[{"embeddable":true,"href":"https:\/\/travelshelper.com\/tr\/wp-json\/wp\/v2\/media\/2876"}],"wp:attachment":[{"href":"https:\/\/travelshelper.com\/tr\/wp-json\/wp\/v2\/media?parent=13171"}],"curies":[{"name":"wp","href":"https:\/\/api.w.org\/{rel}","templated":true}]}}