{"id":13090,"date":"2024-09-17T12:22:17","date_gmt":"2024-09-17T12:22:17","guid":{"rendered":"https:\/\/travelshelper.com\/staging\/?page_id=13090"},"modified":"2026-03-12T23:26:32","modified_gmt":"2026-03-12T23:26:32","slug":"ispanya","status":"publish","type":"page","link":"https:\/\/travelshelper.com\/tr\/destinations\/europe\/spain\/","title":{"rendered":"\u0130spanya"},"content":{"rendered":"<p>\u0130spanya, G\u00fcney ve Bat\u0131 Avrupa&#039;da 505.992 kilometrekarelik bir alana yay\u0131lm\u0131\u015f olup, egemenli\u011fini \u0130ber Yar\u0131madas\u0131&#039;n\u0131n \u00e7o\u011funlu\u011funa, Balear ve Kanarya tak\u0131madalar\u0131na ve Kuzey Afrika&#039;daki \u00f6zerk Ceuta ve Melilla b\u00f6lgelerine kadar geni\u015fletmi\u015ftir. 2025 itibar\u0131yla tahmini n\u00fcfusu 49.153.849 olan \u0130spanya, Avrupa Birli\u011fi&#039;nin d\u00f6rd\u00fcnc\u00fc b\u00fcy\u00fck n\u00fcfusa sahip \u00fcyesidir. Ba\u015fkenti Madrid, Barselona, \u200b\u200bValensiya, Sevilla, Zaragoza, Malaga, Murcia ve Palma de Mallorca gibi \u00fclkenin dinamik demografik yap\u0131s\u0131na katk\u0131da bulunan b\u00fcy\u00fck \u015fehirlerin bir araya geldi\u011fi bir \u015fehirdir.<\/p>\n<p>Avrupa ve Afrika&#039;y\u0131 kapsayan k\u0131talararas\u0131 bir siyasi yap\u0131 olarak ilk haritalanmas\u0131ndan bu yana, \u0130spanya&#039;n\u0131n topografyas\u0131 hem haritac\u0131lar hem de gezginler aras\u0131nda kal\u0131c\u0131 bir hayranl\u0131k uyand\u0131rm\u0131\u015ft\u0131r; orada, Pireneler Fransa ve Andorra ile zorlu bir kuzeydo\u011fu s\u0131n\u0131r\u0131n\u0131 \u00e7izerken, bat\u0131da 1.214 kilometrelik uzun, kesintisiz bir s\u0131n\u0131r Portekiz ile ortak s\u0131n\u0131r\u0131n\u0131 tan\u0131mlar. Sistema Central taraf\u0131ndan b\u00f6l\u00fcnen y\u00fcksek platolar\u0131 olan \u0130ber Masifi, kuzeyde Kantabria S\u0131rada\u011flar\u0131&#039;na ve g\u00fcneyde Baetic Sistemi&#039;ne kademeli olarak teslim olur; burada 3.478 metrelik Mulhac\u00e9n zirvesi ve 3.718 metrelik aktif volkanik Teide zirvesi jeolojik g\u00fc\u00e7lerin an\u0131tsal vasiyetleri olarak durmaktad\u0131r. Tejo, Ebro, Guadiana ve Guadalquivir gibi nehirler, en b\u00fcy\u00fc\u011f\u00fc End\u00fcl\u00fcs&#039;\u00fcn her taraf\u0131nda bulunan verimli vadiler ve al\u00fcvyonlu ovalar olu\u015fturur ve bu ovalar, ard\u0131\u015f\u0131k medeniyetlerin ayakta kalmas\u0131n\u0131 sa\u011flayan bir su yollar\u0131 a\u011f\u0131yla topra\u011f\u0131 birbirine ba\u011flar; bunlar\u0131n \u00f6tesinde Balear Denizi ve Atlas Okyanusu&#039;nun da\u011f\u0131n\u0131k adalar\u0131 uzan\u0131r; bunlar\u0131n aras\u0131nda Mallorca, Menorca, Tenerife, Gran Canaria, Lanzarote ve Fuerteventura bulunur; her biri, \u0130spanyol Anayasas\u0131&#039;n\u0131n ada \u00f6zelliklerini tan\u0131mas\u0131n\u0131 yans\u0131tan \u00f6zerk y\u00f6netim yap\u0131lar\u0131na sahiptir.<\/p>\n<p>\u0130klimsel olarak \u0130spanya, hem End\u00fcl\u00fcs, Ekstremadura ve i\u00e7 Kastilya&#039;n\u0131n s\u0131cak yaz (Csa) b\u00f6lgelerinde hem de kuzey-orta platolar\u0131n ve Gali\u00e7ya&#039;n\u0131n ya\u011fmurla s\u00fcp\u00fcr\u00fclm\u00fc\u015f alanlar\u0131n\u0131n s\u0131cak yaz (Csb) b\u00f6lgelerinde g\u00f6r\u00fclen bask\u0131n Akdeniz tipinin \u00e7arp\u0131c\u0131 bir dizi b\u00f6lgeyi b\u00fcnyesinde bar\u0131nd\u0131rmaktad\u0131r; yar\u0131 kurak alanlar g\u00fcneydo\u011fu Murcia ve Valensiya topraklar\u0131n\u0131 kapsarken, okyanus Cfb rejimi yemye\u015fil Bask \u00dclkesi, Kantabria, Asturias ve Gali\u00e7ya ve Navarra&#039;n\u0131n baz\u0131 k\u0131s\u0131mlar\u0131n\u0131 \u0131l\u0131ml\u0131 hale getirir. Daha y\u00fcksek rak\u0131mlarda, alpin ve k\u0131tasal varyantlar kendini g\u00f6sterir ve en so\u011fuk aylar\u0131 ortalama 18 \u00b0C&#039;nin \u00fczerinde olan Kanarya Adalar\u0131&#039;n\u0131n kurak ovalar\u0131 tropikal bir duyarl\u0131l\u0131\u011fa yakla\u015f\u0131r ancak hakim kurakl\u0131k nedeniyle kurak s\u0131n\u0131rlar i\u00e7inde s\u0131n\u0131fland\u0131r\u0131lmaya devam eder. \u0130klimsel de\u011fi\u015fimlere ili\u015fkin artan endi\u015feler, \u0130spanya&#039;y\u0131 enerji d\u00f6n\u00fc\u015f\u00fcm\u00fcnde g\u00fcne\u015f ve r\u00fczgar kaynaklar\u0131na y\u00f6neltti. Bu ge\u00e7i\u015fin arkas\u0131nda, daha s\u0131k s\u0131cak hava dalgalar\u0131, daha \u015fiddetli kurakl\u0131k d\u00f6nemleri ve tar\u0131msal d\u00fczenleri ve hidrolojik dengeleri yeniden tan\u0131mlayabilecek su kaynaklar\u0131 \u00fczerindeki bask\u0131lar yat\u0131yor.<\/p>\n<p>\u0130spanya, 1978 Anayasas\u0131&#039;n\u0131n ilan edilmesinden bu yana, Kral VI. Felipe ba\u015fkanl\u0131\u011f\u0131ndaki anayasal monar\u015fi alt\u0131nda laik bir parlamenter demokrasiye d\u00f6n\u00fc\u015ft\u00fc. Bu &#034;\u00d6zerklikler Devleti&#034;, on yedi \u00f6zerk toplulu\u011fa ve iki \u00f6zerk \u015fehre geni\u015f yasama ve y\u00fcr\u00fctme \u00f6zerkli\u011fi veriyor ve baz\u0131lar\u0131 (\u00f6zellikle Bask B\u00f6lgesi ve Navarra) resmi t\u00fcz\u00fcklere dayanan tam mali ayr\u0131cal\u0131klar\u0131 koruyor. Eyaletlere ve daha sonra belediyelere organize olan her topluluk, sa\u011fl\u0131k hizmeti ve e\u011fitimi y\u00f6netiyor ve birka\u00e7 durumda \u00f6zel polis g\u00fc\u00e7lerine komuta ediyor (aralar\u0131nda Bask B\u00f6lgesi&#039;nin Ertzaintza&#039;s\u0131, Katalonya&#039;n\u0131n Mossos d&#039;Esquadra&#039;s\u0131 ve Polic\u00eda Canaria da var) ve \u0130spanya&#039;n\u0131n olduk\u00e7a merkezsizle\u015ftirilmi\u015f y\u00f6netimini tan\u0131mlayan asimetrik devri vurguluyor. Buna ra\u011fmen, birlik ve b\u00f6lgesel \u00e7e\u015fitlili\u011fi dengelemek i\u00e7in tasarlanm\u0131\u015f sa\u011flam bir anayasal \u00e7er\u00e7eve taraf\u0131ndan desteklenen ulusal yetkiler devam ediyor.<\/p>\n<p>Ekonomik olarak \u0130spanya, nominal gayri safi yurt i\u00e7i has\u0131laya g\u00f6re k\u00fcresel olarak on ikinci s\u0131rada yer almaktad\u0131r -y\u0131ll\u0131k bir trilyon dolar\u0131 a\u015farak- ve avro b\u00f6lgesi i\u00e7inde d\u00f6rd\u00fcnc\u00fc b\u00fcy\u00fck ekonomi olarak s\u0131ralanmaktad\u0131r. Sosyal refah h\u00fck\u00fcmlerini ve stratejik devlet m\u00fcdahalesini i\u00e7eren karma bir pazar paradigmas\u0131, otomotiv sekt\u00f6r\u00fcn\u00fcn ihracat y\u00f6nelimini temsil etti\u011fi \u00e7e\u015fitli bir end\u00fcstriyel temeli desteklemektedir: \u0130spanya 2023&#039;te 2,45 milyon ara\u00e7 \u00fcretmi\u015f, 2,1 milyondan fazla birim ihra\u00e7 etmi\u015f ve ulusal ihracat\u0131n &#039;ini olu\u015fturmu\u015ftur; ortaya \u00e7\u0131kan 18,8 milyar avroluk d\u0131\u015f fazla, sekt\u00f6r\u00fcn yakla\u015f\u0131k iki milyon i\u015fe veya i\u015f g\u00fcc\u00fcn\u00fcn yakla\u015f\u0131k %9&#039;una verdi\u011fi deste\u011fi g\u00fc\u00e7lendirmi\u015ftir. E\u015f zamanl\u0131 olarak, \u0130spanya&#039;n\u0131n Uluslararas\u0131 Para Fonu taraf\u0131ndan geli\u015fmi\u015f ekonomi s\u0131n\u0131fland\u0131rmas\u0131 ve D\u00fcnya Bankas\u0131 taraf\u0131ndan y\u00fcksek gelirli olarak belirlenmesi istikrarl\u0131 bir geni\u015flemeyi yans\u0131tmaktad\u0131r; ger\u00e7ekten de, 2024&#039;te daha geni\u015f avro b\u00f6lgesinin neredeyse d\u00f6rt kat\u0131 b\u00fcy\u00fcme oranlar\u0131yla d\u00fcnya \u00e7ap\u0131nda en h\u0131zl\u0131 b\u00fcy\u00fcyen b\u00fcy\u00fck geli\u015fmi\u015f ekonomi olarak ortaya \u00e7\u0131km\u0131\u015ft\u0131r.<\/p>\n<p>Turizm, \u0130spanya&#039;n\u0131n 2024&#039;te \u015fa\u015f\u0131rt\u0131c\u0131 bir \u015fekilde 94 milyon ziyaret\u00e7iyi a\u011f\u0131rlamas\u0131 ve yakla\u015f\u0131k 126 milyar avro uluslararas\u0131 turist geliri elde etmesiyle ulusal gelirin hayati bir s\u00fctununu olu\u015fturur. Akdeniz ve Atlantik&#039;i kaplayan g\u00fcne\u015f \u00f6p\u00fcc\u00fc\u011f\u00fc k\u0131y\u0131 \u015feritleri, mimari mirasla dolu tarihi \u015fehirler ve iyi geli\u015fmi\u015f ula\u015f\u0131m altyap\u0131s\u0131 gibi \u00e7ok say\u0131da cazibesi, \u0130spanya&#039;y\u0131 k\u00fcresel turist var\u0131\u015flar\u0131nda yaln\u0131zca Fransa&#039;n\u0131n ard\u0131ndan ikinci s\u0131raya ta\u015f\u0131d\u0131. Merkezi Madrid&#039;de bulunan D\u00fcnya Turizm \u00d6rg\u00fct\u00fc, \u0130spanya&#039;n\u0131n k\u00fcresel seyahat s\u00f6ylemindeki merkezi konumunun kan\u0131t\u0131 olarak durmaktad\u0131r. Yaz aylar\u0131, Granada&#039;daki Elhamra ve Kordoba&#039;daki Mezquita gibi End\u00fcl\u00fcs an\u0131tlar\u0131na yo\u011fun kalabal\u0131klar \u00e7ekse de, sezon d\u0131\u015f\u0131 seyahatler daha \u0131l\u0131man iklimler ve daha az ziyaret\u00e7i hacmi arayanlar\u0131 \u00f6d\u00fcllendirir ve an\u0131tsal alanlarla ve i\u00e7 kesimlerdeki engebeli \u00fcz\u00fcm ba\u011flar\u0131yla tefekk\u00fcrl\u00fc bir etkile\u015fime izin verir.<\/p>\n<p>\u0130spanya&#039;n\u0131n ula\u015f\u0131m a\u011f\u0131 Avrupa&#039;da \u00f6nc\u00fc olmaya devam ediyor ve k\u0131tan\u0131n en uzun y\u00fcksek h\u0131zl\u0131 demir yolu hatlar\u0131na sahip -\u015eubat 2025 itibar\u0131yla 3.973 kilometre- Madrid, Barselona, \u200b\u200bValensiya, Sevilla, Malaga ve Zaragoza&#039;y\u0131 330 km\/saate yakla\u015fan i\u015fletme h\u0131zlar\u0131nda birbirine ba\u011fl\u0131yor. K\u00fcresel akranlar\u0131 aras\u0131nda yaln\u0131zca \u00c7in&#039;in a\u011f\u0131 uzunluk a\u00e7\u0131s\u0131ndan \u0130spanya&#039;n\u0131nkini ge\u00e7iyor ve \u0130spanyol y\u00fcksek h\u0131zl\u0131 hizmetinin me\u015fhur dakikli\u011fi -y\u00fczde 98,5 zaman\u0131nda performans- yaln\u0131zca Japonya&#039;n\u0131n Shinkansen&#039;inden sonra ikinci s\u0131rada yer al\u0131yor. Merkezi olarak koordine edilen yol sistemi, Madrid&#039;den alt\u0131 ana otoyolla yay\u0131l\u0131yor ve Atlantik, Kantabria ve Akdeniz k\u0131y\u0131lar\u0131n\u0131 izleyen ana yollarla destekleniyor. Havac\u0131l\u0131k altyap\u0131s\u0131 47 kamu havaalan\u0131ndan olu\u015fuyor ve Madrid-Barajas 2023&#039;te 60 milyon yolcuya hizmet veriyor -d\u00fcnyada on be\u015finci ve Avrupa Birli\u011fi&#039;nde \u00fc\u00e7\u00fcnc\u00fc s\u0131rada- ve Barselona-El Prat 50 milyon yolcuya ev sahipli\u011fi yap\u0131yor.<\/p>\n<p>Demografik olarak, \u0130spanya&#039;n\u0131n kilometrekare ba\u015f\u0131na 97 ki\u015filik n\u00fcfus yo\u011funlu\u011fu, \u00e7o\u011fu Bat\u0131 Avrupa \u00fclkesinin gerisinde kalmaktad\u0131r ve da\u011f\u0131l\u0131m\u0131 b\u00fcy\u00fck \u00f6l\u00e7\u00fcde k\u0131y\u0131 koridorlar\u0131na ve Madrid kentle\u015fmesine do\u011fru a\u011f\u0131rl\u0131k vermektedir. Ancak do\u011furganl\u0131k oranlar\u0131, 2023 itibar\u0131yla kad\u0131n ba\u015f\u0131na 1,12 \u00e7ocu\u011fa d\u00fc\u015fm\u00fc\u015ft\u00fcr; bu, n\u00fcfusun yenilenme seviyelerinin \u00e7ok alt\u0131ndad\u0131r ve \u0130spanya&#039;ya 43,1 y\u0131ll\u0131k ortalama ya\u015fla d\u00fcnyan\u0131n en ya\u015fl\u0131 n\u00fcfuslar\u0131ndan birini kazand\u0131rmaktad\u0131r. Yerli \u0130spanyollar, sakinlerin yakla\u015f\u0131k ,7&#039;sini olu\u015ftururken, n\u00fcfusun &#039;undan fazlas\u0131n\u0131 olu\u015fturan g\u00f6\u00e7menler esas olarak Latin Amerika&#039;dan (), Kuzey Afrika&#039;dan () ve Do\u011fu Avrupa&#039;dan () gelmektedir ve Sahra Alt\u0131 Afrika ve Asya&#039;dan ek giri\u015fler vard\u0131r. Uzun s\u00fcredir devam eden diaspora ba\u011flar\u0131 ve k\u00fclt\u00fcrel \u00e7o\u011fulculukla zenginle\u015fen bu demografik mozaik, \u0130spanya&#039;n\u0131n kentsel merkezlerine dilsel, mutfaksal ve sosyal \u00e7e\u015fitlilik kazand\u0131rm\u0131\u015ft\u0131r.<\/p>\n<p>\u0130spanya&#039;n\u0131n k\u00fclt\u00fcrel dokusu binlerce y\u0131ll\u0131k dini, emperyal ve sanatsal ak\u0131mlarla i\u00e7 i\u00e7e ge\u00e7mi\u015ftir. Yar\u0131madan\u0131n orta\u00e7a\u011f ve modern kimli\u011finin merkezinde yer alan Katolik Kilisesi, katedraller, manast\u0131rlar ve alay geleneklerinden olu\u015fan bir mimari miras b\u0131rakm\u0131\u015ft\u0131r. Ma\u011fribi etkileri, \u00f6zellikle La Alhambra olmak \u00fczere al\u00e7\u0131 s\u00fcslemeli saraylarda ve \u0130slam, Hristiyan ve Yahudi estetik ilkelerini harmanlayan Mud\u00e9jar stilinde varl\u0131\u011f\u0131n\u0131 s\u00fcrd\u00fcrmektedir. R\u00f6nesans ve Barok formlar\u0131n\u0131n ard\u0131\u015f\u0131k y\u00fckseli\u015fi, Salamanca, Sevilla ve \u00dabeda&#039;da g\u00f6rkemli dini yap\u0131lar ortaya \u00e7\u0131kar\u0131rken, Modernisme, vizyon sahibi Antoni Gaud\u00ed y\u00f6netiminde yirminci y\u00fczy\u0131l\u0131n ba\u015flar\u0131nda Barselona&#039;da geli\u015fti. \u00c7a\u011fda\u015f \u0130spanyol mimarlar (aralar\u0131nda Rafael Moneo, Ricardo Bofill ve Santiago Calatrava vard\u0131r) uluslararas\u0131 be\u011feni kazanarak \u0130spanya&#039;n\u0131n mimari profilini daha da y\u00fckseltmi\u015ftir.<\/p>\n<p>\u0130spanya&#039;daki mutfak ifadesi \u00fc\u00e7 ana b\u00f6lgesel gelene\u011fe ayr\u0131l\u0131r: deniz \u00fcr\u00fcnleri ve paella ve arr\u00f2s negre gibi pirin\u00e7 yemeklerinin bask\u0131n oldu\u011fu Akdeniz k\u0131y\u0131s\u0131; cocido madrile\u00f1o gibi doyurucu g\u00fcve\u00e7ler ve jam\u00f3n ib\u00e9rico gibi konserve \u015fark\u00fcteri ile karakterize edilen \u0130\u00e7 Kastilya; ve bal\u0131k bazl\u0131 guisos&#039;lar\u0131n (aralar\u0131nda caldo gallego ve marmitako da var) ve hafif\u00e7e k\u00fcrlenmi\u015f lac\u00f3n jambonun okyanus bereketini kutlad\u0131\u011f\u0131 Atlantik Kuzeyi. G\u00fcne\u015fli End\u00fcl\u00fcs bah\u00e7elerinde yeti\u015ftirilen \u00fclkenin zeytinya\u011f\u0131, hem yemek pi\u015firme hem de tatland\u0131rma i\u00e7in temel ortam g\u00f6revi g\u00f6r\u00fcr. Festivaller de k\u00fclt\u00fcrel takvimi vurgular: San Ferm\u00edn&#039;in Pamplona&#039;daki y\u0131ll\u0131k alay\u0131, La Tomatina&#039;n\u0131n domates f\u0131rlatma \u015fenli\u011fi, Valensiya&#039;n\u0131n Fallas havai fi\u015fekleri ve End\u00fcl\u00fcs&#039;\u00fcn kutsal hafta alaylar\u0131, toplumsal rit\u00fcelin ve g\u00f6steri\u015fin derinli\u011fini g\u00f6sterir.<\/p>\n<p>Kentsel \u0130spanya, an\u0131tsal \u00e7ekirdekleri fetih, ticaret ve yarat\u0131c\u0131l\u0131k katmanlar\u0131n\u0131 yans\u0131tan miras \u015fehirleriyle doludur. Kordoba&#039;n\u0131n k\u0131rm\u0131z\u0131-beyaz kemerleri Halife ihti\u015fam\u0131ndan bahseder; Sevilla Katedrali ve Alc\u00e1zar, Amerika&#039;yla olan alt\u0131n \u00e7a\u011f liman ba\u011flant\u0131lar\u0131n\u0131 hat\u0131rlat\u0131r; Toledo&#039;nun tepedeki k\u0131vr\u0131ml\u0131 yollar\u0131, eski Vizigot ve ard\u0131ndan Kastilya ba\u015fkenti olarak orta\u00e7a\u011f rol\u00fcn\u00fc an\u0131msat\u0131r; ve Santiago de Compostela, kutsal bir ciddiyet yayan Romanesk cepheleriyle St. James Yolu&#039;nun doruk noktas\u0131 olmaya devam etmektedir. Kuzeyde, Bilbao&#039;nun Guggenheim M\u00fczesi\u2014end\u00fcstri sonras\u0131 r\u00f6nesans\u0131n titanyum kapl\u0131 bir amblemi\u2014Vitoria-Gasteiz&#039;in orta\u00e7a\u011f mahallesinin yan\u0131nda yer al\u0131r; Barselona&#039;n\u0131n Barri G\u00f2tic&#039;i, tek bir kentsel tabloda Gotik tonozlu manast\u0131rlar ve Modernist cepheler sunar.<\/p>\n<p>\u0130spanya&#039;n\u0131n m\u00fczeleri, sanatsal miras\u0131n\u0131n depolar\u0131, El Greco&#039;nun uzun fig\u00fcrlerinden Picasso&#039;nun k\u00fcbist kopu\u015flar\u0131na ve Dal\u00ed&#039;nin ger\u00e7ek\u00fcst\u00fc \u00e7arp\u0131tmalar\u0131na kadar uzanan d\u00f6nemleri kapsar. Madrid&#039;deki Prado, Vel\u00e1zquez, Goya ve Rubens&#039;in \u015faheserlerini bar\u0131nd\u0131ran kraliyet koleksiyonlar\u0131n\u0131 korurken, biti\u015fi\u011findeki Reina Sof\u00eda, en \u00fcnl\u00fcs\u00fc Picasso&#039;nun Guernica&#039;s\u0131 olan yirminci y\u00fczy\u0131l\u0131n \u00f6nde gelen isimlerini sergiler. Barselona&#039;daki Picasso M\u00fczesi, ressam\u0131n bi\u00e7imlendirici y\u0131llar\u0131n\u0131 izler ve Picasso&#039;nun do\u011fum yeri olan Malaga, miras\u0131n\u0131 \u00f6zel kurumlarla onurland\u0131r\u0131r. Figueres, sanat\u00e7\u0131n\u0131n kendisi taraf\u0131ndan tasarlanan Dal\u00ed&#039;nin ayn\u0131 adl\u0131 m\u00fczesini talep eder ve Bilbao&#039;daki Guggenheim, \u00e7a\u011fda\u015f sanat ve mimarinin bir simgesi haline gelmi\u015ftir.<\/p>\n<p>\u0130spanya, topraklar\u0131n\u0131n geni\u015fli\u011fi ve gelenek zenginli\u011fiyle indirgeyici \u00f6zetlemelere meydan okur. Roma yollar\u0131, Vizigot krall\u0131klar\u0131, \u0130slam emirlikleri ve Habsburg saraylar\u0131 taraf\u0131ndan \u015fekillendirilen bile\u015fik kimli\u011fi, b\u00f6lgesel \u00f6zerkli\u011fin merkezka\u00e7 kuvvetleri ve ulusal birli\u011fin merkezcil \u00e7ekimi arac\u0131l\u0131\u011f\u0131yla geli\u015fmeye devam eder. Mevsimlerin ard\u0131\u015f\u0131kl\u0131\u011f\u0131 yeni y\u00f6nleri ortaya \u00e7\u0131kar\u0131r: Sierra Nevada&#039;daki k\u0131\u015f sisi, Mallorca&#039;daki ilkbahar\u0131n badem \u00e7i\u00e7eklerinin isyan\u0131, Costa Brava boyunca yaz\u0131n kristal sular\u0131 ve La Rioja&#039;daki \u00fcz\u00fcm ba\u011flar\u0131n\u0131n sonbahardaki renk d\u00f6n\u00fc\u015f\u00fcm\u00fc. Her eyalette ve belediyede, \u0130spanya&#039;n\u0131n \u00e7ok y\u00f6nl\u00fc miras\u0131 devam eder ve gezgini efsanevi s\u0131rlar\u0131 aramaya de\u011fil, kendi hikayeli miras\u0131na s\u00fcrekli canl\u0131 kalan bir \u00fclkede ge\u00e7mi\u015f ve bug\u00fcn\u00fcn kal\u0131c\u0131 etkile\u015fimini bilgili bir g\u00f6zle g\u00f6zlemlemeye davet eder.<\/p>","protected":false},"excerpt":{"rendered":"<p>Resmen \u0130spanya Krall\u0131\u011f\u0131 olarak an\u0131lan \u0130spanya, g\u00fcneybat\u0131 Avrupa&#039;da bulunan \u00f6nemli \u00e7e\u015fitlilik ve tarihi \u00f6neme sahip bir \u00fclkedir. \u0130ber Yar\u0131madas\u0131&#039;n\u0131n \u00e7o\u011fu, Avrupa ve Afrika&#039;n\u0131n birle\u015fti\u011fi noktadaki stratejik konumu ge\u00e7mi\u015f geli\u015fimini b\u00fcy\u00fck \u00f6l\u00e7\u00fcde etkileyen \u0130spanya taraf\u0131ndan i\u015fgal edilmi\u015ftir. 2023 itibar\u0131yla yakla\u015f\u0131k 47 milyonluk n\u00fcfusuyla \u0130spanya, G\u00fcney Avrupa&#039;n\u0131n d\u00f6rd\u00fcnc\u00fc en kalabal\u0131k \u00fclkesi ve Avrupa Birli\u011fi \u00fcyesi bir devlettir. Topraklar, anakaray\u0131, Akdeniz&#039;deki Balear Adalar\u0131&#039;n\u0131, Atlas Okyanusu&#039;ndaki Kanarya Adalar\u0131&#039;n\u0131 ve Kuzey Afrika k\u0131y\u0131s\u0131ndaki Ceuta ve Melilla egemen \u015fehirlerini kapsar.<\/p>","protected":false},"author":1,"featured_media":3935,"parent":24078,"menu_order":0,"comment_status":"closed","ping_status":"closed","template":"elementor_theme","meta":{"_eb_attr":"","footnotes":""},"class_list":["post-13090","page","type-page","status-publish","has-post-thumbnail"],"_links":{"self":[{"href":"https:\/\/travelshelper.com\/tr\/wp-json\/wp\/v2\/pages\/13090","targetHints":{"allow":["GET"]}}],"collection":[{"href":"https:\/\/travelshelper.com\/tr\/wp-json\/wp\/v2\/pages"}],"about":[{"href":"https:\/\/travelshelper.com\/tr\/wp-json\/wp\/v2\/types\/page"}],"author":[{"embeddable":true,"href":"https:\/\/travelshelper.com\/tr\/wp-json\/wp\/v2\/users\/1"}],"replies":[{"embeddable":true,"href":"https:\/\/travelshelper.com\/tr\/wp-json\/wp\/v2\/comments?post=13090"}],"version-history":[{"count":0,"href":"https:\/\/travelshelper.com\/tr\/wp-json\/wp\/v2\/pages\/13090\/revisions"}],"up":[{"embeddable":true,"href":"https:\/\/travelshelper.com\/tr\/wp-json\/wp\/v2\/pages\/24078"}],"wp:featuredmedia":[{"embeddable":true,"href":"https:\/\/travelshelper.com\/tr\/wp-json\/wp\/v2\/media\/3935"}],"wp:attachment":[{"href":"https:\/\/travelshelper.com\/tr\/wp-json\/wp\/v2\/media?parent=13090"}],"curies":[{"name":"wp","href":"https:\/\/api.w.org\/{rel}","templated":true}]}}