{"id":13084,"date":"2024-09-17T12:15:18","date_gmt":"2024-09-17T12:15:18","guid":{"rendered":"https:\/\/travelshelper.com\/staging\/?page_id=13084"},"modified":"2026-03-12T23:47:26","modified_gmt":"2026-03-12T23:47:26","slug":"adelboden","status":"publish","type":"page","link":"https:\/\/travelshelper.com\/tr\/destinations\/europe\/switzerland\/adelboden\/","title":{"rendered":"Adelboden"},"content":{"rendered":"<p>Adelboden, Bat\u0131 Bern Yaylalar\u0131&#039;ndaki Engstlige vadisinin sonunda g\u00fcneye bakan bir terasta yer al\u0131r ve 87,61 kilometrekarelik alan\u0131 vadi taban\u0131ndaki 1.045 metreden Grossstrubel&#039;in tepesindeki 3.242 metreye kadar uzanan y\u00fckseklikleri kapsar. Aral\u0131k 2020 itibar\u0131yla, 3.343 sakin, \u0130svi\u00e7re&#039;nin Frutigen-Niedersimmental idari b\u00f6lgesinde yer alan bu da\u011f belediyesini yuva olarak adland\u0131rmaktad\u0131r. Kilise ve ana cadde taraf\u0131ndan demirlenen k\u00f6y \u00e7ekirde\u011fi, 1.350 metre y\u00fckseklikte yer almakta olup Engstligen \u015eelalesi&#039;nin ve \u00e7evredeki zirvelerin g\u00f6rkemli masifinin muhte\u015fem manzaralar\u0131n\u0131 sunmaktad\u0131r.<\/p>\n<p>K\u00f6y\u00fcn konumu, i\u011fne yaprakl\u0131 ormanlar\u0131n geni\u015f alpin \u00e7ay\u0131rlar\u0131 ve ekili pastoral yama\u00e7larla i\u00e7 i\u00e7e ge\u00e7ti\u011fi alpin ve subalpin ekosistemlerinin bir araya gelmesini yans\u0131t\u0131r. G\u00fcneyde, Engstligen Nehri, \u00e7ift \u015felale \u015feklinde 375 metrelik bir d\u00fc\u015f\u00fc\u015fle dik kaya y\u00fczeyleri aras\u0131ndan yolunu a\u00e7arak b\u00f6lgenin en \u00e7arp\u0131c\u0131 do\u011fal manzaralar\u0131ndan birini olu\u015fturur. Bunun \u00fczerinde, Engstligenalp platosu iki kilometre y\u00fckseklikte uzan\u0131r, geni\u015f, hafif dalgal\u0131 otlaklar\u0131 vadiyi \u00e7evreleyen y\u00fcksek zirvelere do\u011fru uzan\u0131r.<\/p>\n<p>Ufuk \u00e7izgisini belirgin zirveler belirler: Lohner 3.049 metreye; Steghorn 3.146 metreye; Wildstrubel 3.243 metreye; Albristhorn 2.762 metreye; Gs\u00fcr 2.708 metreye; yerel da\u011f demir yolunun t\u0131rmand\u0131\u011f\u0131 2.458 metredeki Fitzer ve 2.025 metredeki Tschenten gibi daha al\u00e7ak ancak kesinlikle ay\u0131rt edilebilir zirvelerle serpi\u015ftirilmi\u015ftir. Bu y\u00fckseltiler, engebeli \u00e7\u0131k\u0131nt\u0131lar aras\u0131nda serpi\u015ftirilmi\u015f ve kar alanlar\u0131 ve m\u00fctevaz\u0131 buzul kal\u0131nt\u0131lar\u0131yla \u015feritlenmi\u015f alpin otlaklar\u0131yla, ayn\u0131 anda engebeli ve dingin bir \u015fekilde pastoral olan bir araziyi \u00e7er\u00e7eveler.<\/p>\n<p>Belediye i\u00e7indeki arazi kullan\u0131m\u0131, tar\u0131msal miras\u0131n\u0131 ve korumaya olan ba\u011fl\u0131l\u0131\u011f\u0131n\u0131 yans\u0131t\u0131r. Adelboden topraklar\u0131n\u0131n y\u00fczde k\u0131rk biri tar\u0131msal faaliyetleri destekler -\u00e7o\u011funlukla mevsimsel alpin otlatma- ve y\u00fczde 18,2&#039;si orman \u00f6rt\u00fcs\u00fc alt\u0131nda kal\u0131r ve bunun y\u00fczde 14,4&#039;\u00fc yo\u011fun ormanl\u0131kt\u0131r. Yollar\u0131 ve yap\u0131lar\u0131 kapsayan in\u015fa edilmi\u015f ortamlar, arazinin yaln\u0131zca y\u00fczde 2,5&#039;ini kaplarken, akan sular y\u00fczde 1,7&#039;sini olu\u015fturur. Geriye kalan y\u00fczde 36,2 verimsiz olarak s\u0131n\u0131fland\u0131r\u0131l\u0131r: bitki \u00f6rt\u00fcs\u00fc i\u00e7in neredeyse d\u00f6rtte biri \u00e7ok kayal\u0131k, seyrek \u00e7al\u0131l\u0131k alanlar ve k\u00fc\u00e7\u00fck buzul tarlalar\u0131 ile birlikte.<\/p>\n<p>\u0130dari olarak, Adelboden 31 Aral\u0131k 2009&#039;da feshedilen Amtsbezirk Frutigen&#039;den 1 Ocak 2010&#039;da Verwaltungskreis Frutigen-Niedersimmental i\u00e7indeki mevcut hizalanmas\u0131na ge\u00e7ti. K\u00f6y\u00fcn kay\u0131tl\u0131 tarihi alt\u0131 y\u00fczy\u0131l \u00f6ncesine kadar uzan\u0131yor, ilk olarak 1409&#039;da Latincele\u015ftirilmi\u015f yer ad\u0131 \u201cin valle Adelboden\u201d alt\u0131nda belgelendi, ard\u0131ndan 1453&#039;te \u201cAdelboden alias silva\u201d olarak bir referans geldi. Daha \u00f6nce, 13. y\u00fczy\u0131l t\u00fcz\u00fcklerinde Engstligenalp ve Silleren alplerinden bahsediliyor, mevsimlik \u00e7obanlar\u0131 \u201corman insanlar\u0131\u201d olarak tan\u0131mlan\u0131yor, ge\u00e7im kayna\u011f\u0131n\u0131n ormanl\u0131k yama\u00e7lara ve da\u011f meralar\u0131na ba\u011fl\u0131 oldu\u011funa bir g\u00f6nderme.<\/p>\n<p>15. y\u00fczy\u0131lda, topluluk kendi kilisesini kurmu\u015f ve papaz\u0131n maa\u015f\u0131n\u0131 taahh\u00fct eden elliden fazla ev sahibini ge\u00e7indirmi\u015fti. 16. y\u00fczy\u0131lda Reformasyon&#039;un benimsenmesi, Katolik rahibin Hahnenmoospass&#039;\u0131 ge\u00e7ip Katolik Fribourg&#039;a ge\u00e7mesine neden oldu ve bu da Adelboden&#039;in manevi yeniden hizalanmas\u0131n\u0131 i\u015faret etti. Sonraki y\u00fczy\u0131llar boyunca, k\u00f6y nispeten izole kald\u0131: kom\u015fu Frutigen&#039;e eri\u015fim, k\u0131\u015f f\u0131rt\u0131nalar\u0131 taraf\u0131ndan s\u0131k s\u0131k engellenen bir rota olan Engstligen vadisinin sarp g\u00fcney kanad\u0131n\u0131 a\u015fmay\u0131 gerektiriyordu. 19. y\u00fczy\u0131l\u0131n sonlar\u0131nda, Entschlige Nehri&#039;ni takip eden bir yol in\u015fa edildi ve Adelboden&#039;in ba\u011flant\u0131s\u0131n\u0131 d\u00f6n\u00fc\u015ft\u00fcrd\u00fc ve onu daha geni\u015f d\u00fcnyaya a\u00e7t\u0131.<\/p>\n<p>Adelboden&#039;daki turizmin k\u00f6kleri, yerel bir okul \u00f6\u011fretmeninin ilk pansiyonu a\u00e7t\u0131\u011f\u0131 ve daha sonra hala aile i\u015fletmesi olan Hotel Hari im Schlegeli&#039;ye d\u00f6n\u00fc\u015ft\u00fc\u011f\u00fc 1870&#039;lere kadar uzan\u0131r. 20. y\u00fczy\u0131l\u0131n ba\u015f\u0131nda, ziyaret\u00e7ilerin da\u011f havas\u0131 ve pastoral huzur i\u00e7in gelmesiyle belirgin bir n\u00fcfus art\u0131\u015f\u0131 g\u00f6r\u00fcld\u00fc. 1903&#039;te Sir Henry Lunn, burada ilk paketlenmi\u015f k\u0131\u015f sporlar\u0131 g\u00fczergahlar\u0131n\u0131 tan\u0131tt\u0131 ve 1930&#039;larda gondollar ve telesiyejler, 1980&#039;lere kadar devam eden otob\u00fcs ba\u011flant\u0131lar\u0131n\u0131 tamamlayarak misafirleri Engstligenalp ve Silleren&#039;e ta\u015f\u0131d\u0131.<\/p>\n<p>\u0130kinci D\u00fcnya Sava\u015f\u0131 s\u0131ras\u0131nda Adelboden&#039;in inzivas\u0131 farkl\u0131 bir amaca hizmet etti: oteller ve \u015faleler \u0130ngiltere, Almanya, Polonya, Rusya, \u00c7ekoslovakya ve Fransa&#039;dan gelen tutuklulara ev sahipli\u011fi yapt\u0131. Amerikal\u0131 sakinleri taraf\u0131ndan &#034;Camp Maloney&#034; olarak adland\u0131r\u0131lan (\u00f6len ilk Amerikal\u0131 tutukludan sonra) kamp, \u200b\u200b\u0130svi\u00e7re&#039;nin sava\u015f zaman\u0131 tarafs\u0131zl\u0131k ve cephe \u00e7at\u0131\u015fmalar\u0131ndan uzakta g\u00f6zalt\u0131 politikas\u0131n\u0131n alt\u0131n\u0131 \u00e7izdi.<\/p>\n<p>Adelboden&#039;in ba\u015fl\u0131ca cazibe merkezleri, do\u011fal dramay\u0131 k\u00fclt\u00fcrel ya\u015famla dengeler. Nehrin dik kaya yar\u0131klar\u0131nda 375 metre y\u00fckseklikten d\u00fc\u015ft\u00fc\u011f\u00fc Engstligen \u015eelalesi, hem sessiz hayranl\u0131\u011f\u0131 hem de mevsimsel rit\u00fceli kendine \u00e7eker. Her yaz ba\u015f\u0131nda, 350 inek, \u00e7obanlar ile da\u011f meralar\u0131 aras\u0131ndaki kal\u0131c\u0131 ba\u011f\u0131 vurgulayan bir g\u00f6steri olan Engstligenalp&#039;e giden dar bir \u00e7\u0131k\u0131nt\u0131ya t\u0131rman\u0131r. 2.000 metre y\u00fckseklikteki geni\u015f bir plato olan Engstligenalp, y\u00fcksek zirvelerin ortas\u0131nda da\u011f dinginli\u011fi sunar. K\u00f6y\u00fcn i\u00e7inde, kilise Augusto Giacometti&#039;nin 20. y\u00fczy\u0131l\u0131n ba\u015flar\u0131ndan kalma vitray eserlerine ev sahipli\u011fi yapar, renkleri ve bi\u00e7imleri tefekk\u00fcr dolu bir durgunluk verir. Yak\u0131nlarda, Our Chalet, K\u0131z \u0130zcileri ve K\u0131z \u0130zcileri i\u00e7in bir d\u00fcnya merkezi olarak i\u015flev g\u00f6r\u00fcr ve da\u011fl\u0131k bir fon \u00fczerinde uluslararas\u0131 toplant\u0131lar \u00e7eker.<\/p>\n<p>Y\u0131ll\u0131k k\u00fclt\u00fcrel etkinlikler takvimi noktal\u0131yor: Ocak ay\u0131ndaki FIS Alp Disiplini D\u00fcnya Kupas\u0131 yar\u0131\u015flar\u0131, teknik olarak zorlay\u0131c\u0131 kabul edilen Chuenisb\u00e4rgli dev slalom parkurunda d\u00fcnyan\u0131n en iyilerini test ediyor. Temmuz ay\u0131nda canl\u0131 m\u00fczikten olu\u015fan Vogellisi Festivali, Vogellisi Lauf da\u011f ko\u015fusu yar\u0131\u015f\u0131 ve samimi mekanlar\u0131 \u00f6l\u00e7\u00fcl\u00fc seslerle dolduran bir oda m\u00fczi\u011fi festivali geliyor. 30 Aral\u0131k&#039;ta Langlauf Gecesi, ana cadde boyunca kros kaya\u011f\u0131 yar\u0131\u015flar\u0131 d\u00fczenleyerek ortak k\u0131\u015f sporu gelene\u011fini yeniliyor.<\/p>\n<p>Demografik olarak, belediyenin 2020 y\u0131l\u0131 n\u00fcfusu 3.343&#039;t\u00fcr. 2010 n\u00fcfus say\u0131m\u0131na g\u00f6re n\u00fcfusun %6,9&#039;u yabanc\u0131 uyrukludur. 2000 ve 2010 y\u0131llar\u0131 aras\u0131nda n\u00fcfus %0,2 oran\u0131nda marjinal olarak de\u011fi\u015fmi\u015ftir; do\u011fal b\u00fcy\u00fcme %2,2 katk\u0131da bulunurken g\u00f6\u00e7 %1,2 azalm\u0131\u015ft\u0131r. 2000 y\u0131l\u0131nda Almanca, sakinlerin &#039;inin ana diliydi; bunu S\u0131rp-H\u0131rvat\u00e7a (%1), Portekizce (%0,9), Frans\u0131zca, \u0130talyanca ve daha k\u00fc\u00e7\u00fck oranlarda Roman\u015f\u00e7a takip etti. 2008&#039;deki cinsiyet kompozisyonu ,1 erkek ve ,9 kad\u0131nd\u0131 ve \u0130svi\u00e7re vatanda\u015flar\u0131 toplam\u0131n &#039;\u00fcn\u00fc olu\u015fturuyordu. 2000 y\u0131l\u0131 do\u011fum yeri verilerine g\u00f6re, n\u00fcfusun ,4&#039;\u00fc Adelboden&#039;de, ,3&#039;\u00fc kantonun di\u011fer yerlerinde, &#039;u \u0130svi\u00e7re&#039;nin di\u011fer b\u00f6lgelerinde ve %8&#039;i ise \u0130svi\u00e7re s\u0131n\u0131rlar\u0131 d\u0131\u015f\u0131nda do\u011fmu\u015ftur.<\/p>\n<p>2010 y\u0131l\u0131ndaki ya\u015f da\u011f\u0131l\u0131m\u0131na g\u00f6re 20 ya\u015f\u0131n alt\u0131nda olanlar\u0131n oran\u0131 ,6, 20-64 ya\u015f aral\u0131\u011f\u0131nda olanlar\u0131n oran\u0131 ,6 ve 64 ya\u015f \u00fcst\u00fcnde olanlar\u0131n oran\u0131 ,8&#039;dir. 2000 y\u0131l\u0131 itibar\u0131yla evlilik istatistiklerine g\u00f6re 1.600 bekar, 1.771 evli, 204 dul ve 59 bo\u015fanm\u0131\u015f ki\u015fi bulunmaktad\u0131r. Hanehalk\u0131 kompozisyonu 478 bekar ki\u015filik hanehalk\u0131 ve be\u015f veya daha fazla ki\u015fiden olu\u015fan 152 hanehalk\u0131n\u0131 i\u00e7ermektedir. 2000 y\u0131l\u0131nda kaydedilen 3.223 daireden ,8&#039;i kal\u0131c\u0131 olarak i\u015fgal edilmi\u015f, ,4&#039;\u00fc mevsimsel olarak i\u015fgal edilmi\u015f ve %4,8&#039;i bo\u015ftu; 2011 y\u0131l\u0131na gelindi\u011finde bo\u015fluk oran\u0131 %0,06&#039;ya d\u00fc\u015fm\u00fc\u015f ve her 1.000 ki\u015fiye 5,3 \u00fcnite yeni in\u015faat yap\u0131lm\u0131\u015ft\u0131r.<\/p>\n<p>Dilbilimsel olarak, yerel leh\u00e7e -Adelbodnert\u00fctsch- hem Berner Oberland hem de Valais&#039;ten gelen etkileri yans\u0131tan En Y\u00fcksek Alemannik grubuna aittir. Ton ve s\u00f6zc\u00fck \u00f6zellikleri, da\u011f ya\u015fam\u0131 taraf\u0131ndan \u015fekillendirilen dayan\u0131kl\u0131 bir k\u00fclt\u00fcrel kimli\u011fe i\u015faret eder.<\/p>\n<p>Ekonomik olarak Adelboden, tar\u0131m, hafif sanayi ve hizmetlerin \u00e7e\u015fitli bir kar\u0131\u015f\u0131m\u0131n\u0131 destekler. Turizm yakla\u015f\u0131k 490 ki\u015fiyi; di\u011fer hizmetler 500 ki\u015fiyi; in\u015faat 310 ki\u015fiyi; otomobil imalat\u0131 30 ki\u015fiyi; maden suyu \u00fcretimi 45 ki\u015fiyi; tar\u0131m 45 ki\u015fiyi tam zamanl\u0131 olarak; ve taksidermi 16 ki\u015fiyi istihdam eder. \u0130\u015fsizlik 2011&#039;de %1,29 idi. 2008&#039;de toplam istihdam 2.084&#039;e ula\u015ft\u0131: 133 i\u015fletmede birincil tar\u0131mda 366; ikincil sekt\u00f6rlerde 617 - 57 i\u015fletmede imalat (,2) ve in\u015faat (,6); ve 150 kurulu\u015fta \u00fc\u00e7\u00fcnc\u00fcl hizmetlerde 1.101. Bu hizmet rollerinden perakende ve ara\u00e7 tamiri ,7&#039;sini, mal ta\u015f\u0131mac\u0131l\u0131\u011f\u0131 ,6&#039;s\u0131n\u0131, misafirperverlik &#039;ini olu\u015ftururken, bilgi, finans, teknik meslekler, e\u011fitim ve sa\u011fl\u0131k hizmetleri geri kalan\u0131n\u0131 olu\u015fturdu. \u0130\u015fg\u00fcc\u00fc hareketlili\u011fi 224 banliy\u00f6 \u00e7al\u0131\u015fan\u0131n\u0131n giri\u015fini ve 211&#039;inin \u00e7\u0131k\u0131\u015f\u0131n\u0131 g\u00f6rd\u00fc, bu da Adelboden&#039;i hafif bir net i\u015fg\u00fcc\u00fc ithalat\u00e7\u0131s\u0131 yapt\u0131. 2000 y\u0131l\u0131nda i\u015fe ula\u015f\u0131m yollar\u0131 toplu ta\u015f\u0131ma (%9,7) ve \u00f6zel ara\u00e7 (,1) idi.<\/p>\n<p>2000 y\u0131l\u0131nda din\u00ee ba\u011fl\u0131l\u0131k oran\u0131 ,2 \u0130svi\u00e7re Reform Kilisesi&#039;ne, %6,1 Roma Katolik Kilisesi&#039;ne, %1 Ortodoks Kilisesi&#039;ne, ,3 di\u011fer Hristiyan mezheplerine mensup olup, az say\u0131da Yahudi, \u0130slam, Budist ve di\u011fer inan\u00e7lara mensup olanlar ile %1,98 agnostik veya ateist ve %6,44&#039;\u00fc ise kat\u0131lmayanlardan olu\u015fuyordu.<\/p>\n<p>Turist altyap\u0131s\u0131 mevsimsel ritimlere uyum sa\u011flar. Yaz, yumu\u015fak vadi gezinti yollar\u0131ndan teknik da\u011fc\u0131l\u0131k rotalar\u0131na uzanan 200 kilometrelik i\u015faretli y\u00fcr\u00fcy\u00fc\u015f parkurlar\u0131 sunar; teleferikler ve telesiyejler y\u00fcksek \u00e7ay\u0131rlara \u00e7\u0131kar; da\u011f bisikleti parkurlar\u0131 dik yama\u00e7lar\u0131 ge\u00e7er; model u\u00e7ak merakl\u0131lar\u0131 at\u00f6lyeler ve alp havaalanlar\u0131 bulur; yama\u00e7 para\u015f\u00fct\u00fc, tenis ve sa\u011fl\u0131kl\u0131 ya\u015fam tesisleri do\u011fa temelli u\u011fra\u015flar\u0131 tamamlar. K\u0131\u015f, 170 kilometrelik pistlerde (aralar\u0131nda D\u00fcnya Kupas\u0131 Chuenisb\u00e4rgli dev slalom pisti de vard\u0131r), 23 kilometrelik kros parkurlar\u0131 ve 74 kilometrelik k\u0131\u015f y\u00fcr\u00fcy\u00fc\u015f parkurlar\u0131 ile alp kayak\u00e7\u0131lar\u0131 i\u00e7in araziyi d\u00f6n\u00fc\u015ft\u00fcr\u00fcr. Snowboardcular belirlenmi\u015f serbest stil ve serbest s\u00fcr\u00fc\u015f b\u00f6lgelerini tercih eder; Langlauf Gecesi karla toplumsal bir etkile\u015fimi s\u00fcrd\u00fcr\u00fcr.<\/p>\n<p>9 Temmuz 2005&#039;te Adelboden, spa ve sa\u011fl\u0131k hizmetlerine yapt\u0131\u011f\u0131 yat\u0131r\u0131mlar\u0131 resmile\u015ftirerek \u0130svi\u00e7re&#039;nin ilk Alp sa\u011fl\u0131k tesisi olarak sertifika ald\u0131. Daha geni\u015f Adelboden-Frutigen-Lenk kayak b\u00f6lgesi, 56 asans\u00f6r ve \u00e7ok y\u00f6nl\u00fc k\u0131\u015f arazisini bir araya getiriyor. Kayak aktivitelerinin \u00f6tesinde, e\u011flence ve spor arenas\u0131 buz hokeyi, artistik patinaj, curling, \u00f6zel bir curling pisti, kaya t\u0131rman\u0131\u015f\u0131 i\u00e7eren bir t\u0131rmanma salonu, bowling salonu ve tesis i\u00e7i yemek olana\u011f\u0131na ev sahipli\u011fi yap\u0131yor. Chuenisb\u00e4rgli, 1956&#039;dan beri FIS D\u00fcnya Kupas\u0131 yar\u0131\u015flar\u0131na ev sahipli\u011fi yap\u0131yor.<\/p>\n<p>K\u00f6y\u00fcn somut olmayan miras\u0131 aras\u0131nda, 1950&#039;lerde ortaya \u00e7\u0131kan ve yerel bir \u015fifac\u0131 kad\u0131n\u0131n \u00f6yk\u00fcs\u00fcn\u00fcn anlat\u0131ld\u0131\u011f\u0131, festivallerden da\u011f ko\u015fular\u0131na kadar hediyelik e\u015fyalardan etkinlik adlar\u0131na kadar uzanan &#034;Vogel-Lisi&#034; leh\u00e7esindeki \u015fark\u0131 da yer al\u0131yor.<\/p>\n<p>\u0130klimsel olarak Adelboden, K\u00f6ppen \u201cCfb\u201d s\u0131n\u0131fland\u0131rmas\u0131na girmektedir: serin gece s\u0131cakl\u0131klar\u0131yla \u0131l\u0131man yazlar, y\u0131l boyunca \u00f6nemli ya\u011f\u0131\u015f, k\u0131\u015f\u0131n s\u00fcrekli bulut \u00f6rt\u00fcs\u00fc ve yaz aylar\u0131nda mevsimsel g\u00fcne\u015f zirveleri.<\/p>\n<p>Eri\u015fim kas\u0131tl\u0131 olarak devam ediyor: Frutigen&#039;den, kendisi L\u00f6tschberg demiryolu hatt\u0131nda bulunan tek bir yol, t\u00fcm ara\u00e7 trafi\u011fini y\u00f6nlendiriyor. Posta otob\u00fcsleri saatlik ba\u011flant\u0131lar\u0131n\u0131 s\u00fcrd\u00fcr\u00fcrken, da\u011f ge\u00e7itleri\u2014Bunderchrinde&#039;den Kandersteg&#039;e, Hahnenmoos&#039;tan Lenk&#039;e, Chindbettipass ve Gemmi&#039;den Valais&#039;e\u2014Sargans ile Montreux aras\u0131ndaki uzun mesafeli Alp Ge\u00e7idi Rotas\u0131 i\u00e7inde patika olarak varl\u0131\u011f\u0131n\u0131 s\u00fcrd\u00fcr\u00fcyor. Engstlige \u00fczerindeki Hoher Steg k\u00f6pr\u00fcs\u00fcn\u00fcn 1884&#039;te tamamlanmas\u0131, dik, k\u0131vr\u0131ml\u0131 yerel yollar\u0131n yerini ald\u0131 ve ekonomik entegrasyonu kolayla\u015ft\u0131rd\u0131. \u0130stinat duvarlar\u0131, a\u011flar, \u00e7\u0131\u011f bariyerleri, t\u00fcneller gibi m\u00fchendislik \u00f6nlemleri, Niesen s\u0131rada\u011flar\u0131n\u0131n kaya d\u00fc\u015fmesi ve kar kaymas\u0131 risklerini azaltt\u0131, ancak do\u011fal olaylar en son Ocak 2018&#039;de yolu g\u00fcnlerce kapatt\u0131.<\/p>\n<p>Adelboden&#039;in kimli\u011fi, alpin ekolojisi, tar\u0131m gelene\u011fi, mevsimsel turizm ve dayan\u0131kl\u0131 toplum ya\u015fam\u0131n\u0131n sentezinden ortaya \u00e7\u0131kar. \u0130nek s\u00fcr\u00fcleri, D\u00fcnya Kupas\u0131 yar\u0131\u015flar\u0131, festival melodileri ve kar\u0131n sessizce s\u00fcr\u00fcklenmesiyle belirginle\u015fen ritimleri, y\u00fckseklik, tarih ve insan y\u00f6netimiyle tan\u0131mlanan bir yeri teyit eder.<\/p>\n<table>\n<thead>\n<tr>\n<th>Kategori<\/th>\n<th>Detaylar<\/th>\n<\/tr>\n<\/thead>\n<tbody>\n<tr>\n<td scope=\"row\">Konum<\/td>\n<td>Adelboden, Bernese Oberland, \u0130svi\u00e7re<\/td>\n<\/tr>\n<tr>\n<td scope=\"row\">Tatil K\u00f6y\u00fc Rak\u0131m\u0131<\/td>\n<td>1.350m ila 2.400m<\/td>\n<\/tr>\n<tr>\n<td scope=\"row\">Kayak Sezonu<\/td>\n<td>Aral\u0131k-Nisan<\/td>\n<\/tr>\n<tr>\n<td scope=\"row\">Kayak Ge\u00e7i\u015fi Fiyatlar\u0131<\/td>\n<td>Dinamik fiyatland\u0131rma, tarihe ve s\u00fcreye g\u00f6re de\u011fi\u015fir<\/td>\n<\/tr>\n<tr>\n<td scope=\"row\">A\u00e7\u0131l\u0131\u015f Saatleri<\/td>\n<td>08:00 &#8211; 17:00<\/td>\n<\/tr>\n<tr>\n<td scope=\"row\">Pist Say\u0131s\u0131<\/td>\n<td>210 km pist<\/td>\n<\/tr>\n<tr>\n<td scope=\"row\">Toplam Pist Uzunlu\u011fu<\/td>\n<td>210 km<\/td>\n<\/tr>\n<tr>\n<td scope=\"row\">En Uzun Ko\u015fu<\/td>\n<td>12 km<\/td>\n<\/tr>\n<tr>\n<td scope=\"row\">Kolay Pistler<\/td>\n<td>60 km<\/td>\n<\/tr>\n<tr>\n<td scope=\"row\">Orta E\u011fimler<\/td>\n<td>120 km<\/td>\n<\/tr>\n<tr>\n<td scope=\"row\">\u0130leri E\u011fimler<\/td>\n<td>30 km<\/td>\n<\/tr>\n<tr>\n<td scope=\"row\">Yama\u00e7lar\u0131n Y\u00f6nleri<\/td>\n<td>Kuzey, G\u00fcney, Do\u011fu, Bat\u0131<\/td>\n<\/tr>\n<tr>\n<td scope=\"row\">Gece Kayak<\/td>\n<td>Evet, se\u00e7ili pistlerde mevcuttur<\/td>\n<\/tr>\n<tr>\n<td scope=\"row\">Kar Yap\u0131m\u0131<\/td>\n<td>Evet, kapsaml\u0131 kar yapma tesisleri<\/td>\n<\/tr>\n<tr>\n<td scope=\"row\">Toplam Asans\u00f6rler<\/td>\n<td>72 asans\u00f6r<\/td>\n<\/tr>\n<tr>\n<td scope=\"row\">Yoku\u015f Yukar\u0131 Kapasite<\/td>\n<td>Saatte 44.000 kayak\u00e7\u0131<\/td>\n<\/tr>\n<tr>\n<td scope=\"row\">En Y\u00fcksek Kald\u0131rma<\/td>\n<td>2.400m<\/td>\n<\/tr>\n<tr>\n<td scope=\"row\">Gondollar\/Teleferikler<\/td>\n<td>10 gondol\/teleferik<\/td>\n<\/tr>\n<tr>\n<td scope=\"row\">Telesiyejler<\/td>\n<td>24 telesiyej<\/td>\n<\/tr>\n<tr>\n<td scope=\"row\">S\u00fcr\u00fckleme Asans\u00f6rleri<\/td>\n<td>38 adet drag lifti<\/td>\n<\/tr>\n<tr>\n<td scope=\"row\">Kar Parklar\u0131<\/td>\n<td>Evet, Gran Masta Park dahil olmak \u00fczere birden fazla kar park\u0131<\/td>\n<\/tr>\n<tr>\n<td scope=\"row\">Kayak Kiralama<\/td>\n<td>Birden fazla lokasyonda mevcuttur<\/td>\n<\/tr>\n<tr>\n<td scope=\"row\">Kayak sonras\u0131<\/td>\n<td>Apr\u00e8s-ski aktiviteleri i\u00e7in \u00e7ok say\u0131da bar ve restoran<\/td>\n<\/tr>\n<\/tbody>\n<\/table>\n<article>\n<\/article>","protected":false},"excerpt":{"rendered":"<p>Frutigen-Niedersimmental idari b\u00f6lgesindeki Bernese Yaylalar\u0131&#039;nda bulunan Adelboden, \u0130svi\u00e7re&#039;de pitoresk bir da\u011f k\u00f6y\u00fc ve belediyesidir. Yakla\u015f\u0131k 3.400 ki\u015filik n\u00fcfusuyla bu b\u00fcy\u00fcleyici Alp kasabas\u0131, \u0130svi\u00e7re&#039;nin da\u011fl\u0131k b\u00f6lgelerinin s\u00fcregelen b\u00fcy\u00fcs\u00fcn\u00fc temsil eder. Entschlige (Y\u00fcksek Almanca: Engstlige) nehir vadisinin sonuna yak\u0131n olan Adelboden, nehrin Frutigen&#039;de Kander ile nihayet birle\u015fti\u011fi Bernese Yaylalar\u0131&#039;n\u0131n bat\u0131 kesimlerinde \u00f6nemli bir yerdir.<\/p>","protected":false},"author":1,"featured_media":2973,"parent":12907,"menu_order":0,"comment_status":"closed","ping_status":"closed","template":"elementor_theme","meta":{"_eb_attr":"","footnotes":""},"class_list":["post-13084","page","type-page","status-publish","has-post-thumbnail"],"_links":{"self":[{"href":"https:\/\/travelshelper.com\/tr\/wp-json\/wp\/v2\/pages\/13084","targetHints":{"allow":["GET"]}}],"collection":[{"href":"https:\/\/travelshelper.com\/tr\/wp-json\/wp\/v2\/pages"}],"about":[{"href":"https:\/\/travelshelper.com\/tr\/wp-json\/wp\/v2\/types\/page"}],"author":[{"embeddable":true,"href":"https:\/\/travelshelper.com\/tr\/wp-json\/wp\/v2\/users\/1"}],"replies":[{"embeddable":true,"href":"https:\/\/travelshelper.com\/tr\/wp-json\/wp\/v2\/comments?post=13084"}],"version-history":[{"count":0,"href":"https:\/\/travelshelper.com\/tr\/wp-json\/wp\/v2\/pages\/13084\/revisions"}],"up":[{"embeddable":true,"href":"https:\/\/travelshelper.com\/tr\/wp-json\/wp\/v2\/pages\/12907"}],"wp:featuredmedia":[{"embeddable":true,"href":"https:\/\/travelshelper.com\/tr\/wp-json\/wp\/v2\/media\/2973"}],"wp:attachment":[{"href":"https:\/\/travelshelper.com\/tr\/wp-json\/wp\/v2\/media?parent=13084"}],"curies":[{"name":"wp","href":"https:\/\/api.w.org\/{rel}","templated":true}]}}