{"id":13072,"date":"2024-09-17T12:09:27","date_gmt":"2024-09-17T12:09:27","guid":{"rendered":"https:\/\/travelshelper.com\/staging\/?page_id=13072"},"modified":"2026-03-12T23:47:06","modified_gmt":"2026-03-12T23:47:06","slug":"andermatt","status":"publish","type":"page","link":"https:\/\/travelshelper.com\/tr\/destinations\/europe\/switzerland\/andermatt\/","title":{"rendered":"Andermatt"},"content":{"rendered":"<p>Deniz seviyesinden 1.437 metre y\u00fckseklikte bulunan bir da\u011f k\u00f6y\u00fc ve belediye olan Andermatt, Saint-Gotthard Masifi i\u00e7inde merkezi bir konuma sahiptir ve \u0130svi\u00e7re&#039;nin kuzey-g\u00fcney ve do\u011fu-bat\u0131 ge\u00e7i\u015flerinin tarihi ba\u011flant\u0131 noktas\u0131 olarak hizmet eder; 2020 itibar\u0131yla n\u00fcfusu 1.527 olan ve 62,2 kilometrekarelik bir alan\u0131 kaplayan \u015fehir, Uri kanton ba\u015fkenti Altdorf&#039;un yakla\u015f\u0131k 28 kilometre g\u00fcneyinde yer al\u0131r ve Urseren vadisindeki Reuss Nehri&#039;nin kaynaklar\u0131n\u0131 demirler.<\/p>\n<p>Adula Alpleri&#039;nin zirveleriyle \u00e7evrili Andermatt, topraklar\u0131n\u0131n ,8&#039;inin tar\u0131msal ama\u00e7lara hizmet etti\u011fi, %5,5&#039;inin ormanlarla kapl\u0131 oldu\u011fu, &#039;sinin ise nehirler, buzullar ve sarp yama\u00e7larla tan\u0131mlanm\u0131\u015f verimsiz bir arazi tablosu sunmaktad\u0131r; 2006 ara\u015ft\u0131rmas\u0131nda \u00f6l\u00e7\u00fclen bu kompozisyon, buzul aktivitesi ve y\u00fczy\u0131llard\u0131r s\u00fcren pastoral kullan\u0131mla \u015fekillenen bir vadiyi yans\u0131tmaktad\u0131r; burada alpin \u00e7ay\u0131rlar, bitki \u00f6rt\u00fcs\u00fc i\u00e7in \u00e7ok engebeli kayal\u0131k \u00e7\u0131k\u0131nt\u0131lara yol vermekte ve dar koridorlar Reuss&#039;u Sch\u00f6llenen Ge\u00e7idi&#039;ne, k\u00f6y\u00fc G\u00f6schenen&#039;e ve en sonunda Lucerne G\u00f6l\u00fc&#039;ndeki Urnersee&#039;ye ba\u011flayan dik bir ini\u015fe do\u011fru y\u00f6nlendirmektedir.<\/p>\n<p>Graub\u00fcnden (2.044 metre y\u00fckseklikteki Oberalp Ge\u00e7idi \u00fczerinden) gibi do\u011fu kantonlar\u0131n\u0131 ve Valais (2.436 metre y\u00fckseklikteki Furka Ge\u00e7idi \u00fczerinden) gibi bat\u0131 b\u00f6lgelerini birbirine ba\u011flayan bir koridor olarak ba\u015flang\u0131c\u0131ndan, Ticino&#039;yu 2.106 metre y\u00fckseklikteki St. Gotthard Ge\u00e7idi \u00fczerinden birbirine ba\u011flayan rol\u00fcne kadar, Andermatt, on \u00fc\u00e7\u00fcnc\u00fc y\u00fczy\u0131l\u0131n ba\u015flar\u0131ndan beri, Sch\u00f6llenen g\u00fczergah\u0131n\u0131n a\u00e7\u0131lmas\u0131yla Gotthard ba\u011flant\u0131s\u0131n\u0131n resmile\u015ftirildi\u011fi zamandan beri bir kav\u015fak i\u015flevi g\u00f6rm\u00fc\u015ft\u00fcr; \u015eeytan K\u00f6pr\u00fcs\u00fc&#039;n\u00fc ta\u015f\u0131yan zorlu Sch\u00f6llenen Ge\u00e7idi ile birlikte bu da\u011f ge\u00e7itleri, k\u00f6y\u00fc hem bir ge\u00e7i\u015f noktas\u0131 hem de Alp ge\u00e7i\u015finin koruyucusu olarak \u00e7er\u00e7evelemi\u015ftir.<\/p>\n<p>Arkeolojik kan\u0131tlar, Urseren vadisinde M\u00d6 4000 y\u0131l\u0131 kadar erken bir tarihte insan varl\u0131\u011f\u0131n\u0131n varl\u0131\u011f\u0131n\u0131 g\u00f6stermektedir; Neolitik eserler avc\u0131-toplay\u0131c\u0131 halklar\u0131n yerle\u015fimini kan\u0131tlamaktad\u0131r; Roma egemenli\u011fi s\u0131ras\u0131nda, y\u00fcksek vadi muhtemelen Helvetik Kelt kabilelerine ev sahipli\u011fi yapm\u0131\u015ft\u0131r, ancak g\u00fcn\u00fcm\u00fczdeki Andermatt&#039;\u0131n temelleri, otlak alanlar ve y\u00fcksek rak\u0131mda s\u0131\u011f\u0131nak arayan Alemannik Walser g\u00f6\u00e7menlerine dayanmaktad\u0131r; bu g\u00f6\u00e7menler, 1203&#039;te &#034;de Prato&#034; ve daha sonra 1290&#039;da &#034;A der Matte&#034; olarak an\u0131lan m\u00fctevaz\u0131 bir b\u00f6lge etraf\u0131nda birle\u015fecek olan k\u00f6yler kurmu\u015flard\u0131r.<\/p>\n<p>Benedictine Disentis Manast\u0131r\u0131 ile olan ili\u015fki yerel ya\u015fam\u0131 y\u00fczy\u0131llar boyunca y\u00f6netti; kilise denetimi, yeni do\u011fan \u0130svi\u00e7re Konfederasyonu&#039;nun manevi yarg\u0131 yetkisini sivil ellere devretti\u011fi 1649 y\u0131l\u0131na kadar devam etti ve bu, \u0130svi\u00e7re y\u00f6netimindeki daha geni\u015f \u00e7apl\u0131 de\u011fi\u015fimleri yans\u0131t\u0131yordu. Yine de vadinin stratejik \u00f6nemi din adamlar\u0131n\u0131n meselelerinin \u00f6tesine uzan\u0131yordu: 1608&#039;deki St Patrick G\u00fcn\u00fc&#039;nde, St Gotthard Ge\u00e7idi&#039;nden ge\u00e7en \u0130rlandal\u0131 kontlar\u0131n \u015eeytan K\u00f6pr\u00fcs\u00fc&#039;nde bir hazine dolusu alt\u0131n\u0131 kaybettikleri bildirildi; bu olay yerel halk aras\u0131nda St Gotthard Ge\u00e7idi&#039;nin Kay\u0131p Hazinesi olarak \u00f6l\u00fcms\u00fczle\u015ftirildi, ancak hi\u00e7bir kurtarma kaydedilmedi.<\/p>\n<p>Sch\u00f6llenen&#039;in topografyas\u0131 efsaneden daha fazlas\u0131n\u0131 aktar\u0131r, zira 1799&#039;da Rus general Alexander Suvorov, Alp seferi s\u0131ras\u0131nda birliklerini ge\u00e7itten ge\u00e7irmi\u015ftir; Andermatt yak\u0131nlar\u0131ndaki bir anma an\u0131t\u0131, zorlu ge\u00e7i\u015fi onurland\u0131r\u0131r, cilal\u0131 ta\u015f\u0131 da\u011f\u0131n taleplerine katlanan askerlerin an\u0131s\u0131yla yaz\u0131lm\u0131\u015ft\u0131r. Yirmi y\u0131l sonra, 1818&#039;den 1831&#039;e kadar, St Gotthard rotas\u0131 posta arabas\u0131 seyahati i\u00e7in uygun hale geldi; zirveden \u00f6nceki son s\u0131\u011f\u0131nak olarak Andermatt, termal tedaviler ve sa\u011fl\u0131kl\u0131 hava vaadiyle ziyaret\u00e7ileri \u00e7eken geli\u015fen bir spa ekonomisinden faydaland\u0131.<\/p>\n<p>1881&#039;de St Gotthard demiryolu t\u00fcnelinin a\u00e7\u0131l\u0131\u015f\u0131, Andermatt&#039;\u0131n birinci s\u0131n\u0131f Alp yolu rol\u00fcn\u00fc sular alt\u0131nda b\u0131rakarak, vadi taban\u0131n\u0131n alt\u0131ndaki ge\u00e7i\u015fi yeniden d\u00fczenledi; yerel i\u015f\u00e7iler aras\u0131nda can kayb\u0131na neden olan ve askeri m\u00fcdahaleyle bast\u0131r\u0131lan huzursuzlu\u011fa yol a\u00e7an in\u015faat, trenlerin yukar\u0131daki k\u00f6y\u00fc atlad\u0131\u011f\u0131 bir d\u00f6nemi ba\u015flatt\u0131. Yine de Andermatt uyum sa\u011flad\u0131: 1885&#039;te \u0130svi\u00e7re Federal Ordusu buray\u0131 bir garnizon kasabas\u0131 olarak belirledi, sava\u015f zaman\u0131 dayan\u0131kl\u0131l\u0131\u011f\u0131 i\u00e7in tasarlanm\u0131\u015f yeralt\u0131 komuta tesisleri in\u015fa etti ve daha sonra askeri e\u011fitimin merkezi olarak varl\u0131\u011f\u0131n\u0131 s\u00fcrd\u00fcren bir e\u011fitim merkezi kurdu.<\/p>\n<p>1946&#039;da Urseren vadisinde hidroelektrik rezervuarlar\u0131 i\u00e7in baraj yap\u0131lmas\u0131 planlar\u0131 ilerletildi ve bu, 1950&#039;ye kadar Andermatt i\u00e7indeki geli\u015fmeyi durduran ve projeyi kom\u015fu G\u00f6schenertal&#039;a y\u00f6nlendiren kararl\u0131 bir muhalefeti k\u0131\u015fk\u0131rtt\u0131; bu olay, vadi do\u011fan\u0131n de\u011fi\u015fkenli\u011finden kaynaklanan zorluklara g\u00f6\u011f\u00fcs gererken bile, \u00f6zellikle 1951 ve 1975 k\u0131\u015flar\u0131nda \u00e7\u0131\u011flar\u0131n yerle\u015fim b\u00f6lgelerine inerek hasara yol a\u00e7mas\u0131 ve can kayb\u0131na neden olmas\u0131yla birlikte, yerel halk\u0131n manzaray\u0131 korumaya olan ba\u011fl\u0131l\u0131\u011f\u0131n\u0131 vurgular.<\/p>\n<p>1930&#039;larda ekonomik \u015fanslar, da\u011f turizminin yerle\u015fik tatil yerlerine y\u00f6nelmesiyle azald\u0131 ve aralar\u0131nda Grand Hotel Bellevue ve bir zamanlar vadide bulunan di\u011fer i\u015fletmelerin sahipleri olan M\u00fcller ailesi taraf\u0131ndan in\u015fa edilenlerin de bulundu\u011fu bir\u00e7ok Ursental oteli sessizli\u011fe g\u00f6m\u00fcld\u00fc veya ama\u00e7 de\u011fi\u015ftirdi; 1970&#039;lerde apartmanlara d\u00f6n\u00fc\u015ft\u00fcr\u00fclen Bellevue, kontroll\u00fc y\u0131k\u0131m\u0131 1990&#039;da ger\u00e7ekle\u015fene kadar terk edilmi\u015f halde kald\u0131.<\/p>\n<p>Yirminci y\u00fczy\u0131l\u0131n sonlar\u0131na do\u011fru, Andermatt, k\u00f6y\u00fcn N\u00e4tschen yama\u00e7lar\u0131n\u0131 g\u00fcney kanad\u0131ndaki Gemsstock ile ba\u011flayan ve Glacier Express arac\u0131l\u0131\u011f\u0131yla Sedrun ve Disentis&#039;e ba\u011flanarak birbirine ba\u011fl\u0131 d\u00f6rt mevsim tatil beldesi a\u011f\u0131 olu\u015fturan bir geli\u015ftirme stratejisini benimseyerek, kendini \u00fcst d\u00fczey kayak merkezlerine bir alternatif olarak yeniden konumland\u0131rd\u0131\u011f\u0131nda bir canlanma ortaya \u00e7\u0131kt\u0131. Matterhorn Gotthard Bahn&#039;\u0131n himayesinde birle\u015fen Andermatt-Sedrun-Disentis ittifak\u0131, N\u00e4tschen&#039;i Oberalp pistleriyle daha da b\u00fct\u00fcnle\u015ftiren ve geni\u015fletilmi\u015f kayak g\u00fczergahlar\u0131 vaat eden demir yolu eri\u015filebilirli\u011fiyle desteklenen yirmi birinci y\u00fczy\u0131l \u00f6zlemlerini yans\u0131t\u0131yor.<\/p>\n<p>Gayrimenkul te\u015fvikleri bu d\u00f6n\u00fc\u015f\u00fcme e\u015flik etti; 2006&#039;da federal kararnameyle Lex Koller k\u0131s\u0131tlamalar\u0131ndan muaf tutulan Andermatt Swiss Alps, yabanc\u0131 uyruklular\u0131n 2040&#039;a kadar \u00f6zel izin almadan m\u00fclk edinmelerine izin verdi. Bu sayede giri\u015fimci Samih Sawiris liderli\u011findeki 1,8 milyar \u0130svi\u00e7re Frang\u0131 tutar\u0131ndaki yat\u0131r\u0131m m\u00fcmk\u00fcn oldu ve ba\u015fta Amerikal\u0131 yat\u0131r\u0131mc\u0131lar olmak \u00fczere uluslararas\u0131 al\u0131c\u0131lar, yurtd\u0131\u015f\u0131ndaki jeopolitik belirsizliklere yan\u0131t olarak 2025 ba\u015f\u0131nda 14,2 milyon \u0130svi\u00e7re Frang\u0131 de\u011ferinde daire sat\u0131n ald\u0131lar.<\/p>\n<p>Demografik olarak, k\u00f6y gelgitler ya\u015fam\u0131\u015ft\u0131r: 1799&#039;da 605 ki\u015fiden 1970&#039;te 1.589 ki\u015fiye, 2000&#039;de 1.282&#039;ye d\u00fc\u015fm\u00fc\u015f ve 2020&#039;nin sonunda 1.527&#039;ye ayarlanm\u0131\u015ft\u0131r. Yerel dil olarak Almanca bask\u0131nd\u0131r (2000 itibar\u0131yla ,2), m\u00fctevaz\u0131 Portekiz ve \u0130talyan topluluklar\u0131 e\u015flik eder ve sakinlerin onda biri \u0130svi\u00e7re vatanda\u015f\u0131 de\u011fildir; e\u011fitim d\u00fczeyi \u00f6nemlidir, 25 ila 64 ya\u015f aras\u0131ndakilerin d\u00f6rtte \u00fc\u00e7\u00fc lise veya \u00fc\u00e7\u00fcnc\u00fcl e\u011fitimlerini tamamlam\u0131\u015ft\u0131r ve i\u015fsizlik oran\u0131 y\u00fczde birin alt\u0131ndad\u0131r. Ekonomik olarak, birincil sekt\u00f6r yirmi iki i\u015fletmede elli bir \u00e7al\u0131\u015fan\u0131, ikincil sekt\u00f6r on \u00fc\u00e7 endi\u015fede doksan ki\u015fiyi istihdam eder ve \u00fc\u00e7\u00fcnc\u00fcl alan yetmi\u015f sekiz i\u015fletmede 599 \u00e7al\u0131\u015fan\u0131 destekler.<\/p>\n<p>\u0130klimsel olarak, Andermatt, K\u00f6ppen&#039;e g\u00f6re &#034;dfc&#034; olarak adland\u0131r\u0131lan, 1991 ile 2020 y\u0131llar\u0131 aras\u0131nda y\u0131ll\u0131k ortalama 139,4 \u0131slak g\u00fcn ve 1.423 milimetre ya\u011f\u0131\u015f ile bir subarktik rejim ya\u015far; Kas\u0131m ay\u0131nda 11,8 g\u00fcnde 142 milimetre ile en y\u00fcksek ya\u011f\u0131\u015f kaydedilirken, Haziran ay\u0131nda 13,2 g\u00fcn ve 131 milimetre ile en s\u0131k ya\u011f\u0131\u015f olay\u0131 kaydedilirken, \u015eubat ay\u0131nda 11,4 g\u00fcnde 91 milimetre ile en kurak ay olmaya devam ediyor.<\/p>\n<p>K\u0131\u015f rekreasyonu iki ana kayak alan\u0131n\u0131n etraf\u0131nda d\u00f6n\u00fcyor: Kuzeydo\u011fuda y\u00fckselen ve demir yoluyla ula\u015f\u0131labilen N\u00e4tschen ve g\u00fcneyde Gemsstock. Her ikisi de Mart ortas\u0131na kadar i\u015fletilebilen telesiyejli yama\u00e7lar ve vadi yollar\u0131 sunuyor; merakl\u0131lar bu da\u011flar\u0131n karakteristik \u00f6zelli\u011fi olan pist d\u0131\u015f\u0131 ini\u015fleri ve derin kar ko\u015fullar\u0131n\u0131 \u00e7ok be\u011feniyor ve stratejik planlar Oberalp&#039;in pistlerini i\u00e7eren birle\u015fik kayak turlar\u0131 \u00f6ng\u00f6r\u00fcyor.<\/p>\n<p>K\u00fclt\u00fcrel a\u00e7\u0131dan bak\u0131ld\u0131\u011f\u0131nda, Andermatt, Berlin Filarmoni Orkestras\u0131&#039;n\u0131 y\u00f6neten Constantinos Carydis&#039;in \u015fefli\u011finde a\u00e7\u0131l\u0131\u015f\u0131 yap\u0131lan, \u00f6zellikle bir Alp k\u00f6y\u00fc i\u00e7in tasarlanm\u0131\u015f ilk sanat mekan\u0131 olan \u00f6zel olarak in\u015fa edilmi\u015f bir konser salonu tan\u0131tt\u0131; Christina Seilern taraf\u0131ndan tasarlanan ve Sawiris taraf\u0131ndan finanse edilen salon, Andermatt&#039;\u0131n bir ge\u00e7i\u015f merkezinden Alp sanatlar\u0131 merkezine d\u00f6n\u00fc\u015f\u00fcm\u00fcn\u00fc simgeliyor ve da\u011fl\u0131k ortam\u0131nda uluslararas\u0131 \u00e7apta performanslara ev sahipli\u011fi yapma kapasitesini teyit ediyor.<\/p>\n<p>Andermatt, kronolojisi boyunca, ekonomisi ve toplumu modern zorunluluklara uyum sa\u011flarken bile belirgin bir da\u011f karakterini koruyarak, ge\u00e7i\u015f, \u00e7at\u0131\u015fma ve ticaretin de\u011fi\u015fen ak\u0131mlar\u0131nda yol ald\u0131. Eski yollar ve modern demiryollar\u0131yla \u00f6r\u00fcl\u00fc, tar\u0131m ve engebeli arazi aras\u0131nda dengelenmi\u015f vadisi, \u0130svi\u00e7re&#039;nin topografya ve insan \u00e7abas\u0131 aras\u0131ndaki karma\u015f\u0131k etkile\u015fiminin sembol\u00fc olmaya devam ediyor ve y\u00fcksek rak\u0131ml\u0131 topluluklar\u0131n dayan\u0131kl\u0131l\u0131\u011f\u0131n\u0131 g\u00f6z \u00f6n\u00fcnde bulundurmak i\u00e7in salt turizmi a\u015fan g\u00f6zlemleri davet ediyor.<\/p>\n<table>\n<thead>\n<tr>\n<th>Kategori<\/th>\n<th>Bilgi<\/th>\n<\/tr>\n<\/thead>\n<tbody>\n<tr>\n<td>Konum<\/td>\n<td>Andermatt, \u0130svi\u00e7re (Orta \u0130svi\u00e7re, Uri)<\/td>\n<\/tr>\n<tr>\n<td>Tatil K\u00f6y\u00fc Rak\u0131m\u0131<\/td>\n<td>1.444 m \u2013 2.600 m (4.738 ft \u2013 8.530 ft)<\/td>\n<\/tr>\n<tr>\n<td>Kayak sezonu<\/td>\n<td>Aral\u0131k ortas\u0131 - Nisan ba\u015f\u0131<\/td>\n<\/tr>\n<tr>\n<td>Kayak ge\u00e7i\u015fi fiyatlar\u0131<\/td>\n<td>Yeti\u015fkin: CHF 89 (\u20ac95), Gen\u00e7: CHF 63 (\u20ac67), \u00c7ocuk: CHF 45 (\u20ac48)<\/td>\n<\/tr>\n<tr>\n<td>A\u00e7\u0131l\u0131\u015f saatleri<\/td>\n<td>08:45 &#8211; 16:45<\/td>\n<\/tr>\n<tr>\n<td>Pist say\u0131s\u0131<\/td>\n<td>Toplam 70km (43,5 mil)<\/td>\n<\/tr>\n<tr>\n<td>Toplam pist uzunlu\u011fu<\/td>\n<td>70 km (43,5 mil)<\/td>\n<\/tr>\n<tr>\n<td>En Uzun Ko\u015fu<\/td>\n<td>Verilerde belirtilmemi\u015f<\/td>\n<\/tr>\n<tr>\n<td>Kolay Pistler<\/td>\n<td>18 km ()<\/td>\n<\/tr>\n<tr>\n<td>Orta E\u011fimler<\/td>\n<td>40 km ()<\/td>\n<\/tr>\n<tr>\n<td>\u0130leri E\u011fimler<\/td>\n<td>12 km ()<\/td>\n<\/tr>\n<tr>\n<td>Yama\u00e7lar\u0131n Y\u00f6nleri<\/td>\n<td>\/<\/td>\n<\/tr>\n<tr>\n<td>Gece kaya\u011f\u0131<\/td>\n<td>Mevcut (SnowNight Sedrun)<\/td>\n<\/tr>\n<tr>\n<td>Kar Yap\u0131m\u0131<\/td>\n<td>Mevcut<\/td>\n<\/tr>\n<tr>\n<td>Toplam Asans\u00f6rler<\/td>\n<td>13<\/td>\n<\/tr>\n<tr>\n<td>Yoku\u015f Yukar\u0131 Kapasite<\/td>\n<td>\/<\/td>\n<\/tr>\n<tr>\n<td>En Y\u00fcksek Kald\u0131rma<\/td>\n<td>2.600 m (8.530 ft)<\/td>\n<\/tr>\n<tr>\n<td>Gondollar\/Teleferikler<\/td>\n<td>1<\/td>\n<\/tr>\n<tr>\n<td>Telesiyejler<\/td>\n<td>3<\/td>\n<\/tr>\n<tr>\n<td>S\u00fcr\u00fckleme Asans\u00f6rleri<\/td>\n<td>8<\/td>\n<\/tr>\n<tr>\n<td>Kar Parklar\u0131<\/td>\n<td>Mevcut<\/td>\n<\/tr>\n<tr>\n<td>Kayak kiralama<\/td>\n<td>Mevcut<\/td>\n<\/tr>\n<tr>\n<td>Kayak sonras\u0131<\/td>\n<td>Mevcut (en iyi \u00f6zellik olarak derecelendirildi)<\/td>\n<\/tr>\n<\/tbody>\n<\/table>\n<article>\n<\/article>","protected":false},"excerpt":{"rendered":"<p>\u0130svi\u00e7re Alpleri&#039;nde bulunan Andermatt, \u0130svi\u00e7re&#039;deki da\u011f k\u00f6ylerinin kal\u0131c\u0131 cazibesinin bir kan\u0131t\u0131d\u0131r. Uri kantonunda bulunan bu sevimli kasaban\u0131n n\u00fcfusu yakla\u015f\u0131k 1.500 ki\u015fidir ve \u0130svi\u00e7re co\u011frafyas\u0131n\u0131n karma\u015f\u0131k dokusunda hayati bir kav\u015fak g\u00f6revi g\u00f6r\u00fcr. Deniz seviyesinden 1.437 metre (4.715 fit) y\u00fcksekte bulunan Andermatt, yaln\u0131zca fiziksel araziyi de\u011fil ayn\u0131 zamanda b\u00f6lgenin tarihi ve k\u00fclt\u00fcrel de\u011ferini de \u015fekillendiren jeolojik bir olu\u015fum olan Saint-Gotthard Masifi&#039;nin merkez \u00fcss\u00fcd\u00fcr.<\/p>","protected":false},"author":1,"featured_media":2748,"parent":12907,"menu_order":0,"comment_status":"closed","ping_status":"closed","template":"elementor_theme","meta":{"_eb_attr":"","footnotes":""},"class_list":["post-13072","page","type-page","status-publish","has-post-thumbnail"],"_links":{"self":[{"href":"https:\/\/travelshelper.com\/tr\/wp-json\/wp\/v2\/pages\/13072","targetHints":{"allow":["GET"]}}],"collection":[{"href":"https:\/\/travelshelper.com\/tr\/wp-json\/wp\/v2\/pages"}],"about":[{"href":"https:\/\/travelshelper.com\/tr\/wp-json\/wp\/v2\/types\/page"}],"author":[{"embeddable":true,"href":"https:\/\/travelshelper.com\/tr\/wp-json\/wp\/v2\/users\/1"}],"replies":[{"embeddable":true,"href":"https:\/\/travelshelper.com\/tr\/wp-json\/wp\/v2\/comments?post=13072"}],"version-history":[{"count":0,"href":"https:\/\/travelshelper.com\/tr\/wp-json\/wp\/v2\/pages\/13072\/revisions"}],"up":[{"embeddable":true,"href":"https:\/\/travelshelper.com\/tr\/wp-json\/wp\/v2\/pages\/12907"}],"wp:featuredmedia":[{"embeddable":true,"href":"https:\/\/travelshelper.com\/tr\/wp-json\/wp\/v2\/media\/2748"}],"wp:attachment":[{"href":"https:\/\/travelshelper.com\/tr\/wp-json\/wp\/v2\/media?parent=13072"}],"curies":[{"name":"wp","href":"https:\/\/api.w.org\/{rel}","templated":true}]}}