{"id":12913,"date":"2024-09-17T00:30:14","date_gmt":"2024-09-17T00:30:14","guid":{"rendered":"https:\/\/travelshelper.com\/staging\/?page_id=12913"},"modified":"2026-03-13T00:07:31","modified_gmt":"2026-03-13T00:07:31","slug":"luzern","status":"publish","type":"page","link":"https:\/\/travelshelper.com\/tr\/destinations\/europe\/switzerland\/lucerne\/","title":{"rendered":"Luzern"},"content":{"rendered":"<p>Luzern, Luzern G\u00f6l\u00fc&#039;n\u00fcn bat\u0131 ucundan Reuss Nehri&#039;nin \u00e7\u0131kt\u0131\u011f\u0131 kav\u015fakta yer al\u0131r ve ad\u0131n\u0131 ta\u015f\u0131yan kantonun idari kalbi olarak hizmet verir ve Orta \u0130svi\u00e7re&#039;nin en kalabal\u0131k kentsel \u00e7ekirde\u011fi olarak durmaktad\u0131r. 29,1 km\u00b2&#039;lik bir alan\u0131 kaplayan ve belediye s\u0131n\u0131rlar\u0131 i\u00e7inde yakla\u015f\u0131k 82.771 sakine ev sahipli\u011fi yapan (daha geni\u015f kentsel y\u0131\u011f\u0131lma 19 belediyeye yay\u0131larak yakla\u015f\u0131k 220.000 ki\u015fiyi kapsar) \u015fehir, g\u00f6l\u00fcn \u00e7\u0131k\u0131\u015f\u0131n\u0131n hemen a\u015fa\u011f\u0131s\u0131nda nehrin her iki yakas\u0131n\u0131 da i\u015fgal eder. G\u00fcneybat\u0131da Pilatus&#039;un ve g\u00fcneydo\u011fuda Rigi&#039;nin karla kapl\u0131 zirveleriyle \u00e7evrili Luzern, y\u00fczy\u0131llar boyunca ekonomik \u00e7aba, k\u00fclt\u00fcrel himaye ve ula\u015f\u0131m kav\u015fa\u011f\u0131n\u0131n merkezi olarak ortaya \u00e7\u0131kmas\u0131n\u0131 sa\u011flayan, \u0130svi\u00e7re&#039;nin Almanca konu\u015fulan kesiminde stratejik bir konuma sahiptir.<\/p>\n<p>Lucerne&#039;in en eski g\u00fcnlerinden itibaren topografyas\u0131, evrimini dikte etmi\u015ftir. Ana \u015fehir, Lucerne G\u00f6l\u00fc&#039;n\u00fcn en dar kesiminde yer al\u0131r, suyun sakin geni\u015fli\u011fi, kuzeydo\u011fu ve g\u00fcneybat\u0131ya ormanl\u0131k tepeler aras\u0131nda bir yol a\u00e7an Reuss&#039;un k\u0131vr\u0131ml\u0131 ak\u0131\u015f\u0131na girer. Biti\u015fik kentsel yay\u0131lman\u0131n \u00f6tesinde, kantonun B\u00fcrgenstock burnunun kuzey yama\u00e7lar\u0131ndaki eksklav\u0131, yakla\u015f\u0131k sekiz kilometre uzakl\u0131kta, yaln\u0131zca tekne veya dolamba\u00e7l\u0131 da\u011f yollar\u0131yla eri\u015filebilir. \u00d6nemli bir yerle\u015fimden yoksun olmas\u0131na ra\u011fmen, bu ormanl\u0131k uzant\u0131, belediyenin \u00e7e\u015fitli fizyografisine tan\u0131kl\u0131k eder ve B\u00fcrgenstock&#039;un kayal\u0131k zirvesinde zirvesine ula\u015f\u0131r. Biti\u015fik \u00e7ekirdek i\u00e7inde, tar\u0131msal i\u015fletmeler hala arazinin ,0&#039;\u0131n\u0131 i\u015fgal ederken, ormanlar ,3&#039;\u00fcn\u00fc kaplar; in\u015fa edilmi\u015f \u00e7evre ,6&#039;s\u0131n\u0131 talep eder ve nehirler veya dik yama\u00e7lar b\u00f6lgenin kalan %2,1&#039;ini doldurur.<\/p>\n<p>K\u00f6ppen&#039;in \u015femas\u0131na g\u00f6re Cfb olarak s\u0131n\u0131fland\u0131r\u0131lan iklim, y\u0131l boyunca da\u011f\u0131lm\u0131\u015f hafif termal sapmalar ve bol ya\u011f\u0131\u015f sunar. 1961 ile 1990 y\u0131llar\u0131 aras\u0131nda Lucerne, y\u0131ll\u0131k ortalama 138,1 ya\u011fmur g\u00fcn\u00fc kaydetti ve k\u00fcm\u00fclatif ya\u011f\u0131\u015f 1 171 mm&#039;ye ula\u015ft\u0131. Haziran, 14,2 g\u00fcnde 153 mm ya\u011f\u0131\u015fla en c\u00f6mert ay oldu; buna kar\u015f\u0131n \u015eubat, 10,2 g\u00fcnde 61 mm ya\u011f\u0131\u015fla en kurak ay olarak kald\u0131. B\u00f6yle bir iklimsel d\u00fczenlilik, tarihsel olarak b\u00f6lgenin tar\u0131msal \u00fcretkenli\u011fini desteklemi\u015f ve yama\u00e7lar\u0131 kaplayan ormanlar\u0131 besleyerek \u015fehrin aynal\u0131 k\u0131y\u0131 \u015feridi ve ormanl\u0131k yama\u00e7lar\u0131 i\u00e7in yemye\u015fil bir fon olu\u015fturmu\u015ftur.<\/p>\n<p>Demografik olarak, Lucerne istikrarl\u0131 bir b\u00fcy\u00fcmeye tan\u0131k oldu ve n\u00fcfusu son on y\u0131lda y\u0131ll\u0131k yakla\u015f\u0131k %1,2 oran\u0131nda artt\u0131. 31 Aral\u0131k 2021 itibar\u0131yla, yabanc\u0131 uyruklular sakinlerin ,78&#039;ini olu\u015fturuyordu, a\u011f\u0131rl\u0131kl\u0131 olarak Avrupa k\u00f6kenli (,22), ard\u0131ndan Asyal\u0131 (%3,63), Afrikal\u0131 (%1,85) ve Amerikal\u0131 (%0,97) gruplar geliyordu. Almanca, sakinlerin ,26&#039;s\u0131 taraf\u0131ndan ana dil olarak konu\u015fularak bask\u0131n olmaya devam ederken, \u0130ngilizce (%7,45), \u0130talyanca (%5,06) ve S\u0131rp-H\u0131rvat\u00e7a (%3,80) bir sonraki kademeleri i\u015fgal ediyor; Portekizce, \u0130spanyolca, Arnavut\u00e7a ve Frans\u0131zca da \u015fehrin \u00e7ok dilli dokusuna katk\u0131da bulunuyor. Ya\u015f da\u011f\u0131l\u0131m\u0131 \u00e7al\u0131\u015fma \u00e7a\u011f\u0131ndaki yeti\u015fkinlere do\u011fru kay\u0131yor: ,7&#039;si yirminin alt\u0131nda, ,8&#039;i yirmi ile otuz dokuz aras\u0131nda ve ,1&#039;i k\u0131rk ila altm\u0131\u015f d\u00f6rt ya\u015f aral\u0131\u011f\u0131nda; N\u00fcfusun y\u00fczde 19,4&#039;\u00fcn\u00fc ya\u015fl\u0131lar olu\u015fturuyor, bunlar\u0131n y\u00fczde 5,2&#039;sini seksenlikler, y\u00fczde 1,1&#039;ini ise doksanl\u0131klar olu\u015fturuyor.<\/p>\n<p>Hanehalk\u0131 kompozisyonu ve yap\u0131 bi\u00e7imi kal\u0131plar\u0131 Lucerne&#039;in kentsel olgunlu\u011funu yans\u0131t\u0131r. 2000 y\u0131l\u0131nda kaydedilen yakla\u015f\u0131k 30.586 hanenin ,5&#039;i tek ki\u015filik konutlardan olu\u015furken, b\u00fcy\u00fck haneler (be\u015f veya daha fazla \u00fcye) yaln\u0131zca %2,8&#039;ini temsil ediyordu. Yerle\u015fik yap\u0131lar toplamda 5.707&#039;ydi ve 1.152 m\u00fcstakil ev, 348 dubleks ve 2.550 \u00e7ok aileli konuttan olu\u015fuyordu. \u0130ki veya \u00fc\u00e7 katl\u0131 binalar bask\u0131nd\u0131, ancak y\u00fcksek katl\u0131 bloklar (d\u00f6rt veya daha fazla katl\u0131) 1.721 ve tek katl\u0131 binalar 74&#039;t\u00fc. Bu t\u00fcr form \u00e7e\u015fitlili\u011fi hem \u015fehrin orta\u00e7a\u011f \u00e7ekirde\u011fini hem de sanayile\u015fme ve modern b\u00fcy\u00fcme s\u0131ras\u0131ndaki geni\u015flemesini kan\u0131tl\u0131yor.<\/p>\n<p>E\u011fitim, yirmi be\u015f ila altm\u0131\u015f d\u00f6rt ya\u015f aral\u0131\u011f\u0131ndaki Lucernlilerin ,6&#039;s\u0131n\u0131n zorunlu olmayan \u00fcst orta veya \u00fc\u00e7\u00fcnc\u00fcl niteliklere sahip olmas\u0131yla dikkate de\u011fer y\u00fcksekliklere ula\u015f\u0131yor. Ekonomik olarak, \u00fc\u00e7\u00fcnc\u00fcl sekt\u00f6r bask\u0131nd\u0131r ve 2012 itibar\u0131yla 6.929 i\u015fletmede 70.149 i\u015f sa\u011flamaktad\u0131r. \u0130kincil sekt\u00f6r 666 firmada 7.326 ki\u015fiyi istihdam ederken, birincil sekt\u00f6r rolleri (\u00e7o\u011funlukla tar\u0131m ve ormanc\u0131l\u0131kta) 53 i\u015fletmede sadece 166&#039;d\u0131r. \u0130stihdam kat\u0131l\u0131m\u0131 belediye n\u00fcfusunun ,7&#039;sindedir ve ,9 kad\u0131n temsiliyle cinsiyetlerin neredeyse e\u015fit olmas\u0131yla dengelenmi\u015ftir. Sosyal yard\u0131m, hem refah destek yap\u0131lar\u0131n\u0131 hem de kentsel ya\u015fam maliyetini yans\u0131tan 2013 y\u0131l\u0131nda ,0&#039;a ula\u015fm\u0131\u015ft\u0131r.<\/p>\n<p>Lucerne&#039;in ticari manzaras\u0131 hem sayg\u0131n \u0130svi\u00e7re \u015firketlerine hem de uluslararas\u0131 i\u015fletmelere ev sahipli\u011fi yapmaktad\u0131r. Gotthard demiryolu ba\u011flant\u0131s\u0131 (AlpTransit), asans\u00f6r \u00fcreticisi Schindler, saat \u00fcreticisi Chronoswiss, s\u00fct devi Emmi ve Luzerner Kantonalbank, \u015fehir s\u0131n\u0131rlar\u0131 i\u00e7inde merkezlerini s\u00fcrd\u00fcrmektedir. \u00dclkenin \u00f6nde gelen kaza sigortac\u0131s\u0131 Suva ve EF Education First, \u015firket listesini daha da geni\u015fletmektedir. Ard\u0131\u015f\u0131k vergi indirimleriyle dikkat \u00e7eken kantonun mali politikas\u0131, Lucerne&#039;e \u0130svi\u00e7re&#039;nin en i\u015f dostu kantonu ayr\u0131cal\u0131\u011f\u0131n\u0131 kazand\u0131rmaktad\u0131r; 2012&#039;de kaydedilen en d\u00fc\u015f\u00fck kanton kurumsal vergi oran\u0131 ve \u00fclkenin vergi endeksi liderinden yaln\u0131zca marjinal %2&#039;lik bir farkla.<\/p>\n<p>End\u00fcstriyel k\u00f6kenleri on d\u00f6rd\u00fcnc\u00fc y\u00fczy\u0131la kadar uzanan Lucerne, t\u0131rpan \u00fcretiminde erken bir ihracat ticareti geli\u015ftirdi. Demir ve \u00e7elik ithalat\u0131n\u0131 kullanan yerel demirciler, Bat\u0131 \u0130svi\u00e7re ve Kuzey \u0130talya&#039;da pazar bulan aletler d\u00f6vd\u00fcler. Krienbach deresi boyunca yer alan at\u00f6lyeler suyla \u00e7al\u0131\u015fan \u00e7eki\u00e7leri \u00e7al\u0131\u015ft\u0131r\u0131rken, \u00e7evresel konumlar\u0131 yang\u0131n riskini azaltt\u0131. Bu zanaatkar end\u00fcstrisi, daha sonra hassas m\u00fchendislik ve ni\u015f zanaatkarl\u0131\u011fa \u00e7e\u015fitlenecek olan \u015fehrin daha geni\u015f \u00fcretim taban\u0131n\u0131n habercisiydi.<\/p>\n<p>Lucerne&#039;in k\u00fclt\u00fcrel miras\u0131 mimari simge yap\u0131lar\u0131nda belirgindir. Aslen 1333&#039;te in\u015fa edilen \u015eapel K\u00f6pr\u00fcs\u00fc, Avrupa&#039;n\u0131n en eski kapal\u0131 ah\u015fap k\u00f6pr\u00fcs\u00fc olarak durmaktad\u0131r ve 204 metrelik a\u00e7\u0131kl\u0131\u011f\u0131, sekizgen on \u00fc\u00e7\u00fcnc\u00fc y\u00fczy\u0131l Su Kulesi ile noktalanm\u0131\u015ft\u0131r. A\u011fustos 1993&#039;te at\u0131lan bir sigaradan kaynakland\u0131\u011f\u0131 bildirilen yang\u0131nda harap olmas\u0131na ra\u011fmen, yeniden in\u015fa edilen kiri\u015fleri, Lucerne&#039;in hikayeli ge\u00e7mi\u015fini anlatan on yedinci y\u00fczy\u0131l resimlerinin sergilendi\u011fi bir g\u00f6lgeli\u011fin alt\u0131nda, Reuss&#039;u bir kez daha korumaktad\u0131r. Nehrin a\u015fa\u011f\u0131s\u0131nda, 1408&#039;den kalma Spreuer K\u00f6pr\u00fcs\u00fc, ak\u0131nt\u0131 boyunca zikzak bir yol izler, kiri\u015fleri Kaspar Meglinger&#039;in \u00d6l\u00fcm Dans\u0131 veba d\u00f6ng\u00fcleriyle s\u00fcslenmi\u015ftir ve orta a\u00e7\u0131kl\u0131ktaki \u015fapeli, orta\u00e7a\u011f sonras\u0131 dindarl\u0131\u011f\u0131n bir kan\u0131t\u0131d\u0131r.<\/p>\n<p>Eski Kent&#039;in \u00fcst\u00fcndeki tepe, orta\u00e7a\u011f surlar\u0131n\u0131n, duvarlar\u0131n\u0131n ve Alpler&#039;e kar\u015f\u0131 siperli bir siluet veren sekiz g\u00f6zetleme kulesinin kal\u0131nt\u0131lar\u0131n\u0131 koruyor. A\u015fa\u011f\u0131da, 1633&#039;te in\u015fa edilen St. Leodegar Kilisesi&#039;nin ikiz kuleleri g\u00f6l k\u0131y\u0131s\u0131n\u0131 a\u015f\u0131yor, ge\u00e7 R\u00f6nesans cepheleri, daha \u00f6nceki bir yedinci y\u00fczy\u0131l kilisesinden kalan ikiz i\u011fne kulelerini \u00e7er\u00e7eveliyor. \u0130\u00e7 mekan, halk aras\u0131nda Hofkirche veya \u0130svi\u00e7re Almancas\u0131&#039;nda Hofchile olarak bilinen koruyucu azizin bazilikas\u0131na yak\u0131\u015f\u0131r \u015fekilde barok s\u00fcslemelerle dolu.<\/p>\n<p>L\u00f6wenplatz&#039;\u0131n yemye\u015fil b\u00f6lgesinde, Bertel Thorvaldsen&#039;in 1820&#039;de canl\u0131 kayaya oyulmu\u015f aslan\u0131, 1792&#039;de Tuileries&#039;i savunurken \u015fehit d\u00fc\u015fen \u0130svi\u00e7reli Muhaf\u0131zlar\u0131n cesaretini an\u0131yor. An\u0131t\u0131n ac\u0131 dolu ger\u00e7ek\u00e7ili\u011fi ve tenha ortam\u0131, sadakat ve fedakarl\u0131k \u00fczerine dokunakl\u0131 bir d\u00fc\u015f\u00fcnceyi \u00e7a\u011fr\u0131\u015ft\u0131r\u0131yor. Yak\u0131nlardaki \u0130svi\u00e7re Ula\u015ft\u0131rma M\u00fczesi, eski lokomotiflerden ve motorlu ta\u015f\u0131tlardan deniz ara\u00e7lar\u0131na ve havac\u0131l\u0131k eserlerine kadar kapsaml\u0131 bir hareket ara\u015ft\u0131rmas\u0131 sunuyor ve Lucerne&#039;in hem bir ula\u015f\u0131m merkezi hem de teknolojik miras\u0131n koruyucusu rol\u00fcn\u00fc vurguluyor.<\/p>\n<p>Hemen yan\u0131nda, Russell Johnson taraf\u0131ndan akusti\u011fi ayarlanm\u0131\u015f Jean Nouvel K\u00fclt\u00fcr ve Kongre Merkezi, \u015fehrin orta\u00e7a\u011f dokusuna modern bir kar\u015f\u0131 nokta sa\u011fl\u0131yor. Ses safl\u0131\u011f\u0131yla geni\u015f \u00e7apta be\u011feni toplayan konser salonu, Musegg b\u00f6lgesini demirlerken, biti\u015fikteki Kunstmuseum Luzern, hem yerel hem de uluslararas\u0131 izleyicileri \u00e7eken g\u00fczel sanatlar sergileri d\u00fczenliyor. Tribschen&#039;deki g\u00f6l k\u0131y\u0131s\u0131nda, Richard Wagner M\u00fczesi, bestecinin eski villas\u0131n\u0131 i\u015fgal ediyor ve 1866&#039;dan 1872&#039;ye kadar ikamet etti\u011fi d\u00f6nemi hat\u0131rlat\u0131yor ve yarat\u0131c\u0131 ustal\u0131\u011f\u0131n\u0131 g\u00f6steren el yazmalar\u0131n\u0131, enstr\u00fcmanlar\u0131 ve ki\u015fisel e\u015fyalar\u0131n\u0131 koruyor.<\/p>\n<p>Lucerne&#039;in k\u00fclt\u00fcrel ekosistemi, yerle\u015fik kurumlar ile avangard d\u00fcrt\u00fcler aras\u0131nda m\u00fczakere edilmi\u015f bir dengeye dayan\u0131r. 1980&#039;lerin sonlar\u0131ndaki Kulturkompromiss, KKL, Luzerner Tiyatrosu, Kleintheater ve Stadtkeller&#039;in yeni ortaya \u00e7\u0131kan mekanlarla birlikte var olmas\u0131n\u0131 te\u015fvik etti. Alternatif performans i\u00e7in yeralt\u0131 bir kulu\u00e7ka makinesi olarak yeniden do\u011fan eski Boa t\u00fcp fabrikas\u0131, sonunda yerle\u015fim tecav\u00fcz\u00fcne boyun e\u011fdi ve \u015fehir merkezinin \u00f6tesinde yeni bir yer i\u00e7in planlar yap\u0131lmas\u0131n\u0131 te\u015fvik etti. 2008&#039;de Pilatus&#039;un ete\u011finde a\u00e7\u0131lan S\u00fcdpol, disiplinleraras\u0131 m\u00fczik, dans ve tiyatro etkinliklerine ev sahipli\u011fi yaparken, Luzerner Sinfonieorchester ve 21st Century Symphony Orchestra, Lucerne&#039;in bir ses \u015fehri stat\u00fcs\u00fcn\u00fc peki\u015ftirerek KKL sahnesini sahiplendi.<\/p>\n<p>Ta\u015f\u0131mac\u0131l\u0131k altyap\u0131s\u0131 Lucerne&#039;in ba\u011flant\u0131s\u0131n\u0131 destekler. 1909&#039;da Ferdinand von Zeppelin&#039;in karaya \u00e7\u0131k\u0131\u015f\u0131, 1910&#039;da \u00fclkenin ilk ticari hava ta\u015f\u0131mac\u0131l\u0131\u011f\u0131 i\u015fletmesini kuran ve \u00fclkenin ikinci hava gemisi hangar\u0131n\u0131 in\u015fa eden \u0130svi\u00e7re&#039;nin yeni hava gemisi end\u00fcstrisinin habercisi oldu. Karada, Verkehrsbetriebe Luzern, \u00e7evre kom\u00fcnlere PostAuto ve Auto AG Rothenburg hizmetleriyle desteklenen troleyb\u00fcs ve motorlu otob\u00fcsler i\u015fletmektedir. D\u00f6rt tren istasyonu\u2014Lucerne, Allmend\/Messe, Littau ve Verkehrshaus\u2014\u015fehri Z\u00fcrih&#039;e k\u0131rk dakikal\u0131k aral\u0131klarla (g\u00fcnde k\u0131rk tren) ve Z\u00fcrih Havaalan\u0131&#039;na bir saatten biraz fazla bir s\u00fcrede ba\u011flarken, Gotthard Panorama Express, Nisan ile Ekim ortas\u0131 aras\u0131nda tekne ve tarihi rota trenini birle\u015ftirir.<\/p>\n<p>Bahnhofquai&#039;de su yolu ba\u011flant\u0131lar\u0131 devam ediyor, buradan Lake Lucerne Navigation Company gemileri fiyort benzeri koylara ve da\u011f k\u00f6ylerine g\u00f6nderiyor. Yerel \u00fccret a\u011f\u0131 passepartout, troleyb\u00fcs, otob\u00fcs, tren ve tekneyi Lucerne, Obwalden ve Nidwalden&#039;\u0131 kapsayan birle\u015fik bir bilet ittifak\u0131 alt\u0131nda birle\u015ftiriyor. F\u00fcnik\u00fclerler -\u00f6zellikle G\u00fctschbahn&#039;dan Ch\u00e2teau G\u00fctsch&#039;e ve Standseilbahn&#039;dan Hotel Montana&#039;ya- yakla\u015f\u0131k doksan metrelik yama\u00e7lara t\u0131rmanarak \u015fehrin aglomerasyonunun, par\u0131ldayan g\u00f6l\u00fcn ve \u00f6tesindeki da\u011f sil\u00fcetinin panoramik manzaralar\u0131n\u0131 sunuyor, su, da\u011f, tarih ve yenili\u011fin bir araya gelmesiyle hem ge\u00e7mi\u015finin dikkatli koruyucusu hem de gelece\u011finin uyumlu kahraman\u0131 olan bir \u015fehrin anlat\u0131s\u0131na uygun bir son.<\/p>","protected":false},"excerpt":{"rendered":"<p>\u0130svi\u00e7re&#039;nin merkezinde bulunan b\u00fcy\u00fcleyici bir \u015fehir olan Luzern, \u0130svi\u00e7re k\u00fclt\u00fcr\u00fcn\u00fcn, tarihinin ve muhte\u015fem manzaralar\u0131n\u0131n bir sembol\u00fc olarak hizmet vermektedir. 82.000 sakini bulunan bu k\u00fc\u00e7\u00fck \u015fehir, Orta \u0130svi\u00e7re&#039;nin en kalabal\u0131k \u015fehridir. Konumu 47\u00b003\u2032K 8\u00b018\u2032D&#039;dir. Luzern, Reuss Nehri boyunca ve Luzern G\u00f6l\u00fc&#039;n\u00fcn (Vierwaldst\u00e4ttersee) kuzeybat\u0131 ucundaki elveri\u015fli konumuna yan\u0131t olarak y\u0131llar i\u00e7inde geli\u015fmi\u015f ve de\u011fi\u015fmi\u015ftir. Ad\u0131n\u0131 ta\u015f\u0131yan kantonun ba\u015fkenti olan Luzern, ayn\u0131 zamanda \u00f6nemli bir medya, k\u00fclt\u00fcr, ekonomi ve ula\u015f\u0131m merkezidir. Luzern&#039;in kentsel b\u00f6l\u00fcm\u00fc, toplamda yakla\u015f\u0131k 220.000 sakini olan on dokuz kasaba ve belediyeden olu\u015fmaktad\u0131r.<\/p>","protected":false},"author":1,"featured_media":2757,"parent":12907,"menu_order":0,"comment_status":"closed","ping_status":"closed","template":"elementor_theme","meta":{"_eb_attr":"","footnotes":""},"class_list":["post-12913","page","type-page","status-publish","has-post-thumbnail"],"_links":{"self":[{"href":"https:\/\/travelshelper.com\/tr\/wp-json\/wp\/v2\/pages\/12913","targetHints":{"allow":["GET"]}}],"collection":[{"href":"https:\/\/travelshelper.com\/tr\/wp-json\/wp\/v2\/pages"}],"about":[{"href":"https:\/\/travelshelper.com\/tr\/wp-json\/wp\/v2\/types\/page"}],"author":[{"embeddable":true,"href":"https:\/\/travelshelper.com\/tr\/wp-json\/wp\/v2\/users\/1"}],"replies":[{"embeddable":true,"href":"https:\/\/travelshelper.com\/tr\/wp-json\/wp\/v2\/comments?post=12913"}],"version-history":[{"count":0,"href":"https:\/\/travelshelper.com\/tr\/wp-json\/wp\/v2\/pages\/12913\/revisions"}],"up":[{"embeddable":true,"href":"https:\/\/travelshelper.com\/tr\/wp-json\/wp\/v2\/pages\/12907"}],"wp:featuredmedia":[{"embeddable":true,"href":"https:\/\/travelshelper.com\/tr\/wp-json\/wp\/v2\/media\/2757"}],"wp:attachment":[{"href":"https:\/\/travelshelper.com\/tr\/wp-json\/wp\/v2\/media?parent=12913"}],"curies":[{"name":"wp","href":"https:\/\/api.w.org\/{rel}","templated":true}]}}