{"id":12907,"date":"2024-09-17T00:26:15","date_gmt":"2024-09-17T00:26:15","guid":{"rendered":"https:\/\/travelshelper.com\/staging\/?page_id=12907"},"modified":"2026-03-12T23:47:53","modified_gmt":"2026-03-12T23:47:53","slug":"isvicre","status":"publish","type":"page","link":"https:\/\/travelshelper.com\/tr\/destinations\/europe\/switzerland\/","title":{"rendered":"\u0130svi\u00e7re"},"content":{"rendered":"<p>\u0130svi\u00e7re, Bat\u0131-Orta Avrupa&#039;da bulunan 41.285 kilometrekarelik kompakt bir siyasi yap\u0131 olarak kar\u015f\u0131m\u0131za \u00e7\u0131kar; s\u0131n\u0131rlar\u0131 g\u00fcneyde \u0130talya, bat\u0131da Fransa, kuzeyde Almanya ve do\u011fuda Avusturya ve Lihten\u015ftayn&#039;d\u0131r. Yakla\u015f\u0131k dokuz milyon n\u00fcfusa ev sahipli\u011fi yapan \u0130svi\u00e7re Konfederasyonu, \u00e7e\u015fitli dil ve k\u00fclt\u00fcr b\u00f6lgelerini (Almanca, Frans\u0131zca, \u0130talyanca ve Roman\u015f\u00e7a) 26 kantondan olu\u015fan bir federal yap\u0131 alt\u0131nda birle\u015ftirir ve Bern federal otoritenin merkezi olarak hizmet eder. Co\u011frafi olarak \u0130svi\u00e7re Platosu, Alpler ve Jura aras\u0131nda b\u00f6l\u00fcnm\u00fc\u015f olan \u00fclke, n\u00fcfusunu ve ba\u015fl\u0131ca kentsel merkezlerini (Z\u00fcrih, Cenevre ve Lozan) platoda yo\u011funla\u015ft\u0131r\u0131rken, y\u00fcksek Alpler daha b\u00fcy\u00fck bir toprak par\u00e7as\u0131n\u0131 i\u015fgal eder.<\/p>\n<p>\u0130svi\u00e7re, 1291 Federal T\u00fcz\u00fc\u011f\u00fc ile olu\u015fturulan savunma ve ticari bir ittifak olarak on \u00fc\u00e7\u00fcnc\u00fc y\u00fczy\u0131l\u0131n sonlar\u0131nda ortaya \u00e7\u0131kt\u0131\u011f\u0131 g\u00fcnden bu yana, federalizm ve do\u011frudan demokrasi ilkeleriyle \u00f6ne \u00e7\u0131kan bir cumhuriyet olarak ortaya \u00e7\u0131kmak i\u00e7in d\u0131\u015f meydan okuma ve i\u00e7 d\u00f6n\u00fc\u015f\u00fcm d\u00f6ng\u00fclerinden ge\u00e7erek evrimle\u015fmi\u015ftir. 1648&#039;deki Vestfalya Bar\u0131\u015f\u0131, konfederasyonun Kutsal Roma \u0130mparatorlu\u011fu&#039;ndan ba\u011f\u0131ms\u0131zl\u0131\u011f\u0131n\u0131 tan\u0131yarak, erken modern Avrupa&#039;n\u0131n birka\u00e7 kal\u0131c\u0131 cumhuriyetinden biri olmas\u0131n\u0131 sa\u011flam\u0131\u015ft\u0131r. Napolyon himayesinde Helvetic Cumhuriyeti&#039;nin dayat\u0131lmas\u0131 ve ard\u0131ndan da\u011f\u0131lmas\u0131yla i\u015faretlenen on sekizinci y\u00fczy\u0131l\u0131n sonu ve on dokuzuncu y\u00fczy\u0131l\u0131n ba\u015f\u0131ndaki \u00e7alkant\u0131lar, bireysel haklar\u0131, g\u00fc\u00e7ler ayr\u0131l\u0131\u011f\u0131n\u0131 ve iki meclisli parlamento y\u00f6netimini g\u00fcvence alt\u0131na alan ve b\u00f6ylece modern federal devletin temellerini atan 1848 anayasas\u0131yla sonu\u00e7lanm\u0131\u015ft\u0131r.<\/p>\n<p>\u0130svi\u00e7re&#039;nin on alt\u0131nc\u0131 y\u00fczy\u0131ldan beri s\u00fcrd\u00fcr\u00fclen ve 1815&#039;ten beri uluslararas\u0131 \u00e7at\u0131\u015fmalardan etkilenmeyen silahl\u0131 tarafs\u0131zl\u0131k politikas\u0131, k\u00fcresel diplomasideki rol\u00fcn\u00fcn temelini olu\u015fturmu\u015ftur. Konfederasyon Birle\u015fmi\u015f Milletler&#039;e ancak 2002&#039;de kat\u0131lm\u0131\u015f olsa da, bar\u0131\u015f in\u015fa \u00e7abalar\u0131na ve k\u00fcresel y\u00f6netime kat\u0131l\u0131m yoluyla aktif bir d\u0131\u015f politika s\u00fcrd\u00fcrmektedir. 1863&#039;te Cenevre&#039;de tasarlanan K\u0131z\u0131lha\u00e7 ve aralar\u0131nda D\u00fcnya Ticaret \u00d6rg\u00fct\u00fc, D\u00fcnya Sa\u011fl\u0131k \u00d6rg\u00fct\u00fc, Uluslararas\u0131 \u00c7al\u0131\u015fma \u00d6rg\u00fct\u00fc, FIFA, D\u00fcnya Ekonomik Forumu ve Birle\u015fmi\u015f Milletler ofislerinin de bulundu\u011fu b\u00fcy\u00fck uluslararas\u0131 kurumlar\u0131n varl\u0131\u011f\u0131, \u0130svi\u00e7re&#039;nin \u00e7ok tarafl\u0131 angajman merkezi stat\u00fcs\u00fcne tan\u0131kl\u0131k etmektedir. Avrupa Serbest Ticaret Birli\u011fi&#039;nin kurucu \u00fcyesi olan \u0130svi\u00e7re, Avrupa Birli\u011fi, Avrupa Ekonomik Alan\u0131 ve avro b\u00f6lgesinin d\u0131\u015f\u0131nda kalmaktad\u0131r, ancak ikili anla\u015fmalar yoluyla Avrupa tek pazar\u0131na ve Schengen B\u00f6lgesi&#039;ne kat\u0131lmaktad\u0131r.<\/p>\n<p>Ekonomik olarak, Konfederasyon d\u00fcnyan\u0131n en geli\u015fmi\u015f \u00fclkeleri aras\u0131nda yer almaktad\u0131r. Yeti\u015fkin ba\u015f\u0131na en y\u00fcksek nominal servete sahiptir ve gayri safi yurti\u00e7i has\u0131laya g\u00f6re ki\u015fi ba\u015f\u0131na \u00f6nde gelen ekonomiler aras\u0131nda yer almaktad\u0131r. Rekabet endeksleri, demokratik y\u00f6netim \u00f6l\u00e7\u00fctleri ve bas\u0131n \u00f6zg\u00fcrl\u00fc\u011f\u00fc de\u011ferlendirmeleri \u0130svi\u00e7re&#039;yi en \u00fcst d\u00fczey \u00fclkeler aras\u0131na yerle\u015ftirmektedir. Z\u00fcrih, Cenevre ve Basel, bu merkezlerin y\u00fcksek ya\u015fam maliyetlerine sahip d\u00fcnya \u015fehirleri aras\u0131ndaki e\u015f zamanl\u0131 stat\u00fcs\u00fcne ra\u011fmen, ya\u015fam kalitesi s\u0131ralamalar\u0131nda s\u00fcrekli olarak yer almaktad\u0131r. \u00dclkenin bankac\u0131l\u0131k sekt\u00f6r\u00fc ve uzmanla\u015fm\u0131\u015f end\u00fcstrileri (en dikkat \u00e7ekenleri hassas saat\u00e7ilik ve \u00e7ikolata \u00fcretimi) uzun zamand\u0131r uluslararas\u0131 itibar\u0131n\u0131 \u015fekillendirmi\u015f ve d\u00fcnya \u00e7ap\u0131nda on \u00fc\u00e7\u00fcnc\u00fc b\u00fcy\u00fck ihracat\u00e7\u0131 ve ki\u015fi ba\u015f\u0131na d\u00fc\u015fen ihracatta be\u015finci b\u00fcy\u00fck ihracat\u00e7\u0131 konumuna katk\u0131da bulunmu\u015ftur.<\/p>\n<p>Topo\u011frafik olarak \u0130svi\u00e7re, 45\u00b0 ve 48\u00b0 K enlemleri ile 5\u00b0 ve 11\u00b0 D boylamlar\u0131 aras\u0131nda uzan\u0131r ve \u00fc\u00e7 ana b\u00f6lgeyi kapsar. G\u00fcneyde, \u0130svi\u00e7re Alpleri ulusal topraklar\u0131n neredeyse y\u00fczde altm\u0131\u015f\u0131n\u0131 olu\u015fturur ve k\u0131rk sekiz zirvede d\u00f6rt bin metrenin \u00fczerindeki y\u00fcksekliklere ula\u015f\u0131r. Monte Rosa 4.634 metreye ula\u015f\u0131rken, 4.478 metre y\u00fckseklikteki Matterhorn ikonik bir \u00fcne sahiptir. Pennine Alpleri ayr\u0131ca, pusulan\u0131n t\u00fcm noktalar\u0131na do\u011fru ayr\u0131lan, Avrupa&#039;n\u0131n hidrografik a\u011f\u0131n\u0131 s\u00fcrd\u00fcren ve Cenevre G\u00f6l\u00fc&#039;n\u00fc (Lac L\u00e9man), Konstanz G\u00f6l\u00fc&#039;n\u00fc (Bodensee) ve Maggiore G\u00f6l\u00fc&#039;n\u00fc besleyen Ren, Inn, Ticino ve Rh\u00f4ne gibi b\u00fcy\u00fck nehirlerin kaynaklar\u0131na da ev sahipli\u011fi yapar. Buzullar yakla\u015f\u0131k 1.063 kilometrekarelik bir alan\u0131 kaplar ve \u00fclkenin bir bu\u00e7uk bin g\u00f6l\u00fc Avrupa&#039;n\u0131n tatl\u0131 su sto\u011funun y\u00fczde alt\u0131s\u0131n\u0131 olu\u015fturur. Nehirlerin kapsaml\u0131 bir \u015fekilde d\u00fczenlenmesi (kanalizasyon, barajlar ve yeralt\u0131 iletimi) sel, heyelan ve \u00e7\u0131\u011f risklerini azalt\u0131rken, yeralt\u0131 sular\u0131 i\u00e7me suyunun y\u00fczde seksenini kar\u015f\u0131l\u0131yor.<\/p>\n<p>Y\u00fcksek Alplerin kuzeyinde, \u0130svi\u00e7re Platosu engebeli otlaklar, meyve bah\u00e7eleri ve ormanl\u0131k alanlarda uzan\u0131r, topraklar\u0131 mahsul verir ve otlayan hayvanlar\u0131 destekler. Plato, ba\u015fl\u0131ca kentsel yerle\u015fimleri ve dokuz milyonluk n\u00fcfusun \u00e7o\u011funu bar\u0131nd\u0131r\u0131r. Kuzeybat\u0131da, Jura da\u011flar\u0131 daha al\u00e7ak, k\u0131smen ormanl\u0131k bir s\u0131rada\u011f sunar. Bu b\u00f6lgelerin i\u00e7inde, her biri tamamen \u0130svi\u00e7re topraklar\u0131yla \u00e7evrili olan iki yerle\u015fim b\u00f6lgesi vard\u0131r: Almanya taraf\u0131ndan y\u00f6netilen B\u00fcsingen ve \u0130talya taraf\u0131ndan y\u00f6netilen Campione d&#039;Italia.<\/p>\n<p>\u0130klimsel olarak, Konfederasyon&#039;un \u0131l\u0131man rejimi y\u00fckseltiye g\u00f6re b\u00fcy\u00fck \u00f6l\u00e7\u00fcde de\u011fi\u015fir. Alp y\u00fckseklikleri y\u0131l boyunca buzul ko\u015fullar\u0131na dayan\u0131rken, g\u00fcneydeki al\u00e7ak vadiler Akdeniz&#039;e yak\u0131n s\u0131cakl\u0131k ya\u015far ve bu da tenha oyuklarda so\u011fu\u011fa dayan\u0131kl\u0131 palmiye b\u00fcy\u00fcmesini m\u00fcmk\u00fcn k\u0131lar. Yaz aylar\u0131 pastoral araziye faydal\u0131 s\u0131cakl\u0131k ve aral\u0131kl\u0131 ya\u011f\u0131\u015f getirirken, da\u011flardaki istikrarl\u0131 k\u0131\u015f antisiklonik ko\u015fullar\u0131 a\u015fa\u011f\u0131da daha so\u011fuk havay\u0131 hapsederek vadilerdeki g\u00fcne\u015f \u0131\u015f\u0131\u011f\u0131n\u0131 gizleyen inversiyon katmanlar\u0131 olu\u015fturabilir. F\u00f6hn fenomeni - g\u00fcneye bakan ya\u011fmur s\u0131ras\u0131nda kuzey yama\u00e7lar\u0131ndan inen al\u0131\u015f\u0131lmad\u0131k derecede s\u0131cak, kuru bir r\u00fczgar - y\u0131l boyunca meydana gelebilir ve etkileri g\u00fcney-kuzey koridorlar\u0131na hizalanm\u0131\u015f vadilerde en belirgindir. Graub\u00fcnden ve Valais gibi i\u00e7 alpin havzalar\u0131, Roma zamanlar\u0131ndan beri ba\u011fc\u0131l\u0131\u011f\u0131 destekleyen ve \u015farap \u00fcretmeye devam eden ko\u015fullar olan daha d\u00fc\u015f\u00fck ya\u011f\u0131\u015flara dayan\u0131r - esas olarak Fendant adl\u0131 ba\u011flarda Chasselas ve Pinot Noir, \u0130talyanca konu\u015fulan Ticino kantonunda ise Merlot bask\u0131nd\u0131r. En ya\u011f\u0131\u015fl\u0131 yerler, uzun g\u00fcne\u015f aral\u0131klar\u0131n\u0131 aral\u0131kl\u0131, yo\u011fun f\u0131rt\u0131nalar\u0131n noktalad\u0131\u011f\u0131 y\u00fcksek Alpler ve Ticino&#039;dad\u0131r.<\/p>\n<p>Siyasi yap\u0131, her biri kendi anayasas\u0131, parlamentosu, h\u00fck\u00fcmeti, yarg\u0131s\u0131 ve polisi olan 26 kantonun federasyonuna dayanmaktad\u0131r. Kanton n\u00fcfuslar\u0131 Appenzell Innerrhoden&#039;daki on alt\u0131 binin biraz \u00fczerindeyken Z\u00fcrih&#039;teki yakla\u015f\u0131k 1,5 milyona kadar de\u011fi\u015firken, toprak geni\u015flikleri Basel-Stadt&#039;taki on d\u00f6rt mil kareden Graub\u00fcnden&#039;deki 7 105 kilometrekareye kadar de\u011fi\u015fmektedir. Federal Anayasa uyar\u0131nca, her kanton, Eyaletler Konseyi&#039;ndeki temsili yar\u0131ya indirilmi\u015f alt\u0131 &#034;yar\u0131m kanton&#034; hari\u00e7, stat\u00fcde e\u015fitli\u011fe sahiptir.<\/p>\n<p>Ula\u015f\u0131m altyap\u0131s\u0131, Konfederasyonun ba\u011flant\u0131 ve s\u00fcrd\u00fcr\u00fclebilirli\u011fe olan ba\u011fl\u0131l\u0131\u011f\u0131n\u0131 yans\u0131t\u0131r. Be\u015f bin iki y\u00fcz elli kilometre uzunlu\u011funda ve neredeyse tamamen elektrikli olan demir yolu a\u011f\u0131 y\u0131lda alt\u0131 y\u00fcz milyondan fazla yolcu ta\u015f\u0131maktad\u0131r. 2015 y\u0131l\u0131nda, \u0130svi\u00e7re sakinleri y\u0131lda ortalama 2.550 kilometreyi trenle seyahat ederek Avrupa rekoru k\u0131rm\u0131\u015ft\u0131r. Devlete ait \u0130svi\u00e7re Federal Demiryollar\u0131, standart \u00f6l\u00e7\u00fcl\u00fc a\u011f\u0131n y\u00fczde altm\u0131\u015f\u0131n\u0131 i\u015fletmektedir; BLS AG, Rhaetian Railway ve Matterhorn Gotthard Bahn gibi \u015firketler ise UNESCO taraf\u0131ndan tan\u0131nan hatlar ve Glacier Express gibi ek rotalara hizmet vermektedir. Alp ula\u015f\u0131m\u0131n\u0131n merkezinde yer alan Gotthard Base T\u00fcneli, Alpler&#039;in alt\u0131nda 57,1 kilometre uzanarak d\u00fcnyan\u0131n en uzun ve en derin demir yolu t\u00fcneli olarak ortaya \u00e7\u0131kmakta ve Alpler&#039;den ge\u00e7en Yeni Demiryolu Ba\u011flant\u0131s\u0131&#039;n\u0131n \u00e7ekirde\u011fini olu\u015fturmaktad\u0131r. \u00dccretsiz ancak y\u0131ll\u0131k bir vinyet zorunlulu\u011fu ile y\u00f6netilen otoyollar, 1.638 kilometre uzunlu\u011funda olup k\u00fcresel olarak en yo\u011fun otoyol sistemleri aras\u0131nda yer almaktad\u0131r.<\/p>\n<p>Hava yolculu\u011funa ba\u015fl\u0131ca 2012 y\u0131l\u0131nda yirmi iki nokta sekiz milyon yolcuya hizmet veren Z\u00fcrih Havaliman\u0131 hizmet veriyor, ard\u0131ndan Cenevre, EuroAirport Basel Mulhouse Freiburg, Bern, Lugano, St. Gallen-Altenrhein ve Sion havalimanlar\u0131 geliyor. Basel&#039;de yerle\u015fik, Z\u00fcrih merkezli Swiss International Air Lines ulusal ta\u015f\u0131y\u0131c\u0131 olarak i\u015flev g\u00f6r\u00fcyor.<\/p>\n<p>Demografik olarak, \u0130svi\u00e7re&#039;nin n\u00fcfusu 1800 ile 1990 aras\u0131nda sanayile\u015fme ve g\u00f6\u00e7\u00fcn etkisiyle d\u00f6rt kat\u0131na \u00e7\u0131kt\u0131. Mevcut projeksiyonlar, \u00f6ncelikle gelen sakinler taraf\u0131ndan y\u00f6nlendirilen 2035&#039;e kadar b\u00fcy\u00fcmenin devam edece\u011fini \u00f6ng\u00f6r\u00fcyor. Do\u011furganl\u0131k oran\u0131 yer de\u011fi\u015ftirmeye yak\u0131n seyrediyor ve k\u0131rk d\u00f6rt bu\u00e7uk y\u0131ll\u0131k ortanca ya\u015f, d\u00fcnyan\u0131n en ya\u015fl\u0131 ulusal n\u00fcfuslar\u0131ndan birini i\u015faret ediyor. Etnik olarak, \u0130svi\u00e7re vatanda\u015flar\u0131 n\u00fcfusun yakla\u015f\u0131k y\u00fczde altm\u0131\u015f dokuzunu olu\u015fturuyor ve Alman, \u0130talyan, Portekizli, Frans\u0131z, Kosoval\u0131, T\u00fcrk ve di\u011fer topluluklar geri kalan\u0131n\u0131 olu\u015fturuyor ve otuz bin oldu\u011fu tahmin edilen bir Roman az\u0131nl\u0131\u011f\u0131 var. Yabanc\u0131 uyruklular, yakla\u015f\u0131k dokuz milyonluk g\u00fc\u00e7l\u00fc n\u00fcfusun d\u00f6rtte birini olu\u015fturuyor ve k\u00fcresel k\u00f6kenlerin al\u0131\u015f\u0131lmad\u0131k bir geni\u015fli\u011fini temsil ediyor.<\/p>\n<p>K\u00fclt\u00fcrel ya\u015fam, dil b\u00f6lgelerinin ve payla\u015f\u0131lan bir Alp miras\u0131n\u0131n i\u00e7 i\u00e7e ge\u00e7mesinden ortaya \u00e7\u0131kar. D\u00f6rt ulusal dil, yerel gelenekleri ve sanatsal ifadeyi \u015fekillendirirken, Roman\u015f\u00e7a konu\u015fan Graub\u00fcnden b\u00f6lgeleri, Yukar\u0131 Ren ve Inn vadilerinde benzersiz dil geleneklerini korur. Yazarlardan bestecilere kadar yarat\u0131c\u0131 fig\u00fcrler, \u00f6zellikle k\u0131tasal \u00e7eki\u015fme d\u00f6nemlerinde, hem \u0130svi\u00e7re&#039;de ortaya \u00e7\u0131km\u0131\u015f hem de buraya ilgi duymu\u015ftur. Yakla\u015f\u0131k bin m\u00fcze, sanata, tarihe ve bilime adanm\u0131\u015fl\u0131\u011f\u0131 yans\u0131t\u0131rken, y\u0131ll\u0131k etkinlikler - Pal\u00e9o Festivali, Lucerne Festivali, Montreux Caz Festivali, Locarno Uluslararas\u0131 Film Festivali ve Art Basel - uluslararas\u0131 izleyicileri kendine \u00e7ekmektedir. Konfederasyon, Eurovision \u015eark\u0131 Yar\u0131\u015fmas\u0131&#039;na \u00fc\u00e7 kez ev sahipli\u011fi yapm\u0131\u015ft\u0131r: Lugano&#039;daki ilk 1956 edisyonu, Lozan&#039;daki 1989 sahnelemesi ve Basel&#039;deki 2025 yar\u0131\u015fmas\u0131; \u0130svi\u00e7reli galipler aras\u0131nda 1956&#039;da Lys Assia, 1988&#039;de C\u00e9line Dion ve 2024&#039;te Nemo yer almaktad\u0131r.<\/p>\n<p>Alp sembolizmi, m\u00fczik, dans, ah\u015fap oymac\u0131l\u0131\u011f\u0131, \u015fiir ve nak\u0131\u015fta \u00e7a\u011fr\u0131\u015ft\u0131r\u0131lan \u0130svi\u00e7re kimli\u011fini destekler. Halk sanat\u0131 kurumlar\u0131, alphorn performans\u0131ndan (da\u011f vadilerini \u00e7a\u011fr\u0131\u015ft\u0131ran yank\u0131lanan ah\u015fap t\u00fcpleri) yodel ve akordeon m\u00fczi\u011fine kadar uzanan gelenekleri besler. Pastoral ya\u015fam, m\u00fctevaz\u0131 \u00e7iftliklerin ve otlayan s\u0131\u011f\u0131rlar\u0131n y\u00fczy\u0131llard\u0131r s\u00fcregelen uygulamalarla devaml\u0131l\u0131\u011f\u0131 temsil etti\u011fi yayla topluluklar\u0131nda her yerde mevcuttur.<\/p>\n<p>Mutfak, b\u00f6lgesel iklimleri ve k\u00fclt\u00fcrel yak\u0131nl\u0131klar\u0131 yans\u0131t\u0131r. Evrensel yemekler (fond\u00fc, raklet ve r\u00f6sti) Z\u00fcrcher Geschnetzeltes gibi yerel spesiyalitelerin yan\u0131nda yer al\u0131r ve her biri b\u00f6lgesel kaynakl\u0131 s\u00fct \u00fcr\u00fcnleri ve Gruy\u00e8re ve Emmental gibi \u00fcnl\u00fc peynirlerle haz\u0131rlan\u0131r. Bat\u0131 \u0130svi\u00e7re, kaliteli yemek mekanlar\u0131n\u0131n yo\u011funla\u015ft\u0131\u011f\u0131 bir yerken, \u00e7ikolata \u00fcretimi (on sekizinci y\u00fczy\u0131la kadar uzan\u0131r) on dokuzuncu y\u00fczy\u0131l\u0131n sonlar\u0131nda Daniel Peter gibi mucitler arac\u0131l\u0131\u011f\u0131yla teknik a\u00e7\u0131dan geli\u015fmi\u015ftir. Peter, 1875&#039;te kat\u0131 s\u00fctl\u00fc \u00e7ikolata form\u00fcl\u00fcyle \u0130svi\u00e7re&#039;yi ki\u015fi ba\u015f\u0131na \u00e7ikolata t\u00fcketiminde d\u00fcnyaya \u00f6nc\u00fcl\u00fck etmeye itmi\u015ftir.<\/p>\n<p>Ba\u011fc\u0131l\u0131k gelenekleri antik Roma \u00f6rneklerine kadar uzan\u0131r, ancak Valais, Vaud, Cenevre ve Ticino&#039;nun \u00e7a\u011fda\u015f ba\u011flar\u0131nda geli\u015fir. Chasselas ve Pinot Noir s\u0131ras\u0131yla beyaz ve k\u0131rm\u0131z\u0131 \u00e7e\u015fitler aras\u0131nda bask\u0131nd\u0131r, yeti\u015ftirilmeleri \u00e7e\u015fitli topraklar ve mikro iklimler taraf\u0131ndan \u015fekillendirilir.<\/p>\n<p>A\u00e7\u0131k hava rekreasyonu, yolculu\u011fun kendisini deneyimin ayr\u0131lmaz bir par\u00e7as\u0131 haline getirmek i\u00e7in ula\u015f\u0131m koridorlar\u0131yla birle\u015fiyor. Yoku\u015f a\u015fa\u011f\u0131 kayak d\u00fcnya \u00e7ap\u0131nda \u00fcn kazan\u0131rken, y\u00fcr\u00fcy\u00fc\u015f ve da\u011f bisikleti, eri\u015filebilir vadilerden Eiger&#039;in zorlu Kuzey Y\u00fcz\u00fcne kadar uzanan alpin patikalar\u0131 kat ediyor; bu tepelerin t\u0131rman\u0131\u015flar\u0131 -tarihi fedakarl\u0131klarla dolu- neredeyse efsanevi bir stat\u00fcye ula\u015fm\u0131\u015f durumda. Da\u011f ge\u00e7itlerini a\u015fan demiryollar\u0131 ve yollar, zirvelerin, buzullar\u0131n ve g\u00f6llerin panoramalar\u0131n\u0131 ortaya \u00e7\u0131kar\u0131yor ve \u0130svi\u00e7re&#039;nin topografik zenginliklerinin yaln\u0131zca tefekk\u00fcr konular\u0131 olarak de\u011fil, ayn\u0131 zamanda hareket vekt\u00f6rleri olarak da g\u00f6r\u00fclmesini sa\u011fl\u0131yor.<\/p>\n<p>Federal y\u00f6netim, co\u011frafi \u00e7e\u015fitlilik, ekonomik canl\u0131l\u0131k ve k\u00fclt\u00fcrel \u00e7o\u011fulculu\u011fun bir araya gelmesiyle \u0130svi\u00e7re, do\u011frudan demokrasi ve Alp sembolizminin payla\u015f\u0131lan de\u011ferlerine dayanan tutarl\u0131 bir ulusal kimli\u011fi korumaktad\u0131r. Orta\u00e7a\u011f kantonlar\u0131n\u0131n bir konfederasyonundan modern bir devlete evrimi, yerel \u00f6zerklik ve kolektif iradenin bir sentezini \u00f6rneklemektedir; bu model, de\u011fi\u015fen bir d\u00fcnyan\u0131n zorluklar\u0131 aras\u0131nda \u0130svi\u00e7re ya\u015fam\u0131n\u0131n hatlar\u0131n\u0131 \u015fekillendirmeye devam etmektedir.<\/p>\n<p>Y\u00fczy\u0131llar s\u00fcren siyasi yeniliklere, m\u00fchendislik ba\u015far\u0131lar\u0131na ve sanatsal \u00e7abalara tan\u0131kl\u0131k eden \u0130svi\u00e7re, yaln\u0131zca bir destinasyon olarak de\u011fil, \u00f6l\u00e7\u00fcl\u00fc bir y\u00f6netimin, b\u00f6lgesel \u00e7e\u015fitlili\u011fe sayg\u0131n\u0131n ve tarafs\u0131zl\u0131\u011f\u0131n kararl\u0131 bir \u015fekilde benimsenmesinin, do\u011fal ihti\u015fam\u0131 ve toplumsal ba\u015far\u0131lar\u0131 ayr\u0131lmaz bir \u015fekilde i\u00e7 i\u00e7e ge\u00e7mi\u015f, m\u00fcreffeh ve istikrarl\u0131 bir topluma nas\u0131l d\u00f6n\u00fc\u015febilece\u011finin bir \u00f6rne\u011fi olarak kendini g\u00f6stermektedir.<\/p>","protected":false},"excerpt":{"rendered":"<p>\u0130svi\u00e7re, Bat\u0131 Avrupa&#039;n\u0131n merkezinde bulunan ve 2023 itibar\u0131yla yakla\u015f\u0131k 8,7 milyonluk bir n\u00fcfusa sahip, denize k\u0131y\u0131s\u0131 olmayan bir \u00fclkedir. Birka\u00e7 \u00f6nemli Avrupa \u00fclkesinin kesi\u015fti\u011fi noktada stratejik olarak konumlanm\u0131\u015f olan bu k\u00fc\u00e7\u00fck ama g\u00fc\u00e7l\u00fc \u00fclke, kuzeyde Almanya, bat\u0131da Fransa, g\u00fcneyde \u0130talya, do\u011fuda Avusturya ve Lihten\u015ftayn ile kom\u015fudur. \u00c7o\u011fu insan, Z\u00fcrih, Cenevre ve Basel gibi en b\u00fcy\u00fck kasabalara ve ekonomik g\u00fc\u00e7 merkezlerine ev sahipli\u011fi yapan \u0130svi\u00e7re Platosu&#039;nda ya\u015fasa da, muhte\u015fem Alpler \u0130svi\u00e7re manzaras\u0131na hakimdir ve \u00fclkenin \u00f6nemli bir b\u00f6l\u00fcm\u00fcn\u00fc olu\u015fturur.<\/p>","protected":false},"author":1,"featured_media":3506,"parent":24078,"menu_order":0,"comment_status":"closed","ping_status":"closed","template":"elementor_theme","meta":{"_eb_attr":"","footnotes":""},"class_list":["post-12907","page","type-page","status-publish","has-post-thumbnail"],"_links":{"self":[{"href":"https:\/\/travelshelper.com\/tr\/wp-json\/wp\/v2\/pages\/12907","targetHints":{"allow":["GET"]}}],"collection":[{"href":"https:\/\/travelshelper.com\/tr\/wp-json\/wp\/v2\/pages"}],"about":[{"href":"https:\/\/travelshelper.com\/tr\/wp-json\/wp\/v2\/types\/page"}],"author":[{"embeddable":true,"href":"https:\/\/travelshelper.com\/tr\/wp-json\/wp\/v2\/users\/1"}],"replies":[{"embeddable":true,"href":"https:\/\/travelshelper.com\/tr\/wp-json\/wp\/v2\/comments?post=12907"}],"version-history":[{"count":0,"href":"https:\/\/travelshelper.com\/tr\/wp-json\/wp\/v2\/pages\/12907\/revisions"}],"up":[{"embeddable":true,"href":"https:\/\/travelshelper.com\/tr\/wp-json\/wp\/v2\/pages\/24078"}],"wp:featuredmedia":[{"embeddable":true,"href":"https:\/\/travelshelper.com\/tr\/wp-json\/wp\/v2\/media\/3506"}],"wp:attachment":[{"href":"https:\/\/travelshelper.com\/tr\/wp-json\/wp\/v2\/media?parent=12907"}],"curies":[{"name":"wp","href":"https:\/\/api.w.org\/{rel}","templated":true}]}}